{"id":908928,"date":"2024-11-28T10:10:01","date_gmt":"2024-11-28T10:10:01","guid":{"rendered":"https:\/\/gpdstore.net\/okategoriserad\/gpd-pocket-4-kvm-modul\/"},"modified":"2026-03-29T00:42:51","modified_gmt":"2026-03-29T00:42:51","slug":"gpd-pocket-4-kvm-module","status":"publish","type":"product","link":"https:\/\/gpdstore.net\/sv\/product\/gpd-pocket-4-kvm-module\/","title":{"rendered":"GPD Pocket 4 KVM-modul"},"content":{"rendered":"\n<p>GPD Pocket 4 erbjuder en exklusiv KVM-modul som tillval, vilket g\u00f6r det m\u00f6jligt f\u00f6r anv\u00e4ndare att styra andra system.<\/p>\n\n<p><\/p>\n","protected":false},"excerpt":{"rendered":"<ul>\n<li><strong>Officiell GPD-tillbeh\u00f6r<\/strong><\/li>\n<li><strong>KVM-expansionsmodul<\/strong> <\/li>\n<li>HDMI- och<strong> USB-C-portar<\/strong> <\/li>\n<li>L\u00e4tt att installera i<strong> GPD Pocket 4<\/strong><\/li>\n<\/ul>\n[cg_accordion title=\"BETALNINGSINFORMATION\"]<\/p>\n<p>Vi anv\u00e4nder den senaste tekniken f\u00f6r betalningshantering, vilket g\u00f6r att du kan checka ut via ditt betalkort eller kreditkort eller PayPal f\u00f6r en snabb och s\u00e4ker upplevelse.[\/cg_accordion]\n[cg_accordion title=\"GARANTI\"]<\/p>\n<p>2 \u00e5rs garanti fr\u00e5n <a href=\"https:\/\/droix.net\/\" target=\"_blank\" rel=\"nofollow noopener\">DROIX Global<\/a> f\u00f6r att du ska k\u00e4nna dig trygg[\/cg_accordion]\n[cg_accordion title=\"KVALITETSS\u00c4KRING OCH TESTNING F\u00d6RE AVS\u00c4NDNING\"]<\/p>\n<p>S\u00e4kerst\u00e4ller kundn\u00f6jdhet p\u00e5 h\u00f6gsta niv\u00e5: Varje enhet genomg\u00e5r rigor\u00f6sa tester och en kvalitetss\u00e4kringskontroll i flera punkter innan den skickas. V\u00e5rt dedikerade team verifierar prestanda, funktionalitet och komponentintegritet f\u00f6r att garantera att din GPD-enhet \u00e4r i perfekt skick vid ankomsten, vilket ger dig f\u00f6rtroende och sinnesfrid. [\/cg_accordion]\n[cg_accordion title=\"PRISER, SKATTER OCH FRAKT\"]<\/p>\n<p><strong><u>Obs!<\/u><\/strong><\/p>\n<ul>\n<li>Kunder i F\u00f6renta staterna: Det visade priset inkluderar INTE SKATT eller tullar. Ansvaret f\u00f6r att tullklarera och betala eventuell tillh\u00f6rande skatt\/avgift ligger p\u00e5 kunden. <\/li>\n<li>EU-kunder: Det visade priset inkluderar till\u00e4mplig skatt, som kan vara upp till 25% beroende p\u00e5 ditt land.<\/li>\n<li>Kunder i Kanada: Det visade priset inkluderar till\u00e4mpliga skatter, vilket kan inkludera 5% GST och ytterligare Provincial Sales Taxes (PST), Harmonized Sales Tax (HST) eller Quebec Sales Tax (QST), beroende p\u00e5 din provins.<\/li>\n<\/ul>\n<p>F\u00f6r v\u00e5ra kunder i USA: Best\u00e4llningar skickas DAP (Delivered At Place). Kunderna \u00e4r ansvariga f\u00f6r att betala eventuella till\u00e4mpliga avgifter, men vi anv\u00e4nder oss av v\u00e5r omfattande erfarenhet av frakt fr\u00e5n Storbritannien f\u00f6r att se till att du betalar minsta m\u00f6jliga avgift. Baserat p\u00e5 v\u00e5ra uppgifter \u00f6verstiger dessa avgifter normalt inte 10 % av varans v\u00e4rde.  <\/p>\n<p><strong>ENDAST f\u00f6r EU-kunder:<\/strong> Express DDP (Delivered Duty Paid). Detta betyder: <\/p>\n<ul>\n<li>Alla tullavgifter och skatter ing\u00e5r i det pris som visas p\u00e5 produktsidan.<\/li>\n<li>Du beh\u00f6ver inte betala n\u00e5gra extra avgifter vid leverans.<\/li>\n<li>I s\u00e4llsynta fall av tullrelaterade problem kommer v\u00e5rt team att hantera tullklareringsprocessen f\u00f6r din r\u00e4kning f\u00f6r att s\u00e4kerst\u00e4lla en smidig leveransupplevelse.<\/li>\n<p>Viktig information om returer:<\/p>\n<li>Om du best\u00e4mmer dig f\u00f6r att returnera din best\u00e4llning eller beg\u00e4ra \u00e5terbetalning ska du vara medveten om att skatter och avgifter som betalats f\u00f6r din r\u00e4kning enligt DDP-villkoren inte kan \u00e5terbetalas.<\/li>\n<p>F\u00f6r detaljerad information h\u00e4nvisas till v\u00e5ra allm\u00e4nna <a href=\"https:\/\/droix.net\/terms-and-conditions\/\" target=\"_blank\" rel=\"nofollow noopener\">villkor<\/a>.\n<\/ul>\n<p>[\/cg_accordion]\n[cg_accordion title=\"KUNDTJ\u00c4NST\"]<\/p>\n<p>Har du en fr\u00e5ga? Vi \u00e4r bara ett kort sms bort fr\u00e5n att ha l\u00f6st ditt problem! <\/p>\n<p>F\u00f6r detaljerad information h\u00e4nvisas till v\u00e5ra allm\u00e4nna <a href=\"https:\/\/gpdstore.net\/sv\/terms-of-service\/\" target=\"_blank\" rel=\"nofollow noopener\">villkor<\/a>.\n<\/ul>\n<p>[\/cg_accordion]\n[cg_accordion title=\"VAD SOM ING\u00c5R\"]<\/p>\n<ul>\n<li>1x KVM-modul<\/li>\n<\/ul>\n<p>[\/cg_accordion]\n","protected":false},"featured_media":907919,"template":"","meta":{"_acf_changed":false},"product_brand":[],"product_cat":[1216],"product_tag":[18486],"woo-feed-brand":[697],"class_list":{"0":"post-908928","1":"product","2":"type-product","3":"status-publish","4":"has-post-thumbnail","6":"product_cat-tillbehor","7":"product_tag-25xmsale-sv","8":"product_shipping_class-low-end","9":"pa_accessory-type-komplement","10":"pa_accessory-type-tillagg","11":"pa_brand-gpd","12":"woo-feed-brand-gpd-sv","14":"first","15":"outofstock","16":"sale","17":"taxable","18":"shipping-taxable","19":"purchasable","20":"product-type-simple"},"acf":[],"aioseo_notices":[],"_links":{"self":[{"href":"https:\/\/gpdstore.net\/sv\/wp-json\/wp\/v2\/product\/908928","targetHints":{"allow":["GET"]}}],"collection":[{"href":"https:\/\/gpdstore.net\/sv\/wp-json\/wp\/v2\/product"}],"about":[{"href":"https:\/\/gpdstore.net\/sv\/wp-json\/wp\/v2\/types\/product"}],"wp:featuredmedia":[{"embeddable":true,"href":"https:\/\/gpdstore.net\/sv\/wp-json\/wp\/v2\/media\/907919"}],"wp:attachment":[{"href":"https:\/\/gpdstore.net\/sv\/wp-json\/wp\/v2\/media?parent=908928"}],"wp:term":[{"taxonomy":"product_brand","embeddable":true,"href":"https:\/\/gpdstore.net\/sv\/wp-json\/wp\/v2\/product_brand?post=908928"},{"taxonomy":"product_cat","embeddable":true,"href":"https:\/\/gpdstore.net\/sv\/wp-json\/wp\/v2\/product_cat?post=908928"},{"taxonomy":"product_tag","embeddable":true,"href":"https:\/\/gpdstore.net\/sv\/wp-json\/wp\/v2\/product_tag?post=908928"},{"taxonomy":"woo-feed-brand","embeddable":true,"href":"https:\/\/gpdstore.net\/sv\/wp-json\/wp\/v2\/woo-feed-brand?post=908928"}],"curies":[{"name":"wp","href":"https:\/\/api.w.org\/{rel}","templated":true}]}}