{"id":8541,"date":"2024-01-24T17:32:18","date_gmt":"2024-01-24T17:32:18","guid":{"rendered":"https:\/\/gpdstore.net\/okategoriserad\/sd1-dockningsstation\/"},"modified":"2025-12-23T10:21:34","modified_gmt":"2025-12-23T10:21:34","slug":"sd1-docking-station","status":"publish","type":"product","link":"https:\/\/gpdstore.net\/sv\/product\/sd1-docking-station\/","title":{"rendered":"SD1 Dockningsstation"},"content":{"rendered":"\n<h1 class=\"wp-block-heading\"><strong>Sl\u00e4pp loss den fulla potentialen i handh\u00e5llet spelande med SD1 Docking Station!<\/strong><\/h1>\n\n<h3 class=\"wp-block-heading\">S\u00f6ml\u00f6s spelintegration till hands!<\/h3>\n\n<p>V\u00e4lkommen till den ultimata spelf\u00f6r\u00e4ndraren inom tillbeh\u00f6r till handh\u00e5llna speldatorer! Vi presenterar SD1 Docking Station, som \u00e4r s\u00e4rskilt utformad f\u00f6r passionerade spelare som vill ha en s\u00f6ml\u00f6s och oavbruten spelupplevelse. Med denna toppmoderna dockningsstation kan spelare h\u00f6ja kapaciteten hos sina handh\u00e5llna gaming-PC:er som aldrig f\u00f6rr. Fr\u00e5n den popul\u00e4ra Steam Deck till den uts\u00f6kta AYA NEO Geek 1S, SD1 \u00e4r m\u00e5ngsidig och ser till att din handh\u00e5llna favoritenhet f\u00e5r den boost den beh\u00f6ver. Docka den helt enkelt, anslut med USB Type-C-kabeln och se hur magin utvecklas.    <\/p>\n\n<h3 class=\"wp-block-heading\"><strong>Ultrasnabb och stabil internetuppkoppling<\/strong><\/h3>\n\n<p>Ingen mer f\u00f6rdr\u00f6jning. Inga fler avbrott. Dyk in i speluniversumet med SD1:s RJ45 Gigabit Ethernet. Med hastigheter p\u00e5 upp till 1000M ser den h\u00e4r dockningsstationen till att du har ett f\u00f6rspr\u00e5ng i multiplayer-spel och levererar ultraresponsiva spelsessioner. S\u00e4g adj\u00f6 till frustrerande f\u00f6rdr\u00f6jningar och v\u00e4lkomna smidiga spelinteraktioner i realtid. N\u00e4r varje millisekund r\u00e4knas ser SD1 till att du alltid \u00e4r ett steg f\u00f6re.     <\/p>\n\n<h3 class=\"wp-block-heading\"><strong>Levande och skarp sk\u00e4rmupplevelse<\/strong><\/h3>\n\n<p>F\u00f6rh\u00f6j din visuella spelupplevelse! SD1-dockningsstationen levereras med en HDMI 2.0-utg\u00e5ng, s\u00e5 att spelare kan f\u00f6rdjupa sig i rika 4K-bilder med en silkeslen 60Hz. Med en uppl\u00f6sningskapacitet som str\u00e4cker sig upp till 4096&#215;2160 kommer varje pixel till liv och kastar dig in i h\u00e4ndelsernas centrum. Upplev spel i all sin prakt, med oklanderliga detaljer, livfulla f\u00e4rger och o\u00f6vertr\u00e4ffad klarhet.   <\/p>\n\n<h3 class=\"wp-block-heading\"><strong>Snabb och effektiv str\u00f6mf\u00f6rs\u00f6rjning<\/strong><\/h3>\n\n<p>Kraften att spela i all o\u00e4ndlighet! SD1-dockningsstationen handlar inte bara om anslutningsm\u00f6jligheter och grafik, utan ocks\u00e5 om att se till att din spelenhet alltid \u00e4r fulladdad. Med en otrolig 100 W PD-laddningsf\u00f6rm\u00e5ga fyller den snabbt p\u00e5 din enhet och ser till att du aldrig f\u00e5r slut p\u00e5 batteri i stridens hetta. Spela vidare i f\u00f6rvissningen om att din enhet kontinuerligt f\u00e5r str\u00f6m fr\u00e5n ett p\u00e5litligt och snabbt laddningssystem.   <\/p>\n\n<h3 class=\"wp-block-heading\"><strong>Tillg\u00e4nglighet f\u00f6r flera portar f\u00f6r \u00f6kad anv\u00e4ndbarhet<\/strong><\/h3>\n\n<p>M\u00e5ngsidighet n\u00e4r den \u00e4r som b\u00e4st! SD1 \u00e4r utrustad med tre USB Type-A 3.0-portar, vilket ger spelarna lyxen att ansluta flera olika kringutrustningar. Oavsett om det \u00e4r en extra handkontroll, ett headset eller n\u00e5got annat USB-baserat tillbeh\u00f6r, ser SD1-dockningsstationen till att du \u00e4r f\u00f6rberedd f\u00f6r alla spelscenarier. Upplev snabbare data\u00f6verf\u00f6ringshastigheter och njut av en st\u00f6kfri spelmilj\u00f6.   <\/p>\n\n<h3 class=\"wp-block-heading\"><strong>Robust och effektiv konnektivitet<\/strong><\/h3>\n\n<p>En v\u00e4rld av spelm\u00f6jligheter som l\u00e5ses upp med en enda kabel. SD1 utnyttjar kraften i USB Type-C, vilket s\u00e4kerst\u00e4ller en stabil och effektiv anslutning mellan dockningsstationen och din handh\u00e5llna spelenhet. Den h\u00e4r innovativa anslutningsl\u00f6sningen ger inte bara snabbare data\u00f6verf\u00f6ringshastigheter utan s\u00e4kerst\u00e4ller ocks\u00e5 universell kompatibilitet med de senaste spelenheterna.  <\/p>\n\n<h3 class=\"wp-block-heading\"><strong>Robust konstruktion med elegant estetik<\/strong><\/h3>\n\n<p>Ut\u00f6ver sin tekniska skicklighet \u00e4r SD1 ett bevis p\u00e5 elegant design och robust konstruktion. Den \u00e4r tillverkad av gr\u00e5 aluminium och utstr\u00e5lar en premiumk\u00e4nsla samtidigt som den lovar l\u00e5ng livsl\u00e4ngd. F\u00f6r att s\u00e4kerst\u00e4lla att dina v\u00e4rdefulla spelenheter alltid \u00e4r skyddade \u00e4r den utrustad med svarta silikonkuddar som ger ett extra lager av s\u00e4kerhet mot repor och oavsiktliga glidningar.  <\/p>\n\n<h3 class=\"wp-block-heading\"><strong>Universell kompatibilitet: En spelares gl\u00e4dje!<\/strong><\/h3>\n\n<p>K\u00e4nnetecknande f\u00f6r ett bra tillbeh\u00f6r \u00e4r dess anpassningsbarhet, och SD1 lyser starkt i denna aspekt. Den \u00e4r utformad f\u00f6r att passa ett brett utbud av handh\u00e5llna speldatorer och ser till att ingen spelare l\u00e4mnas utanf\u00f6r. Oavsett om du \u00e4ger den senaste GPD WIN 4 2023 eller ONEXPLAYER 2, \u00e4r denna dockningsstation din enda l\u00f6sning f\u00f6r f\u00f6rb\u00e4ttrad spelkapacitet. Testad med Steam Deck, ROG Ally, GPD WIN 4, GPD WIN 4 2023, ONEXPLAYER 2, AYA NEO 2S, AYA NEO Geek och AYA NEO Geek 1S.   <\/p>\n\n<h3 class=\"wp-block-heading\"><strong>Sammanfattningsvis<\/strong><\/h3>\n\n<p>Ta steget in i framtiden f\u00f6r handh\u00e5llet spelande med SD1 Docking Station. Det \u00e4r inte bara en dockningsstation; det \u00e4r en upplevelse, en resa, ett nytt s\u00e4tt att spela. F\u00f6rh\u00f6j dina spelsessioner och omfamna den nya eran av handh\u00e5llet spelande med SD1-dockningsstationen.  <\/p>\n\n<p><\/p>\n","protected":false},"excerpt":{"rendered":"<ul>\n<li><strong>SD1 <\/strong>Dockningsstation<\/li>\n<li>Gigabit Ethernet<\/li>\n<li>100W PD USB-C<\/li>\n<li>HDMI-utg\u00e5ng<\/li>\n<li><strong>Kompatibel med<\/strong> GPD WIN 4 2024 &amp; m\u00e5nga fler<\/li>\n<\/ul>\n[cg_accordion title=\"BETALNINGSINFORMATION\"]<\/p>\n<p>Vi anv\u00e4nder den senaste tekniken f\u00f6r betalningshantering, vilket g\u00f6r att du kan checka ut via Apple Pay, Google Pay, ditt betalkort\/kreditkort, PayPal eller BNPL-metoder som Klarna, Affirm eller AfterPay f\u00f6r en snabb och s\u00e4ker upplevelse.[\/cg_accordion]\n[cg_accordion title=\"GARANTI\"]<\/p>\n<p>2 \u00e5rs garanti fr\u00e5n <a href=\"https:\/\/droix.net\/\" target=\"_blank\" rel=\"nofollow noopener\">DROIX Global<\/a> f\u00f6r att du ska k\u00e4nna dig trygg[\/cg_accordion]\n[cg_accordion title=\"PRISER, SKATTER OCH FRAKT\"]<\/p>\n<p><strong><u>Obs!<\/u><\/strong><\/p>\n<ul>\n<li>Kunder i F\u00f6renta staterna: Det visade priset inkluderar INTE SKATT eller tullar. Ansvaret f\u00f6r att tullklarera och betala eventuell tillh\u00f6rande skatt\/avgift ligger p\u00e5 kunden. <\/li>\n<li>EU-kunder: Det visade priset inkluderar till\u00e4mplig skatt, som kan vara upp till 25% beroende p\u00e5 ditt land.<\/li>\n<li>Kunder i Kanada: Det visade priset inkluderar till\u00e4mpliga skatter, vilket kan inkludera 5% GST och ytterligare Provincial Sales Taxes (PST), Harmonized Sales Tax (HST) eller Quebec Sales Tax (QST), beroende p\u00e5 din provins.<\/li>\n<\/ul>\n<p><strong>ENDAST f\u00f6r EU-kunder:<\/strong> Express DDP (Delivered Duty Paid). Detta betyder: <\/p>\n<ul>\n<li>Alla tullavgifter och skatter ing\u00e5r i det pris som visas p\u00e5 produktsidan.<\/li>\n<li>Du beh\u00f6ver inte betala n\u00e5gra extra avgifter vid leverans.<\/li>\n<li>I s\u00e4llsynta fall av tullrelaterade problem kommer v\u00e5rt team att hantera tullklareringsprocessen f\u00f6r din r\u00e4kning f\u00f6r att s\u00e4kerst\u00e4lla en smidig leveransupplevelse.<\/li>\n<p>Viktig information om returer:<\/p>\n<li>Om du best\u00e4mmer dig f\u00f6r att returnera din best\u00e4llning eller beg\u00e4ra \u00e5terbetalning ska du vara medveten om att skatter och avgifter som betalats f\u00f6r din r\u00e4kning enligt DDP-villkoren inte kan \u00e5terbetalas.<\/li>\n<p>F\u00f6r detaljerad information h\u00e4nvisas till v\u00e5ra allm\u00e4nna <a href=\"https:\/\/gpdstore.net\/sv\/terms-of-service\/\" target=\"_blank\" rel=\"nofollow noopener\">villkor<\/a>.\n<\/ul>\n<p>[\/cg_accordion]\n[cg_accordion title=\"KUNDTJ\u00c4NST\"]<\/p>\n<p>Har du en fr\u00e5ga? Vi \u00e4r bara ett kort sms bort fr\u00e5n att ha l\u00f6st ditt problem!<br \/>\n[\/cg_accordion]\n[cg_accordion title=\"VAD SOM ING\u00c5R\"]<\/p>\n<ul>\n<li>1x SD1 Dockningsstation<\/li>\n<\/ul>\n<p>[\/cg_accordion]\n","protected":false},"featured_media":11344,"template":"","meta":{"_acf_changed":false},"product_brand":[],"product_cat":[1216],"product_tag":[14860,3169],"woo-feed-brand":[2421],"class_list":{"0":"post-8541","1":"product","2":"type-product","3":"status-publish","4":"has-post-thumbnail","6":"product_cat-tillbehor","7":"product_tag-40xmsale-sv-2","8":"product_tag-droix-hub-sv","9":"product_shipping_class-standard","11":"pa_accessory-type-dockningsstation","12":"pa_i-o-video-1x-hdmi-sv","13":"woo-feed-brand-droix-sv","15":"first","16":"outofstock","17":"sale","18":"taxable","19":"shipping-taxable","20":"purchasable","21":"product-type-simple"},"acf":[],"aioseo_notices":[],"_links":{"self":[{"href":"https:\/\/gpdstore.net\/sv\/wp-json\/wp\/v2\/product\/8541","targetHints":{"allow":["GET"]}}],"collection":[{"href":"https:\/\/gpdstore.net\/sv\/wp-json\/wp\/v2\/product"}],"about":[{"href":"https:\/\/gpdstore.net\/sv\/wp-json\/wp\/v2\/types\/product"}],"wp:featuredmedia":[{"embeddable":true,"href":"https:\/\/gpdstore.net\/sv\/wp-json\/wp\/v2\/media\/11344"}],"wp:attachment":[{"href":"https:\/\/gpdstore.net\/sv\/wp-json\/wp\/v2\/media?parent=8541"}],"wp:term":[{"taxonomy":"product_brand","embeddable":true,"href":"https:\/\/gpdstore.net\/sv\/wp-json\/wp\/v2\/product_brand?post=8541"},{"taxonomy":"product_cat","embeddable":true,"href":"https:\/\/gpdstore.net\/sv\/wp-json\/wp\/v2\/product_cat?post=8541"},{"taxonomy":"product_tag","embeddable":true,"href":"https:\/\/gpdstore.net\/sv\/wp-json\/wp\/v2\/product_tag?post=8541"},{"taxonomy":"woo-feed-brand","embeddable":true,"href":"https:\/\/gpdstore.net\/sv\/wp-json\/wp\/v2\/woo-feed-brand?post=8541"}],"curies":[{"name":"wp","href":"https:\/\/api.w.org\/{rel}","templated":true}]}}