{"id":8482,"date":"2024-01-23T12:16:16","date_gmt":"2024-01-23T12:16:16","guid":{"rendered":"https:\/\/gpdstore.net\/okategoriserad\/gpd-micro-pc\/"},"modified":"2025-12-23T10:25:39","modified_gmt":"2025-12-23T10:25:39","slug":"gpd-micro-pc","status":"publish","type":"product","link":"https:\/\/gpdstore.net\/sv\/product\/gpd-micro-pc\/","title":{"rendered":"GPD Micro PC UMPC"},"content":{"rendered":"\n<figure class=\"wp-block-video\"><video controls=\"\" muted=\"\" poster=\"https:\/\/gpdstore.net\/wp-content\/uploads\/2024\/01\/gpd-hero.jpg\" src=\"https:\/\/gpdstore.net\/wp-content\/uploads\/2024\/01\/Video-Project-22.mp4\"><\/video><\/figure>\n\n<div class=\"wp-block-columns is-layout-flex wp-container-core-columns-is-layout-28f84493 wp-block-columns-is-layout-flex\">\n<div class=\"wp-block-column is-layout-flow wp-block-column-is-layout-flow\" style=\"flex-basis:33.33%\">\n<figure class=\"wp-block-image size-full\"><img fetchpriority=\"high\" decoding=\"async\" width=\"1200\" height=\"929\" src=\"https:\/\/gpdstore.net\/wp-content\/uploads\/2024\/05\/1271643.jpg\" alt=\"GPD Micro PC, en kompakt och m&#xE5;ngsidig minidator utformad f&#xF6;r datoranv&#xE4;ndning och produktivitet n&#xE4;r du &#xE4;r p&#xE5; spr&#xE5;ng.\" class=\"wp-image-1670\" srcset=\"https:\/\/gpdstore.net\/wp-content\/uploads\/2024\/05\/1271643.jpg 1200w, https:\/\/gpdstore.net\/wp-content\/uploads\/2024\/05\/1271643-150x116.jpg 150w, https:\/\/gpdstore.net\/wp-content\/uploads\/2024\/05\/1271643-600x465.jpg 600w, https:\/\/gpdstore.net\/wp-content\/uploads\/2024\/05\/1271643-768x595.jpg 768w, https:\/\/gpdstore.net\/wp-content\/uploads\/2024\/05\/1271643-990x766.jpg 990w, https:\/\/gpdstore.net\/wp-content\/uploads\/2024\/05\/1271643-441x341.jpg 441w\" sizes=\"(max-width: 1200px) 100vw, 1200px\" \/><\/figure>\n<\/div>\n\n\n\n<div class=\"wp-block-column is-layout-flow wp-block-column-is-layout-flow\" style=\"flex-basis:66.66%\">\n<h2 class=\"wp-block-heading\">Mobilt produktivitetsverktyg med flera gr\u00e4nssnitt: 6-tums MicroPC!<\/h2>\n\n\n\n<p>Microsoft Surface Go har hyllats som ett kompakt, l\u00e4ttviktigt och prisv\u00e4rt kraftpaket, men 6&#8243; MicroPC tar det till n\u00e4sta niv\u00e5. Den \u00e4r inte bara mindre \u00e4n Surface Go, utan har ocks\u00e5 fler gr\u00e4nssnitt, vilket g\u00f6r den till en otroligt m\u00e5ngsidig enhet. Detta handflatestora underverk, som bara m\u00e4ter 15 mm p\u00e5 den tunnaste punkten och v\u00e4ger endast 440 g, \u00e4r utformat f\u00f6r att vara extremt b\u00e4rbart utan att kompromissa med prestandan. Med en termisk effektf\u00f6rbrukning p\u00e5 endast 10 W levererar MicroPC prestanda i niv\u00e5 med Surface Go, allt till ett mer budgetv\u00e4nligt pris. MicroPC \u00e4r idealisk f\u00f6r yrkesverksamma inom alla branscher och \u00e4r det viktigaste mobila produktivitetsverktyget!<\/p>\n<\/div>\n<\/div>\n\n<h2 class=\"wp-block-heading has-text-align-center\">Extrem b\u00e4rbarhet m\u00f6ter praktisk design: Specifikationer och formfaktor f\u00f6r GPD Micro PC<\/h2>\n\n<div class=\"wp-block-columns is-layout-flex wp-container-core-columns-is-layout-28f84493 wp-block-columns-is-layout-flex\">\n<div class=\"wp-block-column is-layout-flow wp-block-column-is-layout-flow\">\n<figure class=\"wp-block-image size-full is-resized\"><img decoding=\"async\" width=\"1000\" height=\"899\" src=\"https:\/\/gpdstore.net\/wp-content\/uploads\/2024\/05\/714PPtewL._AC_UF10001000_QL80_.jpg\" alt=\"GPD Micro PC med en 6-tums IPS-sk&#xE4;rm, perfekt f&#xF6;r b&#xE4;rbara datorer och multimediauppgifter.\" class=\"wp-image-1675\" style=\"width:299px;height:auto\" srcset=\"https:\/\/gpdstore.net\/wp-content\/uploads\/2024\/05\/714PPtewL._AC_UF10001000_QL80_.jpg 1000w, https:\/\/gpdstore.net\/wp-content\/uploads\/2024\/05\/714PPtewL._AC_UF10001000_QL80_-150x135.jpg 150w, https:\/\/gpdstore.net\/wp-content\/uploads\/2024\/05\/714PPtewL._AC_UF10001000_QL80_-600x539.jpg 600w, https:\/\/gpdstore.net\/wp-content\/uploads\/2024\/05\/714PPtewL._AC_UF10001000_QL80_-768x690.jpg 768w, https:\/\/gpdstore.net\/wp-content\/uploads\/2024\/05\/714PPtewL._AC_UF10001000_QL80_-990x890.jpg 990w, https:\/\/gpdstore.net\/wp-content\/uploads\/2024\/05\/714PPtewL._AC_UF10001000_QL80_-441x396.jpg 441w\" sizes=\"(max-width: 1000px) 100vw, 1000px\" \/><\/figure>\n\n\n\n<h3 class=\"wp-block-heading\">Den ultimata Pocket PC:n: Varf\u00f6r 6-tumsformfaktorn \u00e4r perfekt f\u00f6r digitala nomader<\/h3>\n\n\n\n<p>Med sina m\u00e5tt p\u00e5 bara 6 tum x 4 tum och en vikt p\u00e5 endast 440 gram \u00e4r den h\u00e4r minidatorn perfekt f\u00f6r yrkesverksamma, studenter och digitala nomader som alltid \u00e4r p\u00e5 spr\u00e5ng. Med en fyrk\u00e4rnig Intel-processor, <a href=\"https:\/\/gpdstore.net\/sv\/product-attribute\/memory-ram-capacity\/8-gb-sv\/\" target=\"_blank\" rel=\"noreferrer noopener\">8 GB<\/a> RAM och <a href=\"https:\/\/gpdstore.net\/sv\/product-attribute\/storage-capacity\/256-gb-sv\/\" target=\"_blank\" data-type=\"link\" data-id=\"https:\/\/gpdstore.net\/product-attribute\/storage-capacity\/256gb\/\" rel=\"noreferrer noopener\">256 GB<\/a>, <a href=\"https:\/\/gpdstore.net\/sv\/product-attribute\/storage-capacity\/512-gb\/\" target=\"_blank\" rel=\"noreferrer noopener\">512 GB<\/a> eller <a href=\"https:\/\/gpdstore.net\/sv\/product-attribute\/storage-capacity\/1-tb\/\" target=\"_blank\" rel=\"noreferrer noopener\">1 TB<\/a> lagringsutrymme ger den snabb prestanda f\u00f6r multitasking och underh\u00e5llning p\u00e5 den h\u00f6guppl\u00f6sta sk\u00e4rmen.<\/p>\n<\/div>\n\n\n\n<div class=\"wp-block-column is-layout-flow wp-block-column-is-layout-flow\">\n<figure class=\"wp-block-image size-full\"><img decoding=\"async\" width=\"300\" height=\"300\" src=\"https:\/\/gpdstore.net\/wp-content\/uploads\/2024\/05\/078e6b89-8d78-4318-bf09-8caf8fecef63.__CR1800840840_PT0_SX300_V1___.jpg\" alt=\"GPD Micro PC, utformad f&#xF6;r att vara slagt&#xE5;lig f&#xF6;r h&#xE5;llbarhet i olika milj&#xF6;er\" class=\"wp-image-1672\" srcset=\"https:\/\/gpdstore.net\/wp-content\/uploads\/2024\/05\/078e6b89-8d78-4318-bf09-8caf8fecef63.__CR1800840840_PT0_SX300_V1___.jpg 300w, https:\/\/gpdstore.net\/wp-content\/uploads\/2024\/05\/078e6b89-8d78-4318-bf09-8caf8fecef63.__CR1800840840_PT0_SX300_V1___-150x150.jpg 150w, https:\/\/gpdstore.net\/wp-content\/uploads\/2024\/05\/078e6b89-8d78-4318-bf09-8caf8fecef63.__CR1800840840_PT0_SX300_V1___-100x100.jpg 100w\" sizes=\"(max-width: 300px) 100vw, 300px\" \/><\/figure>\n\n\n\n<h3 class=\"wp-block-heading\"><strong>ABS-skal i flygklass: Granskning av GPD Micro PC:s t\u00e5lighet och skydd<\/strong><\/h3>\n\n\n\n<p>LG-DOW 121H \u00e4r tillverkad av f\u00f6rstklassigt ABS-syntetiskt harts av flygklass, importerat fr\u00e5n Sydkorea, som ger exceptionell h\u00e5llbarhet och skydd. Med en tjocklek p\u00e5 1 mm har den flamskydd, h\u00f6g v\u00e4rmebest\u00e4ndighet och V-0-certifiering f\u00f6r brands\u00e4kerhet. Dess imponerande Rockwell-h\u00e5rdhet p\u00e5 upp till 109 R och b\u00f6jh\u00e5llfasthet p\u00e5 26000 kg\/cm\u00b2<\/p>\n<\/div>\n\n\n\n<div class=\"wp-block-column is-layout-flow wp-block-column-is-layout-flow\">\n<figure class=\"wp-block-image size-full\"><img loading=\"lazy\" decoding=\"async\" width=\"300\" height=\"300\" src=\"https:\/\/gpdstore.net\/wp-content\/uploads\/2024\/05\/84908091-c530-4179-9369-d0a566b13ce8.__CR1260949949_PT0_SX300_V1___.jpg\" alt=\"GPD Micro PC med st&#xF6;d f&#xF6;r ut&#xF6;kad kringutrustning, vilket ger m&#xE5;ngsidiga anslutningsm&#xF6;jligheter och funktionalitet i ett kompakt format\" class=\"wp-image-1674\" srcset=\"https:\/\/gpdstore.net\/wp-content\/uploads\/2024\/05\/84908091-c530-4179-9369-d0a566b13ce8.__CR1260949949_PT0_SX300_V1___.jpg 300w, https:\/\/gpdstore.net\/wp-content\/uploads\/2024\/05\/84908091-c530-4179-9369-d0a566b13ce8.__CR1260949949_PT0_SX300_V1___-150x150.jpg 150w, https:\/\/gpdstore.net\/wp-content\/uploads\/2024\/05\/84908091-c530-4179-9369-d0a566b13ce8.__CR1260949949_PT0_SX300_V1___-100x100.jpg 100w\" sizes=\"(max-width: 300px) 100vw, 300px\" \/><\/figure>\n\n\n\n<h3 class=\"wp-block-heading\"><strong>Ut\u00f6ka lagring och funktionalitet: Anv\u00e4nda USB 3.0 och Micro SD-kortplats<\/strong><\/h3>\n\n\n\n<p>Utrustad med tre USB 3.0-gr\u00e4nssnitt och en Micro SD-plats kan den h\u00e4r enheten rymma upp till fyra externa lagringsenheter, vilket ger praktiskt taget obegr\u00e4nsad lagringskapacitet. Men m\u00e5ngsidigheten slutar inte d\u00e4r. Med m\u00f6jlighet att ansluta ytterligare kringutrustning via hubben kan du anpassa din installation efter dina behov, oavsett om det handlar om att \u00f6ka produktiviteten eller ut\u00f6ka funktionaliteten.<\/p>\n<\/div>\n<\/div>\n\n<figure class=\"wp-block-image size-large\"><img loading=\"lazy\" decoding=\"async\" width=\"1200\" height=\"563\" src=\"https:\/\/gpdstore.net\/wp-content\/uploads\/2024\/05\/1068053-1200x563.jpg\" alt=\"GPD Micro PC, en kompakt och kraftfull minidator som &#xE4;r idealisk f&#xF6;r mobil datoranv&#xE4;ndning och produktivitet n&#xE4;r du &#xE4;r p&#xE5; spr&#xE5;ng\" class=\"wp-image-1678\" srcset=\"https:\/\/gpdstore.net\/wp-content\/uploads\/2024\/05\/1068053-1200x563.jpg 1200w, https:\/\/gpdstore.net\/wp-content\/uploads\/2024\/05\/1068053-150x70.jpg 150w, https:\/\/gpdstore.net\/wp-content\/uploads\/2024\/05\/1068053-600x281.jpg 600w, https:\/\/gpdstore.net\/wp-content\/uploads\/2024\/05\/1068053-768x360.jpg 768w, https:\/\/gpdstore.net\/wp-content\/uploads\/2024\/05\/1068053-1536x720.jpg 1536w, https:\/\/gpdstore.net\/wp-content\/uploads\/2024\/05\/1068053-990x464.jpg 990w, https:\/\/gpdstore.net\/wp-content\/uploads\/2024\/05\/1068053-441x207.jpg 441w, https:\/\/gpdstore.net\/wp-content\/uploads\/2024\/05\/1068053.jpg 1920w\" sizes=\"(max-width: 1200px) 100vw, 1200px\" \/><\/figure>\n\n<p><br\/>Upplev f\u00f6rstklassig prestanda i ett kompakt paket med GPD Micro PC. Denna Windows 10 PRO mini-b\u00e4rbara dator \u00e4r skr\u00e4ddarsydd f\u00f6r dem som s\u00f6ker en snabb och effektiv industridator med robusta kommunikationsportar.<\/p>\n\n<figure class=\"wp-block-image size-large\"><img loading=\"lazy\" decoding=\"async\" width=\"1200\" height=\"600\" src=\"https:\/\/gpdstore.net\/wp-content\/uploads\/2024\/05\/MicroPC-1200x600.jpg\" alt=\"GPD Micro PC, en liten men kraftfull b&#xE4;rbar dator utformad f&#xF6;r m&#xE5;ngsidiga datoruppgifter\" class=\"wp-image-1677\" srcset=\"https:\/\/gpdstore.net\/wp-content\/uploads\/2024\/05\/MicroPC-1200x600.jpg 1200w, https:\/\/gpdstore.net\/wp-content\/uploads\/2024\/05\/MicroPC-150x75.jpg 150w, https:\/\/gpdstore.net\/wp-content\/uploads\/2024\/05\/MicroPC-600x300.jpg 600w, https:\/\/gpdstore.net\/wp-content\/uploads\/2024\/05\/MicroPC-768x384.jpg 768w, https:\/\/gpdstore.net\/wp-content\/uploads\/2024\/05\/MicroPC-1536x768.jpg 1536w, https:\/\/gpdstore.net\/wp-content\/uploads\/2024\/05\/MicroPC-990x495.jpg 990w, https:\/\/gpdstore.net\/wp-content\/uploads\/2024\/05\/MicroPC-441x221.jpg 441w, https:\/\/gpdstore.net\/wp-content\/uploads\/2024\/05\/MicroPC.jpg 1920w\" sizes=\"(max-width: 1200px) 100vw, 1200px\" \/><\/figure>\n\n<p>Med en snabb Intel\u00ae Celeron\u00ae N4120 Quad Core-processor, som n\u00e5r en turbofrekvens p\u00e5 upp till 2,6 GHz, och <a href=\"https:\/\/gpdstore.net\/sv\/product-attribute\/memory-ram-capacity\/8-gb-sv\/\" target=\"_blank\" rel=\"noreferrer noopener\">8 GB<\/a> <a href=\"https:\/\/gpdstore.net\/sv\/product-attribute\/memory-ram-technology\/lpddr4-sv\/\" target=\"_blank\" rel=\"noreferrer noopener\">LPDDR4<\/a> RAM, levererar Micro PC imponerande prestanda. V\u00e4lj mellan tre lagringsalternativ: <a href=\"https:\/\/gpdstore.net\/sv\/product-attribute\/storage-capacity\/256-gb-sv\/\" target=\"_blank\" rel=\"noreferrer noopener\">256 GB<\/a>, <a href=\"https:\/\/gpdstore.net\/sv\/product-attribute\/storage-capacity\/512-gb\/\" target=\"_blank\" rel=\"noreferrer noopener\">512 GB<\/a> eller <a href=\"https:\/\/gpdstore.net\/sv\/product-attribute\/storage-capacity\/1-tb\/\" target=\"_blank\" rel=\"noreferrer noopener\">1 TB<\/a> NGFF M.2 SATA SSD, med m\u00f6jlighet att uppgradera senare.<\/p>\n\n<p>Anslutningsm\u00f6jligheterna \u00e4r en h\u00f6jdpunkt som till och med kan m\u00e4ta sig med fullstora industridatorer, med tre USB 3.0 typ A-portar, en USB typ C-port, en RS232-serieport, RJ45 1GB\/s Ethernet-port, HDMI-port och en MicroSD-kortl\u00e4sare. Tr\u00e5dl\u00f6sa alternativ inkluderar 802.11b\/g\/n\/ac, 2.4G\/5G Dual-band Wi-Fi och <a href=\"https:\/\/gpdstore.net\/sv\/product-attribute\/bluetooth\/4-2-sv\/\" target=\"_blank\" rel=\"noreferrer noopener\">Bluetooth 4.2<\/a>.<\/p>\n\n<p>Micro PC:ns 6-tumssk\u00e4rm har en uppl\u00f6sning p\u00e5 1280&#215;720 och skyddas av rept\u00e5ligt Corning Gorilla Glass 4. Trots den kraftfulla h\u00e5rdvaran \u00e4r den h\u00e4r enheten kompakt och m\u00e4ter bara 6&#8243; x 4,4&#8243; x 0,9&#8243; i st\u00e4ngt l\u00e4ge &#8211; tillr\u00e4ckligt liten f\u00f6r att rymmas i en ficka eller liten v\u00e4ska.<\/p>\n\n<p>F\u00f6r den ultimata mikrodatorupplevelsen erbjuder GPD Micro PC exceptionell b\u00e4rbarhet, omfattande anslutningsm\u00f6jligheter och h\u00f6gpresterande funktioner, vilket g\u00f6r den till det perfekta valet f\u00f6r Windows 10 mikrodatorentusiaster.<\/p>\n\n<figure class=\"wp-block-image size-large\"><img loading=\"lazy\" decoding=\"async\" width=\"1200\" height=\"500\" src=\"https:\/\/gpdstore.net\/wp-content\/uploads\/2024\/05\/1068559-1200x500.jpg\" alt=\"GPD Micro PC, en kompakt och robust minidator som &#xE4;r perfekt f&#xF6;r mobil datoranv&#xE4;ndning och produktivitet.\" class=\"wp-image-1676\" srcset=\"https:\/\/gpdstore.net\/wp-content\/uploads\/2024\/05\/1068559-1200x500.jpg 1200w, https:\/\/gpdstore.net\/wp-content\/uploads\/2024\/05\/1068559-150x63.jpg 150w, https:\/\/gpdstore.net\/wp-content\/uploads\/2024\/05\/1068559-600x250.jpg 600w, https:\/\/gpdstore.net\/wp-content\/uploads\/2024\/05\/1068559-768x320.jpg 768w, https:\/\/gpdstore.net\/wp-content\/uploads\/2024\/05\/1068559-1536x640.jpg 1536w, https:\/\/gpdstore.net\/wp-content\/uploads\/2024\/05\/1068559-990x413.jpg 990w, https:\/\/gpdstore.net\/wp-content\/uploads\/2024\/05\/1068559-441x184.jpg 441w, https:\/\/gpdstore.net\/wp-content\/uploads\/2024\/05\/1068559.jpg 1920w\" sizes=\"(max-width: 1200px) 100vw, 1200px\" \/><\/figure>\n","protected":false},"excerpt":{"rendered":"<ul>\n<li>Skr\u00e4ddarsydd f\u00f6r IT-proffs<\/li>\n<li>Intel Chipset N4120<\/li>\n<li>Windows 10 <strong>Pro<\/strong><\/li>\n<li>RS-232 seriell port<\/li>\n<li>Dual-Band Wi-Fi &amp; 1 Gigabit RJ45-port<\/li>\n<\/ul>\n<p>[cg_accordion title=\"BETALNINGSINFORMATION\"]  Vi anv\u00e4nder den senaste tekniken f\u00f6r betalningshantering, vilket g\u00f6r att du kan checka ut via ditt betalkort eller kreditkort eller PayPal f\u00f6r en snabb och s\u00e4ker upplevelse.[\/cg_accordion] [cg_accordion title=\"GARANTI\"]  2 \u00e5rs garanti fr\u00e5n <a href=\"https:\/\/droix.net\/\" target=\"_blank\" rel=\"nofollow noopener\">DROIX Global<\/a> f\u00f6r att du ska k\u00e4nna dig trygg[\/cg_accordion] [cg_accordion title=\"KVALITETSS\u00c4KRING OCH TESTNING F\u00d6RE AVS\u00c4NDNING\"]  S\u00e4kerst\u00e4ller kundn\u00f6jdhet p\u00e5 h\u00f6gsta niv\u00e5: Varje enhet genomg\u00e5r rigor\u00f6sa tester och en kvalitetss\u00e4kringskontroll i flera punkter innan den skickas. V\u00e5rt dedikerade team verifierar prestanda, funktionalitet och komponentintegritet f\u00f6r att garantera att din GPD-enhet \u00e4r i perfekt skick vid ankomsten, vilket ger dig f\u00f6rtroende och sinnesfrid. [\/cg_accordion] [cg_accordion title=\"PRICING, TAXES AND SHIPPING\"] <strong><u>Obs!<\/u><\/strong><\/p>\n<ul>\n<li>Kunder i F\u00f6renta staterna: Det visade priset inkluderar INTE SKATT eller tullar. Ansvaret f\u00f6r att tullklarera och betala eventuell tillh\u00f6rande skatt\/avgift ligger p\u00e5 kunden. <\/li>\n<li>EU-kunder: Det visade priset inkluderar till\u00e4mplig skatt, som kan vara upp till 25% beroende p\u00e5 ditt land.<\/li>\n<li>Kunder i Kanada: Det visade priset inkluderar till\u00e4mpliga skatter, vilket kan inkludera 5% GST och ytterligare Provincial Sales Taxes (PST), Harmonized Sales Tax (HST) eller Quebec Sales Tax (QST), beroende p\u00e5 din provins.<\/li>\n<\/ul>\n<p><strong>ENDAST f\u00f6r EU-kunder:<\/strong> Express DDP (Delivered Duty Paid). Detta betyder: <\/p>\n<ul>\n<li style=\"list-style-type: none;\">\n<ul>\n<li>Alla tullavgifter och skatter ing\u00e5r i det pris som visas p\u00e5 produktsidan.<\/li>\n<li>Du beh\u00f6ver inte betala n\u00e5gra extra avgifter vid leverans.<\/li>\n<li>I s\u00e4llsynta fall av tullrelaterade problem kommer v\u00e5rt team att hantera tullklareringsprocessen f\u00f6r din r\u00e4kning f\u00f6r att s\u00e4kerst\u00e4lla en smidig leveransupplevelse.<\/li>\n<p>Viktig information om returer:<\/p>\n<li>Om du best\u00e4mmer dig f\u00f6r att returnera din best\u00e4llning eller beg\u00e4ra \u00e5terbetalning ska du vara medveten om att skatter och avgifter som betalats f\u00f6r din r\u00e4kning enligt DDP-villkoren inte kan \u00e5terbetalas.<\/li>\n<p>V\u00e4nligen se v\u00e5r<\/ul>\n<\/li>\n<\/ul>\n<p><a href=\"https:\/\/droix.net\/terms-and-conditions\/\" target=\"_blank\" rel=\"nofollow noopener\">Villkor och anvisningar<\/a><\/p>\n<ul>f\u00f6r detaljerad information.<\/ul>\n<p>[\/cg_accordion] [cg_accordion title=\"KUNDTJ\u00c4NST\"]  Har du en fr\u00e5ga? Vi \u00e4r bara ett kort sms bort fr\u00e5n att ha l\u00f6st ditt problem!  F\u00f6r detaljerad information h\u00e4nvisas till v\u00e5ra allm\u00e4nna <a href=\"https:\/\/gpdstore.net\/sv\/terms-of-service\/\" target=\"_blank\" rel=\"nofollow noopener\">villkor<\/a>.  [\/cg_accordion] [cg_accordion title=\"WHAT'S INCLUDED\"]<\/p>\n<ul>\n<li>1x GPD Micro PC<\/li>\n<li>1x n\u00e4tadapter<\/li>\n<li>1x USB typ C-kabel<\/li>\n<li>1x Anv\u00e4ndarhandbok<\/li>\n<\/ul>\n<p>[\/cg_accordion]<\/p>\n","protected":false},"featured_media":10855,"template":"","meta":{"_acf_changed":false},"product_brand":[],"product_cat":[1257],"product_tag":[16896,4655],"woo-feed-brand":[697],"class_list":{"0":"post-8482","1":"product","2":"type-product","3":"status-publish","4":"has-post-thumbnail","6":"product_cat-gpd-mini-barbara-datorer","7":"product_tag-10xmsale-sv","8":"product_tag-gpd-mikro-pc","9":"product_shipping_class-premium","10":"product_shipping_class-standard","11":"pa_bluetooth-4-2-sv","12":"pa_brand-gpd","13":"pa_graphics-gpu-model-uhd-grafik-600-sv","14":"pa_i-o-video-1x-hdmi-2-0-typ-a-sv","15":"pa_memory-ram-capacity-8-gb-sv","16":"pa_memory-ram-technology-lpddr4-sv","17":"pa_processor-cpu-model-celeron-n4120-processor","18":"pa_storage-capacity-1-tb","19":"pa_storage-capacity-1tb","20":"pa_storage-capacity-256-gb-sv","21":"pa_storage-capacity-256gb","22":"pa_storage-capacity-512-gb","23":"pa_storage-capacity-512gb","24":"pa_storage-technology-m-2-2242-ssd-sv","25":"pa_wi-fi-24g-5g-dual-band-sv","26":"woo-feed-brand-gpd-sv","28":"first","29":"outofstock","30":"sale","31":"taxable","32":"shipping-taxable","33":"purchasable","34":"product-type-variable","35":"has-default-attributes"},"acf":[],"aioseo_notices":[],"_links":{"self":[{"href":"https:\/\/gpdstore.net\/sv\/wp-json\/wp\/v2\/product\/8482","targetHints":{"allow":["GET"]}}],"collection":[{"href":"https:\/\/gpdstore.net\/sv\/wp-json\/wp\/v2\/product"}],"about":[{"href":"https:\/\/gpdstore.net\/sv\/wp-json\/wp\/v2\/types\/product"}],"wp:featuredmedia":[{"embeddable":true,"href":"https:\/\/gpdstore.net\/sv\/wp-json\/wp\/v2\/media\/10855"}],"wp:attachment":[{"href":"https:\/\/gpdstore.net\/sv\/wp-json\/wp\/v2\/media?parent=8482"}],"wp:term":[{"taxonomy":"product_brand","embeddable":true,"href":"https:\/\/gpdstore.net\/sv\/wp-json\/wp\/v2\/product_brand?post=8482"},{"taxonomy":"product_cat","embeddable":true,"href":"https:\/\/gpdstore.net\/sv\/wp-json\/wp\/v2\/product_cat?post=8482"},{"taxonomy":"product_tag","embeddable":true,"href":"https:\/\/gpdstore.net\/sv\/wp-json\/wp\/v2\/product_tag?post=8482"},{"taxonomy":"woo-feed-brand","embeddable":true,"href":"https:\/\/gpdstore.net\/sv\/wp-json\/wp\/v2\/woo-feed-brand?post=8482"}],"curies":[{"name":"wp","href":"https:\/\/api.w.org\/{rel}","templated":true}]}}