{"id":8335,"date":"2023-11-29T11:23:37","date_gmt":"2023-11-29T11:23:37","guid":{"rendered":"https:\/\/gpdstore.net\/okategoriserad\/gpd-g1-2024-egpu-dockningsstation\/"},"modified":"2026-03-27T11:14:28","modified_gmt":"2026-03-27T11:14:28","slug":"gpd-g1","status":"publish","type":"product","link":"https:\/\/gpdstore.net\/sv\/product\/gpd-g1\/","title":{"rendered":"GPD G1 (2024) eGPU-dockningsstation"},"content":{"rendered":"\n<figure class=\"wp-block-image aligncenter size-full\"><img decoding=\"async\" src=\"https:\/\/gpdstore.net\/wp-content\/uploads\/\" alt=\"Bild p&#xE5; GPD G1 2024 eGPU Docking Station, med AMD Radeon RX 7600M XT GPU, TGP Toggle Switch och m&#xE5;ngsidiga anslutningsm&#xF6;jligheter. Perfekt f&#xF6;r spelare och professionella anv&#xE4;ndare. F&#xF6;rbest&#xE4;ll nu f&#xF6;r revolutionerande kapacitet\" class=\"wp-image-1471\"\/><\/figure>\n\n<h2 class=\"wp-block-heading\"><strong>Dockningsstationen GPD G1 2024 eGPU: Ett revolutionerande spr\u00e5ng<\/strong><\/h2>\n\n<p>GPD G1 2024 eGPU Docking Station representerar ett betydande steg fram\u00e5t i v\u00e4rlden av externa grafikprocessorenheter. Denna dockningsstation \u00e4r utformad f\u00f6r anv\u00e4ndare som kr\u00e4ver b\u00e5de mobilitet och h\u00f6gpresterande databehandling och omdefinierar standarderna inom eGPU-industrin. Med banbrytande teknik, inklusive AMD Radeon RX 7600M XT-grafikkortet, och innovativa funktioner som TGP Toggle Switch, v\u00e4nder sig dockningsstationen GPD G1 eGPU till b\u00e5de spelare och proffs. Den eleganta och b\u00e4rbara designen f\u00f6rb\u00e4ttrar inte bara din arbetsplats utan ger ocks\u00e5 kraftfull prestanda var du \u00e4n befinner dig. Med GPD G1 kan du ta del av framtidens underh\u00e5llning och produktivitet utan kompromisser.<\/p>\n\n<figure class=\"wp-block-gallery has-nested-images columns-default is-cropped wp-block-gallery-1 is-layout-flex wp-block-gallery-is-layout-flex\">\n<figure class=\"wp-block-image size-large\"><img decoding=\"async\" data-id=\"1494\" src=\"https:\/\/gpdstore.net\/wp-content\/uploads\/\" alt=\"Bilden visar en handh&#xE5;llen GPD G1-enhet ansluten till en b&#xE4;rbar GPD WIN MAX 2, med b&#xE5;da enheterna anslutna till externa bildsk&#xE4;rmar f&#xF6;r ut&#xF6;kad visningskonfiguration\" class=\"wp-image-1494\"\/><\/figure>\n\n\n\n<figure class=\"wp-block-image size-large\"><img decoding=\"async\" data-id=\"1493\" src=\"https:\/\/gpdstore.net\/wp-content\/uploads\/\" alt=\"Bilden visar en GPD G1 handh&#xE5;llen enhet ansluten till en WIN 4 b&#xE4;rbar dator, tillsammans med externa bildsk&#xE4;rmar, vilket m&#xF6;jligg&#xF6;r en installation med flera sk&#xE4;rmar\" class=\"wp-image-1493\"\/><\/figure>\n\n\n\n<figure class=\"wp-block-image size-large\"><img decoding=\"async\" data-id=\"1467\" src=\"https:\/\/gpdstore.net\/wp-content\/uploads\/\" alt=\"Bilden visar en handh&#xE5;llen GPD G1-enhet ansluten till en GPD Pocket 3, med b&#xE5;da enheterna kopplade till externa bildsk&#xE4;rmar f&#xF6;r en konfiguration med flera sk&#xE4;rmar\" class=\"wp-image-1467\"\/><\/figure>\n\n\n\n<figure class=\"wp-block-image size-large\"><img decoding=\"async\" data-id=\"1464\" src=\"https:\/\/gpdstore.net\/wp-content\/uploads\/\" alt=\"GPD G1 2024, en elegant handh&#xE5;llen spelenhet med en livfull sk&#xE4;rm, ergonomiska kontroller och en modern design.\" class=\"wp-image-1464\"\/><\/figure>\n\n\n\n<figure class=\"wp-block-image size-large\"><img fetchpriority=\"high\" decoding=\"async\" width=\"1000\" height=\"1000\" data-id=\"1465\" src=\"https:\/\/gpdstore.net\/wp-content\/uploads\/2024\/05\/GPD-G1_2024-USAGE-IMAGE-5.jpg\" alt=\"Bild av en handh&#xE5;llen enhet GPD G1 ansluten till en b&#xE4;rbar dator.\" class=\"wp-image-1465\" srcset=\"https:\/\/gpdstore.net\/wp-content\/uploads\/2024\/05\/GPD-G1_2024-USAGE-IMAGE-5.jpg 1000w, https:\/\/gpdstore.net\/wp-content\/uploads\/2024\/05\/GPD-G1_2024-USAGE-IMAGE-5-600x600.jpg 600w, https:\/\/gpdstore.net\/wp-content\/uploads\/2024\/05\/GPD-G1_2024-USAGE-IMAGE-5-150x150.jpg 150w, https:\/\/gpdstore.net\/wp-content\/uploads\/2024\/05\/GPD-G1_2024-USAGE-IMAGE-5-768x768.jpg 768w, https:\/\/gpdstore.net\/wp-content\/uploads\/2024\/05\/GPD-G1_2024-USAGE-IMAGE-5-990x990.jpg 990w, https:\/\/gpdstore.net\/wp-content\/uploads\/2024\/05\/GPD-G1_2024-USAGE-IMAGE-5-441x441.jpg 441w, https:\/\/gpdstore.net\/wp-content\/uploads\/2024\/05\/GPD-G1_2024-USAGE-IMAGE-5-100x100.jpg 100w\" sizes=\"(max-width: 1000px) 100vw, 1000px\" \/><\/figure>\n\n\n\n<figure class=\"wp-block-image size-large\"><img decoding=\"async\" data-id=\"1466\" src=\"https:\/\/gpdstore.net\/wp-content\/uploads\/\" alt=\"GPD G1 2024 eGPU-dockningsstation: AMD Radeon RX 7600M XT GPU, TGP Toggle Switch och m&#xE5;ngsidiga anslutningsm&#xF6;jligheter. Perfekt f&#xF6;r spelare och professionella anv&#xE4;ndare.\" class=\"wp-image-1466\"\/><\/figure>\n<\/figure>\n\n<div class=\"wp-block-columns is-layout-flex wp-container-core-columns-is-layout-28f84493 wp-block-columns-is-layout-flex\">\n<div class=\"wp-block-column is-layout-flow wp-block-column-is-layout-flow\" style=\"flex-basis:66.66%\">\n<figure class=\"wp-block-image size-full\"><img decoding=\"async\" src=\"https:\/\/gpdstore.net\/wp-content\/uploads\/\" alt=\"Bild som visar GPD G1 2024 eGPU Docking Station, med AMD Radeon RX 7600M XT GPU, TGP Toggle Switch och m&#xE5;ngsidiga anslutningsm&#xF6;jligheter. Perfekt f&#xF6;r spelare och proffs som vill ha o&#xF6;vertr&#xE4;ffad prestanda och snygg design.\" class=\"wp-image-995\"\/><\/figure>\n<\/div>\n\n\n\n<div class=\"wp-block-column is-layout-flow wp-block-column-is-layout-flow\" style=\"flex-basis:33.33%\">\n<h2 class=\"wp-block-heading has-text-align-left\"><strong>GPD G1 2024<\/strong> <strong><strong>Den minsta expansionsdockan f\u00f6r grafikkort <\/strong><\/strong> <\/h2>\n\n\n\n<p>eGPU Docking Station s\u00e4tter nya standarder f\u00f6r teknik och erbjuder o\u00f6vertr\u00e4ffad prestanda, design och funktionalitet. Med sin kraftfulla AMD Radeon RX 7600M XT GPU, innovativa TGP Toggle Switch och m\u00e5ngsidiga anslutningsm\u00f6jligheter \u00e4r det den ultimata l\u00f6sningen f\u00f6r spelare och proffs. F\u00f6rbest\u00e4ll GPD G1 2024 eGPU Docking Station idag och bli bland de f\u00f6rsta att uppleva dess banbrytande funktioner. Ta steget in i framtiden med GPD G1 &#8211; d\u00e4r prestanda m\u00f6ter portabilitet. <\/p>\n<\/div>\n<\/div>\n\n<h2 class=\"wp-block-heading has-text-align-center\">N\u00e4sta generations prestandakontroll: TGP och Connectivity f\u00f6r Power Users<\/h2>\n\n<div class=\"wp-block-columns is-layout-flex wp-container-core-columns-is-layout-28f84493 wp-block-columns-is-layout-flex\">\n<div class=\"wp-block-column is-layout-flow wp-block-column-is-layout-flow\">\n<figure class=\"wp-block-image size-full is-resized\"><img decoding=\"async\" src=\"https:\/\/gpdstore.net\/wp-content\/uploads\/\" alt=\"Bild p&#xE5; GPD G1 2024 eGPU Docking Station, med AMD Radeon RX 7600M XT GPU, TGP Toggle Switch f&#xF6;r f&#xF6;rb&#xE4;ttrad prestandakontroll och m&#xE5;ngsidiga anslutningsm&#xF6;jligheter. Perfekt f&#xF6;r spelare och professionella anv&#xE4;ndare. F&#xF6;rbest&#xE4;ll nu f&#xF6;r revolutionerande kapacitet.\" class=\"wp-image-1510\" style=\"width:281px;height:auto\"\/><\/figure>\n\n\n\n<h3 class=\"wp-block-heading\"><strong>Tyst l\u00e4ge vs. f\u00f6rb\u00e4ttrad prestanda: Hur TGP-v\u00e4xeln (60W\/100W) optimerar din upplevelse<\/strong><\/h3>\n\n\n\n<p>Med den exklusiva \u201cTGP Toggle Key\u201d kan du fritt v\u00e4xla mellan tyst l\u00e4ge och prestandal\u00e4ge under spelandet.<br\/>Med TGP Toggle Switch kan anv\u00e4ndaren v\u00e4lja mellan Quiet Mode (60W TGP) f\u00f6r l\u00e4gre ljudniv\u00e5 och Normal Mode (100W TGP) f\u00f6r b\u00e4ttre prestanda, vilket ger flexibilitet utifr\u00e5n anv\u00e4ndarens behov.<\/p>\n<\/div>\n\n\n\n<div class=\"wp-block-column is-layout-flow wp-block-column-is-layout-flow\">\n<figure class=\"wp-block-image size-full is-resized\"><img decoding=\"async\" src=\"https:\/\/gpdstore.net\/wp-content\/uploads\/\" alt=\"Bild av GPD G1 2024 M.2 Adapterkort f&#xF6;r NVMe-protokoll till Oculink SFF-8612-gr&#xE4;nssnitt, erbjuder kompakt expansion f&#xF6;r grafikkort\" class=\"wp-image-1507\" style=\"width:284px;height:auto\"\/><\/figure>\n\n\n\n<h3 class=\"wp-block-heading\"><strong>F\u00f6rdelen med Oculink: Varf\u00f6r SFF-8612-gr\u00e4nssnittet ger \u00f6verl\u00e4gsen bandbredd f\u00f6r eGPU:er<\/strong><\/h3>\n\n\n\n<p>ITX-moderkort som Z690I har vanligtvis tre M.2-gr\u00e4nssnitt, varav ett kan anv\u00e4ndas f\u00f6r att ansluta adapterkortet. En Oculink SF-8611 dubbelportskabel kan sedan anv\u00e4ndas f\u00f6r att ansluta adapterkortets Oculink SFF-8612-gr\u00e4nssnitt till GPD G1:s Oculink SFF-8612-gr\u00e4nssnitt<\/p>\n<\/div>\n\n\n\n<div class=\"wp-block-column is-layout-flow wp-block-column-is-layout-flow\">\n<figure class=\"wp-block-image size-full is-resized\"><img decoding=\"async\" src=\"https:\/\/gpdstore.net\/wp-content\/uploads\/\" alt=\"Bild p&#xE5; GPD G1 2024 SFF-8612 Interface Adapter Card, den minsta expansionsdockan f&#xF6;r grafikkort.\" class=\"wp-image-1508\" style=\"width:227px;height:auto\"\/><\/figure>\n\n\n\n<h3 class=\"wp-block-heading\"><strong>L\u00f6sning p\u00e5 problemet med halvh\u00f6jd: Anv\u00e4nda det l\u00e5nga och korta f\u00e4stet f\u00f6r montering av grafikkort<\/strong><\/h3>\n\n\n\n<p>Halvh\u00f6ga grafikkort som passar f\u00f6r ITX-hus \u00e4r s\u00e4llsynta, och h\u00f6gpresterande halvh\u00f6ga grafikkort \u00e4r n\u00e4stan obefintliga. D\u00e4rf\u00f6r kan du installera ett PCIe 3.0 x4 till Oculink SFF-8612 gr\u00e4nssnittsadapterkort f\u00f6r att ansluta GPD G1. Det l\u00e5nga f\u00e4stet och det korta f\u00e4stet kan enkelt bytas ut.<\/p>\n\n\n\n<h3 class=\"wp-block-heading\"><strong><br\/><\/strong><\/h3>\n<\/div>\n<\/div>\n\n<h2 class=\"wp-block-heading\"><strong>Produkt\u00f6versikt<\/strong><\/h2>\n\n<p>GPD G1 2024 eGPU Docking Station f\u00f6rkroppsligar teknisk utveckling och ergonomisk design. Den drivs av AMD Radeon RX 7600M XT GPU och RDNA 3.0-arkitektur och erbjuder o\u00f6vertr\u00e4ffad grafikprestanda som passar f\u00f6r AAA-spel i upp till 4K-uppl\u00f6sning. Fr\u00e5n spelentusiaster som vill ha avancerad prestanda till professionella anv\u00e4ndare som beh\u00f6ver datorkraft n\u00e4r de \u00e4r p\u00e5 spr\u00e5ng &#8211; den h\u00e4r enheten passar m\u00e5nga olika typer av anv\u00e4ndare.<\/p>\n\n<figure class=\"wp-block-image size-full\"><img decoding=\"async\" src=\"https:\/\/gpdstore.net\/wp-content\/uploads\/\" alt=\"Bild p&#xE5; GPD G1 2024 eGPU-dockningsstation med AMD Radeon RX 7600M XT GPU, TGP-omkopplare och  \" class=\"wp-image-1511\"\/><\/figure>\n\n<p>GPD G1 2024 eGPU-dockningsstationen erbjuder exceptionell m\u00e5ngsidighet med sina OcuLink- och USB 4-anslutningsalternativ, som st\u00f6der ett brett utbud av handh\u00e5llna speldatorer och enheter. Den kompakta och l\u00e4tta designen, med m\u00e5tt p\u00e5 endast 22,5 \u00d7 11,1 \u00d7 3,0 cm och en vikt p\u00e5 920 g, g\u00f6r den l\u00e4tt att b\u00e4ra med sig utan att ge avkall p\u00e5 prestandan. Oavsett om du \u00e4r hemma eller p\u00e5 spr\u00e5ng f\u00f6rb\u00e4ttrar GPD G1 eGPU-dockningsstationen b\u00e5de spelsessioner och produktivitetsuppgifter med l\u00e4tthet. Dessutom g\u00f6r kompatibiliteten med ROG ALLY X att den kan anv\u00e4ndas p\u00e5 fler spelsystem.<\/p>\n\n<figure class=\"wp-block-image aligncenter size-full\"><img decoding=\"async\" width=\"900\" height=\"559\" src=\"https:\/\/gpdstore.net\/wp-content\/uploads\/2024\/05\/3-1.png\" alt=\"M&#xE5;tt p&#xE5; GPD G1 eGPU: Kompakt och utrymmeseffektiv f&#xF6;r s&#xF6;ml&#xF6;s integrering.\" class=\"wp-image-1512\" srcset=\"https:\/\/gpdstore.net\/wp-content\/uploads\/2024\/05\/3-1.png 900w, https:\/\/gpdstore.net\/wp-content\/uploads\/2024\/05\/3-1-600x373.png 600w, https:\/\/gpdstore.net\/wp-content\/uploads\/2024\/05\/3-1-768x477.png 768w, https:\/\/gpdstore.net\/wp-content\/uploads\/2024\/05\/3-1-320x200.png 320w, https:\/\/gpdstore.net\/wp-content\/uploads\/2024\/05\/3-1-360x224.png 360w, https:\/\/gpdstore.net\/wp-content\/uploads\/2024\/05\/3-1-441x274.png 441w, https:\/\/gpdstore.net\/wp-content\/uploads\/2024\/05\/3-1-150x93.png 150w\" sizes=\"(max-width: 900px) 100vw, 900px\" \/><\/figure>\n\n<h2 class=\"wp-block-heading\"><strong>Detaljerade funktioner<\/strong><\/h2>\n\n<p><strong>Prestanda:<\/strong> GPD G1 2024 dockningsstation \u00e4r byggd f\u00f6r att uppfylla kraven f\u00f6r de mest kr\u00e4vande spel- och kreativa applikationerna och har AMD Radeon RX 7600M XT GPU, med 32 ber\u00e4kningsenheter klockade till 2300 MHz och 8 GB GDDR6-minne. Enhetens 240 W inbyggda GaN-laddare ger gott om kraft f\u00f6r l\u00e5ngvarig prestanda. <\/p>\n\n<p><strong>Grafikprestanda:<\/strong> Hj\u00e4rtat i GPD G1:s exceptionella prestanda ligger i dess GPU. Den kan driva spel och applikationer i upp till 4K-uppl\u00f6sning och levererar livfulla bilder och flytande spel, perfekt f\u00f6r AAA-titlar. <\/p>\n\n<figure class=\"wp-block-image aligncenter size-full\"><img decoding=\"async\" src=\"https:\/\/gpdstore.net\/wp-content\/uploads\/\" alt=\"Bild p&#xE5; GPD G1 2024 eGPU Docking Station med AMD Radeon RX 7600M XT GPU, TGP-omkopplare och m&#xE5;ngsidiga anslutningsm&#xF6;jligheter. Perfekt f&#xF6;r spelare och professionella anv&#xE4;ndare. F&#xF6;rbest&#xE4;ll nu f&#xF6;r revolutionerande kapacitet.\" class=\"wp-image-1505\"\/><\/figure>\n\n<h2 class=\"wp-block-heading\"><strong>Uppdaterade HDMI- och USB-portar<\/strong><\/h2>\n\n<p>GPD G1 2024 eGPU-modellen har en uppdaterad HDMI 2.1-port med st\u00f6d f\u00f6r 4K 120Hz-utg\u00e5ng och en USB 4-port med 65W uteffekt, vilket f\u00f6rb\u00e4ttrar den visuella kvaliteten och enhetskompatibiliteten.<\/p>\n\n<h2 class=\"wp-block-heading\"><strong>Anv\u00e4ndarupplevelse<\/strong><\/h2>\n\n<p>GPD G1 omdefinierar anv\u00e4ndarupplevelsen genom att erbjuda spelprestanda p\u00e5 skrivbordsniv\u00e5 i ett b\u00e4rbart format. Med flera USB-portar samt HDMI- och dubbla DisplayPort-utg\u00e5ngar kan anv\u00e4ndarna skapa uppslukande spelupps\u00e4ttningar eller produktiva multitasking-milj\u00f6er. Enhetens ergonomiska design och enkla installationsprocess g\u00f6r att anv\u00e4ndarna kan b\u00f6rja spela eller arbeta inom n\u00e5gra minuter.<\/p>\n\n<div class=\"wp-block-columns is-layout-flex wp-container-core-columns-is-layout-28f84493 wp-block-columns-is-layout-flex\">\n<div class=\"wp-block-column is-layout-flow wp-block-column-is-layout-flow\" style=\"flex-basis:100%\">\n<h2 class=\"wp-block-heading\"><strong>Slutsats<\/strong><\/h2>\n<\/div>\n<\/div>\n\n<p>GPD G1 2024 eGPU Docking Station leder utvecklingen inom teknisk innovation och kombinerar \u00f6verl\u00e4gsen prestanda, snygg design och exceptionell funktionalitet. Utrustad med den formidabla AMD Radeon RX 7600M XT GPD och en banbrytande TGP Toggle Switch, ger den m\u00e5ngsidiga anslutningsm\u00f6jligheter och \u00e4r kompatibel med ROG Ally X. GPD G1 eGPU-dockningsstationen \u00e4r det definitiva valet f\u00f6r dem som siktar p\u00e5 de h\u00f6gsta niv\u00e5erna av spel och produktivitet.  Ta steget in i framtidens underh\u00e5llning med en enhet som frig\u00f6r sig fr\u00e5n de begr\u00e4nsningar som konventionell databehandling inneb\u00e4r.<\/p>\n\n<h2 class=\"wp-block-heading has-text-align-center\">B\u00e4sta handdatorer f\u00f6r PC-spel f\u00f6r GPD G1<\/h2>\n\n<p>GPD G1 2024 \u00e4r en toppmodern eGPU som dramatiskt h\u00f6jer spelprestandan hos olika PC-handdatorer, vilket g\u00f6r den till ett perfekt tillbeh\u00f6r f\u00f6r GPD Win Max 2 2024, Win 4 2024 och Win Mini 2024. GPD Win Max 2 2024 har en stor 10,1-tumssk\u00e4rm, en kraftfull Intel 12:e generationens processor och ett fullstort tangentbord, vilket ger en m\u00e5ngsidig l\u00f6sning f\u00f6r b\u00e5de spel och produktivitet. GPD Win 4 2024 har en kompakt design med ett utdragbart tangentbord och drivs av en AMD Ryzen 7 7840U-processor, vilket ger en perfekt balans mellan b\u00e4rbarhet och kraft. GPD Win Mini 2024, den nyaste och minsta i sortimentet, levererar imponerande prestanda med sin effektiva design och avancerade interndelar, vilket g\u00f6r den till ett perfekt val f\u00f6r spelare p\u00e5 spr\u00e5ng. N\u00e4r de paras ihop med GPD G1 2024 f\u00f6rvandlas dessa enheter till portabla spelkraftverk, som enkelt kan hantera de senaste AAA-titlarna och ge en s\u00f6ml\u00f6s, uppslukande spelupplevelse&#8230;    <\/p>\n","protected":false},"excerpt":{"rendered":"<ul>\n<li>GPU: AMD Radeon\u2122<strong> RX 7600M XT<\/strong> eGPU  <\/li>\n<li>KOMPATIBILITET:<strong> OCuLink, USB 4, Thunderbolt 3 &amp; 4<\/strong><\/li>\n<li>OCULINK:<strong> PCI Express-anslutning<\/strong><\/li>\n<li>USB 4:<strong> upp till 40 Gbps<\/strong><\/li>\n<li>Utformad f\u00f6r: <strong>GPD<\/strong> WIN MAX 2, WIN 4, WIN Mini, ROG Ally X  <\/li>\n<\/ul>\n[cg_accordion title=\"BETALNINGSINFORMATION\"]<\/p>\n<p>Vi anv\u00e4nder den senaste tekniken f\u00f6r betalningshantering, vilket g\u00f6r att du kan checka ut via ditt betalkort eller kreditkort eller PayPal f\u00f6r en snabb och s\u00e4ker upplevelse.[\/cg_accordion]\n[cg_accordion title=\"GARANTI\"]<\/p>\n<p>2 \u00e5rs garanti fr\u00e5n <a href=\"https:\/\/droix.net\/\" target=\"_blank\" rel=\"nofollow noopener\">DROIX Global<\/a> f\u00f6r att du ska k\u00e4nna dig trygg[\/cg_accordion]\n[cg_accordion title=\"KVALITETSS\u00c4KRING OCH TESTNING F\u00d6RE AVS\u00c4NDNING\"]<\/p>\n<p>S\u00e4kerst\u00e4ller kundn\u00f6jdhet p\u00e5 h\u00f6gsta niv\u00e5: Varje enhet genomg\u00e5r rigor\u00f6sa tester och en kvalitetss\u00e4kringskontroll i flera punkter innan den skickas. V\u00e5rt dedikerade team verifierar prestanda, funktionalitet och komponentintegritet f\u00f6r att garantera att din GPD-enhet \u00e4r i perfekt skick vid ankomsten, vilket ger dig f\u00f6rtroende och sinnesfrid. [\/cg_accordion]\n[cg_accordion title=\"PRISER, SKATTER OCH FRAKT\"]<\/p>\n<p><strong><u>Obs!<\/u><\/strong><\/p>\n<ul>\n<li>Kunder i F\u00f6renta staterna: Det visade priset inkluderar INTE SKATT eller tullar. Ansvaret f\u00f6r att tullklarera och betala eventuell tillh\u00f6rande skatt\/avgift ligger p\u00e5 kunden. <\/li>\n<li>EU-kunder: Det visade priset inkluderar till\u00e4mplig skatt, som kan vara upp till 25% beroende p\u00e5 ditt land.<\/li>\n<li>Kunder i Kanada: Det visade priset inkluderar till\u00e4mpliga skatter, vilket kan inkludera 5% GST och ytterligare Provincial Sales Taxes (PST), Harmonized Sales Tax (HST) eller Quebec Sales Tax (QST), beroende p\u00e5 din provins.<\/li>\n<\/ul>\n<p><strong>ENDAST f\u00f6r EU-kunder:<\/strong> Express DDP (Delivered Duty Paid). Detta betyder: <\/p>\n<ul>\n<li>Alla tullavgifter och skatter ing\u00e5r i det pris som visas p\u00e5 produktsidan.<\/li>\n<li>Du beh\u00f6ver inte betala n\u00e5gra extra avgifter vid leverans.<\/li>\n<li>I s\u00e4llsynta fall av tullrelaterade problem kommer v\u00e5rt team att hantera tullklareringsprocessen f\u00f6r din r\u00e4kning f\u00f6r att s\u00e4kerst\u00e4lla en smidig leveransupplevelse.<\/li>\n<p>Viktig information om returer:<\/p>\n<li>Om du best\u00e4mmer dig f\u00f6r att returnera din best\u00e4llning eller beg\u00e4ra \u00e5terbetalning ska du vara medveten om att skatter och avgifter som betalats f\u00f6r din r\u00e4kning enligt DDP-villkoren inte kan \u00e5terbetalas.<\/li>\n<p>F\u00f6r detaljerad information h\u00e4nvisas till v\u00e5ra allm\u00e4nna <a href=\"https:\/\/droix.net\/terms-and-conditions\/\" target=\"_blank\" rel=\"nofollow noopener\">villkor<\/a>.\n<\/ul>\n<p>[\/cg_accordion]\n[cg_accordion title=\"KUNDTJ\u00c4NST\"]<\/p>\n<p>Har du en fr\u00e5ga? Vi \u00e4r bara ett kort sms bort fr\u00e5n att ha l\u00f6st ditt problem! <\/p>\n<p>F\u00f6r detaljerad information h\u00e4nvisas till v\u00e5ra allm\u00e4nna <a href=\"https:\/\/gpdstore.net\/sv\/terms-of-service\/\" target=\"_blank\" rel=\"nofollow noopener\">villkor<\/a>.\n<\/ul>\n<p>[\/cg_accordion]\n[cg_accordion title=\"VAD SOM ING\u00c5R\"]<\/p>\n<ul>\n<li>1x GPD G1 2024<\/li>\n<li>1x n\u00e4tadapter<\/li>\n<li>1x USB typ C-kabel<\/li>\n<li>1x Anv\u00e4ndarhandbok<\/li>\n<\/ul>\n<p>[\/cg_accordion]\n","protected":false},"featured_media":15381,"template":"","meta":{"_acf_changed":false},"product_brand":[],"product_cat":[1216],"product_tag":[16896,2105],"woo-feed-brand":[697],"class_list":{"0":"post-8335","1":"product","2":"type-product","3":"status-publish","4":"has-post-thumbnail","6":"product_cat-tillbehor","7":"product_tag-10xmsale-sv","8":"product_tag-gpd-g1-sv","9":"product_shipping_class-premium","10":"pa_brand-gpd","11":"pa_graphics-gpu-model-radeon-rx-7600m-xt-sv","12":"pa_i-o-video-1x-oculink-sv","13":"pa_i-o-video-via-1x-usb-4-0-typ-c-40-gb-s","14":"woo-feed-brand-gpd-sv","16":"first","17":"outofstock","18":"taxable","19":"shipping-taxable","20":"purchasable","21":"product-type-variable","22":"has-default-attributes"},"acf":[],"aioseo_notices":[],"_links":{"self":[{"href":"https:\/\/gpdstore.net\/sv\/wp-json\/wp\/v2\/product\/8335","targetHints":{"allow":["GET"]}}],"collection":[{"href":"https:\/\/gpdstore.net\/sv\/wp-json\/wp\/v2\/product"}],"about":[{"href":"https:\/\/gpdstore.net\/sv\/wp-json\/wp\/v2\/types\/product"}],"wp:featuredmedia":[{"embeddable":true,"href":"https:\/\/gpdstore.net\/sv\/wp-json\/wp\/v2\/media\/15381"}],"wp:attachment":[{"href":"https:\/\/gpdstore.net\/sv\/wp-json\/wp\/v2\/media?parent=8335"}],"wp:term":[{"taxonomy":"product_brand","embeddable":true,"href":"https:\/\/gpdstore.net\/sv\/wp-json\/wp\/v2\/product_brand?post=8335"},{"taxonomy":"product_cat","embeddable":true,"href":"https:\/\/gpdstore.net\/sv\/wp-json\/wp\/v2\/product_cat?post=8335"},{"taxonomy":"product_tag","embeddable":true,"href":"https:\/\/gpdstore.net\/sv\/wp-json\/wp\/v2\/product_tag?post=8335"},{"taxonomy":"woo-feed-brand","embeddable":true,"href":"https:\/\/gpdstore.net\/sv\/wp-json\/wp\/v2\/woo-feed-brand?post=8335"}],"curies":[{"name":"wp","href":"https:\/\/api.w.org\/{rel}","templated":true}]}}