{"id":8143,"date":"2023-11-17T17:45:40","date_gmt":"2023-11-17T17:45:40","guid":{"rendered":"https:\/\/gpdstore.net\/okategoriserad\/gpd-win-mini-gaming-handhallen-dator\/"},"modified":"2025-12-19T16:29:03","modified_gmt":"2025-12-19T16:29:03","slug":"gpd-win-mini","status":"publish","type":"product","link":"https:\/\/gpdstore.net\/sv\/product\/gpd-win-mini\/","title":{"rendered":"GPD WIN Mini Gaming Handh\u00e5llen dator"},"content":{"rendered":"\n<figure class=\"wp-block-video\"><video controls=\"\" src=\"https:\/\/gpdstore.net\/wp-content\/uploads\/\"><\/video><\/figure>\n\n<div class=\"wp-block-columns is-layout-flex wp-container-core-columns-is-layout-28f84493 wp-block-columns-is-layout-flex\">\n<div class=\"wp-block-column is-layout-flow wp-block-column-is-layout-flow\" style=\"flex-basis:33.33%\">\n<figure class=\"wp-block-image size-full\"><img fetchpriority=\"high\" decoding=\"async\" width=\"640\" height=\"640\" src=\"https:\/\/gpdstore.net\/wp-content\/uploads\/2024\/03\/4ebac7a0-58e9-47ef-a036-783efd2a5e00._CR00640640_.jpg\" alt=\"gpd win mini 2024\" class=\"wp-image-1650\" srcset=\"https:\/\/gpdstore.net\/wp-content\/uploads\/2024\/03\/4ebac7a0-58e9-47ef-a036-783efd2a5e00._CR00640640_.jpg 640w, https:\/\/gpdstore.net\/wp-content\/uploads\/2024\/03\/4ebac7a0-58e9-47ef-a036-783efd2a5e00._CR00640640_-600x600.jpg 600w, https:\/\/gpdstore.net\/wp-content\/uploads\/2024\/03\/4ebac7a0-58e9-47ef-a036-783efd2a5e00._CR00640640_-150x150.jpg 150w, https:\/\/gpdstore.net\/wp-content\/uploads\/2024\/03\/4ebac7a0-58e9-47ef-a036-783efd2a5e00._CR00640640_-441x441.jpg 441w, https:\/\/gpdstore.net\/wp-content\/uploads\/2024\/03\/4ebac7a0-58e9-47ef-a036-783efd2a5e00._CR00640640_-100x100.jpg 100w\" sizes=\"(max-width: 640px) 100vw, 640px\" \/><\/figure>\n<\/div>\n\n\n\n<div class=\"wp-block-column is-layout-flow wp-block-column-is-layout-flow\" style=\"flex-basis:66.66%\">\n<h2 class=\"wp-block-heading\"><strong>GPD WIN Mini (2023 Edition) &#8211; AMD Ryzen 7 7840U Handheld Gaming PC | 7&#8243; 120Hz LTPS Screen | 32GB\/64GB LPDDR5 | OcuLink SGLM Support &#8211; Best Value UMPC<\/strong><\/h2>\n\n\n\n<p>Why pay 2025 flagship prices? The GPD WIN Mini (2023 Edition) remains the ultimate &#8220;Silicon Sweet Spot.&#8221; Powered by the legendary AMD Ryzen 7 7840U, it delivers the perfect balance of Zen 4 power and portability for gamers who demand elite performance without the &#8220;Strix Point&#8221; premium. This Mobile Gaming PC redefines on-the-go gaming by seamlessly integrating the raw power of top-tier hardware into a form factor that comfortably nestles in the palm of your hand. Brace yourself for unparalleled gaming adventures with the GPD WIN Mini, your portal to gaming excellence in a compact, lightweight, and formidable package.<\/p>\n<\/div>\n<\/div>\n\n<h2 class=\"wp-block-heading has-text-align-center\">Precision m\u00f6ter b\u00e4rbarhet: GPD WIN Minis avancerade kontroller och Clamshell-design<\/h2>\n\n<div class=\"wp-block-columns is-layout-flex wp-container-core-columns-is-layout-28f84493 wp-block-columns-is-layout-flex\">\n<div class=\"wp-block-column is-layout-flow wp-block-column-is-layout-flow\">\n<figure class=\"wp-block-image size-full\"><img decoding=\"async\" width=\"300\" height=\"300\" src=\"https:\/\/gpdstore.net\/wp-content\/uploads\/2024\/03\/cc2489ee-271a-4803-836e-eb3326d46fd8.__CR1310638638_PT0_SX300_V1___-1.png\" alt=\"GPD Win Mini Joysticks\" class=\"wp-image-1652\" srcset=\"https:\/\/gpdstore.net\/wp-content\/uploads\/2024\/03\/cc2489ee-271a-4803-836e-eb3326d46fd8.__CR1310638638_PT0_SX300_V1___-1.png 300w, https:\/\/gpdstore.net\/wp-content\/uploads\/2024\/03\/cc2489ee-271a-4803-836e-eb3326d46fd8.__CR1310638638_PT0_SX300_V1___-1-150x150.png 150w, https:\/\/gpdstore.net\/wp-content\/uploads\/2024\/03\/cc2489ee-271a-4803-836e-eb3326d46fd8.__CR1310638638_PT0_SX300_V1___-1-100x100.png 100w\" sizes=\"(max-width: 300px) 100vw, 300px\" \/><\/figure>\n\n\n\n<h3 class=\"wp-block-heading\"><strong><strong>Noll d\u00f6da zoner:<\/strong> 37,5 % b\u00e4ttre precision med mini-joysticks med hall-effekt.<\/strong><\/h3>\n\n\n\n<p>De inbyggda mini-joystickarna med hall-effekt har en neds\u00e4nkt design med st\u00f6d f\u00f6r nedtryckning av L3 och R3 och \u00e4r stegl\u00f6st justerbara och superlinj\u00e4ra. Efter kalibrering har Hall Effect-joystickarna f\u00f6rb\u00e4ttrat returnoggrannheten och sp\u00e4nningsdelningsprecisionen med 37,5% respektive 25% j\u00e4mf\u00f6rt med standardjoysticks, vilket n\u00e4stan helt eliminerar risken f\u00f6r att d\u00f6da zoner uppst\u00e5r vid mittpunkten. <\/p>\n<\/div>\n\n\n\n<div class=\"wp-block-column is-layout-flow wp-block-column-is-layout-flow\">\n<figure class=\"wp-block-image size-full\"><img decoding=\"async\" src=\"https:\/\/gpdstore.net\/wp-content\/uploads\/\" alt=\"GPD Win Mini L2 R2\" class=\"wp-image-1654\"\/><\/figure>\n\n\n\n<h3 class=\"wp-block-heading\"><strong><strong>F\u00f6rdjupande realism:<\/strong> Simulering av skottlossning och acceleration med linj\u00e4ra analoga L2\/R2-triggers.<\/strong><\/h3>\n\n\n\n<p>J\u00e4mf\u00f6rt med WIN 2 har L2 \/ R2-utl\u00f6sarna p\u00e5 WIN Mini \u00e4ndrats till linj\u00e4ra analoga utl\u00f6sarknappar, vilket exakt simulerar knappresponsen under olika intensiteter och m\u00f6jligg\u00f6r exakt fotografering, acceleration och andra operationer. Detta ger en mer realistisk upplevelse av de dynamiska f\u00f6r\u00e4ndringarna i spelen, bekv\u00e4m anv\u00e4ndning av handkontrollen och \u00f6kad inlevelse och spelbarhet i spelen. <\/p>\n<\/div>\n\n\n\n<div class=\"wp-block-column is-layout-flow wp-block-column-is-layout-flow\">\n<figure class=\"wp-block-image size-full\"><img decoding=\"async\" width=\"300\" height=\"300\" src=\"https:\/\/gpdstore.net\/wp-content\/uploads\/2024\/05\/81bbfc87-3418-4c8a-90fa-bd4c521a3eba.__CR1710559559_PT0_SX300_V1___-1.png\" alt=\"GPD Win Mini SSD\" class=\"wp-image-1655\" srcset=\"https:\/\/gpdstore.net\/wp-content\/uploads\/2024\/05\/81bbfc87-3418-4c8a-90fa-bd4c521a3eba.__CR1710559559_PT0_SX300_V1___-1.png 300w, https:\/\/gpdstore.net\/wp-content\/uploads\/2024\/05\/81bbfc87-3418-4c8a-90fa-bd4c521a3eba.__CR1710559559_PT0_SX300_V1___-1-150x150.png 150w, https:\/\/gpdstore.net\/wp-content\/uploads\/2024\/05\/81bbfc87-3418-4c8a-90fa-bd4c521a3eba.__CR1710559559_PT0_SX300_V1___-1-65x65.png 65w, https:\/\/gpdstore.net\/wp-content\/uploads\/2024\/05\/81bbfc87-3418-4c8a-90fa-bd4c521a3eba.__CR1710559559_PT0_SX300_V1___-1-100x100.png 100w\" sizes=\"(max-width: 300px) 100vw, 300px\" \/><\/figure>\n\n\n\n<h3 class=\"wp-block-heading\"><strong><strong>Noll f\u00f6rdr\u00f6jning: Eliminera laddningstider med upp till 4 TB PCIe 4.0 SSD-lagring.<\/strong><\/strong><\/h3>\n\n\n\n<p>AMD Ryzen 7 7840U har st\u00f6d f\u00f6r PCIe Gen4-specifikationen med en teoretisk maximal genomstr\u00f6mning p\u00e5 upp till 7,877 GB\/s. Den officiella konfigurationen inkluderar en 512GB till 2TB WD SN740 M.2 2230 SSD (PCIe Gen4), med en uppm\u00e4tt sekventiell l\u00e4s- och skrivhastighet p\u00e5 upp till 5150MB\/s, och \u00e4r expanderbar utan begr\u00e4nsningar.  <br\/><\/p>\n<\/div>\n<\/div>\n\n<h2 class=\"wp-block-heading has-text-align-center\">Frig\u00f6r full potential: Anslutningsm\u00f6jligheter, anpassning och ekosystem<\/h2>\n\n<div class=\"wp-block-columns is-layout-flex wp-container-core-columns-is-layout-28f84493 wp-block-columns-is-layout-flex\">\n<div class=\"wp-block-column is-layout-flow wp-block-column-is-layout-flow\" style=\"flex-basis:33.33%\">\n<figure class=\"wp-block-image size-full\"><img loading=\"lazy\" decoding=\"async\" width=\"300\" height=\"300\" src=\"https:\/\/gpdstore.net\/wp-content\/uploads\/2024\/03\/49ca9adf-2d79-4de3-8125-bfa7036712ac.__CR00742742_PT0_SX300_V1___.png\" alt=\"65W\" class=\"wp-image-1656\" srcset=\"https:\/\/gpdstore.net\/wp-content\/uploads\/2024\/03\/49ca9adf-2d79-4de3-8125-bfa7036712ac.__CR00742742_PT0_SX300_V1___.png 300w, https:\/\/gpdstore.net\/wp-content\/uploads\/2024\/03\/49ca9adf-2d79-4de3-8125-bfa7036712ac.__CR00742742_PT0_SX300_V1___-150x150.png 150w, https:\/\/gpdstore.net\/wp-content\/uploads\/2024\/03\/49ca9adf-2d79-4de3-8125-bfa7036712ac.__CR00742742_PT0_SX300_V1___-65x65.png 65w, https:\/\/gpdstore.net\/wp-content\/uploads\/2024\/03\/49ca9adf-2d79-4de3-8125-bfa7036712ac.__CR00742742_PT0_SX300_V1___-100x100.png 100w\" sizes=\"(max-width: 300px) 100vw, 300px\" \/><\/figure>\n<\/div>\n\n\n\n<div class=\"wp-block-column is-layout-flow wp-block-column-is-layout-flow\" style=\"flex-basis:66.66%\">\n<h3 class=\"wp-block-heading\"><br\/><br\/>Fullfj\u00e4drad typ-C-port<\/h3>\n\n\n\n<p>N\u00e4r USB4-porten anv\u00e4nds kan WIN Mini fortfarande ladda och \u00f6verf\u00f6ra ljud, video och data via denna fullfj\u00e4drade typ-C-port med en bandbredd p\u00e5 10 Gbps (USB 3.2 Gen 2) och st\u00f6d f\u00f6r en extern 8K@60Hz-sk\u00e4rm.<\/p>\n<\/div>\n<\/div>\n\n<h2 class=\"wp-block-heading\"><strong>Sl\u00e4pp loss o\u00f6vertr\u00e4ffad bearbetningsf\u00f6rm\u00e5ga: AMD Ryzen-dominans<\/strong><\/h2>\n\n<p>Zen 4 Performance: The Legendary 7840U &#8220;Phoenix&#8221;<\/p>\n\n<p>The Emulation King: Native AVX-512 support makes the 7840U faster than many newer chips for PS3 (RPCS3) and Xbox 360 (Xenia) emulation.<\/p>\n\n<p>Radeon 780M + AFMF 2: Boost your frame rates in AAA titles like <em>Cyberpunk 2077<\/em> using the latest AMD Fluid Motion Frames software.<\/p>\n\n<p>64GB LPDDR5 Power: One of the few ultra-portables offering massive RAM configurations for heavy multitasking and virtualization.<\/p>\n\n<p>This Portable Gaming PC fearlessly tackles the most demanding gaming titles and resource-intensive applications, showcasing unparalleled prowess. Immerse yourself in seamless multitasking, accelerated load times, and ultra-smooth gameplay as you traverse the expansive gaming universe on the go.<\/p>\n\n<p>The AMD Ryzen 7 7840U remains a fan favorite in 2025 for its incredible efficiency-to-power ratio.<\/p>\n\n<h2 class=\"wp-block-heading\"><strong>F\u00f6rh\u00f6jda visuella intryck bortom verkligheten: AMD Radeon-grafik<\/strong><\/h2>\n\n<p>Sk\u00e4m bort dig med spelbilder som \u00f6vertr\u00e4ffar verkligheten, tack vare AMD Radeon-grafiken i GPD WIN Mini. <a href=\"https:\/\/www.techpowerup.com\/gpu-specs\/radeon-780m.c4020\">AMD Radeon 780M<\/a> (7840U-modell), med 12 ber\u00e4kningsenheter och klockfrekvenser p\u00e5 upp till 2700 MHz, eller AMD Radeon 760M (7640U-modell) med 8 ber\u00e4kningsenheter och klockfrekvenser p\u00e5 upp till 2600 MHz, levererar hisnande verklighetstrogen grafik och ultraresponsiv framerate. F\u00f6rdjupa dig i frodiga landskap, realistiska milj\u00f6er och explosiv action, allt presenterat p\u00e5 den handflatsstora duken i detta b\u00e4rbara spelunderverk.  <\/p>\n\n<h2 class=\"wp-block-heading\"><strong>Of\u00f6rst\u00f6rbart minne och lagring: Kraftfull prestanda<\/strong><\/h2>\n\n<p>V\u00e4gra kompromissa n\u00e4r det g\u00e4ller minne och lagring. GPD WIN Mini har tv\u00e5 RAM-alternativ: h\u00e4pnadsv\u00e4ckande 64 GB <a href=\"https:\/\/en.wikipedia.org\/wiki\/LPDDR\">LPDDR5<\/a> 6400 MT\/s med 7840U-modellen, eller robusta 16 GB LPDDR5 6400 MT\/s med 7640U-modellen. Det s\u00e4kerst\u00e4ller att du \u00e4r utrustad f\u00f6r att hantera de mest intensiva multitaskingscenarierna p\u00e5 ett smidigt s\u00e4tt. Med lagringsalternativ p\u00e5 upp till enorma 2 TB PCIe 4.0 x 4 NVMe 1.3\/1.4 f\u00e5r du gott om utrymme f\u00f6r ditt omfattande spelbibliotek, dina multimediafiler och mycket mer. Inga fler kompromisser, bara ren kraft vid dina fingertoppar.    <\/p>\n\n<h2 class=\"wp-block-heading\"><strong>F\u00f6rh\u00f6jd visuell beh\u00e4rskning: Avt\u00e4ckning av 7-tums 120 Hz spelsk\u00e4rm med h\u00f6g uppdateringsfrekvens<\/strong><\/h2>\n\n<p>Kasta dig in i en v\u00e4rld av visuell perfektion med den revolutionerande 7-tums gamingsk\u00e4rmen, en symfoni av LTPS-teknik och en hisnande 120 Hz h\u00f6g uppdateringsfrekvens. Denna sk\u00e4rm \u00e4r omsluten av sj\u00e4tte generationens Corning Gorilla Glass och f\u00e4ngslar med l\u00e4gre svarstider, medan AF+AR-antireflexbel\u00e4ggningen skapar en reflektionsfri sk\u00e4rm, vilket leder till en str\u00e5lande ljusstyrka p\u00e5 500 nit. En 1080P-uppl\u00f6sning m\u00e5lar noggrant varje pixel, medan alternativet att v\u00e4xla mellan 60Hz och 120Hz uppdateringsfrekvenser skulpterar din visuella upplevelse. Vid 314PPI konvergerar sk\u00e4rpa och inlevelse, och innovationen upph\u00f6r inte &#8211; DC-dimning s\u00e4kerst\u00e4ller flimmerfri njutning av spelv\u00e4rldens underverk.   <\/p>\n\n<h2 class=\"wp-block-heading\"><strong>Turboladda din GPD WIN Mini med GPD G1 eGPU-dockningsstationen<\/strong><\/h2>\n\n<p>GPD G1 eGPU Docking Station med grafikkort omdefinierar spelprestanda med sin AMD Radeon RX 7600M XT GPU med RDNA 3.0-arkitektur, vilket ger fantastiska bilder och smidig spelupplevelse. Med 8 GB GDDR6 RAM blir multitasking s\u00f6ml\u00f6st och blixtsnabba laddningstider f\u00f6rh\u00f6jer din spelupplevelse. Dess <a href=\"https:\/\/droix.net\/blogs\/oculink-transforming-graphics-card-connectivity\/\">OCuLink-<\/a> och USB 4-kompatibilitet s\u00e4kerst\u00e4ller m\u00e5ngsidig anslutning mellan olika enheter, inklusive GPD WIN Mini, medan flera grafik- och videoportar m\u00f6jligg\u00f6r anslutning till tre externa sk\u00e4rmar f\u00f6r en omslutande installation. GPD G1 :s aktiva kylsystem bibeh\u00e5ller optimal prestanda under intensiva sessioner.   <\/p>\n\n<h2 class=\"wp-block-heading\"><strong>Spelkontroller: En revolution i precision<\/strong><\/h2>\n\n<p>GPD WIN Mini tar spelkontrollerna till n\u00e4sta niv\u00e5. Dubbla joysticks med hall-effekt ger exakt och responsiv input, medan den o\u00e4ndliga, ultralinj\u00e4ra designen eliminerar d\u00f6da zoner och s\u00e4kerst\u00e4ller att varje r\u00f6relse r\u00e4knas. L3\/R3-funktionalitet, n\u00e4r den trycks ned, ger ett extra lager av kontroll. Linear Analog Trigger L2- och R2-knapparna erbjuder o\u00f6vertr\u00e4ffad k\u00e4nslighet, vilket g\u00f6r att du kan finjustera dina \u00e5tg\u00e4rder. Med till\u00e4gget av programmerbara makroknappar, klassisk D-pad och menyknappar kan du anpassa din spelupplevelse in i minsta detalj.    <\/p>\n\n<h2 class=\"wp-block-heading\"><strong>F\u00f6rh\u00f6jd upplevelse av inmatning: Utm\u00e4rkt tangentbord och pekplatta<\/strong><\/h2>\n\n<p>Den handh\u00e5llna speldatorn GPD WIN Mini har ett QWERTY-tangentbord med saxknappar och bakgrundsbelysning och \u00e4r mer \u00e4n bara en speldator. Den f\u00f6rvandlas till ett produktivt kraftverk p\u00e5 spr\u00e5ng, s\u00e5 att du s\u00f6ml\u00f6st kan v\u00e4xla mellan arbete och spel. Den precisa pekplattan, med st\u00f6d f\u00f6r upp till 4-fingergester, ger en ny niv\u00e5 av kontroll, oavsett om du navigerar i menyer eller redigerar dokument. Den h\u00e4r b\u00e4rbara speldatorn handlar inte bara om spel, den handlar om att f\u00f6rb\u00e4ttra hela din b\u00e4rbara datorupplevelse.   <\/p>\n\n<h2 class=\"wp-block-heading\"><strong>Uppslukande audiovisuella produkter: DTS:X Ultra ljudeffekter<\/strong><\/h2>\n\n<p>F\u00f6rbered dig p\u00e5 en uppslukande audiovisuell upplevelse som \u00f6vertr\u00e4ffar alla f\u00f6rv\u00e4ntningar. GPD WIN Mini har tv\u00e5 inbyggda hyperlinj\u00e4ra h\u00f6gtalare som kompletteras med <a href=\"DTS:X%20Ultra%20Ljud%20Effekter\">DTS:X Ultra Sound Effects.<\/a> Dessa effekter simulerar ljudupplevelsen av en fysisk 7.1-kanalsinstallation och omsluter dig med varje ljud, oavsett om det \u00e4r l\u00f6v som prasslar eller det explosiva d\u00e5net fr\u00e5n en skottlossning. Med st\u00f6d f\u00f6r h\u00f6rlurar och h\u00f6gtalare garanteras du ett auditivt \u00e4ventyr som matchar det visuella spektaklet.   <\/p>\n\n<h2 class=\"wp-block-heading\"><strong>Anslutningsm\u00f6jligheter bortom alla gr\u00e4nser: Wi-Fi 6 och Bluetooth 5.2<\/strong><\/h2>\n\n<p>H\u00e5ll dig uppkopplad oavsett vart din spelresa tar dig. GPD WIN Mini har st\u00f6d f\u00f6r Wi-Fi 6 IEEE 802.11 a\/b\/g\/n\/ac\/ax med st\u00f6d f\u00f6r 2,4G\/5G band med dubbla frekvenser och en maximal \u00f6verf\u00f6ringshastighet p\u00e5 2402 Mbps med dubbla kanaler. Detta garanterar smidigt onlinespelande, snabba nedladdningar och s\u00f6ml\u00f6s streaming. Med Bluetooth 5.2 kan du enkelt ansluta kringutrustning, h\u00f6rlurar och mycket mer, vilket g\u00f6r denna kompakta speldator till din ultimata mobila spelhubb.   <\/p>\n\n<h2 class=\"wp-block-heading\"><strong>M\u00e5ngsidiga I\/O-gr\u00e4nssnitt: USB4 och USB 3.2 Gen 2 Type-C<\/strong><\/h2>\n\n<p>GPD WIN Mini \u00e4r utrustad med ett brett utbud av I\/O-gr\u00e4nssnitt, inklusive en blixtsnabb USB4-port med hastigheter p\u00e5 upp till 40 Gbps. Dessutom ger USB 3.2 Gen 2 Type-C-porten hastigheter p\u00e5 upp till 10 Gbps, vilket garanterar blixtsnabba data\u00f6verf\u00f6ringar och smidig anslutning av kringutrustning. OCuLink (SFF-8612)-porten g\u00f6r den h\u00e4r b\u00e4rbara speldatorn \u00e4nnu mer m\u00e5ngsidig och g\u00f6r den till en hubb f\u00f6r alla dina anslutningsbehov.  <\/p>\n\n<h2 class=\"wp-block-heading\"><strong>Ut\u00f6kat lagringsutrymme: microSD-kortplats f\u00f6r extra bekv\u00e4mlighet<\/strong><\/h2>\n\n<p>GPD WIN Mini n\u00f6jer sig inte med gott om intern lagring. Den har en microSD-kortplats med SD 3.0-protokoll, st\u00f6d f\u00f6r UHS-I-bussgr\u00e4nssnitt, Video Speed Class V30 och imponerande I\/O-prestanda. Med en teoretisk l\u00e4shastighet p\u00e5 160 MB\/s och skrivhastighet p\u00e5 120 MB\/s kan du enkelt ut\u00f6ka ditt lagringsutrymme n\u00e4r du \u00e4r p\u00e5 spr\u00e5ng. Kompatibel med microSDHC-, microSDXC- och microSDUC-kort, s\u00e5 att du enkelt kan ta med dig media, dokument och filer.   <\/p>\n\n<h2 class=\"wp-block-heading\"><strong>F\u00f6rl\u00e4ngda spelsessioner: Batteri med l\u00e5ng livsl\u00e4ngd<\/strong><\/h2>\n\n<p>Spela under l\u00e4ngre tid utan att beh\u00f6va oroa dig f\u00f6r att batteriet ska ta slut. GPD WIN Mini \u00e4r utrustad med ett 44,24Wh litiumpolymerbatteri som anpassar sig till din anv\u00e4ndning. Oavsett om du \u00e4r uppslukad av intensiva spelsessioner eller beh\u00f6ver utf\u00f6ra arbetsuppgifter kommer batteritiden inte att g\u00f6ra dig besviken. Upplev upp till 3 timmar av tung anv\u00e4ndning, 6-8 timmar av m\u00e5ttlig anv\u00e4ndning eller imponerande 14 timmar av l\u00e4tt anv\u00e4ndning, beroende p\u00e5 ditt specifika anv\u00e4ndningsscenario.   <\/p>\n\n<h2 class=\"wp-block-heading\"><strong>Tillverkad f\u00f6r elegans: Rostf\u00e4rgad Clamshell-design<\/strong><\/h2>\n\n<p>GPD WIN Mini \u00e4r inte bara ett kraftpaket n\u00e4r det g\u00e4ller prestanda; det \u00e4r ett m\u00e4sterverk n\u00e4r det g\u00e4ller design. Den rostf\u00e4rgade clamshell-designen, tillverkad av premium aluminiumlegering, utstr\u00e5lar inte bara elegans utan garanterar ocks\u00e5 h\u00e5llbarhet. Den kompakta formfaktorn p\u00e5 6,6 x 4,2 x 1,02 tum (16,8\u00d710,9\u00d72,6 cm) och en vikt p\u00e5 520 g g\u00f6r den l\u00e4tt att stoppa ner i v\u00e4skan eller fickan, s\u00e5 att du alltid har spelgl\u00e4djen inom r\u00e4ckh\u00e5ll.  <\/p>\n\n<h2 class=\"wp-block-heading\"><strong>Varf\u00f6r du ska v\u00e4lja GPD WIN Mini<\/strong><\/h2>\n\n<p>Sammanfattningsvis \u00e4r GPD WIN Mini Portable Gaming PC inte bara en spelenhet; det \u00e4r ett b\u00e4rbart kraftpaket som garanterar kompromissl\u00f6s prestanda, exceptionell m\u00e5ngsidighet och en uppslukande spelupplevelse som \u00f6vertr\u00e4ffar f\u00f6rv\u00e4ntningarna. Med f\u00f6rstklassig h\u00e5rdvara, genomt\u00e4nkt design och en formfaktor som omdefinierar b\u00e4rbarhet \u00e4r denna kompakta speldator din ink\u00f6rsport till spelupplevelser n\u00e4r du \u00e4r p\u00e5 spr\u00e5ng. F\u00f6rh\u00f6j din spellivsstil med GPD WIN Mini och ge dig ut p\u00e5 en resa som suddar ut gr\u00e4nserna mellan verkligheten och virtuella v\u00e4rldar.  <\/p>\n\n<h3 class=\"wp-block-heading\"><strong>Order Your GPD WIN Mini \u2013 In Stock &amp; Ready to Ship<\/strong><\/h3>\n\n<p>Secure the best-value ultra-portable on the market. Get flagship power without the flagship price tag.<\/p>\n\n<ul class=\"wp-block-list\">\n<li>Authentic GPD Product: Guaranteed genuine Zen 4 hardware.<\/li>\n\n\n\n<li>12-Month Official Warranty: Full support for your high-performance investment.<\/li>\n\n\n\n<li>Global Express Shipping: Tracked and insured delivery to your door.<\/li>\n<\/ul>\n\n<p>Utforska v\u00e5r fullst\u00e4ndiga GPD WIN Mini-recension <a href=\"https:\/\/droix.net\/blogs\/gpd-win-mini-review\/\">h\u00e4r.<\/a> \u00c4r du intresserad av GPD G1 eGPU-dockningsstationen f\u00f6r att f\u00f6rb\u00e4ttra din spelprestanda? Dyk ner i v\u00e5r djupg\u00e5ende recension av GPD G1 eGPU-dockningsstationen <a href=\"https:\/\/droix.net\/blogs\/gpd-g1-egpu-docking-station-review\/\">h\u00e4r.<\/a><\/p>\n","protected":false},"excerpt":{"rendered":"<ul>\n<li>PROCESSOR: AMD Ryzen 5 \/ 7<strong> 7640U \/ 7840U <\/strong> <\/li>\n<li>GPU: AMD Radeon<strong> 760M \/ 780M<\/strong><\/li>\n<li>RAM: upp till<strong> 64 GB LPDDR5 @ 6400 MT\/s<\/strong><\/li>\n<li>LAGER: upp till<strong> 2 TB<\/strong> <strong>Gen 4<\/strong> PCI-E NVMe SSD<\/li>\n<li>ANSLUTNING: St\u00f6d f\u00f6r Wi-Fi<strong> 6<\/strong> och Bluetooth <strong>5.2<\/strong> <\/li>\n<\/ul>\n[cg_accordion title=\"BETALNINGSINFORMATION\"]<\/p>\n<p>Vi anv\u00e4nder den senaste tekniken f\u00f6r betalningshantering, vilket g\u00f6r att du kan checka ut via ditt betalkort eller kreditkort eller PayPal f\u00f6r en snabb och s\u00e4ker upplevelse.[\/cg_accordion]\n[cg_accordion title=\"GARANTI\"]<\/p>\n<p>2 \u00e5rs garanti fr\u00e5n <a href=\"https:\/\/droix.net\/\" target=\"_blank\" rel=\"nofollow noopener\">DROIX Global<\/a> f\u00f6r att du ska k\u00e4nna dig trygg[\/cg_accordion]\n[cg_accordion title=\"KVALITETSS\u00c4KRING OCH TESTNING F\u00d6RE AVS\u00c4NDNING\"]<\/p>\n<p>S\u00e4kerst\u00e4ller kundn\u00f6jdhet p\u00e5 h\u00f6gsta niv\u00e5: Varje enhet genomg\u00e5r rigor\u00f6sa tester och en kvalitetss\u00e4kringskontroll i flera punkter innan den skickas. V\u00e5rt dedikerade team verifierar prestanda, funktionalitet och komponentintegritet f\u00f6r att garantera att din GPD-enhet \u00e4r i perfekt skick vid ankomsten, vilket ger dig f\u00f6rtroende och sinnesfrid. [\/cg_accordion]\n[cg_accordion title=\"PRISER, SKATTER OCH FRAKT\"]<\/p>\n<p><strong><u>Obs!<\/u><\/strong><\/p>\n<ul>\n<li>Kunder i F\u00f6renta staterna: Det visade priset inkluderar INTE SKATT eller tullar. Ansvaret f\u00f6r att tullklarera och betala eventuell tillh\u00f6rande skatt\/avgift ligger p\u00e5 kunden. <\/li>\n<li>EU-kunder: Det visade priset inkluderar till\u00e4mplig skatt, som kan vara upp till 25% beroende p\u00e5 ditt land.<\/li>\n<li>Kunder i Kanada: Det visade priset inkluderar till\u00e4mpliga skatter, vilket kan inkludera 5% GST och ytterligare Provincial Sales Taxes (PST), Harmonized Sales Tax (HST) eller Quebec Sales Tax (QST), beroende p\u00e5 din provins.<\/li>\n<\/ul>\n<p><strong>ENDAST f\u00f6r EU-kunder:<\/strong> Express DDP (Delivered Duty Paid). Detta betyder: <\/p>\n<ul>\n<li>Alla tullavgifter och skatter ing\u00e5r i det pris som visas p\u00e5 produktsidan.<\/li>\n<li>Du beh\u00f6ver inte betala n\u00e5gra extra avgifter vid leverans.<\/li>\n<li>I s\u00e4llsynta fall av tullrelaterade problem kommer v\u00e5rt team att hantera tullklareringsprocessen f\u00f6r din r\u00e4kning f\u00f6r att s\u00e4kerst\u00e4lla en smidig leveransupplevelse.<\/li>\n<p>Viktig information om returer:<\/p>\n<li>Om du best\u00e4mmer dig f\u00f6r att returnera din best\u00e4llning eller beg\u00e4ra \u00e5terbetalning ska du vara medveten om att skatter och avgifter som betalats f\u00f6r din r\u00e4kning enligt DDP-villkoren inte kan \u00e5terbetalas.<\/li>\n<p>F\u00f6r detaljerad information h\u00e4nvisas till v\u00e5ra allm\u00e4nna <a href=\"https:\/\/droix.net\/terms-and-conditions\/\" target=\"_blank\" rel=\"nofollow noopener\">villkor<\/a>.\n<\/ul>\n<p>[\/cg_accordion]\n[cg_accordion title=\"KUNDTJ\u00c4NST\"]<\/p>\n<p>Har du en fr\u00e5ga? Vi \u00e4r bara ett kort sms bort fr\u00e5n att ha l\u00f6st ditt problem! <\/p>\n<p>F\u00f6r detaljerad information h\u00e4nvisas till v\u00e5ra allm\u00e4nna <a href=\"https:\/\/gpdstore.net\/sv\/terms-of-service\/\" target=\"_blank\" rel=\"nofollow noopener\">villkor<\/a>.\n<\/ul>\n<p>[\/cg_accordion]\n[cg_accordion title=\"VAD SOM ING\u00c5R\"]<\/p>\n<ul>\n<li>1x GPD WIN Mini<\/li>\n<li>1x USB-C-kabel<\/li>\n<li>1x str\u00f6mkontakt<\/li>\n<li>1x B\u00e4rrem<\/li>\n<li>1x USB C &gt; A omvandlare<\/li>\n<li>1x Anv\u00e4ndarhandbok<\/li>\n<\/ul>\n<p>[\/cg_accordion]\n","protected":false},"featured_media":10508,"template":"","meta":{"_acf_changed":false},"product_brand":[],"product_cat":[693],"product_tag":[16880,4375],"woo-feed-brand":[697],"class_list":{"0":"post-8143","1":"product","2":"type-product","3":"status-publish","4":"has-post-thumbnail","6":"product_cat-gpd-handhallen-pc-for-spel","7":"product_tag-13xmsale-sv","8":"product_tag-gpd-win-mini-sv","9":"product_shipping_class-premium","10":"pa_bluetooth-5-2-sv","11":"pa_brand-gpd","12":"pa_graphics-gpu-model-radeon-760m-sv","13":"pa_graphics-gpu-model-intel-iris-xe-grafik","14":"pa_i-o-video-1x-oculink-sv","15":"pa_i-o-video-via-1x-usb-3-2-gen-2-type-c-sv","16":"pa_i-o-video-via-1x-usb-4-0-typ-c-40-gb-s","17":"pa_memory-ram-capacity-16-gb","18":"pa_memory-ram-capacity-32-gb","19":"pa_memory-ram-capacity-64-gb-sv","20":"pa_memory-ram-technology-lpddr5-sv","21":"pa_processor-cpu-model-amd-ryzen-5-7640u","22":"pa_processor-cpu-model-amd-ryzen-7-7840u","23":"pa_storage-capacity-512-gb","24":"pa_storage-capacity-1-tb","25":"pa_storage-capacity-4tb-sv","26":"pa_storage-technology-pcie-gen-4-sv","27":"pa_wi-fi-wi-fi-6-sv","28":"woo-feed-brand-gpd-sv","30":"first","31":"outofstock","32":"sale","33":"taxable","34":"shipping-taxable","35":"purchasable","36":"product-type-variable","37":"has-default-attributes"},"acf":[],"aioseo_notices":[],"_links":{"self":[{"href":"https:\/\/gpdstore.net\/sv\/wp-json\/wp\/v2\/product\/8143","targetHints":{"allow":["GET"]}}],"collection":[{"href":"https:\/\/gpdstore.net\/sv\/wp-json\/wp\/v2\/product"}],"about":[{"href":"https:\/\/gpdstore.net\/sv\/wp-json\/wp\/v2\/types\/product"}],"wp:featuredmedia":[{"embeddable":true,"href":"https:\/\/gpdstore.net\/sv\/wp-json\/wp\/v2\/media\/10508"}],"wp:attachment":[{"href":"https:\/\/gpdstore.net\/sv\/wp-json\/wp\/v2\/media?parent=8143"}],"wp:term":[{"taxonomy":"product_brand","embeddable":true,"href":"https:\/\/gpdstore.net\/sv\/wp-json\/wp\/v2\/product_brand?post=8143"},{"taxonomy":"product_cat","embeddable":true,"href":"https:\/\/gpdstore.net\/sv\/wp-json\/wp\/v2\/product_cat?post=8143"},{"taxonomy":"product_tag","embeddable":true,"href":"https:\/\/gpdstore.net\/sv\/wp-json\/wp\/v2\/product_tag?post=8143"},{"taxonomy":"woo-feed-brand","embeddable":true,"href":"https:\/\/gpdstore.net\/sv\/wp-json\/wp\/v2\/woo-feed-brand?post=8143"}],"curies":[{"name":"wp","href":"https:\/\/api.w.org\/{rel}","templated":true}]}}