{"id":808703,"date":"2024-11-21T09:56:41","date_gmt":"2024-11-21T09:56:41","guid":{"rendered":"https:\/\/gpdstore.net\/?post_type=product&#038;p=808703"},"modified":"2025-12-23T10:03:54","modified_gmt":"2025-12-23T10:03:54","slug":"gpd-duo-protective-case","status":"publish","type":"product","link":"https:\/\/gpdstore.net\/sv\/product\/gpd-duo-protective-case\/","title":{"rendered":"GPD DUO Skyddsfodral"},"content":{"rendered":"\n<p>Skydda din GPD DUO med stil med det <strong>officiella GPD DUO-skyddsfodralet<\/strong>. Detta eleganta och h\u00e5llbara fodral \u00e4r utformat exklusivt f\u00f6r GPD DUO och erbjuder den perfekta kombinationen av funktionalitet och skydd. Oavsett om du pendlar, reser eller bara f\u00f6rvarar din enhet, ser detta fodral till att din GPD DUO f\u00f6rblir s\u00e4ker och trygg.  <\/p>\n\n<p>Fodralet har en <strong>robust utsida i tyg<\/strong> som skyddar din enhet fr\u00e5n yttre skador och en <strong>mjuk, vadderad insida<\/strong> som skyddar mot repor och st\u00f6tar. Med sin kompakta design rymmer den enkelt din GPD DUO samtidigt som den l\u00e4mnar plats f\u00f6r viktiga tillbeh\u00f6r. <\/p>\n\n<p>V\u00e4skan \u00e4r utrustad med <strong>dubbla handtag<\/strong> f\u00f6r enkel b\u00e4rning och en <strong>justerbar axelrem<\/strong>, vilket ger dig flexibilitet att b\u00e4ra den p\u00e5 det s\u00e4tt som passar dig b\u00e4st. Den l\u00e4tta konstruktionen g\u00f6r den idealisk f\u00f6r anv\u00e4ndare som \u00e4r p\u00e5 spr\u00e5ng och vill ha ett tillf\u00f6rlitligt skydd utan on\u00f6dig vikt. <\/p>\n\n<h3 class=\"wp-block-heading\"><strong>Viktiga egenskaper:<\/strong><\/h3>\n\n<ul class=\"wp-block-list\">\n<li>Officiell GPD-produkt som utformats s\u00e4rskilt f\u00f6r GPD DUO<\/li>\n\n\n\n<li>Utsida i slitstarkt tyg f\u00f6r b\u00e4ttre skydd<\/li>\n\n\n\n<li>Mjuk, vadderad insida som skyddar din enhet fr\u00e5n repor och st\u00f6tar<\/li>\n\n\n\n<li>Dubbla handtag och justerbar axelrem f\u00f6r m\u00e5ngsidiga b\u00e4ralternativ<\/li>\n\n\n\n<li>Kompakt och l\u00e4tt design f\u00f6r maximal b\u00e4rbarhet<\/li>\n<\/ul>\n\n<p>Ta med dig din GPD DUO \u00f6verallt med tillf\u00f6rsikt, eftersom du vet att den skyddas av ett fodral som kombinerar praktisk funktion, h\u00e5llbarhet och stil.<\/p>\n\n<p><\/p>\n","protected":false},"excerpt":{"rendered":"<ul>\n<li>Officiell <strong>GPD-produkt<\/strong> <\/li>\n<li>Utformad speciellt f\u00f6r <strong>GPD DUO<\/strong><\/li>\n<li>Utsida i slitstarkt tyg f\u00f6r b\u00e4ttre skydd<\/li>\n<li>Mjuk, vadderad insida f\u00f6r att f\u00f6rhindra repor och st\u00f6tar<\/li>\n<li>Har b\u00e5de dubbla handtag och en justerbar axelrem f\u00f6r m\u00e5ngsidiga b\u00e4ralternativ<\/li>\n<\/ul>\n[cg_accordion title=\"BETALNINGSINFORMATION\"]<\/p>\n<p>Vi anv\u00e4nder den senaste tekniken f\u00f6r betalningshantering, vilket g\u00f6r att du kan checka ut via Apple Pay, Google Pay, ditt betalkort\/kreditkort, PayPal eller BNPL-metoder som Klarna, Affirm eller AfterPay f\u00f6r en snabb och s\u00e4ker upplevelse.[\/cg_accordion]\n[cg_accordion title=\"GARANTI\"]<\/p>\n<p>2 \u00e5rs garanti fr\u00e5n <a href=\"https:\/\/droix.net\/\" target=\"_blank\" rel=\"nofollow noopener\">DROIX Global<\/a> f\u00f6r att du ska k\u00e4nna dig trygg[\/cg_accordion]\n[cg_accordion title=\"PRISER, SKATTER OCH FRAKT\"]<\/p>\n<p><strong><u>Obs!<\/u><\/strong><\/p>\n<ul>\n<li>Kunder i F\u00f6renta staterna: Det visade priset inkluderar INTE SKATT eller tullar. Ansvaret f\u00f6r att tullklarera och betala eventuell tillh\u00f6rande skatt\/avgift ligger p\u00e5 kunden. <\/li>\n<li>EU-kunder: Det visade priset inkluderar till\u00e4mplig skatt, som kan vara upp till 25% beroende p\u00e5 ditt land.<\/li>\n<li>Kunder i Kanada: Det visade priset inkluderar till\u00e4mpliga skatter, vilket kan inkludera 5% GST och ytterligare Provincial Sales Taxes (PST), Harmonized Sales Tax (HST) eller Quebec Sales Tax (QST), beroende p\u00e5 din provins.<\/li>\n<\/ul>\n<p><strong>ENDAST f\u00f6r EU-kunder:<\/strong> Express DDP (Delivered Duty Paid). Detta betyder: <\/p>\n<ul>\n<li>Alla tullavgifter och skatter ing\u00e5r i det pris som visas p\u00e5 produktsidan.<\/li>\n<li>Du beh\u00f6ver inte betala n\u00e5gra extra avgifter vid leverans.<\/li>\n<li>I s\u00e4llsynta fall av tullrelaterade problem kommer v\u00e5rt team att hantera tullklareringsprocessen f\u00f6r din r\u00e4kning f\u00f6r att s\u00e4kerst\u00e4lla en smidig leveransupplevelse.<\/li>\n<p>Viktig information om returer:<\/p>\n<li>Om du best\u00e4mmer dig f\u00f6r att returnera din best\u00e4llning eller beg\u00e4ra \u00e5terbetalning ska du vara medveten om att skatter och avgifter som betalats f\u00f6r din r\u00e4kning enligt DDP-villkoren inte kan \u00e5terbetalas.<\/li>\n<p>F\u00f6r detaljerad information h\u00e4nvisas till v\u00e5ra allm\u00e4nna <a href=\"https:\/\/gpdstore.net\/sv\/terms-of-service\/\" target=\"_blank\" rel=\"nofollow noopener\">villkor<\/a>.\n<\/ul>\n<p>[\/cg_accordion]\n[cg_accordion title=\"KUNDTJ\u00c4NST\"]<\/p>\n<p>Har du en fr\u00e5ga? Vi \u00e4r bara ett kort sms bort fr\u00e5n att ha l\u00f6st ditt problem!<br \/>\n[\/cg_accordion]\n[cg_accordion title=\"VAD ING\u00c5R\"]<\/p>\n<ul>\n<li>1x GPD DUO-fodral<\/li>\n<\/ul>\n<p>[\/cg_accordion]\n","protected":false},"featured_media":818190,"template":"","meta":{"_acf_changed":false},"product_brand":[],"product_cat":[1216],"product_tag":[15768],"woo-feed-brand":[],"class_list":{"0":"post-808703","1":"product","2":"type-product","3":"status-publish","4":"has-post-thumbnail","6":"product_cat-tillbehor","7":"product_tag-20xmsale-sv-2","8":"product_shipping_class-low-end","9":"pa_accessory-type-skyddande-fodral","10":"pa_brand-gpd","12":"first","13":"instock","14":"sale","15":"taxable","16":"shipping-taxable","17":"purchasable","18":"product-type-simple"},"acf":[],"aioseo_notices":[],"_links":{"self":[{"href":"https:\/\/gpdstore.net\/sv\/wp-json\/wp\/v2\/product\/808703","targetHints":{"allow":["GET"]}}],"collection":[{"href":"https:\/\/gpdstore.net\/sv\/wp-json\/wp\/v2\/product"}],"about":[{"href":"https:\/\/gpdstore.net\/sv\/wp-json\/wp\/v2\/types\/product"}],"wp:featuredmedia":[{"embeddable":true,"href":"https:\/\/gpdstore.net\/sv\/wp-json\/wp\/v2\/media\/818190"}],"wp:attachment":[{"href":"https:\/\/gpdstore.net\/sv\/wp-json\/wp\/v2\/media?parent=808703"}],"wp:term":[{"taxonomy":"product_brand","embeddable":true,"href":"https:\/\/gpdstore.net\/sv\/wp-json\/wp\/v2\/product_brand?post=808703"},{"taxonomy":"product_cat","embeddable":true,"href":"https:\/\/gpdstore.net\/sv\/wp-json\/wp\/v2\/product_cat?post=808703"},{"taxonomy":"product_tag","embeddable":true,"href":"https:\/\/gpdstore.net\/sv\/wp-json\/wp\/v2\/product_tag?post=808703"},{"taxonomy":"woo-feed-brand","embeddable":true,"href":"https:\/\/gpdstore.net\/sv\/wp-json\/wp\/v2\/woo-feed-brand?post=808703"}],"curies":[{"name":"wp","href":"https:\/\/api.w.org\/{rel}","templated":true}]}}