{"id":7958,"date":"2023-11-17T14:17:25","date_gmt":"2023-11-17T14:17:25","guid":{"rendered":"https:\/\/gpdstore.net\/okategoriserad\/gpd-win-4-2023-handhallen-dator-for-spel\/"},"modified":"2026-01-09T00:13:18","modified_gmt":"2026-01-09T00:13:18","slug":"gpd-win-4-2023","status":"publish","type":"product","link":"https:\/\/gpdstore.net\/sv\/product\/gpd-win-4-2023\/","title":{"rendered":"GPD WIN 4 2023 Handh\u00e5llen dator f\u00f6r spel"},"content":{"rendered":"\n<figure class=\"wp-block-video\"><video controls=\"\" muted=\"\" poster=\"https:\/\/gpdstore.net\/wp-content\/uploads\/2024\/03\/gpd-win4-indiegogo-time-is-here-v0-te3iiclycf5a1.webp\" src=\"https:\/\/gpdstore.net\/wp-content\/uploads\/\"><\/video><\/figure>\n\n<div class=\"wp-block-columns is-layout-flex wp-container-core-columns-is-layout-28f84493 wp-block-columns-is-layout-flex\">\n<div class=\"wp-block-column is-layout-flow wp-block-column-is-layout-flow\" style=\"flex-basis:33.33%\">\n<figure class=\"wp-block-image size-full\"><img fetchpriority=\"high\" decoding=\"async\" width=\"1000\" height=\"1000\" src=\"https:\/\/gpdstore.net\/wp-content\/uploads\/2024\/05\/GPD-WIN-4-2024-WHITE-DONE-LISTING-IMAGE-5.jpg\" alt=\"gpd win 4 i vitt\" class=\"wp-image-1555\" srcset=\"https:\/\/gpdstore.net\/wp-content\/uploads\/2024\/05\/GPD-WIN-4-2024-WHITE-DONE-LISTING-IMAGE-5.jpg 1000w, https:\/\/gpdstore.net\/wp-content\/uploads\/2024\/05\/GPD-WIN-4-2024-WHITE-DONE-LISTING-IMAGE-5-600x600.jpg 600w, https:\/\/gpdstore.net\/wp-content\/uploads\/2024\/05\/GPD-WIN-4-2024-WHITE-DONE-LISTING-IMAGE-5-150x150.jpg 150w, https:\/\/gpdstore.net\/wp-content\/uploads\/2024\/05\/GPD-WIN-4-2024-WHITE-DONE-LISTING-IMAGE-5-768x768.jpg 768w, https:\/\/gpdstore.net\/wp-content\/uploads\/2024\/05\/GPD-WIN-4-2024-WHITE-DONE-LISTING-IMAGE-5-990x990.jpg 990w, https:\/\/gpdstore.net\/wp-content\/uploads\/2024\/05\/GPD-WIN-4-2024-WHITE-DONE-LISTING-IMAGE-5-441x441.jpg 441w, https:\/\/gpdstore.net\/wp-content\/uploads\/2024\/05\/GPD-WIN-4-2024-WHITE-DONE-LISTING-IMAGE-5-100x100.jpg 100w\" sizes=\"(max-width: 1000px) 100vw, 1000px\" \/><\/figure>\n<\/div>\n\n\n\n<div class=\"wp-block-column is-layout-flow wp-block-column-is-layout-flow\" style=\"flex-basis:66.66%\">\n<h2 class=\"wp-block-heading\"><strong>V\u00e4lkommen till GPD WIN 4 2023: Din ultimata spelupplevelse p\u00e5 resande fot<\/strong><\/h2>\n\n\n\n<p>S\u00e4g adj\u00f6 till begr\u00e4nsningarna i din hemmabio och hej till friheten att spela var som helst, n\u00e4r som helst! Vi presenterar <g id=\"gid_0\">GPD WIN 4 2023<\/g>, den ultimata b\u00e4rbara speldatorn som ger dig m\u00f6jlighet att sl\u00e4ppa loss din spelf\u00f6rm\u00e5ga n\u00e4r du \u00e4r p\u00e5 spr\u00e5ng. Denna extraordin\u00e4ra enhet blandar s\u00f6ml\u00f6st kraften hos en h\u00f6gpresterande gaming-PC med bekv\u00e4mligheten hos en handh\u00e5llen enhet, s\u00e5 att du kan dyka in i dina favoritspel varhelst livet tar dig.  <br\/><\/p>\n<\/div>\n<\/div>\n\n<h2 class=\"wp-block-heading has-text-align-center\">Byggd f\u00f6r seger: Precisionskontroller, massiv lagring och avancerad kylning<\/h2>\n\n<div class=\"wp-block-columns is-layout-flex wp-container-core-columns-is-layout-28f84493 wp-block-columns-is-layout-flex\">\n<div class=\"wp-block-column is-layout-flow wp-block-column-is-layout-flow\">\n<figure class=\"wp-block-image size-full\"><img decoding=\"async\" src=\"https:\/\/gpdstore.net\/wp-content\/uploads\/\" alt=\"analog spak f&#xF6;r gpd win 4\" class=\"wp-image-1557\"\/><\/figure>\n\n\n\n<h3 class=\"wp-block-heading\"><strong><strong><strong>Ultimat kontroll:<\/strong> Beh\u00e4rska spelandet med ALPS 3D-joysticks och 6-axlig r\u00f6relse.<\/strong><\/strong><\/h3>\n\n\n\n<p>GPD WIN 4 2023 erbjuder en \u00f6verl\u00e4gsen spelupplevelse med sina ALPS 3D-joysticks och spelknappar. Dessa h\u00f6gkvalitativa kontroller ger exakta inmatningar och optimal \u00e5terkoppling, vilket ger en exakt och uppslukande spelupplevelse. Med det 6-axliga gyroskopet f\u00e5r du f\u00f6rb\u00e4ttrad r\u00f6relsekontroll, vilket m\u00f6jligg\u00f6r intuitiv r\u00f6relse i kompatibla spel. De dubbla vibrationsmotorerna f\u00f6rb\u00e4ttrar din spelupplevelse ytterligare genom att ge taktil feedback som g\u00f6r dina \u00e4ventyr \u00e4nnu mer inlevelsefulla.   <\/p>\n<\/div>\n\n\n\n<div class=\"wp-block-column is-layout-flow wp-block-column-is-layout-flow\">\n<figure class=\"wp-block-image size-full\"><img decoding=\"async\" width=\"300\" height=\"300\" src=\"https:\/\/gpdstore.net\/wp-content\/uploads\/2024\/05\/078c9d42-e74f-4fb3-893b-5f22ffd9d6ed.__CR1300600600_PT0_SX300_V1___.jpg\" alt=\"ssd i gpd win 4\" class=\"wp-image-1558\" srcset=\"https:\/\/gpdstore.net\/wp-content\/uploads\/2024\/05\/078c9d42-e74f-4fb3-893b-5f22ffd9d6ed.__CR1300600600_PT0_SX300_V1___.jpg 300w, https:\/\/gpdstore.net\/wp-content\/uploads\/2024\/05\/078c9d42-e74f-4fb3-893b-5f22ffd9d6ed.__CR1300600600_PT0_SX300_V1___-150x150.jpg 150w, https:\/\/gpdstore.net\/wp-content\/uploads\/2024\/05\/078c9d42-e74f-4fb3-893b-5f22ffd9d6ed.__CR1300600600_PT0_SX300_V1___-100x100.jpg 100w\" sizes=\"(max-width: 300px) 100vw, 300px\" \/><\/figure>\n\n\n\n<h3 class=\"wp-block-heading\"><strong><strong><strong>Noll f\u00f6rdr\u00f6jning:<\/strong> Eliminera laddningstider med upp till 4 TB PCIe 4.0 SSD-lagring.<\/strong><\/strong><\/h3>\n\n\n\n<p>GPD WIN 4 2023 erbjuder gott om f\u00f6rvaringsm\u00f6jligheter f\u00f6r att tillgodose ditt spelbibliotek och dina multimediabehov. Med PCIe 4.0 M.2 2280 SSD kan du v\u00e4lja mellan 512 GB, 2 TB eller hela 4 TB lagringsutrymme. Denna h\u00f6ghastighets SSD s\u00e4kerst\u00e4ller snabb data\u00e5tkomst och minskade laddningstider, s\u00e5 att du kan hoppa in i dina favoritspel utan dr\u00f6jsm\u00e5l. Med en s\u00e5 stor lagringskapacitet beh\u00f6ver du aldrig oroa dig f\u00f6r att f\u00e5 slut p\u00e5 utrymme f\u00f6r din v\u00e4xande samling av spel, filmer eller andra mediefiler.    <\/p>\n<\/div>\n\n\n\n<div class=\"wp-block-column is-layout-flow wp-block-column-is-layout-flow\">\n<figure class=\"wp-block-image size-full\"><img decoding=\"async\" width=\"300\" height=\"300\" src=\"https:\/\/gpdstore.net\/wp-content\/uploads\/2024\/05\/a8eb6f30-f8ed-4e5f-8fa9-fd52740523bc.__CR1530747747_PT0_SX300_V1___.jpg\" alt=\"kylsystem f&#xF6;r gpd win mini\" class=\"wp-image-1559\" srcset=\"https:\/\/gpdstore.net\/wp-content\/uploads\/2024\/05\/a8eb6f30-f8ed-4e5f-8fa9-fd52740523bc.__CR1530747747_PT0_SX300_V1___.jpg 300w, https:\/\/gpdstore.net\/wp-content\/uploads\/2024\/05\/a8eb6f30-f8ed-4e5f-8fa9-fd52740523bc.__CR1530747747_PT0_SX300_V1___-150x150.jpg 150w, https:\/\/gpdstore.net\/wp-content\/uploads\/2024\/05\/a8eb6f30-f8ed-4e5f-8fa9-fd52740523bc.__CR1530747747_PT0_SX300_V1___-100x100.jpg 100w\" sizes=\"(max-width: 300px) 100vw, 300px\" \/><\/figure>\n\n\n\n<h3 class=\"wp-block-heading\"><strong><strong><strong>H\u00f6gsta prestanda:<\/strong> F\u00f6rhindra strypning med det 50 % effektivare kylsystemet med dubbla v\u00e4rmeledningsr\u00f6r.<\/strong><\/strong><\/h3>\n\n\n\n<p>GPD WIN 4 2023 har ett sofistikerat kylsystem f\u00f6r att s\u00e4kerst\u00e4lla optimal prestanda \u00e4ven under l\u00e5nga spelsessioner. Med tjocka dubbla v\u00e4rmeledningsr\u00f6r \u00f6kar den h\u00e4r b\u00e4rbara gamingdatorn v\u00e4rmeeffektiviteten med 50% j\u00e4mf\u00f6rt med tidigare modeller. Den f\u00f6rb\u00e4ttrade v\u00e4rmeavledningen ser till att din enhet f\u00f6rblir sval under tung belastning, vilket f\u00f6rhindrar prestandahastighet och ger en smidig och oavbruten spelupplevelse.  <\/p>\n<\/div>\n<\/div>\n\n<h2 class=\"wp-block-heading\">GPD WIN 4 2024: Ett genombrott f\u00f6r b\u00e4rbara speldatorer<\/h2>\n\n<figure class=\"wp-block-image size-large\"><img decoding=\"async\" src=\"https:\/\/gpdstore.net\/wp-content\/uploads\/\" alt=\"gpd win 4 i vitt\" class=\"wp-image-1626\"\/><\/figure>\n\n<h2 class=\"wp-block-heading\"><strong>O\u00f6vertr\u00e4ffad prestanda: Med AMD Ryzen 7- och 5-processorer<\/strong><\/h2>\n\n<p>I k\u00e4rnan av <strong>GPD WIN 5 2023<\/strong> ligger ett val mellan <a href=\"https:\/\/www.amd.com\/en\/products\/apu\/amd-ryzen-7-7840u\" target=\"_blank\" rel=\"noreferrer noopener\">AMD Ryzen 7 7840U-processorn<\/a>, med 8 k\u00e4rnor och 16 tr\u00e5dar som k\u00f6rs upp till 5,1 GHz, och <a href=\"https:\/\/www.amd.com\/en\/products\/apu\/amd-ryzen-5-7640u\" target=\"_blank\" rel=\"noreferrer noopener\">AMD Ryzen 5 7640U<\/a> med 6 k\u00e4rnor och 12 tr\u00e5dar, som n\u00e5r hastigheter p\u00e5 upp till 4,9 GHz. I kombination med AMD Radeon GPU:er garanterar <strong>GPD WIN 4 2023<\/strong> en smidig spelupplevelse \u00e4ven i de mest kr\u00e4vande titlarna. Dess kraftfulla grafikkort ger fantastiska bilder och j\u00e4mn bildfrekvens, vilket ger en uppslukande spelupplevelse oavsett om du utforskar stora \u00f6ppna v\u00e4rldar eller deltar i intensiva multiplayer-strider.<\/p>\n\n<h2 class=\"wp-block-heading\"><strong>Sl\u00e4pp loss din kreativitet: Upp till 64 GB LPDDR5X RAM<\/strong><\/h2>\n\n<p>F\u00f6r att komplettera den otroliga prestandan \u00e4r <strong>GPD WIN 4 2023<\/strong> utrustad med 32 GB eller 64 GB LPDDR5X RAM-minne p\u00e5 7840U-modellen och 16 GB <a href=\"https:\/\/en.wikipedia.org\/wiki\/LPDDR\" target=\"_blank\" rel=\"noreferrer noopener\">LPDDR5X<\/a> RAM-minne p\u00e5 7640U-modellen. Med en blixtsnabb minneshastighet p\u00e5 6400 MT\/s kan du uppleva snabba laddningstider och s\u00f6ml\u00f6s multitasking. S\u00e4g adj\u00f6 till lagg och njut av oavbrutet spelande n\u00e4r du tar dig an uppdrag, utforskar nya v\u00e4rldar eller skapar dina virtuella m\u00e4sterverk.<\/p>\n\n<h2 class=\"wp-block-heading\"><strong>F\u00e4ngslande visuella intryck: 6&#8243; peksk\u00e4rmsdisplay<\/strong><\/h2>\n\n<p>Upplev spel som aldrig f\u00f6rr med <strong>GPD WIN 4 2023<\/strong>:s fantastiska 6-tums peksk\u00e4rm. Med Full HD-uppl\u00f6sning (1920&#215;1080) och en pixeldensitet p\u00e5 368 <a href=\"https:\/\/en.wikipedia.org\/wiki\/Pixel_density\" target=\"_blank\" rel=\"noreferrer noopener\">PPI<\/a> \u00e5terges varje bildruta med precision och klarhet. Sk\u00e4rmen st\u00f6der en uppdateringsfrekvens p\u00e5 44 Hz och 60 Hz, vilket garanterar ett smidigt spel och minimerar r\u00f6relseosk\u00e4rpa. F\u00f6rdjupa dig i de f\u00e4ngslande v\u00e4rldarna i dina favoritspel med bilder som kommer till liv.   <\/p>\n\n<h2 class=\"wp-block-heading\"><strong>Smidigt skrivande: QWERTY-tangentbord med justerbar bakgrundsbelysning<\/strong><\/h2>\n\n<p><strong>GPD WIN 4 2023<\/strong> \u00e4r utformad f\u00f6r att vara bekv\u00e4m och har ett QWERTY-tangentbord med saxv\u00e4xlar. Tangentbordet ger en taktil skrivupplevelse och g\u00f6r att du kan chatta med v\u00e4nner, surfa p\u00e5 webben eller g\u00f6ra anteckningar utan anstr\u00e4ngning. Den justerbara bakgrundsbelysningen som alltid \u00e4r p\u00e5 ser till att du kan forts\u00e4tta spela eller arbeta \u00e4ven i svagt upplysta milj\u00f6er. \u00d6verg\u00e5 s\u00f6ml\u00f6st fr\u00e5n spel till produktivitet med <strong>GPD WIN 4 2023<\/strong>:s bekv\u00e4ma och m\u00e5ngsidiga tangentbord.   <\/p>\n\n<h2 class=\"wp-block-heading\"><strong>Flytande navigering: Optisk fingernavigering<\/strong><\/h2>\n\n<p>Att navigera genom dina favoritspel och applikationer \u00e4r enkelt med <strong>GPD WIN 4 2023<\/strong>:s optiska fingernavigering. S\u00e4g adj\u00f6 till besv\u00e4rliga pekplattor och njut av exakt och responsiv kontroll med denna intuitiva funktion. Oavsett om du bl\u00e4ddrar i menyer eller utforskar expansiva milj\u00f6er ger den optiska fingernavigeringen smidig och exakt navigering f\u00f6r en s\u00f6ml\u00f6s anv\u00e4ndarupplevelse.  <\/p>\n\n<h2 class=\"wp-block-heading\"><strong>M\u00e5ngsidig anslutningsm\u00f6jlighet: USB4, OCuLink, USB typ C och microSD-kortplats<\/strong><\/h2>\n\n<figure class=\"wp-block-image size-full\"><img decoding=\"async\" src=\"https:\/\/gpdstore.net\/wp-content\/uploads\/\" alt=\"gpd win 4 med gpd g1\" class=\"wp-image-1625\"\/><\/figure>\n\n<p><strong>GPD WIN 4 2023<\/strong> tillgodoser dina anslutningsbehov med en rad olika alternativ. USB4-porten g\u00f6r att du kan ansluta externa enheter och kringutrustning, vilket ut\u00f6kar dina spelm\u00f6jligheter. <a href=\"https:\/\/droix.net\/blogs\/oculink-transforming-graphics-card-connectivity\/\" target=\"_blank\" rel=\"noreferrer noopener\">OCuLink-porten<\/a> ger en direkt <a href=\"https:\/\/en.wikipedia.org\/wiki\/PCI_Express\" target=\"_blank\" rel=\"noreferrer noopener\">PCIe<\/a> Gen4 x4-anslutning med en imponerande effektiv bandbredd p\u00e5 63 Gbps, vilket st\u00f6der blixtsnabb data\u00f6verf\u00f6ring och GPD G1 Docking Station f\u00f6r ytterligare anslutningsm\u00f6jligheter. USB Type-C-porten s\u00e4kerst\u00e4ller kompatibilitet med en m\u00e4ngd olika enheter och microSD-kortplatsen ger m\u00f6jlighet till bekv\u00e4m lagringsexpansion.   <\/p>\n\n<h2 class=\"wp-block-heading\"><strong>H\u00f6ghastighetsanslutning: Wi-Fi 6 &amp; Bluetooth 5.2<\/strong><\/h2>\n\n<p>H\u00e5ll dig s\u00f6ml\u00f6st uppkopplad med <strong>GPD WIN 4 2023<\/strong>:s Wi-Fi 6-kapacitet. Med hastigheter p\u00e5 upp till 2042 Mbps kan du njuta av f\u00f6rdr\u00f6jningsfria onlinespel, smidig streaming och snabba nedladdningar. S\u00e4g farv\u00e4l till f\u00f6rdr\u00f6jningar och njut av en stabil och responsiv anslutning vart \u00e4n dina \u00e4ventyr tar dig. Oavsett om du k\u00e4mpar mot motst\u00e5ndare online eller streamar ditt favoritinneh\u00e5ll, h\u00e5ller <strong>GPD WIN 4 2023<\/strong> dig ansluten med o\u00f6vertr\u00e4ffad hastighet.   <\/p>\n\n<h2 class=\"wp-block-heading\"><strong>4G LTE-modul som tillval: H\u00e5ll dig uppkopplad \u00f6verallt<\/strong><\/h2>\n\n<p>F\u00f6r dem som vill ha oavbruten uppkoppling \u00e4ven utanf\u00f6r Wi-Fi-n\u00e4tverk erbjuder <strong>GPD WIN 4 2023<\/strong> en GPD 4G LTE-modul som tillval. Med st\u00f6d f\u00f6r 4G TD-LTE, FDD-LTE och 3G CDMA-n\u00e4tverk ser den h\u00e4r modulen till att du kan h\u00e5lla dig uppkopplad var du \u00e4n \u00e4r. S\u00e4tt bara i ett Nano-SIM-kort s\u00e5 har du tillg\u00e5ng till snabb och tillf\u00f6rlitlig mobildata n\u00e4r du \u00e4r p\u00e5 spr\u00e5ng. H\u00e5ll kontakten med v\u00e4nner, delta i multiplayer online och njut av str\u00f6mmande underh\u00e5llning utan att f\u00f6rlita dig p\u00e5 Wi-Fi-n\u00e4tverk.   <\/p>\n\n<h2 class=\"wp-block-heading\"><strong>Vi presenterar MotionAssistant: F\u00f6rh\u00f6j din spelupplevelse<\/strong><\/h2>\n\n<p>F\u00f6r att ytterligare f\u00f6rb\u00e4ttra din spelupplevelse \u00e4r <strong>GPD WIN 4 2023<\/strong> utrustad med den kraftfulla programvaran MotionAssistant. Detta verktyg \u00e4r speciellt utvecklat f\u00f6r GPD-serien av handh\u00e5llna spelenheter och erbjuder en m\u00e4ngd olika optimeringsfunktioner f\u00f6r att finjustera din spelupplevelse. Fr\u00e5n TDP tuning i steg om 1 W till GPU-l\u00e5sfrekvens har du fullst\u00e4ndig kontroll \u00f6ver enhetens prestanda. F\u00f6rdefinierade inst\u00e4llningar f\u00f6r str\u00f6mf\u00f6rbrukning g\u00f6r att du kan balansera prestanda och batteritid efter dina behov. Programvaran inneh\u00e5ller ocks\u00e5 genv\u00e4gsknappar f\u00f6r f\u00f6rgrundsv\u00e4xling, \u00f6verl\u00e4gg p\u00e5 spelsk\u00e4rmen f\u00f6r snabb \u00e5tkomst till viktiga funktioner och anpassad mappning av bak\u00e5tknappar till genv\u00e4gsknappar. Med MotionAssistant kan du \u00e4ndra inst\u00e4llningar utan att avbryta ditt spelande, vilket g\u00f6r det enklare \u00e4n n\u00e5gonsin att optimera din spelupplevelse.     <\/p>\n\n<h2 class=\"wp-block-heading\"><strong>Sammanfattningsvis<\/strong><\/h2>\n\n<p><strong>GPD WIN 4 2023<\/strong> omdefinierar on-the-go gaming och erbjuder en kompakt formfaktor med kraftfull h\u00e5rdvara, en f\u00e4ngslande sk\u00e4rm, bekv\u00e4ma kontroller och m\u00e5ngsidiga anslutningsm\u00f6jligheter. Oavsett om du \u00e4r en avslappnad spelare som njuter av dina favorittitlar eller en seri\u00f6s entusiast som s\u00f6ker h\u00f6gpresterande spel p\u00e5 resande fot, \u00e4r <strong>GPD WIN 4 2023<\/strong> den perfekta f\u00f6ljeslagaren. Sl\u00e4pp loss din spelkraft var som helst, n\u00e4r som helst med denna anm\u00e4rkningsv\u00e4rda enhet. G\u00f6r dig redo att omdefiniera b\u00e4rbart spelande med <strong>GPD WIN 4 2023<\/strong>.   <\/p>\n\n<h3 class=\"wp-block-heading\"><strong>F\u00f6rdelar med GPD WIN 4 2023:<\/strong><\/h3>\n\n<ol class=\"wp-block-list\">\n<li><strong>Kraftfull prestanda:<\/strong> Med h\u00f6gpresterande AMD Ryzen 5 &amp; 7-serie CPU och GPU, som erbjuder exceptionell spelprestanda och multitasking-funktioner.<\/li>\n\n\n\n<li><strong>Kompakt och b\u00e4rbar design:<\/strong> Den handh\u00e5llna formfaktorn g\u00f6r det bekv\u00e4mt att spela n\u00e4r du \u00e4r p\u00e5 spr\u00e5ng. Den \u00e4r l\u00e4tt och f\u00e5r enkelt plats i v\u00e4skan, s\u00e5 att du kan njuta av spelandet var du \u00e4n \u00e4r. <\/li>\n\n\n\n<li><strong>M\u00e5ngsidiga anslutningsm\u00f6jligheter:<\/strong> Erbjuder en rad olika anslutningsm\u00f6jligheter, inklusive USB4, Oculink, USB typ C och en microSD-kortplats. Dessa alternativ ger flexibilitet f\u00f6r att ansluta externa enheter och ut\u00f6ka lagringsutrymmet. <\/li>\n\n\n\n<li><strong>Alternativ f\u00f6r anpassning:<\/strong> Med MotionAssistant-programvaran kan du finjustera och optimera din spelupplevelse. Fr\u00e5n TDP -tuning till anpassad mappning av knappar, anpassa enheten s\u00e5 att den passar dina preferenser. <\/li>\n\n\n\n<li><strong>Allt-i-ett-l\u00f6sning f\u00f6r spel:<\/strong> Kombinerar funktionaliteten hos en speldator med b\u00e4rbarheten hos en handh\u00e5llen enhet, vilket eliminerar behovet av separata spelkonsoler och g\u00f6r att du kan njuta av ett brett utbud av spel i en och samma enhet.<\/li>\n<\/ol>\n\n<h3 class=\"wp-block-heading\"><strong>Nackdelar med GPD WIN 4 2023:<\/strong><\/h3>\n\n<ol class=\"wp-block-list\">\n<li><strong>Begr\u00e4nsad sk\u00e4rmstorlek:<\/strong> Med en 6&#8243; peksk\u00e4rm, som kan k\u00e4nnas liten j\u00e4mf\u00f6rt med st\u00f6rre spelhanddatorer eller skrivbordsmonitorer, vilket kan p\u00e5verka den uppslukande upplevelsen f\u00f6r vissa spelare.<\/li>\n\n\n\n<li><strong>Minskad storlek p\u00e5 tangentbordet:<\/strong> P\u00e5 grund av den kompakta formfaktorn \u00e4r tangentbordet mindre och det kan ta lite tid att v\u00e4nja sig vid f\u00f6r anv\u00e4ndare som \u00e4r vana vid fullstora tangentbord.<\/li>\n\n\n\n<li>F\u00f6rlitar sig <strong>p\u00e5 batteri:<\/strong> Eftersom GPD WIN 4 2023 \u00e4r en b\u00e4rbar enhet f\u00f6rlitar den sig p\u00e5 sitt interna batteri f\u00f6r str\u00f6mf\u00f6rs\u00f6rjning. Ut\u00f6kade spelsessioner kan kr\u00e4va frekvent laddning, vilket begr\u00e4nsar m\u00e4ngden oavbruten speltid&#8230; <\/li>\n<\/ol>\n","protected":false},"excerpt":{"rendered":"<ul>\n<li>PROCESSOR: AMD Ryzen 5 \/ 7<strong> 7640U \/ 7840U <\/strong> <\/li>\n<li>GPU: AMD Radeon<strong> 760M \/ 780M<\/strong><\/li>\n<li>RAM: upp till<strong> 64 GB LPDDR5X @ 6400 MT\/s<\/strong><\/li>\n<li>LAGER: upp till<strong> 4 TB<\/strong> <strong>Gen 4<\/strong> PCI-E NVMe SSD<\/li>\n<li>ANSLUTNING: St\u00f6d f\u00f6r Wi-Fi<strong> 6<\/strong> och Bluetooth <strong>5.2<\/strong> <\/li>\n<\/ul>\n<p><img loading=\"lazy\" decoding=\"async\" src=\"https:\/\/gpdstore.net\/wp-content\/uploads\/2024\/03\/WIN-4-FREE-GIFTS.jpg\" alt=\"\" width=\"2000\" height=\"500\" class=\"alignnone size-full wp-image-4175\" srcset=\"https:\/\/gpdstore.net\/wp-content\/uploads\/2024\/03\/WIN-4-FREE-GIFTS.jpg 2000w, https:\/\/gpdstore.net\/wp-content\/uploads\/2024\/03\/WIN-4-FREE-GIFTS-600x150.jpg 600w, https:\/\/gpdstore.net\/wp-content\/uploads\/2024\/03\/WIN-4-FREE-GIFTS-1200x300.jpg 1200w, https:\/\/gpdstore.net\/wp-content\/uploads\/2024\/03\/WIN-4-FREE-GIFTS-768x192.jpg 768w, https:\/\/gpdstore.net\/wp-content\/uploads\/2024\/03\/WIN-4-FREE-GIFTS-1536x384.jpg 1536w, https:\/\/gpdstore.net\/wp-content\/uploads\/2024\/03\/WIN-4-FREE-GIFTS-360x90.jpg 360w, https:\/\/gpdstore.net\/wp-content\/uploads\/2024\/03\/WIN-4-FREE-GIFTS-990x248.jpg 990w, https:\/\/gpdstore.net\/wp-content\/uploads\/2024\/03\/WIN-4-FREE-GIFTS-441x110.jpg 441w, https:\/\/gpdstore.net\/wp-content\/uploads\/2024\/03\/WIN-4-FREE-GIFTS-150x38.jpg 150w\" sizes=\"(max-width: 2000px) 100vw, 2000px\" \/><\/p>\n[cg_accordion title=\"BETALNINGSINFORMATION\"]<\/p>\n<p>Vi anv\u00e4nder den senaste tekniken f\u00f6r betalningshantering, vilket g\u00f6r att du kan checka ut via ditt betalkort eller kreditkort eller PayPal f\u00f6r en snabb och s\u00e4ker upplevelse.[\/cg_accordion]\n[cg_accordion title=\"GARANTI\"]<\/p>\n<p>2 \u00e5rs garanti fr\u00e5n <a href=\"https:\/\/droix.net\/\" target=\"_blank\" rel=\"nofollow noopener\">DROIX Global<\/a> f\u00f6r att du ska k\u00e4nna dig trygg[\/cg_accordion]\n[cg_accordion title=\"KVALITETSS\u00c4KRING OCH TESTNING F\u00d6RE AVS\u00c4NDNING\"]<\/p>\n<p>S\u00e4kerst\u00e4ller kundn\u00f6jdhet p\u00e5 h\u00f6gsta niv\u00e5: Varje enhet genomg\u00e5r rigor\u00f6sa tester och en kvalitetss\u00e4kringskontroll i flera punkter innan den skickas. V\u00e5rt dedikerade team verifierar prestanda, funktionalitet och komponentintegritet f\u00f6r att garantera att din GPD-enhet \u00e4r i perfekt skick vid ankomsten, vilket ger dig f\u00f6rtroende och sinnesfrid. [\/cg_accordion]\n[cg_accordion title=\"PRISER, SKATTER OCH FRAKT\"]<\/p>\n<p><strong><u>Obs!<\/u><\/strong><\/p>\n<ul>\n<li>Kunder i F\u00f6renta staterna: Det visade priset inkluderar INTE SKATT eller tullar. Ansvaret f\u00f6r att tullklarera och betala eventuell tillh\u00f6rande skatt\/avgift ligger p\u00e5 kunden. <\/li>\n<li>EU-kunder: Det visade priset inkluderar till\u00e4mplig skatt, som kan vara upp till 25% beroende p\u00e5 ditt land.<\/li>\n<li>Kunder i Kanada: Det visade priset inkluderar till\u00e4mpliga skatter, vilket kan inkludera 5% GST och ytterligare Provincial Sales Taxes (PST), Harmonized Sales Tax (HST) eller Quebec Sales Tax (QST), beroende p\u00e5 din provins.<\/li>\n<\/ul>\n<p><strong>ENDAST f\u00f6r EU-kunder:<\/strong> Express DDP (Delivered Duty Paid). Detta betyder: <\/p>\n<ul>\n<li>Alla tullavgifter och skatter ing\u00e5r i det pris som visas p\u00e5 produktsidan.<\/li>\n<li>Du beh\u00f6ver inte betala n\u00e5gra extra avgifter vid leverans.<\/li>\n<li>I s\u00e4llsynta fall av tullrelaterade problem kommer v\u00e5rt team att hantera tullklareringsprocessen f\u00f6r din r\u00e4kning f\u00f6r att s\u00e4kerst\u00e4lla en smidig leveransupplevelse.<\/li>\n<p>Viktig information om returer:<\/p>\n<li>Om du best\u00e4mmer dig f\u00f6r att returnera din best\u00e4llning eller beg\u00e4ra \u00e5terbetalning ska du vara medveten om att skatter och avgifter som betalats f\u00f6r din r\u00e4kning enligt DDP-villkoren inte kan \u00e5terbetalas.<\/li>\n<p>F\u00f6r detaljerad information h\u00e4nvisas till v\u00e5ra allm\u00e4nna <a href=\"https:\/\/droix.net\/terms-and-conditions\/\" target=\"_blank\" rel=\"nofollow noopener\">villkor<\/a>.\n<\/ul>\n<p>[\/cg_accordion]\n[cg_accordion title=\"KUNDTJ\u00c4NST\"]<\/p>\n<p>Har du en fr\u00e5ga? Vi \u00e4r bara ett kort sms bort fr\u00e5n att ha l\u00f6st ditt problem! <\/p>\n<p>F\u00f6r detaljerad information h\u00e4nvisas till v\u00e5ra allm\u00e4nna <a href=\"https:\/\/gpdstore.net\/sv\/terms-of-service\/\" target=\"_blank\" rel=\"nofollow noopener\">villkor<\/a>.\n<\/ul>\n<p>[\/cg_accordion]\n[cg_accordion title=\"VAD SOM ING\u00c5R\"]<\/p>\n<ul>\n<li>1x GPD WIN 4 2023<\/li>\n<li>1x n\u00e4tadapter<\/li>\n<li>1x USB typ C-kabel<\/li>\n<li>1x Anv\u00e4ndarhandbok<\/li>\n<\/ul>\n<p>[\/cg_accordion]\n","protected":false},"featured_media":10291,"template":"","meta":{"_acf_changed":false},"product_brand":[],"product_cat":[693],"product_tag":[696],"woo-feed-brand":[697],"class_list":{"0":"post-7958","1":"product","2":"type-product","3":"status-publish","4":"has-post-thumbnail","6":"product_cat-gpd-handhallen-pc-for-spel","7":"product_tag-gpd-win-4-sv","8":"product_shipping_class-premium","9":"pa_bluetooth-5-2-sv","10":"pa_brand-gpd","11":"pa_graphics-gpu-model-radeon-760m-sv","12":"pa_graphics-gpu-model-radeon-780m-sv","13":"pa_i-o-video-1x-oculink-sv","14":"pa_i-o-video-via-1x-usb-4-0-typ-c-40-gb-s","15":"pa_memory-ram-capacity-16-gb","16":"pa_memory-ram-capacity-32-gb","17":"pa_memory-ram-capacity-64-gb-sv","18":"pa_memory-ram-technology-lpddr5x-sv","19":"pa_processor-cpu-model-amd-ryzen-5-7640u","20":"pa_processor-cpu-model-amd-ryzen-7-7840u","21":"pa_storage-capacity-1-tb","22":"pa_storage-capacity-2tb-sv","23":"pa_storage-capacity-4tb-sv","24":"pa_storage-capacity-512-gb","25":"pa_storage-technology-pcie-gen-4-sv","26":"pa_wi-fi-wi-fi-6-sv","27":"woo-feed-brand-gpd-sv","29":"first","30":"outofstock","31":"sale","32":"taxable","33":"shipping-taxable","34":"purchasable","35":"product-type-variable","36":"has-default-attributes"},"acf":[],"aioseo_notices":[],"_links":{"self":[{"href":"https:\/\/gpdstore.net\/sv\/wp-json\/wp\/v2\/product\/7958","targetHints":{"allow":["GET"]}}],"collection":[{"href":"https:\/\/gpdstore.net\/sv\/wp-json\/wp\/v2\/product"}],"about":[{"href":"https:\/\/gpdstore.net\/sv\/wp-json\/wp\/v2\/types\/product"}],"wp:featuredmedia":[{"embeddable":true,"href":"https:\/\/gpdstore.net\/sv\/wp-json\/wp\/v2\/media\/10291"}],"wp:attachment":[{"href":"https:\/\/gpdstore.net\/sv\/wp-json\/wp\/v2\/media?parent=7958"}],"wp:term":[{"taxonomy":"product_brand","embeddable":true,"href":"https:\/\/gpdstore.net\/sv\/wp-json\/wp\/v2\/product_brand?post=7958"},{"taxonomy":"product_cat","embeddable":true,"href":"https:\/\/gpdstore.net\/sv\/wp-json\/wp\/v2\/product_cat?post=7958"},{"taxonomy":"product_tag","embeddable":true,"href":"https:\/\/gpdstore.net\/sv\/wp-json\/wp\/v2\/product_tag?post=7958"},{"taxonomy":"woo-feed-brand","embeddable":true,"href":"https:\/\/gpdstore.net\/sv\/wp-json\/wp\/v2\/woo-feed-brand?post=7958"}],"curies":[{"name":"wp","href":"https:\/\/api.w.org\/{rel}","templated":true}]}}