{"id":7732,"date":"2023-03-24T15:50:53","date_gmt":"2023-03-24T15:50:53","guid":{"rendered":"https:\/\/gpdstore.net\/okategoriserad\/gpd-stylus-4096-pp\/"},"modified":"2025-12-23T10:33:59","modified_gmt":"2025-12-23T10:33:59","slug":"gpd-stylus-4096-pp","status":"publish","type":"product","link":"https:\/\/gpdstore.net\/sv\/product\/gpd-stylus-4096-pp\/","title":{"rendered":"GPD Stylus 4096 PP"},"content":{"rendered":"\n<p>F\u00f6rb\u00e4ttra ditt spelande och din produktivitet n\u00e4r du \u00e4r p\u00e5 spr\u00e5ng med v\u00e5r Ultrabook Stylus &#8211; speciellt utformad f\u00f6r GPD-enheter. GPD Stylus har 4096 tryckpunkter f\u00f6r exakt och naturlig inmatning, medan den eleganta gr\u00e5 f\u00e4rgen och det interna batteriet ger en f\u00f6rstklassig anv\u00e4ndarupplevelse. V\u00e5r stylus \u00e4r perfekt kompatibel med GPD Pocket 3 och WIN Max 2 och ger b\u00e4ttre kontroll och precision f\u00f6r dina favoritspel och applikationer. Oavsett om du ritar, g\u00f6r anteckningar eller navigerar p\u00e5 din enhet \u00e4r v\u00e5r GPD Stylus det perfekta tillbeh\u00f6ret f\u00f6r din ultrabook. Best\u00e4ll nu f\u00f6r att ta din produktivitet och kreativitet till n\u00e4sta niv\u00e5!    <\/p>\n","protected":false},"excerpt":{"rendered":"<ul>\n<li>Kompatibel med <strong>GPD Pocket 3<\/strong> och <strong>GPD WIN MAX 2<\/strong><\/li>\n<li>Tryckk\u00e4nslighet f\u00f6r penna med <strong>4096 niv\u00e5er<\/strong> <\/li>\n<li><strong>Snygg<\/strong>, ergonomisk design<\/li>\n<li><strong>Uppladdningsbart batteri<\/strong> med upp till 10 timmars batteritid<\/li>\n<li>Memoskrivning och teckeninmatning<\/li>\n<\/ul>\n[cg_accordion title=\"BETALNINGSINFORMATION\"]<\/p>\n<p>Vi anv\u00e4nder den senaste tekniken f\u00f6r betalningshantering, vilket g\u00f6r att du kan checka ut via Apple Pay, Google Pay, ditt betalkort\/kreditkort, PayPal eller BNPL-metoder som Klarna, Affirm eller AfterPay f\u00f6r en snabb och s\u00e4ker upplevelse.[\/cg_accordion]\n[cg_accordion title=\"GARANTI\"]<\/p>\n<p>2 \u00e5rs garanti fr\u00e5n <a href=\"https:\/\/droix.net\/\" target=\"_blank\" rel=\"nofollow noopener\">DROIX Global<\/a> f\u00f6r att du ska k\u00e4nna dig trygg[\/cg_accordion]\n[cg_accordion title=\"PRISER, SKATTER OCH FRAKT\"]<\/p>\n<p><strong><u>Obs!<\/u><\/strong><\/p>\n<ul>\n<li>Kunder i F\u00f6renta staterna: Det visade priset inkluderar INTE SKATT eller tullar. Ansvaret f\u00f6r att tullklarera och betala eventuell tillh\u00f6rande skatt\/avgift ligger p\u00e5 kunden. <\/li>\n<li>EU-kunder: Det visade priset inkluderar till\u00e4mplig skatt, som kan vara upp till 25% beroende p\u00e5 ditt land.<\/li>\n<li>Kunder i Kanada: Det visade priset inkluderar till\u00e4mpliga skatter, vilket kan inkludera 5% GST och ytterligare Provincial Sales Taxes (PST), Harmonized Sales Tax (HST) eller Quebec Sales Tax (QST), beroende p\u00e5 din provins.<\/li>\n<\/ul>\n<p><strong>ENDAST f\u00f6r EU-kunder:<\/strong> Express DDP (Delivered Duty Paid). Detta betyder: <\/p>\n<ul>\n<li>Alla tullavgifter och skatter ing\u00e5r i det pris som visas p\u00e5 produktsidan.<\/li>\n<li>Du beh\u00f6ver inte betala n\u00e5gra extra avgifter vid leverans.<\/li>\n<li>I s\u00e4llsynta fall av tullrelaterade problem kommer v\u00e5rt team att hantera tullklareringsprocessen f\u00f6r din r\u00e4kning f\u00f6r att s\u00e4kerst\u00e4lla en smidig leveransupplevelse.<\/li>\n<p>Viktig information om returer:<\/p>\n<li>Om du best\u00e4mmer dig f\u00f6r att returnera din best\u00e4llning eller beg\u00e4ra \u00e5terbetalning ska du vara medveten om att skatter och avgifter som betalats f\u00f6r din r\u00e4kning enligt DDP-villkoren inte kan \u00e5terbetalas.<\/li>\n<p>F\u00f6r detaljerad information h\u00e4nvisas till v\u00e5ra allm\u00e4nna <a href=\"https:\/\/gpdstore.net\/sv\/terms-of-service\/\" target=\"_blank\" rel=\"nofollow noopener\">villkor<\/a>.\n<\/ul>\n<p>[\/cg_accordion]\n[cg_accordion title=\"KUNDTJ\u00c4NST\"]<\/p>\n<p>Har du en fr\u00e5ga? Vi \u00e4r bara ett kort sms bort fr\u00e5n att ha l\u00f6st ditt problem!<br \/>\n[\/cg_accordion]\n[cg_accordion title=\"VAD SOM ING\u00c5R\"]<\/p>\n<ul>\n<li>1x GPD Stylus<\/li>\n<\/ul>\n<p>[\/cg_accordion]\n","protected":false},"featured_media":7737,"template":"","meta":{"_acf_changed":false},"product_brand":[],"product_cat":[1216],"product_tag":[1758],"woo-feed-brand":[697],"class_list":{"0":"post-7732","1":"product","2":"type-product","3":"status-publish","4":"has-post-thumbnail","6":"product_cat-tillbehor","7":"product_tag-gpd-wm2-tillbehor","8":"product_shipping_class-low-end","9":"pa_accessory-type-stylus-sv","10":"pa_brand-gpd","11":"woo-feed-brand-gpd-sv","13":"first","14":"outofstock","15":"sale","16":"taxable","17":"shipping-taxable","18":"purchasable","19":"product-type-simple"},"acf":[],"aioseo_notices":[],"_links":{"self":[{"href":"https:\/\/gpdstore.net\/sv\/wp-json\/wp\/v2\/product\/7732","targetHints":{"allow":["GET"]}}],"collection":[{"href":"https:\/\/gpdstore.net\/sv\/wp-json\/wp\/v2\/product"}],"about":[{"href":"https:\/\/gpdstore.net\/sv\/wp-json\/wp\/v2\/types\/product"}],"wp:featuredmedia":[{"embeddable":true,"href":"https:\/\/gpdstore.net\/sv\/wp-json\/wp\/v2\/media\/7737"}],"wp:attachment":[{"href":"https:\/\/gpdstore.net\/sv\/wp-json\/wp\/v2\/media?parent=7732"}],"wp:term":[{"taxonomy":"product_brand","embeddable":true,"href":"https:\/\/gpdstore.net\/sv\/wp-json\/wp\/v2\/product_brand?post=7732"},{"taxonomy":"product_cat","embeddable":true,"href":"https:\/\/gpdstore.net\/sv\/wp-json\/wp\/v2\/product_cat?post=7732"},{"taxonomy":"product_tag","embeddable":true,"href":"https:\/\/gpdstore.net\/sv\/wp-json\/wp\/v2\/product_tag?post=7732"},{"taxonomy":"woo-feed-brand","embeddable":true,"href":"https:\/\/gpdstore.net\/sv\/wp-json\/wp\/v2\/woo-feed-brand?post=7732"}],"curies":[{"name":"wp","href":"https:\/\/api.w.org\/{rel}","templated":true}]}}