{"id":7587,"date":"2023-03-26T17:56:24","date_gmt":"2023-03-26T17:56:24","guid":{"rendered":"https:\/\/gpdstore.net\/okategoriserad\/gpd-win-max-2021-handhallen-dator-for-spel\/"},"modified":"2025-12-23T10:34:30","modified_gmt":"2025-12-23T10:34:30","slug":"gpd-win-max-2021","status":"publish","type":"product","link":"https:\/\/gpdstore.net\/sv\/product\/gpd-win-max-2021\/","title":{"rendered":"GPD WIN MAX 2021 Handh\u00e5llen dator f\u00f6r spel"},"content":{"rendered":"\n<p>GPD WIN MAX 2021 \u00e4r en ultrabook f\u00f6r gaming som har utformats f\u00f6r PC-spel n\u00e4r du \u00e4r p\u00e5 spr\u00e5ng. Denna kraftfulla enhet finns i tv\u00e5 versioner, den ena med Intel\u00ae Core\u2122 i7-1195G7-processor och den andra med AMD Ryzen\u2122 7 4800U cpu. Bortsett fr\u00e5n de olika CPU-alternativen \u00e4r b\u00e5da versionerna av enheten exakt desamma.  <\/p>\n\n<p>P\u00e5 GPD Store \u00e4r vi stolta \u00f6ver att kunna erbjuda GPD WIN MAX 2021 till spelare som vill ha en h\u00f6gpresterande PC-spelhanddator som de kan ta med sig \u00f6verallt. Den h\u00e4r ultrabooken \u00e4r perfekt f\u00f6r spelare som vill kunna spela sina favoritspel n\u00e4r de \u00e4r p\u00e5 spr\u00e5ng, utan att beh\u00f6va g\u00f6ra avkall p\u00e5 prestanda eller kvalitet. <\/p>\n\n<p>GPD WIN MAX 2021 \u00e4r en kraftfull ultrabook f\u00f6r spel som har en 8,0 tums IPS-peksk\u00e4rm med en uppl\u00f6sning p\u00e5 1280 x 800 pixlar. Enheten levereras med integrerad Intel\u00ae Iris\u00ae Xe Graphics eller AMD Radeon\u2122 Graphics, vilket g\u00f6r den perfekt f\u00f6r att k\u00f6ra kr\u00e4vande spel och applikationer. <\/p>\n\n<p>N\u00e4r det g\u00e4ller processorkraft \u00e4r GPD WIN MAX 2021 tillg\u00e4nglig med antingen Intel\u00ae Core\u2122 i7-1195G7-processor eller AMD Ryzen\u2122 7 4800U CPU. Dessa kraftfulla processorer s\u00e4kerst\u00e4ller att enheten kan hantera \u00e4ven de mest kr\u00e4vande spelen och applikationerna med l\u00e4tthet. <\/p>\n\n<p>GPD WIN MAX 2021 har ocks\u00e5 16 GB LPDDR4X 4266 MT\/s RAM och 1 TB M.2 NVMe SSD-lagring, vilket s\u00e4kerst\u00e4ller att du har gott om utrymme f\u00f6r att lagra dina spel och annan data.  Enheten har ocks\u00e5 en m\u00e4ngd olika portar, inklusive en USB Type-C-port, en USB 3.0-port, en HDMI-port och ett 3,5 mm h\u00f6rlursuttag.<\/p>\n\n<p>En av de utm\u00e4rkande egenskaperna hos GPD WIN MAX 2021 \u00e4r dess kompakta storlek. Trots att det \u00e4r en kraftfull ultrabook m\u00e4ter enheten bara 8,5 x 5,7 x 1,1 tum och v\u00e4ger bara 1,5 kilo. Det g\u00f6r den enkel att ta med sig vart du \u00e4n g\u00e5r, oavsett om du \u00e4r p\u00e5 resande fot eller bara vill njuta av dina favoritspel i soffan.  <\/p>\n\n<p>GPD WIN MAX 2021 har ocks\u00e5 en inbyggd spelkontroll, komplett med en D-pad, analoga spakar och avtryckarknappar. Detta g\u00f6r det enkelt att spela dina favoritspel utan att beh\u00f6va ansluta en extern styrenhet. Enheten har ocks\u00e5 ett fullt QWERTY-tangentbord, vilket g\u00f6r det enkelt att skriva och navigera genom menyer.  <\/p>\n\n<p>P\u00e5 GPD Store anser vi att GPD WIN MAX 2021 \u00e4r den perfekta ultrabooken f\u00f6r gamers som vill ha en h\u00f6gpresterande handdator f\u00f6r PC-spel som de kan ta med sig \u00f6verallt. Den h\u00e4r kraftfulla enheten \u00e4r perfekt f\u00f6r spelare som vill kunna spela sina favoritspel n\u00e4r de \u00e4r p\u00e5 spr\u00e5ng, utan att beh\u00f6va g\u00f6ra avkall p\u00e5 prestanda eller kvalitet. <\/p>\n\n<p>Oavsett om du \u00e4r en casual gamer eller en hardcore gamer \u00e4r GPD WIN MAX 2021 den perfekta enheten f\u00f6r dig. Med sin kraftfulla processor, h\u00f6gkvalitativa grafik och kompakta storlek \u00e4r det den ultimata ultrabooken f\u00f6r PC-spel n\u00e4r du \u00e4r p\u00e5 spr\u00e5ng. S\u00e5 varf\u00f6r v\u00e4nta? Bes\u00f6k GPD Store idag och f\u00e5 tag p\u00e5 GPD WIN MAX 2021.   <\/p>\n","protected":false},"excerpt":{"rendered":"<ul>\n<li>AMD <strong>Ryzen 7 6800U<\/strong> @2,7 GHz TDP 15-28W<\/li>\n<li>AMD Radeon 680M <strong>12 CU:s @2200 MHz<\/strong><\/li>\n<li><strong>upp till 32 GB LPDDR5-6400 MT\/s<\/strong><\/li>\n<li><strong>upp till 2 TB<\/strong> h\u00f6ghastighets PCI-E <strong>NVMe<\/strong> SSD<\/li>\n<li>St\u00f6d f\u00f6r WiFi 6 och Bluetooth <strong>5.2<\/strong>  <\/li>\n<\/ul>\n<p> [cg_accordion title=\"BETALNINGSINFORMATION\"] Vi anv\u00e4nder den senaste tekniken inom betalningshantering, vilket g\u00f6r att du kan checka ut via Apple Pay, Google Pay, ditt betalkort\/kreditkort, PayPal eller BNPL-metoder som Klarna, Affirm eller AfterPay f\u00f6r en snabb och s\u00e4ker upplevelse.[\/cg_accordion] [cg_accordion title=\"GARANTI\"] 2 \u00e5rs garanti fr\u00e5n <a href=\"https:\/\/droix.net\/\" target=\"_blank\" rel=\"nofollow noopener\">DROIX Global<\/a> f\u00f6r din sinnesfrid[\/cg_accordion] [cg_accordion title=\"PRICING, TAXES AND SHIPPING\"] <strong><u>Obs!<\/u><\/strong><\/p>\n<ul>\n<li>Kunder i F\u00f6renta staterna: Det visade priset inkluderar INTE SKATT eller tullar. Ansvaret f\u00f6r att tullklarera och betala eventuell tillh\u00f6rande skatt\/avgift ligger p\u00e5 kunden. <\/li>\n<li>EU-kunder: Det visade priset inkluderar till\u00e4mplig skatt, som kan vara upp till 25% beroende p\u00e5 ditt land.<\/li>\n<li>Kunder i Kanada: Det visade priset inkluderar till\u00e4mpliga skatter, vilket kan inkludera 5% GST och ytterligare Provincial Sales Taxes (PST), Harmonized Sales Tax (HST) eller Quebec Sales Tax (QST), beroende p\u00e5 din provins.<\/li>\n<\/ul>\n<p><strong>ENDAST f\u00f6r EU-kunder:<\/strong> Express DDP (Delivered Duty Paid). Detta betyder: <\/p>\n<ul>\n<li style=\"list-style-type: none;\">\n<ul>\n<li>Alla tullavgifter och skatter ing\u00e5r i det pris som visas p\u00e5 produktsidan.<\/li>\n<li>Du beh\u00f6ver inte betala n\u00e5gra extra avgifter vid leverans.<\/li>\n<li>I s\u00e4llsynta fall av tullrelaterade problem kommer v\u00e5rt team att hantera tullklareringsprocessen f\u00f6r din r\u00e4kning f\u00f6r att s\u00e4kerst\u00e4lla en smidig leveransupplevelse.<\/li>\n<p>Viktig information om returer:<\/p>\n<li>Om du best\u00e4mmer dig f\u00f6r att returnera din best\u00e4llning eller beg\u00e4ra \u00e5terbetalning ska du vara medveten om att skatter och avgifter som betalats f\u00f6r din r\u00e4kning enligt DDP-villkoren inte kan \u00e5terbetalas.<\/li>\n<p>V\u00e4nligen se v\u00e5r<\/ul>\n<\/li>\n<\/ul>\n<p><a href=\"https:\/\/gpdstore.net\/terms-of-service\/\" target=\"_blank\" rel=\"nofollow noopener\">Villkor och anvisningar<\/a><\/p>\n<ul>f\u00f6r detaljerad information.<\/ul>\n<p>[\/cg_accordion] [cg_accordion title=\"KUNDTJ\u00c4NST\"]  Har du en fr\u00e5ga? Vi \u00e4r bara ett kort sms bort fr\u00e5n att ha l\u00f6st ditt problem!   [\/cg_accordion] [cg_accordion title=\"WHAT'S INCLUDED\"]<\/p>\n<ul>\n<li>1x GPD WIN MAX 2021<\/li>\n<li>1x n\u00e4tadapter<\/li>\n<li>1x USB typ C-kabel<\/li>\n<li>1x Anv\u00e4ndarhandbok<\/li>\n<\/ul>\n<p>[\/cg_accordion]<\/p>\n","protected":false},"featured_media":7591,"template":"","meta":{"_acf_changed":false},"product_brand":[],"product_cat":[693],"product_tag":[4001],"woo-feed-brand":[697],"class_list":{"0":"post-7587","1":"product","2":"type-product","3":"status-publish","4":"has-post-thumbnail","6":"product_cat-gpd-handhallen-pc-for-spel","7":"product_tag-gpd-vinst-max","8":"product_shipping_class-premium","9":"pa_bluetooth-5-sv","10":"pa_bluetooth-5-2-sv","11":"pa_display-type-h-ips-sv","12":"pa_graphics-gpu-model-intel-iris-xe-grafik","13":"pa_graphics-gpu-model-radeon-grafik","14":"pa_i-o-video-1x-hdmi-2-0b-sv","15":"pa_memory-ram-capacity-16-gb","16":"pa_memory-ram-technology-lpddr4x-sv","17":"pa_processor-cpu-model-amd-ryzen-7-4800u","18":"pa_processor-cpu-model-intel-core-i7-1195g7","19":"pa_storage-capacity-1-tb","20":"pa_wi-fi-wi-fi-6-sv","21":"woo-feed-brand-gpd-sv","23":"first","24":"outofstock","25":"sale","26":"taxable","27":"shipping-taxable","28":"purchasable","29":"product-type-variable","30":"has-default-attributes"},"acf":[],"aioseo_notices":[],"_links":{"self":[{"href":"https:\/\/gpdstore.net\/sv\/wp-json\/wp\/v2\/product\/7587","targetHints":{"allow":["GET"]}}],"collection":[{"href":"https:\/\/gpdstore.net\/sv\/wp-json\/wp\/v2\/product"}],"about":[{"href":"https:\/\/gpdstore.net\/sv\/wp-json\/wp\/v2\/types\/product"}],"wp:featuredmedia":[{"embeddable":true,"href":"https:\/\/gpdstore.net\/sv\/wp-json\/wp\/v2\/media\/7591"}],"wp:attachment":[{"href":"https:\/\/gpdstore.net\/sv\/wp-json\/wp\/v2\/media?parent=7587"}],"wp:term":[{"taxonomy":"product_brand","embeddable":true,"href":"https:\/\/gpdstore.net\/sv\/wp-json\/wp\/v2\/product_brand?post=7587"},{"taxonomy":"product_cat","embeddable":true,"href":"https:\/\/gpdstore.net\/sv\/wp-json\/wp\/v2\/product_cat?post=7587"},{"taxonomy":"product_tag","embeddable":true,"href":"https:\/\/gpdstore.net\/sv\/wp-json\/wp\/v2\/product_tag?post=7587"},{"taxonomy":"woo-feed-brand","embeddable":true,"href":"https:\/\/gpdstore.net\/sv\/wp-json\/wp\/v2\/woo-feed-brand?post=7587"}],"curies":[{"name":"wp","href":"https:\/\/api.w.org\/{rel}","templated":true}]}}