{"id":7564,"date":"2023-03-26T17:49:20","date_gmt":"2023-03-26T17:49:20","guid":{"rendered":"https:\/\/gpdstore.net\/okategoriserad\/biwin-2230-nvme-lagring\/"},"modified":"2025-12-23T10:31:19","modified_gmt":"2025-12-23T10:31:19","slug":"biwin-2230-nvme-storage","status":"publish","type":"product","link":"https:\/\/gpdstore.net\/sv\/product\/biwin-2230-nvme-storage\/","title":{"rendered":"BiWin 2230 NVMe-lagring"},"content":{"rendered":"\n<p>Letar du efter en h\u00f6gpresterande lagringsuppgradering f\u00f6r din GPD WIN MAX 2 eller Valve Steam Deck? D\u00e5 beh\u00f6ver du inte leta l\u00e4ngre \u00e4n till BiWin 22*30 PCI-e NVMe SSD! Denna kompakta men kraftfulla SSD \u00e4r utformad f\u00f6r att leverera blixtsnabba l\u00e4s- och skrivhastigheter, vilket s\u00e4kerst\u00e4ller att dina favoritspel och applikationer laddas snabbt och k\u00f6rs smidigt.  <\/p>\n\n<p>Med sina 22 mm x 30 mm \u00e4r BiWin 22*30 en av de minsta NVMe SSD-enheterna p\u00e5 marknaden idag. Men l\u00e5t dig inte luras av den kompakta storleken &#8211; den h\u00e4r SSD har en rej\u00e4l punch! Med l\u00e4shastigheter p\u00e5 upp till 3500 MB\/s och skrivhastigheter p\u00e5 upp till 3000 MB\/s \u00e4r den mer \u00e4n kapabel att h\u00e5lla j\u00e4mna steg med \u00e4ven de mest kr\u00e4vande spelen och applikationerna.  <\/p>\n\n<p>En av de st\u00f6rsta f\u00f6rdelarna med BiWin 2230<em>\u00e4r dess kompatibilitet med b\u00e5de GPD WIN MAX 2 och Valves Steam Deck. Om du vill uppgradera lagringsutrymmet p\u00e5 n\u00e5gon av dessa enheter<\/em>\u00e4r<em>BiWin 2230<\/em>det perfekta valet. Installera helt enkelt SSD:n i enhetens NVMe-kortplats och du \u00e4r redo att k\u00f6ra! <\/p>\n\n<p>En annan f\u00f6rdel med BiWin 22*30 \u00e4r att den \u00e4r kompatibel med ett brett utbud av operativsystem, inklusive Windows, Linux och macOS. Det g\u00f6r den till ett m\u00e5ngsidigt val f\u00f6r alla som vill uppgradera sin lagring, oavsett vilket system de anv\u00e4nder. <\/p>\n\n<p>Naturligtvis \u00e4r ett av de b\u00e4sta st\u00e4llena att k\u00f6pa BiWin 22*30 fr\u00e5n GPD Store. Som en ledande \u00e5terf\u00f6rs\u00e4ljare av GPD-produkter \u00e4r GPD Store det perfekta st\u00e4llet att hitta alla tillbeh\u00f6r och uppgraderingar du beh\u00f6ver f\u00f6r att f\u00e5 ut det mesta av din GPD WIN MAX 2 eller Steam Deck. Och med snabb leverans, bra priser och f\u00f6rstklassig kundservice kan du handla med tillf\u00f6rsikt och veta att du f\u00e5r b\u00e4sta m\u00f6jliga erbjudande.  <\/p>\n\n<p>S\u00e5 om du \u00e4r ute efter en h\u00f6gpresterande NVMe SSD-uppgradering f\u00f6r din GPD WIN MAX 2 eller Steam Deck, beh\u00f6ver du inte leta l\u00e4ngre \u00e4n till BiWin 22*30. Med sin kompakta storlek, blixtsnabba hastigheter och breda kompatibilitet \u00e4r det det perfekta valet f\u00f6r alla som vill ta sin spel- och datorupplevelse till n\u00e4sta niv\u00e5. Och med GPD Store bara ett klick bort har det aldrig varit enklare att f\u00e5 tag p\u00e5 de produkter du beh\u00f6ver f\u00f6r att lyckas!  <\/p>\n","protected":false},"excerpt":{"rendered":"<ul>\n<li>Kompatibel med Valve Steam Deck, GPD WIN MAX 2, GPD WIN 4<\/li>\n<li>Upp till 3200 MB\/s l\u00e4sning | 2600 MB\/s skrivning<\/li>\n<li>0,107 ms l\u00e4sf\u00f6rdr\u00f6jning | 0,109 ms skrivf\u00f6rdr\u00f6jning<\/li>\n<li>St\u00f6d f\u00f6r sopsortering, TRIM och Modern Standby<\/li>\n<\/ul>\n[cg_accordion title=\"BETALNINGSINFORMATION\"]<\/p>\n<p>Vi anv\u00e4nder den senaste tekniken f\u00f6r betalningshantering, vilket g\u00f6r att du kan checka ut via Apple Pay, Google Pay, ditt betalkort\/kreditkort, PayPal eller BNPL-metoder som Klarna, Affirm eller AfterPay f\u00f6r en snabb och s\u00e4ker upplevelse.[\/cg_accordion]\n[cg_accordion title=\"GARANTI\"]<\/p>\n<p>2 \u00e5rs garanti fr\u00e5n <a href=\"https:\/\/droix.net\/\" target=\"_blank\" rel=\"nofollow noopener\">DROIX Global<\/a> f\u00f6r att du ska k\u00e4nna dig trygg[\/cg_accordion]\n[cg_accordion title=\"PRISER, SKATTER OCH FRAKT\"]<\/p>\n<p><strong><u>Obs!<\/u><\/strong><\/p>\n<ul>\n<li>Kunder i F\u00f6renta staterna: Det visade priset inkluderar INTE SKATT eller tullar. Ansvaret f\u00f6r att tullklarera och betala eventuell tillh\u00f6rande skatt\/avgift ligger p\u00e5 kunden. <\/li>\n<li>EU-kunder: Det visade priset inkluderar till\u00e4mplig skatt, som kan vara upp till 25% beroende p\u00e5 ditt land.<\/li>\n<li>Kunder i Kanada: Det visade priset inkluderar till\u00e4mpliga skatter, vilket kan inkludera 5% GST och ytterligare Provincial Sales Taxes (PST), Harmonized Sales Tax (HST) eller Quebec Sales Tax (QST), beroende p\u00e5 din provins.<\/li>\n<\/ul>\n<p><strong>ENDAST f\u00f6r EU-kunder:<\/strong> Express DDP (Delivered Duty Paid). Detta betyder: <\/p>\n<ul>\n<li>Alla tullavgifter och skatter ing\u00e5r i det pris som visas p\u00e5 produktsidan.<\/li>\n<li>Du beh\u00f6ver inte betala n\u00e5gra extra avgifter vid leverans.<\/li>\n<li>I s\u00e4llsynta fall av tullrelaterade problem kommer v\u00e5rt team att hantera tullklareringsprocessen f\u00f6r din r\u00e4kning f\u00f6r att s\u00e4kerst\u00e4lla en smidig leveransupplevelse.<\/li>\n<p>Viktig information om returer:<\/p>\n<li>Om du best\u00e4mmer dig f\u00f6r att returnera din best\u00e4llning eller beg\u00e4ra \u00e5terbetalning ska du vara medveten om att skatter och avgifter som betalats f\u00f6r din r\u00e4kning enligt DDP-villkoren inte kan \u00e5terbetalas.<\/li>\n<p>F\u00f6r detaljerad information h\u00e4nvisas till v\u00e5ra allm\u00e4nna <a href=\"https:\/\/gpdstore.net\/sv\/terms-of-service\/\" target=\"_blank\" rel=\"nofollow noopener\">villkor<\/a>.\n<\/ul>\n<p>[\/cg_accordion]\n[cg_accordion title=\"KUNDTJ\u00c4NST\"]<\/p>\n<p>Har du en fr\u00e5ga? Vi \u00e4r bara ett kort sms bort fr\u00e5n att ha l\u00f6st ditt problem!<br \/>\n[\/cg_accordion]\n[cg_accordion title=\"VAD SOM ING\u00c5R\"]<\/p>\n<ul>\n<li>1x BiWIN 2230 NVMe<\/li>\n<\/ul>\n<p>[\/cg_accordion]\n","protected":false},"featured_media":7567,"template":"","meta":{"_acf_changed":false},"product_brand":[],"product_cat":[1216],"product_tag":[3946],"woo-feed-brand":[],"class_list":{"0":"post-7564","1":"product","2":"type-product","3":"status-publish","4":"has-post-thumbnail","6":"product_cat-tillbehor","7":"product_tag-hardware-sv","8":"product_shipping_class-low-end","9":"pa_accessory-type-tillagg","10":"pa_brand-biwin","12":"first","13":"outofstock","14":"sold-individually","15":"taxable","16":"shipping-taxable","17":"purchasable","18":"product-type-simple"},"acf":[],"aioseo_notices":[],"_links":{"self":[{"href":"https:\/\/gpdstore.net\/sv\/wp-json\/wp\/v2\/product\/7564","targetHints":{"allow":["GET"]}}],"collection":[{"href":"https:\/\/gpdstore.net\/sv\/wp-json\/wp\/v2\/product"}],"about":[{"href":"https:\/\/gpdstore.net\/sv\/wp-json\/wp\/v2\/types\/product"}],"wp:featuredmedia":[{"embeddable":true,"href":"https:\/\/gpdstore.net\/sv\/wp-json\/wp\/v2\/media\/7567"}],"wp:attachment":[{"href":"https:\/\/gpdstore.net\/sv\/wp-json\/wp\/v2\/media?parent=7564"}],"wp:term":[{"taxonomy":"product_brand","embeddable":true,"href":"https:\/\/gpdstore.net\/sv\/wp-json\/wp\/v2\/product_brand?post=7564"},{"taxonomy":"product_cat","embeddable":true,"href":"https:\/\/gpdstore.net\/sv\/wp-json\/wp\/v2\/product_cat?post=7564"},{"taxonomy":"product_tag","embeddable":true,"href":"https:\/\/gpdstore.net\/sv\/wp-json\/wp\/v2\/product_tag?post=7564"},{"taxonomy":"woo-feed-brand","embeddable":true,"href":"https:\/\/gpdstore.net\/sv\/wp-json\/wp\/v2\/woo-feed-brand?post=7564"}],"curies":[{"name":"wp","href":"https:\/\/api.w.org\/{rel}","templated":true}]}}