{"id":7472,"date":"2023-03-26T17:20:14","date_gmt":"2023-03-26T17:20:14","guid":{"rendered":"https:\/\/gpdstore.net\/okategoriserad\/gpd-win-max-2-handhallen-dator-for-spel\/"},"modified":"2026-04-02T03:47:07","modified_gmt":"2026-04-02T03:47:07","slug":"gpd-win-max-2","status":"publish","type":"product","link":"https:\/\/gpdstore.net\/sv\/product\/gpd-win-max-2\/","title":{"rendered":"GPD WIN MAX 2 Handh\u00e5llen dator f\u00f6r spel"},"content":{"rendered":"\n<p>GPD WIN MAX 2, som finns tillg\u00e4nglig i GPD Store, \u00e4r en imponerande Ultrabook som kombinerar arbete och spel i en enda enhet. Denna handh\u00e5llna speldator har en h\u00f6gpresterande AMD Ryzen 7 6800U-processor med \u00e5tta k\u00e4rnor och sexton tr\u00e5dar, som kan n\u00e5 upp till 4,7 GHz mellan en konfigurerbar 15W-28W TDP. AMD Radeon 680M ger upp till 2,2 GHz kraft, vilket s\u00e4kerst\u00e4ller smidig grafik p\u00e5 den 10,1&#8243; IPS-peksk\u00e4rmen.  <\/p>\n\n<p>GPD WIN MAX 2 har de kompakta m\u00e5tten 8,9 x 6,2 x 0,9 tum (22,7 \u00d7 16,0 \u00d7 2,3 cm) och v\u00e4ger strax \u00f6ver ett kilo, och \u00e4r mycket portabel och f\u00e5r enkelt plats i en laptopv\u00e4ska eller v\u00e4ska. Denna handh\u00e5llna speldator har st\u00f6d f\u00f6r upp till 32 GB LPDDR5-6400 MT\/s RAM och upp till 2 TB SSD, med en extra kortplats p\u00e5 baksidan f\u00f6r upp till 2 TB m.2 PCIe 3.0 SSD.  <\/p>\n\n<p>GPD WIN MAX 2 \u00e4r ocks\u00e5 utrustad med fullst\u00e4ndiga spelkontroller, inklusive dubbla analoga spakar med hall-effektsensor, en spel-D-Pad och hall-effekttriggers. Det finns \u00e4ven tv\u00e5 extra knappar p\u00e5 baksidan som kan konfigureras efter eget tycke och smak. Denna Ultrabook har ocks\u00e5 snabb WiFi 6 och Bluetooth 5.2, med 4G LTE-st\u00f6d f\u00f6r mobildata som tillval.  <\/p>\n\n<p>GPD WIN MAX 2 drivs av ett 67Wh Li-polymer-batteri, som ger upp till 14 timmars l\u00e4tt anv\u00e4ndning, 6-8 timmars m\u00e5ttlig anv\u00e4ndning och 3 timmars tung anv\u00e4ndning. Med en Thunderbolt 4-port kan du dessutom ansluta ett externt grafikkort (eGPU) f\u00f6r \u00e4nnu snabbare prestanda. Det finns \u00e4ven en inbyggd HDMI 2.1 f\u00f6r visning p\u00e5 dubbla bildsk\u00e4rmar.  <\/p>\n\n<p>Sammantaget \u00e4r GPD WIN MAX 2 en exceptionell handh\u00e5llen speldator som s\u00f6ml\u00f6st \u00f6verg\u00e5r mellan arbete och lek, med en fantastisk batteritid. Oavsett om du arbetar med kr\u00e4vande kontorsdokument eller njuter av dina favorit AAA-spel, har den h\u00e4r Ultrabooken allt du beh\u00f6ver. <\/p>\n\n<p><\/p>\n","protected":false},"excerpt":{"rendered":"<ul>\n<li>AMD <strong>Ryzen 7 6800U<\/strong> @2,7 GHz TDP 15-28W<\/li>\n<li>AMD Radeon 680M <strong>12 CU:s @2200 MHz<\/strong><\/li>\n<li><strong>upp till 32 GB LPDDR5-6400 MT\/s<\/strong><\/li>\n<li><strong>upp till 2 TB<\/strong> h\u00f6ghastighets PCI-E <strong>NVMe<\/strong> SSD<\/li>\n<li>St\u00f6d f\u00f6r WiFi 6 och Bluetooth <strong>5.2<\/strong>  <\/li>\n<\/ul>\n[cg_accordion title=\"BETALNINGSINFORMATION\"]<\/p>\n<p>Vi anv\u00e4nder den senaste tekniken f\u00f6r betalningshantering, vilket g\u00f6r att du kan checka ut via ditt betalkort eller kreditkort eller PayPal f\u00f6r en snabb och s\u00e4ker upplevelse.[\/cg_accordion]\n[cg_accordion title=\"GARANTI\"]<\/p>\n<p>2 \u00e5rs garanti fr\u00e5n <a href=\"https:\/\/droix.net\/\" target=\"_blank\" rel=\"nofollow noopener\">DROIX Global<\/a> f\u00f6r att du ska k\u00e4nna dig trygg[\/cg_accordion]\n[cg_accordion title=\"PRISER, SKATTER OCH FRAKT\"]<\/p>\n<p><strong><u>Obs!<\/u><\/strong><\/p>\n<ul>\n<li>Kunder i F\u00f6renta staterna: Det visade priset inkluderar INTE SKATT eller tullar. Ansvaret f\u00f6r att tullklarera och betala eventuell tillh\u00f6rande skatt\/avgift ligger p\u00e5 kunden. <\/li>\n<li>EU-kunder: Det visade priset inkluderar till\u00e4mplig skatt, som kan vara upp till 25% beroende p\u00e5 ditt land.<\/li>\n<li>Kunder i Kanada: Det visade priset inkluderar till\u00e4mpliga skatter, vilket kan inkludera 5% GST och ytterligare Provincial Sales Taxes (PST), Harmonized Sales Tax (HST) eller Quebec Sales Tax (QST), beroende p\u00e5 din provins.<\/li>\n<\/ul>\n<p><strong>ENDAST f\u00f6r EU-kunder:<\/strong> Express DDP (Delivered Duty Paid). Detta betyder: <\/p>\n<ul>\n<li>Alla tullavgifter och skatter ing\u00e5r i det pris som visas p\u00e5 produktsidan.<\/li>\n<li>Du beh\u00f6ver inte betala n\u00e5gra extra avgifter vid leverans.<\/li>\n<li>I s\u00e4llsynta fall av tullrelaterade problem kommer v\u00e5rt team att hantera tullklareringsprocessen f\u00f6r din r\u00e4kning f\u00f6r att s\u00e4kerst\u00e4lla en smidig leveransupplevelse.<\/li>\n<p>Viktig information om returer:<\/p>\n<li>Om du best\u00e4mmer dig f\u00f6r att returnera din best\u00e4llning eller beg\u00e4ra \u00e5terbetalning ska du vara medveten om att skatter och avgifter som betalats f\u00f6r din r\u00e4kning enligt DDP-villkoren inte kan \u00e5terbetalas.<\/li>\n<p>F\u00f6r detaljerad information h\u00e4nvisas till v\u00e5ra allm\u00e4nna <a href=\"https:\/\/droix.net\/terms-and-conditions\/\" target=\"_blank\" rel=\"nofollow noopener\">villkor<\/a>.\n<\/ul>\n<p>[\/cg_accordion]\n[cg_accordion title=\"KUNDTJ\u00c4NST\"]<\/p>\n<p>Har du en fr\u00e5ga? Vi \u00e4r bara ett kort sms bort fr\u00e5n att ha l\u00f6st ditt problem! <\/p>\n<p>F\u00f6r detaljerad information h\u00e4nvisas till v\u00e5ra allm\u00e4nna <a href=\"https:\/\/gpdstore.net\/sv\/terms-of-service\/\" target=\"_blank\" rel=\"nofollow noopener\">villkor<\/a>.\n<\/ul>\n<p>[\/cg_accordion]\n[cg_accordion title=\"VAD SOM ING\u00c5R\"]<\/p>\n<ul>\n<li>1x GPD WIN MAX 2<\/li>\n<li>1x n\u00e4tadapter<\/li>\n<li>1x USB typ C-kabel<\/li>\n<li>1x Anv\u00e4ndarhandbok<\/li>\n<\/ul>\n<p>[\/cg_accordion]\n","protected":false},"featured_media":7474,"template":"","meta":{"_acf_changed":false},"product_brand":[],"product_cat":[693],"product_tag":[2166],"woo-feed-brand":[697],"class_list":{"0":"post-7472","1":"product","2":"type-product","3":"status-publish","4":"has-post-thumbnail","6":"product_cat-gpd-handhallen-pc-for-spel","7":"product_tag-gpd-win-max-2-sv","8":"product_shipping_class-premium","9":"pa_bluetooth-5-2-sv","10":"pa_display-type-h-ips-sv","11":"pa_graphics-gpu-model-radeon-680m-sv","12":"pa_i-o-video-1x-hdmi-2-1-sv","13":"pa_i-o-video-via-1x-usb-4-0-typ-c-40-gb-s","14":"pa_memory-ram-capacity-16-gb","15":"pa_memory-ram-capacity-32-gb","16":"pa_memory-ram-technology-lpddr5-sv","17":"pa_processor-cpu-model-ryzen-7-6800u","18":"pa_storage-capacity-1-tb","19":"pa_storage-capacity-2tb-sv","20":"pa_wi-fi-wi-fi-6-sv","21":"woo-feed-brand-gpd-sv","23":"first","24":"outofstock","25":"taxable","26":"shipping-taxable","27":"purchasable","28":"product-type-variable","29":"has-default-attributes"},"acf":[],"aioseo_notices":[],"_links":{"self":[{"href":"https:\/\/gpdstore.net\/sv\/wp-json\/wp\/v2\/product\/7472","targetHints":{"allow":["GET"]}}],"collection":[{"href":"https:\/\/gpdstore.net\/sv\/wp-json\/wp\/v2\/product"}],"about":[{"href":"https:\/\/gpdstore.net\/sv\/wp-json\/wp\/v2\/types\/product"}],"wp:featuredmedia":[{"embeddable":true,"href":"https:\/\/gpdstore.net\/sv\/wp-json\/wp\/v2\/media\/7474"}],"wp:attachment":[{"href":"https:\/\/gpdstore.net\/sv\/wp-json\/wp\/v2\/media?parent=7472"}],"wp:term":[{"taxonomy":"product_brand","embeddable":true,"href":"https:\/\/gpdstore.net\/sv\/wp-json\/wp\/v2\/product_brand?post=7472"},{"taxonomy":"product_cat","embeddable":true,"href":"https:\/\/gpdstore.net\/sv\/wp-json\/wp\/v2\/product_cat?post=7472"},{"taxonomy":"product_tag","embeddable":true,"href":"https:\/\/gpdstore.net\/sv\/wp-json\/wp\/v2\/product_tag?post=7472"},{"taxonomy":"woo-feed-brand","embeddable":true,"href":"https:\/\/gpdstore.net\/sv\/wp-json\/wp\/v2\/woo-feed-brand?post=7472"}],"curies":[{"name":"wp","href":"https:\/\/api.w.org\/{rel}","templated":true}]}}