{"id":7269,"date":"2024-03-18T17:00:25","date_gmt":"2024-03-18T17:00:25","guid":{"rendered":"https:\/\/gpdstore.net\/okategoriserad\/gpd-win-max-2-2024-4g-lte-tillagg\/"},"modified":"2025-12-23T10:20:21","modified_gmt":"2025-12-23T10:20:21","slug":"gpd-win-max-2-4g-lte-add-on","status":"publish","type":"product","link":"https:\/\/gpdstore.net\/sv\/product\/gpd-win-max-2-4g-lte-add-on\/","title":{"rendered":"GPD WIN MAX 2 \/ 2024 4G LTE-till\u00e4gg"},"content":{"rendered":"\n<p><br\/>Vi presenterar den senaste 4G LTE-modulexpansionen f\u00f6r GPD WIN MAX 2 \/ GPD WIN MAX 2 2024. Denna banbrytande expansion g\u00f6r det m\u00f6jligt f\u00f6r spelentusiaster att njuta av oavbrutna spelmaraton var de \u00e4n befinner sig, tack vare dess s\u00f6ml\u00f6sa 4G-anslutning och omfattande operat\u00f6rsst\u00f6d. <\/p>\n\n<p>Denna 4G LTE-modul har tagits fram som svar p\u00e5 anv\u00e4ndarnas feedback och \u00e4r noggrant konstruerad f\u00f6r att \u00f6vervinna tekniska hinder. Den klarar 4G TD-LTE-, FDD-LTE- och 3G CDMA-n\u00e4tverk och levererar prestanda som liknar vanliga b\u00e4rbara datorer. Den s\u00f6ml\u00f6sa integrationen i WIN Max 2 2024-serien \u00f6ppnar upp f\u00f6r en v\u00e4rld av invecklade spelupplevelser som tidigare varit utom r\u00e4ckh\u00e5ll f\u00f6r b\u00e4rbara enheter. <\/p>\n","protected":false},"excerpt":{"rendered":"<ul>\n<li>Officiell GPD WIN MAX 2 2024 LTE-modul<\/li>\n<li>St\u00f6djer &#8211; 4G TD-LTE, FDD-LTE, 3G CDMA.<\/li>\n<li>St\u00f6d f\u00f6r 4G TD-LTE, FDD-LTE och 3G CDMA<\/li>\n<li>Nano-SIM-kortplats f\u00f6r enkel anv\u00e4ndning<\/li>\n<li>Quectel EG25-G Modell<\/li>\n<\/ul>\n<pre><b>VIKTIGT<\/b>\nINSTALLATION KR\u00c4VER \u00d6PPNINGSANORDNING\nKOMPONENTERNA \u00c4R SM\u00c5 OCH \u00d6MT\u00c5LIGA\nVI ANSVARAR INTE F\u00d6R EVENTUELLA KUNDSKADOR<\/pre>\n[cg_accordion title=\"BETALNINGSINFORMATION\"]<\/p>\n<p>Vi anv\u00e4nder den senaste tekniken f\u00f6r betalningshantering, vilket g\u00f6r att du kan checka ut via Apple Pay, Google Pay, ditt betalkort\/kreditkort, PayPal eller BNPL-metoder som Klarna, Affirm eller AfterPay f\u00f6r en snabb och s\u00e4ker upplevelse.[\/cg_accordion]\n[cg_accordion title=\"GARANTI\"]<\/p>\n<p>2 \u00e5rs garanti fr\u00e5n <a href=\"https:\/\/droix.net\/\" target=\"_blank\" rel=\"nofollow noopener\">DROIX Global<\/a> f\u00f6r att du ska k\u00e4nna dig trygg[\/cg_accordion]\n[cg_accordion title=\"PRISER, SKATTER OCH FRAKT\"]<\/p>\n<p><strong><u>Obs!<\/u><\/strong><\/p>\n<ul>\n<li>Kunder i F\u00f6renta staterna: Det visade priset inkluderar INTE SKATT eller tullar. Ansvaret f\u00f6r att tullklarera och betala eventuell tillh\u00f6rande skatt\/avgift ligger p\u00e5 kunden. <\/li>\n<li>EU-kunder: Det visade priset inkluderar till\u00e4mplig skatt, som kan vara upp till 25% beroende p\u00e5 ditt land.<\/li>\n<li>Kunder i Kanada: Det visade priset inkluderar till\u00e4mpliga skatter, vilket kan inkludera 5% GST och ytterligare Provincial Sales Taxes (PST), Harmonized Sales Tax (HST) eller Quebec Sales Tax (QST), beroende p\u00e5 din provins.<\/li>\n<\/ul>\n<p><strong>ENDAST f\u00f6r EU-kunder:<\/strong> Express DDP (Delivered Duty Paid). Detta betyder: <\/p>\n<ul>\n<li>Alla tullavgifter och skatter ing\u00e5r i det pris som visas p\u00e5 produktsidan.<\/li>\n<li>Du beh\u00f6ver inte betala n\u00e5gra extra avgifter vid leverans.<\/li>\n<li>I s\u00e4llsynta fall av tullrelaterade problem kommer v\u00e5rt team att hantera tullklareringsprocessen f\u00f6r din r\u00e4kning f\u00f6r att s\u00e4kerst\u00e4lla en smidig leveransupplevelse.<\/li>\n<p>Viktig information om returer:<\/p>\n<li>Om du best\u00e4mmer dig f\u00f6r att returnera din best\u00e4llning eller beg\u00e4ra \u00e5terbetalning ska du vara medveten om att skatter och avgifter som betalats f\u00f6r din r\u00e4kning enligt DDP-villkoren inte kan \u00e5terbetalas.<\/li>\n<p>F\u00f6r detaljerad information h\u00e4nvisas till v\u00e5ra allm\u00e4nna <a href=\"https:\/\/gpdstore.net\/sv\/terms-of-service\/\" target=\"_blank\" rel=\"nofollow noopener\">villkor<\/a>.\n<\/ul>\n<p>[\/cg_accordion]\n[cg_accordion title=\"KUNDTJ\u00c4NST\"]<\/p>\n<p>Har du en fr\u00e5ga? Vi \u00e4r bara ett kort sms bort fr\u00e5n att ha l\u00f6st ditt problem!<br \/>\n[\/cg_accordion]\n[cg_accordion title=\"VAD SOM ING\u00c5R\"]<\/p>\n<ul>\n<li>1x GPD WIN MAX 2 LTE-modul<\/li>\n<\/ul>\n<p>[\/cg_accordion]\n","protected":false},"featured_media":11613,"template":"","meta":{"_acf_changed":false},"product_brand":[],"product_cat":[1216],"product_tag":[15768,1758],"woo-feed-brand":[697],"class_list":{"0":"post-7269","1":"product","2":"type-product","3":"status-publish","4":"has-post-thumbnail","6":"product_cat-tillbehor","7":"product_tag-20xmsale-sv-2","8":"product_tag-gpd-wm2-tillbehor","9":"product_shipping_class-low-end","10":"pa_accessory-type-tillagg","11":"pa_brand-gpd","12":"woo-feed-brand-gpd-sv","14":"first","15":"outofstock","16":"sale","17":"taxable","18":"shipping-taxable","19":"purchasable","20":"product-type-simple"},"acf":[],"aioseo_notices":[],"_links":{"self":[{"href":"https:\/\/gpdstore.net\/sv\/wp-json\/wp\/v2\/product\/7269","targetHints":{"allow":["GET"]}}],"collection":[{"href":"https:\/\/gpdstore.net\/sv\/wp-json\/wp\/v2\/product"}],"about":[{"href":"https:\/\/gpdstore.net\/sv\/wp-json\/wp\/v2\/types\/product"}],"wp:featuredmedia":[{"embeddable":true,"href":"https:\/\/gpdstore.net\/sv\/wp-json\/wp\/v2\/media\/11613"}],"wp:attachment":[{"href":"https:\/\/gpdstore.net\/sv\/wp-json\/wp\/v2\/media?parent=7269"}],"wp:term":[{"taxonomy":"product_brand","embeddable":true,"href":"https:\/\/gpdstore.net\/sv\/wp-json\/wp\/v2\/product_brand?post=7269"},{"taxonomy":"product_cat","embeddable":true,"href":"https:\/\/gpdstore.net\/sv\/wp-json\/wp\/v2\/product_cat?post=7269"},{"taxonomy":"product_tag","embeddable":true,"href":"https:\/\/gpdstore.net\/sv\/wp-json\/wp\/v2\/product_tag?post=7269"},{"taxonomy":"woo-feed-brand","embeddable":true,"href":"https:\/\/gpdstore.net\/sv\/wp-json\/wp\/v2\/woo-feed-brand?post=7269"}],"curies":[{"name":"wp","href":"https:\/\/api.w.org\/{rel}","templated":true}]}}