{"id":6885,"date":"2024-08-22T08:22:33","date_gmt":"2024-08-22T08:22:33","guid":{"rendered":"https:\/\/gpdstore.net\/okategoriserad\/gpd-p2-max-2022-mini-barbar-dator\/"},"modified":"2025-12-23T10:08:03","modified_gmt":"2025-12-23T10:08:03","slug":"gpd-p2-max-2022-mini-laptop","status":"publish","type":"product","link":"https:\/\/gpdstore.net\/sv\/product\/gpd-p2-max-2022-mini-laptop\/","title":{"rendered":"GPD P2 Max 2022 Mini b\u00e4rbar dator"},"content":{"rendered":"\n<figure class=\"wp-block-image aligncenter\"><a href=\"https:\/\/droix.net\/wp-content\/uploads\/2022\/01\/GPD-P2-MAX-2022-MARKETING-IMAGE-1.png\"><img decoding=\"async\" src=\"https:\/\/droix.net\/wp-content\/uploads\/2022\/01\/GPD-P2-MAX-2022-MARKETING-IMAGE-1.png\" alt=\"GPD P2 Max 2022 Ultrabook med pekpenna\" class=\"wp-image-10581\"\/><\/a><\/figure>\n\n<figure class=\"wp-block-image aligncenter\"><a href=\"https:\/\/droix.net\/wp-content\/uploads\/2022\/01\/GPD-P2-MAX-2022-MARKETING-IMAGE-2.png\"><img decoding=\"async\" src=\"https:\/\/droix.net\/wp-content\/uploads\/2022\/01\/GPD-P2-MAX-2022-MARKETING-IMAGE-2.png\" alt=\"GPD P2 Max 2022 Ultrabook visar tangentbord\" class=\"wp-image-10582\"\/><\/a><\/figure>\n\n<figure class=\"wp-block-image aligncenter\"><a href=\"https:\/\/droix.net\/wp-content\/uploads\/2022\/01\/GPD-P2-MAX-2022-MARKETING-IMAGE-3.png\"><img decoding=\"async\" src=\"https:\/\/droix.net\/wp-content\/uploads\/2022\/01\/GPD-P2-MAX-2022-MARKETING-IMAGE-3.png\" alt=\"GPD P2 Max 2022 Ultrabook med fingeravtryckssensor\" class=\"wp-image-10583\"\/><\/a><\/figure>\n\n<figure class=\"wp-block-image aligncenter\"><a href=\"https:\/\/droix.net\/wp-content\/uploads\/2022\/01\/GPD-P2-MAX-2022-MARKETING-IMAGE-4.png\"><img decoding=\"async\" src=\"https:\/\/droix.net\/wp-content\/uploads\/2022\/01\/GPD-P2-MAX-2022-MARKETING-IMAGE-4.png\" alt=\"GPD P2 Max 2022 Ultrabook visar processor\" class=\"wp-image-10584\"\/><\/a><\/figure>\n\n<figure class=\"wp-block-image aligncenter\"><a href=\"https:\/\/droix.net\/wp-content\/uploads\/2022\/01\/GPD-P2-MAX-2022-MARKETING-IMAGE-5.png\"><img decoding=\"async\" src=\"https:\/\/droix.net\/wp-content\/uploads\/2022\/01\/GPD-P2-MAX-2022-MARKETING-IMAGE-5.png\" alt=\"GPD P2 Max 2022 Ultrabook visar usb c\" class=\"wp-image-10585\"\/><\/a><\/figure>\n\n<p><span data-contrast=\"none\">En uppfr\u00e4schning av en popul\u00e4r ultrabook \u00e4r h\u00e4r! <strong>GPD P2 Max 2022<\/strong> tar plats p\u00e5 scenen med ett antal uppgraderingar f\u00f6r att h\u00e5lla den uppdaterad och relevant i den nuvarande tids\u00e5ldern! Det \u00e4r den perfekta f\u00f6ljeslagaren f\u00f6r l\u00e5nga pendlingsresor, den resande f\u00f6rfattaren och alla andra typer av situationer.  <\/span><\/p>\n\n<p><span data-contrast=\"none\">I hj\u00e4rtat av <strong>P2 Max 2022<\/strong> finns Intel Pentium N6000. Denna fyrk\u00e4rniga processor kombinerar energieffektivitet med respektabla prestanda. Hanterar bekv\u00e4mt alla dagliga uppgifter som den uts\u00e4tts f\u00f6r.  <\/span><\/p>\n\n<p><span data-contrast=\"none\"><strong>16 GB LPDDR4x RAM-minne<\/strong> ger stabil och tillf\u00f6rlitlig prestanda vid multitasking och produktion\/redigering av inneh\u00e5ll. Kombinera detta med <strong>1 TB snabb NVMe-lagring<\/strong> och du har en underbart flexibel och samtidigt mycket portabel arbetsstation. <\/span><\/p>\n\n<p><span data-contrast=\"none\">Den stora <strong>8,9-tumssk\u00e4rmen<\/strong> har en uppl\u00f6sning p\u00e5 hela 2560x1600p, vilket ger dig skarpa och tydliga bilder f\u00f6r alla dina shower, foton, videor och mycket mer. Sk\u00e4rmen \u00e4r ocks\u00e5 <strong>ber\u00f6ringsk\u00e4nslig<\/strong> och kan till och med anv\u00e4ndas med pekpennor! <\/span><\/p>\n\n<p><span data-contrast=\"none\">N\u00e4r det g\u00e4ller anslutningsm\u00f6jligheter har denna <strong>Mini Laptop<\/strong> precis tillr\u00e4ckligt utan att bli f\u00f6r skrymmande. Med tv\u00e5 USB typ A-portar, en USB typ C-port, ett 3,5 mm ljuduttag   <\/span><strong><span data-contrast=\"none\">och<\/span><\/strong><span data-contrast=\"none\">  och Micro HDMI-port \u00e4r P2 Max 2022 lika bekv\u00e4m i kn\u00e4t som den \u00e4r i en dockningsstation! F\u00f6r dem som f\u00f6redrar tr\u00e5dl\u00f6s anslutning har <strong>GPD P2 Max 2022<\/strong> Wi-Fi 6 f\u00f6r maximal n\u00e4tverkshastighet och stabilitet. <\/span>.<\/p>\n\n<p><\/p>\n","protected":false},"excerpt":{"rendered":"<ul>\n<li>Intel\u00ae Pentium\u00ae Silver N6000-processor<\/li>\n<li><strong>16GB LPDDR4x RAM<\/strong> @2933Mhz<\/li>\n<li><strong>8,9&#8243; peksk\u00e4rm \/ fingeravtrycksl\u00e4sare<\/strong><\/li>\n<li><strong>1 TB<\/strong> PCI-E NVMe SSD<\/li>\n<li>Kompatibel med <strong>Windows 11<\/strong><\/li>\n<\/ul>\n<p> [cg_accordion title=\"BETALNINGSINFORMATION\"] Vi anv\u00e4nder den senaste tekniken inom betalningshantering, vilket g\u00f6r att du kan checka ut via Apple Pay, Google Pay, ditt betalkort\/kreditkort, PayPal eller BNPL-metoder som Klarna, Affirm eller AfterPay f\u00f6r en snabb och s\u00e4ker upplevelse.[\/cg_accordion] [cg_accordion title=\"GARANTI\"] 2 \u00e5rs garanti fr\u00e5n <a href=\"https:\/\/droix.net\/\" target=\"_blank\" rel=\"nofollow noopener\">DROIX Global<\/a> f\u00f6r din sinnesfrid[\/cg_accordion] [cg_accordion title=\"PRICING, TAXES AND SHIPPING\"] <strong><u>Obs!<\/u><\/strong><\/p>\n<ul>\n<li>Kunder i F\u00f6renta staterna: Det visade priset inkluderar INTE SKATT eller tullar. Ansvaret f\u00f6r att tullklarera och betala eventuell tillh\u00f6rande skatt\/avgift ligger p\u00e5 kunden. <\/li>\n<li>EU-kunder: Det visade priset inkluderar till\u00e4mplig skatt, som kan vara upp till 25% beroende p\u00e5 ditt land.<\/li>\n<li>Kunder i Kanada: Det visade priset inkluderar till\u00e4mpliga skatter, vilket kan inkludera 5% GST och ytterligare Provincial Sales Taxes (PST), Harmonized Sales Tax (HST) eller Quebec Sales Tax (QST), beroende p\u00e5 din provins.<\/li>\n<\/ul>\n<p><strong>ENDAST f\u00f6r EU-kunder:<\/strong> Express DDP (Delivered Duty Paid). Detta betyder: <\/p>\n<ul>\n<li style=\"list-style-type: none;\">\n<ul>\n<li>Alla tullavgifter och skatter ing\u00e5r i det pris som visas p\u00e5 produktsidan.<\/li>\n<li>Du beh\u00f6ver inte betala n\u00e5gra extra avgifter vid leverans.<\/li>\n<li>I s\u00e4llsynta fall av tullrelaterade problem kommer v\u00e5rt team att hantera tullklareringsprocessen f\u00f6r din r\u00e4kning f\u00f6r att s\u00e4kerst\u00e4lla en smidig leveransupplevelse.<\/li>\n<p>Viktig information om returer:<\/p>\n<li>Om du best\u00e4mmer dig f\u00f6r att returnera din best\u00e4llning eller beg\u00e4ra \u00e5terbetalning ska du vara medveten om att skatter och avgifter som betalats f\u00f6r din r\u00e4kning enligt DDP-villkoren inte kan \u00e5terbetalas.<\/li>\n<p>V\u00e4nligen se v\u00e5r<\/ul>\n<\/li>\n<\/ul>\n<p><a href=\"https:\/\/gpdstore.net\/sv\/terms-of-service\/\" target=\"_blank\" rel=\"nofollow noopener\">Villkor och anvisningar<\/a><\/p>\n<ul>f\u00f6r detaljerad information.<\/ul>\n<p>[\/cg_accordion] [cg_accordion title=\"KUNDTJ\u00c4NST\"]  Har du en fr\u00e5ga? Vi \u00e4r bara ett kort sms bort fr\u00e5n att ha l\u00f6st ditt problem!   [\/cg_accordion] [cg_accordion title=\"WHAT'S INCLUDED\"]<\/p>\n<ul>\n<li>1x USB typ C-kabel<\/li>\n<li>1x n\u00e4tadapter<\/li>\n<li>1x Anv\u00e4ndarhandbok<\/li>\n<\/ul>\n<p>[\/cg_accordion]<\/p>\n","protected":false},"featured_media":6887,"template":"","meta":{"_acf_changed":false},"product_brand":[],"product_cat":[1609,1257],"product_tag":[3460],"woo-feed-brand":[697],"class_list":{"0":"post-6885","1":"product","2":"type-product","3":"status-publish","4":"has-post-thumbnail","6":"product_cat-laptops","7":"product_cat-gpd-mini-barbara-datorer","8":"product_tag-gpd-p2-max-sv-2","9":"product_shipping_class-premium","10":"pa_bluetooth-5-sv","11":"pa_brand-gpd","12":"pa_display-type-h-ips-sv","13":"pa_graphics-gpu-model-intel-uhd-grafik","14":"pa_i-o-video-via-1x-usb-3-2-gen-2-type-c-sv","15":"pa_memory-ram-capacity-16-gb","16":"pa_memory-ram-technology-lpddr4x-sv","17":"pa_storage-capacity-1-tb","18":"pa_wi-fi-wi-fi-6-sv","19":"woo-feed-brand-gpd-sv","21":"first","22":"outofstock","23":"sale","24":"taxable","25":"shipping-taxable","26":"purchasable","27":"product-type-variable","28":"has-default-attributes"},"acf":[],"aioseo_notices":[],"_links":{"self":[{"href":"https:\/\/gpdstore.net\/sv\/wp-json\/wp\/v2\/product\/6885","targetHints":{"allow":["GET"]}}],"collection":[{"href":"https:\/\/gpdstore.net\/sv\/wp-json\/wp\/v2\/product"}],"about":[{"href":"https:\/\/gpdstore.net\/sv\/wp-json\/wp\/v2\/types\/product"}],"wp:featuredmedia":[{"embeddable":true,"href":"https:\/\/gpdstore.net\/sv\/wp-json\/wp\/v2\/media\/6887"}],"wp:attachment":[{"href":"https:\/\/gpdstore.net\/sv\/wp-json\/wp\/v2\/media?parent=6885"}],"wp:term":[{"taxonomy":"product_brand","embeddable":true,"href":"https:\/\/gpdstore.net\/sv\/wp-json\/wp\/v2\/product_brand?post=6885"},{"taxonomy":"product_cat","embeddable":true,"href":"https:\/\/gpdstore.net\/sv\/wp-json\/wp\/v2\/product_cat?post=6885"},{"taxonomy":"product_tag","embeddable":true,"href":"https:\/\/gpdstore.net\/sv\/wp-json\/wp\/v2\/product_tag?post=6885"},{"taxonomy":"woo-feed-brand","embeddable":true,"href":"https:\/\/gpdstore.net\/sv\/wp-json\/wp\/v2\/woo-feed-brand?post=6885"}],"curies":[{"name":"wp","href":"https:\/\/api.w.org\/{rel}","templated":true}]}}