{"id":6767,"date":"2024-08-12T15:37:31","date_gmt":"2024-08-12T15:37:31","guid":{"rendered":"https:\/\/gpdstore.net\/okategoriserad\/droix-nt8-clear-usb-hubb\/"},"modified":"2025-12-23T10:14:28","modified_gmt":"2025-12-23T10:14:28","slug":"droix-nt8-clear-usb-hub","status":"publish","type":"product","link":"https:\/\/gpdstore.net\/sv\/product\/droix-nt8-clear-usb-hub\/","title":{"rendered":"DroiX NT8 Clear USB-hubb"},"content":{"rendered":"\n<h3 class=\"wp-block-heading\">DroiX NT8 Clear USB-hubb: Framtiden f\u00f6r kristallklar anslutning!  <\/h3>\n\n<h3 class=\"wp-block-heading\">Upplev Gigabit Ethernet-hastigheter  <\/h3>\n\n<p>Tr\u00f6tt p\u00e5 l\u00e5ngsamt internet som h\u00e5ller dig tillbaka? Ta steget in i framtiden med DroiX NT8 Clear USB Hub! Det h\u00e4r \u00e4r inte bara en hubb &#8211; det \u00e4r din gateway till den blixtsnabba v\u00e4rlden med 10\/100\/1000M RJ45 Gigabit Ethernet. Oavsett om du streamar i HD, spelar onlinespel eller surfar med flera flikar \u00f6ppna kommer du att uppleva blixtsnabba, stabila anslutningar. S\u00e4g farv\u00e4l till buffring och f\u00f6rdr\u00f6jning &#8211; allt laddas med den hastighet som g\u00e4ller nu!    <\/p>\n\n<h3 class=\"wp-block-heading\">Snabb och effektiv str\u00f6mf\u00f6rs\u00f6rjning  <\/h3>\n\n<p>I en v\u00e4rld som aldrig stannar m\u00e5ste dina enheter h\u00e4nga med. DroiX NT8 \u00e4r utformad med kraft i \u00e5tanke och st\u00f6der upp till 100 W PD-laddning. Oavsett om du laddar en b\u00e4rbar dator, en handh\u00e5llen spelkonsol eller n\u00e5gon annan USB Type-C-enhet, garanterar den h\u00e4r hubben snabb, tillf\u00f6rlitlig och effektiv laddning. Ingen mer v\u00e4ntan &#8211; dina enheter kommer att vara uppladdade och redo n\u00e4r du \u00e4n \u00e4r.   <\/p>\n\n<h3 class=\"wp-block-heading\">H\u00e4pnadsv\u00e4ckande 4K-bilder  <\/h3>\n\n<p>Sugen p\u00e5 kristallklara bilder? DroiX NT8 Clear USB Hub levererar en filmupplevelse direkt till dina fingertoppar. Med HDMI 2.0-videoutg\u00e5ng kan du njuta av ultraskarp 4096&#215;2160 4K-uppl\u00f6sning vid 60 Hz. Oavsett om det \u00e4r f\u00f6r arbete, underh\u00e5llning eller spel \u00e4r bilderna s\u00e5 tydliga och uppslukande att det k\u00e4nns som om du \u00e4r mitt i h\u00e4ndelsernas centrum.   <\/p>\n\n<h3 class=\"wp-block-heading\">O\u00f6vertr\u00e4ffad USB-anslutning  <\/h3>\n\n<p>Varf\u00f6r begr\u00e4nsa dig till bara n\u00e5gra f\u00e5 anslutningar? DroiX NT8 Clear USB Hub erbjuder tre USB Type-A 3.0-portar, vilket s\u00e4kerst\u00e4ller att du kan ansluta alla dina enheter utan problem. \u00d6verf\u00f6r data blixtsnabbt, anslut kringutrustning eller ladda dina enheter &#8211; allt med den m\u00e5ngsidighet och prestanda som du kr\u00e4ver. Med DroiX NT8 \u00e4r du alltid redo att ansluta och k\u00f6ra ig\u00e5ng.   <\/p>\n\n<h3 class=\"wp-block-heading\">Toppmodern USB typ C-kabel  <\/h3>\n\n<p>Framtidens anslutningsm\u00f6jligheter \u00e4r h\u00e4r med DroiX NT8:s USB Type-C-kabel. Den h\u00e4r moderna l\u00f6sningen \u00e4r utformad f\u00f6r snabbare data\u00f6verf\u00f6ring och effektiv laddning och s\u00e4kerst\u00e4ller en str\u00f6mlinjeformad, universell anslutning. Denna hubb \u00e4r kompatibel med ett brett utbud av enheter och \u00e4r verkligen en framtidss\u00e4ker investering som h\u00e5ller dig ansluten med l\u00e4tthet.  <\/p>\n\n<h3 class=\"wp-block-heading\">Enkel \u00e5tkomst till media  <\/h3>\n\n<p>F\u00e5 tillg\u00e5ng till dina mediefiler p\u00e5 n\u00e5gra sekunder med DroiX NT8:s dubbla SD-kortl\u00e4sare. Oavsett om det handlar om foton, videor eller viktiga dokument st\u00f6der dessa l\u00e4sare b\u00e5de Micro SD- och SD-kort och erbjuder \u00f6verf\u00f6ringshastigheter p\u00e5 upp till 480 Mbps. Du kommer att ha alla dina viktiga data till hands, snabbt och problemfritt.  <\/p>\n\n<h3 class=\"wp-block-heading\">Kompakt design, stor genomslagskraft  <\/h3>\n\n<p>I en v\u00e4rld av skrymmande prylar sticker DroiX NT8 ut med sin eleganta och kompakta design. Den m\u00e4ter bara 104 x 43 x 13 mm och \u00e4r den perfekta f\u00f6ljeslagaren f\u00f6r dig som \u00e4r p\u00e5 spr\u00e5ng. Oavsett om du sitter p\u00e5 ett kaf\u00e9, har ett m\u00f6te eller \u00e4r ute och reser \u00e4r den h\u00e4r hubben tillr\u00e4ckligt liten f\u00f6r att kunna tas med \u00f6verallt, men \u00e4nd\u00e5 tillr\u00e4ckligt kraftfull f\u00f6r att g\u00f6ra en stor insats f\u00f6r dina anslutningsbehov.  <\/p>\n\n<h3 class=\"wp-block-heading\">Universell kompatibilitet  <\/h3>\n\n<p>DroiX NT8 Clear USB Hub \u00e4r inte bara m\u00e5ngsidig &#8211; den \u00e4r universellt kompatibel. Den \u00e4r utformad f\u00f6r att fungera s\u00f6ml\u00f6st med USB Type-C-enheter som datorer, minidatorer, b\u00e4rbara datorer, handh\u00e5llna spelenheter med mera och \u00e4r den allt-i-ett-l\u00f6sning du har letat efter. Du beh\u00f6ver inte l\u00e4ngre jonglera med flera hubbar &#8211; det h\u00e4r \u00e4r den enda du n\u00e5gonsin kommer att beh\u00f6va.  <\/p>\n\n<h3 class=\"wp-block-heading\">Slutsats: En revolution inom konnektivitet  <\/h3>\n\n<p>I m\u00e4ngden av USB-hubbar \u00e4r DroiX NT8 Clear USB Hub enast\u00e5ende. Med sitt imponerande utbud av funktioner, kompakta design och universella kompatibilitet \u00e4r det mer \u00e4n bara en hubb &#8211; det \u00e4r en revolution inom anslutningsm\u00f6jligheter. Oavsett om du \u00e4r en teknikentusiast, en spelare eller en professionell p\u00e5 spr\u00e5ng \u00e4r DroiX NT8 det ultimata verktyget f\u00f6r att h\u00f6ja din tekniska upplevelse. Ta steget in i framtiden med DroiX NT8 &#8211; dina enheter kommer att vara tacksamma!   <\/p>\n\n<p>L\u00e4s mer i v\u00e5r guide <strong>Kom ig\u00e5ng med Droix NT8 Clear USB Hub.<\/strong> <\/p>\n","protected":false},"excerpt":{"rendered":"<ul>\n<li>DroiX<strong> NT8<\/strong> Clear USB-hubb<\/li>\n<li><strong>10\/100\/1000M<\/strong> Gigabit Ethernet<\/li>\n<li>100W PD-laddning<\/li>\n<li><strong>MicroSD \/ SD-kortplats<\/strong> 480 Mbps<\/li>\n<li><strong>HDMI 4K-utg\u00e5ng<\/strong> <\/li>\n<\/ul>\n[cg_accordion title=\"BETALNINGSINFORMATION\"]<\/p>\n<p>Vi anv\u00e4nder den senaste tekniken f\u00f6r betalningshantering, vilket g\u00f6r att du kan checka ut via Apple Pay, Google Pay, ditt betalkort\/kreditkort, PayPal eller BNPL-metoder som Klarna, Affirm eller AfterPay f\u00f6r en snabb och s\u00e4ker upplevelse.[\/cg_accordion]\n[cg_accordion title=\"GARANTI\"]<\/p>\n<p>2 \u00e5rs garanti fr\u00e5n <a href=\"https:\/\/droix.net\/\" target=\"_blank\" rel=\"nofollow noopener\">DROIX Global<\/a> f\u00f6r att du ska k\u00e4nna dig trygg[\/cg_accordion]\n[cg_accordion title=\"PRISER, SKATTER OCH FRAKT\"]<\/p>\n<p><strong><u>Obs!<\/u><\/strong><\/p>\n<ul>\n<li>Kunder i F\u00f6renta staterna: Det visade priset inkluderar INTE SKATT eller tullar. Ansvaret f\u00f6r att tullklarera och betala eventuell tillh\u00f6rande skatt\/avgift ligger p\u00e5 kunden. <\/li>\n<li>EU-kunder: Det visade priset inkluderar till\u00e4mplig skatt, som kan vara upp till 25% beroende p\u00e5 ditt land.<\/li>\n<li>Kunder i Kanada: Det visade priset inkluderar till\u00e4mpliga skatter, vilket kan inkludera 5% GST och ytterligare Provincial Sales Taxes (PST), Harmonized Sales Tax (HST) eller Quebec Sales Tax (QST), beroende p\u00e5 din provins.<\/li>\n<\/ul>\n<p><strong>ENDAST f\u00f6r EU-kunder:<\/strong> Express DDP (Delivered Duty Paid). Detta betyder: <\/p>\n<ul>\n<li>Alla tullavgifter och skatter ing\u00e5r i det pris som visas p\u00e5 produktsidan.<\/li>\n<li>Du beh\u00f6ver inte betala n\u00e5gra extra avgifter vid leverans.<\/li>\n<li>I s\u00e4llsynta fall av tullrelaterade problem kommer v\u00e5rt team att hantera tullklareringsprocessen f\u00f6r din r\u00e4kning f\u00f6r att s\u00e4kerst\u00e4lla en smidig leveransupplevelse.<\/li>\n<p>Viktig information om returer:<\/p>\n<li>Om du best\u00e4mmer dig f\u00f6r att returnera din best\u00e4llning eller beg\u00e4ra \u00e5terbetalning ska du vara medveten om att skatter och avgifter som betalats f\u00f6r din r\u00e4kning enligt DDP-villkoren inte kan \u00e5terbetalas.<\/li>\n<p>F\u00f6r detaljerad information h\u00e4nvisas till v\u00e5ra allm\u00e4nna <a href=\"https:\/\/gpdstore.net\/sv\/terms-of-service\/\" target=\"_blank\" rel=\"nofollow noopener\">villkor<\/a>.\n<\/ul>\n<p>[\/cg_accordion]\n[cg_accordion title=\"KUNDTJ\u00c4NST\"]<\/p>\n<p>Har du en fr\u00e5ga? Vi \u00e4r bara ett kort sms bort fr\u00e5n att ha l\u00f6st ditt problem!<br \/>\n[\/cg_accordion]\n[cg_accordion title=\"VAD SOM ING\u00c5R\"]<\/p>\n<ul>\n<li>1x DroiX NT8 Clear USB-hubb<\/li>\n<\/ul>\n<p>[\/cg_accordion]\n","protected":false},"featured_media":17130,"template":"","meta":{"_acf_changed":false},"product_brand":[],"product_cat":[1216],"product_tag":[3169],"woo-feed-brand":[2421],"class_list":{"0":"post-6767","1":"product","2":"type-product","3":"status-publish","4":"has-post-thumbnail","6":"product_cat-tillbehor","7":"product_tag-droix-hub-sv","8":"product_shipping_class-low-end","9":"pa_i-o-video-1x-hdmi-sv","10":"woo-feed-brand-droix-sv","12":"first","13":"outofstock","14":"sale","15":"taxable","16":"shipping-taxable","17":"purchasable","18":"product-type-simple"},"acf":[],"aioseo_notices":[],"_links":{"self":[{"href":"https:\/\/gpdstore.net\/sv\/wp-json\/wp\/v2\/product\/6767","targetHints":{"allow":["GET"]}}],"collection":[{"href":"https:\/\/gpdstore.net\/sv\/wp-json\/wp\/v2\/product"}],"about":[{"href":"https:\/\/gpdstore.net\/sv\/wp-json\/wp\/v2\/types\/product"}],"wp:featuredmedia":[{"embeddable":true,"href":"https:\/\/gpdstore.net\/sv\/wp-json\/wp\/v2\/media\/17130"}],"wp:attachment":[{"href":"https:\/\/gpdstore.net\/sv\/wp-json\/wp\/v2\/media?parent=6767"}],"wp:term":[{"taxonomy":"product_brand","embeddable":true,"href":"https:\/\/gpdstore.net\/sv\/wp-json\/wp\/v2\/product_brand?post=6767"},{"taxonomy":"product_cat","embeddable":true,"href":"https:\/\/gpdstore.net\/sv\/wp-json\/wp\/v2\/product_cat?post=6767"},{"taxonomy":"product_tag","embeddable":true,"href":"https:\/\/gpdstore.net\/sv\/wp-json\/wp\/v2\/product_tag?post=6767"},{"taxonomy":"woo-feed-brand","embeddable":true,"href":"https:\/\/gpdstore.net\/sv\/wp-json\/wp\/v2\/woo-feed-brand?post=6767"}],"curies":[{"name":"wp","href":"https:\/\/api.w.org\/{rel}","templated":true}]}}