{"id":6754,"date":"2024-08-12T15:14:19","date_gmt":"2024-08-12T15:14:19","guid":{"rendered":"https:\/\/gpdstore.net\/okategoriserad\/droix-nh8-usb-hubb-med-nvme\/"},"modified":"2025-12-23T10:14:40","modified_gmt":"2025-12-23T10:14:40","slug":"droix-nh8-nvme-usb-hub","status":"publish","type":"product","link":"https:\/\/gpdstore.net\/sv\/product\/droix-nh8-nvme-usb-hub\/","title":{"rendered":"DroiX NH8 USB-hubb med NVMe"},"content":{"rendered":"\n<h3 class=\"wp-block-heading\">Vi presenterar DroiX NH8 Hub med NVMe-plats: Din ultimata anslutningsl\u00f6sning!<\/h3>\n\n<h3 class=\"wp-block-heading\">Blixtsnabb Gigabit Ethernet<\/h3>\n\n<p>Ta steget in i framtiden f\u00f6r internetanslutning med DroiX NH8 Hub! Denna hubb har en robust 10\/100\/1000M RJ45 Gigabit Ethernet-port och ger en blixtsnabb, stabil och extremt tillf\u00f6rlitlig internetanslutning. Oavsett om du spelar, streamar eller har ett viktigt videosamtal kan du uppleva den smidiga, f\u00f6rdr\u00f6jningsfria prestanda som bara en tr\u00e5dbunden anslutning kan ge. S\u00e4g hej d\u00e5 till Wi-Fi-bekymmer och hej till konsekvent h\u00f6ghastighetsanslutning!   <\/p>\n\n<h3 class=\"wp-block-heading\">H\u00e4pnadsv\u00e4ckande videoutg\u00e5ng<\/h3>\n\n<p>F\u00f6rvandla din visuella upplevelse med DroiX NH8 Hubs HDMI 2.0-st\u00f6d. Oavsett om du dyker in i en 4K-film, presenterar f\u00f6r en kund eller spelar i h\u00f6ga uppl\u00f6sningar, ger hubben fantastiska bilder med en uppl\u00f6sning p\u00e5 4096&#215;2160 med en j\u00e4mn uppdateringsfrekvens p\u00e5 60 Hz. F\u00f6rbered dig p\u00e5 att bli f\u00e4ngslad av de livfulla f\u00e4rgerna och skarpa detaljerna som kommer att uppsluka dig i varje bildruta.  <\/p>\n\n<h3 class=\"wp-block-heading\">Enkel expansion av lagringsutrymmet<\/h3>\n\n<p>Har du slut p\u00e5 lagringsutrymme? Med DroiX NH8 Hub har du allt du beh\u00f6ver. Med sin inbyggda PCIe NVMe-plats har det aldrig varit enklare att ut\u00f6ka din lagring. Denna plats \u00e4r idealisk f\u00f6r h\u00f6gpresterande applikationer eller lagring av stora filer och st\u00f6der blixtsnabba data\u00f6verf\u00f6ringshastigheter, vilket s\u00e4kerst\u00e4ller att ditt system fungerar smidigt och effektivt. Anpassa din lagring efter dina behov och se till att din enhet presterar som b\u00e4st.    <\/p>\n\n<h3 class=\"wp-block-heading\">H\u00f6ghastighets data\u00f6verf\u00f6ring<\/h3>\n\n<p>Beh\u00f6ver du \u00f6verf\u00f6ra stora filer p\u00e5 nolltid? DroiX NH8 Hub har en USB Type-A 3.0-port som ger snabba data\u00f6verf\u00f6ringshastigheter som g\u00f6r filhanteringen till en barnlek. Oavsett om du ansluter kringutrustning, laddar enheter eller flyttar data ser den h\u00e4r hubben till att allt g\u00f6rs snabbt och effektivt, vilket sparar v\u00e4rdefull tid.  <\/p>\n\n<h3 class=\"wp-block-heading\">Universell USB typ C-kompatibilitet<\/h3>\n\n<p>DroiX NH8 Hub \u00e4r utrustad med en m\u00e5ngsidig USB Type-C-kabel som ger universell kompatibilitet med ett brett utbud av enheter. Denna allt-i-ett-kabel st\u00f6der inte bara snabb data\u00f6verf\u00f6ring utan \u00e4ven effektiv laddning, vilket g\u00f6r den till en viktig f\u00f6ljeslagare f\u00f6r dina anslutningsbehov. Inget mer fumlande med flera kablar &#8211; h\u00e5ll dig ansluten med l\u00e4tthet.  <\/p>\n\n<h3 class=\"wp-block-heading\">S\u00f6ml\u00f6s tillg\u00e5ng till media<\/h3>\n\n<p>F\u00e5 tillg\u00e5ng till och \u00f6verf\u00f6r dina media utan problem med den integrerade SD-kortl\u00e4saren i DroiX NH8 Hub. Med st\u00f6d f\u00f6r b\u00e5de Micro SD- och SD-kort kan du snabbt s\u00e4kerhetskopiera eller komma \u00e5t dina filer, oavsett om det \u00e4r foton, videor eller viktiga dokument. Bekv\u00e4mlighet har aldrig varit s\u00e5 l\u00e4ttillg\u00e4nglig.  <\/p>\n\n<h3 class=\"wp-block-heading\">O\u00f6vertr\u00e4ffad m\u00e5ngsidighet<\/h3>\n\n<p>Det som verkligen skiljer DroiX NH8 Hub fr\u00e5n m\u00e4ngden \u00e4r dess o\u00f6vertr\u00e4ffade m\u00e5ngsidighet. Denna hubb \u00e4r utformad f\u00f6r att fungera s\u00f6ml\u00f6st med ett brett utbud av USB Type-C-enheter &#8211; oavsett om det \u00e4r datorer, minidatorer, b\u00e4rbara datorer, handh\u00e5llna spelenheter eller mer &#8211; och anpassar sig till dina behov och levererar f\u00f6rstklassig prestanda \u00f6ver hela linjen. Det \u00e4r inte bara en hubb, det \u00e4r ett kraftpaket f\u00f6r anslutningsm\u00f6jligheter.  <\/p>\n\n<h3 class=\"wp-block-heading\">Slutsats: F\u00f6rb\u00e4ttra din upplevelse av anslutningsm\u00f6jligheter<\/h3>\n\n<p>DroiX NH8 Hub \u00e4r mer \u00e4n bara ett anslutningsverktyg; det \u00e4r en helt\u00e4ckande l\u00f6sning som \u00e4r utformad f\u00f6r att m\u00f6ta de olika behoven hos dagens tekniskt kunniga anv\u00e4ndare. Varje funktion \u00e4r en \u00e5terspegling av \u00f6verl\u00e4gsen design, exceptionell prestanda och en fram\u00e5tblickande strategi f\u00f6r anslutning. F\u00f6rh\u00f6j din upplevelse och f\u00f6r\u00e4ndra s\u00e4ttet du ansluter p\u00e5 med DroiX NH8 Hub!  <\/p>\n\n<p>L\u00e4s mer i v\u00e5r guide <strong>Kom ig\u00e5ng med Droix NH8 USB-hubb<\/strong>.<\/p>\n\n<p><\/p>\n","protected":false},"excerpt":{"rendered":"<ul>\n<li>DroiX<strong> NH8 <\/strong>USB-hubb med NVMe<\/li>\n<li><strong>10\/100\/1000M<\/strong> Gigabit Ethernet<\/li>\n<li><strong>Inbyggd PCIe NVMe-plats<\/strong> f\u00f6r lagringsexpansion<\/li>\n<li><strong>4K-sk\u00e4rmutg\u00e5ng<\/strong> via HDMI<\/li>\n<li><strong>MicroSD \/ SD-kortplats<\/strong> &#8211; upp till 5 Gbps<\/li>\n<\/ul>\n[cg_accordion title=\"BETALNINGSINFORMATION\"]<\/p>\n<p>Vi anv\u00e4nder den senaste tekniken f\u00f6r betalningshantering, vilket g\u00f6r att du kan checka ut via ditt betalkort eller kreditkort eller PayPal f\u00f6r en snabb och s\u00e4ker upplevelse.[\/cg_accordion]\n[cg_accordion title=\"GARANTI\"]<\/p>\n<p>2 \u00e5rs garanti fr\u00e5n <a href=\"https:\/\/droix.net\/\" target=\"_blank\" rel=\"nofollow noopener\">DROIX Global<\/a> f\u00f6r att du ska k\u00e4nna dig trygg[\/cg_accordion]\n[cg_accordion title=\"KVALITETSS\u00c4KRING OCH TESTNING F\u00d6RE AVS\u00c4NDNING\"]<\/p>\n<p>S\u00e4kerst\u00e4ller kundn\u00f6jdhet p\u00e5 h\u00f6gsta niv\u00e5: Varje enhet genomg\u00e5r rigor\u00f6sa tester och en kvalitetss\u00e4kringskontroll i flera punkter innan den skickas. V\u00e5rt dedikerade team verifierar prestanda, funktionalitet och komponentintegritet f\u00f6r att garantera att din GPD-enhet \u00e4r i perfekt skick vid ankomsten, vilket ger dig f\u00f6rtroende och sinnesfrid. [\/cg_accordion]\n[cg_accordion title=\"PRISER, SKATTER OCH FRAKT\"]<\/p>\n<p><strong><u>Obs!<\/u><\/strong><\/p>\n<ul>\n<li>Kunder i F\u00f6renta staterna: Det visade priset inkluderar INTE SKATT eller tullar. Ansvaret f\u00f6r att tullklarera och betala eventuell tillh\u00f6rande skatt\/avgift ligger p\u00e5 kunden. <\/li>\n<li>EU-kunder: Det visade priset inkluderar till\u00e4mplig skatt, som kan vara upp till 25% beroende p\u00e5 ditt land.<\/li>\n<li>Kunder i Kanada: Det visade priset inkluderar till\u00e4mpliga skatter, vilket kan inkludera 5% GST och ytterligare Provincial Sales Taxes (PST), Harmonized Sales Tax (HST) eller Quebec Sales Tax (QST), beroende p\u00e5 din provins.<\/li>\n<\/ul>\n<p><strong>ENDAST f\u00f6r EU-kunder:<\/strong> Express DDP (Delivered Duty Paid). Detta betyder: <\/p>\n<ul>\n<li>Alla tullavgifter och skatter ing\u00e5r i det pris som visas p\u00e5 produktsidan.<\/li>\n<li>Du beh\u00f6ver inte betala n\u00e5gra extra avgifter vid leverans.<\/li>\n<li>I s\u00e4llsynta fall av tullrelaterade problem kommer v\u00e5rt team att hantera tullklareringsprocessen f\u00f6r din r\u00e4kning f\u00f6r att s\u00e4kerst\u00e4lla en smidig leveransupplevelse.<\/li>\n<p>Viktig information om returer:<\/p>\n<li>Om du best\u00e4mmer dig f\u00f6r att returnera din best\u00e4llning eller beg\u00e4ra \u00e5terbetalning ska du vara medveten om att skatter och avgifter som betalats f\u00f6r din r\u00e4kning enligt DDP-villkoren inte kan \u00e5terbetalas.<\/li>\n<p>F\u00f6r detaljerad information h\u00e4nvisas till v\u00e5ra allm\u00e4nna <a href=\"https:\/\/droix.net\/terms-and-conditions\/\" target=\"_blank\" rel=\"nofollow noopener\">villkor<\/a>.\n<\/ul>\n<p>[\/cg_accordion]\n[cg_accordion title=\"KUNDTJ\u00c4NST\"]<\/p>\n<p>Har du en fr\u00e5ga? Vi \u00e4r bara ett kort sms bort fr\u00e5n att ha l\u00f6st ditt problem! <\/p>\n<p>F\u00f6r detaljerad information h\u00e4nvisas till v\u00e5ra allm\u00e4nna <a href=\"https:\/\/gpdstore.net\/sv\/terms-of-service\/\" target=\"_blank\" rel=\"nofollow noopener\">villkor<\/a>.\n<\/ul>\n<p>[\/cg_accordion]\n[cg_accordion title=\"VAD SOM ING\u00c5R\"]<\/p>\n<ul>\n<li>1x DroiX NH8 USB-hubb med NVMe<\/li>\n<\/ul>\n<p>[\/cg_accordion]\n","protected":false},"featured_media":17054,"template":"","meta":{"_acf_changed":false},"product_brand":[],"product_cat":[1216],"product_tag":[14860,3169],"woo-feed-brand":[2421],"class_list":{"0":"post-6754","1":"product","2":"type-product","3":"status-publish","4":"has-post-thumbnail","6":"product_cat-tillbehor","7":"product_tag-40xmsale-sv-2","8":"product_tag-droix-hub-sv","9":"product_shipping_class-low-end","10":"pa_brand-droix","11":"pa_i-o-video-1x-hdmi-sv","12":"woo-feed-brand-droix-sv","14":"first","15":"outofstock","16":"sale","17":"taxable","18":"shipping-taxable","19":"purchasable","20":"product-type-variable","21":"has-default-attributes"},"acf":[],"aioseo_notices":[],"_links":{"self":[{"href":"https:\/\/gpdstore.net\/sv\/wp-json\/wp\/v2\/product\/6754","targetHints":{"allow":["GET"]}}],"collection":[{"href":"https:\/\/gpdstore.net\/sv\/wp-json\/wp\/v2\/product"}],"about":[{"href":"https:\/\/gpdstore.net\/sv\/wp-json\/wp\/v2\/types\/product"}],"wp:featuredmedia":[{"embeddable":true,"href":"https:\/\/gpdstore.net\/sv\/wp-json\/wp\/v2\/media\/17054"}],"wp:attachment":[{"href":"https:\/\/gpdstore.net\/sv\/wp-json\/wp\/v2\/media?parent=6754"}],"wp:term":[{"taxonomy":"product_brand","embeddable":true,"href":"https:\/\/gpdstore.net\/sv\/wp-json\/wp\/v2\/product_brand?post=6754"},{"taxonomy":"product_cat","embeddable":true,"href":"https:\/\/gpdstore.net\/sv\/wp-json\/wp\/v2\/product_cat?post=6754"},{"taxonomy":"product_tag","embeddable":true,"href":"https:\/\/gpdstore.net\/sv\/wp-json\/wp\/v2\/product_tag?post=6754"},{"taxonomy":"woo-feed-brand","embeddable":true,"href":"https:\/\/gpdstore.net\/sv\/wp-json\/wp\/v2\/woo-feed-brand?post=6754"}],"curies":[{"name":"wp","href":"https:\/\/api.w.org\/{rel}","templated":true}]}}