{"id":6705,"date":"2024-07-12T13:07:42","date_gmt":"2024-07-12T13:07:42","guid":{"rendered":"https:\/\/gpdstore.net\/okategoriserad\/156-4k-barbar-bildskarm-med-pekskarm\/"},"modified":"2025-12-23T10:14:18","modified_gmt":"2025-12-23T10:14:18","slug":"15-6-4k-portable-monitor-with-touchscreen","status":"publish","type":"product","link":"https:\/\/gpdstore.net\/sv\/product\/15-6-4k-portable-monitor-with-touchscreen\/","title":{"rendered":"15,6&#8243; 4K b\u00e4rbar bildsk\u00e4rm med peksk\u00e4rm"},"content":{"rendered":"\n<p>Vi presenterar den b\u00e4rbara 4K-monitorn S23b-1: F\u00f6rh\u00f6j din visuella upplevelse var som helst<\/p>\n\n<p>Upplev o\u00f6vertr\u00e4ffad visuell klarhet och briljans med S23b-1 4K Portable Monitor. Denna bildsk\u00e4rm \u00e4r utformad f\u00f6r dem som kr\u00e4ver det b\u00e4sta inom b\u00e4rbara bildsk\u00e4rmar och levererar fantastisk 4K UHD-uppl\u00f6sning p\u00e5 en kompakt 15,6-tumssk\u00e4rm. Oavsett om du redigerar h\u00f6guppl\u00f6sta foton, utformar komplicerad grafik eller dyker in i uppslukande spelv\u00e4rldar, s\u00e4kerst\u00e4ller S23b-1 att varje detalj kommer till liv med exceptionell precision och livfulla f\u00e4rger.  <\/p>\n\n<p>Med en TFT IPS LCD -panel f\u00e5r du \u00f6verl\u00e4gsen f\u00e4rg\u00e5tergivning och breda betraktningsvinklar, perfekt f\u00f6r att dela inneh\u00e5ll med v\u00e4nner eller samarbeta med kollegor. Den kapacitiva G+G-peksk\u00e4rmen f\u00f6rb\u00e4ttrar interaktionen och ger exakt kontroll med s\u00f6ml\u00f6s navigering genom menyer och dokument. <\/p>\n\n<p>Anslutningen \u00e4r enkel med HDMI Mini Port och dubbla Type-C-portar, som st\u00f6der str\u00f6mf\u00f6rs\u00f6rjning och h\u00f6ghastighetsdata\u00f6verf\u00f6ring mellan flera enheter. F\u00f6r extra bekv\u00e4mlighet finns det en h\u00f6rlursutg\u00e5ng f\u00f6r privat lyssning och en Micro-USB-port f\u00f6r kringutrustning som tangentbord och m\u00f6ss. <\/p>\n\n<p>S23b-1 \u00e4r tillverkad av en h\u00e5llbar aluminiumlegering och kombinerar en snygg, otroligt tunn profil med l\u00e4tt b\u00e4rbarhet, vilket g\u00f6r den till den perfekta f\u00f6ljeslagaren f\u00f6r resor eller f\u00f6rflyttning mellan olika arbetsplatser. Det vikbara fodralet fungerar \u00e4ven som ett stativ f\u00f6r stabil placering p\u00e5 alla plana ytor, vilket ger m\u00e5ngsidighet vart du \u00e4n g\u00e5r. <\/p>\n\n<p>F\u00f6rdelar:<\/p>\n\n<ul class=\"wp-block-list\">\n<li>Fantastisk 4K UHD-sk\u00e4rm f\u00f6r uppslukande bilder<\/li>\n\n\n\n<li>M\u00e5ngsidiga anslutningsm\u00f6jligheter inklusive HDMI Mini- och Type-C-portar<\/li>\n\n\n\n<li>Snygg, l\u00e4tt design tillverkad av h\u00f6gkvalitativ aluminiumlegering<\/li>\n\n\n\n<li>Responsiv kapacitiv G+G-peksk\u00e4rm f\u00f6r intuitiv interaktion<\/li>\n<\/ul>\n\n<p>Nackdelar:<\/p>\n\n<ul class=\"wp-block-list\">\n<li>Begr\u00e4nsad till 15,6-tums sk\u00e4rmstorlek<\/li>\n\n\n\n<li>Inbyggda h\u00f6gtalare kanske inte matchar extern ljudkvalitet<\/li>\n<\/ul>\n\n<p>Oavsett om du \u00e4r ett kreativt proffs, en ivrig spelare eller en entusiast som \u00e4r p\u00e5 spr\u00e5ng, omdefinierar S23b-1 4K Portable Monitor b\u00e4rbar sk\u00e4rmkvalitet och levererar exceptionell prestanda i ett kompakt paket.<\/p>\n","protected":false},"excerpt":{"rendered":"<ul>\n<li><strong>15,6&#8243; 4K<\/strong> b\u00e4rbar monitor med peksk\u00e4rm f\u00f6r h\u00f6guppl\u00f6st bild<\/li>\n<li>Kompakt storlek p\u00e5 14,17 x 8,4 x 0,43 tum och en vikt p\u00e5 <strong>920 g<\/strong><\/li>\n<li>Peksk\u00e4rm kompatibel med <strong>MacOS<\/strong><\/li>\n<li>Peksk\u00e4rmen <strong>st\u00f6der pekinmatning<\/strong> p\u00e5 kompatibla enheter<\/li>\n<li><strong>Drivs med USB<\/strong>, st\u00f6djer mini-HDMI, USB Type-C<\/li>\n<\/ul>\n[cg_accordion title=\"BETALNINGSINFORMATION\"]<\/p>\n<p>Vi anv\u00e4nder den senaste tekniken f\u00f6r betalningshantering, vilket g\u00f6r att du kan checka ut via ditt betalkort eller kreditkort eller PayPal f\u00f6r en snabb och s\u00e4ker upplevelse.[\/cg_accordion]\n[cg_accordion title=\"GARANTI\"]<\/p>\n<p>2 \u00e5rs garanti fr\u00e5n <a href=\"https:\/\/droix.net\/\" target=\"_blank\" rel=\"nofollow noopener\">DROIX Global<\/a> f\u00f6r att du ska k\u00e4nna dig trygg[\/cg_accordion]\n[cg_accordion title=\"PRISER, SKATTER OCH FRAKT\"]<\/p>\n<p><strong><u>Obs!<\/u><\/strong><\/p>\n<ul>\n<li>Kunder i F\u00f6renta staterna: Det visade priset inkluderar INTE SKATT eller tullar. Ansvaret f\u00f6r att tullklarera och betala eventuell tillh\u00f6rande skatt\/avgift ligger p\u00e5 kunden. <\/li>\n<li>EU-kunder: Det visade priset inkluderar till\u00e4mplig skatt, som kan vara upp till 25% beroende p\u00e5 ditt land.<\/li>\n<li>Kunder i Kanada: Det visade priset inkluderar till\u00e4mpliga skatter, vilket kan inkludera 5% GST och ytterligare Provincial Sales Taxes (PST), Harmonized Sales Tax (HST) eller Quebec Sales Tax (QST), beroende p\u00e5 din provins.<\/li>\n<\/ul>\n<p><strong>ENDAST f\u00f6r EU-kunder:<\/strong> Express DDP (Delivered Duty Paid). Detta betyder: <\/p>\n<ul>\n<li>Alla tullavgifter och skatter ing\u00e5r i det pris som visas p\u00e5 produktsidan.<\/li>\n<li>Du beh\u00f6ver inte betala n\u00e5gra extra avgifter vid leverans.<\/li>\n<li>I s\u00e4llsynta fall av tullrelaterade problem kommer v\u00e5rt team att hantera tullklareringsprocessen f\u00f6r din r\u00e4kning f\u00f6r att s\u00e4kerst\u00e4lla en smidig leveransupplevelse.<\/li>\n<p>Viktig information om returer:<\/p>\n<li>Om du best\u00e4mmer dig f\u00f6r att returnera din best\u00e4llning eller beg\u00e4ra \u00e5terbetalning ska du vara medveten om att skatter och avgifter som betalats f\u00f6r din r\u00e4kning enligt DDP-villkoren inte kan \u00e5terbetalas.<\/li>\n<p>F\u00f6r detaljerad information h\u00e4nvisas till v\u00e5ra allm\u00e4nna <a href=\"https:\/\/droix.net\/terms-and-conditions\/\" target=\"_blank\" rel=\"nofollow noopener\">villkor<\/a>.\n<\/ul>\n<p>[\/cg_accordion]\n[cg_accordion title=\"KUNDTJ\u00c4NST\"]<\/p>\n<p>Har du en fr\u00e5ga? Vi \u00e4r bara ett kort sms bort fr\u00e5n att ha l\u00f6st ditt problem! <\/p>\n<p>F\u00f6r detaljerad information h\u00e4nvisas till v\u00e5ra allm\u00e4nna <a href=\"https:\/\/gpdstore.net\/sv\/terms-of-service\/\" target=\"_blank\" rel=\"nofollow noopener\">villkor<\/a>.\n<\/ul>\n<p>[\/cg_accordion]\n[cg_accordion title=\"VAD SOM ING\u00c5R\"]<\/p>\n<ul>\n<li>1x N\u00e4tkontakt (EU\/US)<\/li>\n<li>1x Anv\u00e4ndarhandbok<\/li>\n<\/ul>\n<p>[\/cg_accordion]\n","protected":false},"featured_media":15930,"template":"","meta":{"_acf_changed":false},"product_brand":[],"product_cat":[2418],"product_tag":[2419,2420],"woo-feed-brand":[2421],"class_list":{"0":"post-6705","1":"product","2":"type-product","3":"status-publish","4":"has-post-thumbnail","6":"product_cat-barbara-monitorer","7":"product_tag-30gpdsale-sv","8":"product_tag-droix-portabel-monitor","9":"product_shipping_class-standard","10":"pa_brand-droix","11":"woo-feed-brand-droix-sv","13":"first","14":"outofstock","15":"sale","16":"taxable","17":"shipping-taxable","18":"purchasable","19":"product-type-variable","20":"has-default-attributes"},"acf":[],"aioseo_notices":[],"_links":{"self":[{"href":"https:\/\/gpdstore.net\/sv\/wp-json\/wp\/v2\/product\/6705","targetHints":{"allow":["GET"]}}],"collection":[{"href":"https:\/\/gpdstore.net\/sv\/wp-json\/wp\/v2\/product"}],"about":[{"href":"https:\/\/gpdstore.net\/sv\/wp-json\/wp\/v2\/types\/product"}],"wp:featuredmedia":[{"embeddable":true,"href":"https:\/\/gpdstore.net\/sv\/wp-json\/wp\/v2\/media\/15930"}],"wp:attachment":[{"href":"https:\/\/gpdstore.net\/sv\/wp-json\/wp\/v2\/media?parent=6705"}],"wp:term":[{"taxonomy":"product_brand","embeddable":true,"href":"https:\/\/gpdstore.net\/sv\/wp-json\/wp\/v2\/product_brand?post=6705"},{"taxonomy":"product_cat","embeddable":true,"href":"https:\/\/gpdstore.net\/sv\/wp-json\/wp\/v2\/product_cat?post=6705"},{"taxonomy":"product_tag","embeddable":true,"href":"https:\/\/gpdstore.net\/sv\/wp-json\/wp\/v2\/product_tag?post=6705"},{"taxonomy":"woo-feed-brand","embeddable":true,"href":"https:\/\/gpdstore.net\/sv\/wp-json\/wp\/v2\/woo-feed-brand?post=6705"}],"curies":[{"name":"wp","href":"https:\/\/api.w.org\/{rel}","templated":true}]}}