{"id":5718,"date":"2024-07-12T12:39:31","date_gmt":"2024-07-12T12:39:31","guid":{"rendered":"https:\/\/gpdstore.net\/okategoriserad\/156-barbar-4k-skarm-med-stod-for-pekpenna\/"},"modified":"2025-12-23T10:14:31","modified_gmt":"2025-12-23T10:14:31","slug":"15-6-4k-portable-monitor-with-stylus-support","status":"publish","type":"product","link":"https:\/\/gpdstore.net\/sv\/product\/15-6-4k-portable-monitor-with-stylus-support\/","title":{"rendered":"15,6&#8243; b\u00e4rbar 4K-sk\u00e4rm med st\u00f6d f\u00f6r pekpenna"},"content":{"rendered":"\n<p>Vi presenterar den b\u00e4rbara 4K-monitorn 15,6&#8243;: F\u00f6rb\u00e4ttra din mobila visningsupplevelse<\/p>\n\n<p>Uppt\u00e4ck en ny standard inom b\u00e4rbara sk\u00e4rmar med den b\u00e4rbara 15,6&#8243; 4K-sk\u00e4rmen. Denna banbrytande sk\u00e4rm \u00e4r konstruerad f\u00f6r dem som kr\u00e4ver det b\u00e4sta inom visuell prestanda och flexibilitet och omdefinierar datoranv\u00e4ndning p\u00e5 resande fot. Oavsett om du \u00e4r en digital nomad, fotograf eller designer, \u00e4r det din gateway till s\u00f6ml\u00f6s produktivitet och uppslukande underh\u00e5llning var du \u00e4n befinner dig.  <\/p>\n\n<p>Uppslukande 4K UHD-sk\u00e4rm: Ditt mobila f\u00f6nster till briljans<\/p>\n\n<p>Upplev hisnande klarhet p\u00e5 den 15,6-tums 4K UHD-sk\u00e4rmen. Med en G+G-peksk\u00e4rm med full laminering och ett 16:9 widescreen-bildf\u00f6rh\u00e5llande, garanterar LED-bakgrundsbelysningstekniken levande f\u00e4rger och skarpa kontraster f\u00f6r inneh\u00e5ll som hoppar av sk\u00e4rmen. Uppl\u00f6sningen p\u00e5 3840 x 2160 och 10-bitars f\u00e4rgdjup ger o\u00f6vertr\u00e4ffade detaljer och \u00e4r perfekt f\u00f6r att visa 4K-media, redigera foton eller dyka in i grafiska designprojekt.  <\/p>\n\n<p>Snygg design, intuitiv peksk\u00e4rm: Utformad f\u00f6r enkel interaktion<\/p>\n\n<p>Sk\u00e4rmen \u00e4r tillverkad av en f\u00f6rstklassig aluminiumlegering och kombinerar h\u00e5llbarhet med en elegant profil. Den smala kantdesignen maximerar sk\u00e4rmutrymmet och skapar en omslutande visuell upplevelse. Med en responsiv kapacitiv 10-punkts peksk\u00e4rm k\u00e4nns det naturligt och intuitivt att navigera i menyer, redigera foton eller skissa p\u00e5 id\u00e9er.  <\/p>\n\n<p>F\u00f6rb\u00e4ttrat visningsn\u00f6je: Briljant fr\u00e5n alla vinklar<\/p>\n\n<p>Med en expansiv 15,6-tums panel med breda 85-graders betraktningsvinklar kan du dela din sk\u00e4rm utan problem utan att offra bildkvaliteten. Ett h\u00f6gt kontrastf\u00f6rh\u00e5llande p\u00e5 1500:1 och en ljusstyrka p\u00e5 600 cd\/m2 ger djup sv\u00e4rta och levande f\u00e4rger, \u00e4ven i v\u00e4l upplysta milj\u00f6er. <\/p>\n\n<p>S\u00f6ml\u00f6s anslutning, f\u00f6rb\u00e4ttrad m\u00e5ngsidighet<\/p>\n\n<p>Anslutningen \u00e4r enkel med HDMI Mini- och Type C-portar f\u00f6r video- och str\u00f6m\u00f6verf\u00f6ring, kompatibla med smartphones, b\u00e4rbara datorer och spelkonsoler som PlayStation 5 och Xbox. En mikro-USB-port g\u00f6r det enkelt att f\u00f6rvandla den till en arbetsstation. <\/p>\n\n<p>Sl\u00e4pp loss kreativiteten med precision<\/p>\n\n<p>F\u00f6r kreativa proffs har sk\u00e4rmen st\u00f6d f\u00f6r en styluspenna med 4096 tryck (s\u00e4ljs separat), vilket ger exakt kontroll f\u00f6r att skissa, g\u00f6ra anteckningar eller redigera foton med naturlig l\u00e4tthet.<\/p>\n\n<p>Portabelt kraftpaket: Arbeta och spela utan gr\u00e4nser<\/p>\n\n<p>Med ett inbyggt batteri p\u00e5 10000 mAh kan du njuta av 4-5 timmars oavbruten anv\u00e4ndning &#8211; perfekt f\u00f6r att arbeta p\u00e5 spr\u00e5ng eller titta p\u00e5 dina favoritprogram. Den kompakta och l\u00e4tta datorn glider enkelt ner i v\u00e4skan och s\u00e4kerst\u00e4ller att du alltid har h\u00f6guppl\u00f6st produktivitet och underh\u00e5llning till hands. <\/p>\n\n<p>\u00d6ka din produktivitet och underh\u00e5llning<\/p>\n\n<p>Ut\u00f6ka din sk\u00e4rmyta s\u00f6ml\u00f6st f\u00f6r multitasking, anslut spelkonsoler f\u00f6r uppslukande spel eller njut av filmer med fantastiska 4K UHD-detaljer &#8211; den h\u00e4r monitorn f\u00f6rvandlar varje uppgift till en exceptionell upplevelse.<\/p>\n\n<p>Rikt ljud, p\u00e5litlig kompatibilitet<\/p>\n\n<p>Dubbla inbyggda h\u00f6gtalare levererar fylliga ljudbilder och f\u00f6rh\u00f6jer din tittarupplevelse oavsett om du tittar p\u00e5 film, spelar eller lyssnar p\u00e5 musik. Den \u00e4r kompatibel med ett brett utbud av HDMI- och Type-C-enheter och anpassar sig enkelt till dina behov. <\/p>\n\n<p>Utformad f\u00f6r professionella anv\u00e4ndare: D\u00e4r precision m\u00f6ter prestanda<\/p>\n\n<p>4K UHD-uppl\u00f6sningen och den exakta f\u00e4rg\u00e5tergivningen \u00e4r perfekt f\u00f6r fotografer och grafiska formgivare och ger verklighetstrogna bilder. Med 100% sRGB-t\u00e4ckning och 10-bitars f\u00e4rgdjup uppfyller den kraven \u00e4ven fr\u00e5n de mest kr\u00e4sna proffsen. <\/p>\n\n<p>Enkel installation, p\u00e5litlig konstruktion<\/p>\n\n<p>Med enkel plug-and-play kan du installera p\u00e5 n\u00e5gra sekunder &#8211; inga komplicerade installationer kr\u00e4vs. Intuitiva kontroller g\u00f6r att du enkelt kan anpassa inst\u00e4llningar som ljusstyrka och kontrast, vilket ger optimal komfort vid l\u00e5ngvarig anv\u00e4ndning. <\/p>\n\n<p>Slitstark, snygg och redo f\u00f6r framtiden<\/p>\n\n<p>Det eleganta h\u00f6ljet i aluminiumlegering \u00e4r byggt f\u00f6r att h\u00e5lla och ger ett robust skydd f\u00f6r daglig anv\u00e4ndning och resor. Dess smala kantdesign blandar estetik med funktionalitet, vilket maximerar ditt visningsn\u00f6je utan distraktioner. <\/p>\n\n<p>Slutsats: Omdefiniera mobil visning med den b\u00e4rbara 15,6&#8243; 4K-bildsk\u00e4rmen<\/p>\n\n<p>Upplev framtiden f\u00f6r mobila sk\u00e4rmar med den b\u00e4rbara 15,6&#8243; 4K-sk\u00e4rmen &#8211; ett m\u00e4sterverk av klarhet, m\u00e5ngsidighet och b\u00e4rbarhet. Oavsett om du skapar, spelar eller njuter av underh\u00e5llning ger den o\u00f6vertr\u00e4ffad prestanda varhelst livet tar dig. <\/p>\n\n<p>F\u00f6rdelar:<\/p>\n\n<ul class=\"wp-block-list\">\n<li>Fantastisk 4K UHD-sk\u00e4rm<\/li>\n\n\n\n<li>Intuitiv peksk\u00e4rm<\/li>\n\n\n\n<li>M\u00e5ngsidiga anslutningsm\u00f6jligheter<\/li>\n\n\n\n<li>L\u00e4tt och b\u00e4rbar design<\/li>\n\n\n\n<li>Slitstark och elegant konstruktion<\/li>\n<\/ul>\n\n<p>Nackdelar:<\/p>\n\n<ul class=\"wp-block-list\">\n<li>Styluspenna s\u00e4ljs separat<\/li>\n\n\n\n<li>Begr\u00e4nsad batteritid vid l\u00e5ngvarig anv\u00e4ndning<\/li>\n\n\n\n<li>Inbyggda h\u00f6gtalare kanske inte uppfyller audiofila standarder<\/li>\n<\/ul>\n\n\r\n<div class=\"wp-block-jetpack-tiled-gallery aligncenter is-style-rectangular\">\r\n<div class=\"tiled-gallery__gallery\">\r\n<div class=\"tiled-gallery__row\">\r\n<div class=\"tiled-gallery__col\" style=\"flex-basis: 55.49556%;\">\r\n<figure class=\"tiled-gallery__item\"><img decoding=\"async\" src=\"https:\/\/i2.wp.com\/droix.net\/wp-content\/uploads\/2023\/04\/S23B_5-MONITOR-MARKETING-IMAGE-DONE-2.jpg?ssl=1\" alt=\"\" data-height=\"1000\" data-id=\"157015\" data-link=\"https:\/\/droix.net\/?attachment_id=157015\" data-url=\"https:\/\/droix.net\/wp-content\/uploads\/2023\/04\/S23B_5-MONITOR-MARKETING-IMAGE-DONE-2.jpg\" data-width=\"1000\" data-amp-layout=\"responsive\"><\/figure>\r\n<\/div>\r\n<div class=\"tiled-gallery__col\" style=\"flex-basis: 44.50444%;\">\r\n<figure class=\"tiled-gallery__item\"><img decoding=\"async\" src=\"https:\/\/i0.wp.com\/droix.net\/wp-content\/uploads\/2023\/04\/S23B_5-MONITOR-MARKETING-IMAGE-DONE-1.jpg?ssl=1\" alt=\"\" data-height=\"619\" data-id=\"157010\" data-link=\"https:\/\/droix.net\/?attachment_id=157010\" data-url=\"https:\/\/droix.net\/wp-content\/uploads\/2023\/04\/S23B_5-MONITOR-MARKETING-IMAGE-DONE-1.jpg\" data-width=\"1000\" data-amp-layout=\"responsive\"><\/figure>\r\n<figure class=\"tiled-gallery__item\"><img decoding=\"async\" src=\"https:\/\/i2.wp.com\/droix.net\/wp-content\/uploads\/2023\/04\/S23B_5-MONITOR-MARKETING-IMAGE-DONE-3.jpg?ssl=1\" alt=\"\" data-height=\"619\" data-id=\"157020\" data-link=\"https:\/\/droix.net\/?attachment_id=157020\" data-url=\"https:\/\/droix.net\/wp-content\/uploads\/2023\/04\/S23B_5-MONITOR-MARKETING-IMAGE-DONE-3.jpg\" data-width=\"1000\" data-amp-layout=\"responsive\"><\/figure>\r\n<\/div>\r\n<\/div>\r\n<div class=\"tiled-gallery__row\">\r\n<div class=\"tiled-gallery__col\" style=\"flex-basis: 37.61498%;\">\r\n<figure class=\"tiled-gallery__item\"><img decoding=\"async\" src=\"https:\/\/i2.wp.com\/droix.net\/wp-content\/uploads\/2023\/04\/S23B_5-MONITOR-MARKETING-IMAGE-DONE-4.jpg?ssl=1\" alt=\"\" data-height=\"1000\" data-id=\"157025\" data-link=\"https:\/\/droix.net\/?attachment_id=157025\" data-url=\"https:\/\/droix.net\/wp-content\/uploads\/2023\/04\/S23B_5-MONITOR-MARKETING-IMAGE-DONE-4.jpg\" data-width=\"1000\" data-amp-layout=\"responsive\"><\/figure>\r\n<figure class=\"tiled-gallery__item\"><img decoding=\"async\" src=\"https:\/\/i0.wp.com\/droix.net\/wp-content\/uploads\/2023\/04\/S23B_5-MONITOR-MARKETING-IMAGE-DONE-5.jpg?ssl=1\" alt=\"\" data-height=\"619\" data-id=\"157030\" data-link=\"https:\/\/droix.net\/?attachment_id=157030\" data-url=\"https:\/\/droix.net\/wp-content\/uploads\/2023\/04\/S23B_5-MONITOR-MARKETING-IMAGE-DONE-5.jpg\" data-width=\"1000\" data-amp-layout=\"responsive\"><\/figure>\r\n<\/div>\r\n<div class=\"tiled-gallery__col\" style=\"flex-basis: 62.38502%;\">\r\n<figure class=\"tiled-gallery__item\"><img decoding=\"async\" src=\"https:\/\/i0.wp.com\/droix.net\/wp-content\/uploads\/2023\/04\/S23B_5-MONITOR-MARKETING-IMAGE-DONE-6.jpg?ssl=1\" alt=\"\" data-height=\"981\" data-id=\"157035\" data-link=\"https:\/\/droix.net\/?attachment_id=157035\" data-url=\"https:\/\/droix.net\/wp-content\/uploads\/2023\/04\/S23B_5-MONITOR-MARKETING-IMAGE-DONE-6.jpg\" data-width=\"1000\" data-amp-layout=\"responsive\"><\/figure>\r\n<\/div>\r\n<\/div>\r\n<div class=\"tiled-gallery__row\">\r\n<div class=\"tiled-gallery__col\" style=\"flex-basis: 33.33333%;\">\r\n<figure class=\"tiled-gallery__item\"><img decoding=\"async\" src=\"https:\/\/i1.wp.com\/droix.net\/wp-content\/uploads\/2023\/04\/S23B_5-MONITOR-MARKETING-IMAGE-DONE-7.jpg?ssl=1\" alt=\"\" data-height=\"1000\" data-id=\"157040\" data-link=\"https:\/\/droix.net\/?attachment_id=157040\" data-url=\"https:\/\/droix.net\/wp-content\/uploads\/2023\/04\/S23B_5-MONITOR-MARKETING-IMAGE-DONE-7.jpg\" data-width=\"1000\" data-amp-layout=\"responsive\"><\/figure>\r\n<\/div>\r\n<div class=\"tiled-gallery__col\" style=\"flex-basis: 33.33333%;\">\r\n<figure class=\"tiled-gallery__item\"><img decoding=\"async\" src=\"https:\/\/i1.wp.com\/droix.net\/wp-content\/uploads\/2023\/04\/S23B_5-MONITOR-MARKETING-IMAGE-DONE-8.jpg?ssl=1\" alt=\"\" data-height=\"1000\" data-id=\"157045\" data-link=\"https:\/\/droix.net\/?attachment_id=157045\" data-url=\"https:\/\/droix.net\/wp-content\/uploads\/2023\/04\/S23B_5-MONITOR-MARKETING-IMAGE-DONE-8.jpg\" data-width=\"1000\" data-amp-layout=\"responsive\"><\/figure>\r\n<\/div>\r\n<div class=\"tiled-gallery__col\" style=\"flex-basis: 33.33333%;\">\r\n<figure class=\"tiled-gallery__item\"><img decoding=\"async\" src=\"https:\/\/i1.wp.com\/droix.net\/wp-content\/uploads\/2023\/04\/S23B_5-MONITOR-MARKETING-IMAGE-DONE-9.jpg?ssl=1\" alt=\"\" data-height=\"1000\" data-id=\"157050\" data-link=\"https:\/\/droix.net\/?attachment_id=157050\" data-url=\"https:\/\/droix.net\/wp-content\/uploads\/2023\/04\/S23B_5-MONITOR-MARKETING-IMAGE-DONE-9.jpg\" data-width=\"1000\" data-amp-layout=\"responsive\"><\/figure>\r\n<\/div>\r\n<\/div>\r\n<div class=\"tiled-gallery__row\">\r\n<div class=\"tiled-gallery__col\" style=\"flex-basis: 50.00000%;\">\r\n<figure class=\"tiled-gallery__item\"><img decoding=\"async\" src=\"https:\/\/i0.wp.com\/droix.net\/wp-content\/uploads\/2023\/04\/S23B_5-MONITOR-MARKETING-IMAGE-DONE-10.jpg?ssl=1\" alt=\"\" data-height=\"1000\" data-id=\"157055\" data-link=\"https:\/\/droix.net\/?attachment_id=157055\" data-url=\"https:\/\/droix.net\/wp-content\/uploads\/2023\/04\/S23B_5-MONITOR-MARKETING-IMAGE-DONE-10.jpg\" data-width=\"1000\" data-amp-layout=\"responsive\"><\/figure>\r\n<\/div>\r\n<div class=\"tiled-gallery__col\" style=\"flex-basis: 50.00000%;\">\r\n<figure class=\"tiled-gallery__item\"><img decoding=\"async\" src=\"https:\/\/i0.wp.com\/droix.net\/wp-content\/uploads\/2023\/04\/S23B_5-MONITOR-MARKETING-IMAGE-DONE-11.jpg?ssl=1\" alt=\"\" data-height=\"1000\" data-id=\"157060\" data-link=\"https:\/\/droix.net\/?attachment_id=157060\" data-url=\"https:\/\/droix.net\/wp-content\/uploads\/2023\/04\/S23B_5-MONITOR-MARKETING-IMAGE-DONE-11.jpg\" data-width=\"1000\" data-amp-layout=\"responsive\"><\/figure>\r\n<\/div>\r\n<\/div>\r\n<div class=\"tiled-gallery__row\">\r\n<div class=\"tiled-gallery__col\" style=\"flex-basis: 29.89199%;\">\r\n<figure class=\"tiled-gallery__item\"><img decoding=\"async\" src=\"https:\/\/i2.wp.com\/droix.net\/wp-content\/uploads\/2023\/04\/S23B_5-MONITOR-MARKETING-IMAGE-DONE-12.jpg?ssl=1\" alt=\"\" data-height=\"619\" data-id=\"157065\" data-link=\"https:\/\/droix.net\/?attachment_id=157065\" data-url=\"https:\/\/droix.net\/wp-content\/uploads\/2023\/04\/S23B_5-MONITOR-MARKETING-IMAGE-DONE-12.jpg\" data-width=\"1000\" data-amp-layout=\"responsive\"><\/figure>\r\n<figure class=\"tiled-gallery__item\"><img decoding=\"async\" src=\"https:\/\/i1.wp.com\/droix.net\/wp-content\/uploads\/2023\/04\/S23B_5-MONITOR-MARKETING-IMAGE-DONE-13.jpg?ssl=1\" alt=\"\" data-height=\"1000\" data-id=\"157070\" data-link=\"https:\/\/droix.net\/?attachment_id=157070\" data-url=\"https:\/\/droix.net\/wp-content\/uploads\/2023\/04\/S23B_5-MONITOR-MARKETING-IMAGE-DONE-13.jpg\" data-width=\"1000\" data-amp-layout=\"responsive\"><\/figure>\r\n<figure class=\"tiled-gallery__item\"><img decoding=\"async\" src=\"https:\/\/i2.wp.com\/droix.net\/wp-content\/uploads\/2023\/04\/S23B_5-MONITOR-MARKETING-IMAGE-DONE-14.jpg?ssl=1\" alt=\"\" data-height=\"822\" data-id=\"157075\" data-link=\"https:\/\/droix.net\/?attachment_id=157075\" data-url=\"https:\/\/droix.net\/wp-content\/uploads\/2023\/04\/S23B_5-MONITOR-MARKETING-IMAGE-DONE-14.jpg\" data-width=\"1000\" data-amp-layout=\"responsive\"><\/figure>\r\n<\/div>\r\n<div class=\"tiled-gallery__col\" style=\"flex-basis: 70.10801%;\">\r\n<figure class=\"tiled-gallery__item\"><img decoding=\"async\" src=\"https:\/\/i1.wp.com\/droix.net\/wp-content\/uploads\/2023\/04\/S23B_5-MONITOR-MARKETING-IMAGE-DONE-15-977x1024.jpg?ssl=1\" alt=\"\" data-height=\"1048\" data-id=\"157080\" data-link=\"https:\/\/droix.net\/?attachment_id=157080\" data-url=\"https:\/\/droix.net\/wp-content\/uploads\/2023\/04\/S23B_5-MONITOR-MARKETING-IMAGE-DONE-15-977x1024.jpg\" data-width=\"1000\" data-amp-layout=\"responsive\"><\/figure>\r\n<\/div>\r\n<\/div>\r\n<div class=\"tiled-gallery__row\">\r\n<div class=\"tiled-gallery__col\" style=\"flex-basis: 54.96322%;\">\r\n<figure class=\"tiled-gallery__item\"><img decoding=\"async\" src=\"https:\/\/i0.wp.com\/droix.net\/wp-content\/uploads\/2023\/04\/S23B_5-MONITOR-MARKETING-IMAGE-DONE-16.jpg?ssl=1\" alt=\"\" data-height=\"787\" data-id=\"157085\" data-link=\"https:\/\/droix.net\/?attachment_id=157085\" data-url=\"https:\/\/droix.net\/wp-content\/uploads\/2023\/04\/S23B_5-MONITOR-MARKETING-IMAGE-DONE-16.jpg\" data-width=\"1000\" data-amp-layout=\"responsive\"><\/figure>\r\n<\/div>\r\n<div class=\"tiled-gallery__col\" style=\"flex-basis: 45.03678%;\">\r\n<figure class=\"tiled-gallery__item\"><img decoding=\"async\" src=\"https:\/\/i1.wp.com\/droix.net\/wp-content\/uploads\/2023\/04\/S23B_5-MONITOR-MARKETING-IMAGE-DONE-17.jpg?ssl=1\" alt=\"\" data-height=\"961\" data-id=\"157090\" data-link=\"https:\/\/droix.net\/?attachment_id=157090\" data-url=\"https:\/\/droix.net\/wp-content\/uploads\/2023\/04\/S23B_5-MONITOR-MARKETING-IMAGE-DONE-17.jpg\" data-width=\"1000\" data-amp-layout=\"responsive\"><\/figure>\r\n<\/div>\r\n<\/div>\r\n<\/div>\r\n<\/div>\r\n","protected":false},"excerpt":{"rendered":"<ul>\n<li>Peksk\u00e4rm kompatibel med <strong>MacOS<\/strong><\/li>\n<li>Peksk\u00e4rmskapacitet <strong>Inklusive stylus<\/strong><\/li>\n<li>Vikbart fodral som monitorstativ<\/li>\n<li>B\u00e4rbar och l\u00e4ttviktig<\/li>\n<li><strong>Drivs med USB<\/strong>, st\u00f6djer mini-HDMI, USB Type-C<\/li>\n<\/ul>\n[cg_accordion title=\"BETALNINGSINFORMATION\"]<\/p>\n<p>Vi anv\u00e4nder den senaste tekniken f\u00f6r betalningshantering, vilket g\u00f6r att du kan checka ut via Apple Pay, Google Pay, ditt betalkort\/kreditkort, PayPal eller BNPL-metoder som Klarna, Affirm eller AfterPay f\u00f6r en snabb och s\u00e4ker upplevelse.[\/cg_accordion]\n[cg_accordion title=\"GARANTI\"]<\/p>\n<p>2 \u00e5rs garanti fr\u00e5n <a href=\"https:\/\/droix.net\/\" target=\"_blank\" rel=\"nofollow noopener\">DROIX Global<\/a> f\u00f6r att du ska k\u00e4nna dig trygg[\/cg_accordion]\n[cg_accordion title=\"PRISER, SKATTER OCH FRAKT\"]<\/p>\n<p><strong><u>Obs!<\/u><\/strong><\/p>\n<ul>\n<li>Kunder i F\u00f6renta staterna: Det visade priset inkluderar INTE SKATT eller tullar. Ansvaret f\u00f6r att tullklarera och betala eventuell tillh\u00f6rande skatt\/avgift ligger p\u00e5 kunden. <\/li>\n<li>EU-kunder: Det visade priset inkluderar till\u00e4mplig skatt, som kan vara upp till 25% beroende p\u00e5 ditt land.<\/li>\n<li>Kunder i Kanada: Det visade priset inkluderar till\u00e4mpliga skatter, vilket kan inkludera 5% GST och ytterligare Provincial Sales Taxes (PST), Harmonized Sales Tax (HST) eller Quebec Sales Tax (QST), beroende p\u00e5 din provins.<\/li>\n<\/ul>\n<p><strong>ENDAST f\u00f6r EU-kunder:<\/strong> Express DDP (Delivered Duty Paid). Detta betyder: <\/p>\n<ul>\n<li>Alla tullavgifter och skatter ing\u00e5r i det pris som visas p\u00e5 produktsidan.<\/li>\n<li>Du beh\u00f6ver inte betala n\u00e5gra extra avgifter vid leverans.<\/li>\n<li>I s\u00e4llsynta fall av tullrelaterade problem kommer v\u00e5rt team att hantera tullklareringsprocessen f\u00f6r din r\u00e4kning f\u00f6r att s\u00e4kerst\u00e4lla en smidig leveransupplevelse.<\/li>\n<p>Viktig information om returer:<\/p>\n<li>Om du best\u00e4mmer dig f\u00f6r att returnera din best\u00e4llning eller beg\u00e4ra \u00e5terbetalning ska du vara medveten om att skatter och avgifter som betalats f\u00f6r din r\u00e4kning enligt DDP-villkoren inte kan \u00e5terbetalas.<\/li>\n<p>F\u00f6r detaljerad information h\u00e4nvisas till v\u00e5ra allm\u00e4nna <a href=\"https:\/\/gpdstore.net\/sv\/terms-of-service\/\" target=\"_blank\" rel=\"nofollow noopener\">villkor<\/a>.\n<\/ul>\n<p>[\/cg_accordion]\n[cg_accordion title=\"KUNDTJ\u00c4NST\"]<\/p>\n<p>Har du en fr\u00e5ga? Vi \u00e4r bara ett kort sms bort fr\u00e5n att ha l\u00f6st ditt problem!<br \/>\n[\/cg_accordion]\n[cg_accordion title=\"VAD SOM ING\u00c5R\"]<\/p>\n<ul>\n<li>1x N\u00e4tkontakt (EU\/US)<\/li>\n<li>1x Stylus<\/li>\n<li>1x Anv\u00e4ndarhandbok<\/li>\n<\/ul>\n<p>[\/cg_accordion]\n","protected":false},"featured_media":15854,"template":"","meta":{"_acf_changed":false},"product_brand":[],"product_cat":[2418],"product_tag":[2419,2420],"woo-feed-brand":[2421],"class_list":{"0":"post-5718","1":"product","2":"type-product","3":"status-publish","4":"has-post-thumbnail","6":"product_cat-barbara-monitorer","7":"product_tag-30gpdsale-sv","8":"product_tag-droix-portabel-monitor","9":"product_shipping_class-standard","10":"pa_brand-droix","11":"woo-feed-brand-droix-sv","13":"first","14":"outofstock","15":"sale","16":"taxable","17":"shipping-taxable","18":"purchasable","19":"product-type-variable","20":"has-default-attributes"},"acf":[],"aioseo_notices":[],"_links":{"self":[{"href":"https:\/\/gpdstore.net\/sv\/wp-json\/wp\/v2\/product\/5718","targetHints":{"allow":["GET"]}}],"collection":[{"href":"https:\/\/gpdstore.net\/sv\/wp-json\/wp\/v2\/product"}],"about":[{"href":"https:\/\/gpdstore.net\/sv\/wp-json\/wp\/v2\/types\/product"}],"wp:featuredmedia":[{"embeddable":true,"href":"https:\/\/gpdstore.net\/sv\/wp-json\/wp\/v2\/media\/15854"}],"wp:attachment":[{"href":"https:\/\/gpdstore.net\/sv\/wp-json\/wp\/v2\/media?parent=5718"}],"wp:term":[{"taxonomy":"product_brand","embeddable":true,"href":"https:\/\/gpdstore.net\/sv\/wp-json\/wp\/v2\/product_brand?post=5718"},{"taxonomy":"product_cat","embeddable":true,"href":"https:\/\/gpdstore.net\/sv\/wp-json\/wp\/v2\/product_cat?post=5718"},{"taxonomy":"product_tag","embeddable":true,"href":"https:\/\/gpdstore.net\/sv\/wp-json\/wp\/v2\/product_tag?post=5718"},{"taxonomy":"woo-feed-brand","embeddable":true,"href":"https:\/\/gpdstore.net\/sv\/wp-json\/wp\/v2\/woo-feed-brand?post=5718"}],"curies":[{"name":"wp","href":"https:\/\/api.w.org\/{rel}","templated":true}]}}