{"id":5557,"date":"2024-07-12T08:46:50","date_gmt":"2024-07-12T08:46:50","guid":{"rendered":"https:\/\/gpdstore.net\/okategoriserad\/droix-pm13-2k-barbar-monitor\/"},"modified":"2025-09-15T21:33:35","modified_gmt":"2025-09-15T21:33:35","slug":"droix-pm13-2k-portable-monitor","status":"publish","type":"product","link":"https:\/\/gpdstore.net\/sv\/product\/droix-pm13-2k-portable-monitor\/","title":{"rendered":"DroiX PM13 2K b\u00e4rbar monitor"},"content":{"rendered":"\n<figure class=\"wp-block-video\"><video controls=\"\" muted=\"\" poster=\"https:\/\/droix.net\/wp-content\/uploads\/2024\/03\/1.jpg\" src=\"https:\/\/droix.net\/wp-content\/uploads\/2024\/06\/pm131.mp4\"><\/video><\/figure>\n\n<div class=\"wp-block-columns is-layout-flex wp-container-core-columns-is-layout-28f84493 wp-block-columns-is-layout-flex\">\n<div class=\"wp-block-column is-layout-flow wp-block-column-is-layout-flow\" style=\"flex-basis:33.33%\">\n<figure class=\"wp-block-image size-large\"><a href=\"https:\/\/droix.net\/wp-content\/uploads\/2024\/03\/DROIX-S13-GENERIC-DONE-LISTING-IMAGE-1-1.png\"><img decoding=\"async\" src=\"https:\/\/droix.net\/wp-content\/uploads\/2024\/03\/DROIX-S13-GENERIC-DONE-LISTING-IMAGE-1-1-1024x1024.png\" alt=\"Bild av DroiX b&#xE4;rbar bildsk&#xE4;rm, 13 tum, 2K, ultratunn, l&#xE4;tt och b&#xE4;rbar\" class=\"wp-image-175965\"\/><\/a><\/figure>\n<\/div>\n\n\n\n<div class=\"wp-block-column is-layout-flow wp-block-column-is-layout-flow\" style=\"flex-basis:66.66%\">\n<h3 class=\"wp-block-heading\"><strong>DroiX PM13 &#8211; 13,0 tums 4K Ultra-Thin b\u00e4rbar bildsk\u00e4rm<\/strong><\/h3>\n\n\n\n<p>DroiX PM13 \u00e4r en elegant och fj\u00e4derl\u00e4tt b\u00e4rbar 13&#8243; 2K-monitor som v\u00e4ger endast 494 gram. Den \u00e4r inkapslad i en tunn aluminiumram och har ultratunna ramar p\u00e5 0,11 tum, vilket g\u00f6r att den p\u00e5 ett m\u00e4sterligt s\u00e4tt blandar stil med bekv\u00e4mlighet. Den livfulla IPS-sk\u00e4rmen erbjuder rika f\u00e4rger och en expansiv 170-graders betraktningsvinkel, vilket ger en f\u00e4ngslande visuell upplevelse. PM13 \u00e4r kompatibel med m\u00e5nga enheter via HDMI och USB-C och \u00e4r den ultimata m\u00e5ngsidiga sk\u00e4rmen f\u00f6r att uppgradera din installation var du \u00e4n befinner dig.  <\/p>\n<\/div>\n<\/div>\n\n<div class=\"wp-block-columns is-layout-flex wp-container-core-columns-is-layout-28f84493 wp-block-columns-is-layout-flex\">\n<div class=\"wp-block-column is-layout-flow wp-block-column-is-layout-flow\">\n<h3 class=\"wp-block-heading\">Den perfekta b\u00e4rbara monitorn f\u00f6r b\u00e4rbara datorer<br\/><em>Inga kompromisser<\/em><\/h3>\n\n\n\n<p>Den b\u00e4rbara bildsk\u00e4rmen DroiX PM13 erbjuder en exceptionell sk\u00e4rmupplevelse med sina enast\u00e5ende funktioner. Med h\u00f6g ljusstyrka och HDR-st\u00f6d s\u00e4kerst\u00e4ller den tydlig synlighet i alla ljusf\u00f6rh\u00e5llanden. Den 100% sRGB-t\u00e4ckningen och 16,7 miljoner f\u00e4rger ger den exakta f\u00e4rgnoggrannhet som \u00e4r avg\u00f6rande f\u00f6r fotoredigering och grafisk design. 2K-uppl\u00f6sningen p\u00e5 en 13-tumssk\u00e4rm garanterar h\u00f6g pixeldensitet, vilket ger skarpa och livfulla bilder f\u00f6r b\u00e5de text och multimedia. Detta g\u00f6r PM13 till ett f\u00f6rstahandsval f\u00f6r b\u00e5de proffs och entusiaster.    <\/p>\n<\/div>\n\n\n\n<div class=\"wp-block-column is-layout-flow wp-block-column-is-layout-flow\">\n<figure class=\"wp-block-image size-full\"><a href=\"https:\/\/droix.net\/wp-content\/uploads\/2024\/03\/2.jpg\"><img decoding=\"async\" src=\"https:\/\/droix.net\/wp-content\/uploads\/2024\/03\/2.jpg\" alt=\"DroiX PM13 h&#xF6;gkvalitativ b&#xE4;rbar sk&#xE4;rm med HDR400-st&#xF6;d, QHD 2160x1350-uppl&#xF6;sning och 100% sRGB-t&#xE4;ckning\" class=\"wp-image-182193\"\/><\/a><\/figure>\n<\/div>\n<\/div>\n\n<div class=\"wp-block-columns is-layout-flex wp-container-core-columns-is-layout-28f84493 wp-block-columns-is-layout-flex\">\n<div class=\"wp-block-column is-layout-flow wp-block-column-is-layout-flow\">\n<figure class=\"wp-block-image size-full\"><a href=\"https:\/\/droix.net\/wp-content\/uploads\/2024\/07\/3-1.jpg\"><img decoding=\"async\" src=\"https:\/\/droix.net\/wp-content\/uploads\/2024\/07\/3-1.jpg\" alt=\"DroiX PM13 &#xE4;r en b&#xE4;rbar bildsk&#xE4;rm som &#xE4;r utformad f&#xF6;r att omdefiniera kompatibilitet och anslutningsm&#xF6;jligheter med ett brett utbud av enheter. Med robust st&#xF6;d f&#xF6;r USB- och ActiveDP-teknik integreras denna bildsk&#xE4;rm s&#xF6;ml&#xF6;st med olika moderna prylar, fr&#xE5;n b&#xE4;rbara datorer till smartphones och mycket mer. PM13 &#xE4;r utformad f&#xF6;r enkel interaktion och fungerar med enheter som st&#xF6;der DisplayPort &#xF6;ver USB, har Thunderbolt USB-portar eller f&#xF6;ljer USB 4-protokollet f&#xF6;r videoutg&#xE5;ng. Oavsett om du spelar p&#xE5; spr&#xE5;ng, &#xF6;kar produktiviteten eller njuter av multimediainneh&#xE5;ll &#xE4;r PM13 din ultimata f&#xF6;ljeslagare, som erbjuder o&#xF6;vertr&#xE4;ffad flexibilitet och prestanda var du &#xE4;n beh&#xF6;ver den   \" class=\"wp-image-182203\"\/><\/a><\/figure>\n<\/div>\n\n\n\n<div class=\"wp-block-column is-layout-flow wp-block-column-is-layout-flow\">\n<h3 class=\"wp-block-heading\">B\u00e4rbarhet och kraft<br\/><em>Kompatibilitet<\/em><\/h3>\n\n\n\n<p>Upplev den banbrytande m\u00e5ngsidigheten hos den b\u00e4rbara monitorn DroiX PM13, som \u00e4r utformad f\u00f6r att omdefiniera kompatibilitet och anslutning med ett brett utbud av enheter. Med robust st\u00f6d f\u00f6r USB- och ActiveDP-teknik integreras den h\u00e4r monitorn s\u00f6ml\u00f6st med olika moderna prylar, fr\u00e5n b\u00e4rbara datorer till smartphones och mycket mer. <\/p>\n\n\n\n<p>PM13 \u00e4r utformad f\u00f6r enkel interaktion och fungerar med enheter som st\u00f6der DisplayPort \u00f6ver USB, har Thunderbolt USB-portar eller f\u00f6ljer USB 4-protokollet f\u00f6r videoutg\u00e5ng. Oavsett om du spelar p\u00e5 spr\u00e5ng, \u00f6kar produktiviteten eller njuter av multimediainneh\u00e5ll \u00e4r PM13 din ultimata f\u00f6ljeslagare, som erbjuder o\u00f6vertr\u00e4ffad flexibilitet och prestanda var du \u00e4n beh\u00f6ver den. <\/p>\n<\/div>\n<\/div>\n\n<div class=\"wp-block-columns is-layout-flex wp-container-core-columns-is-layout-28f84493 wp-block-columns-is-layout-flex\">\n<div class=\"wp-block-column is-layout-flow wp-block-column-is-layout-flow\">\n<h3 class=\"wp-block-heading\">Mer \u00e4n en b\u00e4rbar monitor<br\/><em>Funktionsrik<\/em><\/h3>\n\n\n\n<p>Den b\u00e4rbara bildsk\u00e4rmen DroiX PM13 har en m\u00e5ngsidig design med ett 180\u00b0 justerbart st\u00f6d, vilket g\u00f6r det m\u00f6jligt f\u00f6r anv\u00e4ndare att placera sk\u00e4rmen i olika vinklar f\u00f6r optimal visningskomfort. Dessutom har den ett integrerat 75&#215;75 mm VESA-monteringsst\u00f6d som m\u00f6jligg\u00f6r flexibel montering p\u00e5 kompatibla armar eller stativ. F\u00f6r ljudet har PM13 inbyggda stereoh\u00f6gtalare, var och en med en effekt p\u00e5 1,0 W. \u00c4ven om h\u00f6gtalarna inte \u00e4r s\u00e4rskilt kraftfulla, erbjuder de en bekv\u00e4m ljudl\u00f6sning utan att kr\u00e4va externa enheter.   <\/p>\n\n\n\n<h3 class=\"wp-block-heading\"><br\/><\/h3>\n<\/div>\n\n\n\n<div class=\"wp-block-column is-layout-flow wp-block-column-is-layout-flow\">\n<figure class=\"wp-block-image size-full\"><a href=\"https:\/\/droix.net\/wp-content\/uploads\/2024\/07\/4.jpg\"><img decoding=\"async\" src=\"https:\/\/droix.net\/wp-content\/uploads\/2024\/07\/4.jpg\" alt=\"DroiX PM13 &#xE4;r en b&#xE4;rbar bildsk&#xE4;rm med ett 180&#xB0; justerbart st&#xF6;d som g&#xF6;r det m&#xF6;jligt f&#xF6;r anv&#xE4;ndaren att placera sk&#xE4;rmen i olika vinklar f&#xF6;r optimal visningskomfort. Den har ett integrerat 75x75 mm VESA-f&#xE4;ste f&#xF6;r flexibel montering p&#xE5; kompatibla armar eller stativ. PM13 har ocks&#xE5; inbyggda stereoh&#xF6;gtalare p&#xE5; 1,0 W vardera, vilket ger en bekv&#xE4;m ljudl&#xF6;sning utan att externa enheter beh&#xF6;vs.  \" class=\"wp-image-182205\"\/><\/a><\/figure>\n<\/div>\n<\/div>\n\n<div class=\"wp-block-columns is-layout-flex wp-container-core-columns-is-layout-28f84493 wp-block-columns-is-layout-flex\">\n<div class=\"wp-block-column is-layout-flow wp-block-column-is-layout-flow\">\n<figure class=\"wp-block-image size-full\"><a href=\"https:\/\/droix.net\/wp-content\/uploads\/2024\/07\/5.jpg\"><img decoding=\"async\" src=\"https:\/\/droix.net\/wp-content\/uploads\/2024\/07\/5.jpg\" alt=\"DroiX PM13 b&#xE4;rbar monitor &#xE4;r ett exempel p&#xE5; m&#xE5;ngsidighet med omfattande kompatibilitet och anslutningsm&#xF6;jligheter. Den har fyra l&#xE4;gen: Duplicated Mode f&#xF6;r spegling av inneh&#xE5;ll, Extend Mode f&#xF6;r att ut&#xF6;ka arbetsytan, Second Screen f&#xF6;r spelkonsoler och Portrait Mode f&#xF6;r vertikal orientering. Perfekt f&#xF6;r proffs, spelare och digitala nomader, f&#xF6;r &#xF6;kad produktivitet och underh&#xE5;llning i olika milj&#xF6;er  \" class=\"wp-image-182206\"\/><\/a><\/figure>\n<\/div>\n\n\n\n<div class=\"wp-block-column is-layout-flow wp-block-column-is-layout-flow\">\n<h3 class=\"wp-block-heading\">F\u00f6rl\u00e4ngning, duplicering, portr\u00e4tt och mer<br\/><em>Sann m\u00e5ngsidighet<br\/><\/em><\/h3>\n\n\n\n<p>Den b\u00e4rbara monitorn DroiX PM13 \u00e4r ett exempel p\u00e5 m\u00e5ngsidighet med sina omfattande kompatibilitets- och anslutningsm\u00f6jligheter. Den erbjuder fyra m\u00e5ngsidiga l\u00e4gen: Duplicated Mode f\u00f6r spegling av inneh\u00e5ll, Extend Mode f\u00f6r att ut\u00f6ka arbetsytan, Second Screen f\u00f6r spelkonsoler och Portrait Mode f\u00f6r vertikal orientering. Denna anpassningsbarhet g\u00f6r den till en idealisk f\u00f6ljeslagare f\u00f6r proffs, spelare och digitala nomader, vilket f\u00f6rb\u00e4ttrar produktivitet och underh\u00e5llning i olika milj\u00f6er.  <\/p>\n\n\n\n<p>4o<\/p>\n<\/div>\n<\/div>\n\n<figure class=\"wp-block-image aligncenter size-large\"><a href=\"https:\/\/droix.net\/wp-content\/uploads\/2024\/07\/7.jpg\"><img decoding=\"async\" src=\"https:\/\/droix.net\/wp-content\/uploads\/2024\/07\/7-1024x420.jpg\" alt=\"Anslut din MacBook med Thunderbolt 3 eller 4 s&#xF6;ml&#xF6;st till den b&#xE4;rbara bildsk&#xE4;rmen DroiX PM13 via dess typ-C-port med st&#xF6;d f&#xF6;r DP ALT-MODE. Denna avancerade anslutning s&#xE4;kerst&#xE4;ller b&#xE5;de video&#xF6;verf&#xF6;ring och str&#xF6;mf&#xF6;rs&#xF6;rjning via en enda typ C-kabel, vilket maximerar bekv&#xE4;mlighet och effektivitet. \" class=\"wp-image-182195\"\/><\/a><\/figure>\n\n<p>Anslut din MacBook med Thunderbolt 3 eller 4 s\u00f6ml\u00f6st till den b\u00e4rbara bildsk\u00e4rmen DroiX PM13 via dess typ-C-port med st\u00f6d f\u00f6r DP ALT-MODE. Denna avancerade anslutning s\u00e4kerst\u00e4ller b\u00e5de video\u00f6verf\u00f6ring och str\u00f6mf\u00f6rs\u00f6rjning via en enda typ C-kabel, vilket maximerar bekv\u00e4mlighet och effektivitet. <\/p>\n\n<figure class=\"wp-block-image aligncenter size-large is-resized\"><a href=\"https:\/\/droix.net\/wp-content\/uploads\/2024\/03\/8.jpg\"><img decoding=\"async\" src=\"https:\/\/droix.net\/wp-content\/uploads\/2024\/03\/8-1024x420.jpg\" alt=\"Utnyttja de avancerade funktionerna i Thunderbolt 3, 4 eller USB 3.1 DP ALT-MODE p&#xE5; din smartphone f&#xF6;r att s&#xF6;ml&#xF6;st ansluta till DroiX PM13 b&#xE4;rbar bildsk&#xE4;rm f&#xF6;r b&#xE5;de videoutg&#xE5;ng och str&#xF6;mf&#xF6;rs&#xF6;rjning. Utnyttja Type-C-porten med DP ALT-MODE-st&#xF6;d p&#xE5; din smartphone f&#xF6;r en str&#xF6;mlinjeformad upplevelse med en enda kabel som hanterar video&#xF6;verf&#xF6;ring och str&#xF6;mf&#xF6;rs&#xF6;rjning \" class=\"wp-image-182197\" style=\"width:900px;height:auto\"\/><\/a><\/figure>\n\n<p>Anslut enkelt din Windows-b\u00e4rbara dator till den b\u00e4rbara monitorn DroiX PM13 med hj\u00e4lp av HDMI- och Type-C-portarna f\u00f6r s\u00f6ml\u00f6s video\u00f6verf\u00f6ring och str\u00f6mf\u00f6rs\u00f6rjning. Type-C-porten st\u00f6der str\u00f6mf\u00f6rs\u00f6rjning (PD) medan HDMI-porten s\u00e4kerst\u00e4ller h\u00f6guppl\u00f6st videoutg\u00e5ng, s\u00e5 att du kan njuta av f\u00f6rb\u00e4ttrad produktivitet och underh\u00e5llning utan problem. <\/p>\n\n<figure class=\"wp-block-image aligncenter size-large\"><a href=\"https:\/\/droix.net\/wp-content\/uploads\/2024\/03\/9.jpg\"><img decoding=\"async\" src=\"https:\/\/droix.net\/wp-content\/uploads\/2024\/03\/9-1024x420.jpg\" alt=\"Utnyttja de avancerade funktionerna i Thunderbolt 3, 4 eller USB 3.1 DP ALT-MODE p&#xE5; din smartphone f&#xF6;r att s&#xF6;ml&#xF6;st ansluta till DroiX PM13 b&#xE4;rbar bildsk&#xE4;rm f&#xF6;r b&#xE5;de videoutg&#xE5;ng och str&#xF6;mf&#xF6;rs&#xF6;rjning. Utnyttja Type-C-porten med DP ALT-MODE-st&#xF6;d p&#xE5; din smartphone f&#xF6;r en str&#xF6;mlinjeformad upplevelse med en enda kabel som hanterar video&#xF6;verf&#xF6;ring och str&#xF6;mf&#xF6;rs&#xF6;rjning \" class=\"wp-image-182198\"\/><\/a><\/figure>\n\n<p>Utnyttja de avancerade funktionerna i Thunderbolt 3, 4 eller USB 3.1 DP ALT-MODE p\u00e5 din smartphone f\u00f6r att s\u00f6ml\u00f6st ansluta till DroiX PM13 b\u00e4rbar bildsk\u00e4rm f\u00f6r b\u00e5de videoutg\u00e5ng och str\u00f6mf\u00f6rs\u00f6rjning. Genom att anv\u00e4nda Type-C-porten med DP ALT-MODE-st\u00f6d p\u00e5 din smartphone kan du njuta av en str\u00f6mlinjeformad upplevelse med en enda kabel som hanterar b\u00e5de video\u00f6verf\u00f6ring och str\u00f6mf\u00f6rs\u00f6rjning. <\/p>\n\n<figure class=\"wp-block-image aligncenter size-large\"><a href=\"https:\/\/droix.net\/wp-content\/uploads\/2024\/03\/11.jpg\"><img decoding=\"async\" src=\"https:\/\/droix.net\/wp-content\/uploads\/2024\/03\/11-1024x420.jpg\" alt=\"DroiX PM13 b&#xE4;rbar bildsk&#xE4;rm kan anslutas p&#xE5; flera olika s&#xE4;tt, bland annat via USB, ActiveDP, DisplayPort &#xF6;ver USB, Thunderbolt USB-portar och USB 4-protokoll f&#xF6;r videoutg&#xE5;ng, vilket ger m&#xE5;ngsidiga anslutningsm&#xF6;jligheter.\" class=\"wp-image-182199\"\/><\/a><\/figure>\n\n<figure class=\"wp-block-image aligncenter size-large\"><a href=\"https:\/\/droix.net\/wp-content\/uploads\/2024\/03\/12.jpg\"><img decoding=\"async\" src=\"https:\/\/droix.net\/wp-content\/uploads\/2024\/03\/12-1024x420.jpg\" alt=\"Vanliga fr&#xE5;gor om den b&#xE4;rbara monitorn DroiX PM13\" class=\"wp-image-182200\"\/><\/a><\/figure>\n\n<h3 class=\"wp-block-heading\"><strong>Slutsats<\/strong><\/h3>\n\n<p>DroiX PM13 omdefinierar portabla bildsk\u00e4rmar genom att kombinera h\u00f6g uppl\u00f6sning, \u00f6verl\u00e4gsen b\u00e4rbarhet och omfattande kompatibilitet i en elegant, anv\u00e4ndarv\u00e4nlig design. Den \u00e4r skapad f\u00f6r dem som v\u00e4grar att kompromissa med kvalitet och funktionalitet, \u00e4ven n\u00e4r de \u00e4r p\u00e5 spr\u00e5ng. Omfamna framtiden f\u00f6r b\u00e4rbara bildsk\u00e4rmar med DroiX PM13 och upplev den perfekta blandningen av innovation och bekv\u00e4mlighet p\u00e5 n\u00e4ra h\u00e5ll.  <\/p>\n\n<p>Missa inte chansen att f\u00f6rh\u00f6ja din upplevelse av en b\u00e4rbar bildsk\u00e4rm med DroiX PM13. F\u00f6rbest\u00e4ll nu f\u00f6r att s\u00e4kra din plats bland de f\u00f6rsta som f\u00e5r njuta av denna banbrytande enhet. Med begr\u00e4nsad tillg\u00e4nglighet \u00e4r det h\u00e4r din chans att g\u00e5 f\u00f6re och uppleva det ultimata inom b\u00e4rbar bildsk\u00e4rmsteknik. Best\u00e4ll din DroiX PM13 b\u00e4rbara bildsk\u00e4rm idag!   <\/p>\n\n<p>4o<\/p>\n","protected":false},"excerpt":{"rendered":"<ul>\n<li>2K 13&#8243;<strong> IPS-sk\u00e4rm<\/strong> <\/li>\n<li>100%<strong> sRGB-t\u00e4ckning<\/strong> <\/li>\n<li>450 <strong>Nits<\/strong> ljusstyrka<\/li>\n<li>75x75mm<strong> VESA-montering<\/strong> <\/li>\n<li> <strong> Inbyggda<\/strong> h\u00f6gtalare<\/li>\n<\/ul>\n<p> [cg_accordion title=\"BETALNINGSINFORMATION\"] Vi anv\u00e4nder den senaste tekniken f\u00f6r betalningshantering, vilket g\u00f6r att du kan checka ut via ditt betalkort \/ kreditkort eller PayPal f\u00f6r en snabb och s\u00e4ker upplevelse.[\/cg_accordion] [cg_accordion title=\"GARANTI\"] 1 eller 2 \u00e5rs* garanti fr\u00e5n <a href=\"https:\/\/droix.net\/\" target=\"_blank\" rel=\"nofollow noopener\">DroiX Global<\/a> f\u00f6r din sinnesfrid[\/cg_accordion] [cg_accordion title=\"FRAKT OCH SKATTER\"] <strong><u>Obs!<\/u><\/strong> Kunder i USA: Det visade priset inkluderar alla till\u00e4mpliga skatter. EU-kunder: Det visade priset inkluderar till\u00e4mplig skatt, som kan vara upp till 25% beroende p\u00e5 ditt land. Kunder i Kanada: I det angivna priset ing\u00e5r 5% GST.   Frakt och returer hanteras av <a href=\"https:\/\/droix.net\/\" target=\"_blank\" rel=\"nofollow noopener\">DroiX<\/a>, en officiell GPD-distribut\u00f6r. Vi erbjuder snabb DHL Express DDP (Delivered Duty Paid) frakt. Alla tullavgifter och skatter ing\u00e5r i det visade priset &#8211; inga ytterligare betalningar kommer att kr\u00e4vas vid leverans. Om n\u00e5gra tullfr\u00e5gor uppst\u00e5r kommer v\u00e5rt team att hantera tullklareringsf\u00f6rfarandena f\u00f6r din r\u00e4kning. Viktigt: Vid retur och \u00e5ngerr\u00e4tt kan skatter och avgifter som betalats f\u00f6r din r\u00e4kning inte \u00e5terbetalas p\u00e5 grund av DDP-fraktvillkor. Se v\u00e5ra <a href=\"https:\/\/gpdstore.net\/sv\/terms-of-service\/\" target=\"_blank\" rel=\"nofollow noopener\">villkor<\/a> och best\u00e4mmelser f\u00f6r detaljerad information.     [\/cg_accordion] [cg_accordion title=\"WHAT'S INCLUDED\"]<\/p>\n<ul>\n<li>1x DroiX PM13 b\u00e4rbar monitor<\/li>\n<li>1x N\u00e4tkontakt (EU\/US)<\/li>\n<li>1x HDMI-kabel<\/li>\n<li>1x USB typ C-kabel<\/li>\n<li>1x USB typ A till typ C-kabel<\/li>\n<li>1x Skyddsfodral<\/li>\n<li>1x Anv\u00e4ndarhandbok<\/li>\n<\/ul>\n<p>[\/cg_accordion]<\/p>\n","protected":false},"featured_media":818504,"template":"","meta":{"_acf_changed":false},"product_brand":[],"product_cat":[2418],"product_tag":[12484,2420],"woo-feed-brand":[2421],"class_list":{"0":"post-5557","1":"product","2":"type-product","3":"status-publish","4":"has-post-thumbnail","6":"product_cat-barbara-monitorer","7":"product_tag-25bfsale-sv","8":"product_tag-droix-portabel-monitor","9":"product_shipping_class-low-end","10":"pa_brand-droix","11":"woo-feed-brand-droix-sv","13":"first","14":"instock","15":"sale","16":"taxable","17":"shipping-taxable","18":"purchasable","19":"product-type-variable","20":"has-default-attributes"},"acf":[],"aioseo_notices":[],"_links":{"self":[{"href":"https:\/\/gpdstore.net\/sv\/wp-json\/wp\/v2\/product\/5557","targetHints":{"allow":["GET"]}}],"collection":[{"href":"https:\/\/gpdstore.net\/sv\/wp-json\/wp\/v2\/product"}],"about":[{"href":"https:\/\/gpdstore.net\/sv\/wp-json\/wp\/v2\/types\/product"}],"wp:featuredmedia":[{"embeddable":true,"href":"https:\/\/gpdstore.net\/sv\/wp-json\/wp\/v2\/media\/818504"}],"wp:attachment":[{"href":"https:\/\/gpdstore.net\/sv\/wp-json\/wp\/v2\/media?parent=5557"}],"wp:term":[{"taxonomy":"product_brand","embeddable":true,"href":"https:\/\/gpdstore.net\/sv\/wp-json\/wp\/v2\/product_brand?post=5557"},{"taxonomy":"product_cat","embeddable":true,"href":"https:\/\/gpdstore.net\/sv\/wp-json\/wp\/v2\/product_cat?post=5557"},{"taxonomy":"product_tag","embeddable":true,"href":"https:\/\/gpdstore.net\/sv\/wp-json\/wp\/v2\/product_tag?post=5557"},{"taxonomy":"woo-feed-brand","embeddable":true,"href":"https:\/\/gpdstore.net\/sv\/wp-json\/wp\/v2\/woo-feed-brand?post=5557"}],"curies":[{"name":"wp","href":"https:\/\/api.w.org\/{rel}","templated":true}]}}