{"id":5185,"date":"2024-05-08T15:41:24","date_gmt":"2024-05-08T15:41:24","guid":{"rendered":"https:\/\/gpdstore.net\/okategoriserad\/gpd-win-4-dockningsstation\/"},"modified":"2025-12-23T10:18:01","modified_gmt":"2025-12-23T10:18:01","slug":"gpd-win-4-docking-station","status":"publish","type":"product","link":"https:\/\/gpdstore.net\/sv\/product\/gpd-win-4-docking-station\/","title":{"rendered":"GPD WIN 4 Dockningsstation"},"content":{"rendered":"\n<h3 class=\"wp-block-heading\"><strong>F\u00f6rvandla din GPD WIN 4 till en station\u00e4r dator med den officiella dockningsstationen<\/strong><\/h3>\n\n<p>Lyft din handh\u00e5llna spelupplevelse till skrivbordsniv\u00e5 med GPD WIN 4 dockningsstation. Detta viktiga tillbeh\u00f6r ut\u00f6kar inte bara dina anslutningsm\u00f6jligheter utan f\u00f6rb\u00e4ttrar ocks\u00e5 funktionaliteten hos din enhet och f\u00f6rvandlar den till en fullt utrustad station\u00e4r dator. <\/p>\n\n<h3 class=\"wp-block-heading\"><strong>F\u00f6rb\u00e4ttrad USB-anslutning<\/strong><\/h3>\n\n<p>Dockningsstationen GPD WIN 4 \u00e4r utrustad med tre USB 3.2 Gen 2 typ A-portar som levererar hastigheter p\u00e5 upp till 10 Gbps f\u00f6r anslutning av en m\u00e4ngd olika kringutrustning som tangentbord, m\u00f6ss och snabba externa lagringsenheter.<\/p>\n\n<p>Den har ocks\u00e5 en USB 3.2 Gen 2 Type-C-port som \u00e4r utformad f\u00f6r snabbladdning och st\u00f6der h\u00f6geffektsladdare f\u00f6r att snabbt ladda upp din enhet.<\/p>\n\n<h3 class=\"wp-block-heading\"><strong>\u00d6verl\u00e4gsna visningsalternativ<\/strong><\/h3>\n\n<p>Upplev h\u00f6guppl\u00f6sta bilder genom att ansluta din GPD WIN 4 till en extern bildsk\u00e4rm eller TV via HDMI 2.0-porten. Med den h\u00e4r inst\u00e4llningen kan du anv\u00e4nda GPD WIN 4:s sk\u00e4rm som en sekund\u00e4r sk\u00e4rm och f\u00f6rb\u00e4ttra din produktivitet och spelupplevelse med dubbla sk\u00e4rmfunktioner. <\/p>\n\n<h3 class=\"wp-block-heading\"><strong>Snabb och s\u00e4ker internetuppkoppling<\/strong><\/h3>\n\n<p>Dockningsstationen har en 1 Gbps RJ45 Ethernet-port som ger en snabb och s\u00e4ker anslutning f\u00f6r streaming, spel och data\u00f6verf\u00f6ring, vilket \u00f6vertr\u00e4ffar tr\u00e5dl\u00f6sa hastigheter och s\u00e4kerhet.<\/p>\n\n<h3 class=\"wp-block-heading\"><strong>Kompakt design f\u00f6r maximal b\u00e4rbarhet<\/strong><\/h3>\n\n<p>Dockningsstationen GPD WIN 4 har en kompakt formfaktor, m\u00e4ter bara 3,4 x 5,6 x 3,2 tum och v\u00e4ger endast 224 g. Detta g\u00f6r den otroligt portabel och l\u00e4tt att integrera i alla arbetsytor utan att st\u00f6ra. Designen inkluderar en avtagbar baksida som g\u00f6r det enkelt att ansluta och transportera dockningsstationen och enheten.  <\/p>\n\n<p>Dessutom l\u00e4mnar dockningsstationens design den andra USB Type-C-porten p\u00e5 GPD WIN 4 fri, s\u00e5 att du kan ansluta h\u00f6gpresterande kringutrustning som en extern GPU, vilket f\u00f6rb\u00e4ttrar din installation ytterligare.<\/p>\n\n<h3 class=\"wp-block-heading\"><strong>F\u00f6r- och nackdelar med GPD WIN 4 dockningsstation<\/strong><\/h3>\n\n<h3 class=\"wp-block-heading\"><strong>F\u00f6rdelar:<\/strong><\/h3>\n\n<ul class=\"wp-block-list\">\n<li>Flera USB 3.2 Gen 2 typ A-portar f\u00f6r olika kringutrustning<\/li>\n\n\n\n<li>HDMI 2.0-utg\u00e5ng f\u00f6r externa bildsk\u00e4rmar eller TV-apparater<\/li>\n\n\n\n<li>Ethernet med h\u00f6g hastighet p\u00e5 1 Gbps f\u00f6r tillf\u00f6rlitlig internetanslutning<\/li>\n\n\n\n<li>USB Type-C-port f\u00f6r snabb laddning av enheten<\/li>\n<\/ul>\n\n<h3 class=\"wp-block-heading\"><strong>Nackdelar:<\/strong><\/h3>\n\n<ul class=\"wp-block-list\">\n<li>Saknar en extra USB Type-C-port f\u00f6r kringutrustning<\/li>\n<\/ul>\n\n<h3 class=\"wp-block-heading\"><strong>F\u00f6rdelar med att anv\u00e4nda en dockningsstation<\/strong><\/h3>\n\n<p>En dockningsstation f\u00f6renklar ditt arbetsfl\u00f6de genom att ansluta din b\u00e4rbara dator till flera kringutrustningar via en enda kabel. Detta hj\u00e4lper inte bara till att rensa upp p\u00e5 din arbetsyta utan \u00f6kar ocks\u00e5 din produktivitet genom att m\u00f6jligg\u00f6ra dubbla sk\u00e4rmar. Dessutom minimerar den slitaget p\u00e5 enhetens portar och f\u00f6rl\u00e4nger livsl\u00e4ngden p\u00e5 din GPD WIN 4, eftersom den minskar det frekventa behovet av att ansluta och koppla bort flera kablar.  <\/p>\n\n<p>Investera i GPD WIN 4-dockningsstationen idag f\u00f6r att f\u00f6r\u00e4ndra din spelupps\u00e4ttning och effektivisera din arbetsyta, s\u00e5 att din GPD WIN 4 inte bara blir en spelpryl utan en helt\u00e4ckande arbetsstation.<\/p>\n","protected":false},"excerpt":{"rendered":"<ul>\n<li>F\u00f6rvara och ladda din <strong>GPD WIN 4<\/strong><\/li>\n<li>F\u00f6rvandla din handdator till ett <strong>skrivbord<\/strong><\/li>\n<li>Anslut alla dina kringutrustningsenheter.<\/li>\n<li>Officiell GPD Dock utformad f\u00f6r <strong>GPD WIN 4<\/strong><\/li>\n<li>Liten, l\u00e4tt och resv\u00e4nlig<\/li>\n<\/ul>\n[cg_accordion title=\"BETALNINGSINFORMATION\"]<\/p>\n<p>Vi anv\u00e4nder den senaste tekniken f\u00f6r betalningshantering, vilket g\u00f6r att du kan checka ut via ditt betalkort eller kreditkort eller PayPal f\u00f6r en snabb och s\u00e4ker upplevelse.[\/cg_accordion]\n[cg_accordion title=\"GARANTI\"]<\/p>\n<p>2 \u00e5rs garanti fr\u00e5n <a href=\"https:\/\/droix.net\/\" target=\"_blank\" rel=\"nofollow noopener\">DROIX Global<\/a> f\u00f6r att du ska k\u00e4nna dig trygg[\/cg_accordion]\n[cg_accordion title=\"PRISER, SKATTER OCH FRAKT\"]<\/p>\n<p><strong><u>Obs!<\/u><\/strong><br \/>\n &#8211; Kunder i USA: Det visade priset inkluderar alla till\u00e4mpliga skatter.<br \/>\n &#8211; EU-kunder: Det visade priset inkluderar till\u00e4mplig skatt, som kan vara upp till 25% beroende p\u00e5 ditt land.<br \/>\n &#8211; Kunder i Kanada: Det visade priset inkluderar till\u00e4mpliga skatter, som kan inkludera 5% GST och ytterligare Provincial Sales Taxes (PST), Harmonized Sales Tax (HST) eller Quebec Sales Tax (QST), beroende p\u00e5 din provins.[\/cg_accordion]\n[cg_accordion title=\"FRAKT OCH RETURER\"]<\/p>\n<p>Organiserad av <a href=\"https:\/\/droix.net\/\" target=\"_blank\" rel=\"nofollow noopener\">DroiX<\/a>, en officiell GPD-distribut\u00f6r, skickar vi med DHL Express DDP (Delivered Duty Paid). Detta betyder: <\/p>\n<p>Express DDP (Delivered Duty Paid). Detta betyder att:<br \/>\n &#8211; Alla tullavgifter och skatter ing\u00e5r i det pris som visas p\u00e5 produktsidan.<br \/>\n &#8211; Du beh\u00f6ver inte betala n\u00e5gra extra avgifter vid leverans.<br \/>\n &#8211; I s\u00e4llsynta fall av tullrelaterade problem kommer v\u00e5rt team att hantera tullklareringsprocessen f\u00f6r din r\u00e4kning f\u00f6r att s\u00e4kerst\u00e4lla en smidig leveransupplevelse. <\/p>\n<p>Viktig information om returer:<br \/>\n &#8211; Om du best\u00e4mmer dig f\u00f6r att returnera din best\u00e4llning eller beg\u00e4ra \u00e5terbetalning, var medveten om att skatter och tullar som betalats f\u00f6r din r\u00e4kning enligt DDP-villkoren inte kan \u00e5terbetalas.<\/p>\n<p>F\u00f6r detaljerad information h\u00e4nvisas till v\u00e5ra allm\u00e4nna <a href=\"https:\/\/gpdstore.net\/sv\/terms-of-service\/\" target=\"_blank\" rel=\"nofollow noopener\">villkor<\/a>.[\/cg_accordion]\n[cg_accordion title=\"VAD SOM ING\u00c5R\"]<\/p>\n<ul>\n<li>1x GPD WIN 4 dockningsstation<\/li>\n<\/ul>\n<p>[\/cg_accordion]\n","protected":false},"featured_media":12207,"template":"","meta":{"_acf_changed":false},"product_brand":[],"product_cat":[1216],"product_tag":[2120],"woo-feed-brand":[697],"class_list":{"0":"post-5185","1":"product","2":"type-product","3":"status-publish","4":"has-post-thumbnail","6":"product_cat-tillbehor","7":"product_tag-gpd-win-4-accessory-sv","8":"product_shipping_class-standard","10":"pa_accessory-type-dockningsstation","11":"pa_brand-gpd","12":"woo-feed-brand-gpd-sv","14":"first","15":"outofstock","16":"taxable","17":"shipping-taxable","18":"purchasable","19":"product-type-variable","20":"has-default-attributes"},"acf":[],"aioseo_notices":[],"_links":{"self":[{"href":"https:\/\/gpdstore.net\/sv\/wp-json\/wp\/v2\/product\/5185","targetHints":{"allow":["GET"]}}],"collection":[{"href":"https:\/\/gpdstore.net\/sv\/wp-json\/wp\/v2\/product"}],"about":[{"href":"https:\/\/gpdstore.net\/sv\/wp-json\/wp\/v2\/types\/product"}],"wp:featuredmedia":[{"embeddable":true,"href":"https:\/\/gpdstore.net\/sv\/wp-json\/wp\/v2\/media\/12207"}],"wp:attachment":[{"href":"https:\/\/gpdstore.net\/sv\/wp-json\/wp\/v2\/media?parent=5185"}],"wp:term":[{"taxonomy":"product_brand","embeddable":true,"href":"https:\/\/gpdstore.net\/sv\/wp-json\/wp\/v2\/product_brand?post=5185"},{"taxonomy":"product_cat","embeddable":true,"href":"https:\/\/gpdstore.net\/sv\/wp-json\/wp\/v2\/product_cat?post=5185"},{"taxonomy":"product_tag","embeddable":true,"href":"https:\/\/gpdstore.net\/sv\/wp-json\/wp\/v2\/product_tag?post=5185"},{"taxonomy":"woo-feed-brand","embeddable":true,"href":"https:\/\/gpdstore.net\/sv\/wp-json\/wp\/v2\/woo-feed-brand?post=5185"}],"curies":[{"name":"wp","href":"https:\/\/api.w.org\/{rel}","templated":true}]}}