{"id":4892,"date":"2024-04-23T16:13:31","date_gmt":"2024-04-23T16:13:31","guid":{"rendered":"https:\/\/gpdstore.net\/okategoriserad\/gpd-stylus-for-gpd-pocket-3-and-win-max-2\/"},"modified":"2025-11-24T11:27:06","modified_gmt":"2025-11-24T11:27:06","slug":"gpd-stylus","status":"publish","type":"product","link":"https:\/\/gpdstore.net\/sv\/product\/gpd-stylus\/","title":{"rendered":"GPD Stylus f\u00f6r GPD Pocket 3 &amp; WIN MAX 2"},"content":{"rendered":"\n<p><br\/>Vi presenterar GPD Stylus: ditt ultimata verktyg f\u00f6r precision och komfort, utformad f\u00f6r att f\u00f6rb\u00e4ttra funktionaliteten hos GPD Pocket 3 och GPD Win Max 2, och kompatibel med m\u00e5nga andra modeller av b\u00e4rbara datorer och surfplattor. Denna stylus \u00e4r tillverkad av en robust aluminiumlegering och \u00e4r formad f\u00f6r att passa bekv\u00e4mt i handen, vilket g\u00f6r den idealisk f\u00f6r l\u00e5ngvarig anv\u00e4ndning utan obehag. Den har en h\u00f6gk\u00e4nslig, tryckk\u00e4nslig spets med 4096 niv\u00e5er tillverkad av mjukt, flexibelt gummi, vilket s\u00e4kerst\u00e4ller att varje drag \u00e4r lika exakt och lyh\u00f6rt som penna p\u00e5 papper. Denna niv\u00e5 av noggrannhet \u00e4r perfekt f\u00f6r en m\u00e4ngd olika aktiviteter, fr\u00e5n skisser och redigering av foton till detaljerat penselarbete och att skriva snabba memon.   <\/p>\n\n<p>Ut\u00f6ver sina exakta egenskaper \u00e4r GPD Stylus konstruerad f\u00f6r att h\u00e5lla din sk\u00e4rm i perfekt skick, tack vare gummispetsen som skyddar mot repor och skr\u00e4p. Den \u00e4r inte bara funktionell utan ocks\u00e5 l\u00e4tt och bekv\u00e4mt b\u00e4rbar, komplett med ett praktiskt sp\u00e4nne f\u00f6r enkel fasts\u00e4ttning i en ficka eller v\u00e4ska &#8211; perfekt f\u00f6r den upptagna yrkesmannen eller kreat\u00f6ren p\u00e5 spr\u00e5ng. F\u00f6rb\u00e4ttra dina digitala interaktioner, oavsett om du navigerar genom appar, f\u00e5ngar id\u00e9er eller utforskar din konstn\u00e4rliga sida, med GPD Stylus &#8211; den perfekta blandningen av praktisk och innovativ design.<\/p>\n","protected":false},"excerpt":{"rendered":"<ul>\n<li>Fungerar med<strong> GPD Pocket 3<\/strong> &amp; GPD WIN MAX 2<\/li>\n<li>Tryckk\u00e4nslighet p\u00e5 <strong>4096 niv\u00e5er<\/strong> <\/li>\n<li>Snygg och ergonomisk<\/li>\n<li><strong> Metallsp\u00e4nne<\/strong><\/li>\n<li>Memoskrivning och teckeninmatning<\/li>\n<\/ul>\n<p> [cg_accordion title=\"BETALNINGSINFORMATION\"] Vi anv\u00e4nder den senaste tekniken inom betalningshantering, vilket g\u00f6r att du kan checka ut via Apple Pay, Google Pay, ditt betalkort\/kreditkort, PayPal eller BNPL-metoder som Klarna, Affirm eller AfterPay f\u00f6r en snabb och s\u00e4ker upplevelse.[\/cg_accordion] [cg_accordion title=\"GARANTI\"] 2 \u00e5rs garanti fr\u00e5n <a href=\"https:\/\/droix.net\/\" target=\"_blank\" rel=\"nofollow noopener\">DROIX Global<\/a> f\u00f6r din sinnesfrid[\/cg_accordion] [cg_accordion title=\"PRICING, TAXES AND SHIPPING\"] <strong><u>Obs!<\/u><\/strong><\/p>\n<ul>\n<li>Kunder i F\u00f6renta staterna: Det visade priset inkluderar INTE SKATT eller tullar. Ansvaret f\u00f6r att tullklarera och betala eventuell tillh\u00f6rande skatt\/avgift ligger p\u00e5 kunden. <\/li>\n<li>EU-kunder: Det visade priset inkluderar till\u00e4mplig skatt, som kan vara upp till 25% beroende p\u00e5 ditt land.<\/li>\n<li>Kunder i Kanada: Det visade priset inkluderar till\u00e4mpliga skatter, vilket kan inkludera 5% GST och ytterligare Provincial Sales Taxes (PST), Harmonized Sales Tax (HST) eller Quebec Sales Tax (QST), beroende p\u00e5 din provins.<\/li>\n<\/ul>\n<p><strong>ENDAST f\u00f6r EU-kunder:<\/strong> Express DDP (Delivered Duty Paid). Detta betyder: <\/p>\n<ul>\n<li style=\"list-style-type: none;\">\n<ul>\n<li>Alla tullavgifter och skatter ing\u00e5r i det pris som visas p\u00e5 produktsidan.<\/li>\n<li>Du beh\u00f6ver inte betala n\u00e5gra extra avgifter vid leverans.<\/li>\n<li>I s\u00e4llsynta fall av tullrelaterade problem kommer v\u00e5rt team att hantera tullklareringsprocessen f\u00f6r din r\u00e4kning f\u00f6r att s\u00e4kerst\u00e4lla en smidig leveransupplevelse.<\/li>\n<p>Viktig information om returer:<\/p>\n<li>Om du best\u00e4mmer dig f\u00f6r att returnera din best\u00e4llning eller beg\u00e4ra \u00e5terbetalning ska du vara medveten om att skatter och avgifter som betalats f\u00f6r din r\u00e4kning enligt DDP-villkoren inte kan \u00e5terbetalas.<\/li>\n<p>V\u00e4nligen se v\u00e5r<\/ul>\n<\/li>\n<\/ul>\n<p><a href=\"https:\/\/gpdstore.net\/sv\/terms-of-service\/\" target=\"_blank\" rel=\"nofollow noopener\">Villkor och anvisningar<\/a><\/p>\n<ul>f\u00f6r detaljerad information.<\/ul>\n<p>[\/cg_accordion] [cg_accordion title=\"KUNDTJ\u00c4NST\"]  Har du en fr\u00e5ga? Vi \u00e4r bara ett kort sms bort fr\u00e5n att ha l\u00f6st ditt problem!   [\/cg_accordion] [cg_accordion title=\"WHAT'S INCLUDED\"]<\/p>\n<ul>\n<li>1x GPD Stylus<\/li>\n<\/ul>\n<p>[\/cg_accordion]<\/p>\n","protected":false},"featured_media":11932,"template":"","meta":{"_acf_changed":false},"product_brand":[],"product_cat":[1216],"product_tag":[15933,1758],"woo-feed-brand":[697],"class_list":{"0":"post-4892","1":"product","2":"type-product","3":"status-publish","4":"has-post-thumbnail","6":"product_cat-tillbehor","7":"product_tag-15xmsale-sv","8":"product_tag-gpd-wm2-tillbehor","9":"product_shipping_class-low-end","10":"pa_accessory-type-stylus-sv","11":"pa_brand-gpd","12":"woo-feed-brand-gpd-sv","14":"first","15":"instock","16":"sale","17":"taxable","18":"shipping-taxable","19":"purchasable","20":"product-type-variable","21":"has-default-attributes"},"acf":[],"aioseo_notices":[],"_links":{"self":[{"href":"https:\/\/gpdstore.net\/sv\/wp-json\/wp\/v2\/product\/4892","targetHints":{"allow":["GET"]}}],"collection":[{"href":"https:\/\/gpdstore.net\/sv\/wp-json\/wp\/v2\/product"}],"about":[{"href":"https:\/\/gpdstore.net\/sv\/wp-json\/wp\/v2\/types\/product"}],"wp:featuredmedia":[{"embeddable":true,"href":"https:\/\/gpdstore.net\/sv\/wp-json\/wp\/v2\/media\/11932"}],"wp:attachment":[{"href":"https:\/\/gpdstore.net\/sv\/wp-json\/wp\/v2\/media?parent=4892"}],"wp:term":[{"taxonomy":"product_brand","embeddable":true,"href":"https:\/\/gpdstore.net\/sv\/wp-json\/wp\/v2\/product_brand?post=4892"},{"taxonomy":"product_cat","embeddable":true,"href":"https:\/\/gpdstore.net\/sv\/wp-json\/wp\/v2\/product_cat?post=4892"},{"taxonomy":"product_tag","embeddable":true,"href":"https:\/\/gpdstore.net\/sv\/wp-json\/wp\/v2\/product_tag?post=4892"},{"taxonomy":"woo-feed-brand","embeddable":true,"href":"https:\/\/gpdstore.net\/sv\/wp-json\/wp\/v2\/woo-feed-brand?post=4892"}],"curies":[{"name":"wp","href":"https:\/\/api.w.org\/{rel}","templated":true}]}}