{"id":4862,"date":"2023-03-26T13:55:57","date_gmt":"2023-03-26T13:55:57","guid":{"rendered":"https:\/\/gpdstore.net\/okategoriserad\/gpd-ficka-3\/"},"modified":"2026-01-07T00:11:01","modified_gmt":"2026-01-07T00:11:01","slug":"gpd-pocket-3","status":"publish","type":"product","link":"https:\/\/gpdstore.net\/sv\/product\/gpd-pocket-3\/","title":{"rendered":"GPD Pocket 3 Mini b\u00e4rbar dator"},"content":{"rendered":"\n<figure class=\"wp-block-video\"><video controls=\"\" poster=\"https:\/\/gpdstore.net\/wp-content\/uploads\/2023\/03\/s-l1600-2025-11-11T121147209.webp\" src=\"https:\/\/gpdstore.net\/wp-content\/uploads\/2023\/03\/kaezXFcAdRaf7bFG0dm_1100204901809_mp4_265_hd-1.mp4\"><\/video><\/figure>\n\n<div class=\"wp-block-columns is-layout-flex wp-container-core-columns-is-layout-28f84493 wp-block-columns-is-layout-flex\">\n<div class=\"wp-block-column is-layout-flow wp-block-column-is-layout-flow\" style=\"flex-basis:33.33%\">\n<figure class=\"wp-block-image size-full\"><a href=\"https:\/\/gpdstore.net\/wp-content\/uploads\/2023\/03\/Wholesale-Price-GPD-Pocket-3-Mini-Laptop-16GB-1TB-i7-GPD-Pocket-3jpg_.webp\"><img fetchpriority=\"high\" decoding=\"async\" width=\"800\" height=\"800\" src=\"https:\/\/gpdstore.net\/wp-content\/uploads\/2023\/03\/Wholesale-Price-GPD-Pocket-3-Mini-Laptop-16GB-1TB-i7-GPD-Pocket-3jpg_.webp\" alt=\"GPD Pocket 3, en kompakt och kraftfull b&#xE4;rbar minidator som &#xE4;r utformad f&#xF6;r m&#xE5;ngsidig databehandling och b&#xE4;rbarhet.\" class=\"wp-image-1263941\" srcset=\"https:\/\/gpdstore.net\/wp-content\/uploads\/2023\/03\/Wholesale-Price-GPD-Pocket-3-Mini-Laptop-16GB-1TB-i7-GPD-Pocket-3jpg_.webp 800w, https:\/\/gpdstore.net\/wp-content\/uploads\/2023\/03\/Wholesale-Price-GPD-Pocket-3-Mini-Laptop-16GB-1TB-i7-GPD-Pocket-3jpg_-600x600.webp 600w, https:\/\/gpdstore.net\/wp-content\/uploads\/2023\/03\/Wholesale-Price-GPD-Pocket-3-Mini-Laptop-16GB-1TB-i7-GPD-Pocket-3jpg_-150x150.webp 150w, https:\/\/gpdstore.net\/wp-content\/uploads\/2023\/03\/Wholesale-Price-GPD-Pocket-3-Mini-Laptop-16GB-1TB-i7-GPD-Pocket-3jpg_-768x768.webp 768w, https:\/\/gpdstore.net\/wp-content\/uploads\/2023\/03\/Wholesale-Price-GPD-Pocket-3-Mini-Laptop-16GB-1TB-i7-GPD-Pocket-3jpg_-65x65.webp 65w, https:\/\/gpdstore.net\/wp-content\/uploads\/2023\/03\/Wholesale-Price-GPD-Pocket-3-Mini-Laptop-16GB-1TB-i7-GPD-Pocket-3jpg_-360x360.webp 360w, https:\/\/gpdstore.net\/wp-content\/uploads\/2023\/03\/Wholesale-Price-GPD-Pocket-3-Mini-Laptop-16GB-1TB-i7-GPD-Pocket-3jpg_-441x441.webp 441w, https:\/\/gpdstore.net\/wp-content\/uploads\/2023\/03\/Wholesale-Price-GPD-Pocket-3-Mini-Laptop-16GB-1TB-i7-GPD-Pocket-3jpg_-100x100.webp 100w\" sizes=\"(max-width: 800px) 100vw, 800px\" \/><\/a><\/figure>\n<\/div>\n\n\n\n<div class=\"wp-block-column is-layout-flow wp-block-column-is-layout-flow\" style=\"flex-basis:66.66%\">\n<h2 class=\"wp-block-heading\"><strong><br\/><\/strong><strong>GPD Pocket 3: Kompakt kraftpaket med<br\/>Intel Pentium Gold 7505-prestanda<\/strong><\/h2>\n\n\n\n<p><strong>GPD Pocket 3<\/strong> finns nu i en str\u00f6mlinjeformad konfiguration med <a href=\"https:\/\/www.intel.com\/content\/www\/us\/en\/products\/sku\/208667\/intel-pentium-gold-7505-processor-4m-cache-up-to-3-50-ghz-with-ipu\/specifications.html\" target=\"_blank\" rel=\"noopener nofollow\" title=\"\">Intel Pentium Gold 7505-processor<\/a>. Med fyra k\u00e4rnor och \u00e5tta tr\u00e5dar, och boosthastigheter p\u00e5 upp till 3,5 GHz, ger den h\u00e4r processorn gedigen prestanda f\u00f6r vardaglig produktivitet och multitasking. <\/p>\n\n\n\n<p>Tillsammans med 16 GB LPDDR4x RAM-minne som k\u00f6rs i 3733 MHz och en snabb M.2 <a href=\"https:\/\/droix.net\/product\/ayn-odin-2-super-dock\/\" target=\"_blank\" rel=\"noopener nofollow\" title=\"\">NVMe<\/a> SSD ger Pocket 3 en smidig upplevelse f\u00f6r uppgifter som dokumentredigering, webbsurfning, videostreaming och l\u00e4ttare kreativt arbete. Den kompakta designen och det modul\u00e4ra portsystemet g\u00f6r den idealisk f\u00f6r proffs och entusiaster som beh\u00f6ver en kraftfull men \u00e4nd\u00e5 portabel Windows-enhet. <\/p>\n\n\n\n<p>Oavsett om du arbetar p\u00e5 distans, \u00e4r p\u00e5 resande fot eller beh\u00f6ver en m\u00e5ngsidig ultraportabel dator, \u00e4r GPD Pocket 3 med Intel Pentium Gold den perfekta balansen mellan prestanda och portabilitet.<\/p>\n<\/div>\n<\/div>\n\n<h2 class=\"wp-block-heading has-text-align-center\">Konstruerad f\u00f6r professionella anv\u00e4ndare: M\u00e5ngsidighet, kontroll och utm\u00e4rkt design<\/h2>\n\n<div class=\"wp-block-columns is-layout-flex wp-container-core-columns-is-layout-28f84493 wp-block-columns-is-layout-flex\">\n<div class=\"wp-block-column is-layout-flow wp-block-column-is-layout-flow\">\n<figure class=\"wp-block-image size-full\"><img decoding=\"async\" width=\"300\" height=\"300\" src=\"https:\/\/gpdstore.net\/wp-content\/uploads\/2023\/03\/87affa8a-19ce-4c6d-891b-43840ae1d1f6__CR00300300_PT0_SX300_V1___.jpg\" alt=\"GPD Pocket 3 b&#xE4;rbar minidator med 180-graders vridbar sk&#xE4;rm och 180-graders v&#xE4;ndbar sk&#xE4;rm, vilket ger flexibla visnings- och anv&#xE4;ndningsalternativ\" class=\"wp-image-1263942\" srcset=\"https:\/\/gpdstore.net\/wp-content\/uploads\/2023\/03\/87affa8a-19ce-4c6d-891b-43840ae1d1f6__CR00300300_PT0_SX300_V1___.jpg 300w, https:\/\/gpdstore.net\/wp-content\/uploads\/2023\/03\/87affa8a-19ce-4c6d-891b-43840ae1d1f6__CR00300300_PT0_SX300_V1___-150x150.jpg 150w, https:\/\/gpdstore.net\/wp-content\/uploads\/2023\/03\/87affa8a-19ce-4c6d-891b-43840ae1d1f6__CR00300300_PT0_SX300_V1___-65x65.jpg 65w, https:\/\/gpdstore.net\/wp-content\/uploads\/2023\/03\/87affa8a-19ce-4c6d-891b-43840ae1d1f6__CR00300300_PT0_SX300_V1___-100x100.jpg 100w\" sizes=\"(max-width: 300px) 100vw, 300px\" \/><\/figure>\n\n\n\n<h3 class=\"wp-block-heading\"><strong><strong>En sk\u00e4rm som anpassar sig:<\/strong> Den 180\u00b0 vridbara sk\u00e4rmen med pulvermetallurgisk h\u00e5llbarhet.<\/strong><\/h3>\n\n\n\n<p>V\u00e5r innovativt konstruerade vridbara sk\u00e4rm, som tillverkas med avancerad pulvermetallurgisk teknik, m\u00f6jligg\u00f6r smidig 180-graders enhandsrotation runt Y-axeln. Den har framg\u00e5ngsrikt genomg\u00e5tt rigor\u00f6sa h\u00e5llbarhetstester och klarat 100.000 kontinuerliga robotoperationer (inklusive rotation, \u00f6ppning och st\u00e4ngning) med en imponerande servicegrad p\u00e5 99,3%. <\/p>\n<\/div>\n\n\n\n<div class=\"wp-block-column is-layout-flow wp-block-column-is-layout-flow\">\n<figure class=\"wp-block-image size-full\"><img decoding=\"async\" width=\"300\" height=\"300\" src=\"https:\/\/gpdstore.net\/wp-content\/uploads\/2023\/03\/9728f488-7c9a-4702-8194-6d4228a0fa83__CR00300300_PT0_SX300_V1___.jpg\" alt=\"GPD Pocket 3 mini-b&#xE4;rbar dator med st&#xF6;d f&#xF6;r pekpenna, vilket ger exakt inmatning och &#xF6;kad produktivitet.\" class=\"wp-image-1263943\" srcset=\"https:\/\/gpdstore.net\/wp-content\/uploads\/2023\/03\/9728f488-7c9a-4702-8194-6d4228a0fa83__CR00300300_PT0_SX300_V1___.jpg 300w, https:\/\/gpdstore.net\/wp-content\/uploads\/2023\/03\/9728f488-7c9a-4702-8194-6d4228a0fa83__CR00300300_PT0_SX300_V1___-150x150.jpg 150w, https:\/\/gpdstore.net\/wp-content\/uploads\/2023\/03\/9728f488-7c9a-4702-8194-6d4228a0fa83__CR00300300_PT0_SX300_V1___-65x65.jpg 65w, https:\/\/gpdstore.net\/wp-content\/uploads\/2023\/03\/9728f488-7c9a-4702-8194-6d4228a0fa83__CR00300300_PT0_SX300_V1___-100x100.jpg 100w\" sizes=\"(max-width: 300px) 100vw, 300px\" \/><\/figure>\n\n\n\n<h3 class=\"wp-block-heading\"><strong><strong><strong>Precisionsinmatning:<\/strong> Med det Red Dot-bel\u00f6nade QWERTY-tangentbordet och en stylus p\u00e5 4096 niv\u00e5er.<\/strong><\/strong><\/h3>\n\n\n\n<p>Pocket 3 har st\u00f6d f\u00f6r aktiv stylus med 4096 niv\u00e5er av tryckk\u00e4nslighet, vilket ger originalprecision f\u00f6r handskrift. Den \u00e4r kompatibel med Surface Pen via Microsoft MPP 2.0-protokollet och m\u00f6jligg\u00f6r s\u00f6ml\u00f6sa anteckningar, kommentarer och signaturer, vilket ger m\u00f6jlighet till exakt och kreativt inneh\u00e5llsskapande n\u00e4r som helst. <\/p>\n<\/div>\n\n\n\n<div class=\"wp-block-column is-layout-flow wp-block-column-is-layout-flow\">\n<figure class=\"wp-block-image size-full\"><img loading=\"lazy\" decoding=\"async\" width=\"300\" height=\"300\" src=\"https:\/\/gpdstore.net\/wp-content\/uploads\/2023\/03\/a2d68f01-c1f4-4886-afb1-90dae8b01b16__CR00300300_PT0_SX300_V1___.jpg\" alt=\"GPD Pocket 3 mini-b&#xE4;rbar dator med en ultratunn 1080P-kamera som ger h&#xF6;guppl&#xF6;st videokvalitet f&#xF6;r klara och skarpa videosamtal\" class=\"wp-image-1263944\" srcset=\"https:\/\/gpdstore.net\/wp-content\/uploads\/2023\/03\/a2d68f01-c1f4-4886-afb1-90dae8b01b16__CR00300300_PT0_SX300_V1___.jpg 300w, https:\/\/gpdstore.net\/wp-content\/uploads\/2023\/03\/a2d68f01-c1f4-4886-afb1-90dae8b01b16__CR00300300_PT0_SX300_V1___-150x150.jpg 150w, https:\/\/gpdstore.net\/wp-content\/uploads\/2023\/03\/a2d68f01-c1f4-4886-afb1-90dae8b01b16__CR00300300_PT0_SX300_V1___-65x65.jpg 65w, https:\/\/gpdstore.net\/wp-content\/uploads\/2023\/03\/a2d68f01-c1f4-4886-afb1-90dae8b01b16__CR00300300_PT0_SX300_V1___-100x100.jpg 100w\" sizes=\"(max-width: 300px) 100vw, 300px\" \/><\/figure>\n\n\n\n<h3 class=\"wp-block-heading\"><strong><strong><strong>Tydlig kommunikation:<\/strong> Anslut \u00f6verallt med 1080P Ultra-Thin vidvinkelkamera.<\/strong><\/strong><\/h3>\n\n\n\n<p>1080P h\u00f6guppl\u00f6st ultratunn minikamera med 2 miljoner pixlar och ett brett synf\u00e4lt p\u00e5 77\u00b0. Detta g\u00f6r att du kan kommunicera med familjen via live webcast eller h\u00e5lla videokonferenser med kollegor n\u00e4r som helst, var som helst. <\/p>\n<\/div>\n<\/div>\n\n<div class=\"wp-block-columns is-layout-flex wp-container-core-columns-is-layout-28f84493 wp-block-columns-is-layout-flex\">\n<div class=\"wp-block-column is-layout-flow wp-block-column-is-layout-flow\">\n<figure class=\"wp-block-image size-full\"><img loading=\"lazy\" decoding=\"async\" width=\"300\" height=\"400\" src=\"https:\/\/gpdstore.net\/wp-content\/uploads\/2023\/03\/dfaad9ca-c981-4178-9f69-19a4a5cf5f38__CR00300400_PT0_SX300_V1___.jpg\" alt=\"GPD Pocket 3 mini-b&#xE4;rbar dator med KVM-kontroll f&#xF6;r s&#xF6;ml&#xF6;s integrering och hantering av flera enheter fr&#xE5;n ett enda gr&#xE4;nssnitt\" class=\"wp-image-1263945\" srcset=\"https:\/\/gpdstore.net\/wp-content\/uploads\/2023\/03\/dfaad9ca-c981-4178-9f69-19a4a5cf5f38__CR00300400_PT0_SX300_V1___.jpg 300w, https:\/\/gpdstore.net\/wp-content\/uploads\/2023\/03\/dfaad9ca-c981-4178-9f69-19a4a5cf5f38__CR00300400_PT0_SX300_V1___-150x200.jpg 150w\" sizes=\"(max-width: 300px) 100vw, 300px\" \/><\/figure>\n<\/div>\n\n\n\n<div class=\"wp-block-column is-layout-flow wp-block-column-is-layout-flow\">\n<h3 class=\"wp-block-heading\"><strong>IT Administration Power:<\/strong> Server\u00e5tkomst p\u00e5 maskinvaruniv\u00e5 via KVM-modulen som kan bytas ut direkt.<\/h3>\n\n\n\n<p>Till skillnad fr\u00e5n &#8220;fj\u00e4rrskrivbord&#8221; anv\u00e4nds KVM-kontrollmodulen f\u00f6r \u00e5tkomstkontroll p\u00e5 maskinvaruniv\u00e5 som t\u00e4cker hela anv\u00e4ndningsprocessen f\u00f6r den aktuella servern, fr\u00e5n uppstart, BIOS-inst\u00e4llningar till operationer i operativsystemet.<\/p>\n\n\n\n<p>Den \u00e4r hot-swappable men har ingen IP KVM, s\u00e5 den st\u00f6der inte fj\u00e4rrhantering och \u00e4r l\u00e4mplig f\u00f6r hantering av lokal n\u00e4tverksutrustning som saknar tangentbord, mus och display.<\/p>\n\n\n\n<p>*KVM-modul\/RS-232-modul\/Stylus s\u00e4ljs separat<\/p>\n<\/div>\n\n\n\n<div class=\"wp-block-column is-layout-flow wp-block-column-is-layout-flow\">\n<figure class=\"wp-block-image size-full\"><img loading=\"lazy\" decoding=\"async\" width=\"350\" height=\"175\" src=\"https:\/\/gpdstore.net\/wp-content\/uploads\/2023\/03\/c011901a-1c49-4ed6-b6e2-a74a6089bf57__CR00350175_PT0_SX350_V1___-1.jpg\" alt=\"GPD Pocket 3 b&#xE4;rbar minidator med QWERTY-tangentbord, utformad f&#xF6;r bekv&#xE4;mt och effektivt skrivande i en kompakt formfaktor\" class=\"wp-image-1263946\" srcset=\"https:\/\/gpdstore.net\/wp-content\/uploads\/2023\/03\/c011901a-1c49-4ed6-b6e2-a74a6089bf57__CR00350175_PT0_SX350_V1___-1.jpg 350w, https:\/\/gpdstore.net\/wp-content\/uploads\/2023\/03\/c011901a-1c49-4ed6-b6e2-a74a6089bf57__CR00350175_PT0_SX350_V1___-1-150x75.jpg 150w\" sizes=\"(max-width: 350px) 100vw, 350px\" \/><\/figure>\n\n\n\n<h3 class=\"wp-block-heading\"><strong>&#8220;QWERTY&#8221;-tangentbord<\/strong><\/h3>\n\n\n\n<p>V\u00e5rt mycket uppskattade chiclet-chokladliknande &#8220;QWERTY&#8221;-tangentbord, som har vunnit tyska Red Dot Award, \u00e4r optimerat f\u00f6r att skriva med b\u00e5da h\u00e4nderna genom att de viktigaste tangenterna \u00e4r koncentrerade till mitten, vilket g\u00f6r det mycket bekv\u00e4mt att spela tangentbords- och musstyrda spel p\u00e5 den h\u00e4r enheten!<\/p>\n<\/div>\n<\/div>\n\n<h2 class=\"wp-block-heading has-text-align-center\">Ing\u00e5ngar av professionell kvalitet: H\u00e5rdvarustyrning och ergonomiskt skrivande<\/h2>\n\n<figure class=\"wp-block-image aligncenter size-full\"><img loading=\"lazy\" decoding=\"async\" width=\"1024\" height=\"678\" src=\"https:\/\/gpdstore.net\/wp-content\/uploads\/2023\/03\/GPD-POCKET-3-MARKETING-IMAGE-2-1024x678-1.jpg\" alt=\"GPD Pocket 3 mini-b&#xE4;rbar dator som kan ansluta flera sk&#xE4;rmar f&#xF6;r &#xF6;kad produktivitet och multitasking\" class=\"wp-image-1263947\" srcset=\"https:\/\/gpdstore.net\/wp-content\/uploads\/2023\/03\/GPD-POCKET-3-MARKETING-IMAGE-2-1024x678-1.jpg 1024w, https:\/\/gpdstore.net\/wp-content\/uploads\/2023\/03\/GPD-POCKET-3-MARKETING-IMAGE-2-1024x678-1-600x397.jpg 600w, https:\/\/gpdstore.net\/wp-content\/uploads\/2023\/03\/GPD-POCKET-3-MARKETING-IMAGE-2-1024x678-1-768x509.jpg 768w, https:\/\/gpdstore.net\/wp-content\/uploads\/2023\/03\/GPD-POCKET-3-MARKETING-IMAGE-2-1024x678-1-360x238.jpg 360w, https:\/\/gpdstore.net\/wp-content\/uploads\/2023\/03\/GPD-POCKET-3-MARKETING-IMAGE-2-1024x678-1-990x655.jpg 990w, https:\/\/gpdstore.net\/wp-content\/uploads\/2023\/03\/GPD-POCKET-3-MARKETING-IMAGE-2-1024x678-1-441x292.jpg 441w, https:\/\/gpdstore.net\/wp-content\/uploads\/2023\/03\/GPD-POCKET-3-MARKETING-IMAGE-2-1024x678-1-150x99.jpg 150w\" sizes=\"(max-width: 1024px) 100vw, 1024px\" \/><\/figure>\n\n<p>GPD \u00e4r tillbaka med den tredje iterationen i sin popul\u00e4ra serie av b\u00e4rbara minidatorer, med det passande namnet <strong>GPD Pocket 3<\/strong>! Denna funktionssp\u00e4ckade b\u00e4rbara dator med liten formfaktor \u00e4r fullt utrustad och tillr\u00e4ckligt flexibel f\u00f6r att fylla alla dina dagliga datorbehov med l\u00e4tthet<\/p>\n\n<p>Ut\u00f6ver den uppsj\u00f6 av gr\u00e4nssnitt som enheten redan har (USB, Thunderbolt, RJ45, etc.), har GPD Pocket 3 ocks\u00e5 ett &#8220;modul\u00e4rt anslutningsgr\u00e4nssnitt&#8221;. Detta g\u00f6r att du fritt kan justera portarna p\u00e5 <strong>GPD Pocket 3<\/strong> f\u00f6r att passa dina behov. Vill du ha en extra USB-port f\u00f6r en annan enhet? Det \u00e4r inga problem. Beh\u00f6ver du ett gr\u00e4nssnitt till en server? Det \u00e4r enkelt med den dedikerade KVM-modulen!*     <\/p>\n\n<p>I slut\u00e4ndan \u00e4r <strong>GPD Pocket 3<\/strong> fullmatad med anv\u00e4ndbara egenskaper och funktioner. Inbyggd mikrofon? Den har du. 360-graders roterbar sk\u00e4rm? Visst! HDMI-port? Den finns redan d\u00e4r!      <\/p>\n\n<p>Oavsett om du \u00e4r intresserad av den avancerade modellen eller basmodellen f\u00e5r du en b\u00e4rbar dator som \u00e4r mycket portabel och anpassningsbar f\u00f6r att passa dig perfekt.<\/p>\n\n<figure class=\"wp-block-image aligncenter size-full\"><img loading=\"lazy\" decoding=\"async\" width=\"970\" height=\"600\" src=\"https:\/\/gpdstore.net\/wp-content\/uploads\/2023\/03\/28ee65cf-aa50-4535-b107-c1d20069d506__CR00970600_PT0_SX970_V1___.jpg\" alt=\"GPD Pocket 3 mini laptop systemparametrar inklusive processor, minne, lagring och sk&#xE4;rmspecifikationer f&#xF6;r optimal prestanda.\" class=\"wp-image-1263948\" srcset=\"https:\/\/gpdstore.net\/wp-content\/uploads\/2023\/03\/28ee65cf-aa50-4535-b107-c1d20069d506__CR00970600_PT0_SX970_V1___.jpg 970w, https:\/\/gpdstore.net\/wp-content\/uploads\/2023\/03\/28ee65cf-aa50-4535-b107-c1d20069d506__CR00970600_PT0_SX970_V1___-600x371.jpg 600w, https:\/\/gpdstore.net\/wp-content\/uploads\/2023\/03\/28ee65cf-aa50-4535-b107-c1d20069d506__CR00970600_PT0_SX970_V1___-768x475.jpg 768w, https:\/\/gpdstore.net\/wp-content\/uploads\/2023\/03\/28ee65cf-aa50-4535-b107-c1d20069d506__CR00970600_PT0_SX970_V1___-360x223.jpg 360w, https:\/\/gpdstore.net\/wp-content\/uploads\/2023\/03\/28ee65cf-aa50-4535-b107-c1d20069d506__CR00970600_PT0_SX970_V1___-441x273.jpg 441w, https:\/\/gpdstore.net\/wp-content\/uploads\/2023\/03\/28ee65cf-aa50-4535-b107-c1d20069d506__CR00970600_PT0_SX970_V1___-150x93.jpg 150w\" sizes=\"(max-width: 970px) 100vw, 970px\" \/><\/figure>\n","protected":false},"excerpt":{"rendered":"<ul>\n<li>Intel\u00ae Pentium\u00ae Gold 7505 upp till 3,50 GHz; 4 k\u00e4rnor\/8 tr\u00e5dar<\/li>\n<li><strong>16GB LPDDR4x RAM<\/strong> @3733Mhz<\/li>\n<li><strong>Thunderbolt 4 \/ 8&#8243; peksk\u00e4rm \/ fingeravtrycksl\u00e4sare<\/strong><\/li>\n<li><strong>Upp till 4 TB<\/strong> PCI-E NVMe SSD<\/li>\n<li>Modul\u00e4r med <strong>KVM\/RS-232-portar <\/strong>(s\u00e4ljs separat)<\/li>\n<\/ul>\n<p><img loading=\"lazy\" decoding=\"async\" src=\"https:\/\/gpdstore.net\/wp-content\/uploads\/2024\/08\/POCKET-4-FREEBIE-LONG.jpg\" alt=\"Reklambanner f\u00f6r GPD Pocket 4 med erbjudande om ett gratis skyddsfodral. Texten lyder \"FREE GIFTS - PROTECTIVE CASE - AUTOMATICALLY ADDED TO CART\" och \u00e5tf\u00f6ljs av en bild av ett elegant svart skyddsfodral\" width=\"1000\" height=\"140\" class=\"alignnone size-full wp-image-973719\" srcset=\"https:\/\/gpdstore.net\/wp-content\/uploads\/2024\/08\/POCKET-4-FREEBIE-LONG.jpg 1000w, https:\/\/gpdstore.net\/wp-content\/uploads\/2024\/08\/POCKET-4-FREEBIE-LONG-600x84.jpg 600w, https:\/\/gpdstore.net\/wp-content\/uploads\/2024\/08\/POCKET-4-FREEBIE-LONG-768x108.jpg 768w, https:\/\/gpdstore.net\/wp-content\/uploads\/2024\/08\/POCKET-4-FREEBIE-LONG-360x50.jpg 360w, https:\/\/gpdstore.net\/wp-content\/uploads\/2024\/08\/POCKET-4-FREEBIE-LONG-990x139.jpg 990w, https:\/\/gpdstore.net\/wp-content\/uploads\/2024\/08\/POCKET-4-FREEBIE-LONG-441x62.jpg 441w, https:\/\/gpdstore.net\/wp-content\/uploads\/2024\/08\/POCKET-4-FREEBIE-LONG-150x21.jpg 150w\" sizes=\"(max-width: 1000px) 100vw, 1000px\" \/><\/p>\n<p> [cg_accordion title=\"BETALNINGSINFORMATION\"] Vi anv\u00e4nder den senaste tekniken f\u00f6r betalningshantering, vilket g\u00f6r att du kan checka ut via ditt betalkort \/ kreditkort eller PayPal f\u00f6r en snabb och s\u00e4ker upplevelse.[\/cg_accordion] [cg_accordion title=\"GARANTI\"] 2 \u00e5rs garanti fr\u00e5n <a href=\"https:\/\/droix.net\/\" target=\"_blank\" rel=\"nofollow noopener\">DROIX Global<\/a> f\u00f6r din sinnesfrid[\/cg_accordion] [cg_accordion title=\"KVALITETSS\u00c4KRING OCH TESTNING F\u00d6RE AVS\u00c4NDNING\"] S\u00e4kerst\u00e4lla kundn\u00f6jdhet p\u00e5 h\u00f6gsta standard: Varje enhet genomg\u00e5r rigor\u00f6sa tester och en kvalitetss\u00e4kringskontroll i flera punkter innan den skickas. V\u00e5rt dedikerade team verifierar prestanda, funktionalitet och komponentintegritet f\u00f6r att garantera att din GPD-enhet \u00e4r i perfekt skick vid ankomst, vilket ger dig f\u00f6rtroende och sinnesfrid.[\/cg_accordion] [cg_accordion title=\"PRISER, SKATTER OCH FRAKT\"] <strong><u>Obs!<\/u><\/strong><\/p>\n<ul>\n<li>Kunder i F\u00f6renta staterna: Det visade priset inkluderar INTE SKATT eller tullar. Ansvaret f\u00f6r att tullklarera och betala eventuell tillh\u00f6rande skatt\/avgift ligger p\u00e5 kunden. <\/li>\n<li>EU-kunder: Det visade priset inkluderar till\u00e4mplig skatt, som kan vara upp till 25% beroende p\u00e5 ditt land.<\/li>\n<li>Kunder i Kanada: Det visade priset inkluderar till\u00e4mpliga skatter, vilket kan inkludera 5% GST och ytterligare Provincial Sales Taxes (PST), Harmonized Sales Tax (HST) eller Quebec Sales Tax (QST), beroende p\u00e5 din provins.<\/li>\n<\/ul>\n<p><strong>ENDAST f\u00f6r EU-kunder:<\/strong> Express DDP (Delivered Duty Paid). Detta betyder: <\/p>\n<ul>\n<li style=\"list-style-type: none;\">\n<ul>\n<li>Alla tullavgifter och skatter ing\u00e5r i det pris som visas p\u00e5 produktsidan.<\/li>\n<li>Du beh\u00f6ver inte betala n\u00e5gra extra avgifter vid leverans.<\/li>\n<li>I s\u00e4llsynta fall av tullrelaterade problem kommer v\u00e5rt team att hantera tullklareringsprocessen f\u00f6r din r\u00e4kning f\u00f6r att s\u00e4kerst\u00e4lla en smidig leveransupplevelse.<\/li>\n<p>Viktig information om returer:<\/p>\n<li>Om du best\u00e4mmer dig f\u00f6r att returnera din best\u00e4llning eller beg\u00e4ra \u00e5terbetalning ska du vara medveten om att skatter och avgifter som betalats f\u00f6r din r\u00e4kning enligt DDP-villkoren inte kan \u00e5terbetalas.<\/li>\n<p>V\u00e4nligen se v\u00e5r<\/ul>\n<\/li>\n<\/ul>\n<p><a href=\"https:\/\/droix.net\/terms-and-conditions\/\" target=\"_blank\" rel=\"nofollow noopener\">Villkor och anvisningar<\/a><\/p>\n<ul>f\u00f6r detaljerad information.<\/ul>\n<p>[\/cg_accordion] [cg_accordion title=\"KUNDTJ\u00c4NST\"]  Har du en fr\u00e5ga? Vi \u00e4r bara ett kort sms bort fr\u00e5n att ha l\u00f6st ditt problem!  F\u00f6r detaljerad information h\u00e4nvisas till v\u00e5ra allm\u00e4nna <a href=\"https:\/\/gpdstore.net\/en-gb\/terms-of-service\/\" target=\"_blank\" rel=\"nofollow noopener\">villkor<\/a>.  [\/cg_accordion] [cg_accordion title=\"VAD ING\u00c5R\"]<\/p>\n<ul>\n<li>1x GPD Pocket 3<\/li>\n<li>1x n\u00e4tadapter<\/li>\n<li>1x USB typ C-kabel<\/li>\n<li>1x Anv\u00e4ndarhandbok<\/li>\n<li>1x GPD Stylus<\/li>\n<\/ul>\n<p>[\/cg_accordion]<\/p>\n","protected":false},"featured_media":4863,"template":"","meta":{"_acf_changed":false},"product_brand":[],"product_cat":[1609,1257,1610],"product_tag":[14529,1612],"woo-feed-brand":[697],"class_list":{"0":"post-4862","1":"product","2":"type-product","3":"status-publish","4":"has-post-thumbnail","6":"product_cat-laptops","7":"product_cat-gpd-mini-barbara-datorer","8":"product_cat-surfplatta-barbar-dator","9":"product_tag-8xmsale-sv-2","10":"product_tag-gpd-ficka-3","11":"product_shipping_class-premium","12":"pa_bluetooth-5-sv","13":"pa_brand-gpd","14":"pa_display-type-h-ips-sv","15":"pa_graphics-gpu-model-core-i3-1125g4-uhd-grafik-sv","16":"pa_graphics-gpu-model-core-i7-1195g7-iris-xe-grafik-sv","17":"pa_graphics-gpu-model-pentium-gold-7505-uhd-grafik-sv","18":"pa_i-o-video-1x-hdmi-2-0b-sv","19":"pa_i-o-video-via-1x-usb-4-0-typ-c-40-gb-s","20":"pa_memory-ram-capacity-16-gb","21":"pa_memory-ram-capacity-8-gb-sv","22":"pa_memory-ram-technology-lpddr4x-sv","23":"pa_processor-cpu-model-intel-core-i3-1125g4","24":"pa_processor-cpu-model-intel-core-i7-1195g7","25":"pa_processor-cpu-model-intel-pentium-gold-7505","26":"pa_processor-cpu-model-pentium-silver-n6000","27":"pa_storage-capacity-1-tb","28":"pa_storage-capacity-512-gb","29":"pa_wi-fi-wi-fi-6-sv","30":"woo-feed-brand-gpd-sv","32":"first","33":"instock","34":"sale","35":"taxable","36":"shipping-taxable","37":"purchasable","38":"product-type-variable","39":"has-default-attributes"},"acf":[],"aioseo_notices":[],"_links":{"self":[{"href":"https:\/\/gpdstore.net\/sv\/wp-json\/wp\/v2\/product\/4862","targetHints":{"allow":["GET"]}}],"collection":[{"href":"https:\/\/gpdstore.net\/sv\/wp-json\/wp\/v2\/product"}],"about":[{"href":"https:\/\/gpdstore.net\/sv\/wp-json\/wp\/v2\/types\/product"}],"wp:featuredmedia":[{"embeddable":true,"href":"https:\/\/gpdstore.net\/sv\/wp-json\/wp\/v2\/media\/4863"}],"wp:attachment":[{"href":"https:\/\/gpdstore.net\/sv\/wp-json\/wp\/v2\/media?parent=4862"}],"wp:term":[{"taxonomy":"product_brand","embeddable":true,"href":"https:\/\/gpdstore.net\/sv\/wp-json\/wp\/v2\/product_brand?post=4862"},{"taxonomy":"product_cat","embeddable":true,"href":"https:\/\/gpdstore.net\/sv\/wp-json\/wp\/v2\/product_cat?post=4862"},{"taxonomy":"product_tag","embeddable":true,"href":"https:\/\/gpdstore.net\/sv\/wp-json\/wp\/v2\/product_tag?post=4862"},{"taxonomy":"woo-feed-brand","embeddable":true,"href":"https:\/\/gpdstore.net\/sv\/wp-json\/wp\/v2\/woo-feed-brand?post=4862"}],"curies":[{"name":"wp","href":"https:\/\/api.w.org\/{rel}","templated":true}]}}