{"id":4708,"date":"2023-03-24T16:08:28","date_gmt":"2023-03-24T16:08:28","guid":{"rendered":"https:\/\/gpdstore.net\/okategoriserad\/gpd-pocket-3-kvm-och-rs-232-expansionsmodul\/"},"modified":"2026-01-06T02:01:16","modified_gmt":"2026-01-06T02:01:16","slug":"gpd-pocket-3-kvm-and-rs-232-expansion-module","status":"publish","type":"product","link":"https:\/\/gpdstore.net\/sv\/product\/gpd-pocket-3-kvm-and-rs-232-expansion-module\/","title":{"rendered":"GPD Pocket 3 KVM- och RS-232-expansionsmodul"},"content":{"rendered":"\n<p>Ta din GPD Pocket 3 till n\u00e4sta niv\u00e5 med v\u00e5ra KVM- och RS-232-expansionsportar! Dessa innovativa tillbeh\u00f6r f\u00e4sts p\u00e5 baksidan av din enhet och ger nya funktioner f\u00f6r en rad olika till\u00e4mpningar. V\u00e4lj mellan KVM-switch f\u00f6r styrning av flera enheter fr\u00e5n ett tangentbord och en mus, eller RS-232-port f\u00f6r seriell kommunikation. Observera att endast en port kan anv\u00e4ndas \u00e5t g\u00e5ngen. Uppgradera din GPD Pocket 3 idag f\u00f6r \u00f6kad produktivitet och m\u00e5ngsidighet!    <\/p>\n","protected":false},"excerpt":{"rendered":"<ul>\n<li><strong>Officiell GPD-tillbeh\u00f6r<\/strong><\/li>\n<li>Kombipaket med <strong>tv\u00e5<\/strong> expansionsmoduler<\/li>\n<li>Anslut till och styr servrar via <strong>KVM-modul<\/strong> <\/li>\n<li>Gr\u00e4nssnitt mot industrimaskiner via <strong>RS232<\/strong><\/li>\n<\/ul>\n[cg_accordion title=\"BETALNINGSINFORMATION\"]<\/p>\n<p>Vi anv\u00e4nder den senaste tekniken f\u00f6r betalningshantering, vilket g\u00f6r att du kan checka ut via Apple Pay, Google Pay, ditt betalkort\/kreditkort, PayPal eller BNPL-metoder som Klarna, Affirm eller AfterPay f\u00f6r en snabb och s\u00e4ker upplevelse.[\/cg_accordion]\n[cg_accordion title=\"GARANTI\"]<\/p>\n<p>2 \u00e5rs garanti fr\u00e5n <a href=\"https:\/\/droix.net\/\" target=\"_blank\" rel=\"nofollow noopener\">DROIX Global<\/a> f\u00f6r att du ska k\u00e4nna dig trygg[\/cg_accordion]\n[cg_accordion title=\"PRISER, SKATTER OCH FRAKT\"]<\/p>\n<p><strong><u>Obs!<\/u><\/strong><\/p>\n<ul>\n<li>Kunder i F\u00f6renta staterna: Det visade priset inkluderar INTE SKATT eller tullar. Ansvaret f\u00f6r att tullklarera och betala eventuell tillh\u00f6rande skatt\/avgift ligger p\u00e5 kunden. <\/li>\n<li>EU-kunder: Det visade priset inkluderar till\u00e4mplig skatt, som kan vara upp till 25% beroende p\u00e5 ditt land.<\/li>\n<li>Kunder i Kanada: Det visade priset inkluderar till\u00e4mpliga skatter, vilket kan inkludera 5% GST och ytterligare Provincial Sales Taxes (PST), Harmonized Sales Tax (HST) eller Quebec Sales Tax (QST), beroende p\u00e5 din provins.<\/li>\n<\/ul>\n<p><strong>ENDAST f\u00f6r EU-kunder:<\/strong> Express DDP (Delivered Duty Paid). Detta betyder: <\/p>\n<ul>\n<li>Alla tullavgifter och skatter ing\u00e5r i det pris som visas p\u00e5 produktsidan.<\/li>\n<li>Du beh\u00f6ver inte betala n\u00e5gra extra avgifter vid leverans.<\/li>\n<li>I s\u00e4llsynta fall av tullrelaterade problem kommer v\u00e5rt team att hantera tullklareringsprocessen f\u00f6r din r\u00e4kning f\u00f6r att s\u00e4kerst\u00e4lla en smidig leveransupplevelse.<\/li>\n<p>Viktig information om returer:<\/p>\n<li>Om du best\u00e4mmer dig f\u00f6r att returnera din best\u00e4llning eller beg\u00e4ra \u00e5terbetalning ska du vara medveten om att skatter och avgifter som betalats f\u00f6r din r\u00e4kning enligt DDP-villkoren inte kan \u00e5terbetalas.<\/li>\n<p>F\u00f6r detaljerad information h\u00e4nvisas till v\u00e5ra allm\u00e4nna <a href=\"https:\/\/gpdstore.net\/sv\/terms-of-service\/\" target=\"_blank\" rel=\"nofollow noopener\">villkor<\/a>.\n<\/ul>\n<p>[\/cg_accordion]\n[cg_accordion title=\"KUNDTJ\u00c4NST\"]<\/p>\n<p>Har du en fr\u00e5ga? Vi \u00e4r bara ett kort sms bort fr\u00e5n att ha l\u00f6st ditt problem!<br \/>\n[\/cg_accordion]\n[cg_accordion title=\"VAD SOM ING\u00c5R\"]<\/p>\n<ul>\n<li>1x GPD Pocket 3 KVM &amp; RS-232-modul<\/li>\n<\/ul>\n<p>[\/cg_accordion]\n","protected":false},"featured_media":4709,"template":"","meta":{"_acf_changed":false},"product_brand":[],"product_cat":[1216],"product_tag":[15768,1218],"woo-feed-brand":[697],"class_list":{"0":"post-4708","1":"product","2":"type-product","3":"status-publish","4":"has-post-thumbnail","6":"product_cat-tillbehor","7":"product_tag-20xmsale-sv-2","8":"product_tag-gpd-pocket-3-accessory-sv","9":"product_shipping_class-low-end","10":"pa_accessory-type-tillagg","11":"woo-feed-brand-gpd-sv","13":"first","14":"instock","15":"sale","16":"taxable","17":"shipping-taxable","18":"purchasable","19":"product-type-simple"},"acf":[],"aioseo_notices":[],"_links":{"self":[{"href":"https:\/\/gpdstore.net\/sv\/wp-json\/wp\/v2\/product\/4708","targetHints":{"allow":["GET"]}}],"collection":[{"href":"https:\/\/gpdstore.net\/sv\/wp-json\/wp\/v2\/product"}],"about":[{"href":"https:\/\/gpdstore.net\/sv\/wp-json\/wp\/v2\/types\/product"}],"wp:featuredmedia":[{"embeddable":true,"href":"https:\/\/gpdstore.net\/sv\/wp-json\/wp\/v2\/media\/4709"}],"wp:attachment":[{"href":"https:\/\/gpdstore.net\/sv\/wp-json\/wp\/v2\/media?parent=4708"}],"wp:term":[{"taxonomy":"product_brand","embeddable":true,"href":"https:\/\/gpdstore.net\/sv\/wp-json\/wp\/v2\/product_brand?post=4708"},{"taxonomy":"product_cat","embeddable":true,"href":"https:\/\/gpdstore.net\/sv\/wp-json\/wp\/v2\/product_cat?post=4708"},{"taxonomy":"product_tag","embeddable":true,"href":"https:\/\/gpdstore.net\/sv\/wp-json\/wp\/v2\/product_tag?post=4708"},{"taxonomy":"woo-feed-brand","embeddable":true,"href":"https:\/\/gpdstore.net\/sv\/wp-json\/wp\/v2\/woo-feed-brand?post=4708"}],"curies":[{"name":"wp","href":"https:\/\/api.w.org\/{rel}","templated":true}]}}