{"id":4466,"date":"2023-03-24T18:47:23","date_gmt":"2023-03-24T18:47:23","guid":{"rendered":"https:\/\/gpdstore.net\/okategoriserad\/gpd-win-4-handhallen-dator-for-spel\/"},"modified":"2025-12-23T10:37:16","modified_gmt":"2025-12-23T10:37:16","slug":"gpd-win-4","status":"publish","type":"product","link":"https:\/\/gpdstore.net\/sv\/product\/gpd-win-4\/","title":{"rendered":"GPD WIN 4 Handh\u00e5llen dator f\u00f6r spel"},"content":{"rendered":"\n<p>Om du \u00e4r en ivrig spelare som \u00e4lskar att ta med dig ditt spelande p\u00e5 spr\u00e5ng kommer du att bli glad \u00f6ver att h\u00f6ra talas om den senaste handh\u00e5llna speldatorn fr\u00e5n GPD, GPD WIN 4. Med sin kompakta storlek och kraftfulla specifikationer kommer den h\u00e4r enheten s\u00e4kert att imponera p\u00e5 \u00e4ven de mest kr\u00e4vande spelarna. <\/p>\n\n<p>Med sina 22,0 \u00d7 9,2 \u00d7 2,8 cm (8,6 x 3,6 x 1,10 tum) och en vikt p\u00e5 endast ca 570 g \u00e4r GPD WIN 4 otroligt portabel. Den \u00e4r till och med mindre \u00e4n sin f\u00f6reg\u00e5ngare GPD WIN 3, vilket g\u00f6r den l\u00e4tt att stoppa ner i en liten v\u00e4ska eller jackficka och ta med sig vart man \u00e4n g\u00e5r. <\/p>\n\n<p>En av de utm\u00e4rkande egenskaperna hos GPD WIN 4 \u00e4r dess AMD Ryzen 7 6800U-processor med \u00e5tta k\u00e4rnor och sexton tr\u00e5dar som k\u00f6rs upp till 4,7 GHz @ 28 W TDP. Detta, i kombination med Radeon 680M upp till 2,2 GHz, m\u00f6jligg\u00f6r smidig spelning av de senaste AAA Windows-spelen p\u00e5 denna handh\u00e5llna gaming-PC med spelbara inst\u00e4llningar. Oavsett om du gillar f\u00f6rstapersonsskjutare, rollspel eller sportsimuleringar, s\u00e5 har GPD WIN 4 allt du beh\u00f6ver.  <\/p>\n\n<p>N\u00e4r det g\u00e4ller minne och lagring erbjuder GPD WIN 4 ett urval av 16 GB eller 32 GB LPDDR5-6400 MT&#8217;s RAM och upp till 2 TB snabb SSD med st\u00f6d f\u00f6r upp till M.2 PCIe 4.0 NVMe 2280 SSD. Det inneb\u00e4r att du har gott om utrymme f\u00f6r att lagra dina spel och andra filer, och med de blixtsnabba l\u00e4s- och skrivhastigheterna p\u00e5 SSD beh\u00f6ver du inte v\u00e4nta l\u00e4nge p\u00e5 att dina spel ska laddas.  <\/p>\n\n<p>GPD WIN 4 har ocks\u00e5 snabb tr\u00e5dl\u00f6s anslutning med 802.11 a\/b\/g\/n\/ac\/ax WiFi 6 och Bluetooth 5.2. Och om du \u00e4r p\u00e5 spr\u00e5ng och beh\u00f6ver tillg\u00e5ng till internet kan du k\u00f6pa en separat modul som st\u00f6der 4G LTE nano-simkort f\u00f6r mobildata. <\/p>\n\n<p>Enheten har en 6-tums H-IPS peksk\u00e4rm med en inbyggd uppl\u00f6sning p\u00e5 1920&#215;1080, med st\u00f6d f\u00f6r b\u00e5de 40Hz &amp; 60 Hz f\u00f6r konfigurerbara bildhastigheter. Detta s\u00e4kerst\u00e4ller att \u00e4ldre spel fungerar smidigt p\u00e5 GPD WIN 4 utan n\u00e5gra problem med sk\u00e4rmrotation som kan uppst\u00e5 med andra handh\u00e5llna enheter. <\/p>\n\n<p>GPD WIN 4 har ocks\u00e5 ett imponerande kontroll- och designschema som p\u00e5minner om Sony PSP, med dubbla hallsensor-joysticks, D-pad i klassisk stil och linj\u00e4ra analoga triggerknappar med LED-belysning. Dessutom finns det tv\u00e5 anpassningsbara knappar p\u00e5 baksidan av enheten, s\u00e5 att du kan st\u00e4lla in dina kontroller som du vill. <\/p>\n\n<p>Om du vill driva prestandan hos GPD WIN 4 \u00e4nnu l\u00e4ngre kan du ansluta ett externt grafikkort (eGPU) via den snabba USB 4-porten, som har st\u00f6d f\u00f6r upp till 40 Gbps. Enheten har ocks\u00e5 en USB 3.2 Gen 2-port f\u00f6r data och laddning, samt en USB Type-A-port f\u00f6r ytterligare kringutrustning. <\/p>\n\n<p>Med ett 45,62Wh li-polymerbatteri kan GPD WIN 4 h\u00e5lla i upp till 10 timmar vid l\u00e4tt anv\u00e4ndning, 3-6 timmar vid m\u00e5ttlig anv\u00e4ndning och cirka 2 timmar vid tung anv\u00e4ndning. Det inneb\u00e4r att du kan spela dina favoritspel n\u00e4r du \u00e4r p\u00e5 spr\u00e5ng utan att beh\u00f6va oroa dig f\u00f6r att f\u00e5 slut p\u00e5 str\u00f6m. <\/p>\n\n<p>Sammanfattningsvis \u00e4r GPD WIN 4 ett mycket portabelt spelkraftverk som \u00e4r perfekt f\u00f6r spel p\u00e5 spr\u00e5ng. Oavsett om du pendlar till jobbet, reser eller bara kopplar av hemma, kommer den h\u00e4r handh\u00e5llna speldatorn att ge dig timmar av underh\u00e5llning. S\u00e5 varf\u00f6r inte plocka upp en idag och uppleva avancerade AAA  <\/p>\n","protected":false},"excerpt":{"rendered":"<ul>\n<li><strong>AMD Ryzen 7 6800U<\/strong> \/ AMD Radeon 680M<\/li>\n<li><strong>upp till 32 GB<\/strong> LPDDR5 @ 6400 MT\/s<\/li>\n<li><strong>upp till 2 TB<\/strong> h\u00f6ghastighets PCI-E <strong>M.2<\/strong> 2280 SSD<\/li>\n<li><strong>6&#8243;<\/strong> peksk\u00e4rm <strong>med H IPS-teknik<\/strong> <\/li>\n<li>St\u00f6d f\u00f6r <strong>WiFi 6<\/strong> och <strong>Bluetooth 5.2<\/strong>  <\/li>\n<\/ul>\n<p><img fetchpriority=\"high\" decoding=\"async\" src=\"https:\/\/gpdstore.net\/wp-content\/uploads\/2024\/03\/WIN-4-FREE-GIFTS.jpg\" alt=\"\" width=\"2000\" height=\"500\" class=\"alignnone size-full wp-image-4175\" srcset=\"https:\/\/gpdstore.net\/wp-content\/uploads\/2024\/03\/WIN-4-FREE-GIFTS.jpg 2000w, https:\/\/gpdstore.net\/wp-content\/uploads\/2024\/03\/WIN-4-FREE-GIFTS-600x150.jpg 600w, https:\/\/gpdstore.net\/wp-content\/uploads\/2024\/03\/WIN-4-FREE-GIFTS-1200x300.jpg 1200w, https:\/\/gpdstore.net\/wp-content\/uploads\/2024\/03\/WIN-4-FREE-GIFTS-768x192.jpg 768w, https:\/\/gpdstore.net\/wp-content\/uploads\/2024\/03\/WIN-4-FREE-GIFTS-1536x384.jpg 1536w, https:\/\/gpdstore.net\/wp-content\/uploads\/2024\/03\/WIN-4-FREE-GIFTS-360x90.jpg 360w, https:\/\/gpdstore.net\/wp-content\/uploads\/2024\/03\/WIN-4-FREE-GIFTS-990x248.jpg 990w, https:\/\/gpdstore.net\/wp-content\/uploads\/2024\/03\/WIN-4-FREE-GIFTS-441x110.jpg 441w, https:\/\/gpdstore.net\/wp-content\/uploads\/2024\/03\/WIN-4-FREE-GIFTS-150x38.jpg 150w\" sizes=\"(max-width: 2000px) 100vw, 2000px\" \/><\/p>\n[cg_accordion title=\"BETALNINGSINFORMATION\"]<\/p>\n<p>Vi anv\u00e4nder den senaste tekniken f\u00f6r betalningshantering, vilket g\u00f6r att du kan checka ut via ditt betalkort eller kreditkort eller PayPal f\u00f6r en snabb och s\u00e4ker upplevelse.[\/cg_accordion]\n[cg_accordion title=\"GARANTI\"]<\/p>\n<p>2 \u00e5rs garanti fr\u00e5n <a href=\"https:\/\/droix.net\/\" target=\"_blank\" rel=\"nofollow noopener\">DROIX Global<\/a> f\u00f6r att du ska k\u00e4nna dig trygg[\/cg_accordion]\n[cg_accordion title=\"KVALITETSS\u00c4KRING OCH TESTNING F\u00d6RE AVS\u00c4NDNING\"]<\/p>\n<p>S\u00e4kerst\u00e4ller kundn\u00f6jdhet p\u00e5 h\u00f6gsta niv\u00e5: Varje enhet genomg\u00e5r rigor\u00f6sa tester och en kvalitetss\u00e4kringskontroll i flera punkter innan den skickas. V\u00e5rt dedikerade team verifierar prestanda, funktionalitet och komponentintegritet f\u00f6r att garantera att din GPD-enhet \u00e4r i perfekt skick vid ankomsten, vilket ger dig f\u00f6rtroende och sinnesfrid. [\/cg_accordion]\n[cg_accordion title=\"PRISER, SKATTER OCH FRAKT\"]<\/p>\n<p><strong><u>Obs!<\/u><\/strong><\/p>\n<ul>\n<li>Kunder i F\u00f6renta staterna: Det visade priset inkluderar INTE SKATT eller tullar. Ansvaret f\u00f6r att tullklarera och betala eventuell tillh\u00f6rande skatt\/avgift ligger p\u00e5 kunden. <\/li>\n<li>EU-kunder: Det visade priset inkluderar till\u00e4mplig skatt, som kan vara upp till 25% beroende p\u00e5 ditt land.<\/li>\n<li>Kunder i Kanada: Det visade priset inkluderar till\u00e4mpliga skatter, vilket kan inkludera 5% GST och ytterligare Provincial Sales Taxes (PST), Harmonized Sales Tax (HST) eller Quebec Sales Tax (QST), beroende p\u00e5 din provins.<\/li>\n<\/ul>\n<p><strong>ENDAST f\u00f6r EU-kunder:<\/strong> Express DDP (Delivered Duty Paid). Detta betyder: <\/p>\n<ul>\n<li>Alla tullavgifter och skatter ing\u00e5r i det pris som visas p\u00e5 produktsidan.<\/li>\n<li>Du beh\u00f6ver inte betala n\u00e5gra extra avgifter vid leverans.<\/li>\n<li>I s\u00e4llsynta fall av tullrelaterade problem kommer v\u00e5rt team att hantera tullklareringsprocessen f\u00f6r din r\u00e4kning f\u00f6r att s\u00e4kerst\u00e4lla en smidig leveransupplevelse.<\/li>\n<p>Viktig information om returer:<\/p>\n<li>Om du best\u00e4mmer dig f\u00f6r att returnera din best\u00e4llning eller beg\u00e4ra \u00e5terbetalning ska du vara medveten om att skatter och avgifter som betalats f\u00f6r din r\u00e4kning enligt DDP-villkoren inte kan \u00e5terbetalas.<\/li>\n<p>F\u00f6r detaljerad information h\u00e4nvisas till v\u00e5ra allm\u00e4nna <a href=\"https:\/\/droix.net\/terms-and-conditions\/\" target=\"_blank\" rel=\"nofollow noopener\">villkor<\/a>.\n<\/ul>\n<p>[\/cg_accordion]\n[cg_accordion title=\"KUNDTJ\u00c4NST\"]<\/p>\n<p>Har du en fr\u00e5ga? Vi \u00e4r bara ett kort sms bort fr\u00e5n att ha l\u00f6st ditt problem! <\/p>\n<p>F\u00f6r detaljerad information h\u00e4nvisas till v\u00e5ra allm\u00e4nna <a href=\"https:\/\/gpdstore.net\/sv\/terms-of-service\/\" target=\"_blank\" rel=\"nofollow noopener\">villkor<\/a>.\n<\/ul>\n<p>[\/cg_accordion]\n[cg_accordion title=\"VAD SOM ING\u00c5R\"]<\/p>\n<ul>\n<li>1x GPD WIN 4<\/li>\n<li>1x n\u00e4tadapter<\/li>\n<li>1x USB typ C-kabel<\/li>\n<li>1x Anv\u00e4ndarhandbok<\/li>\n<\/ul>\n<p>[\/cg_accordion]\n","protected":false},"featured_media":4467,"template":"","meta":{"_acf_changed":false},"product_brand":[],"product_cat":[693],"product_tag":[695,696],"woo-feed-brand":[697],"class_list":{"0":"post-4466","1":"product","2":"type-product","3":"status-publish","4":"has-post-thumbnail","6":"product_cat-gpd-handhallen-pc-for-spel","7":"product_tag-10gpdsale-sv","8":"product_tag-gpd-win-4-sv","9":"product_shipping_class-premium","10":"pa_bluetooth-5-2-sv","11":"pa_display-type-h-ips-sv","12":"pa_graphics-gpu-model-radeon-680m-sv","13":"pa_i-o-video-via-1x-usb-4-0-typ-c-40-gb-s","14":"pa_memory-ram-capacity-16-gb","15":"pa_memory-ram-capacity-32-gb","16":"pa_memory-ram-technology-lpddr5-sv","17":"pa_processor-cpu-model-ryzen-7-6800u","18":"pa_storage-capacity-512-gb","19":"pa_storage-capacity-1-tb","20":"pa_storage-capacity-2tb-sv","21":"pa_wi-fi-wi-fi-6-sv","22":"woo-feed-brand-gpd-sv","24":"first","25":"outofstock","26":"sale","27":"taxable","28":"shipping-taxable","29":"purchasable","30":"product-type-variable","31":"has-default-attributes"},"acf":[],"aioseo_notices":[],"_links":{"self":[{"href":"https:\/\/gpdstore.net\/sv\/wp-json\/wp\/v2\/product\/4466","targetHints":{"allow":["GET"]}}],"collection":[{"href":"https:\/\/gpdstore.net\/sv\/wp-json\/wp\/v2\/product"}],"about":[{"href":"https:\/\/gpdstore.net\/sv\/wp-json\/wp\/v2\/types\/product"}],"wp:featuredmedia":[{"embeddable":true,"href":"https:\/\/gpdstore.net\/sv\/wp-json\/wp\/v2\/media\/4467"}],"wp:attachment":[{"href":"https:\/\/gpdstore.net\/sv\/wp-json\/wp\/v2\/media?parent=4466"}],"wp:term":[{"taxonomy":"product_brand","embeddable":true,"href":"https:\/\/gpdstore.net\/sv\/wp-json\/wp\/v2\/product_brand?post=4466"},{"taxonomy":"product_cat","embeddable":true,"href":"https:\/\/gpdstore.net\/sv\/wp-json\/wp\/v2\/product_cat?post=4466"},{"taxonomy":"product_tag","embeddable":true,"href":"https:\/\/gpdstore.net\/sv\/wp-json\/wp\/v2\/product_tag?post=4466"},{"taxonomy":"woo-feed-brand","embeddable":true,"href":"https:\/\/gpdstore.net\/sv\/wp-json\/wp\/v2\/woo-feed-brand?post=4466"}],"curies":[{"name":"wp","href":"https:\/\/api.w.org\/{rel}","templated":true}]}}