{"id":1275932,"date":"2026-01-22T10:18:28","date_gmt":"2026-01-22T10:18:28","guid":{"rendered":"https:\/\/gpdstore.net\/product\/biwin-rd510-mini-ssd-lasare\/"},"modified":"2026-03-29T00:47:05","modified_gmt":"2026-03-29T00:47:05","slug":"biwin-rd510-mini-ssd-reader","status":"publish","type":"product","link":"https:\/\/gpdstore.net\/sv\/product\/biwin-rd510-mini-ssd-reader\/","title":{"rendered":"Biwin RD510 Mini SSD-l\u00e4sare"},"content":{"rendered":"\n<h2 class=\"wp-block-heading\">Biwin Mini SSD-l\u00e4sare: Den ultimata USB 4.0-lagringsl\u00f6sningen f\u00f6r professionella anv\u00e4ndare<\/h2>\n\n<p><strong>Biwin RD510 Mini SSD Reader<\/strong> \u00e4r ett genombrott inom portabel lagringsteknik. Denna h\u00f6gpresterande l\u00e4sare \u00e4r den f\u00f6rsta i sitt slag, speciellt konstruerad f\u00f6r den ultrakompakta formfaktorn &#8220;Mini SSD&#8221;. Dessa sm\u00e5 enheter, som bara m\u00e4ter 15,0 mm \u00d7 17,0 mm \u00d7 1,4 mm, kr\u00e4ver exakta h\u00f6ljen f\u00f6r att fungera optimalt<sup>.2<\/sup> Eftersom denna <strong>Biwin<\/strong> SSD-l\u00f6sning \u00e4r skr\u00e4ddarsydd f\u00f6r s\u00e5 sm\u00e5 dimensioner, erbjuder den en niv\u00e5 av b\u00e4rbarhet som tidigare inte setts p\u00e5 den professionella h\u00e5rdvarumarknaden.  <\/p>\n\n<h2 class=\"wp-block-heading\">Snabba hastigheter med Biwin RD510 Mini SSD Reader<\/h2>\n\n<p>Prestanda \u00e4r d\u00e4r denna <strong>biwinn mini ssd-l\u00e4sare<\/strong> verkligen briljerar. Den anv\u00e4nder det avancerade USB 4.0-protokollet f\u00f6r att leverera h\u00e4pnadsv\u00e4ckande data\u00f6verf\u00f6ringshastigheter p\u00e5 upp till 40 Gbps<sup>.3<\/sup> F\u00f6ljaktligen uppn\u00e5r <strong>Biwin RD510 Mini SSD Reader<\/strong> sekventiella l\u00e4shastigheter p\u00e5 3300 MB\/s och skrivhastigheter p\u00e5 3000 MB\/s.<sup>4<\/sup> Dessa siffror \u00e4r en perfekt matchning f\u00f6r anv\u00e4ndare som ofta hanterar 8K videofiler eller massiva programvarulager. <\/p>\n\n<p>Dessutom \u00e4r <strong>biwin ssd-drivrutinsarkitekturen<\/strong> optimerad f\u00f6r moderna operativsystem f\u00f6r att s\u00e4kerst\u00e4lla plug-and-play-enkelhet. Du kommer att m\u00e4rka att storskaliga s\u00e4kerhetskopieringar av data genomf\u00f6rs p\u00e5 sekunder i st\u00e4llet f\u00f6r minuter. Eftersom gr\u00e4nssnittet \u00e4r s\u00e5 effektivt h\u00e5lls latensen p\u00e5 ett absolut minimum under intensiva professionella applikationer.  <\/p>\n\n<h2 class=\"wp-block-heading\">Aktiv kylning f\u00f6r bibeh\u00e5llen prestanda hos Biwin SSD<\/h2>\n\n<p>Att uppr\u00e4tth\u00e5lla h\u00f6ga hastigheter leder ofta till termiska utmaningar. D\u00e4rf\u00f6r \u00e4r <strong>Biwin RD510 Mini SSD Reader<\/strong> utrustad med en inbyggd kylfl\u00e4kt f\u00f6r aktiv v\u00e4rmehantering. Denna termiska l\u00f6sning f\u00f6rhindrar prestandaf\u00f6rluster i samband med \u00f6verhettning. F\u00f6ljaktligen kommer din <strong>biwin<\/strong> SSD att bibeh\u00e5lla sin maximala hastighet \u00e4ven under timsl\u00e5nga datamigreringar.   <\/p>\n\n<p>Den robusta konstruktionen av <strong>Biwin RD510 Mini SSD Reader<\/strong> s\u00e4kerst\u00e4ller att den kan \u00f6verleva den dagliga pendlingen. Samtidigt som utsidan ser elegant och professionell ut \u00e4r de interna komponenterna skyddade mot fysiska st\u00f6tar. Stabil och oavbruten drift prioriteras, vilket i slut\u00e4ndan bidrar till att f\u00f6rl\u00e4nga livsl\u00e4ngden p\u00e5 dina lagringsmedier.  <\/p>\n\n<h2 class=\"wp-block-heading\">Anslutning till flera plattformar f\u00f6r Biwinn Mini SSD Reader<\/h2>\n\n<p>M\u00e5ngsidighet \u00e4r en viktig styrka hos denna <strong>biwinn mini ssd-l\u00e4sare<\/strong>. Den levereras med en h\u00f6gkvalitativ USB 4.0 Type-C till Type-C-kabel f\u00f6r att frig\u00f6ra den fulla potentialen hos din h\u00e5rdvara<sup>.5<\/sup> Detta s\u00e4kerst\u00e4ller att <strong>Biwin RD510 Mini SSD Reader<\/strong> \u00e4r kompatibel med ett stort antal moderna ekosystem. <\/p>\n\n<figure class=\"wp-block-table\"><table class=\"has-fixed-layout\"><thead><tr><td><strong>Systemkategori<\/strong><\/td><td><strong>Plattformar som st\u00f6ds<\/strong><\/td><\/tr><\/thead><tbody><tr><td><strong>Datorer<\/strong><\/td><td>Windows 10\/11, macOS 11.0+<\/td><\/tr><tr><td><strong>Mobil<\/strong><\/td><td>iOS 17.0+, Android 11.0+<\/td><\/tr><tr><td><strong>Spel<\/strong><\/td><td>PlayStation 5 (System 08+)<\/td><\/tr><tr><td><strong>Operativsystem<\/strong><\/td><td>HyperOS 1.0+, HarmonyOS 3.0+<\/td><\/tr><\/tbody><\/table><\/figure>\n","protected":false},"excerpt":{"rendered":"<ul>\n<li><strong>Biwin RD510<\/strong> USB 4.0 Mini SSD-l\u00e4sare<\/li>\n<li><strong>USB 4.0-gr\u00e4nssnitt<\/strong> &#8211; h\u00f6ghastighetsdata\u00f6verf\u00f6ring upp till 40 Gbps<\/li>\n<li><strong>3300 MB\/s l\u00e4sning och 3000 MB\/s skrivning<\/strong> &#8211; optimerad f\u00f6r 8K-video och stora filer<\/li>\n<li><strong>Active Cooling System<\/strong> &#8211; Inbyggd fl\u00e4kt f\u00f6r bibeh\u00e5llen topprestanda<\/li>\n<li><strong>Ultraportabel design<\/strong> &#8211; Speciellt utvecklad f\u00f6r formfaktorn Mini SSD<\/li>\n<\/ul>\n[cg_accordion title=\"BETALNINGSINFORMATION\"]<\/p>\n<p>Vi anv\u00e4nder den senaste tekniken f\u00f6r betalningshantering, vilket g\u00f6r att du kan checka ut via ditt betalkort eller kreditkort eller PayPal f\u00f6r en snabb och s\u00e4ker upplevelse.[\/cg_accordion]\n[cg_accordion title=\"GARANTI\"]<\/p>\n<p>2 \u00e5rs garanti fr\u00e5n <a href=\"https:\/\/droix.net\/\" target=\"_blank\" rel=\"nofollow noopener\">DROIX Global<\/a> f\u00f6r att du ska k\u00e4nna dig trygg[\/cg_accordion]\n[cg_accordion title=\"KVALITETSS\u00c4KRING OCH TESTNING F\u00d6RE AVS\u00c4NDNING\"]<\/p>\n<p>S\u00e4kerst\u00e4ller kundn\u00f6jdhet p\u00e5 h\u00f6gsta niv\u00e5: Varje enhet genomg\u00e5r rigor\u00f6sa tester och en kvalitetss\u00e4kringskontroll i flera punkter innan den skickas. V\u00e5rt dedikerade team verifierar prestanda, funktionalitet och komponentintegritet f\u00f6r att garantera att din GPD-enhet \u00e4r i perfekt skick vid ankomsten, vilket ger dig f\u00f6rtroende och sinnesfrid. [\/cg_accordion]\n[cg_accordion title=\"PRISER, SKATTER OCH FRAKT\"]<\/p>\n<p><strong><u>Obs!<\/u><\/strong><\/p>\n<ul>\n<li>Kunder i F\u00f6renta staterna: Det visade priset inkluderar INTE SKATT eller tullar. Ansvaret f\u00f6r att tullklarera och betala eventuell tillh\u00f6rande skatt\/avgift ligger p\u00e5 kunden. <\/li>\n<li>EU-kunder: Det visade priset inkluderar till\u00e4mplig skatt, som kan vara upp till 25% beroende p\u00e5 ditt land.<\/li>\n<li>Kunder i Kanada: Det visade priset inkluderar till\u00e4mpliga skatter, vilket kan inkludera 5% GST och ytterligare Provincial Sales Taxes (PST), Harmonized Sales Tax (HST) eller Quebec Sales Tax (QST), beroende p\u00e5 din provins.<\/li>\n<\/ul>\n<p>F\u00f6r v\u00e5ra kunder i USA: Best\u00e4llningar skickas DAP (Delivered At Place). Kunderna \u00e4r ansvariga f\u00f6r att betala eventuella till\u00e4mpliga avgifter, men vi anv\u00e4nder oss av v\u00e5r omfattande erfarenhet av frakt fr\u00e5n Storbritannien f\u00f6r att se till att du betalar minsta m\u00f6jliga avgift. Baserat p\u00e5 v\u00e5ra uppgifter \u00f6verstiger dessa avgifter normalt inte 10 % av varans v\u00e4rde.  <\/p>\n<p><strong>ENDAST f\u00f6r EU-kunder:<\/strong> Express DDP (Delivered Duty Paid). Detta betyder: <\/p>\n<ul>\n<li>Alla tullavgifter och skatter ing\u00e5r i det pris som visas p\u00e5 produktsidan.<\/li>\n<li>Du beh\u00f6ver inte betala n\u00e5gra extra avgifter vid leverans.<\/li>\n<li>I s\u00e4llsynta fall av tullrelaterade problem kommer v\u00e5rt team att hantera tullklareringsprocessen f\u00f6r din r\u00e4kning f\u00f6r att s\u00e4kerst\u00e4lla en smidig leveransupplevelse.<\/li>\n<p>Viktig information om returer:<\/p>\n<li>Om du best\u00e4mmer dig f\u00f6r att returnera din best\u00e4llning eller beg\u00e4ra \u00e5terbetalning ska du vara medveten om att skatter och avgifter som betalats f\u00f6r din r\u00e4kning enligt DDP-villkoren inte kan \u00e5terbetalas.<\/li>\n<p>F\u00f6r detaljerad information h\u00e4nvisas till v\u00e5ra allm\u00e4nna <a href=\"https:\/\/droix.net\/terms-and-conditions\/\" target=\"_blank\" rel=\"nofollow noopener\">villkor<\/a>.\n<\/ul>\n<p>[\/cg_accordion]\n[cg_accordion title=\"KUNDTJ\u00c4NST\"]<\/p>\n<p>Har du en fr\u00e5ga? Vi \u00e4r bara ett kort sms bort fr\u00e5n att ha l\u00f6st ditt problem! <\/p>\n<p>F\u00f6r detaljerad information h\u00e4nvisas till v\u00e5ra allm\u00e4nna <a href=\"https:\/\/gpdstore.net\/terms-of-service\/\" target=\"_blank\" rel=\"nofollow noopener\">villkor<\/a>.\n<\/ul>\n<p>[\/cg_accordion]\n[cg_accordion title=\"VAD SOM ING\u00c5R\"]<\/p>\n<ul>\n<li>1x Biwin RD510 Mini SSD-l\u00e4sare<\/li>\n<\/ul>\n<p>[\/cg_accordion]\n","protected":false},"featured_media":1275934,"template":"","meta":{"_acf_changed":false},"product_brand":[],"product_cat":[1216],"product_tag":[],"woo-feed-brand":[],"class_list":{"0":"post-1275932","1":"product","2":"type-product","3":"status-publish","4":"has-post-thumbnail","6":"product_cat-tillbehor","7":"product_shipping_class-low-end","9":"pa_brand-biwin","11":"first","12":"outofstock","13":"sale","14":"taxable","15":"shipping-taxable","16":"purchasable","17":"product-type-simple"},"acf":[],"aioseo_notices":[],"_links":{"self":[{"href":"https:\/\/gpdstore.net\/sv\/wp-json\/wp\/v2\/product\/1275932","targetHints":{"allow":["GET"]}}],"collection":[{"href":"https:\/\/gpdstore.net\/sv\/wp-json\/wp\/v2\/product"}],"about":[{"href":"https:\/\/gpdstore.net\/sv\/wp-json\/wp\/v2\/types\/product"}],"wp:featuredmedia":[{"embeddable":true,"href":"https:\/\/gpdstore.net\/sv\/wp-json\/wp\/v2\/media\/1275934"}],"wp:attachment":[{"href":"https:\/\/gpdstore.net\/sv\/wp-json\/wp\/v2\/media?parent=1275932"}],"wp:term":[{"taxonomy":"product_brand","embeddable":true,"href":"https:\/\/gpdstore.net\/sv\/wp-json\/wp\/v2\/product_brand?post=1275932"},{"taxonomy":"product_cat","embeddable":true,"href":"https:\/\/gpdstore.net\/sv\/wp-json\/wp\/v2\/product_cat?post=1275932"},{"taxonomy":"product_tag","embeddable":true,"href":"https:\/\/gpdstore.net\/sv\/wp-json\/wp\/v2\/product_tag?post=1275932"},{"taxonomy":"woo-feed-brand","embeddable":true,"href":"https:\/\/gpdstore.net\/sv\/wp-json\/wp\/v2\/woo-feed-brand?post=1275932"}],"curies":[{"name":"wp","href":"https:\/\/api.w.org\/{rel}","templated":true}]}}