{"id":1274670,"date":"2025-01-09T09:45:24","date_gmt":"2025-01-09T09:45:24","guid":{"rendered":"https:\/\/gpdstore.net\/product\/gpd-win-max-2025-4g-lte-tillagg\/"},"modified":"2026-03-29T00:40:42","modified_gmt":"2026-03-29T00:40:42","slug":"gpd-win-max-2-2025-4g-lte-add-on","status":"publish","type":"product","link":"https:\/\/gpdstore.net\/sv\/product\/gpd-win-max-2-2025-4g-lte-add-on\/","title":{"rendered":"GPD WIN MAX 2025 4G LTE-till\u00e4gg"},"content":{"rendered":"\n<h2 class=\"wp-block-heading\">Upplev \u00e4kta portabilitet med 4G LTE-modultill\u00e4gget f\u00f6r GPD WIN MAX 2 (2025)<\/h2>\n\n<p>F\u00f6rvandla din <a href=\"https:\/\/gpdstore.net\/gpd-win-max-2-2025-review\/gpd-win-max-2-2025\/\" target=\"_blank\" rel=\"noreferrer noopener\">GPD WIN MAX 2 (2025)<\/a> till det ultimata b\u00e4rbara kraftpaketet f\u00f6r spel och produktivitet med 4G LTE-modulen som tillval. Modulen \u00e4r konstruerad exklusivt f\u00f6r den h\u00e4r enheten och s\u00e4kerst\u00e4ller s\u00f6ml\u00f6s anslutning, s\u00e5 att du kan vara online n\u00e4r som helst och var som helst. <\/p>\n\n<p>Modulen \u00e4r utformad med precision och anv\u00e4ndarv\u00e4nlighet i \u00e5tanke och st\u00f6der ett brett utbud av n\u00e4tverk, inklusive <strong>4G TD-LTE, FDD-LTE och 3G CDMA<\/strong>, vilket ger o\u00f6vertr\u00e4ffad m\u00e5ngsidighet f\u00f6r global kompatibilitet. Ingen demontering eller komplicerad installation kr\u00e4vs &#8211; den bak\u00e5tv\u00e4nda 4G-modulplatsen m\u00f6jligg\u00f6r snabb och enkel installation. <\/p>\n\n<p>Oavsett om du spelar, arbetar eller streamar levererar 4G LTE-modulen stabila h\u00f6ghastighetsprestanda som konkurrerar med vanliga b\u00e4rbara datorer. Med detta viktiga tillbeh\u00f6r kan du njuta av oavbrutet spelande och produktivitet, \u00e4ven i komplexa scenarier eller n\u00e4r du \u00e4r p\u00e5 spr\u00e5ng.<\/p>\n\n<h4 class=\"wp-block-heading\">Funktioner:<\/h4>\n\n<ul class=\"wp-block-list\">\n<li><strong>Design som byggts f\u00f6r \u00e4ndam\u00e5let<\/strong>: Tillverkad exklusivt f\u00f6r GPD WIN MAX 2 (2025) f\u00f6r att s\u00e4kerst\u00e4lla en perfekt passform och s\u00f6ml\u00f6s funktionalitet.<\/li>\n\n\n\n<li><strong>Tillf\u00f6rlitlig anslutning<\/strong>: M\u00f6jligg\u00f6r h\u00f6ghastighets 4G LTE-\u00e5tkomst, vilket g\u00f6r den idealisk f\u00f6r spel, streaming och arbete.<\/li>\n\n\n\n<li><strong>St\u00f6d f\u00f6r globala n\u00e4tverk<\/strong>: Kompatibel med 4G TD-LTE, FDD-LTE och 3G CDMA f\u00f6r anv\u00e4ndning \u00f6ver hela v\u00e4rlden.<\/li>\n\n\n\n<li><strong>Enkel installation<\/strong>: Snabb och s\u00e4ker installation via den bak\u00e5tv\u00e4nda 4G-modulplatsen.<\/li>\n<\/ul>\n\n<h4 class=\"wp-block-heading\">Meddelanden:<\/h4>\n\n<ol class=\"wp-block-list\">\n<li>Det h\u00e4r tillbeh\u00f6ret \u00e4r <strong>inte kompatibelt<\/strong> med tidigare modeller i GPD WIN Max-serien, inklusive <strong>versionerna 2024, 2023 och 2021.<\/strong> Det \u00e4r uteslutande avsett f\u00f6r <strong>GPD WIN Max 2 (2025).<\/strong> <\/li>\n\n\n\n<li>Kontrollera din enhets \u00e5rsmodell f\u00f6r att s\u00e4kerst\u00e4lla kompatibilitet f\u00f6re k\u00f6p.<\/li>\n<\/ol>\n","protected":false},"excerpt":{"rendered":"<ul>\n<li>Speciellt utformad f\u00f6r GPD WIN MAX 2 (2025)<\/li>\n<li>St\u00f6djer &#8211; 4G TD-LTE, FDD-LTE, 3G CDMA.<\/li>\n<li>St\u00f6d f\u00f6r 4G TD-LTE, FDD-LTE och 3G CDMA<\/li>\n<li>Nano-SIM-kortplats f\u00f6r enkel anv\u00e4ndning<\/li>\n<li>Quectel EG25-G Modell<\/li>\n<\/ul>\n<pre><b>VIKTIGT<\/b>\nINSTALLATION KR\u00c4VER \u00d6PPNINGSANORDNING\nKOMPONENTERNA \u00c4R SM\u00c5 OCH \u00d6MT\u00c5LIGA\nVI ANSVARAR INTE F\u00d6R EVENTUELLA KUNDSKADOR<\/pre>\n[cg_accordion title=\"BETALNINGSINFORMATION\"]<\/p>\n<p>Vi anv\u00e4nder den senaste tekniken f\u00f6r betalningshantering, vilket g\u00f6r att du kan checka ut via ditt betalkort eller kreditkort eller PayPal f\u00f6r en snabb och s\u00e4ker upplevelse.[\/cg_accordion]\n[cg_accordion title=\"GARANTI\"]<\/p>\n<p>2 \u00e5rs garanti fr\u00e5n <a href=\"https:\/\/droix.net\/\" target=\"_blank\" rel=\"nofollow noopener\">DROIX Global<\/a> f\u00f6r att du ska k\u00e4nna dig trygg[\/cg_accordion]\n[cg_accordion title=\"KVALITETSS\u00c4KRING OCH TESTNING F\u00d6RE AVS\u00c4NDNING\"]<\/p>\n<p>S\u00e4kerst\u00e4ller kundn\u00f6jdhet p\u00e5 h\u00f6gsta niv\u00e5: Varje enhet genomg\u00e5r rigor\u00f6sa tester och en kvalitetss\u00e4kringskontroll i flera punkter innan den skickas. V\u00e5rt dedikerade team verifierar prestanda, funktionalitet och komponentintegritet f\u00f6r att garantera att din GPD-enhet \u00e4r i perfekt skick vid ankomsten, vilket ger dig f\u00f6rtroende och sinnesfrid. [\/cg_accordion]\n[cg_accordion title=\"PRISER, SKATTER OCH FRAKT\"]<\/p>\n<p><strong><u>Obs!<\/u><\/strong><\/p>\n<ul>\n<li>Kunder i F\u00f6renta staterna: Det visade priset inkluderar INTE SKATT eller tullar. Ansvaret f\u00f6r att tullklarera och betala eventuell tillh\u00f6rande skatt\/avgift ligger p\u00e5 kunden. <\/li>\n<li>EU-kunder: Det visade priset inkluderar till\u00e4mplig skatt, som kan vara upp till 25% beroende p\u00e5 ditt land.<\/li>\n<li>Kunder i Kanada: Det visade priset inkluderar till\u00e4mpliga skatter, vilket kan inkludera 5% GST och ytterligare Provincial Sales Taxes (PST), Harmonized Sales Tax (HST) eller Quebec Sales Tax (QST), beroende p\u00e5 din provins.<\/li>\n<\/ul>\n<p>F\u00f6r v\u00e5ra kunder i USA: Best\u00e4llningar skickas DAP (Delivered At Place). Kunderna \u00e4r ansvariga f\u00f6r att betala eventuella till\u00e4mpliga avgifter, men vi anv\u00e4nder oss av v\u00e5r omfattande erfarenhet av frakt fr\u00e5n Storbritannien f\u00f6r att se till att du betalar minsta m\u00f6jliga avgift. Baserat p\u00e5 v\u00e5ra uppgifter \u00f6verstiger dessa avgifter normalt inte 10 % av varans v\u00e4rde.  <\/p>\n<p><strong>ENDAST f\u00f6r EU-kunder:<\/strong> Express DDP (Delivered Duty Paid). Detta betyder: <\/p>\n<ul>\n<li>Alla tullavgifter och skatter ing\u00e5r i det pris som visas p\u00e5 produktsidan.<\/li>\n<li>Du beh\u00f6ver inte betala n\u00e5gra extra avgifter vid leverans.<\/li>\n<li>I s\u00e4llsynta fall av tullrelaterade problem kommer v\u00e5rt team att hantera tullklareringsprocessen f\u00f6r din r\u00e4kning f\u00f6r att s\u00e4kerst\u00e4lla en smidig leveransupplevelse.<\/li>\n<p>Viktig information om returer:<\/p>\n<li>Om du best\u00e4mmer dig f\u00f6r att returnera din best\u00e4llning eller beg\u00e4ra \u00e5terbetalning ska du vara medveten om att skatter och avgifter som betalats f\u00f6r din r\u00e4kning enligt DDP-villkoren inte kan \u00e5terbetalas.<\/li>\n<p>F\u00f6r detaljerad information h\u00e4nvisas till v\u00e5ra allm\u00e4nna <a href=\"https:\/\/droix.net\/terms-and-conditions\/\" target=\"_blank\" rel=\"nofollow noopener\">villkor<\/a>.\n<\/ul>\n<p>[\/cg_accordion]\n[cg_accordion title=\"KUNDTJ\u00c4NST\"]<\/p>\n<p>Har du en fr\u00e5ga? Vi \u00e4r bara ett kort sms bort fr\u00e5n att ha l\u00f6st ditt problem! <\/p>\n<p>F\u00f6r detaljerad information h\u00e4nvisas till v\u00e5ra allm\u00e4nna <a href=\"https:\/\/gpdstore.net\/terms-of-service\/\" target=\"_blank\" rel=\"nofollow noopener\">villkor<\/a>.\n<\/ul>\n<p>[\/cg_accordion]\n[cg_accordion title=\"VAD SOM ING\u00c5R\"]<\/p>\n<ul>\n<li>1x GPD WIN MAX 2 2025 LTE-modul<\/li>\n<\/ul>\n<p>[\/cg_accordion]\n","protected":false},"featured_media":1015,"template":"","meta":{"_acf_changed":false},"product_brand":[],"product_cat":[1216],"product_tag":[15768,1758],"woo-feed-brand":[],"class_list":{"0":"post-1274670","1":"product","2":"type-product","3":"status-publish","4":"has-post-thumbnail","6":"product_cat-tillbehor","7":"product_tag-20xmsale-sv-2","8":"product_tag-gpd-wm2-tillbehor","9":"product_shipping_class-low-end","10":"pa_accessory-type-tillagg","11":"pa_brand-gpd","13":"first","14":"instock","15":"sale","16":"taxable","17":"shipping-taxable","18":"purchasable","19":"product-type-simple"},"acf":[],"aioseo_notices":[],"_links":{"self":[{"href":"https:\/\/gpdstore.net\/sv\/wp-json\/wp\/v2\/product\/1274670","targetHints":{"allow":["GET"]}}],"collection":[{"href":"https:\/\/gpdstore.net\/sv\/wp-json\/wp\/v2\/product"}],"about":[{"href":"https:\/\/gpdstore.net\/sv\/wp-json\/wp\/v2\/types\/product"}],"wp:featuredmedia":[{"embeddable":true,"href":"https:\/\/gpdstore.net\/sv\/wp-json\/wp\/v2\/media\/1015"}],"wp:attachment":[{"href":"https:\/\/gpdstore.net\/sv\/wp-json\/wp\/v2\/media?parent=1274670"}],"wp:term":[{"taxonomy":"product_brand","embeddable":true,"href":"https:\/\/gpdstore.net\/sv\/wp-json\/wp\/v2\/product_brand?post=1274670"},{"taxonomy":"product_cat","embeddable":true,"href":"https:\/\/gpdstore.net\/sv\/wp-json\/wp\/v2\/product_cat?post=1274670"},{"taxonomy":"product_tag","embeddable":true,"href":"https:\/\/gpdstore.net\/sv\/wp-json\/wp\/v2\/product_tag?post=1274670"},{"taxonomy":"woo-feed-brand","embeddable":true,"href":"https:\/\/gpdstore.net\/sv\/wp-json\/wp\/v2\/woo-feed-brand?post=1274670"}],"curies":[{"name":"wp","href":"https:\/\/api.w.org\/{rel}","templated":true}]}}