{"id":1261208,"date":"2025-10-23T08:14:29","date_gmt":"2025-10-23T08:14:29","guid":{"rendered":"https:\/\/gpdstore.net\/?post_type=product&#038;p=1261208"},"modified":"2026-01-19T15:12:41","modified_gmt":"2026-01-19T15:12:41","slug":"gpd-win-5-battery","status":"publish","type":"product","link":"https:\/\/gpdstore.net\/sv\/product\/gpd-win-5-battery\/","title":{"rendered":"GPD WIN 5 Batteri"},"content":{"rendered":"\n<p>Det <strong>uppladdningsbara litiumjonbatteriet GPD WIN 5<\/strong> \u00e4r ett viktigt tillbeh\u00f6r som \u00e4r utformat f\u00f6r att maximera den b\u00e4rbara speltiden f\u00f6r din handh\u00e5llna speldator GPD WIN 5. Detta \u00e4kta 80Wh externa batteri \u00e4r konstruerat f\u00f6r h\u00f6g prestanda och s\u00f6ml\u00f6s integration och g\u00f6r att du kan koppla loss dig fr\u00e5n v\u00e4ggen och uppleva avancerade PC-spel n\u00e4r du \u00e4r p\u00e5 spr\u00e5ng.<\/p>\n\n<hr class=\"wp-block-separator has-alpha-channel-opacity\"\/>\n\n<h3 class=\"wp-block-heading\">Viktiga egenskaper:<\/h3>\n\n<p>\ud83d\udd0b Ut\u00f6kad kapacitet p\u00e5 80,04Wh<\/p>\n\n<p>Med en stor nominell energi p\u00e5 80,04 Wh och en nominell kapacitet p\u00e5 5170 mAh ger detta batteri betydande drifttid, vilket g\u00f6r att du kan njuta av l\u00e4ngre spelsessioner l\u00e5ngt fr\u00e5n ett eluttag.<\/p>\n\n<p>\u26a1 H\u00f6g effektleverans<\/p>\n\n<p>Med en m\u00e4rksp\u00e4nning p\u00e5 15,48 V och en begr\u00e4nsad laddningssp\u00e4nning p\u00e5 17,80 V \u00e4r detta litiumjonpaket med 4 celler byggt f\u00f6r att klara det kr\u00e4vande str\u00f6mf\u00f6rbrukningen fr\u00e5n GPD WIN 5:s kraftfulla AMD Strix Halo APU.<\/p>\n\n<p>\ud83d\udd04 Modul\u00e4r design med snabbkoppling<\/p>\n\n<p>Batteriet har en egenutvecklad snabbkopplingsmekanism som enkelt och s\u00e4kert f\u00e4sts p\u00e5 baksidan av GPD WIN 5 handenhet (som visas p\u00e5 bilden), vilket g\u00f6r det modul\u00e4rt och utbytbart mot ett reservbatteri.<\/p>\n\n<p>\ud83d\udcaa Ergonomisk och integrerad<\/p>\n\n<p>Batteripaketet \u00e4r utformat f\u00f6r att integreras perfekt med GPD WIN 5-chassit och bibeh\u00e5ller enhetens handh\u00e5llna formfaktor samtidigt som det tillf\u00f6r ett n\u00f6dv\u00e4ndigt ergonomiskt grepp och en str\u00f6mk\u00e4lla.<\/p>\n\n<p>\ud83d\udd0c \u00c4kta GPD-tillbeh\u00f6r<\/p>\n\n<p>Detta \u00e4r ett officiellt GPD Li-ion-batteripaket (modell: 5.054BAG, modell: 4ICP 77\/48\/100), vilket garanterar perfekt kompatibilitet, s\u00e4kerhet och optimal prestanda med din GPD WIN 5.<\/p>\n\n<hr class=\"wp-block-separator has-alpha-channel-opacity\"\/>\n\n<h3 class=\"wp-block-heading\">Specifikationer:<\/h3>\n\n<figure class=\"wp-block-table\"><table class=\"has-fixed-layout\"><thead><tr><td><strong>Detalj<\/strong><\/td><td><strong>Specifikation<\/strong><\/td><\/tr><\/thead><tbody><tr><td><strong>Modell<\/strong><\/td><td>5.054BAG (4ICP 77\/48\/100)<\/td><\/tr><tr><td><strong>Batterityp<\/strong><\/td><td>Uppladdningsbart Li-ion-batteripaket<\/td><\/tr><tr><td><strong>Nominell energi<\/strong><\/td><td>80,04 Wh<\/td><\/tr><tr><td><strong>Nominell kapacitet<\/strong><\/td><td>5170 mAh<\/td><\/tr><tr><td><strong>Nominell sp\u00e4nning<\/strong><\/td><td>15.48 V<\/td><\/tr><tr><td><strong>Begr\u00e4nsad laddningssp\u00e4nning<\/strong><\/td><td>17.80 V<\/td><\/tr><tr><td><strong>Kompatibilitet<\/strong><\/td><td>GPD WIN 5 Handh\u00e5llen spel-PC<\/td><\/tr><\/tbody><\/table><\/figure>\n","protected":false},"excerpt":{"rendered":"<ul>\n<li><strong>80,04 Wh kapacitet:<\/strong> F\u00f6rl\u00e4nger tiden f\u00f6r b\u00e4rbart spelande med h\u00f6g effekt.<\/li>\n<li><strong>5170 mAh nominell kapacitet:<\/strong> S\u00e4kerst\u00e4ller l\u00e5ngvarig och tillf\u00f6rlitlig anv\u00e4ndning n\u00e4r du \u00e4r p\u00e5 spr\u00e5ng.<\/li>\n<li><strong>Modul\u00e4r design:<\/strong> Snabbf\u00e4stningsmekanism f\u00f6r enkelt byte och borttagning.<\/li>\n<li><strong>H\u00f6gsp\u00e4nningskraft:<\/strong> Byggd f\u00f6r att st\u00f6dja GPD WIN 5:s kraftfulla APU.<\/li>\n<li><strong>Officiellt GPD-tillbeh\u00f6r:<\/strong> Garanterar perfekt passform, kompatibilitet och s\u00e4kerhet.<\/li>\n<\/ul>\n<pre><b>Artikel p\u00e5 f\u00f6rbest\u00e4llning<\/b>\nUtgivningsdatum ETA:\n<ul>\n<li>2 februari 2026<\/li><\/pre>\n<\/ul>\n[cg_accordion title=\"BETALNINGSINFORMATION\"]<\/p>\n<p>Vi anv\u00e4nder den senaste tekniken f\u00f6r betalningshantering, vilket g\u00f6r att du kan checka ut via ditt betalkort eller kreditkort eller PayPal f\u00f6r en snabb och s\u00e4ker upplevelse.[\/cg_accordion]\n[cg_accordion title=\"GARANTI\"]<\/p>\n<p>2 \u00e5rs garanti fr\u00e5n <a href=\"https:\/\/droix.net\/\" target=\"_blank\" rel=\"nofollow noopener\">DROIX Global<\/a> f\u00f6r att du ska k\u00e4nna dig trygg[\/cg_accordion]\n[cg_accordion title=\"KVALITETSS\u00c4KRING OCH TESTNING F\u00d6RE AVS\u00c4NDNING\"]<\/p>\n<p>S\u00e4kerst\u00e4ller kundn\u00f6jdhet p\u00e5 h\u00f6gsta niv\u00e5: Varje enhet genomg\u00e5r rigor\u00f6sa tester och en kvalitetss\u00e4kringskontroll i flera punkter innan den skickas. V\u00e5rt dedikerade team verifierar prestanda, funktionalitet och komponentintegritet f\u00f6r att garantera att din GPD-enhet \u00e4r i perfekt skick vid ankomsten, vilket ger dig f\u00f6rtroende och sinnesfrid. [\/cg_accordion]\n[cg_accordion title=\"PRISER, SKATTER OCH FRAKT\"]<\/p>\n<p><strong><u>Obs!<\/u><\/strong><\/p>\n<ul>\n<li>Kunder i F\u00f6renta staterna: Det visade priset inkluderar INTE SKATT eller tullar. Ansvaret f\u00f6r att tullklarera och betala eventuell tillh\u00f6rande skatt\/avgift ligger p\u00e5 kunden. <\/li>\n<li>EU-kunder: Det visade priset inkluderar till\u00e4mplig skatt, som kan vara upp till 25% beroende p\u00e5 ditt land.<\/li>\n<li>Kunder i Kanada: Det visade priset inkluderar till\u00e4mpliga skatter, vilket kan inkludera 5% GST och ytterligare Provincial Sales Taxes (PST), Harmonized Sales Tax (HST) eller Quebec Sales Tax (QST), beroende p\u00e5 din provins.<\/li>\n<\/ul>\n<p>F\u00f6r v\u00e5ra kunder i USA: Best\u00e4llningar skickas DAP (Delivered At Place). Kunderna \u00e4r ansvariga f\u00f6r att betala eventuella till\u00e4mpliga avgifter, men vi anv\u00e4nder oss av v\u00e5r omfattande erfarenhet av frakt fr\u00e5n Storbritannien f\u00f6r att se till att du betalar minsta m\u00f6jliga avgift. Baserat p\u00e5 v\u00e5ra uppgifter \u00f6verstiger dessa avgifter normalt inte 10 % av varans v\u00e4rde.  <\/p>\n<p><strong>ENDAST f\u00f6r EU-kunder:<\/strong> Express DDP (Delivered Duty Paid). Detta betyder: <\/p>\n<ul>\n<li>Alla tullavgifter och skatter ing\u00e5r i det pris som visas p\u00e5 produktsidan.<\/li>\n<li>Du beh\u00f6ver inte betala n\u00e5gra extra avgifter vid leverans.<\/li>\n<li>I s\u00e4llsynta fall av tullrelaterade problem kommer v\u00e5rt team att hantera tullklareringsprocessen f\u00f6r din r\u00e4kning f\u00f6r att s\u00e4kerst\u00e4lla en smidig leveransupplevelse.<\/li>\n<p>Viktig information om returer:<\/p>\n<li>Om du best\u00e4mmer dig f\u00f6r att returnera din best\u00e4llning eller beg\u00e4ra \u00e5terbetalning ska du vara medveten om att skatter och avgifter som betalats f\u00f6r din r\u00e4kning enligt DDP-villkoren inte kan \u00e5terbetalas.<\/li>\n<p>F\u00f6r detaljerad information h\u00e4nvisas till v\u00e5ra allm\u00e4nna <a href=\"https:\/\/droix.net\/terms-and-conditions\/\" target=\"_blank\" rel=\"nofollow noopener\">villkor<\/a>.\n<\/ul>\n<p>[\/cg_accordion]\n[cg_accordion title=\"KUNDTJ\u00c4NST\"]<\/p>\n<p>Har du en fr\u00e5ga? Vi \u00e4r bara ett kort sms bort fr\u00e5n att ha l\u00f6st ditt problem! <\/p>\n<p>F\u00f6r detaljerad information h\u00e4nvisas till v\u00e5ra allm\u00e4nna <a href=\"https:\/\/gpdstore.net\/sv\/terms-of-service\/\" target=\"_blank\" rel=\"nofollow noopener\">villkor<\/a>.\n<\/ul>\n<p>[\/cg_accordion]\n[cg_accordion title=\"VAD SOM ING\u00c5R\"]<\/p>\n<ul>\n<li>1x GPD WIN 5 batteri<\/li>\n<\/ul>\n<p>[\/cg_accordion]\n","protected":false},"featured_media":1261209,"template":"","meta":{"_acf_changed":false},"product_brand":[],"product_cat":[1216],"product_tag":[],"woo-feed-brand":[697],"class_list":{"0":"post-1261208","1":"product","2":"type-product","3":"status-publish","4":"has-post-thumbnail","6":"product_cat-tillbehor","7":"product_shipping_class-low-end","8":"pa_accessory-type-tillagg","9":"pa_brand-gpd","10":"woo-feed-brand-gpd-sv","12":"first","13":"instock","14":"taxable","15":"shipping-taxable","16":"purchasable","17":"product-type-variable","18":"has-default-attributes"},"acf":[],"aioseo_notices":[],"_links":{"self":[{"href":"https:\/\/gpdstore.net\/sv\/wp-json\/wp\/v2\/product\/1261208","targetHints":{"allow":["GET"]}}],"collection":[{"href":"https:\/\/gpdstore.net\/sv\/wp-json\/wp\/v2\/product"}],"about":[{"href":"https:\/\/gpdstore.net\/sv\/wp-json\/wp\/v2\/types\/product"}],"wp:featuredmedia":[{"embeddable":true,"href":"https:\/\/gpdstore.net\/sv\/wp-json\/wp\/v2\/media\/1261209"}],"wp:attachment":[{"href":"https:\/\/gpdstore.net\/sv\/wp-json\/wp\/v2\/media?parent=1261208"}],"wp:term":[{"taxonomy":"product_brand","embeddable":true,"href":"https:\/\/gpdstore.net\/sv\/wp-json\/wp\/v2\/product_brand?post=1261208"},{"taxonomy":"product_cat","embeddable":true,"href":"https:\/\/gpdstore.net\/sv\/wp-json\/wp\/v2\/product_cat?post=1261208"},{"taxonomy":"product_tag","embeddable":true,"href":"https:\/\/gpdstore.net\/sv\/wp-json\/wp\/v2\/product_tag?post=1261208"},{"taxonomy":"woo-feed-brand","embeddable":true,"href":"https:\/\/gpdstore.net\/sv\/wp-json\/wp\/v2\/woo-feed-brand?post=1261208"}],"curies":[{"name":"wp","href":"https:\/\/api.w.org\/{rel}","templated":true}]}}