{"id":1258301,"date":"2025-10-21T14:46:01","date_gmt":"2025-10-21T14:46:01","guid":{"rendered":"https:\/\/gpdstore.net\/product\/gpd-win-5-dockningsstation\/"},"modified":"2026-01-19T14:31:53","modified_gmt":"2026-01-19T14:31:53","slug":"gpd-win-5-docking-station","status":"publish","type":"product","link":"https:\/\/gpdstore.net\/sv\/product\/gpd-win-5-docking-station\/","title":{"rendered":"GPD WIN 5 Dockningsstation"},"content":{"rendered":"\n<p><strong>GPD WIN 5 Docking Station<\/strong> (ofta kallad Smart Dock) \u00e4r en viktig hubb f\u00f6r skrivbordet som \u00e4r konstruerad f\u00f6r att frig\u00f6ra den fulla potentialen hos din <a href=\"https:\/\/gpdstore.net\/sv\/product\/gpd-win-5\/\" target=\"_blank\" rel=\"noopener\" title=\"\">handh\u00e5llna GPD WIN 5-speldator<\/a>. F\u00f6rvandla ditt b\u00e4rbara kraftpaket till en komplett station\u00e4r spel- och produktivitetskonfiguration med en enkel anslutning, vilket garanterar maximal str\u00f6mf\u00f6rs\u00f6rjning och s\u00f6ml\u00f6s integrering av kringutrustning.<\/p>\n\n<hr class=\"wp-block-separator has-alpha-channel-opacity\"\/>\n\n<h2 class=\"wp-block-heading\">Viktiga egenskaper:<\/h2>\n\n<p>\u26a1 <strong>Maximal str\u00f6mf\u00f6rs\u00f6rjning f\u00f6r topprestanda<\/strong> Dockan \u00e4r utformad f\u00f6r att ansluta till GPD WIN 5:s dedikerade str\u00f6mport, s\u00e5 att enheten kan k\u00f6ras p\u00e5 hela <strong>100 W<\/strong> fr\u00e5n sin laddare. Detta g\u00f6r att den h\u00f6gpresterande Strix Halo APU:n kan uppr\u00e4tth\u00e5lla sitt maximala TDP f\u00f6r bildhastigheter i skrivbordsklass utan termisk strypning. <\/p>\n\n<p>\ud83d\udcbb Omedelbar <strong>omvandling<\/strong> av skrivbordet Docka enkelt din GPD WIN 5 f\u00f6r att omedelbart ansluta till all din kringutrustning.<sup><\/sup> F\u00f6rvandla din handh\u00e5llna konsol till en fullfj\u00e4drad Windows 11-dator, redo f\u00f6r konkurrenskraftiga spel, arbete eller mediekonsumtion.<sup><\/sup><\/p>\n\n<p>\ud83d\udda5\ufe0f <strong>4K-sk\u00e4rmutmatning med h\u00f6g hastighet<\/strong> Smart Dock \u00e4r utrustad med en dedikerad <strong>HDMI 2.1-port<\/strong> och kan skicka upp till <strong>4K-uppl\u00f6sning vid <sup><\/sup>144 Hz<\/strong> till en extern spelmonitor eller TV, vilket ger en mjuk och verklighetstrogen upplevelse som konkurrerar med traditionella station\u00e4ra datorer.<sup><\/sup><\/p>\n\n<p>\ud83d\udd0c <strong>Omfattande I\/O-expansion<\/strong> Ut\u00f6ka dina anslutningsm\u00f6jligheter avsev\u00e4rt f\u00f6r att f\u00e5 plats med all din spel- och arbetsutrustning:<\/p>\n\n<ul class=\"wp-block-list\">\n<li><strong>1x HDMI 2.1-port:<\/strong> F\u00f6r h\u00f6guppl\u00f6sta bildsk\u00e4rmar med h\u00f6g uppdateringshastighet.<\/li>\n\n\n\n<li><strong>3x USB typ A-portar:<\/strong> Anslut externa tangentbord, m\u00f6ss, flash-enheter och annan kringutrustning.<\/li>\n\n\n\n<li><strong>1x Ethernet-port (RJ45):<\/strong> S\u00e4kerst\u00e4ller en stabil kabelanslutning med l\u00e5g latens f\u00f6r konkurrenskraftiga onlinespel.<\/li>\n\n\n\n<li><strong>1x USB typ C-port:<\/strong> F\u00f6r data eller ytterligare kringutrustningsanslutningar.<\/li>\n<\/ul>\n\n<p>\ud83d\udd0b <strong>All-in-One Smart Cradle<\/strong> Den unika designen fungerar b\u00e5de som ett s\u00e4kert stativ och en str\u00f6mhubb. Den ger en stabil, uppr\u00e4tt viloplats f\u00f6r din GPD WIN 5 samtidigt som den aktivt laddar systemet och ger den n\u00f6dv\u00e4ndiga kraften f\u00f6r l\u00e5ngvarigt h\u00f6gpresterande spel. <\/p>\n\n<h2 class=\"wp-block-heading\">Varf\u00f6r v\u00e4lja GPD WIN 5 dockningsstation?<\/h2>\n\n<p>GPD WIN 5 \u00e4r byggd f\u00f6r att vara en station\u00e4r ers\u00e4ttare, och denna Smart Dock \u00e4r bryggan. Den eliminerar kabeltrassel samtidigt som den s\u00e4kerst\u00e4ller att ditt kraftfulla Strix Halo-chip f\u00e5r hela den 100 W effekt det beh\u00f6ver f\u00f6r att leverera RTX 4060-klassad prestanda p\u00e5 din stora sk\u00e4rm. Det \u00e4r det viktigaste tillbeh\u00f6ret f\u00f6r den ultimata plug-and-play-spelupplevelsen p\u00e5 skrivbordet. <\/p>\n\n<hr class=\"wp-block-separator has-alpha-channel-opacity\"\/>\n\n<h3 class=\"wp-block-heading\">Specifikationer:<\/h3>\n\n<figure class=\"wp-block-table\"><table class=\"has-fixed-layout\"><thead><tr><td>Detalj<\/td><td>Specifikation<\/td><\/tr><\/thead><tbody><tr><td><strong>Kompatibilitet<\/strong><\/td><td>GPD WIN 5 Handh\u00e5llen spel-PC<\/td><\/tr><tr><td><strong>Video-utg\u00e5ng<\/strong><\/td><td>1\u00d7HDMI 2.1 (upp till 4K @ 144 Hz)<\/td><\/tr><tr><td><strong>USB-portar<\/strong><\/td><td>3\u00d7USB typ A, 1\u00d7USB typ C<\/td><\/tr><tr><td><strong>N\u00e4tverk<\/strong><\/td><td>1\u00d7Ethernet-port (RJ45)<\/td><\/tr><tr><td><strong>Str\u00f6mf\u00f6rs\u00f6rjning<\/strong><\/td><td>Barrel Jack (utformad f\u00f6r 100 W GPD WIN 5 laddare)<\/td><\/tr><tr><td><strong>Funktion<\/strong><\/td><td>Dockning, Laddning, Display ut, Stativ<\/td><\/tr><\/tbody><\/table><\/figure>\n\n<p><\/p>\n","protected":false},"excerpt":{"rendered":"<ul>\n<li><strong>180 W genomstr\u00f6mningseffekt:<\/strong> Maximal effekt f\u00f6r b\u00e4sta prestanda.<\/li>\n<li><strong>Skrivbordsl\u00e4ge:<\/strong> F\u00f6rvandlar omedelbart handdatorn till en komplett station\u00e4r dator.<\/li>\n<li><strong>4K-sk\u00e4rmutg\u00e5ng:<\/strong> Med HDMI 2.1 f\u00f6r h\u00f6guppl\u00f6sta externa bildsk\u00e4rmar.<\/li>\n<li><strong>Spel via kabel:<\/strong> Inkluderar en Ethernet-port f\u00f6r stabilt onlinespel utan f\u00f6rdr\u00f6jningar.<\/li>\n<li><strong>Officiell passform:<\/strong> Specialdesignat GPD-tillbeh\u00f6r f\u00f6r WIN 5.<\/li>\n<\/ul>\n[cg_accordion title=\"BETALNINGSINFORMATION\"]<\/p>\n<p>Vi anv\u00e4nder den senaste tekniken f\u00f6r betalningshantering, vilket g\u00f6r att du kan checka ut via ditt betalkort eller kreditkort eller PayPal f\u00f6r en snabb och s\u00e4ker upplevelse.[\/cg_accordion]\n[cg_accordion title=\"GARANTI\"]<\/p>\n<p>2 \u00e5rs garanti fr\u00e5n <a href=\"https:\/\/droix.net\/\" target=\"_blank\" rel=\"nofollow noopener\">DROIX Global<\/a> f\u00f6r att du ska k\u00e4nna dig trygg[\/cg_accordion]\n[cg_accordion title=\"KVALITETSS\u00c4KRING OCH TESTNING F\u00d6RE AVS\u00c4NDNING\"]<\/p>\n<p>S\u00e4kerst\u00e4ller kundn\u00f6jdhet p\u00e5 h\u00f6gsta niv\u00e5: Varje enhet genomg\u00e5r rigor\u00f6sa tester och en kvalitetss\u00e4kringskontroll i flera punkter innan den skickas. V\u00e5rt dedikerade team verifierar prestanda, funktionalitet och komponentintegritet f\u00f6r att garantera att din GPD-enhet \u00e4r i perfekt skick vid ankomsten, vilket ger dig f\u00f6rtroende och sinnesfrid. [\/cg_accordion]\n[cg_accordion title=\"PRISER, SKATTER OCH FRAKT\"]<\/p>\n<p><strong><u>Obs!<\/u><\/strong><\/p>\n<ul>\n<li>Kunder i F\u00f6renta staterna: Det visade priset inkluderar INTE SKATT eller tullar. Ansvaret f\u00f6r att tullklarera och betala eventuell tillh\u00f6rande skatt\/avgift ligger p\u00e5 kunden. <\/li>\n<li>EU-kunder: Det visade priset inkluderar till\u00e4mplig skatt, som kan vara upp till 25% beroende p\u00e5 ditt land.<\/li>\n<li>Kunder i Kanada: Det visade priset inkluderar till\u00e4mpliga skatter, vilket kan inkludera 5% GST och ytterligare Provincial Sales Taxes (PST), Harmonized Sales Tax (HST) eller Quebec Sales Tax (QST), beroende p\u00e5 din provins.<\/li>\n<\/ul>\n<p>F\u00f6r v\u00e5ra kunder i USA: Best\u00e4llningar skickas DAP (Delivered At Place). Kunderna \u00e4r ansvariga f\u00f6r att betala eventuella till\u00e4mpliga avgifter, men vi anv\u00e4nder oss av v\u00e5r omfattande erfarenhet av frakt fr\u00e5n Storbritannien f\u00f6r att se till att du betalar minsta m\u00f6jliga avgift. Baserat p\u00e5 v\u00e5ra uppgifter \u00f6verstiger dessa avgifter normalt inte 10 % av varans v\u00e4rde.  <\/p>\n<p><strong>ENDAST f\u00f6r EU-kunder:<\/strong> Express DDP (Delivered Duty Paid). Detta betyder: <\/p>\n<ul>\n<li>Alla tullavgifter och skatter ing\u00e5r i det pris som visas p\u00e5 produktsidan.<\/li>\n<li>Du beh\u00f6ver inte betala n\u00e5gra extra avgifter vid leverans.<\/li>\n<li>I s\u00e4llsynta fall av tullrelaterade problem kommer v\u00e5rt team att hantera tullklareringsprocessen f\u00f6r din r\u00e4kning f\u00f6r att s\u00e4kerst\u00e4lla en smidig leveransupplevelse.<\/li>\n<p>Viktig information om returer:<\/p>\n<li>Om du best\u00e4mmer dig f\u00f6r att returnera din best\u00e4llning eller beg\u00e4ra \u00e5terbetalning ska du vara medveten om att skatter och avgifter som betalats f\u00f6r din r\u00e4kning enligt DDP-villkoren inte kan \u00e5terbetalas.<\/li>\n<p>F\u00f6r detaljerad information h\u00e4nvisas till v\u00e5ra allm\u00e4nna <a href=\"https:\/\/droix.net\/terms-and-conditions\/\" target=\"_blank\" rel=\"nofollow noopener\">villkor<\/a>.\n<\/ul>\n<p>[\/cg_accordion]\n[cg_accordion title=\"KUNDTJ\u00c4NST\"]<\/p>\n<p>Har du en fr\u00e5ga? Vi \u00e4r bara ett kort sms bort fr\u00e5n att ha l\u00f6st ditt problem! <\/p>\n<p>F\u00f6r detaljerad information h\u00e4nvisas till v\u00e5ra allm\u00e4nna <a href=\"https:\/\/gpdstore.net\/sv\/terms-of-service\/\" target=\"_blank\" rel=\"nofollow noopener\">villkor<\/a>.\n<\/ul>\n<p>[\/cg_accordion]\n[cg_accordion title=\"VAD SOM ING\u00c5R\"]<\/p>\n<ul>\n<li>1x Officiell GPD WIN 5 dockningsstation<\/li>\n<\/ul>\n<p>[\/cg_accordion]\n","protected":false},"featured_media":1261036,"template":"","meta":{"_acf_changed":false},"product_brand":[],"product_cat":[1216],"product_tag":[],"woo-feed-brand":[],"class_list":{"0":"post-1258301","1":"product","2":"type-product","3":"status-publish","4":"has-post-thumbnail","6":"product_cat-tillbehor","7":"product_shipping_class-low-end","8":"product_shipping_class-premium","9":"pa_accessory-type-dockningsstation","10":"pa_brand-gpd","12":"first","13":"instock","14":"taxable","15":"shipping-taxable","16":"purchasable","17":"product-type-variable","18":"has-default-attributes"},"acf":[],"aioseo_notices":[],"_links":{"self":[{"href":"https:\/\/gpdstore.net\/sv\/wp-json\/wp\/v2\/product\/1258301","targetHints":{"allow":["GET"]}}],"collection":[{"href":"https:\/\/gpdstore.net\/sv\/wp-json\/wp\/v2\/product"}],"about":[{"href":"https:\/\/gpdstore.net\/sv\/wp-json\/wp\/v2\/types\/product"}],"wp:featuredmedia":[{"embeddable":true,"href":"https:\/\/gpdstore.net\/sv\/wp-json\/wp\/v2\/media\/1261036"}],"wp:attachment":[{"href":"https:\/\/gpdstore.net\/sv\/wp-json\/wp\/v2\/media?parent=1258301"}],"wp:term":[{"taxonomy":"product_brand","embeddable":true,"href":"https:\/\/gpdstore.net\/sv\/wp-json\/wp\/v2\/product_brand?post=1258301"},{"taxonomy":"product_cat","embeddable":true,"href":"https:\/\/gpdstore.net\/sv\/wp-json\/wp\/v2\/product_cat?post=1258301"},{"taxonomy":"product_tag","embeddable":true,"href":"https:\/\/gpdstore.net\/sv\/wp-json\/wp\/v2\/product_tag?post=1258301"},{"taxonomy":"woo-feed-brand","embeddable":true,"href":"https:\/\/gpdstore.net\/sv\/wp-json\/wp\/v2\/woo-feed-brand?post=1258301"}],"curies":[{"name":"wp","href":"https:\/\/api.w.org\/{rel}","templated":true}]}}