{"id":1251782,"date":"2025-10-15T11:30:11","date_gmt":"2025-10-15T11:30:11","guid":{"rendered":"https:\/\/gpdstore.net\/product\/gpd-win-5-case\/"},"modified":"2026-01-19T14:33:17","modified_gmt":"2026-01-19T14:33:17","slug":"gpd-win-5-case","status":"publish","type":"product","link":"https:\/\/gpdstore.net\/sv\/product\/gpd-win-5-case\/","title":{"rendered":"GPD WIN 5 Case"},"content":{"rendered":"\n<p><strong>GPD WIN 5-fodralet<\/strong> \u00e4r ett robust, skr\u00e4ddarsytt och reseklart skal som har utvecklats exklusivt f\u00f6r den revolutionerande GPD WIN 5Fodralet GPD WIN <strong>5<\/strong> \u00e4r ett robust, skr\u00e4ddarsytt och reseklart skal som har utvecklats exklusivt f\u00f6r den revolutionerande handh\u00e5llna speldatorn GPD WIN 5. Byggd f\u00f6r att klara resans p\u00e5frestningar och skydda din h\u00f6gpresterande maskin med premiummaterial och smart design, ger detta fodral maximal s\u00e4kerhet och elegant b\u00e4rbarhet &#8211; perfekt f\u00f6r elitspelaren p\u00e5 resande fot. <\/p>\n\n<hr class=\"wp-block-separator has-alpha-channel-opacity\"\/>\n\n<h3 class=\"wp-block-heading\">Viktiga egenskaper:<\/h3>\n\n<p>\ud83c\udfae <strong>Tailored Protection for GPD WIN 5<\/strong> Detta fodral \u00e4r exklusivt utformat f\u00f6r GPD WIN 5 och passar perfekt f\u00f6r den handh\u00e5llna enheten, vilket skyddar den mot r\u00f6relser och interna st\u00f6tar under transport.<\/p>\n\n<p>\ud83d\udcbc <strong>Konstruktion<\/strong> med h\u00e5rt <strong>skal<\/strong> Det slitstarka <strong>EVA-h\u00e5rda skalet<\/strong> ger f\u00f6rb\u00e4ttrat skydd mot st\u00f6tar, fall och repor och skyddar din konsol och dess kraftfulla interna delar i alla kr\u00e4vande resesituationer.<sup><\/sup><\/p>\n\n<p><strong>\ud83d\udc5c Mjuk<\/strong> inv\u00e4ndig stoppning Inv\u00e4ndigt ger det <strong>mjuka<\/strong> <strong>tygfodret<\/strong> och det st\u00f6td\u00e4mpande skummet en skonsam v\u00e5rd f\u00f6r din konsol och dess stora 7-tumssk\u00e4rm, vilket f\u00f6rhindrar repor och n\u00f6tning p\u00e5 ytan.<\/p>\n\n<p>\ud83d\udd0b <strong>Modul\u00e4rt f\u00f6rvaringsfack f\u00f6r tillbeh\u00f6r<\/strong> Inneh\u00e5ller ett rymligt <strong>innerfack<\/strong> som \u00e4r perfekt f\u00f6r f\u00f6rvaring av viktiga komponenter som det l\u00f6stagbara 80Wh-batteripaketet, 180W n\u00e4tadapter eller andra sm\u00e5saker &#8211; s\u00e5 att all din utrustning \u00e4r organiserad och finns p\u00e5 ett st\u00e4lle.<\/p>\n\n<p>\ud83e\uddf2 <strong>S\u00e4ker dragkedjest\u00e4ngning<\/strong> En kraftig <strong>dragkedja<\/strong> av h\u00f6g kvalitet h\u00e5ller fodralet s\u00e4kert f\u00f6rseglat och skyddat, s\u00e5 att din v\u00e4rdefulla handdator \u00e4r s\u00e4ker, oavsett om du pendlar, reser eller f\u00f6rvarar den.<sup><\/sup><\/p>\n\n<p>\ud83c\udf1f <strong>Slimmad och l\u00e4tt design<\/strong> Trots sitt robusta skydd \u00e4r den kompakta formfaktorn utformad f\u00f6r ultimat b\u00e4rbarhet. Stoppa ner den i ryggs\u00e4cken eller b\u00e4r den ensam med l\u00e4tthet, med vetskapen om att ditt spelkraftverk \u00e4r s\u00e4kert. <\/p>\n\n<hr class=\"wp-block-separator has-alpha-channel-opacity\"\/>\n\n<h3 class=\"wp-block-heading\">Varf\u00f6r v\u00e4lja GPD WIN 5-fodralet?<\/h3>\n\n<p>Det h\u00e4r fodralet \u00e4r utformat f\u00f6r de mest kr\u00e4vande spelarna och kombinerar robust h\u00e5llbarhet med genomt\u00e4nkt, viktig f\u00f6rvaring f\u00f6r GPD WIN 5:s unika modul\u00e4ra komponenter och kraftfulla laddare. Oavsett om du kopplar in dig f\u00f6r en session med h\u00f6g TDP eller spelar oinkopplad, \u00e4r GPD WIN 5-fodralet den perfekta f\u00f6ljeslagaren f\u00f6r att h\u00e5lla din Strix Halo-handh\u00e5llare s\u00e4ker och redo f\u00f6r action. \ud83d\ude80<\/p>\n\n<hr class=\"wp-block-separator has-alpha-channel-opacity\"\/>\n\n<h3 class=\"wp-block-heading\">Specifikationer:<\/h3>\n\n<figure class=\"wp-block-table\"><table class=\"has-fixed-layout\"><thead><tr><td>Detalj<\/td><td>Specifikation<\/td><\/tr><\/thead><tbody><tr><td><strong>Material<\/strong><\/td><td>EVA-h\u00e5rt skal + inredning i mjukt tyg<\/td><\/tr><tr><td><strong>Kompatibilitet<\/strong><\/td><td><a href=\"https:\/\/gpdstore.net\/sv\/product\/gpd-win-5\/\" target=\"_blank\" rel=\"noopener\" title=\"\">GPD WIN 5 Handh\u00e5llen spel-PC<\/a><\/td><\/tr><tr><td><strong>Typ av f\u00f6rslutning<\/strong><\/td><td>Dragkedja<\/td><\/tr><tr><td><strong>F\u00f6rvaring<\/strong><\/td><td>Inre n\u00e4tficka\/-fack f\u00f6r tillbeh\u00f6r (inklusive l\u00f6stagbart batteri och laddare)<\/td><\/tr><tr><td><strong>M\u00e5tt och dimensioner<\/strong><\/td><td><strong>288 \u00d7 136 \u00d7 80 (25\/55) mm<\/strong><\/td><\/tr><\/tbody><\/table><\/figure>\n\n<p><\/p>\n","protected":false},"excerpt":{"rendered":"<ul>\n<li><strong>Officiell passform:<\/strong> Utformad speciellt f\u00f6r den handh\u00e5llna datorn GPD WIN 5.<\/li>\n<li><strong>S\u00e4kra remmar:<\/strong> H\u00e5ller enheten och dess externa batteripaket stadigt p\u00e5 plats.<\/li>\n<li><strong>Mjukt foder:<\/strong> F\u00f6rhindrar repor och skyddar den 7-tums 120Hz-sk\u00e4rmen.<\/li>\n<li><strong>Handrem:<\/strong> G\u00f6r det enkelt och s\u00e4kert att b\u00e4ra med sig den n\u00e4r du \u00e4r p\u00e5 spr\u00e5ng.<\/li>\n<li><strong>H\u00e5rt skal:<\/strong> Ger ett t\u00e5ligt, styvt skydd f\u00f6r din h\u00f6gpresterande speldator.<\/li>\n<\/ul>\n[cg_accordion title=\"BETALNINGSINFORMATION\"]<\/p>\n<p>Vi anv\u00e4nder den senaste tekniken f\u00f6r betalningshantering, vilket g\u00f6r att du kan checka ut via ditt betalkort eller kreditkort eller PayPal f\u00f6r en snabb och s\u00e4ker upplevelse.[\/cg_accordion]\n[cg_accordion title=\"GARANTI\"]<\/p>\n<p>2 \u00e5rs garanti fr\u00e5n <a href=\"https:\/\/droix.net\/\" target=\"_blank\" rel=\"nofollow noopener\">DROIX Global<\/a> f\u00f6r att du ska k\u00e4nna dig trygg[\/cg_accordion]\n[cg_accordion title=\"KVALITETSS\u00c4KRING OCH TESTNING F\u00d6RE AVS\u00c4NDNING\"]<\/p>\n<p>S\u00e4kerst\u00e4ller kundn\u00f6jdhet p\u00e5 h\u00f6gsta niv\u00e5: Varje enhet genomg\u00e5r rigor\u00f6sa tester och en kvalitetss\u00e4kringskontroll i flera punkter innan den skickas. V\u00e5rt dedikerade team verifierar prestanda, funktionalitet och komponentintegritet f\u00f6r att garantera att din GPD-enhet \u00e4r i perfekt skick vid ankomsten, vilket ger dig f\u00f6rtroende och sinnesfrid. [\/cg_accordion]\n[cg_accordion title=\"PRISER, SKATTER OCH FRAKT\"]<\/p>\n<p><strong><u>Obs!<\/u><\/strong><\/p>\n<ul>\n<li>Kunder i F\u00f6renta staterna: Det visade priset inkluderar INTE SKATT eller tullar. Ansvaret f\u00f6r att tullklarera och betala eventuell tillh\u00f6rande skatt\/avgift ligger p\u00e5 kunden. <\/li>\n<li>EU-kunder: Det visade priset inkluderar till\u00e4mplig skatt, som kan vara upp till 25% beroende p\u00e5 ditt land.<\/li>\n<li>Kunder i Kanada: Det visade priset inkluderar till\u00e4mpliga skatter, vilket kan inkludera 5% GST och ytterligare Provincial Sales Taxes (PST), Harmonized Sales Tax (HST) eller Quebec Sales Tax (QST), beroende p\u00e5 din provins.<\/li>\n<\/ul>\n<p>F\u00f6r v\u00e5ra kunder i USA: Best\u00e4llningar skickas DAP (Delivered At Place). Kunderna \u00e4r ansvariga f\u00f6r att betala eventuella till\u00e4mpliga avgifter, men vi anv\u00e4nder oss av v\u00e5r omfattande erfarenhet av frakt fr\u00e5n Storbritannien f\u00f6r att se till att du betalar minsta m\u00f6jliga avgift. Baserat p\u00e5 v\u00e5ra uppgifter \u00f6verstiger dessa avgifter normalt inte 10 % av varans v\u00e4rde.  <\/p>\n<p><strong>ENDAST f\u00f6r EU-kunder:<\/strong> Express DDP (Delivered Duty Paid). Detta betyder: <\/p>\n<ul>\n<li>Alla tullavgifter och skatter ing\u00e5r i det pris som visas p\u00e5 produktsidan.<\/li>\n<li>Du beh\u00f6ver inte betala n\u00e5gra extra avgifter vid leverans.<\/li>\n<li>I s\u00e4llsynta fall av tullrelaterade problem kommer v\u00e5rt team att hantera tullklareringsprocessen f\u00f6r din r\u00e4kning f\u00f6r att s\u00e4kerst\u00e4lla en smidig leveransupplevelse.<\/li>\n<p>Viktig information om returer:<\/p>\n<li>Om du best\u00e4mmer dig f\u00f6r att returnera din best\u00e4llning eller beg\u00e4ra \u00e5terbetalning ska du vara medveten om att skatter och avgifter som betalats f\u00f6r din r\u00e4kning enligt DDP-villkoren inte kan \u00e5terbetalas.<\/li>\n<p>F\u00f6r detaljerad information h\u00e4nvisas till v\u00e5ra allm\u00e4nna <a href=\"https:\/\/droix.net\/terms-and-conditions\/\" target=\"_blank\" rel=\"nofollow noopener\">villkor<\/a>.\n<\/ul>\n<p>[\/cg_accordion]\n[cg_accordion title=\"KUNDTJ\u00c4NST\"]<\/p>\n<p>Har du en fr\u00e5ga? Vi \u00e4r bara ett kort sms bort fr\u00e5n att ha l\u00f6st ditt problem! <\/p>\n<p>F\u00f6r detaljerad information h\u00e4nvisas till v\u00e5ra allm\u00e4nna <a href=\"https:\/\/gpdstore.net\/sv\/terms-of-service\/\" target=\"_blank\" rel=\"nofollow noopener\">villkor<\/a>.\n<\/ul>\n<p>[\/cg_accordion]\n[cg_accordion title=\"VAD SOM ING\u00c5R\"]<\/p>\n<ul>\n<li>1x GPD WIN 5-fodral<\/li>\n<\/ul>\n<p>[\/cg_accordion]\n","protected":false},"featured_media":1250966,"template":"","meta":{"_acf_changed":false},"product_brand":[],"product_cat":[1216],"product_tag":[],"woo-feed-brand":[],"class_list":{"0":"post-1251782","1":"product","2":"type-product","3":"status-publish","4":"has-post-thumbnail","6":"product_cat-tillbehor","7":"product_shipping_class-low-end","8":"pa_accessory-type-skyddande-fodral","9":"pa_brand-gpd","11":"first","12":"instock","13":"taxable","14":"shipping-taxable","15":"purchasable","16":"product-type-variable","17":"has-default-attributes"},"acf":[],"aioseo_notices":[],"_links":{"self":[{"href":"https:\/\/gpdstore.net\/sv\/wp-json\/wp\/v2\/product\/1251782","targetHints":{"allow":["GET"]}}],"collection":[{"href":"https:\/\/gpdstore.net\/sv\/wp-json\/wp\/v2\/product"}],"about":[{"href":"https:\/\/gpdstore.net\/sv\/wp-json\/wp\/v2\/types\/product"}],"wp:featuredmedia":[{"embeddable":true,"href":"https:\/\/gpdstore.net\/sv\/wp-json\/wp\/v2\/media\/1250966"}],"wp:attachment":[{"href":"https:\/\/gpdstore.net\/sv\/wp-json\/wp\/v2\/media?parent=1251782"}],"wp:term":[{"taxonomy":"product_brand","embeddable":true,"href":"https:\/\/gpdstore.net\/sv\/wp-json\/wp\/v2\/product_brand?post=1251782"},{"taxonomy":"product_cat","embeddable":true,"href":"https:\/\/gpdstore.net\/sv\/wp-json\/wp\/v2\/product_cat?post=1251782"},{"taxonomy":"product_tag","embeddable":true,"href":"https:\/\/gpdstore.net\/sv\/wp-json\/wp\/v2\/product_tag?post=1251782"},{"taxonomy":"woo-feed-brand","embeddable":true,"href":"https:\/\/gpdstore.net\/sv\/wp-json\/wp\/v2\/woo-feed-brand?post=1251782"}],"curies":[{"name":"wp","href":"https:\/\/api.w.org\/{rel}","templated":true}]}}