{"id":1199299,"date":"2025-10-08T14:34:02","date_gmt":"2025-10-08T14:34:02","guid":{"rendered":"https:\/\/gpdstore.net\/product\/biwin-mini-ssd\/"},"modified":"2026-01-19T14:32:38","modified_gmt":"2026-01-19T14:32:38","slug":"biwin-mini-ssd","status":"publish","type":"product","link":"https:\/\/gpdstore.net\/sv\/product\/biwin-mini-ssd\/","title":{"rendered":"BIWIN Mini SSD"},"content":{"rendered":"\n<h2 class=\"wp-block-heading\"><strong>Sl\u00e4pp loss din enhets verkliga potential<\/strong><\/h2>\n\n<p>I en v\u00e4rld av elitteknik \u00e4r hastighet allt. BIWIN Mini SSD \u00e4r ett uttalande om kompromissl\u00f6s kraft, konstruerad med PCIe Gen4x2-teknik f\u00f6r att uppn\u00e5 en h\u00e4pnadsv\u00e4ckande teoretisk hastighet p\u00e5 <strong>3 700 MB\/s<\/strong>.<sup><\/sup> Det h\u00e4r \u00e4r inte bara en uppgradering, det \u00e4r en revolution i ett paket som \u00e4r mindre \u00e4n ett frim\u00e4rke. <\/p>\n\n<p>F\u00f6r anv\u00e4ndare av n\u00e4sta generations handdatorer som <a href=\"https:\/\/gpdstore.net\/sv\/product\/gpd-win-5\/\" target=\"_blank\" rel=\"noopener\" title=\"\">GPD WIN 5<\/a> \u00e4r BIWIN Mini SSD nyckeln till att l\u00e5sa upp enhetens maximala lagringshastighet. \u00c4ven om dessa enheter anv\u00e4nder en PCIe 4&#215;1-kortplats levererar v\u00e5r Mini SSD fortfarande hisnande <strong>~1 700 MB\/s<\/strong> i verklig prestanda &#8211; vilket \u00f6vertr\u00e4ffar hastigheterna f\u00f6r alla microSD-kort och s\u00e4kerst\u00e4ller att dina spel laddas blixtsnabbt.<\/p>\n\n<p>Den \u00e4r smidd f\u00f6r extrema f\u00f6rh\u00e5llanden, <strong>vattent\u00e4t enligt IP68<\/strong> och <strong>fallskyddad fr\u00e5n 3 meter,<\/strong> vilket inneb\u00e4r att denna kraft matchas av legendarisk h\u00e5llbarhet.<sup><\/sup> Med en kapacitet p\u00e5 upp till <strong>2 TB<\/strong> \u00e4r BIWIN Mini SSD den ultimata, kompromissl\u00f6sa lagringsl\u00f6sningen f\u00f6r dem som kr\u00e4ver det absolut b\u00e4sta.<\/p>\n","protected":false},"excerpt":{"rendered":"<ul>\n<li>Gr\u00e4nssnitt: <strong>PCIe Gen4x2<\/strong> med **NVMe 1.4** protokoll<\/li>\n<li>Formfaktor: <strong>Ultrakompakt LGA-paket<\/strong> (15,0 mm \u00d7 17,0 mm \u00d7 1,4 mm)<\/li>\n<li>Prestanda: Upp till **3 700 MB\/s l\u00e4sning** \/ Upp till **3 400 MB\/s skrivning**<\/li>\n<li>Kapacitet: 512 GB, 1 TB eller 2 TB 3D TLC NAND<\/li>\n<li>H\u00e5llbarhet: <strong>IP68<\/strong> damm- och vattent\u00e5lighet \/ **3-meters fall** \u00d6verlevnad<\/li>\n<li>Teknik: Dynamisk **SLC-cache** och **Wear Leveling**<\/li>\n<\/ul>\n[cg_accordion title=\"BETALNINGSINFORMATION\"]<\/p>\n<p>Vi anv\u00e4nder den senaste tekniken f\u00f6r betalningshantering, vilket g\u00f6r att du kan checka ut via ditt betalkort eller kreditkort eller PayPal f\u00f6r en snabb och s\u00e4ker upplevelse.[\/cg_accordion]\n[cg_accordion title=\"GARANTI\"]<\/p>\n<p>2 \u00e5rs garanti fr\u00e5n <a href=\"https:\/\/droix.net\/\" target=\"_blank\" rel=\"nofollow noopener\">DROIX Global<\/a> f\u00f6r att du ska k\u00e4nna dig trygg[\/cg_accordion]\n[cg_accordion title=\"KVALITETSS\u00c4KRING OCH TESTNING F\u00d6RE AVS\u00c4NDNING\"]<\/p>\n<p>S\u00e4kerst\u00e4ller kundn\u00f6jdhet p\u00e5 h\u00f6gsta niv\u00e5: Varje enhet genomg\u00e5r rigor\u00f6sa tester och en kvalitetss\u00e4kringskontroll i flera punkter innan den skickas. V\u00e5rt dedikerade team verifierar prestanda, funktionalitet och komponentintegritet f\u00f6r att garantera att din GPD-enhet \u00e4r i perfekt skick vid ankomsten, vilket ger dig f\u00f6rtroende och sinnesfrid. [\/cg_accordion]\n[cg_accordion title=\"PRISER, SKATTER OCH FRAKT\"]<\/p>\n<p><strong><u>Obs!<\/u><\/strong><\/p>\n<ul>\n<li>Kunder i F\u00f6renta staterna: Det visade priset inkluderar INTE SKATT eller tullar. Ansvaret f\u00f6r att tullklarera och betala eventuell tillh\u00f6rande skatt\/avgift ligger p\u00e5 kunden. <\/li>\n<li>EU-kunder: Det visade priset inkluderar till\u00e4mplig skatt, som kan vara upp till 25% beroende p\u00e5 ditt land.<\/li>\n<li>Kunder i Kanada: Det visade priset inkluderar till\u00e4mpliga skatter, vilket kan inkludera 5% GST och ytterligare Provincial Sales Taxes (PST), Harmonized Sales Tax (HST) eller Quebec Sales Tax (QST), beroende p\u00e5 din provins.<\/li>\n<\/ul>\n<p>F\u00f6r v\u00e5ra kunder i USA: Best\u00e4llningar skickas DAP (Delivered At Place). Kunderna \u00e4r ansvariga f\u00f6r att betala eventuella till\u00e4mpliga avgifter, men vi anv\u00e4nder oss av v\u00e5r omfattande erfarenhet av frakt fr\u00e5n Storbritannien f\u00f6r att se till att du betalar minsta m\u00f6jliga avgift. Baserat p\u00e5 v\u00e5ra uppgifter \u00f6verstiger dessa avgifter normalt inte 10 % av varans v\u00e4rde.  <\/p>\n<p><strong>ENDAST f\u00f6r EU-kunder:<\/strong> Express DDP (Delivered Duty Paid). Detta betyder: <\/p>\n<ul>\n<li>Alla tullavgifter och skatter ing\u00e5r i det pris som visas p\u00e5 produktsidan.<\/li>\n<li>Du beh\u00f6ver inte betala n\u00e5gra extra avgifter vid leverans.<\/li>\n<li>I s\u00e4llsynta fall av tullrelaterade problem kommer v\u00e5rt team att hantera tullklareringsprocessen f\u00f6r din r\u00e4kning f\u00f6r att s\u00e4kerst\u00e4lla en smidig leveransupplevelse.<\/li>\n<p>Viktig information om returer:<\/p>\n<li>Om du best\u00e4mmer dig f\u00f6r att returnera din best\u00e4llning eller beg\u00e4ra \u00e5terbetalning ska du vara medveten om att skatter och avgifter som betalats f\u00f6r din r\u00e4kning enligt DDP-villkoren inte kan \u00e5terbetalas.<\/li>\n<p>F\u00f6r detaljerad information h\u00e4nvisas till v\u00e5ra allm\u00e4nna <a href=\"https:\/\/droix.net\/terms-and-conditions\/\" target=\"_blank\" rel=\"nofollow noopener\">villkor<\/a>.\n<\/ul>\n<p>[\/cg_accordion]\n[cg_accordion title=\"KUNDTJ\u00c4NST\"]<\/p>\n<p>Har du en fr\u00e5ga? Vi \u00e4r bara ett kort sms bort fr\u00e5n att ha l\u00f6st ditt problem! <\/p>\n<p>F\u00f6r detaljerad information h\u00e4nvisas till v\u00e5ra allm\u00e4nna <a href=\"https:\/\/gpdstore.net\/sv\/terms-of-service\/\" target=\"_blank\" rel=\"nofollow noopener\">villkor<\/a>.\n<\/ul>\n<p>[\/cg_accordion]\n[cg_accordion title=\"VAD SOM ING\u00c5R\"]<\/p>\n<ul>\n<li>1x BIWIN Mini SSD<\/li>\n<\/ul>\n<p>[\/cg_accordion]\n","protected":false},"featured_media":1196762,"template":"","meta":{"_acf_changed":false},"product_brand":[],"product_cat":[1216],"product_tag":[],"woo-feed-brand":[],"class_list":{"0":"post-1199299","1":"product","2":"type-product","3":"status-publish","4":"has-post-thumbnail","6":"product_cat-tillbehor","7":"product_shipping_class-premium","8":"product_shipping_class-standard","9":"pa_brand-biwin","10":"pa_storage-capacity-512-gb","11":"pa_storage-capacity-512gb","12":"pa_storage-capacity-512gb-fr","13":"pa_storage-capacity-1-tb","14":"pa_storage-capacity-1tb-fr","15":"pa_storage-capacity-1tb","16":"pa_storage-capacity-2tb-fr","17":"pa_storage-capacity-2tb-sv","18":"pa_storage-capacity-2tb","20":"first","21":"instock","22":"taxable","23":"shipping-taxable","24":"purchasable","25":"product-type-variable","26":"has-default-attributes"},"acf":[],"aioseo_notices":[],"_links":{"self":[{"href":"https:\/\/gpdstore.net\/sv\/wp-json\/wp\/v2\/product\/1199299","targetHints":{"allow":["GET"]}}],"collection":[{"href":"https:\/\/gpdstore.net\/sv\/wp-json\/wp\/v2\/product"}],"about":[{"href":"https:\/\/gpdstore.net\/sv\/wp-json\/wp\/v2\/types\/product"}],"wp:featuredmedia":[{"embeddable":true,"href":"https:\/\/gpdstore.net\/sv\/wp-json\/wp\/v2\/media\/1196762"}],"wp:attachment":[{"href":"https:\/\/gpdstore.net\/sv\/wp-json\/wp\/v2\/media?parent=1199299"}],"wp:term":[{"taxonomy":"product_brand","embeddable":true,"href":"https:\/\/gpdstore.net\/sv\/wp-json\/wp\/v2\/product_brand?post=1199299"},{"taxonomy":"product_cat","embeddable":true,"href":"https:\/\/gpdstore.net\/sv\/wp-json\/wp\/v2\/product_cat?post=1199299"},{"taxonomy":"product_tag","embeddable":true,"href":"https:\/\/gpdstore.net\/sv\/wp-json\/wp\/v2\/product_tag?post=1199299"},{"taxonomy":"woo-feed-brand","embeddable":true,"href":"https:\/\/gpdstore.net\/sv\/wp-json\/wp\/v2\/woo-feed-brand?post=1199299"}],"curies":[{"name":"wp","href":"https:\/\/api.w.org\/{rel}","templated":true}]}}