{"id":4633,"date":"2023-03-23T16:51:27","date_gmt":"2023-03-23T16:51:27","guid":{"rendered":"https:\/\/gpdstore.net\/sekretesspolicy\/"},"modified":"2024-12-11T13:48:18","modified_gmt":"2024-12-11T13:48:18","slug":"sekretesspolicy","status":"publish","type":"page","link":"https:\/\/gpdstore.net\/sv\/sekretesspolicy\/","title":{"rendered":"Integritetspolicy"},"content":{"rendered":"\n<p>F\u00f6ljande integritetspolicy ska tolkas i \u00f6verensst\u00e4mmelse med (ihopkopplad med), &#8220;som en&#8221; med <a href=\"https:\/\/gpdstore.net\/sv\/villkor-for-tjansten\/\" target=\"_blank\" data-type=\"URL\" data-id=\"\/terms-of-service\/\" rel=\"noreferrer noopener\">villkoren<\/a>, <a href=\"https:\/\/gpdstore.net\/sv\/policy-for-aterbetalning-och-aterlamnande\/\" target=\"_blank\" data-type=\"URL\" data-id=\"\/refund-and-returns-policy\/\" rel=\"noreferrer noopener\">retur- och \u00e5terbetalningspolicyn<\/a> och <a href=\"https:\/\/gpdstore.net\/sv\/policy-for-cookies\/\" target=\"_blank\" data-type=\"URL\" data-id=\"\/cookies-policy\/\" rel=\"noreferrer noopener\">cookiepolicyn<\/a><\/p>\n\n<ol class=\"wp-block-list\">\n<li>Dessa f\u00f6rs\u00e4ljningsvillkor g\u00e4ller f\u00f6r alla varor som levereras av DroiX US Corp (leverant\u00f6ren).\n<ol class=\"wp-block-list\">\n<li>I det angivna kontraktet \u00e4r h\u00e4nvisningar till: Vi (DroiX US Corp) \u00e4r leverant\u00f6ren, och du (kunden)<\/li>\n<\/ol>\n<\/li>\n<\/ol>\n\n<h2 class=\"wp-block-heading\" id=\"h-navigation\">Navigering<\/h2>\n\n<ul class=\"wp-block-list\">\n<li>DATAINSAMLING<\/li>\n\n\n\n<li>DATABEHANDLING<\/li>\n\n\n\n<li>DATASKYDD<\/li>\n\n\n\n<li>POLICY F\u00d6R SKYDD AV PRIVATLIVET<\/li>\n<\/ul>\n\n<h2 class=\"wp-block-heading\" id=\"h-data-collection\">DATAINSAMLING<\/h2>\n\n<ol class=\"wp-block-list\">\n<li>Leverant\u00f6ren samlar in personuppgifter fr\u00e5n dig n\u00e4r du k\u00f6per leverant\u00f6rens produkter.<\/li>\n\n\n\n<li>Leverant\u00f6ren samlar in personuppgifter fr\u00e5n dig och alla enheter (inklusive mobila enheter) som du anv\u00e4nder n\u00e4r du: registrerar ett konto hos oss, l\u00e4mnar information till Leverant\u00f6ren p\u00e5 ett webbformul\u00e4r, uppdaterar eller l\u00e4gger till information p\u00e5 ditt konto, deltar i ett supportforum eller n\u00e4r du p\u00e5 annat s\u00e4tt korresponderar med Leverant\u00f6ren.\n<ol class=\"wp-block-list\">\n<li>En del av denna personliga information, till exempel ett s\u00e4tt att identifiera dig, \u00e4r n\u00f6dv\u00e4ndig f\u00f6r att acceptera leverant\u00f6rens villkor och best\u00e4mmelser f\u00f6r tj\u00e4nsten. Tillhandah\u00e5llandet av alla andra personuppgifter \u00e4r frivilligt, men kan vara n\u00f6dv\u00e4ndigt f\u00f6r att kunna anv\u00e4nda v\u00e5ra tj\u00e4nster, till exempel deltagande i giveaways, dragningar eller den information som beh\u00f6vs f\u00f6r att slutf\u00f6ra en transaktion. <\/li>\n<\/ol>\n<\/li>\n\n\n\n<li>Personuppgifter som du l\u00e4mnar till Leverant\u00f6ren n\u00e4r du genomf\u00f6r ett k\u00f6p eller registrerar dig f\u00f6r ett konto hos Leverant\u00f6ren:\n<ol class=\"wp-block-list\">\n<li>Identifierande information s\u00e5som namn, adresser, telefonnummer eller e-postadresser n\u00e4r du registrerar ett konto hos oss.<\/li>\n\n\n\n<li>Orderinformation som \u00e4r kopplad till ditt konto som ett resultat av en transaktion som du \u00e4r inblandad i.<\/li>\n\n\n\n<li>Annat inneh\u00e5ll som du genererar eller som \u00e4r kopplat till ditt konto (t.ex. att l\u00e4gga till varor i din varukorg).<\/li>\n\n\n\n<li>Finansiell information (t.ex. kreditkorts- eller bankkontonummer) i samband med en transaktion.<\/li>\n\n\n\n<li>Porto, fakturering och annan information som anv\u00e4nds f\u00f6r att k\u00f6pa eller skicka en vara och relevant portoinformation (t.ex. sp\u00e5rningsnummer och sp\u00e5rningsuppdateringar).<\/li>\n\n\n\n<li>Du kan ocks\u00e5 l\u00e4mna annan information till Leverant\u00f6ren via ett webbformul\u00e4r, genom att uppdatera eller l\u00e4gga till information p\u00e5 ditt konto, genom ditt deltagande i forumdiskussioner, supportf\u00f6rfr\u00e5gningar eller n\u00e4r du p\u00e5 annat s\u00e4tt kommunicerar med Leverant\u00f6ren ang\u00e5ende Leverant\u00f6rens varor och tj\u00e4nster.<\/li>\n\n\n\n<li>Ytterligare information som Leverant\u00f6ren enligt till\u00e4mplig nationell lagstiftning \u00e4r skyldig eller beh\u00f6rig att samla in och behandla f\u00f6r att autentisera eller identifiera dig eller f\u00f6r att verifiera den information som Leverant\u00f6ren har samlat in.<\/li>\n<\/ol>\n<\/li>\n\n\n\n<li>Personuppgifter som Leverant\u00f6ren samlar in automatiskt n\u00e4r du anv\u00e4nder f\u00f6r att genomf\u00f6ra ett k\u00f6p eller registrera ett konto hos Leverant\u00f6ren:\n<ol class=\"wp-block-list\">\n<li>Leverant\u00f6ren samlar in information om din interaktion med webbplatsen, dina annonspreferenser och din kommunikation med Leverant\u00f6ren. Detta \u00e4r information som Leverant\u00f6ren f\u00e5r fr\u00e5n enheter (inklusive mobila enheter) som du anv\u00e4nder n\u00e4r du bes\u00f6ker delar av Leverant\u00f6rens webbplats. Denna information kan omfatta f\u00f6ljande: Enhets-ID eller unik identifierare, enhetstyp, ID f\u00f6r annonsering och unik enhetstoken.  <\/li>\n\n\n\n<li>Platsinformation, inklusive platsinformation fr\u00e5n din mobila enhet. T\u00e4nk p\u00e5 att de flesta mobila enheter l\u00e5ter dig styra eller inaktivera anv\u00e4ndningen av platstj\u00e4nster av alla applikationer p\u00e5 din mobila enhet i enhetens inst\u00e4llningsmeny. <\/li>\n\n\n\n<li>Dator- och anslutningsinformation, t.ex. statistik \u00f6ver dina sidvisningar, trafik till och fr\u00e5n webbplatserna, h\u00e4nvisningsadress, annonsdata, din IP-adress, din webbhistorik och din webblogginformation.<\/li>\n<\/ol>\n<\/li>\n\n\n\n<li>Personuppgifter som leverant\u00f6ren samlar in med hj\u00e4lp av cookies och liknande teknik\n<ol class=\"wp-block-list\">\n<li>Leverant\u00f6ren anv\u00e4nder cookies, webb-beacons, unika identifierare och liknande tekniker f\u00f6r att samla in information om de sidor du visar, de l\u00e4nkar du klickar p\u00e5 och andra \u00e5tg\u00e4rder du vidtar n\u00e4r du surfar p\u00e5 Leverant\u00f6rens webbplats, i Leverant\u00f6rens reklam eller e-postinneh\u00e5ll. F\u00f6r mer information om anv\u00e4ndningen av dessa tekniker och hur du kontrollerar dem, se v\u00e5r Cookie Policy <\/li>\n<\/ol>\n<\/li>\n\n\n\n<li>Personuppgifter som samlats in fr\u00e5n andra k\u00e4llor\n<ol class=\"wp-block-list\">\n<li>Leverant\u00f6ren kompletterar den personliga information som Leverant\u00f6ren samlar in direkt med information som samlas in fr\u00e5n tredje part och l\u00e4gger till den i din kontoinformation. Till exempel samlar Leverant\u00f6ren in och anv\u00e4nder demografisk och annan information som \u00e4r allm\u00e4nt tillg\u00e4nglig i en till\u00e4mplig jurisdiktion, ytterligare kontaktinformation, kreditupplysningsinformation och information fr\u00e5n kreditupplysningsf\u00f6retag, enligt vad som till\u00e5ts enligt till\u00e4mpliga nationella lagar. <\/li>\n\n\n\n<li>Sociala medier &#8211; Leverant\u00f6ren l\u00e5ter dig dela information med webbplatser f\u00f6r sociala medier, eller anv\u00e4nda webbplatser f\u00f6r sociala medier f\u00f6r att skapa ditt konto eller f\u00f6r att ansluta ditt konto till respektive webbplats f\u00f6r sociala medier. Dessa webbplatser f\u00f6r sociala medier kan ge Leverant\u00f6ren automatisk tillg\u00e5ng till vissa personuppgifter som de har om dig (t.ex. inneh\u00e5ll som du har tittat p\u00e5, inneh\u00e5ll som du har gillat och information om de annonser som du har sett eller klickat p\u00e5 etc.). Om du ger leverant\u00f6ren tillg\u00e5ng till en webbplats med videoinneh\u00e5ll samtycker du till att leverant\u00f6ren kan dela din videovisning med, eller f\u00e5 information om din videovisning fr\u00e5n, tredje parts sociala medier i minst tv\u00e5 \u00e5r eller tills du \u00e5terkallar auktorisationen eller anslutningen till den sociala mediesajten. Du kontrollerar den personliga information som du till\u00e5ter Leverant\u00f6ren att ha tillg\u00e5ng till genom sekretessinst\u00e4llningarna p\u00e5 den till\u00e4mpliga sociala mediesajten och de beh\u00f6righeter som du ger Leverant\u00f6ren n\u00e4r du ger Leverant\u00f6ren tillg\u00e5ng till den personliga information som respektive sociala mediesajt har om dig. Genom att koppla ett konto som hanteras av en webbplats f\u00f6r sociala medier till ditt konto och ge Leverant\u00f6ren tillg\u00e5ng till denna information, samtycker du till att Leverant\u00f6ren kan samla in, anv\u00e4nda och beh\u00e5lla den information som tillhandah\u00e5lls av dessa webbplatser f\u00f6r sociala medier i enlighet med detta integritetsmeddelande. Leverant\u00f6ren kan ocks\u00e5 anv\u00e4nda plugins eller annan teknik fr\u00e5n olika sociala medier. Om du klickar p\u00e5 en l\u00e4nk som tillhandah\u00e5lls via ett insticksprogram f\u00f6r sociala medier uppr\u00e4ttar du frivilligt en anslutning till respektive webbplats f\u00f6r sociala medier.      <\/li>\n\n\n\n<li>Om du ger Leverant\u00f6ren personuppgifter om n\u00e5gon annan, f\u00e5r du endast g\u00f6ra det med den personens tillst\u00e5nd. Du b\u00f6r informera dem om hur leverant\u00f6ren samlar in, anv\u00e4nder, avsl\u00f6jar och beh\u00e5ller deras personuppgifter enligt leverant\u00f6rens villkor. <\/li>\n<\/ol>\n<\/li>\n\n\n\n<li>Information f\u00f6r att hj\u00e4lpa Leverant\u00f6ren att leverera Leverant\u00f6rens tj\u00e4nster till dig.\n<ol class=\"wp-block-list\">\n<li>Leverant\u00f6ren har ett n\u00e4ra samarbete med tredje part f\u00f6r att hj\u00e4lpa Leverant\u00f6ren att tillhandah\u00e5lla tj\u00e4nster till dig. Dessa tredje parter \u00e4r aff\u00e4rspartners inom tekniska tj\u00e4nster, betalnings- och leveranstj\u00e4nster, annonsn\u00e4tverk, analysleverant\u00f6rer, leverant\u00f6rer av s\u00f6kinformation, kreditupplysningsf\u00f6retag, bedr\u00e4geribek\u00e4mpningsf\u00f6retag och utvecklare. Information som Leverant\u00f6ren kan samla in om dig fr\u00e5n s\u00e5dana parter kan inkludera kredits\u00f6kningsinformation, information som hj\u00e4lper Leverant\u00f6ren att verifiera din identitet eller information som r\u00f6r dina betalningstransaktioner.  <\/li>\n\n\n\n<li>Om du till\u00e5ter Leverant\u00f6ren att g\u00f6ra det kommer Leverant\u00f6ren att samla in v\u00e4nlistor fr\u00e5n Facebook och liknande information fr\u00e5n andra tredje parter som Twitter och Google och Leverant\u00f6ren kan regelbundet samla in denna information p\u00e5 nytt f\u00f6r att h\u00e5lla sig uppdaterad.<\/li>\n<\/ol>\n<\/li>\n<\/ol>\n\n<h2 class=\"wp-block-heading\" id=\"h-data-processing\">DATABEHANDLING<\/h2>\n\n<ol class=\"wp-block-list\">\n<li>Leverant\u00f6ren kommer endast att anv\u00e4nda dina personuppgifter n\u00e4r lagen till\u00e5ter det. Det vanligaste \u00e4r att Leverant\u00f6ren kan anv\u00e4nda dina personuppgifter (s\u00e5som din Inl\u00e4mnade information, Platsinformation eller transaktionsinformation) f\u00f6r att bilda sig en uppfattning om vad Leverant\u00f6ren tror att du kan vilja ha eller beh\u00f6va, eller vad som kan vara av intresse f\u00f6r dig. <\/li>\n\n\n\n<li>Leverant\u00f6ren kommer endast att anv\u00e4nda dina personuppgifter f\u00f6r de \u00e4ndam\u00e5l f\u00f6r vilka leverant\u00f6ren samlade in dem, s\u00e5vida inte leverant\u00f6ren rimligen anser att leverant\u00f6ren beh\u00f6ver anv\u00e4nda dem f\u00f6r ett annat \u00e4ndam\u00e5l och detta \u00e4ndam\u00e5l \u00e4r f\u00f6renligt med det ursprungliga \u00e4ndam\u00e5let.<\/li>\n\n\n\n<li>Om du ger ditt uttryckliga samtycke kan leverant\u00f6ren anv\u00e4nda dina identitets-, kontakt-, tekniska, anv\u00e4ndnings- och\/eller profiluppgifter f\u00f6r att bilda sig en uppfattning om vad leverant\u00f6ren tror att du vill ha eller beh\u00f6ver, eller vad som kan vara av intresse f\u00f6r dig. Du kan n\u00e4r som helst \u00e5terkalla ditt samtycke. Under vissa begr\u00e4nsade omst\u00e4ndigheter kan Leverant\u00f6ren kontakta dig om liknande produkter om du har k\u00f6pt produkter fr\u00e5n Leverant\u00f6ren och du inte har valt bort att ta emot denna information.  <\/li>\n\n\n\n<li>Avbest\u00e4llning\/avregistrering &#8211; Du kan n\u00e4r som helst be Leverant\u00f6ren att sluta skicka marknadsf\u00f6ringsmeddelanden till dig genom att f\u00f6lja avregistreringsl\u00e4nkarna i alla marknadsf\u00f6ringsmeddelanden som skickas till dig eller genom att n\u00e4r som helst kontakta Leverant\u00f6ren. Om du v\u00e4ljer att inte ta emot dessa marknadsf\u00f6ringsmeddelanden kan du fortfarande f\u00e5 meddelanden f\u00f6r andra \u00e4ndam\u00e5l (t.ex. f\u00f6r att tillhandah\u00e5lla relevant order- eller produktrelaterad information till dig). <\/li>\n\n\n\n<li>Leverant\u00f6ren kan l\u00e4mna ut de uppgifter som leverant\u00f6ren samlar in fr\u00e5n dig till vissa tredje parter som anv\u00e4nder personuppgifter f\u00f6r att leverera sina tj\u00e4nster till leverant\u00f6ren, de anv\u00e4nder uppgifterna p\u00e5 ett s\u00e4kert och konfidentiellt s\u00e4tt och under strikta avtalskontroller i enlighet med dataskyddslagar.<\/li>\n\n\n\n<li>Du kan \u00e5terkalla ditt samtycke n\u00e4r som helst efter att du har gett ditt uttryckliga samtycke genom att kontakta leverant\u00f6ren<\/li>\n<\/ol>\n\n<h2 class=\"wp-block-heading\" id=\"h-data-protection\">DATASKYDD<\/h2>\n\n<ol class=\"wp-block-list\">\n<li>Leverant\u00f6ren kommer att vidta alla rimliga f\u00f6rsiktighets\u00e5tg\u00e4rder f\u00f6r att h\u00e5lla uppgifterna om din best\u00e4llning och betalning s\u00e4kra, men s\u00e5vida inte Leverant\u00f6ren \u00e4r f\u00f6rsumlig, kommer Leverant\u00f6ren inte att vara ansvarig f\u00f6r obeh\u00f6rig \u00e5tkomst till information som du tillhandah\u00e5ller.<\/li>\n\n\n\n<li>Leverant\u00f6ren begr\u00e4nsar tillg\u00e5ngen till dina personuppgifter till de anst\u00e4llda, ombud, entrepren\u00f6rer och andra tredje parter som har ett aff\u00e4rsm\u00e4ssigt behov av att k\u00e4nna till dem. De kommer endast att behandla dina personuppgifter enligt Leverant\u00f6rens instruktioner och de \u00e4r f\u00f6rem\u00e5l f\u00f6r sekretessplikt. <\/li>\n\n\n\n<li>Leverant\u00f6ren har inf\u00f6rt rutiner f\u00f6r att hantera alla misst\u00e4nkta personuppgiftsincidenter och kommer att meddela dig och alla till\u00e4mpliga tillsynsmyndigheter om en incident d\u00e4r leverant\u00f6ren \u00e4r juridiskt skyldig att g\u00f6ra det.<\/li>\n<\/ol>\n\n<h2 class=\"wp-block-heading\" id=\"h-privacy-policy\">POLICY F\u00d6R SKYDD AV PRIVATLIVET<\/h2>\n\n<ol class=\"wp-block-list\">\n<li>Leverant\u00f6ren lagrar inte kreditkortsuppgifter och delar inte heller kunduppgifter med n\u00e5gon obeh\u00f6rig tredje part.<\/li>\n\n\n\n<li>Leverant\u00f6ren kommer endast att beh\u00e5lla dina personuppgifter s\u00e5 l\u00e4nge som det \u00e4r n\u00f6dv\u00e4ndigt f\u00f6r att uppfylla de syften f\u00f6r vilka leverant\u00f6ren samlade in dem, inklusive f\u00f6r att uppfylla eventuella r\u00e4ttsliga krav, redovisningskrav eller rapporteringskrav.<\/li>\n\n\n\n<li>Leverant\u00f6ren kommer i allm\u00e4nhet att beh\u00e5lla v\u00e5ra kunders uppgifter under en period av 6 (sex) \u00e5r efter att ett avtal har upph\u00f6rt, f\u00f6r att s\u00e4kerst\u00e4lla att leverant\u00f6ren kan hj\u00e4lpa dig om du har n\u00e5gra fr\u00e5gor eller feedback i f\u00f6rh\u00e5llande till leverant\u00f6rens produkter eller f\u00f6r att skydda eller f\u00f6rsvara v\u00e5ra juridiska r\u00e4ttigheter eller f\u00f6r skatte\u00e4ndam\u00e5l.<\/li>\n\n\n\n<li>Om Leverant\u00f6ren har behandlat dina personuppgifter f\u00f6r att f\u00f6rse dig med marknadsf\u00f6ringskommunikation med samtycke, kan Leverant\u00f6ren kontakta dig minst var tolfte (12) m\u00e5nad f\u00f6r att s\u00e4kerst\u00e4lla att du vill forts\u00e4tta att ta emot s\u00e5dan kommunikation. Om du meddelar Leverant\u00f6ren att du inte l\u00e4ngre vill ta emot s\u00e5dan kommunikation kommer dina personuppgifter att tas bort fr\u00e5n Leverant\u00f6rens marknadsf\u00f6ringslistor (men kommer att l\u00e4ggas till p\u00e5 en &#8220;kontakta inte&#8221;-lista). <\/li>\n\n\n\n<li>Om Leverant\u00f6ren har behandlat dina uppgifter av n\u00e5gon annan anledning (t.ex. om du har kontaktat Leverant\u00f6ren med en fr\u00e5ga om produkter eller tj\u00e4nster), kommer Leverant\u00f6ren att beh\u00e5lla dina uppgifter i tolv (12) m\u00e5nader.<\/li>\n\n\n\n<li>Under vissa omst\u00e4ndigheter kan leverant\u00f6ren anonymisera dina personuppgifter (s\u00e5 att de inte l\u00e4ngre kan kopplas till dig) f\u00f6r forsknings- eller statistiska \u00e4ndam\u00e5l, varvid leverant\u00f6ren kan anv\u00e4nda denna information p\u00e5 obest\u00e4md tid utan ytterligare meddelande till dig.<\/li>\n\n\n\n<li>Under vissa omst\u00e4ndigheter har du r\u00e4ttigheter enligt dataskyddslagstiftningen n\u00e4r det g\u00e4ller dina personuppgifter. Dessa r\u00e4ttigheter beskrivs n\u00e4rmare nedan: \n<ol class=\"wp-block-list\">\n<li>Beg\u00e4ra tillg\u00e5ng till dina personuppgifter (allm\u00e4nt k\u00e4nt som en &#8220;beg\u00e4ran om tillg\u00e5ng fr\u00e5n den registrerade&#8221;). Detta g\u00f6r det m\u00f6jligt f\u00f6r dig att f\u00e5 en kopia av de personuppgifter som leverant\u00f6ren har om dig och att kontrollera att leverant\u00f6ren behandlar dem p\u00e5 ett lagligt s\u00e4tt. <\/li>\n\n\n\n<li>Beg\u00e4ra r\u00e4ttelse av de personuppgifter som Leverant\u00f6ren har om dig. Detta g\u00f6r det m\u00f6jligt f\u00f6r dig att f\u00e5 ofullst\u00e4ndiga eller felaktiga uppgifter som Leverant\u00f6ren har om dig korrigerade, \u00e4ven om Leverant\u00f6ren kan beh\u00f6va verifiera riktigheten i de nya uppgifter som du l\u00e4mnar till Leverant\u00f6ren. <\/li>\n\n\n\n<li>Beg\u00e4ra radering av dina personuppgifter. Detta g\u00f6r det m\u00f6jligt f\u00f6r dig att be leverant\u00f6ren att radera eller ta bort personuppgifter d\u00e4r det inte finns n\u00e5gon god anledning f\u00f6r leverant\u00f6ren att forts\u00e4tta behandla dem. Du har ocks\u00e5 r\u00e4tt att be Leverant\u00f6ren att radera eller ta bort dina personuppgifter om du framg\u00e5ngsrikt har ut\u00f6vat din r\u00e4tt att inv\u00e4nda mot behandlingen, om Leverant\u00f6ren kan ha behandlat dina uppgifter p\u00e5 ett olagligt s\u00e4tt eller om Leverant\u00f6ren \u00e4r skyldig att radera dina personuppgifter f\u00f6r att f\u00f6lja lokal lagstiftning. Notera dock att Leverant\u00f6ren kanske inte alltid kan tillm\u00f6tesg\u00e5 din beg\u00e4ran om radering p\u00e5 grund av s\u00e4rskilda r\u00e4ttsliga sk\u00e4l som, om till\u00e4mpligt, kommer att meddelas dig vid tidpunkten f\u00f6r din beg\u00e4ran.   <\/li>\n\n\n\n<li>Inv\u00e4nda mot behandling av dina personuppgifter om Leverant\u00f6ren st\u00f6djer sig p\u00e5 ett ber\u00e4ttigat intresse (eller en tredje parts ber\u00e4ttigade intresse) och det finns n\u00e5got i din s\u00e4rskilda situation som g\u00f6r att du vill inv\u00e4nda mot behandlingen p\u00e5 denna grund eftersom du anser att den p\u00e5verkar dina grundl\u00e4ggande r\u00e4ttigheter och friheter. Du har ocks\u00e5 r\u00e4tt att inv\u00e4nda om Leverant\u00f6ren behandlar dina personuppgifter f\u00f6r direktmarknadsf\u00f6ring. I vissa fall kan Leverant\u00f6ren visa att Leverant\u00f6ren har tvingande ber\u00e4ttigade sk\u00e4l att behandla dina uppgifter som v\u00e4ger tyngre \u00e4n dina r\u00e4ttigheter och friheter.  <\/li>\n\n\n\n<li>Beg\u00e4ra begr\u00e4nsning av behandlingen av dina personuppgifter. Detta g\u00f6r det m\u00f6jligt f\u00f6r dig att be leverant\u00f6ren att avbryta behandlingen av dina personuppgifter i f\u00f6ljande scenarier: om du vill att leverant\u00f6ren ska fastst\u00e4lla uppgifternas riktighet; om leverant\u00f6rens anv\u00e4ndning av uppgifterna \u00e4r olaglig men du inte vill att leverant\u00f6ren ska radera dem; om du beh\u00f6ver att leverant\u00f6ren beh\u00e5ller uppgifterna \u00e4ven om leverant\u00f6ren inte l\u00e4ngre beh\u00f6ver dem eftersom du beh\u00f6ver dem f\u00f6r att fastst\u00e4lla, ut\u00f6va eller f\u00f6rsvara r\u00e4ttsliga anspr\u00e5k; eller om du har inv\u00e4nt mot leverant\u00f6rens anv\u00e4ndning av dina uppgifter men leverant\u00f6ren m\u00e5ste kontrollera om leverant\u00f6ren har tvingande legitima sk\u00e4l att anv\u00e4nda dem. <\/li>\n\n\n\n<li>Beg\u00e4ra \u00f6verf\u00f6ring av dina personuppgifter (som registrerad) till dig eller till en tredje part. \u00c5terkalla samtycke n\u00e4r som helst om Leverant\u00f6ren f\u00f6rlitar sig p\u00e5 samtycke f\u00f6r att behandla dina personuppgifter. Detta kommer dock inte att p\u00e5verka lagligheten av n\u00e5gon behandling som utf\u00f6rts innan du \u00e5terkallar ditt samtycke. Om du \u00e5terkallar ditt samtycke kan det h\u00e4nda att Leverant\u00f6ren inte kan tillhandah\u00e5lla vissa produkter eller tj\u00e4nster till dig. Leverant\u00f6ren kommer att meddela dig om s\u00e5 \u00e4r fallet n\u00e4r du \u00e5terkallar ditt samtycke. Om du vill ut\u00f6va n\u00e5gon av de r\u00e4ttigheter som anges ovan, v\u00e4nligen kontakta Leverant\u00f6ren direkt via deras kontaktinformation.     <\/li>\n\n\n\n<li>Ingen avgift kr\u00e4vs vanligtvis och du kommer inte att beh\u00f6va betala n\u00e5gon avgift f\u00f6r att f\u00e5 tillg\u00e5ng till dina personuppgifter (eller f\u00f6r att ut\u00f6va n\u00e5gon av de andra r\u00e4ttigheterna). Leverant\u00f6ren f\u00e5r dock ta ut en rimlig avgift om din beg\u00e4ran \u00e4r uppenbart ogrundad, upprepad eller orimlig. Alternativt kan Leverant\u00f6ren v\u00e4gra att tillm\u00f6tesg\u00e5 din beg\u00e4ran under dessa omst\u00e4ndigheter.  <\/li>\n<\/ol>\n<\/li>\n\n\n\n<li>Leverant\u00f6ren kan beh\u00f6va beg\u00e4ra specifik information fr\u00e5n dig f\u00f6r att hj\u00e4lpa Leverant\u00f6ren att bekr\u00e4fta din identitet och s\u00e4kerst\u00e4lla din r\u00e4tt att f\u00e5 tillg\u00e5ng till dina personuppgifter (eller att ut\u00f6va n\u00e5gon av dina andra r\u00e4ttigheter). Detta \u00e4r en s\u00e4kerhets\u00e5tg\u00e4rd f\u00f6r att s\u00e4kerst\u00e4lla att personuppgifter inte l\u00e4mnas ut till n\u00e5gon person som inte har r\u00e4tt att ta emot dem. Leverant\u00f6ren kan ocks\u00e5 kontakta dig f\u00f6r att be dig om ytterligare information i samband med din beg\u00e4ran f\u00f6r att p\u00e5skynda leverant\u00f6rens svar.  <\/li>\n\n\n\n<li>Du har r\u00e4tt att n\u00e4r som helst l\u00e4mna in ett klagom\u00e5l till ICO, den brittiska tillsynsmyndigheten f\u00f6r dataskyddsfr\u00e5gor (p\u00e5 www.ico.org.uk). Leverant\u00f6ren skulle dock uppskatta att f\u00e5 m\u00f6jlighet att hantera dina fr\u00e5gor innan du v\u00e4nder dig till ICO, s\u00e5 kontakta oss i f\u00f6rsta hand. <\/li>\n<\/ol>\n\n<p>Integritetspolicy senast uppdaterad: 23 mars, 2023 &#8211; 4:50PM.<\/p>\n","protected":false},"excerpt":{"rendered":"<p>F\u00f6ljande integritetspolicy ska tolkas i \u00f6verensst\u00e4mmelse med (ihopkopplad med), &#8220;som en&#8221; med villkoren, retur- och \u00e5terbetalningspolicyn och cookiepolicyn Navigering DATAINSAMLING DATABEHANDLING DATASKYDD POLICY F\u00d6R SKYDD AV PRIVATLIVET Integritetspolicy senast uppdaterad: 23 mars, 2023 &#8211; 4:50PM.<\/p>\n","protected":false},"author":1,"featured_media":0,"parent":0,"menu_order":0,"comment_status":"closed","ping_status":"closed","template":"template-fullwidth.php","meta":{"_acf_changed":false,"footnotes":""},"class_list":["post-4633","page","type-page","status-publish","hentry"],"acf":[],"aioseo_notices":[],"_links":{"self":[{"href":"https:\/\/gpdstore.net\/sv\/wp-json\/wp\/v2\/pages\/4633","targetHints":{"allow":["GET"]}}],"collection":[{"href":"https:\/\/gpdstore.net\/sv\/wp-json\/wp\/v2\/pages"}],"about":[{"href":"https:\/\/gpdstore.net\/sv\/wp-json\/wp\/v2\/types\/page"}],"author":[{"embeddable":true,"href":"https:\/\/gpdstore.net\/sv\/wp-json\/wp\/v2\/users\/1"}],"replies":[{"embeddable":true,"href":"https:\/\/gpdstore.net\/sv\/wp-json\/wp\/v2\/comments?post=4633"}],"version-history":[{"count":0,"href":"https:\/\/gpdstore.net\/sv\/wp-json\/wp\/v2\/pages\/4633\/revisions"}],"wp:attachment":[{"href":"https:\/\/gpdstore.net\/sv\/wp-json\/wp\/v2\/media?parent=4633"}],"curies":[{"name":"wp","href":"https:\/\/api.w.org\/{rel}","templated":true}]}}