{"id":4613,"date":"2023-03-23T16:49:44","date_gmt":"2023-03-23T16:49:44","guid":{"rendered":"https:\/\/gpdstore.net\/policy-for-cookies\/"},"modified":"2024-12-11T13:39:49","modified_gmt":"2024-12-11T13:39:49","slug":"policy-for-cookies","status":"publish","type":"page","link":"https:\/\/gpdstore.net\/sv\/policy-for-cookies\/","title":{"rendered":"Policy f\u00f6r cookies"},"content":{"rendered":"\n<p>F\u00f6ljande cookiepolicy ska tolkas i \u00f6verensst\u00e4mmelse med (ihopkopplad med), &#8220;som en&#8221; med <a href=\"https:\/\/gpdstore.net\/sv\/villkor-for-tjansten\/\" target=\"_blank\" data-type=\"URL\" data-id=\"\/terms-of-service\/\" rel=\"noreferrer noopener\">villkoren<\/a>, <a href=\"https:\/\/gpdstore.net\/sv\/policy-for-aterbetalning-och-aterlamnande\/\" target=\"_blank\" data-type=\"URL\" data-id=\"\/refund-and-returns-policy\/\" rel=\"noreferrer noopener\">retur- och \u00e5terbetalningspolicyn<\/a> och <a href=\"https:\/\/gpdstore.net\/sv\/sekretesspolicy\/\" target=\"_blank\" data-type=\"URL\" data-id=\"\/privacy-policy\/\" rel=\"noreferrer noopener\">integritetspolicyn<\/a><\/p>\n\n<ol class=\"wp-block-list\">\n<li>Dessa f\u00f6rs\u00e4ljningsvillkor g\u00e4ller f\u00f6r alla varor som levereras av DroiX US Corp (leverant\u00f6ren).\n<ol class=\"wp-block-list\">\n<li>I det angivna kontraktet \u00e4r h\u00e4nvisningar till: Vi (DroiX US Corp) \u00e4r leverant\u00f6ren, och du (kunden)<\/li>\n<\/ol>\n<\/li>\n<\/ol>\n\n<ol class=\"wp-block-list\">\n<li>Leverant\u00f6rens webbplats anv\u00e4nder cookies f\u00f6r att skilja kunden, dvs. dig, fr\u00e5n andra anv\u00e4ndare av webbplatsen. Detta hj\u00e4lper Leverant\u00f6ren att ge dig en bra upplevelse n\u00e4r du surfar p\u00e5 Leverant\u00f6rens webbplats och g\u00f6r det ocks\u00e5 m\u00f6jligt f\u00f6r Leverant\u00f6ren att f\u00f6rb\u00e4ttra v\u00e5r webbplats. Genom att forts\u00e4tta surfa p\u00e5 webbplatsen samtycker du till Leverant\u00f6rens anv\u00e4ndning av cookies.  <\/li>\n\n\n\n<li>En cookie \u00e4r en liten fil med bokst\u00e4ver och siffror som Leverant\u00f6ren lagrar i din webbl\u00e4sare eller p\u00e5 h\u00e5rddisken i din dator eller mobiltelefon om du samtycker till det. Cookies inneh\u00e5ller information som \u00f6verf\u00f6rs till din dators h\u00e5rddisk. <\/li>\n\n\n\n<li>Leverant\u00f6ren anv\u00e4nder f\u00f6ljande cookies:\n<ol class=\"wp-block-list\">\n<li>Strikt n\u00f6dv\u00e4ndiga cookies. Detta \u00e4r cookies som kr\u00e4vs f\u00f6r driften av Leverant\u00f6rens webbplats. De omfattar t.ex. cookies som g\u00f6r det m\u00f6jligt f\u00f6r dig att logga in p\u00e5 s\u00e4kra omr\u00e5den p\u00e5 Leverant\u00f6rens webbplats och utf\u00f6ra transaktioner.  <\/li>\n\n\n\n<li>Analytiska\/prestanda-cookies. De g\u00f6r det m\u00f6jligt f\u00f6r Leverant\u00f6ren att k\u00e4nna igen och r\u00e4kna antalet bes\u00f6kare och att se hur bes\u00f6karna r\u00f6r sig p\u00e5 Leverant\u00f6rens webbplats n\u00e4r de anv\u00e4nder den. Detta hj\u00e4lper Leverant\u00f6ren att f\u00f6rb\u00e4ttra webbplatsens funktion, till exempel genom att se till att anv\u00e4ndarna hittar det de s\u00f6ker enkelt och utan kr\u00e5ngel.  <\/li>\n\n\n\n<li>Leverant\u00f6ren anv\u00e4nder Google Analytics-cookies. Google Analytics samlar in information anonymt. Det rapporterar webbplatstrender utan att identifiera enskilda bes\u00f6kare. Du kan v\u00e4lja bort Google Analytics utan att det p\u00e5verkar hur du bes\u00f6ker den h\u00e4r webbplatsen. F\u00f6r mer information om Google Analytics, v\u00e4nligen klicka h\u00e4r.    <\/li>\n\n\n\n<li>Riktade cookies. Dessa cookies registrerar ditt bes\u00f6k p\u00e5 leverant\u00f6rens webbplats, de sidor du har bes\u00f6kt och de l\u00e4nkar du har f\u00f6ljt. Leverant\u00f6ren anv\u00e4nder denna information f\u00f6r att g\u00f6ra webbplatsen och den reklam som visas p\u00e5 den mer relevant f\u00f6r dina intressen. Leverant\u00f6ren kan ocks\u00e5 dela denna information med tredje part f\u00f6r detta \u00e4ndam\u00e5l.   <\/li>\n<\/ol>\n<\/li>\n\n\n\n<li>Observera att tredje part (inklusive t.ex. annonsn\u00e4tverk och leverant\u00f6rer av externa tj\u00e4nster som t.ex. tj\u00e4nster f\u00f6r analys av webbtrafik) ocks\u00e5 kan anv\u00e4nda cookies som Leverant\u00f6ren inte har n\u00e5gon kontroll \u00f6ver. Dessa cookies kommer sannolikt att vara analytiska\/prestandacookies eller m\u00e5lstyrningscookies. <\/li>\n\n\n\n<li>Du kan blockera cookies genom att aktivera inst\u00e4llningen i din webbl\u00e4sare som g\u00f6r det m\u00f6jligt f\u00f6r dig att v\u00e4gra alla eller vissa cookies. Om du anv\u00e4nder inst\u00e4llningarna i din webbl\u00e4sare f\u00f6r att blockera alla cookies (inklusive n\u00f6dv\u00e4ndiga cookies) kan det dock h\u00e4nda att du inte f\u00e5r tillg\u00e5ng till hela eller delar av Leverant\u00f6rens webbplats. <\/li>\n<\/ol>\n\n<p>Cookie Policy senast uppdaterad: 23 mars, 2023 &#8211; 4:48PM.<\/p>\n","protected":false},"excerpt":{"rendered":"<p>F\u00f6ljande cookiepolicy ska tolkas i \u00f6verensst\u00e4mmelse med (ihopkopplad med), &#8220;som en&#8221; med villkoren, retur- och \u00e5terbetalningspolicyn och integritetspolicyn Cookie Policy senast uppdaterad: 23 mars, 2023 &#8211; 4:48PM.<\/p>\n","protected":false},"author":1,"featured_media":0,"parent":0,"menu_order":0,"comment_status":"closed","ping_status":"closed","template":"template-fullwidth.php","meta":{"_acf_changed":false,"footnotes":""},"class_list":["post-4613","page","type-page","status-publish","hentry"],"acf":[],"aioseo_notices":[],"_links":{"self":[{"href":"https:\/\/gpdstore.net\/sv\/wp-json\/wp\/v2\/pages\/4613","targetHints":{"allow":["GET"]}}],"collection":[{"href":"https:\/\/gpdstore.net\/sv\/wp-json\/wp\/v2\/pages"}],"about":[{"href":"https:\/\/gpdstore.net\/sv\/wp-json\/wp\/v2\/types\/page"}],"author":[{"embeddable":true,"href":"https:\/\/gpdstore.net\/sv\/wp-json\/wp\/v2\/users\/1"}],"replies":[{"embeddable":true,"href":"https:\/\/gpdstore.net\/sv\/wp-json\/wp\/v2\/comments?post=4613"}],"version-history":[{"count":0,"href":"https:\/\/gpdstore.net\/sv\/wp-json\/wp\/v2\/pages\/4613\/revisions"}],"wp:attachment":[{"href":"https:\/\/gpdstore.net\/sv\/wp-json\/wp\/v2\/media?parent=4613"}],"curies":[{"name":"wp","href":"https:\/\/api.w.org\/{rel}","templated":true}]}}