{"id":4379,"date":"2023-03-23T16:38:25","date_gmt":"2023-03-23T16:38:25","guid":{"rendered":"https:\/\/gpdstore.net\/om-oss\/"},"modified":"2024-12-11T13:38:42","modified_gmt":"2024-12-11T13:38:42","slug":"om-oss","status":"publish","type":"page","link":"https:\/\/gpdstore.net\/sv\/om-oss\/","title":{"rendered":"Om oss"},"content":{"rendered":"\t\t<div data-elementor-type=\"wp-page\" data-elementor-id=\"4379\" class=\"elementor elementor-4379 elementor-10\" data-elementor-settings=\"{&quot;element_pack_global_tooltip_width&quot;:{&quot;unit&quot;:&quot;px&quot;,&quot;size&quot;:&quot;&quot;,&quot;sizes&quot;:[]},&quot;element_pack_global_tooltip_width_tablet&quot;:{&quot;unit&quot;:&quot;px&quot;,&quot;size&quot;:&quot;&quot;,&quot;sizes&quot;:[]},&quot;element_pack_global_tooltip_width_mobile&quot;:{&quot;unit&quot;:&quot;px&quot;,&quot;size&quot;:&quot;&quot;,&quot;sizes&quot;:[]},&quot;element_pack_global_tooltip_padding&quot;:{&quot;unit&quot;:&quot;px&quot;,&quot;top&quot;:&quot;&quot;,&quot;right&quot;:&quot;&quot;,&quot;bottom&quot;:&quot;&quot;,&quot;left&quot;:&quot;&quot;,&quot;isLinked&quot;:true},&quot;element_pack_global_tooltip_padding_tablet&quot;:{&quot;unit&quot;:&quot;px&quot;,&quot;top&quot;:&quot;&quot;,&quot;right&quot;:&quot;&quot;,&quot;bottom&quot;:&quot;&quot;,&quot;left&quot;:&quot;&quot;,&quot;isLinked&quot;:true},&quot;element_pack_global_tooltip_padding_mobile&quot;:{&quot;unit&quot;:&quot;px&quot;,&quot;top&quot;:&quot;&quot;,&quot;right&quot;:&quot;&quot;,&quot;bottom&quot;:&quot;&quot;,&quot;left&quot;:&quot;&quot;,&quot;isLinked&quot;:true},&quot;element_pack_global_tooltip_border_radius&quot;:{&quot;unit&quot;:&quot;px&quot;,&quot;top&quot;:&quot;&quot;,&quot;right&quot;:&quot;&quot;,&quot;bottom&quot;:&quot;&quot;,&quot;left&quot;:&quot;&quot;,&quot;isLinked&quot;:true},&quot;element_pack_global_tooltip_border_radius_tablet&quot;:{&quot;unit&quot;:&quot;px&quot;,&quot;top&quot;:&quot;&quot;,&quot;right&quot;:&quot;&quot;,&quot;bottom&quot;:&quot;&quot;,&quot;left&quot;:&quot;&quot;,&quot;isLinked&quot;:true},&quot;element_pack_global_tooltip_border_radius_mobile&quot;:{&quot;unit&quot;:&quot;px&quot;,&quot;top&quot;:&quot;&quot;,&quot;right&quot;:&quot;&quot;,&quot;bottom&quot;:&quot;&quot;,&quot;left&quot;:&quot;&quot;,&quot;isLinked&quot;:true}}\" data-elementor-post-type=\"page\">\n\t\t\t\t\t\t<section class=\"elementor-section elementor-top-section elementor-element elementor-element-9ee181d elementor-section-height-min-height elementor-section-content-middle elementor-reverse-mobile elementor-section-boxed elementor-section-height-default elementor-section-items-middle\" data-id=\"9ee181d\" data-element_type=\"section\" data-settings=\"{&quot;background_background&quot;:&quot;classic&quot;,&quot;background_motion_fx_motion_fx_scrolling&quot;:&quot;yes&quot;,&quot;background_motion_fx_blur_effect&quot;:&quot;yes&quot;,&quot;background_motion_fx_range&quot;:&quot;viewport&quot;,&quot;background_motion_fx_motion_fx_mouse&quot;:&quot;yes&quot;,&quot;background_motion_fx_mouseTrack_effect&quot;:&quot;yes&quot;,&quot;background_motion_fx_blur_direction&quot;:&quot;out-in&quot;,&quot;background_motion_fx_blur_level&quot;:{&quot;unit&quot;:&quot;px&quot;,&quot;size&quot;:7,&quot;sizes&quot;:[]},&quot;background_motion_fx_blur_range&quot;:{&quot;unit&quot;:&quot;%&quot;,&quot;size&quot;:&quot;&quot;,&quot;sizes&quot;:{&quot;start&quot;:20,&quot;end&quot;:80}},&quot;background_motion_fx_devices&quot;:[&quot;desktop&quot;,&quot;tablet&quot;,&quot;mobile&quot;],&quot;background_motion_fx_mouseTrack_speed&quot;:{&quot;unit&quot;:&quot;px&quot;,&quot;size&quot;:1,&quot;sizes&quot;:[]}}\">\n\t\t\t\t\t\t<div class=\"elementor-container elementor-column-gap-no\">\n\t\t\t\t\t<div class=\"elementor-column elementor-col-100 elementor-top-column elementor-element elementor-element-53c0e4e\" data-id=\"53c0e4e\" data-element_type=\"column\" data-settings=\"{&quot;background_background&quot;:&quot;classic&quot;}\">\n\t\t\t<div class=\"elementor-widget-wrap elementor-element-populated\">\n\t\t\t\t\t\t<div class=\"elementor-element elementor-element-d21bfa3 elementor-widget elementor-widget-heading\" data-id=\"d21bfa3\" data-element_type=\"widget\" data-widget_type=\"heading.default\">\n\t\t\t\t<div class=\"elementor-widget-container\">\n\t\t\t\t\t<h2 class=\"elementor-heading-title elementor-size-default\">GPD<br>x<br>DROIX<\/h2>\t\t\t\t<\/div>\n\t\t\t\t<\/div>\n\t\t\t\t<div class=\"elementor-element elementor-element-4bf96d9 elementor-widget elementor-widget-text-editor\" data-id=\"4bf96d9\" data-element_type=\"widget\" data-widget_type=\"text-editor.default\">\n\t\t\t\t<div class=\"elementor-widget-container\">\n\t\t\t\t\t\t\t\t\t<p>V\u00e4lkommen till GPD Store, din enda destination f\u00f6r de mest avancerade handh\u00e5llna speldatorerna p\u00e5 marknaden.<\/p>\n<p>Vi \u00e4r en stolt \u00e5terf\u00f6rs\u00e4ljare av GPD-produkter (GamePad Digital) och erbjuder dig de senaste och mest innovativa enheterna, inklusive GPD WIN 4, GPD Pocket 4, GPD Pocket 3 och m\u00e5nga fler GPD-prylar. V\u00e5rt engagemang f\u00f6r att leverera spelupplevelser av h\u00f6gsta kvalitet g\u00f6r oss till det sj\u00e4lvklara valet f\u00f6r entusiaster som s\u00f6ker b\u00e4rbara kraftpaket. <\/p>\n<p>P\u00e5 GPD Store f\u00f6rst\u00e5r vi att den perfekta spelupplevelsen g\u00e5r bortom sj\u00e4lva enheten. Det \u00e4r d\u00e4rf\u00f6r vi har samarbetat med DroiX, ett p\u00e5litligt namn inom logistik och kundsupport, f\u00f6r att s\u00e4kerst\u00e4lla att din shoppingresa med oss \u00e4r smidig och s\u00f6ml\u00f6s. Fr\u00e5n att l\u00e4gga din best\u00e4llning till att ta emot din enhet och d\u00e4refter garanterar DroiX expertis en problemfri upplevelse, s\u00e5 att du kan fokusera p\u00e5 det som \u00e4r viktigast &#8211; att dyka in i dina favoritspel.  <\/p>\n<p>V\u00e5rt uppdrag p\u00e5 GPD Store \u00e4r att ge dig den ultimata handh\u00e5llna spelupplevelsen, med st\u00f6d av v\u00e5rt orubbliga engagemang f\u00f6r kundn\u00f6jdhet. Vi \u00e4r sj\u00e4lva spelentusiaster och vet hur viktigt det \u00e4r att ha r\u00e4tt enhet i handen. Det \u00e4r d\u00e4rf\u00f6r vi st\u00e4ndigt str\u00e4var efter att erbjuda de b\u00e4sta GPD-produkterna p\u00e5 marknaden, tillsammans med f\u00f6rstklassig kundservice.  <\/p>\n<p>N\u00e4r du handlar hos GPD Store k\u00f6per du inte bara en enhet; du ansluter dig till en gemenskap av spelare som v\u00e4rdes\u00e4tter den perfekta balansen mellan kraft och b\u00e4rbarhet. Vi inbjuder dig att utforska v\u00e5rt produktutbud och uppleva skillnaden som GPD Store har att erbjuda. G\u00f6r dig redo att h\u00f6ja niv\u00e5n p\u00e5 ditt spelande med oss!  <\/p>\n\t\t\t\t\t\t\t\t<\/div>\n\t\t\t\t<\/div>\n\t\t\t\t\t<\/div>\n\t\t<\/div>\n\t\t\t\t\t<\/div>\n\t\t<\/section>\n\t\t\t\t<\/div>\n\t\t","protected":false},"excerpt":{"rendered":"<p>GPDxDROIX V\u00e4lkommen till GPD Store, din enda destination f\u00f6r de mest avancerade handh\u00e5llna speldatorerna p\u00e5 marknaden. Vi \u00e4r en stolt \u00e5terf\u00f6rs\u00e4ljare av GPD-produkter (GamePad Digital) och erbjuder dig de senaste och mest innovativa enheterna, inklusive GPD WIN 4, GPD Pocket 4, GPD Pocket 3 och m\u00e5nga fler GPD-prylar. V\u00e5rt engagemang f\u00f6r att leverera spelupplevelser av [&hellip;]<\/p>\n","protected":false},"author":1,"featured_media":0,"parent":0,"menu_order":0,"comment_status":"closed","ping_status":"closed","template":"template-fullwidth-no-heading.php","meta":{"_acf_changed":false,"footnotes":""},"class_list":["post-4379","page","type-page","status-publish","hentry"],"acf":[],"aioseo_notices":[],"_links":{"self":[{"href":"https:\/\/gpdstore.net\/sv\/wp-json\/wp\/v2\/pages\/4379","targetHints":{"allow":["GET"]}}],"collection":[{"href":"https:\/\/gpdstore.net\/sv\/wp-json\/wp\/v2\/pages"}],"about":[{"href":"https:\/\/gpdstore.net\/sv\/wp-json\/wp\/v2\/types\/page"}],"author":[{"embeddable":true,"href":"https:\/\/gpdstore.net\/sv\/wp-json\/wp\/v2\/users\/1"}],"replies":[{"embeddable":true,"href":"https:\/\/gpdstore.net\/sv\/wp-json\/wp\/v2\/comments?post=4379"}],"version-history":[{"count":0,"href":"https:\/\/gpdstore.net\/sv\/wp-json\/wp\/v2\/pages\/4379\/revisions"}],"wp:attachment":[{"href":"https:\/\/gpdstore.net\/sv\/wp-json\/wp\/v2\/media?parent=4379"}],"curies":[{"name":"wp","href":"https:\/\/api.w.org\/{rel}","templated":true}]}}