{"id":1199235,"date":"2025-06-25T09:21:48","date_gmt":"2025-06-25T09:21:48","guid":{"rendered":"https:\/\/gpdstore.net\/vara-butiker\/"},"modified":"2025-10-12T20:22:51","modified_gmt":"2025-10-12T20:22:51","slug":"our-stores","status":"publish","type":"page","link":"https:\/\/gpdstore.net\/sv\/our-stores\/","title":{"rendered":"V\u00e5ra butiker"},"content":{"rendered":"\t\t<div data-elementor-type=\"wp-page\" data-elementor-id=\"1199235\" class=\"elementor elementor-1199235 elementor-1138381\" data-elementor-settings=\"{&quot;element_pack_global_tooltip_width&quot;:{&quot;unit&quot;:&quot;px&quot;,&quot;size&quot;:&quot;&quot;,&quot;sizes&quot;:[]},&quot;element_pack_global_tooltip_width_tablet&quot;:{&quot;unit&quot;:&quot;px&quot;,&quot;size&quot;:&quot;&quot;,&quot;sizes&quot;:[]},&quot;element_pack_global_tooltip_width_mobile&quot;:{&quot;unit&quot;:&quot;px&quot;,&quot;size&quot;:&quot;&quot;,&quot;sizes&quot;:[]},&quot;element_pack_global_tooltip_padding&quot;:{&quot;unit&quot;:&quot;px&quot;,&quot;top&quot;:&quot;&quot;,&quot;right&quot;:&quot;&quot;,&quot;bottom&quot;:&quot;&quot;,&quot;left&quot;:&quot;&quot;,&quot;isLinked&quot;:true},&quot;element_pack_global_tooltip_padding_tablet&quot;:{&quot;unit&quot;:&quot;px&quot;,&quot;top&quot;:&quot;&quot;,&quot;right&quot;:&quot;&quot;,&quot;bottom&quot;:&quot;&quot;,&quot;left&quot;:&quot;&quot;,&quot;isLinked&quot;:true},&quot;element_pack_global_tooltip_padding_mobile&quot;:{&quot;unit&quot;:&quot;px&quot;,&quot;top&quot;:&quot;&quot;,&quot;right&quot;:&quot;&quot;,&quot;bottom&quot;:&quot;&quot;,&quot;left&quot;:&quot;&quot;,&quot;isLinked&quot;:true},&quot;element_pack_global_tooltip_border_radius&quot;:{&quot;unit&quot;:&quot;px&quot;,&quot;top&quot;:&quot;&quot;,&quot;right&quot;:&quot;&quot;,&quot;bottom&quot;:&quot;&quot;,&quot;left&quot;:&quot;&quot;,&quot;isLinked&quot;:true},&quot;element_pack_global_tooltip_border_radius_tablet&quot;:{&quot;unit&quot;:&quot;px&quot;,&quot;top&quot;:&quot;&quot;,&quot;right&quot;:&quot;&quot;,&quot;bottom&quot;:&quot;&quot;,&quot;left&quot;:&quot;&quot;,&quot;isLinked&quot;:true},&quot;element_pack_global_tooltip_border_radius_mobile&quot;:{&quot;unit&quot;:&quot;px&quot;,&quot;top&quot;:&quot;&quot;,&quot;right&quot;:&quot;&quot;,&quot;bottom&quot;:&quot;&quot;,&quot;left&quot;:&quot;&quot;,&quot;isLinked&quot;:true}}\" data-elementor-post-type=\"page\">\n\t\t\t\t\t\t<section class=\"elementor-section elementor-top-section elementor-element elementor-element-06a22ac elementor-section-boxed elementor-section-height-default elementor-section-height-default\" data-id=\"06a22ac\" data-element_type=\"section\">\n\t\t\t\t\t\t<div class=\"elementor-container elementor-column-gap-default\">\n\t\t\t\t\t<div class=\"elementor-column elementor-col-100 elementor-top-column elementor-element elementor-element-bd162b1\" data-id=\"bd162b1\" data-element_type=\"column\">\n\t\t\t<div class=\"elementor-widget-wrap elementor-element-populated\">\n\t\t\t\t\t\t<div class=\"elementor-element elementor-element-a26bb33 elementor-widget elementor-widget-image\" data-id=\"a26bb33\" data-element_type=\"widget\" data-widget_type=\"image.default\">\n\t\t\t\t<div class=\"elementor-widget-container\">\n\t\t\t\t\t\t\t\t\t\t\t\t\t\t\t<img fetchpriority=\"high\" decoding=\"async\" width=\"1600\" height=\"300\" src=\"https:\/\/gpdstore.net\/wp-content\/uploads\/2025\/06\/Hero-Website.gif\" class=\"attachment-full size-full wp-image-1138418\" alt=\"\" sizes=\"\" \/>\t\t\t\t\t\t\t\t\t\t\t\t\t\t\t<\/div>\n\t\t\t\t<\/div>\n\t\t\t\t<div class=\"elementor-element elementor-element-e831356 elementor-widget elementor-widget-heading\" data-id=\"e831356\" data-element_type=\"widget\" data-widget_type=\"heading.default\">\n\t\t\t\t<div class=\"elementor-widget-container\">\n\t\t\t\t\t<h2 class=\"elementor-heading-title elementor-size-default\">V\u00e4lkommen till DROIX-familjen av butiker<\/h2>\t\t\t\t<\/div>\n\t\t\t\t<\/div>\n\t\t\t\t\t<\/div>\n\t\t<\/div>\n\t\t\t\t\t<\/div>\n\t\t<\/section>\n\t\t\t\t<section class=\"elementor-section elementor-top-section elementor-element elementor-element-c3ea0e8 elementor-section-boxed elementor-section-height-default elementor-section-height-default\" data-id=\"c3ea0e8\" data-element_type=\"section\">\n\t\t\t\t\t\t<div class=\"elementor-container elementor-column-gap-default\">\n\t\t\t\t\t<div class=\"elementor-column elementor-col-100 elementor-top-column elementor-element elementor-element-8c7d9ad\" data-id=\"8c7d9ad\" data-element_type=\"column\">\n\t\t\t<div class=\"elementor-widget-wrap elementor-element-populated\">\n\t\t\t\t\t\t<div class=\"elementor-element elementor-element-2d570c8 elementor-widget elementor-widget-text-editor\" data-id=\"2d570c8\" data-element_type=\"widget\" data-widget_type=\"text-editor.default\">\n\t\t\t\t<div class=\"elementor-widget-container\">\n\t\t\t\t\t\t\t\t\t<p>Uppt\u00e4ck v\u00e5rt n\u00e4tverk av officiella DROIX onlinebutiker. Oavsett om du \u00e4r i Storbritannien, Europa eller n\u00e5gon annanstans i v\u00e4rlden har vi en dedikerad butik som hj\u00e4lper dig b\u00e4st &#8211; inklusive produktspecifika butiker f\u00f6r AYANEO och GPD handh\u00e5llna speldatorer <\/p>\t\t\t\t\t\t\t\t<\/div>\n\t\t\t\t<\/div>\n\t\t\t\t\t<\/div>\n\t\t<\/div>\n\t\t\t\t\t<\/div>\n\t\t<\/section>\n\t\t\t\t<section class=\"elementor-section elementor-top-section elementor-element elementor-element-10b4cb0 elementor-section-boxed elementor-section-height-default elementor-section-height-default\" data-id=\"10b4cb0\" data-element_type=\"section\">\n\t\t\t\t\t\t<div class=\"elementor-container elementor-column-gap-default\">\n\t\t\t\t\t<div class=\"elementor-column elementor-col-50 elementor-top-column elementor-element elementor-element-7cc3ca2\" data-id=\"7cc3ca2\" data-element_type=\"column\">\n\t\t\t<div class=\"elementor-widget-wrap elementor-element-populated\">\n\t\t\t\t\t\t<div class=\"elementor-element elementor-element-c1fdbdf elementor-widget elementor-widget-image\" data-id=\"c1fdbdf\" data-element_type=\"widget\" data-widget_type=\"image.default\">\n\t\t\t\t<div class=\"elementor-widget-container\">\n\t\t\t\t\t\t\t\t\t\t\t\t\t\t\t\t<a href=\"https:\/\/droix.co.uk\/\">\n\t\t\t\t\t\t\t<img decoding=\"async\" width=\"320\" height=\"120\" src=\"https:\/\/gpdstore.net\/wp-content\/uploads\/2025\/06\/COUK.jpg\" class=\"attachment-full size-full wp-image-1138178\" alt=\"\" srcset=\"https:\/\/gpdstore.net\/wp-content\/uploads\/2025\/06\/COUK.jpg 320w, https:\/\/gpdstore.net\/wp-content\/uploads\/2025\/06\/COUK-150x56.jpg 150w\" sizes=\"(max-width: 320px) 100vw, 320px\" \/>\t\t\t\t\t\t\t\t<\/a>\n\t\t\t\t\t\t\t\t\t\t\t\t\t\t\t<\/div>\n\t\t\t\t<\/div>\n\t\t\t\t<div class=\"elementor-element elementor-element-85aefe7 elementor-widget elementor-widget-text-editor\" data-id=\"85aefe7\" data-element_type=\"widget\" data-widget_type=\"text-editor.default\">\n\t\t\t\t<div class=\"elementor-widget-container\">\n\t\t\t\t\t\t\t\t\t<p data-pm-slice=\"0 0 []\">V\u00e5r s\u00e4rskilda butik i Storbritannien \u00e4r utformad f\u00f6r att s\u00e4kerst\u00e4lla smidig best\u00e4llning med efterlevnad av brittisk moms och lokal inkassering.<\/p>\t\t\t\t\t\t\t\t<\/div>\n\t\t\t\t<\/div>\n\t\t\t\t<div class=\"elementor-element elementor-element-ba1f985 elementor-widget elementor-widget-image\" data-id=\"ba1f985\" data-element_type=\"widget\" data-widget_type=\"image.default\">\n\t\t\t\t<div class=\"elementor-widget-container\">\n\t\t\t\t\t\t\t\t\t\t\t\t\t\t\t\t<a href=\"https:\/\/droix.eu\/\">\n\t\t\t\t\t\t\t<img decoding=\"async\" width=\"320\" height=\"120\" src=\"https:\/\/gpdstore.net\/wp-content\/uploads\/2025\/06\/EU.jpg\" class=\"attachment-full size-full wp-image-1138250\" alt=\"\" srcset=\"https:\/\/gpdstore.net\/wp-content\/uploads\/2025\/06\/EU.jpg 320w, https:\/\/gpdstore.net\/wp-content\/uploads\/2025\/06\/EU-150x56.jpg 150w\" sizes=\"(max-width: 320px) 100vw, 320px\" \/>\t\t\t\t\t\t\t\t<\/a>\n\t\t\t\t\t\t\t\t\t\t\t\t\t\t\t<\/div>\n\t\t\t\t<\/div>\n\t\t\t\t<div class=\"elementor-element elementor-element-a796e00 elementor-widget elementor-widget-text-editor\" data-id=\"a796e00\" data-element_type=\"widget\" data-widget_type=\"text-editor.default\">\n\t\t\t\t<div class=\"elementor-widget-container\">\n\t\t\t\t\t\t\t\t\t<p data-pm-slice=\"0 0 []\">V\u00e5r s\u00e4rskilda EU-butik \u00e4r utformad f\u00f6r att s\u00e4kerst\u00e4lla smidig best\u00e4llning med EU-moms och snabbare leverans i hela Europa.<\/p>\t\t\t\t\t\t\t\t<\/div>\n\t\t\t\t<\/div>\n\t\t\t\t\t<\/div>\n\t\t<\/div>\n\t\t\t\t<div class=\"elementor-column elementor-col-50 elementor-top-column elementor-element elementor-element-caf4bf6\" data-id=\"caf4bf6\" data-element_type=\"column\">\n\t\t\t<div class=\"elementor-widget-wrap elementor-element-populated\">\n\t\t\t\t\t\t<div class=\"elementor-element elementor-element-618f58b elementor-widget elementor-widget-image\" data-id=\"618f58b\" data-element_type=\"widget\" data-widget_type=\"image.default\">\n\t\t\t\t<div class=\"elementor-widget-container\">\n\t\t\t\t\t\t\t\t\t\t\t\t\t\t\t\t<a href=\"https:\/\/droix.net\/\">\n\t\t\t\t\t\t\t<img loading=\"lazy\" decoding=\"async\" width=\"320\" height=\"120\" src=\"https:\/\/gpdstore.net\/wp-content\/uploads\/2025\/06\/NET.jpg\" class=\"attachment-full size-full wp-image-1138214\" alt=\"\" srcset=\"https:\/\/gpdstore.net\/wp-content\/uploads\/2025\/06\/NET.jpg 320w, https:\/\/gpdstore.net\/wp-content\/uploads\/2025\/06\/NET-150x56.jpg 150w\" sizes=\"(max-width: 320px) 100vw, 320px\" \/>\t\t\t\t\t\t\t\t<\/a>\n\t\t\t\t\t\t\t\t\t\t\t\t\t\t\t<\/div>\n\t\t\t\t<\/div>\n\t\t\t\t<div class=\"elementor-element elementor-element-8c65a9e elementor-widget elementor-widget-text-editor\" data-id=\"8c65a9e\" data-element_type=\"widget\" data-widget_type=\"text-editor.default\">\n\t\t\t\t<div class=\"elementor-widget-container\">\n\t\t\t\t\t\t\t\t\t<p data-pm-slice=\"0 0 []\">Vi betj\u00e4nar kunder utanf\u00f6r Storbritannien och EU.  <span style=\"background-color: transparent;\">Det b\u00e4sta valet f\u00f6r global frakt, skattefri utcheckning (d\u00e4r s\u00e5 \u00e4r till\u00e4mpligt) och support \u00f6ver hela v\u00e4rlden.<\/span><\/p>\t\t\t\t\t\t\t\t<\/div>\n\t\t\t\t<\/div>\n\t\t\t\t<div class=\"elementor-element elementor-element-45f56db elementor-widget elementor-widget-image\" data-id=\"45f56db\" data-element_type=\"widget\" data-widget_type=\"image.default\">\n\t\t\t\t<div class=\"elementor-widget-container\">\n\t\t\t\t\t\t\t\t\t\t\t\t\t\t\t\t<a href=\"https:\/\/ayaneo.co\/\">\n\t\t\t\t\t\t\t<img loading=\"lazy\" decoding=\"async\" width=\"320\" height=\"120\" src=\"https:\/\/gpdstore.net\/wp-content\/uploads\/2025\/06\/AYANEO.jpg\" class=\"attachment-full size-full wp-image-1138286\" alt=\"\" srcset=\"https:\/\/gpdstore.net\/wp-content\/uploads\/2025\/06\/AYANEO.jpg 320w, https:\/\/gpdstore.net\/wp-content\/uploads\/2025\/06\/AYANEO-150x56.jpg 150w\" sizes=\"(max-width: 320px) 100vw, 320px\" \/>\t\t\t\t\t\t\t\t<\/a>\n\t\t\t\t\t\t\t\t\t\t\t\t\t\t\t<\/div>\n\t\t\t\t<\/div>\n\t\t\t\t<div class=\"elementor-element elementor-element-aab7cc7 elementor-widget elementor-widget-text-editor\" data-id=\"aab7cc7\" data-element_type=\"widget\" data-widget_type=\"text-editor.default\">\n\t\t\t\t<div class=\"elementor-widget-container\">\n\t\t\t\t\t\t\t\t\t<p data-pm-slice=\"0 0 []\">Officiell AYANEO-butik fr\u00e5n DROIX, med de senaste handh\u00e5llna speldatorerna i premiumklass, tillbeh\u00f6r och f\u00f6rbest\u00e4llningar.<\/p>\t\t\t\t\t\t\t\t<\/div>\n\t\t\t\t<\/div>\n\t\t\t\t\t<\/div>\n\t\t<\/div>\n\t\t\t\t\t<\/div>\n\t\t<\/section>\n\t\t\t\t<section class=\"elementor-section elementor-top-section elementor-element elementor-element-32e5b8e elementor-section-boxed elementor-section-height-default elementor-section-height-default\" data-id=\"32e5b8e\" data-element_type=\"section\">\n\t\t\t\t\t\t<div class=\"elementor-container elementor-column-gap-default\">\n\t\t\t\t\t<div class=\"elementor-column elementor-col-100 elementor-top-column elementor-element elementor-element-6998760\" data-id=\"6998760\" data-element_type=\"column\">\n\t\t\t<div class=\"elementor-widget-wrap elementor-element-populated\">\n\t\t\t\t\t\t<div class=\"elementor-element elementor-element-61dde30 elementor-widget elementor-widget-heading\" data-id=\"61dde30\" data-element_type=\"widget\" data-widget_type=\"heading.default\">\n\t\t\t\t<div class=\"elementor-widget-container\">\n\t\t\t\t\t<h2 class=\"elementor-heading-title elementor-size-default\">Varf\u00f6r handla med DROIX?<\/h2>\t\t\t\t<\/div>\n\t\t\t\t<\/div>\n\t\t\t\t<div class=\"elementor-element elementor-element-a6c1f96 elementor-widget elementor-widget-text-editor\" data-id=\"a6c1f96\" data-element_type=\"widget\" data-widget_type=\"text-editor.default\">\n\t\t\t\t<div class=\"elementor-widget-container\">\n\t\t\t\t\t\t\t\t\t<p>P\u00e5 DROIX \u00e4r vi inte bara en vanlig onlinebutik &#8211; vi \u00e4r ett p\u00e5litligt namn inom prestandateknik, med hundratals n\u00f6jda kunder och m\u00e5nga \u00e5rs erfarenhet av handh\u00e5llna speldatorer, minidatorer, ultrabooks, Android-enheter och mycket mer. Med hundratals positiva verifierade recensioner talar v\u00e5r service f\u00f6r sig sj\u00e4lv. Vi \u00e4r stolta \u00f6ver att s\u00e4kerst\u00e4lla att den b\u00e4sta kundupplevelsen erbjuds, fr\u00e5n f\u00f6rsta klicket till support efter f\u00f6rs\u00e4ljning.  <\/p>\t\t\t\t\t\t\t\t<\/div>\n\t\t\t\t<\/div>\n\t\t\t\t<div class=\"elementor-element elementor-element-d5663c7 elementor-widget elementor-widget-image\" data-id=\"d5663c7\" data-element_type=\"widget\" data-widget_type=\"image.default\">\n\t\t\t\t<div class=\"elementor-widget-container\">\n\t\t\t\t\t\t\t\t\t\t\t\t\t\t\t<img loading=\"lazy\" decoding=\"async\" width=\"768\" height=\"768\" src=\"https:\/\/gpdstore.net\/wp-content\/uploads\/2025\/06\/DROIX-REVIEWS-768x768.png\" class=\"attachment-medium_large size-medium_large wp-image-1138455\" alt=\"\" srcset=\"https:\/\/gpdstore.net\/wp-content\/uploads\/2025\/06\/DROIX-REVIEWS-768x768.png 768w, https:\/\/gpdstore.net\/wp-content\/uploads\/2025\/06\/DROIX-REVIEWS-600x600.png 600w, https:\/\/gpdstore.net\/wp-content\/uploads\/2025\/06\/DROIX-REVIEWS-150x150.png 150w, https:\/\/gpdstore.net\/wp-content\/uploads\/2025\/06\/DROIX-REVIEWS-65x65.png 65w, https:\/\/gpdstore.net\/wp-content\/uploads\/2025\/06\/DROIX-REVIEWS-360x360.png 360w, https:\/\/gpdstore.net\/wp-content\/uploads\/2025\/06\/DROIX-REVIEWS-990x990.png 990w, https:\/\/gpdstore.net\/wp-content\/uploads\/2025\/06\/DROIX-REVIEWS-441x441.png 441w, https:\/\/gpdstore.net\/wp-content\/uploads\/2025\/06\/DROIX-REVIEWS-100x100.png 100w, https:\/\/gpdstore.net\/wp-content\/uploads\/2025\/06\/DROIX-REVIEWS.png 1200w\" sizes=\"(max-width: 768px) 100vw, 768px\" \/>\t\t\t\t\t\t\t\t\t\t\t\t\t\t\t<\/div>\n\t\t\t\t<\/div>\n\t\t\t\t\t<\/div>\n\t\t<\/div>\n\t\t\t\t\t<\/div>\n\t\t<\/section>\n\t\t\t\t<\/div>\n\t\t","protected":false},"excerpt":{"rendered":"<p>V\u00e4lkommen till DROIX-familjen av butiker Uppt\u00e4ck v\u00e5rt n\u00e4tverk av officiella DROIX onlinebutiker. Oavsett om du \u00e4r i Storbritannien, Europa eller n\u00e5gon annanstans i v\u00e4rlden har vi en dedikerad butik som hj\u00e4lper dig b\u00e4st &#8211; inklusive produktspecifika butiker f\u00f6r AYANEO och GPD handh\u00e5llna speldatorer V\u00e5r s\u00e4rskilda butik i Storbritannien \u00e4r utformad f\u00f6r att s\u00e4kerst\u00e4lla smidig best\u00e4llning [&hellip;]<\/p>\n","protected":false},"author":58,"featured_media":0,"parent":0,"menu_order":0,"comment_status":"closed","ping_status":"closed","template":"elementor_header_footer","meta":{"_acf_changed":false,"footnotes":""},"class_list":["post-1199235","page","type-page","status-publish","hentry"],"acf":[],"aioseo_notices":[],"_links":{"self":[{"href":"https:\/\/gpdstore.net\/sv\/wp-json\/wp\/v2\/pages\/1199235","targetHints":{"allow":["GET"]}}],"collection":[{"href":"https:\/\/gpdstore.net\/sv\/wp-json\/wp\/v2\/pages"}],"about":[{"href":"https:\/\/gpdstore.net\/sv\/wp-json\/wp\/v2\/types\/page"}],"author":[{"embeddable":true,"href":"https:\/\/gpdstore.net\/sv\/wp-json\/wp\/v2\/users\/58"}],"replies":[{"embeddable":true,"href":"https:\/\/gpdstore.net\/sv\/wp-json\/wp\/v2\/comments?post=1199235"}],"version-history":[{"count":0,"href":"https:\/\/gpdstore.net\/sv\/wp-json\/wp\/v2\/pages\/1199235\/revisions"}],"wp:attachment":[{"href":"https:\/\/gpdstore.net\/sv\/wp-json\/wp\/v2\/media?parent=1199235"}],"curies":[{"name":"wp","href":"https:\/\/api.w.org\/{rel}","templated":true}]}}