{"id":808719,"date":"2024-11-21T09:56:41","date_gmt":"2024-11-21T09:56:41","guid":{"rendered":"https:\/\/gpdstore.net\/?post_type=product&#038;p=808719"},"modified":"2025-12-23T10:03:54","modified_gmt":"2025-12-23T10:03:54","slug":"gpd-duo-protective-case","status":"publish","type":"product","link":"https:\/\/gpdstore.net\/sl\/product\/gpd-duo-protective-case\/","title":{"rendered":"Za\u0161\u010ditno ohi\u0161je GPD DUO"},"content":{"rendered":"\n<p>Za\u0161\u010ditite svoj GPD DUO v slogu z <strong>uradnim za\u0161\u010ditnim ovitkom GPD DUO<\/strong>. Ta eleganten in trpe\u017een etui, zasnovan izklju\u010dno za GPD DUO, ponuja popolno kombinacijo funkcionalnosti in za\u0161\u010dite. Ne glede na to, ali se vozite na delo, potujete ali preprosto shranjujete svojo napravo, ta etui zagotavlja, da bo va\u0161 GPD DUO ostal varen in za\u0161\u010diten.  <\/p>\n\n<p>Ovitek ima <strong>trpe\u017eno zunanjo stran iz tkanine<\/strong>, ki \u0161\u010diti napravo pred zunanjimi po\u0161kodbami, in <strong>mehko oblazinjeno notranjost<\/strong>, ki \u0161\u010diti pred praskami in udarci. Zaradi kompaktne zasnove zlahka sprejme va\u0161 GPD DUO, hkrati pa pu\u0161\u010da prostor za nujne dodatke. <\/p>\n\n<p>Kov\u010dek je opremljen z <strong>dvojnimi ro\u010daji za<\/strong> la\u017eje prena\u0161anje in <strong>nastavljivim naramnim pasom<\/strong>, kar vam omogo\u010da, da ga lahko nosite tako, kot vam najbolj ustreza. Zaradi lahke konstrukcije je idealen za uporabnike na poti, ki \u017eelijo zanesljivo za\u0161\u010dito brez nepotrebnega obsega. <\/p>\n\n<h3 class=\"wp-block-heading\"><strong>Klju\u010dne lastnosti:<\/strong><\/h3>\n\n<ul class=\"wp-block-list\">\n<li>Uradni izdelek GPD, zasnovan posebej za GPD DUO<\/li>\n\n\n\n<li>Trpe\u017ena zunanja tkanina za bolj\u0161o za\u0161\u010dito<\/li>\n\n\n\n<li>Mehka, oblazinjena notranjost \u0161\u010diti napravo pred praskami in udarci<\/li>\n\n\n\n<li>Dvojni ro\u010daji in nastavljiv ramenski trak za vsestransko no\u0161enje<\/li>\n\n\n\n<li>Kompaktna in lahka zasnova za maksimalno prenosljivost<\/li>\n<\/ul>\n\n<p>Svoj GPD DUO lahko brez skrbi vzamete s seboj kamor koli, saj veste, da je za\u0161\u010diten s kov\u010dkom, ki zdru\u017euje prakti\u010dnost, vzdr\u017eljivost in slog.<\/p>\n\n<p><\/p>\n","protected":false},"excerpt":{"rendered":"<ul>\n<li>Uradni izdelek <strong>GPD<\/strong> <\/li>\n<li>Zasnovan posebej za <strong>GPD DUO<\/strong><\/li>\n<li>Trpe\u017ena zunanja tkanina za bolj\u0161o za\u0161\u010dito<\/li>\n<li>Mehka, oblazinjena notranjost za prepre\u010devanje prask in udarcev<\/li>\n<li>Vklju\u010duje dvojne ro\u010daje in nastavljiv ramenski trak za vsestransko no\u0161enje<\/li>\n<\/ul>\n[cg_accordion title=\"INFORMACIJE O PLA\u010cILU\"]<\/p>\n<p>Uporabljamo najnovej\u0161o tehnologijo za obdelavo pla\u010dil, ki vam omogo\u010da, da se na blagajni naro\u010dite prek Apple Pay, Google Pay, debetne\/kreditne kartice, PayPal ali metod BNPL, kot so Klarna, Affirm ali AfterPay, kar zagotavlja hitro in varno izku\u0161njo.[\/cg_accordion]\n[cg_accordion title=\"GARANCIJA\"]<\/p>\n<p>2 leti garancije <a href=\"https:\/\/droix.net\/\" target=\"_blank\" rel=\"nofollow noopener\">DROIX Global<\/a> za va\u0161 mir[\/cg_accordion]\n[cg_accordion title=\"CENE, DAVKI IN PO\u0160ILJANJE\"]<\/p>\n<p><strong><u>Opomba:<\/u><\/strong><\/p>\n<ul>\n<li>Zdru\u017eene dr\u017eave Amerike Kupci: Prikazana cena NE vklju\u010duje davka in dajatev. Odgovornost za carinjenje in pla\u010dilo vseh povezanih davkov\/carin nosi kupec. <\/li>\n<li>Stranke iz EU: Prikazana cena vklju\u010duje veljavni davek, ki lahko zna\u0161a do 25 %, odvisno od va\u0161e dr\u017eave.<\/li>\n<li>Kanada Kupci: Prikazana cena vklju\u010duje veljavne davke, ki lahko vklju\u010dujejo 5 % davek na dodano vrednost (GST) in dodatne pokrajinske davke na prodajo (PST), harmonizirani davek na prodajo (HST) ali davek na prodajo v Quebecu (QST), odvisno od va\u0161e province.<\/li>\n<\/ul>\n<p><strong>Samo za stranke iz EU:<\/strong> Ekspresno DDP (dostavljeno s pla\u010dano dajatvijo). To pomeni: <\/p>\n<ul>\n<li>Vse carine in davki so vklju\u010deni v ceno, prikazano na strani izdelka.<\/li>\n<li>Ob dostavi vam ne bo treba pla\u010dati nobenih dodatnih stro\u0161kov.<\/li>\n<li>V redkih primerih te\u017eav, povezanih s carino, bo na\u0161a ekipa v va\u0161em imenu opravila postopek carinjenja in zagotovila nemoteno dostavo.<\/li>\n<p>Pomembne informacije o vra\u010dilih:<\/p>\n<li>\u010ce se odlo\u010dite vrniti naro\u010dilo ali zahtevate vra\u010dilo, se morate zavedati, da davkov in dajatev, pla\u010danih v va\u0161em imenu pod pogoji DDP, ni mogo\u010de vrniti.<\/li>\n<p>Podrobne informacije so na voljo v na\u0161ih Pogojih <a href=\"https:\/\/gpdstore.net\/sl\/terms-of-service\/\" target=\"_blank\" rel=\"nofollow noopener\">in dolo\u010dilih<\/a>.\n<\/ul>\n<p>[\/cg_accordion]\n[cg_accordion title=\"PODPORA STRANKAM\"]<\/p>\n<p>Imate vpra\u0161anje? Samo kratko besedilo nas lo\u010di od re\u0161itve va\u0161ega vpra\u0161anja!<br \/>\n[\/cg_accordion]\n[cg_accordion title=\"KAJ JE VKLJU\u010cENO\"]<\/p>\n<ul>\n<li>1x ohi\u0161je GPD DUO<\/li>\n<\/ul>\n<p>[\/cg_accordion]\n","protected":false},"featured_media":818188,"template":"","meta":{"_acf_changed":false},"product_brand":[],"product_cat":[5386],"product_tag":[15760],"woo-feed-brand":[],"class_list":{"0":"post-808719","1":"product","2":"type-product","3":"status-publish","4":"has-post-thumbnail","6":"product_cat-dodatki","7":"product_tag-20xmsale-sl-2","8":"product_shipping_class-low-end","9":"pa_accessory-type-zascitno-ohisje","10":"pa_brand-gpd","12":"first","13":"instock","14":"sale","15":"taxable","16":"shipping-taxable","17":"purchasable","18":"product-type-simple"},"acf":[],"aioseo_notices":[],"_links":{"self":[{"href":"https:\/\/gpdstore.net\/sl\/wp-json\/wp\/v2\/product\/808719","targetHints":{"allow":["GET"]}}],"collection":[{"href":"https:\/\/gpdstore.net\/sl\/wp-json\/wp\/v2\/product"}],"about":[{"href":"https:\/\/gpdstore.net\/sl\/wp-json\/wp\/v2\/types\/product"}],"wp:featuredmedia":[{"embeddable":true,"href":"https:\/\/gpdstore.net\/sl\/wp-json\/wp\/v2\/media\/818188"}],"wp:attachment":[{"href":"https:\/\/gpdstore.net\/sl\/wp-json\/wp\/v2\/media?parent=808719"}],"wp:term":[{"taxonomy":"product_brand","embeddable":true,"href":"https:\/\/gpdstore.net\/sl\/wp-json\/wp\/v2\/product_brand?post=808719"},{"taxonomy":"product_cat","embeddable":true,"href":"https:\/\/gpdstore.net\/sl\/wp-json\/wp\/v2\/product_cat?post=808719"},{"taxonomy":"product_tag","embeddable":true,"href":"https:\/\/gpdstore.net\/sl\/wp-json\/wp\/v2\/product_tag?post=808719"},{"taxonomy":"woo-feed-brand","embeddable":true,"href":"https:\/\/gpdstore.net\/sl\/wp-json\/wp\/v2\/woo-feed-brand?post=808719"}],"curies":[{"name":"wp","href":"https:\/\/api.w.org\/{rel}","templated":true}]}}