{"id":80329,"date":"2024-04-23T16:13:31","date_gmt":"2024-04-23T16:13:31","guid":{"rendered":"https:\/\/gpdstore.net\/nekategorizirano\/gpd-stylus-za-gpd-pocket-3-in-win-max-2\/"},"modified":"2025-11-24T11:26:42","modified_gmt":"2025-11-24T11:26:42","slug":"gpd-stylus","status":"publish","type":"product","link":"https:\/\/gpdstore.net\/sl\/product\/gpd-stylus\/","title":{"rendered":"GPD Stylus za GPD Pocket 3 in WIN MAX 2"},"content":{"rendered":"\n<p><br\/>Predstavljamo pisalo GPD: va\u0161e vrhunsko orodje za natan\u010dnost in udobje, zasnovano za izbolj\u0161anje funkcionalnosti GPD Pocket 3 in GPD Win Max 2 ter zdru\u017eljivo s \u0161tevilnimi drugimi modeli prenosnih in tabli\u010dnih ra\u010dunalnikov. Stylus je izdelan iz robustne aluminijeve zlitine in je oblikovan tako, da se udobno prilega va\u0161i roki, zato je idealen za dolgotrajno uporabo brez nelagodja. Pona\u0161a se z visoko ob\u010dutljivo, 4096-stopenjsko pritisk ob\u010dutljivo konico, izdelano iz mehke, pro\u017ene gume, ki zagotavlja, da je vsak poteg tako natan\u010den in odziven kot pisalo na papirju. Tak\u0161na stopnja natan\u010dnosti je idealna za \u0161tevilne dejavnosti, od skiciranja in urejanja fotografij do podrobnega dela s \u010dopi\u010dem in pisanja hitrih bele\u017ek.   <\/p>\n\n<p>Poleg natan\u010dnih zmogljivosti je pisalo GPD Stylus zasnovano tako, da ohranja va\u0161 zaslon v brezhibnem stanju zaradi gumijaste konice, ki \u0161\u010diti pred praskami in ne\u010disto\u010dami. Ni le funkcionalen, temve\u010d tudi lahek in priro\u010dno prenosljiv, opremljen s priro\u010dno zaponko za enostavno pritrditev v \u017eep ali etui &#8211; idealen za zaposlene profesionalce ali ustvarjalce na poti. S pisalom GPD Stylus &#8211; popolno kombinacijo prakti\u010dnosti in inovativne zasnove &#8211; izbolj\u0161ajte svoje digitalne interakcije, ne glede na to, ali brskate po aplikacijah, zajemate ideje ali raziskujete svojo umetni\u0161ko plat.  <\/p>\n","protected":false},"excerpt":{"rendered":"<ul>\n<li>Deluje z<strong> GPD Pocket 3 in<\/strong> <strong> GPD WIN MAX 2<\/strong><\/li>\n<li><strong>4096-stopenjska<\/strong> ob\u010dutljivost na tlak<\/li>\n<li>Eleganten in ergonomi\u010den<\/li>\n<li>Kovinska<strong> zaponka<\/strong><\/li>\n<li>Pisanje zapiskov in vnos znakov<\/li>\n<\/ul>\n<p> [cg_accordion title=\"INFORMACIJE O PLA\u010cILU\"] Uporabljamo najnovej\u0161o tehnologijo za obdelavo pla\u010dil, ki vam omogo\u010da, da se na blagajni naro\u010dite prek Apple Pay, Google Pay, debetne\/kreditne kartice, PayPal ali metod BNPL, kot so Klarna, Affirm ali AfterPay, kar zagotavlja hitro in varno izku\u0161njo.[\/cg_accordion] [cg_accordion title=\"GARANCIJA\"] 2-letna garancija podjetja <a href=\"https:\/\/droix.net\/\" target=\"_blank\" rel=\"nofollow noopener\">DROIX Global<\/a> za va\u0161 mir.[\/cg_accordion] [cg_accordion title=\"PRICING, TAXES AND SHIPPING\"] <strong><u>Opomba:<\/u><\/strong><\/p>\n<ul>\n<li>Zdru\u017eene dr\u017eave Amerike Kupci: Prikazana cena NE vklju\u010duje davka in dajatev. Odgovornost za carinjenje in pla\u010dilo vseh povezanih davkov\/carin nosi kupec. <\/li>\n<li>Stranke iz EU: Prikazana cena vklju\u010duje veljavni davek, ki lahko zna\u0161a do 25 %, odvisno od va\u0161e dr\u017eave.<\/li>\n<li>Kanada Kupci: Prikazana cena vklju\u010duje veljavne davke, ki lahko vklju\u010dujejo 5 % davek na dodano vrednost (GST) in dodatne pokrajinske davke na prodajo (PST), harmonizirani davek na prodajo (HST) ali davek na prodajo v Quebecu (QST), odvisno od va\u0161e province.<\/li>\n<\/ul>\n<p><strong>Samo za stranke iz EU:<\/strong> Ekspresno DDP (dostavljeno s pla\u010dano dajatvijo). To pomeni: <\/p>\n<ul>\n<li style=\"list-style-type: none;\">\n<ul>\n<li>Vse carine in davki so vklju\u010deni v ceno, prikazano na strani izdelka.<\/li>\n<li>Ob dostavi vam ne bo treba pla\u010dati nobenih dodatnih stro\u0161kov.<\/li>\n<li>V redkih primerih te\u017eav, povezanih s carino, bo na\u0161a ekipa v va\u0161em imenu opravila postopek carinjenja in zagotovila nemoteno dostavo.<\/li>\n<p>Pomembne informacije o vra\u010dilih:<\/p>\n<li>\u010ce se odlo\u010dite vrniti naro\u010dilo ali zahtevate vra\u010dilo, se morate zavedati, da davkov in dajatev, pla\u010danih v va\u0161em imenu pod pogoji DDP, ni mogo\u010de vrniti.<\/li>\n<p>Oglejte si na\u0161e<\/ul>\n<\/li>\n<\/ul>\n<p><a href=\"https:\/\/gpdstore.net\/sl\/terms-of-service\/\" target=\"_blank\" rel=\"nofollow noopener\">Pogoji in dolo\u010dila<\/a><\/p>\n<ul>za podrobne informacije.<\/ul>\n<p>[\/cg_accordion] [cg_accordion title=\"PODPORA STRANKAM\"]  Imate vpra\u0161anje? Samo kratko besedilo nas lo\u010di od re\u0161itve va\u0161ega vpra\u0161anja!   [\/cg_accordion] [cg_accordion title=\"WHAT'S INCLUDED\"]<\/p>\n<ul>\n<li>1x pisalo GPD<\/li>\n<\/ul>\n<p>[\/cg_accordion]<\/p>\n","protected":false},"featured_media":80476,"template":"","meta":{"_acf_changed":false},"product_brand":[],"product_cat":[5386],"product_tag":[15930,18036],"woo-feed-brand":[5638],"class_list":{"0":"post-80329","1":"product","2":"type-product","3":"status-publish","4":"has-post-thumbnail","6":"product_cat-dodatki","7":"product_tag-15xmsale-sl","8":"product_tag-gpd-wm2-akcesorij","9":"product_shipping_class-low-end","10":"pa_accessory-type-stylus-sl","11":"pa_brand-gpd","12":"woo-feed-brand-gpd-sl","14":"first","15":"instock","16":"sale","17":"taxable","18":"shipping-taxable","19":"purchasable","20":"product-type-variable","21":"has-default-attributes"},"acf":[],"aioseo_notices":[],"_links":{"self":[{"href":"https:\/\/gpdstore.net\/sl\/wp-json\/wp\/v2\/product\/80329","targetHints":{"allow":["GET"]}}],"collection":[{"href":"https:\/\/gpdstore.net\/sl\/wp-json\/wp\/v2\/product"}],"about":[{"href":"https:\/\/gpdstore.net\/sl\/wp-json\/wp\/v2\/types\/product"}],"wp:featuredmedia":[{"embeddable":true,"href":"https:\/\/gpdstore.net\/sl\/wp-json\/wp\/v2\/media\/80476"}],"wp:attachment":[{"href":"https:\/\/gpdstore.net\/sl\/wp-json\/wp\/v2\/media?parent=80329"}],"wp:term":[{"taxonomy":"product_brand","embeddable":true,"href":"https:\/\/gpdstore.net\/sl\/wp-json\/wp\/v2\/product_brand?post=80329"},{"taxonomy":"product_cat","embeddable":true,"href":"https:\/\/gpdstore.net\/sl\/wp-json\/wp\/v2\/product_cat?post=80329"},{"taxonomy":"product_tag","embeddable":true,"href":"https:\/\/gpdstore.net\/sl\/wp-json\/wp\/v2\/product_tag?post=80329"},{"taxonomy":"woo-feed-brand","embeddable":true,"href":"https:\/\/gpdstore.net\/sl\/wp-json\/wp\/v2\/woo-feed-brand?post=80329"}],"curies":[{"name":"wp","href":"https:\/\/api.w.org\/{rel}","templated":true}]}}