{"id":79925,"date":"2024-05-08T15:41:24","date_gmt":"2024-05-08T15:41:24","guid":{"rendered":"https:\/\/gpdstore.net\/nekategorizirano\/prikljucna-postaja-gpd-win-4\/"},"modified":"2025-12-23T10:18:00","modified_gmt":"2025-12-23T10:18:00","slug":"gpd-win-4-docking-station","status":"publish","type":"product","link":"https:\/\/gpdstore.net\/sl\/product\/gpd-win-4-docking-station\/","title":{"rendered":"Priklju\u010dna postaja GPD WIN 4"},"content":{"rendered":"\n<h3 class=\"wp-block-heading\"><strong>Svoj GPD WIN 4 spremenite v namizni ra\u010dunalnik z uradno priklopno postajo<\/strong><\/h3>\n\n<p>S priklopno postajo GPD WIN 4 povzdignite svojo izku\u0161njo igranja ro\u010dnih iger na raven namiznega ra\u010dunalnika. Ta nepogre\u0161ljivi dodatek ne le raz\u0161iri mo\u017enosti povezovanja, temve\u010d tudi izbolj\u0161a funkcionalnost va\u0161e naprave in jo spremeni v popolnoma opremljen namizni ra\u010dunalnik. <\/p>\n\n<h3 class=\"wp-block-heading\"><strong>Izbolj\u0161ana povezljivost USB<\/strong><\/h3>\n\n<p>Priklju\u010dna postaja GPD WIN 4 je opremljena s tremi priklju\u010dki USB 3.2 Gen 2 tipa A, ki zagotavljajo hitrosti do 10 Gb\/s za priklju\u010ditev razli\u010dnih perifernih naprav, kot so tipkovnice, mi\u0161ke in hitre zunanje pomnilni\u0161ke naprave.<\/p>\n\n<p>Ima tudi vrata USB 3.2 Gen 2 Type-C, ki so zasnovana za hitro polnjenje in podpirajo zmogljive polnilnike za hitro polnjenje va\u0161e naprave.<\/p>\n\n<h3 class=\"wp-block-heading\"><strong>Vrhunske mo\u017enosti prikaza<\/strong><\/h3>\n\n<p>Do\u017eivite sliko visoke lo\u010dljivosti, \u010de svoj GPD WIN 4 prek vrat HDMI 2.0 pove\u017eete z zunanjim monitorjem ali televizorjem. S to nastavitvijo lahko zaslon GPD WIN 4 uporabljate kot sekundarni zaslon, kar izbolj\u0161a va\u0161o produktivnost in igralno izku\u0161njo z mo\u017enostjo dveh zaslonov. <\/p>\n\n<h3 class=\"wp-block-heading\"><strong>Hitra in varna internetna povezava<\/strong><\/h3>\n\n<p>Priklju\u010dna postaja vklju\u010duje ethernetni priklju\u010dek RJ45 s hitrostjo 1 Gb\/s, ki zagotavlja hitro in varno povezavo za pretakanje, igranje iger in prenos podatkov ter presega brez\u017ei\u010dne hitrosti in varnost.<\/p>\n\n<h3 class=\"wp-block-heading\"><strong>Kompaktna zasnova za najve\u010djo prenosljivost<\/strong><\/h3>\n\n<p>Priklju\u010dna postaja GPD WIN 4 se pona\u0161a s kompaktno obliko, saj meri le 3,4 x 5,6 x 3,2 palca in tehta le 224 g. Zaradi tega je neverjetno prenosna in jo je enostavno vklju\u010diti v vsak delovni prostor brez nereda. Njegova zasnova vklju\u010duje snemljivo hrbtno stran, ki omogo\u010da enostavno priklju\u010ditev in prevoz priklopne postaje in naprave.  <\/p>\n\n<p>Poleg tega je zaradi zasnove priklopne postaje drugi priklju\u010dek USB tipa C na GPD WIN 4 prost, tako da lahko nanj priklju\u010dite zmogljive periferne naprave, kot je zunanji grafi\u010dni procesor, in tako \u0161e izbolj\u0161ate svojo konfiguracijo.<\/p>\n\n<h3 class=\"wp-block-heading\"><strong>Prednosti in slabosti priklopne postaje GPD WIN 4<\/strong><\/h3>\n\n<h3 class=\"wp-block-heading\"><strong>Prednosti:<\/strong><\/h3>\n\n<ul class=\"wp-block-list\">\n<li>Ve\u010d priklju\u010dkov USB 3.2 Gen 2 tipa A za razli\u010dne periferne naprave<\/li>\n\n\n\n<li>Izhod HDMI 2.0 za zunanje monitorje ali televizorje<\/li>\n\n\n\n<li>Hitri 1Gbps Ethernet za zanesljivo internetno povezljivost<\/li>\n\n\n\n<li>Vrata USB tipa C za hitro polnjenje naprave<\/li>\n<\/ul>\n\n<h3 class=\"wp-block-heading\"><strong>Proti:<\/strong><\/h3>\n\n<ul class=\"wp-block-list\">\n<li>nima dodatnih vrat USB tipa C za periferne povezave<\/li>\n<\/ul>\n\n<h3 class=\"wp-block-heading\"><strong>Prednosti uporabe priklopne postaje<\/strong><\/h3>\n\n<p>Priklju\u010dna postaja poenostavi va\u0161 delovni proces, saj prenosni ra\u010dunalnik z enim kablom pove\u017ee z ve\u010d perifernimi napravami. To ne pomaga le pri urejanju delovnega prostora, temve\u010d tudi pove\u010duje va\u0161o produktivnost, saj omogo\u010da nastavitve z dvema zaslonoma. Poleg tega zmanj\u0161uje obrabo vrat va\u0161e naprave in s tem podalj\u0161uje \u017eivljenjsko dobo naprave GPD WIN 4, saj zmanj\u0161uje potrebo po pogostem priklju\u010devanju in izklju\u010devanju ve\u010d kablov.  <\/p>\n\n<p>Vlagajte v priklopno postajo GPD WIN 4 \u0161e danes, da spremenite svojo igralno konfiguracijo in racionalizirate svoj delovni prostor, tako da va\u0161 GPD WIN 4 ne bo le igralni pripomo\u010dek, temve\u010d celovita delovna postaja.<\/p>\n","protected":false},"excerpt":{"rendered":"<ul>\n<li>Shranjevanje in polnjenje naprave <strong>GPD WIN 4<\/strong><\/li>\n<li>Ro\u010dni ra\u010dunalnik spremenite v <strong>namizni ra\u010dunalnik<\/strong><\/li>\n<li>Pove\u017eite vse periferne naprave.<\/li>\n<li>Uradna dock postaja GPD, zasnovana za <strong>GPD WIN 4<\/strong><\/li>\n<li>Majhen, lahek in primeren za potovanje<\/li>\n<\/ul>\n[cg_accordion title=\"INFORMACIJE O PLA\u010cILU\"]<\/p>\n<p>Uporabljamo najnovej\u0161o tehnologijo za obdelavo pla\u010dil, ki vam omogo\u010da, da se na blagajno prijavite s svojo debetno\/kreditno kartico ali storitvijo PayPal, kar zagotavlja hitro in varno izku\u0161njo.[\/cg_accordion]\n[cg_accordion title=\"GARANCIJA\"]<\/p>\n<p>2 leti garancije <a href=\"https:\/\/droix.net\/\" target=\"_blank\" rel=\"nofollow noopener\">DROIX Global za<\/a> va\u0161 mir[\/cg_accordion]\n[cg_accordion title=\"CENE, DAVKI IN PO\u0160ILJANJE\"]<\/p>\n<p><strong><u>Opomba:<\/u><\/strong><br \/>\n &#8211; Kupci iz Zdru\u017eenih dr\u017eav Amerike: Prikazana cena vklju\u010duje vse veljavne davke.<br \/>\n &#8211; Stranke iz EU: Prikazana cena vklju\u010duje veljavni davek, ki lahko zna\u0161a do 25 %, odvisno od va\u0161e dr\u017eave.<br \/>\n &#8211; Stranke iz Kanade: Prikazana cena vklju\u010duje veljavne davke, ki lahko vklju\u010dujejo 5 % davek na dodano vrednost (GST) in dodatne pokrajinske davke na prodajo (PST), harmonizirani davek na prodajo (HST) ali davek na prodajo v Quebecu (QST), odvisno od va\u0161e province.[\/cg_accordion]\n[cg_accordion title=\"PO\u0160ILJANJE IN VRA\u010cILA\"]<\/p>\n<p>Organizira <a href=\"https:\/\/droix.net\/\" target=\"_blank\" rel=\"nofollow noopener\">DroiX,<\/a> uradni distributer GPD, po\u0161iljamo z DHL Express DDP (Delivered Duty Paid). To pomeni: <\/p>\n<p>Hitro DDP (dostavljeno s pla\u010dano dajatvijo). To pomeni:<br \/>\n &#8211; Vse carine in davki so vklju\u010deni v ceno, prikazano na strani izdelka.<br \/>\n &#8211; Ob dostavi vam ne bo treba pla\u010dati nobenih dodatnih stro\u0161kov.<br \/>\n &#8211; V redkih primerih te\u017eav, povezanih s carino, bo na\u0161a ekipa v va\u0161em imenu poskrbela za postopek carinjenja in tako zagotovila nemoteno dostavo. <\/p>\n<p>Pomembne informacije o vra\u010dilih:<br \/>\n &#8211; \u010ce se odlo\u010dite vrniti naro\u010dilo ali zahtevate vra\u010dilo, se zavedajte, da davkov in dajatev, pla\u010danih v va\u0161em imenu pod pogoji DDP, ni mogo\u010de vrniti.<\/p>\n<p>Podrobne informacije <a href=\"https:\/\/gpdstore.net\/sl\/terms-of-service\/\" target=\"_blank\" rel=\"nofollow noopener\">so na voljo v na\u0161ih Pogojih in dolo\u010dilih<\/a>.[\/cg_accordion]\n[cg_accordion title=\"KAJ JE VKLJU\u010cENO\"]<\/p>\n<ul>\n<li>1x GPD WIN 4 Dock<\/li>\n<\/ul>\n<p>[\/cg_accordion]\n","protected":false},"featured_media":80013,"template":"","meta":{"_acf_changed":false},"product_brand":[],"product_cat":[5386],"product_tag":[6072],"woo-feed-brand":[5638],"class_list":{"0":"post-79925","1":"product","2":"type-product","3":"status-publish","4":"has-post-thumbnail","6":"product_cat-dodatki","7":"product_tag-gpd-win-4-accessory-sl-2","8":"product_shipping_class-low-end","9":"product_shipping_class-standard","11":"pa_accessory-type-prikljucna-postaja","12":"pa_brand-gpd","13":"woo-feed-brand-gpd-sl","15":"first","16":"outofstock","17":"taxable","18":"shipping-taxable","19":"purchasable","20":"product-type-variable","21":"has-default-attributes"},"acf":[],"aioseo_notices":[],"_links":{"self":[{"href":"https:\/\/gpdstore.net\/sl\/wp-json\/wp\/v2\/product\/79925","targetHints":{"allow":["GET"]}}],"collection":[{"href":"https:\/\/gpdstore.net\/sl\/wp-json\/wp\/v2\/product"}],"about":[{"href":"https:\/\/gpdstore.net\/sl\/wp-json\/wp\/v2\/types\/product"}],"wp:featuredmedia":[{"embeddable":true,"href":"https:\/\/gpdstore.net\/sl\/wp-json\/wp\/v2\/media\/80013"}],"wp:attachment":[{"href":"https:\/\/gpdstore.net\/sl\/wp-json\/wp\/v2\/media?parent=79925"}],"wp:term":[{"taxonomy":"product_brand","embeddable":true,"href":"https:\/\/gpdstore.net\/sl\/wp-json\/wp\/v2\/product_brand?post=79925"},{"taxonomy":"product_cat","embeddable":true,"href":"https:\/\/gpdstore.net\/sl\/wp-json\/wp\/v2\/product_cat?post=79925"},{"taxonomy":"product_tag","embeddable":true,"href":"https:\/\/gpdstore.net\/sl\/wp-json\/wp\/v2\/product_tag?post=79925"},{"taxonomy":"woo-feed-brand","embeddable":true,"href":"https:\/\/gpdstore.net\/sl\/wp-json\/wp\/v2\/woo-feed-brand?post=79925"}],"curies":[{"name":"wp","href":"https:\/\/api.w.org\/{rel}","templated":true}]}}