{"id":77147,"date":"2024-08-12T15:14:19","date_gmt":"2024-08-12T15:14:19","guid":{"rendered":"https:\/\/gpdstore.net\/nekategorizirano\/droix-nh8-usb-hub-z-nvme\/"},"modified":"2025-12-23T10:14:38","modified_gmt":"2025-12-23T10:14:38","slug":"droix-nh8-nvme-usb-hub","status":"publish","type":"product","link":"https:\/\/gpdstore.net\/sl\/product\/droix-nh8-nvme-usb-hub\/","title":{"rendered":"DroiX NH8 USB Hub z NVMe"},"content":{"rendered":"\n<h3 class=\"wp-block-heading\">Predstavljamo vozli\u0161\u010de DroiX NH8 z re\u017eo NVMe: va\u0161a ultimativna re\u0161itev za povezljivost!<\/h3>\n\n<h3 class=\"wp-block-heading\">Svetlobno hiter gigabitni ethernet<\/h3>\n\n<p>Z vozli\u0161\u010dem DroiX NH8 Hub vstopite v prihodnost internetne povezljivosti! To vozli\u0161\u010de ima robustna vrata 10\/100\/1000M RJ45 Gigabit Ethernet in zagotavlja bliskovito hitro, stabilno in izjemno zanesljivo internetno povezavo. Ne glede na to, ali igrate igre, pretakate vsebine ali opravljate pomemben video klic, izkusite gladko delovanje brez zamikov, ki ga lahko zagotovi le \u017ei\u010dna povezava. Poslovite se od te\u017eav z Wi-Fi in pozdravite stalen dostop z visoko hitrostjo!   <\/p>\n\n<h3 class=\"wp-block-heading\">Dih jemajo\u010d video izhod<\/h3>\n\n<p>S podporo HDMI 2.0 v vozli\u0161\u010du DroiX NH8 spremenite svojo vizualno izku\u0161njo. Ne glede na to, ali se potapljate v film 4K, predstavljate stranki ali igrate igre v visoki lo\u010dljivosti, vozli\u0161\u010de prikazuje osupljive slike v lo\u010dljivosti 4096 \u00d7 2160 z gladko frekvenco osve\u017eevanja 60 Hz. Pripravite se, da vas o\u010darajo \u017eivahne barve in ostre podrobnosti, ki vas bodo posrkale v vsak kader.  <\/p>\n\n<h3 class=\"wp-block-heading\">Nezahtevna raz\u0161iritev prostora za shranjevanje<\/h3>\n\n<p>Imate premalo prostora za shranjevanje? Vozli\u0161\u010de DroiX NH8 vam je na voljo. Z vgrajeno re\u017eo PCIe NVMe raz\u0161iritev shrambe \u0161e nikoli ni bila tako enostavna. Ta re\u017ea je idealna za visokozmogljive aplikacije ali shranjevanje velikih datotek, saj podpira izjemno visoke hitrosti prenosa podatkov, kar zagotavlja, da va\u0161 sistem deluje nemoteno in u\u010dinkovito. Prilagodite pomnilnik svojim potrebam in poskrbite, da bo va\u0161a naprava delovala najbolje.    <\/p>\n\n<h3 class=\"wp-block-heading\">Prenos podatkov pri visoki hitrosti<\/h3>\n\n<p>Potrebujete hiter prenos velikih datotek? Vozli\u0161\u010de DroiX NH8 ima vrata USB tipa A 3.0, ki zagotavljajo visoke hitrosti prenosa podatkov, zato je upravljanje datotek enostavno. Ne glede na to, ali povezujete periferne naprave, polnite naprave ali prena\u0161ate podatke, to vozli\u0161\u010de zagotavlja, da je vse opravljeno hitro in u\u010dinkovito, kar vam prihrani dragoceni \u010das.  <\/p>\n\n<h3 class=\"wp-block-heading\">Univerzalna zdru\u017eljivost USB tipa C<\/h3>\n\n<p>Vozli\u0161\u010de DroiX NH8 je opremljeno z vsestranskim kablom USB Type-C, ki zagotavlja univerzalno zdru\u017eljivost s \u0161tevilnimi napravami. Ta vsestranski kabel ne podpira le hitrega prenosa podatkov, temve\u010d tudi u\u010dinkovito polnjenje, zato je nepogre\u0161ljiv spremljevalec za va\u0161e potrebe po povezljivosti. Ni\u010d ve\u010d se ne ubadajte z ve\u010d kabli &#8211; ostanite povezani z lahkoto.  <\/p>\n\n<h3 class=\"wp-block-heading\">Brezhiben dostop do medijev<\/h3>\n\n<p>Z vgrajenim bralnikom kartic SD v vozli\u0161\u010du DroiX NH8 Hub lahko brez te\u017eav dostopate do medijev in jih prena\u0161ate. Ta funkcija podpira kartice Micro SD in SD ter vam omogo\u010da hitro varnostno kopiranje ali dostop do datotek, pa naj gre za fotografije, videoposnetke ali pomembne dokumente. Priro\u010dnost \u0161e nikoli ni bila tako dostopna.  <\/p>\n\n<h3 class=\"wp-block-heading\">Neprekosljiva vsestranskost<\/h3>\n\n<p>Vozli\u0161\u010de DroiX NH8 Hub resni\u010dno odlikuje neprimerljiva vsestranskost. To vozli\u0161\u010de je zasnovano za brezhibno delovanje s \u0161tevilnimi napravami USB Type-C &#8211; ne glede na to, ali gre za osebne ra\u010dunalnike, mini ra\u010dunalnike, prenosnike, ro\u010dne igralne naprave ali druge &#8211; in se prilagodi va\u0161im potrebam ter zagotavlja vrhunsko zmogljivost na vseh podro\u010djih. To ni le vozli\u0161\u010de, temve\u010d tudi zmogljivost povezovanja.  <\/p>\n\n<h3 class=\"wp-block-heading\">Zaklju\u010dek: Izbolj\u0161ajte svoje izku\u0161nje s povezljivostjo<\/h3>\n\n<p>Vozli\u0161\u010de DroiX NH8 je ve\u010d kot le orodje za povezovanje; je celovita re\u0161itev, zasnovana za izpolnjevanje razli\u010dnih potreb dana\u0161njih tehni\u010dno podkovanih uporabnikov. Vsaka funkcija je odraz vrhunske zasnove, izjemne zmogljivosti in naprednega pristopa k povezljivosti. Izbolj\u0161ajte svojo izku\u0161njo in spremenite na\u010din povezovanja z vozli\u0161\u010dem DroiX NH8!  <\/p>\n\n<p>Ve\u010d informacij najdete v vodniku <strong>Za\u010detek uporabe vozli\u0161\u010da USB Droix NH8<\/strong>.<\/p>\n\n<p><\/p>\n","protected":false},"excerpt":{"rendered":"<ul>\n<li>DroiX<strong> NH8 <\/strong>USB Hub z NVMe<\/li>\n<li><strong>10\/100\/1000M<\/strong> gigabitni ethernet<\/li>\n<li><strong>Vgrajena re\u017ea PCIe NVMe za<\/strong> raz\u0161iritev pomnilnika<\/li>\n<li><strong>Izhod zaslona 4K<\/strong> prek vmesnika HDMI<\/li>\n<li><strong>Vti\u010dnica za kartice MicroSD \/ SD<\/strong> &#8211; do 5 Gb\/s<\/li>\n<\/ul>\n[cg_accordion title=\"INFORMACIJE O PLA\u010cILU\"]<\/p>\n<p>Uporabljamo najnovej\u0161o tehnologijo za obdelavo pla\u010dil, ki vam omogo\u010da, da se na blagajno prijavite s svojo debetno\/kreditno kartico ali storitvijo PayPal, kar zagotavlja hitro in varno izku\u0161njo.[\/cg_accordion]\n[cg_accordion title=\"GARANCIJA\"]<\/p>\n<p>2 leti garancije <a href=\"https:\/\/droix.net\/\" target=\"_blank\" rel=\"nofollow noopener\">DROIX Global za<\/a> va\u0161 mir[\/cg_accordion]\n[cg_accordion title=\"ZAGOTAVLJANJE KAKOVOSTI IN TESTIRANJE PRED ODPREMO\"]<\/p>\n<p>Zagotavljanje zadovoljstva strank na najvi\u0161ji ravni: Vsaka naprava je pred odpremo strogo preizku\u0161ena in preverjena v ve\u010d to\u010dkah za zagotavljanje kakovosti. Na\u0161a predana ekipa preveri delovanje, funkcionalnost in celovitost komponent, s \u010dimer zagotovimo, da bo va\u0161a naprava GPD ob prihodu v popolnem delovnem stanju, kar vam zagotavlja zaupanje in mir v du\u0161i. [\/cg_accordion]\n[cg_accordion title=\"CENE, DAVKI IN PO\u0160ILJANJE\"]<\/p>\n<p><strong><u>Opomba:<\/u><\/strong><\/p>\n<ul>\n<li>Zdru\u017eene dr\u017eave Amerike Kupci: Prikazana cena NE vklju\u010duje davka in dajatev. Odgovornost za carinjenje in pla\u010dilo vseh povezanih davkov\/carin nosi kupec. <\/li>\n<li>Stranke iz EU: Prikazana cena vklju\u010duje veljavni davek, ki lahko zna\u0161a do 25 %, odvisno od va\u0161e dr\u017eave.<\/li>\n<li>Kanada Kupci: Prikazana cena vklju\u010duje veljavne davke, ki lahko vklju\u010dujejo 5 % davek na dodano vrednost (GST) in dodatne pokrajinske davke na prodajo (PST), harmonizirani davek na prodajo (HST) ali davek na prodajo v Quebecu (QST), odvisno od va\u0161e province.<\/li>\n<\/ul>\n<p><strong>Samo za stranke iz EU:<\/strong> Ekspresno DDP (dostavljeno s pla\u010dano dajatvijo). To pomeni: <\/p>\n<ul>\n<li>Vse carine in davki so vklju\u010deni v ceno, prikazano na strani izdelka.<\/li>\n<li>Ob dostavi vam ne bo treba pla\u010dati nobenih dodatnih stro\u0161kov.<\/li>\n<li>V redkih primerih te\u017eav, povezanih s carino, bo na\u0161a ekipa v va\u0161em imenu opravila postopek carinjenja in zagotovila nemoteno dostavo.<\/li>\n<p>Pomembne informacije o vra\u010dilih:<\/p>\n<li>\u010ce se odlo\u010dite vrniti naro\u010dilo ali zahtevate vra\u010dilo, se morate zavedati, da davkov in dajatev, pla\u010danih v va\u0161em imenu pod pogoji DDP, ni mogo\u010de vrniti.<\/li>\n<p>Podrobne informacije <a href=\"https:\/\/droix.net\/terms-and-conditions\/\" target=\"_blank\" rel=\"nofollow noopener\">so na voljo v na\u0161ih Pogojih in dolo\u010dilih<\/a>.\n<\/ul>\n<p>[\/cg_accordion]\n[cg_accordion title=\"PODPORA STRANKAM\"]<\/p>\n<p>Imate vpra\u0161anje? Samo kratko besedilo nas lo\u010di od re\u0161itve va\u0161ega vpra\u0161anja! <\/p>\n<p>Podrobne informacije <a href=\"https:\/\/gpdstore.net\/sl\/terms-of-service\/\" target=\"_blank\" rel=\"nofollow noopener\">so na voljo v na\u0161ih Pogojih in dolo\u010dilih<\/a>.\n<\/ul>\n<p>[\/cg_accordion]\n[cg_accordion title=\"KAJ JE VKLJU\u010cENO\"]<\/p>\n<ul>\n<li>1x DroiX NH8 USB Hub z NVMe<\/li>\n<\/ul>\n<p>[\/cg_accordion]\n","protected":false},"featured_media":77165,"template":"","meta":{"_acf_changed":false},"product_brand":[],"product_cat":[5386],"product_tag":[14793,6000],"woo-feed-brand":[5498],"class_list":{"0":"post-77147","1":"product","2":"type-product","3":"status-publish","4":"has-post-thumbnail","6":"product_cat-dodatki","7":"product_tag-40xmsale-sl","8":"product_tag-droix-hub-sl","9":"product_shipping_class-low-end","10":"pa_brand-droix","11":"pa_i-o-video-1x-hdmi-sl","12":"woo-feed-brand-droix-sl","14":"first","15":"outofstock","16":"sale","17":"taxable","18":"shipping-taxable","19":"purchasable","20":"product-type-variable","21":"has-default-attributes"},"acf":[],"aioseo_notices":[],"_links":{"self":[{"href":"https:\/\/gpdstore.net\/sl\/wp-json\/wp\/v2\/product\/77147","targetHints":{"allow":["GET"]}}],"collection":[{"href":"https:\/\/gpdstore.net\/sl\/wp-json\/wp\/v2\/product"}],"about":[{"href":"https:\/\/gpdstore.net\/sl\/wp-json\/wp\/v2\/types\/product"}],"wp:featuredmedia":[{"embeddable":true,"href":"https:\/\/gpdstore.net\/sl\/wp-json\/wp\/v2\/media\/77165"}],"wp:attachment":[{"href":"https:\/\/gpdstore.net\/sl\/wp-json\/wp\/v2\/media?parent=77147"}],"wp:term":[{"taxonomy":"product_brand","embeddable":true,"href":"https:\/\/gpdstore.net\/sl\/wp-json\/wp\/v2\/product_brand?post=77147"},{"taxonomy":"product_cat","embeddable":true,"href":"https:\/\/gpdstore.net\/sl\/wp-json\/wp\/v2\/product_cat?post=77147"},{"taxonomy":"product_tag","embeddable":true,"href":"https:\/\/gpdstore.net\/sl\/wp-json\/wp\/v2\/product_tag?post=77147"},{"taxonomy":"woo-feed-brand","embeddable":true,"href":"https:\/\/gpdstore.net\/sl\/wp-json\/wp\/v2\/woo-feed-brand?post=77147"}],"curies":[{"name":"wp","href":"https:\/\/api.w.org\/{rel}","templated":true}]}}