{"id":72419,"date":"2024-05-17T08:24:33","date_gmt":"2024-05-17T08:24:33","guid":{"rendered":"https:\/\/gpdstore.net\/nekategorizirano\/prikljucna-postaja-gpd-g1-2023-egpu\/"},"modified":"2025-12-23T10:18:49","modified_gmt":"2025-12-23T10:18:49","slug":"gpd-g1-2023-egpu-docking-station","status":"publish","type":"product","link":"https:\/\/gpdstore.net\/sl\/product\/gpd-g1-2023-egpu-docking-station\/","title":{"rendered":"GPD G1 (2023) Priklju\u010dna postaja eGPU"},"content":{"rendered":"\n<h3 class=\"wp-block-heading\">Predstavljamo GPD G1: Priklju\u010dna postaja z zunanjim grafi\u010dnim procesorjem<\/h3>\n\n<p>Z revolucionarno priklopno postajo GPD G1 omogo\u010dite vrhunsko igralno izku\u0161njo. Ta inovativna naprava, zasnovana za izbolj\u0161anje zmogljivosti igranja, je zdru\u017eljiva s prihajajo\u010dimi napravami GPD WIN MAX 2 2023, GPD Mini in posodobljeno GPD WIN 4 2023, ki podpira Oculink. GPD G1 ponuja zdru\u017eljivost z Oculinkom in USB 4.0, zato prina\u0161a vsestranskost in priro\u010dnost v va\u0161o igralno konfiguracijo.  <\/p>\n\n<h3 class=\"wp-block-heading\">Zmogljiva grafi\u010dna procesna enota<\/h3>\n\n<p>V jedru dokovalne postaje GPD G1 je grafi\u010dni procesor AMD Radeon RX 7600M XT, ki uporablja najnovej\u0161o arhitekturo RDNA 3.0. Ta zunanji grafi\u010dni procesor s povezljivostjo Oculink zagotavlja osupljive vizualne u\u010dinke in izjemno zmogljivost. Ne glede na to, ali raziskujete prostrane svetove ali ste v vro\u010dici bitke, GPD G1 zagotavlja, da je vsaka podrobnost upodobljena z natan\u010dnostjo. Z osnovnim taktom 1500 MHz, igralnim taktom 2300 MHz in pospe\u0161evalnim taktom 2615 MHz GPD G1 zagotavlja mo\u010d, ki je potrebna za prevlado v vsaki igri.   <\/p>\n\n<h3 class=\"wp-block-heading\">Gladko in odzivno igranje<\/h3>\n\n<p>GPD G1 je opremljen z 8 GB pomnilnika GDDR6, zato omogo\u010da nemoteno ve\u010dopravilnost in gladko igranje iger. Pomnilni\u0161ki takt 2250 MHz zagotavlja hiter \u010das nalaganja in minimalen zamik. Poslovite se od zastojev pri prikazu sli\u010dic in u\u017eivajte v neprekinjenih igralnih seansah. S podporo USB 4.0 GPD G1 izpolnjuje va\u0161e igralne zahteve in zagotavlja vrhunsko zmogljivost za va\u0161e najljub\u0161e igre.   <\/p>\n\n<h3 class=\"wp-block-heading\">Sprostite svojo povezljivost<\/h3>\n\n<p>Dock GPD G1 ponuja obse\u017ene mo\u017enosti povezovanja z vrati Oculink (SFF-8612) in USB 4, kar zagotavlja zdru\u017eljivost s \u0161tevilnimi napravami, vklju\u010dno s Thunderbolt 3 in Thunderbolt 4. Enostavno pove\u017eite svoj GPD WIN MAX 2 2023, GPD Mini ali posodobljeni GPD WIN 4 prek povezave Oculink in izkusite izbolj\u0161ano igranje iger. GPD G1 podpira tudi USB 4, kar omogo\u010da izbolj\u0161ano grafiko na razli\u010dnih sistemih.  <\/p>\n\n<h3 class=\"wp-block-heading\">Raz\u0161irite svoja vizualna obzorja<\/h3>\n\n<p>Raz\u0161irite svoje vizualne nastavitve z obse\u017enim naborom video priklju\u010dkov na GPD G1. S priklju\u010dkom HDMI 2.1 in dvema priklju\u010dkoma DisplayPort 1.4a lahko priklju\u010dite do tri zunanje zaslone za panoramsko igralno izku\u0161njo. S pomo\u010djo GPD G1 eGPU se potopite v dogajanje in o\u017eivite svoje igre z neprimerljivim realizmom.  <\/p>\n\n<h3 class=\"wp-block-heading\">Brezhibno prena\u0161anje podatkov<\/h3>\n\n<p>Priklju\u010dna postaja GPD G1 vklju\u010duje tri vrata USB 3.2 za enostavne priklju\u010dke perifernih naprav, s katerimi boste lahko organizirali svojo igralno opremo. Vrata SD 4.0 omogo\u010dajo hiter prenos datotek in dostop do medijev. Pove\u017eite se z gostiteljsko napravo USB4 in pove\u010dajte hitrosti prenosa podatkov.  <\/p>\n\n<h3 class=\"wp-block-heading\">U\u010dinkovito hlajenje za najve\u010djo zmogljivost<\/h3>\n\n<p>Aktivni hladilni sistem GPD G1 u\u010dinkovito odvaja toploto in zagotavlja stabilno temperaturo grafi\u010dnega procesorja med intenzivnim igranjem iger. Poslovite se od pregrevanja in u\u017eivajte v neprekinjenem igranju, saj mehanizem zra\u010dnega hlajenja vzdr\u017euje optimalno zmogljivost sistema. <\/p>\n\n<h3 class=\"wp-block-heading\">Brezkompromisno napajanje<\/h3>\n\n<p>Priklju\u010dna postaja GPD G1 ima vgrajen 240W napajalnik GaN, ki zagotavlja zanesljivo napajanje grafi\u010dnega procesorja. S skupno grafi\u010dno mo\u010djo 120 W je GPD G1 optimiziran za visokozmogljive igre, saj hitro in natan\u010dno upodablja grafiko. <\/p>\n\n<h3 class=\"wp-block-heading\">Kompaktna zasnova, velika zmogljivost<\/h3>\n\n<p>Kljub kompaktnim meram (225 \u00d7 111 \u00d7 30 mm) in lahki konstrukciji (0,92 kg) je GPD G1 zelo zmogljiv. Doma, na poti ali na igralnih dogodkih je GPD G1 prenosna mo\u010d za vse igralne navdu\u0161ence. <\/p>\n\n<h3 class=\"wp-block-heading\">Zaklju\u010dek<\/h3>\n\n<p>Priklju\u010dna postaja GPD G1 eGPU je vrhunski pripomo\u010dek za igralce, ki i\u0161\u010dejo mo\u010d, vsestranskost in priro\u010dnost. Ta priklopna postaja je zdru\u017eljiva s prihajajo\u010dimi modeli GPD WIN MAX 2 2023, GPD Mini in posodobljenim GPD WIN 4 ter podpira Oculink in USB 4.0, zato ponuja neprimerljivo povezljivost. Grafi\u010dni procesor AMD Radeon RX 7600M XT zagotavlja dih jemajo\u010do vizualno podobo in zmogljivost, 8 GB pomnilnika GDDR6 pa podpira gladko in odzivno igranje iger. Raz\u0161irite svoje vizualne nastavitve, u\u017eivajte v brezhibnem prenosu podatkov ter izkoristite prednosti u\u010dinkovitega hlajenja in zanesljivega napajanja. Izbolj\u0161ajte svojo igralno izku\u0161njo s priklopno postajo GPD G1.    <\/p>\n\n<h3 class=\"wp-block-heading\">Prednosti in slabosti<\/h3>\n\n<p><strong>Prednosti:<\/strong><\/p>\n\n<ul class=\"wp-block-list\">\n<li><strong>Vsestranska zdru\u017eljivost:<\/strong> podpira GPD WIN MAX 2 2024, GPD Mini 2024, posodobljena GPD WIN 4 2023 in Win 4 2024 ter naprave USB 4, kar omogo\u010da izbolj\u0161ano grafiko na ve\u010d sistemih.<\/li>\n\n\n\n<li><strong>Zmogljiva grafi\u010dna zmogljivost:<\/strong> Radeon RX 7600M XT z arhitekturo RDNA 3.0, ki zagotavlja izjemno grafiko in gladko igranje.<\/li>\n\n\n\n<li><strong>Raz\u0161irljiva vizualna nastavitev:<\/strong> Ve\u010d grafi\u010dnih in video priklju\u010dkov, vklju\u010dno s HDMI 2.1 in DP 1.4a, podpira do tri zunanje zaslone za poglobljeno igralno izku\u0161njo.<\/li>\n\n\n\n<li><strong>U\u010dinkovit hladilni sistem:<\/strong> Aktivni hladilni mehanizem prepre\u010duje pregrevanje in zagotavlja optimalno zmogljivost med dalj\u0161imi igralnimi seansami.<\/li>\n\n\n\n<li><strong>Prenosna in kompaktna zasnova:<\/strong> Zaradi kompaktnih dimenzij in lahke izdelave je zelo prenosen, idealen za igralce iger na poti.<\/li>\n<\/ul>\n\n<p><strong>Prednosti :<\/strong><\/p>\n\n<ul class=\"wp-block-list\">\n<li><strong>Omejena zdru\u017eljivost z blagovno znamko:<\/strong> Zdru\u017eljivost z napravami, ki niso znamke GPD, in napravami brez vrat USB 4 je lahko omejena.<\/li>\n\n\n\n<li><strong>Omejene mo\u017enosti GPU:<\/strong> Edina mo\u017enost grafi\u010dnega procesorja je AMD Radeon RX 7600M XT, ki morda ne bo zadovoljil uporabnikov, ki i\u0161\u010dejo druga\u010dne ali prilagodljive grafi\u010dne procesorje.<\/li>\n<\/ul>\n","protected":false},"excerpt":{"rendered":"<ul>\n<li>GRAFI\u010cNI PROCESOR: AMD Radeon\u2122<strong> RX 7600M XT<\/strong> eGPU<\/li>\n<li>KOMPATIBILNOST:<strong> OCuLink, USB 4, Thunderbolt 3 in 4<\/strong><\/li>\n<li>OCULINK:<strong> Povezljivost PCI Express<\/strong><\/li>\n<li>USB 4:<strong> do 40 Gb\/s<\/strong><\/li>\n<li>NAPRAVE GPD OCULINK: <strong>WIN 4 2023<\/strong>,<strong> WIN MAX 2 2023<\/strong> in<strong> WIN Mini<\/strong><\/li>\n<\/ul>\n[cg_accordion title=\"INFORMACIJE O PLA\u010cILU\"]<\/p>\n<p>Uporabljamo najnovej\u0161o tehnologijo za obdelavo pla\u010dil, ki vam omogo\u010da, da se na blagajno prijavite s svojo debetno\/kreditno kartico ali storitvijo PayPal, kar zagotavlja hitro in varno izku\u0161njo.[\/cg_accordion]\n[cg_accordion title=\"GARANCIJA\"]<\/p>\n<p>2 leti garancije <a href=\"https:\/\/droix.net\/\" target=\"_blank\" rel=\"nofollow noopener\">DROIX Global za<\/a> va\u0161 mir[\/cg_accordion]\n[cg_accordion title=\"CENE, DAVKI IN PO\u0160ILJANJE\"]<\/p>\n<p><strong><u>Opomba:<\/u><\/strong><\/p>\n<ul>\n<li>Zdru\u017eene dr\u017eave Amerike Kupci: Prikazana cena NE vklju\u010duje davka in dajatev. Odgovornost za carinjenje in pla\u010dilo vseh povezanih davkov\/carin nosi kupec. <\/li>\n<li>Stranke iz EU: Prikazana cena vklju\u010duje veljavni davek, ki lahko zna\u0161a do 25 %, odvisno od va\u0161e dr\u017eave.<\/li>\n<li>Kanada Kupci: Prikazana cena vklju\u010duje veljavne davke, ki lahko vklju\u010dujejo 5 % davek na dodano vrednost (GST) in dodatne pokrajinske davke na prodajo (PST), harmonizirani davek na prodajo (HST) ali davek na prodajo v Quebecu (QST), odvisno od va\u0161e province.<\/li>\n<\/ul>\n<p><strong>Samo za stranke iz EU:<\/strong> Ekspresno DDP (dostavljeno s pla\u010dano dajatvijo). To pomeni: <\/p>\n<ul>\n<li>Vse carine in davki so vklju\u010deni v ceno, prikazano na strani izdelka.<\/li>\n<li>Ob dostavi vam ne bo treba pla\u010dati nobenih dodatnih stro\u0161kov.<\/li>\n<li>V redkih primerih te\u017eav, povezanih s carino, bo na\u0161a ekipa v va\u0161em imenu opravila postopek carinjenja in zagotovila nemoteno dostavo.<\/li>\n<p>Pomembne informacije o vra\u010dilih:<\/p>\n<li>\u010ce se odlo\u010dite vrniti naro\u010dilo ali zahtevate vra\u010dilo, se morate zavedati, da davkov in dajatev, pla\u010danih v va\u0161em imenu pod pogoji DDP, ni mogo\u010de vrniti.<\/li>\n<p>Podrobne informacije <a href=\"https:\/\/droix.net\/terms-and-conditions\/\" target=\"_blank\" rel=\"nofollow noopener\">so na voljo v na\u0161ih Pogojih in dolo\u010dilih<\/a>.\n<\/ul>\n<p>[\/cg_accordion]\n[cg_accordion title=\"PODPORA STRANKAM\"]<\/p>\n<p>Imate vpra\u0161anje? Samo kratko besedilo nas lo\u010di od re\u0161itve va\u0161ega vpra\u0161anja! [\/cg_accordion]\n<p>Podrobne informacije <a href=\"https:\/\/gpdstore.net\/sl\/terms-of-service\/\" target=\"_blank\" rel=\"nofollow noopener\">so na voljo v na\u0161ih Pogojih in dolo\u010dilih<\/a>.\n<\/ul>\n<p>[\/]<\/p>\n[cg_accordion title=\"KAJ JE VKLJU\u010cENO\"]<\/p>\n<ul>\n<li>1x GPD G1 2023<\/li>\n<li>1x napajalnik<\/li>\n<li>1x kabel USB tipa C<\/li>\n<li>1x uporabni\u0161ki priro\u010dnik<\/li>\n<\/ul>\n<p>[\/cg_accordion]\n","protected":false},"featured_media":72734,"template":"","meta":{"_acf_changed":false},"product_brand":[],"product_cat":[5386],"product_tag":[11833,5911],"woo-feed-brand":[5638],"class_list":{"0":"post-72419","1":"product","2":"type-product","3":"status-publish","4":"has-post-thumbnail","6":"product_cat-dodatki","7":"product_tag-10bfsale-sl","8":"product_tag-gpd-g1-sl","9":"product_shipping_class-premium","10":"pa_brand-biwin","11":"pa_brand-droix","12":"pa_brand-gpd","13":"pa_brand-gulikit","14":"pa_graphics-gpu-model-radeon-rx-7600m-xt-sl","15":"pa_i-o-video-1x-oculink-sl","16":"pa_i-o-video-prek-1x-usb-4-0-type-c-40gb-s","17":"woo-feed-brand-gpd-sl","19":"first","20":"outofstock","21":"sale","22":"taxable","23":"shipping-taxable","24":"purchasable","25":"product-type-variable","26":"has-default-attributes"},"acf":[],"aioseo_notices":[],"_links":{"self":[{"href":"https:\/\/gpdstore.net\/sl\/wp-json\/wp\/v2\/product\/72419","targetHints":{"allow":["GET"]}}],"collection":[{"href":"https:\/\/gpdstore.net\/sl\/wp-json\/wp\/v2\/product"}],"about":[{"href":"https:\/\/gpdstore.net\/sl\/wp-json\/wp\/v2\/types\/product"}],"wp:featuredmedia":[{"embeddable":true,"href":"https:\/\/gpdstore.net\/sl\/wp-json\/wp\/v2\/media\/72734"}],"wp:attachment":[{"href":"https:\/\/gpdstore.net\/sl\/wp-json\/wp\/v2\/media?parent=72419"}],"wp:term":[{"taxonomy":"product_brand","embeddable":true,"href":"https:\/\/gpdstore.net\/sl\/wp-json\/wp\/v2\/product_brand?post=72419"},{"taxonomy":"product_cat","embeddable":true,"href":"https:\/\/gpdstore.net\/sl\/wp-json\/wp\/v2\/product_cat?post=72419"},{"taxonomy":"product_tag","embeddable":true,"href":"https:\/\/gpdstore.net\/sl\/wp-json\/wp\/v2\/product_tag?post=72419"},{"taxonomy":"woo-feed-brand","embeddable":true,"href":"https:\/\/gpdstore.net\/sl\/wp-json\/wp\/v2\/woo-feed-brand?post=72419"}],"curies":[{"name":"wp","href":"https:\/\/api.w.org\/{rel}","templated":true}]}}