{"id":50971,"date":"2024-07-12T08:46:50","date_gmt":"2024-07-12T08:46:50","guid":{"rendered":"https:\/\/gpdstore.net\/nekategorizirano\/prenosni-monitor-droix-pm13-2k\/"},"modified":"2025-09-15T21:33:32","modified_gmt":"2025-09-15T21:33:32","slug":"prenosni-monitor-droix-pm13-2k","status":"publish","type":"product","link":"https:\/\/gpdstore.net\/sl\/product\/prenosni-monitor-droix-pm13-2k\/","title":{"rendered":"Prenosni monitor DroiX PM13 2K"},"content":{"rendered":"\n<figure class=\"wp-block-video\"><video controls=\"\" muted=\"\" poster=\"https:\/\/droix.net\/wp-content\/uploads\/2024\/03\/1.jpg\" src=\"https:\/\/droix.net\/wp-content\/uploads\/2024\/06\/pm131.mp4\"><\/video><\/figure>\n\n<div class=\"wp-block-columns is-layout-flex wp-container-core-columns-is-layout-28f84493 wp-block-columns-is-layout-flex\">\n<div class=\"wp-block-column is-layout-flow wp-block-column-is-layout-flow\" style=\"flex-basis:33.33%\">\n<figure class=\"wp-block-image size-large\"><a href=\"https:\/\/droix.net\/wp-content\/uploads\/2024\/03\/DROIX-S13-GENERIC-DONE-LISTING-IMAGE-1-1.png\"><img decoding=\"async\" src=\"https:\/\/droix.net\/wp-content\/uploads\/2024\/03\/DROIX-S13-GENERIC-DONE-LISTING-IMAGE-1-1-1024x1024.png\" alt=\"Slika prenosnega monitorja DroiX, 13-pal&#x10D;ni, 2K, izjemno tanek, lahek in prenosen\" class=\"wp-image-175965\"\/><\/a><\/figure>\n<\/div>\n\n\n\n<div class=\"wp-block-column is-layout-flow wp-block-column-is-layout-flow\" style=\"flex-basis:66.66%\">\n<h2 class=\"wp-block-heading\"><strong>DroiX PM13 &#8211; 13,0-pal\u010dni prenosni monitor 4K Ultra-Thin<\/strong><\/h2>\n\n\n\n<p>DroiX PM13 je eleganten in zelo lahek 13-pal\u010dni prenosni monitor 2K, ki tehta le 494 gramov. V tankem aluminijastem okvirju in z izjemno tankimi 0,11-pal\u010dnimi robovi mojstrsko zdru\u017euje slog in priro\u010dnost. \u017divahen zaslon IPS ponuja bogate barve in \u0161irok 170-stopinjski vidni kot, kar zagotavlja o\u010darljivo vizualno izku\u0161njo. PM13 je z zdru\u017eljivostjo s \u0161tevilnimi napravami prek vmesnikov HDMI in USB-C vrhunski vsestranski zaslon za nadgradnjo konfiguracije, ne glede na to, kje se nahajate.  <\/p>\n<\/div>\n<\/div>\n\n<div class=\"wp-block-columns is-layout-flex wp-container-core-columns-is-layout-28f84493 wp-block-columns-is-layout-flex\">\n<div class=\"wp-block-column is-layout-flow wp-block-column-is-layout-flow\">\n<h3 class=\"wp-block-heading\">Idealni prenosni monitor za prenosne ra\u010dunalnike<br\/><em>brez kompromisov<\/em><\/h3>\n\n\n\n<p>Prenosni monitor DroiX PM13 z izjemnimi funkcijami ponuja izjemno izku\u0161njo prikaza. Pona\u0161a se z visoko svetilnostjo in podporo za HDR ter zagotavlja jasno vidljivost v vseh svetlobnih pogojih. 100-odstotna pokritost sRGB in 16,7 milijona barv zagotavljata natan\u010dno natan\u010dnost barv, ki je klju\u010dna za urejanje fotografij in grafi\u010dno oblikovanje. Lo\u010dljivost 2K na 13-pal\u010dnem zaslonu zagotavlja visoko gostoto slikovnih pik, kar omogo\u010da ostre in \u017eivahne slike tako za besedilo kot za ve\u010dpredstavnost. Zato je PM13 najbolj\u0161a izbira tako za profesionalce kot za navdu\u0161ence.    <\/p>\n<\/div>\n\n\n\n<div class=\"wp-block-column is-layout-flow wp-block-column-is-layout-flow\">\n<figure class=\"wp-block-image size-full\"><a href=\"https:\/\/droix.net\/wp-content\/uploads\/2024\/03\/2.jpg\"><img decoding=\"async\" src=\"https:\/\/droix.net\/wp-content\/uploads\/2024\/03\/2.jpg\" alt=\"Visokokakovostni prenosni zaslon DroiX PM13 s podporo za HDR400, lo&#x10D;ljivostjo QHD 2160x1350 in 100-odstotno pokritostjo sRGB\" class=\"wp-image-182193\"\/><\/a><\/figure>\n<\/div>\n<\/div>\n\n<div class=\"wp-block-columns is-layout-flex wp-container-core-columns-is-layout-28f84493 wp-block-columns-is-layout-flex\">\n<div class=\"wp-block-column is-layout-flow wp-block-column-is-layout-flow\">\n<figure class=\"wp-block-image size-full\"><a href=\"https:\/\/droix.net\/wp-content\/uploads\/2024\/07\/3-1.jpg\"><img decoding=\"async\" src=\"https:\/\/droix.net\/wp-content\/uploads\/2024\/07\/3-1.jpg\" alt=\"Prenosni monitor DroiX PM13, ki je bil izdelan za novo opredelitev zdru&#x17E;ljivosti in povezljivosti s &#x161;tevilnimi napravami. Monitor odlikuje zanesljiva podpora tehnologijama USB in ActiveDP, zato se brez te&#x17E;av pove&#x17E;e z razli&#x10D;nimi sodobnimi pripomo&#x10D;ki, od prenosnih ra&#x10D;unalnikov do pametnih telefonov in &#x161;e ve&#x10D;. Monitor PM13 je zasnovan za brezskrbno interakcijo in deluje z napravami, ki podpirajo DisplayPort prek USB, imajo vrata USB Thunderbolt ali za video izhod uporabljajo protokol USB 4. Ne glede na to, ali igrate igre na poti, pove&#x10D;ujete produktivnost ali u&#x17E;ivate v ve&#x10D;predstavnostnih vsebinah, je PM13 va&#x161; najbolj&#x161;i spremljevalec, ki ponuja neprimerljivo prilagodljivost in zmogljivost, kjer koli ga potrebujete   \" class=\"wp-image-182203\"\/><\/a><\/figure>\n<\/div>\n\n\n\n<div class=\"wp-block-column is-layout-flow wp-block-column-is-layout-flow\">\n<h3 class=\"wp-block-heading\">Prenosnost in mo\u010d<br\/><em>Zdru\u017eljivost<\/em><\/h3>\n\n\n\n<p>Izkusite vrhunsko vsestranskost prenosnega monitorja DroiX PM13, ki je zasnovan tako, da na novo opredeljuje zdru\u017eljivost in povezljivost s \u0161tevilnimi napravami. Ta monitor z zanesljivo podporo tehnologijama USB in ActiveDP se brez te\u017eav pove\u017ee z razli\u010dnimi sodobnimi pripomo\u010dki, od prenosnih ra\u010dunalnikov do pametnih telefonov in \u0161e ve\u010d. <\/p>\n\n\n\n<p>PM13 je zasnovan za enostavno interakcijo in deluje z napravami, ki podpirajo DisplayPort prek USB, imajo vrata USB Thunderbolt ali uporabljajo protokol USB 4 za video izhod. Ne glede na to, ali igrate igre na poti, pove\u010dujete produktivnost ali u\u017eivate v ve\u010dpredstavnostnih vsebinah, je PM13 va\u0161 najbolj\u0161i spremljevalec, ki ponuja neprimerljivo prilagodljivost in zmogljivost, kjerkoli ga potrebujete. <\/p>\n<\/div>\n<\/div>\n\n<div class=\"wp-block-columns is-layout-flex wp-container-core-columns-is-layout-28f84493 wp-block-columns-is-layout-flex\">\n<div class=\"wp-block-column is-layout-flow wp-block-column-is-layout-flow\">\n<h3 class=\"wp-block-heading\">Ve\u010d kot le prenosni monitor<br\/><em>z veliko funkcijami<\/em><\/h3>\n\n\n\n<p>Prenosni monitor DroiX PM13 se pona\u0161a z vsestransko zasnovo, ki jo odlikuje stojalo, nastavljivo za 180\u00b0, s katerim lahko uporabniki zaslon postavijo pod razli\u010dnimi koti za optimalno udobje gledanja. Poleg tega ima vgrajeno podporo za dr\u017ealo VESA 75&#215;75 mm, ki omogo\u010da prilagodljivo namestitev na zdru\u017eljive roke ali stojala. Za zvok ima PM13 vgrajene stereo zvo\u010dnike, vsak z mo\u010djo 1,0 W. \u010ceprav ti zvo\u010dniki niso izjemno zmogljivi, ponujajo priro\u010dno zvo\u010dno re\u0161itev, za katero ne potrebujete zunanjih naprav.   <\/p>\n\n\n\n<h3 class=\"wp-block-heading\"><br\/><\/h3>\n<\/div>\n\n\n\n<div class=\"wp-block-column is-layout-flow wp-block-column-is-layout-flow\">\n<figure class=\"wp-block-image size-full\"><a href=\"https:\/\/droix.net\/wp-content\/uploads\/2024\/07\/4.jpg\"><img decoding=\"async\" src=\"https:\/\/droix.net\/wp-content\/uploads\/2024\/07\/4.jpg\" alt=\"Prenosni monitor DroiX PM13 ima 180-stopinjsko nastavljivo stojalo, ki uporabnikom omogo&#x10D;a nastavitev zaslona pod razli&#x10D;nimi koti za optimalno udobje gledanja. Vklju&#x10D;uje vgrajeno podporo za dr&#x17E;alo VESA 75x75 mm za prilagodljivo namestitev na zdru&#x17E;ljive roke ali stojala. Monitor PM13 ima vgrajene stereo zvo&#x10D;nike, vsak z mo&#x10D;jo 1,0 W, ki zagotavljajo priro&#x10D;no zvo&#x10D;no re&#x161;itev, ne da bi potrebovali zunanje naprave.  \" class=\"wp-image-182205\"\/><\/a><\/figure>\n<\/div>\n<\/div>\n\n<div class=\"wp-block-columns is-layout-flex wp-container-core-columns-is-layout-28f84493 wp-block-columns-is-layout-flex\">\n<div class=\"wp-block-column is-layout-flow wp-block-column-is-layout-flow\">\n<figure class=\"wp-block-image size-full\"><a href=\"https:\/\/droix.net\/wp-content\/uploads\/2024\/07\/5.jpg\"><img decoding=\"async\" src=\"https:\/\/droix.net\/wp-content\/uploads\/2024\/07\/5.jpg\" alt=\"Prenosni monitor DroiX PM13 je zgled vsestranskosti z obse&#x17E;nimi mo&#x17E;nostmi zdru&#x17E;ljivosti in povezljivosti. Ima &#x161;tiri na&#x10D;ine: Na&#x10D;in Duplicated za zrcaljenje vsebine, na&#x10D;in Extend za raz&#x161;iritev delovnega prostora, Second Screen za igralne konzole in na&#x10D;in Portrait za navpi&#x10D;no orientacijo. Idealen za profesionalce, igralce in digitalne nomade, saj izbolj&#x161;a produktivnost in zabavo v razli&#x10D;nih okoljih.  \" class=\"wp-image-182206\"\/><\/a><\/figure>\n<\/div>\n\n\n\n<div class=\"wp-block-column is-layout-flow wp-block-column-is-layout-flow\">\n<h3 class=\"wp-block-heading\">Raz\u0161iritev, podvajanje, portret in \u0161e ve\u010d<br\/><em>Resni\u010dna vsestranskost<br\/><\/em><\/h3>\n\n\n\n<p>Prenosni monitor DroiX PM13 je s svojimi obse\u017enimi mo\u017enostmi zdru\u017eljivosti in povezljivosti zgled vsestranskosti. Ponuja \u0161tiri vsestranske na\u010dine: Na\u010din Duplicated za zrcaljenje vsebine, na\u010din Extend za raz\u0161iritev delovnega prostora, Second Screen za igralne konzole in na\u010din Portrait za navpi\u010dno orientacijo. Zaradi te prilagodljivosti je idealen spremljevalec za profesionalce, igralce in digitalne nomade, saj pove\u010duje produktivnost in zabavo v razli\u010dnih okoljih.  <\/p>\n\n\n\n<p>4o<\/p>\n<\/div>\n<\/div>\n\n<figure class=\"wp-block-image aligncenter size-large\"><a href=\"https:\/\/droix.net\/wp-content\/uploads\/2024\/07\/7.jpg\"><img decoding=\"async\" src=\"https:\/\/droix.net\/wp-content\/uploads\/2024\/07\/7-1024x420.jpg\" alt=\"Prenosni monitor DroiX PM13 brez te&#x17E;av pove&#x17E;ite z ra&#x10D;unalnikom MacBook, ki podpira Thunderbolt 3 ali 4, prek vrat Type-C s podporo DP ALT-MODE. Ta napredna povezljivost zagotavlja prenos videa in napajanje prek enega samega kabla Type-C, kar pove&#x10D;uje udobje in u&#x10D;inkovitost. \" class=\"wp-image-182195\"\/><\/a><\/figure>\n\n<p>Prenosni monitor DroiX PM13 brez te\u017eav pove\u017eite z ra\u010dunalnikom MacBook, ki podpira Thunderbolt 3 ali 4, prek vrat Type-C s podporo DP ALT-MODE. Ta napredna povezljivost zagotavlja prenos videa in napajanje prek enega samega kabla Type-C, kar pove\u010duje udobje in u\u010dinkovitost. <\/p>\n\n<figure class=\"wp-block-image aligncenter size-large is-resized\"><a href=\"https:\/\/droix.net\/wp-content\/uploads\/2024\/03\/8.jpg\"><img decoding=\"async\" src=\"https:\/\/droix.net\/wp-content\/uploads\/2024\/03\/8-1024x420.jpg\" alt=\"Izkoristite napredne zmogljivosti Thunderbolt 3, 4 ali USB 3.1 DP ALT-MODE na pametnem telefonu in se nemoteno pove&#x17E;ite s prenosnim monitorjem DroiX PM13 tako za video izhod kot za napajanje. Uporabite vrata Type-C s podporo DP ALT-MODE na pametnem telefonu za poenostavljeno izku&#x161;njo z enim samim kablom za prenos videa in napajanje. \" class=\"wp-image-182197\" style=\"width:900px;height:auto\"\/><\/a><\/figure>\n\n<p>Prenosni monitor DroiX PM13 brez te\u017eav pove\u017eite s prenosnim monitorjem Windows prek vrat HDMI in Type-C za nemoten prenos videoposnetkov in napajanje. Vrata Type-C podpirajo napajanje (PD), vrata HDMI pa zagotavljajo video izpis visoke lo\u010dljivosti, tako da lahko brez te\u017eav u\u017eivate v izbolj\u0161ani produktivnosti in zabavi. <\/p>\n\n<figure class=\"wp-block-image aligncenter size-large\"><a href=\"https:\/\/droix.net\/wp-content\/uploads\/2024\/03\/9.jpg\"><img decoding=\"async\" src=\"https:\/\/droix.net\/wp-content\/uploads\/2024\/03\/9-1024x420.jpg\" alt=\"Izkoristite napredne zmogljivosti Thunderbolt 3, 4 ali USB 3.1 DP ALT-MODE na pametnem telefonu in se nemoteno pove&#x17E;ite s prenosnim monitorjem DroiX PM13 tako za video izhod kot za napajanje. Uporabite vrata Type-C s podporo DP ALT-MODE na pametnem telefonu za poenostavljeno izku&#x161;njo z enim samim kablom za prenos videa in napajanje. \" class=\"wp-image-182198\"\/><\/a><\/figure>\n\n<p>Izkoristite napredne zmogljivosti Thunderbolt 3, 4 ali USB 3.1 DP ALT-MODE na pametnem telefonu in se nemoteno pove\u017eite s prenosnim monitorjem DroiX PM13 tako za video izhod kot za napajanje. Z uporabo vhoda Type-C s podporo DP ALT-MODE na pametnem telefonu lahko u\u017eivate v poenostavljeni izku\u0161nji z enim samim kablom za prenos videa in napajanje. <\/p>\n\n<figure class=\"wp-block-image aligncenter size-large\"><a href=\"https:\/\/droix.net\/wp-content\/uploads\/2024\/03\/11.jpg\"><img decoding=\"async\" src=\"https:\/\/droix.net\/wp-content\/uploads\/2024\/03\/11-1024x420.jpg\" alt=\"Prenosni monitor DroiX PM13 lahko pove&#x17E;ete na razli&#x10D;ne na&#x10D;ine, med drugim prek USB, ActiveDP, DisplayPort prek USB, vrat USB Thunderbolt in protokola USB 4 za video izhod, kar zagotavlja vsestransko povezljivost.\" class=\"wp-image-182199\"\/><\/a><\/figure>\n\n<figure class=\"wp-block-image aligncenter size-large\"><a href=\"https:\/\/droix.net\/wp-content\/uploads\/2024\/03\/12.jpg\"><img decoding=\"async\" src=\"https:\/\/droix.net\/wp-content\/uploads\/2024\/03\/12-1024x420.jpg\" alt=\"Pogosta vpra&#x161;anja za prenosni monitor DroiX PM13\" class=\"wp-image-182200\"\/><\/a><\/figure>\n\n<h3 class=\"wp-block-heading\"><strong>Zaklju\u010dek<\/strong><\/h3>\n\n<p>DroiX PM13 na novo opredeljuje bistvo prenosnih monitorjev, saj zdru\u017euje visoko lo\u010dljivost, odli\u010dno prenosljivost in \u0161iroko zdru\u017eljivost v elegantni, uporabniku prijazni zasnovi. Izdelan je za tiste, ki no\u010dejo sklepati kompromisov glede kakovosti in funkcionalnosti tudi na poti. Sprejmite prihodnost prenosnih monitorjev z DroiX PM13 in na lastni ko\u017ei izkusite popolno kombinacijo inovativnosti in priro\u010dnosti.  <\/p>\n\n<p>Ne zamudite prilo\u017enosti, da z monitorjem DroiX PM13 izbolj\u0161ate svoje izku\u0161nje s prenosnimi monitorji. S prednaro\u010dilom si zagotovite mesto med prvimi, ki bodo u\u017eivali v tej prelomni napravi. Ker je razpolo\u017eljivost omejena, je to va\u0161a prilo\u017enost, da naredite korak naprej in izkusite vrhunsko tehnologijo prenosnih zaslonov. Prenosni monitor DroiX PM13 naro\u010dite \u0161e danes!   <\/p>\n","protected":false},"excerpt":{"rendered":"<ul>\n<li>2K 13-pal\u010dni zaslon<strong> IPS<\/strong> <\/li>\n<li>100 % pokritost<strong> sRGB<\/strong> <\/li>\n<li>450 <strong>nitov<\/strong> svetlosti<\/li>\n<li>Monta\u017ea<strong> VESA<\/strong> 75&#215;75 mm<\/li>\n<li> <strong> Vgrajeni<\/strong> zvo\u010dniki<\/li>\n<\/ul>\n<p> [cg_accordion title=\"INFORMACIJE O PLA\u010cILU\"] Uporabljamo najnovej\u0161o tehnologijo za obdelavo pla\u010dil, ki vam omogo\u010da, da se na blagajno prijavite s svojo debetno\/kreditno kartico ali storitvijo PayPal, kar zagotavlja hitro in varno izku\u0161njo.[\/cg_accordion] [cg_accordion title=\"GARANCIJA\"] 1 ali 2 leti* garancije <a href=\"https:\/\/droix.net\/\" target=\"_blank\" rel=\"nofollow noopener\">DroiX Global<\/a> za va\u0161 mir.[\/cg_accordion] [cg_accordion title=\"PO\u0160ILJANJE IN DAVKI\"] <strong><u>Opomba:<\/u><\/strong> Kupci iz Zdru\u017eenih dr\u017eav Amerike: Prikazana cena vklju\u010duje vse veljavne davke. Stranke iz EU: Prikazana cena vklju\u010duje veljavni davek, ki lahko zna\u0161a do 25 %, odvisno od va\u0161e dr\u017eave. Stranke iz Kanade: Prikazana cena vklju\u010duje 5 % davka na dodano vrednost.   Za dostavo in vra\u010dila skrbi <a href=\"https:\/\/droix.net\/\" target=\"_blank\" rel=\"nofollow noopener\">DroiX<\/a>, uradni distributer GPD. Ponujamo hitro dostavo DHL Express DDP (Delivered Duty Paid). Vse carine in davki so vklju\u010deni v prikazano ceno &#8211; ob dostavi ni treba pla\u010dati dodatnih dajatev. \u010ce se pojavijo kakr\u0161ne koli carinske te\u017eave, bo na\u0161a ekipa v va\u0161em imenu poskrbela za postopke carinjenja. Pomembno: V primeru vra\u010dil in premisleka davkov in dajatev, pla\u010danih v va\u0161em imenu, zaradi pogojev po\u0161iljanja DDP ni mogo\u010de povrniti. Za podrobnej\u0161e informacije si oglejte na\u0161e <a href=\"https:\/\/gpdstore.net\/sl\/terms-of-service\/\" target=\"_blank\" rel=\"nofollow noopener\">pogoje in dolo\u010dila<\/a>.     [\/cg_accordion] [cg_accordion title=\"WHAT'S INCLUDED\"]<\/p>\n<ul>\n<li>1x prenosni monitor DroiX PM13<\/li>\n<li>1x vti\u010d za napajanje (EU\/USA)<\/li>\n<li>1x kabel HDMI<\/li>\n<li>1x kabel USB tipa C<\/li>\n<li>1x kabel USB tipa A s tipom C<\/li>\n<li>1x za\u0161\u010ditno ohi\u0161je<\/li>\n<li>1x uporabni\u0161ki priro\u010dnik<\/li>\n<\/ul>\n<p>[\/cg_accordion]<\/p>\n","protected":false},"featured_media":818502,"template":"","meta":{"_acf_changed":false},"product_brand":[],"product_cat":[5495],"product_tag":[18162,5497],"woo-feed-brand":[5498],"class_list":{"0":"post-50971","1":"product","2":"type-product","3":"status-publish","4":"has-post-thumbnail","6":"product_cat-prenosni-monitorji","7":"product_tag-25bfsale-sl","8":"product_tag-droix-portable-monitor-sl","9":"product_shipping_class-low-end","10":"pa_brand-droix","11":"woo-feed-brand-droix-sl","13":"first","14":"instock","15":"sale","16":"taxable","17":"shipping-taxable","18":"purchasable","19":"product-type-variable","20":"has-default-attributes"},"acf":[],"aioseo_notices":[],"_links":{"self":[{"href":"https:\/\/gpdstore.net\/sl\/wp-json\/wp\/v2\/product\/50971","targetHints":{"allow":["GET"]}}],"collection":[{"href":"https:\/\/gpdstore.net\/sl\/wp-json\/wp\/v2\/product"}],"about":[{"href":"https:\/\/gpdstore.net\/sl\/wp-json\/wp\/v2\/types\/product"}],"wp:featuredmedia":[{"embeddable":true,"href":"https:\/\/gpdstore.net\/sl\/wp-json\/wp\/v2\/media\/818502"}],"wp:attachment":[{"href":"https:\/\/gpdstore.net\/sl\/wp-json\/wp\/v2\/media?parent=50971"}],"wp:term":[{"taxonomy":"product_brand","embeddable":true,"href":"https:\/\/gpdstore.net\/sl\/wp-json\/wp\/v2\/product_brand?post=50971"},{"taxonomy":"product_cat","embeddable":true,"href":"https:\/\/gpdstore.net\/sl\/wp-json\/wp\/v2\/product_cat?post=50971"},{"taxonomy":"product_tag","embeddable":true,"href":"https:\/\/gpdstore.net\/sl\/wp-json\/wp\/v2\/product_tag?post=50971"},{"taxonomy":"woo-feed-brand","embeddable":true,"href":"https:\/\/gpdstore.net\/sl\/wp-json\/wp\/v2\/woo-feed-brand?post=50971"}],"curies":[{"name":"wp","href":"https:\/\/api.w.org\/{rel}","templated":true}]}}