{"id":350542,"date":"2024-08-22T08:22:33","date_gmt":"2024-08-22T08:22:33","guid":{"rendered":"https:\/\/gpdstore.net\/nekategorizirano\/mini-prenosni-racunalnik-gpd-p2-max-2022\/"},"modified":"2025-12-23T10:07:57","modified_gmt":"2025-12-23T10:07:57","slug":"gpd-p2-max-2022-mini-laptop","status":"publish","type":"product","link":"https:\/\/gpdstore.net\/sl\/product\/gpd-p2-max-2022-mini-laptop\/","title":{"rendered":"GPD P2 Max 2022 Mini prenosni ra\u010dunalnik"},"content":{"rendered":"\n<figure class=\"wp-block-image aligncenter\"><a href=\"https:\/\/droix.net\/wp-content\/uploads\/2022\/01\/GPD-P2-MAX-2022-MARKETING-IMAGE-1.png\"><img decoding=\"async\" src=\"https:\/\/droix.net\/wp-content\/uploads\/2022\/01\/GPD-P2-MAX-2022-MARKETING-IMAGE-1.png\" alt=\"GPD P2 Max 2022 Ultrabook s pisalom\" class=\"wp-image-10581\"\/><\/a><\/figure>\n\n<figure class=\"wp-block-image aligncenter\"><a href=\"https:\/\/droix.net\/wp-content\/uploads\/2022\/01\/GPD-P2-MAX-2022-MARKETING-IMAGE-2.png\"><img decoding=\"async\" src=\"https:\/\/droix.net\/wp-content\/uploads\/2022\/01\/GPD-P2-MAX-2022-MARKETING-IMAGE-2.png\" alt=\"GPD P2 Max 2022 Ultrabook s prikazom tipkovnice\" class=\"wp-image-10582\"\/><\/a><\/figure>\n\n<figure class=\"wp-block-image aligncenter\"><a href=\"https:\/\/droix.net\/wp-content\/uploads\/2022\/01\/GPD-P2-MAX-2022-MARKETING-IMAGE-3.png\"><img decoding=\"async\" src=\"https:\/\/droix.net\/wp-content\/uploads\/2022\/01\/GPD-P2-MAX-2022-MARKETING-IMAGE-3.png\" alt=\"GPD P2 Max 2022 Ultrabook s senzorjem prstnih odtisov\" class=\"wp-image-10583\"\/><\/a><\/figure>\n\n<figure class=\"wp-block-image aligncenter\"><a href=\"https:\/\/droix.net\/wp-content\/uploads\/2022\/01\/GPD-P2-MAX-2022-MARKETING-IMAGE-4.png\"><img decoding=\"async\" src=\"https:\/\/droix.net\/wp-content\/uploads\/2022\/01\/GPD-P2-MAX-2022-MARKETING-IMAGE-4.png\" alt=\"GPD P2 Max 2022 Ultrabook, ki prikazuje procesor\" class=\"wp-image-10584\"\/><\/a><\/figure>\n\n<figure class=\"wp-block-image aligncenter\"><a href=\"https:\/\/droix.net\/wp-content\/uploads\/2022\/01\/GPD-P2-MAX-2022-MARKETING-IMAGE-5.png\"><img decoding=\"async\" src=\"https:\/\/droix.net\/wp-content\/uploads\/2022\/01\/GPD-P2-MAX-2022-MARKETING-IMAGE-5.png\" alt=\"GPD P2 Max 2022 Ultrabook prikazuje USB c\" class=\"wp-image-10585\"\/><\/a><\/figure>\n\n<p><span data-contrast=\"none\">Osve\u017eitev priljubljenega ultrabooka je tu! Na oder prihaja <strong>GPD P2 Max 2022<\/strong> s \u0161tevilnimi nadgradnjami, ki ga ohranjajo sodobnega in ustreznega v dana\u0161njem \u010dasu! Je popoln spremljevalec za dolge poti na delo, potujo\u010de pisce in vse druge prilo\u017enosti.  <\/span><\/p>\n\n<p><span data-contrast=\"none\">Srce ra\u010dunalnika <strong>P2 Max 2022<\/strong> je procesor Intel Pentium N6000. Ta \u0161tirijedrni procesor zdru\u017euje energetsko u\u010dinkovitost z dobrimi zmogljivostmi. Z lahkoto opravi vsa vsakodnevna opravila, ki so mu nalo\u017eena.  <\/span><\/p>\n\n<p><span data-contrast=\"none\"><strong>16 GB pomnilnika LPDDR4x<\/strong> zagotavlja stabilno in zanesljivo delovanje pri ve\u010dopravilnosti in ustvarjanju\/urejanju vsebine. V kombinaciji z <strong>1 TB hitrega<\/strong> pomnilnika <strong>NVMe<\/strong> dobite \u010dudovito prilagodljivo, a zelo prenosno delovno postajo. <\/span><\/p>\n\n<p><span data-contrast=\"none\">Velik <strong>8,9-pal\u010dni zaslon<\/strong> se pona\u0161a z izjemno lo\u010dljivostjo 2560x1600p, kar vam zagotavlja jasne in jasne slike za vse va\u0161e predstave, fotografije, videoposnetke in drugo. Ta zaslon je tudi <strong>ob\u010dutljiv na dotik<\/strong> in ga lahko uporabljate celo s pisali! <\/span><\/p>\n\n<p><span data-contrast=\"none\">Na podro\u010dju povezljivosti ima ta <strong>mini prenosni ra\u010dunalnik<\/strong> na voljo ravno dovolj, ne da bi postal prevelik. Z dvema priklju\u010dkoma USB tipa A, priklju\u010dkom USB tipa C, 3,5-milimetrskim avdio priklju\u010dkom   <\/span><strong><span data-contrast=\"none\">in .<\/span><\/strong><span data-contrast=\"none\">  z vrati Micro HDMI je P2 Max 2022 udoben tako v va\u0161em naro\u010dju kot na priklopni postaji! Za tiste, ki imajo raje brez\u017ei\u010dno povezljivost, je <strong>GPD P2 Max 2022<\/strong> opremljen s tehnologijo Wi-Fi 6 za najve\u010djo hitrost in stabilnost omre\u017eja. <\/span>.<\/p>\n\n<p><\/p>\n","protected":false},"excerpt":{"rendered":"<ul>\n<li>Procesor Intel\u00ae Pentium\u00ae Silver N6000<\/li>\n<li><strong>16 GB LPDDR4x RAM<\/strong> @2933Mhz<\/li>\n<li><strong>8,9-pal\u010dni zaslon na dotik \/ \u010ditalnik prstnih odtisov<\/strong><\/li>\n<li><strong>1 TB<\/strong> PCI-E NVMe SSD<\/li>\n<li>Zdru\u017eljiv z <strong>Windows 11<\/strong><\/li>\n<\/ul>\n<p> [cg_accordion title=\"INFORMACIJE O PLA\u010cILU\"] Uporabljamo najnovej\u0161o tehnologijo za obdelavo pla\u010dil, ki vam omogo\u010da, da se na blagajni naro\u010dite prek Apple Pay, Google Pay, debetne\/kreditne kartice, PayPal ali metod BNPL, kot so Klarna, Affirm ali AfterPay, kar zagotavlja hitro in varno izku\u0161njo.[\/cg_accordion] [cg_accordion title=\"GARANCIJA\"] 2-letna garancija podjetja <a href=\"https:\/\/droix.net\/\" target=\"_blank\" rel=\"nofollow noopener\">DROIX Global<\/a> za va\u0161 mir.[\/cg_accordion] [cg_accordion title=\"PRICING, TAXES AND SHIPPING\"] <strong><u>Opomba:<\/u><\/strong><\/p>\n<ul>\n<li>Zdru\u017eene dr\u017eave Amerike Kupci: Prikazana cena NE vklju\u010duje davka in dajatev. Odgovornost za carinjenje in pla\u010dilo vseh povezanih davkov\/carin nosi kupec. <\/li>\n<li>Stranke iz EU: Prikazana cena vklju\u010duje veljavni davek, ki lahko zna\u0161a do 25 %, odvisno od va\u0161e dr\u017eave.<\/li>\n<li>Kanada Kupci: Prikazana cena vklju\u010duje veljavne davke, ki lahko vklju\u010dujejo 5 % davek na dodano vrednost (GST) in dodatne pokrajinske davke na prodajo (PST), harmonizirani davek na prodajo (HST) ali davek na prodajo v Quebecu (QST), odvisno od va\u0161e province.<\/li>\n<\/ul>\n<p><strong>Samo za stranke iz EU:<\/strong> Ekspresno DDP (dostavljeno s pla\u010dano dajatvijo). To pomeni: <\/p>\n<ul>\n<li style=\"list-style-type: none;\">\n<ul>\n<li>Vse carine in davki so vklju\u010deni v ceno, prikazano na strani izdelka.<\/li>\n<li>Ob dostavi vam ne bo treba pla\u010dati nobenih dodatnih stro\u0161kov.<\/li>\n<li>V redkih primerih te\u017eav, povezanih s carino, bo na\u0161a ekipa v va\u0161em imenu opravila postopek carinjenja in zagotovila nemoteno dostavo.<\/li>\n<p>Pomembne informacije o vra\u010dilih:<\/p>\n<li>\u010ce se odlo\u010dite vrniti naro\u010dilo ali zahtevate vra\u010dilo, se morate zavedati, da davkov in dajatev, pla\u010danih v va\u0161em imenu pod pogoji DDP, ni mogo\u010de vrniti.<\/li>\n<p>Oglejte si na\u0161e<\/ul>\n<\/li>\n<\/ul>\n<p><a href=\"https:\/\/gpdstore.net\/sl\/terms-of-service\/\" target=\"_blank\" rel=\"nofollow noopener\">Pogoji in dolo\u010dila<\/a><\/p>\n<ul>za podrobne informacije.<\/ul>\n<p>[\/cg_accordion] [cg_accordion title=\"PODPORA STRANKAM\"]  Imate vpra\u0161anje? Samo kratko besedilo nas lo\u010di od re\u0161itve va\u0161ega vpra\u0161anja!   [\/cg_accordion] [cg_accordion title=\"WHAT'S INCLUDED\"]<\/p>\n<ul>\n<li>1x kabel USB tipa C<\/li>\n<li>1x napajalnik<\/li>\n<li>1x uporabni\u0161ki priro\u010dnik<\/li>\n<\/ul>\n<p>[\/cg_accordion]<\/p>\n","protected":false},"featured_media":350544,"template":"","meta":{"_acf_changed":false},"product_brand":[],"product_cat":[8666,6606],"product_tag":[10129],"woo-feed-brand":[5638],"class_list":{"0":"post-350542","1":"product","2":"type-product","3":"status-publish","4":"has-post-thumbnail","6":"product_cat-prenosni-racunalniki","7":"product_cat-prenosni-racunalniki-gpd-mini-sl","8":"product_tag-gpd-p2-max-sl-2","9":"product_shipping_class-premium","10":"pa_bluetooth-5-sl","11":"pa_brand-gpd","12":"pa_display-type-h-ips-sl","13":"pa_graphics-gpu-model-graficna-kartica-intel-uhd-graphics","14":"pa_i-o-video-prek-1x-usb-3-2-gen-2-type-c","15":"pa_memory-ram-capacity-16-gb-sl","16":"pa_memory-ram-technology-lpddr4x-sl","17":"pa_storage-capacity-1-tb-sl","18":"pa_wi-fi-wi-fi-6-sl","19":"woo-feed-brand-gpd-sl","21":"first","22":"outofstock","23":"sale","24":"taxable","25":"shipping-taxable","26":"purchasable","27":"product-type-variable","28":"has-default-attributes"},"acf":[],"aioseo_notices":[],"_links":{"self":[{"href":"https:\/\/gpdstore.net\/sl\/wp-json\/wp\/v2\/product\/350542","targetHints":{"allow":["GET"]}}],"collection":[{"href":"https:\/\/gpdstore.net\/sl\/wp-json\/wp\/v2\/product"}],"about":[{"href":"https:\/\/gpdstore.net\/sl\/wp-json\/wp\/v2\/types\/product"}],"wp:featuredmedia":[{"embeddable":true,"href":"https:\/\/gpdstore.net\/sl\/wp-json\/wp\/v2\/media\/350544"}],"wp:attachment":[{"href":"https:\/\/gpdstore.net\/sl\/wp-json\/wp\/v2\/media?parent=350542"}],"wp:term":[{"taxonomy":"product_brand","embeddable":true,"href":"https:\/\/gpdstore.net\/sl\/wp-json\/wp\/v2\/product_brand?post=350542"},{"taxonomy":"product_cat","embeddable":true,"href":"https:\/\/gpdstore.net\/sl\/wp-json\/wp\/v2\/product_cat?post=350542"},{"taxonomy":"product_tag","embeddable":true,"href":"https:\/\/gpdstore.net\/sl\/wp-json\/wp\/v2\/product_tag?post=350542"},{"taxonomy":"woo-feed-brand","embeddable":true,"href":"https:\/\/gpdstore.net\/sl\/wp-json\/wp\/v2\/woo-feed-brand?post=350542"}],"curies":[{"name":"wp","href":"https:\/\/api.w.org\/{rel}","templated":true}]}}