{"id":341927,"date":"2024-07-12T13:07:42","date_gmt":"2024-07-12T13:07:42","guid":{"rendered":"https:\/\/gpdstore.net\/nekategorizirano\/156-palcni-prenosni-monitor-4k-z-zaslonom-na-dotik\/"},"modified":"2025-12-23T10:14:17","modified_gmt":"2025-12-23T10:14:17","slug":"15-6-4k-portable-monitor-with-touchscreen","status":"publish","type":"product","link":"https:\/\/gpdstore.net\/sl\/product\/15-6-4k-portable-monitor-with-touchscreen\/","title":{"rendered":"15,6-pal\u010dni prenosni monitor 4K z zaslonom na dotik"},"content":{"rendered":"\n<p>Predstavljamo prenosni monitor S23b-1 4K: Izbolj\u0161ajte svojo vizualno izku\u0161njo kjerkoli.<\/p>\n\n<p>S prenosnim monitorjem S23b-1 4K izkusite neprimerljivo jasnost in sijaj slike. Ta monitor je zasnovan za tiste, ki zahtevajo najbolj\u0161e pri prenosnih zaslonih, in zagotavlja osupljivo lo\u010dljivost 4K UHD na kompaktnem 15,6-pal\u010dnem zaslonu. Ne glede na to, ali urejate fotografije visoke lo\u010dljivosti, oblikujete zapletene grafike ali se potapljate v osupljive svetove iger, monitor S23b-1 poskrbi, da vsaka podrobnost za\u017eivi z izjemno natan\u010dnostjo in \u017eivahnimi barvami.  <\/p>\n\n<p>Zasnovan je s plo\u0161\u010do TFT IPS LCD , zato u\u017eivajte v odli\u010dni natan\u010dnosti barv in \u0161irokih vidnih kotih, ki so kot nala\u0161\u010d za deljenje vsebine s prijatelji ali sodelovanje s sodelavci. Kapacitivni zaslon na dotik G+G izbolj\u0161a va\u0161o interakcijo, saj ponuja natan\u010den nadzor z nemoteno navigacijo po menijih in dokumentih. <\/p>\n\n<p>Povezljivost je enostavna z mini priklju\u010dkom HDMI in dvema priklju\u010dkoma tipa C, ki omogo\u010data prenos energije in hiter prenos podatkov med ve\u010d napravami. Za dodatno udobje sta na voljo vhod za slu\u0161alke za zasebno poslu\u0161anje in vhod Micro-USB za periferne naprave, kot so tipkovnice in mi\u0161ke. <\/p>\n\n<p>S23b-1 je izdelan iz trpe\u017ene aluminijeve zlitine in zdru\u017euje eleganten, neverjetno tanek profil in lahkotno prenosljivost, zato je idealen spremljevalec za potovanja ali premikanje med delovnimi prostori. Zlo\u017eljivo ohi\u0161je slu\u017ei kot stojalo za stabilno postavitev na katero koli ravno povr\u0161ino, kar zagotavlja vsestranskost, kamor koli greste. <\/p>\n\n<p>Prednosti:<\/p>\n\n<ul class=\"wp-block-list\">\n<li>Osupljiv zaslon 4K UHD za poglobljene slike<\/li>\n\n\n\n<li>Vsestranske mo\u017enosti povezljivosti, vklju\u010dno s priklju\u010dkoma HDMI Mini in Type-C<\/li>\n\n\n\n<li>Elegantna in lahka zasnova iz visokokakovostne aluminijeve zlitine<\/li>\n\n\n\n<li>Odziven G+G kapacitivni zaslon na dotik za intuitivno interakcijo<\/li>\n<\/ul>\n\n<p>Proti:<\/p>\n\n<ul class=\"wp-block-list\">\n<li>Omejeno na 15,6-pal\u010dni zaslon<\/li>\n\n\n\n<li>Vgrajeni zvo\u010dniki morda ne bodo ustrezali kakovosti zunanjega zvoka<\/li>\n<\/ul>\n\n<p>Ne glede na to, ali ste ustvarjalni strokovnjak, navdu\u0161en igralec iger ali navdu\u0161enec na poti, prenosni monitor S23b-1 4K na novo opredeljuje odli\u010dnost prenosnih zaslonov in zagotavlja izjemno zmogljivost v kompaktnem paketu.<\/p>\n","protected":false},"excerpt":{"rendered":"<ul>\n<li><strong>15,6-pal\u010dni<\/strong> prenosni monitor <strong>4K<\/strong> z zaslonom na dotik za visoko lo\u010dljivost<\/li>\n<li>Kompaktna velikost 14,17 x 8,4 x 0,43 palca in te\u017ea <strong>920 g<\/strong><\/li>\n<li>Zaslon na dotik, zdru\u017eljiv s <strong>sistemom MacOS<\/strong><\/li>\n<li>Zaslon na dotik <strong>podpira vnos na dotik v<\/strong> zdru\u017eljivih napravah<\/li>\n<li><strong>Napajanje prek USB<\/strong>, podpira mini-HDMI, USB Type-C<\/li>\n<\/ul>\n[cg_accordion title=\"INFORMACIJE O PLA\u010cILU\"]<\/p>\n<p>Uporabljamo najnovej\u0161o tehnologijo za obdelavo pla\u010dil, ki vam omogo\u010da, da se na blagajno prijavite s svojo debetno\/kreditno kartico ali storitvijo PayPal, kar zagotavlja hitro in varno izku\u0161njo.[\/cg_accordion]\n[cg_accordion title=\"GARANCIJA\"]<\/p>\n<p>2 leti garancije <a href=\"https:\/\/droix.net\/\" target=\"_blank\" rel=\"nofollow noopener\">DROIX Global za<\/a> va\u0161 mir[\/cg_accordion]\n[cg_accordion title=\"CENE, DAVKI IN PO\u0160ILJANJE\"]<\/p>\n<p><strong><u>Opomba:<\/u><\/strong><\/p>\n<ul>\n<li>Zdru\u017eene dr\u017eave Amerike Kupci: Prikazana cena NE vklju\u010duje davka in dajatev. Odgovornost za carinjenje in pla\u010dilo vseh povezanih davkov\/carin nosi kupec. <\/li>\n<li>Stranke iz EU: Prikazana cena vklju\u010duje veljavni davek, ki lahko zna\u0161a do 25 %, odvisno od va\u0161e dr\u017eave.<\/li>\n<li>Kanada Kupci: Prikazana cena vklju\u010duje veljavne davke, ki lahko vklju\u010dujejo 5 % davek na dodano vrednost (GST) in dodatne pokrajinske davke na prodajo (PST), harmonizirani davek na prodajo (HST) ali davek na prodajo v Quebecu (QST), odvisno od va\u0161e province.<\/li>\n<\/ul>\n<p><strong>Samo za stranke iz EU:<\/strong> Ekspresno DDP (dostavljeno s pla\u010dano dajatvijo). To pomeni: <\/p>\n<ul>\n<li>Vse carine in davki so vklju\u010deni v ceno, prikazano na strani izdelka.<\/li>\n<li>Ob dostavi vam ne bo treba pla\u010dati nobenih dodatnih stro\u0161kov.<\/li>\n<li>V redkih primerih te\u017eav, povezanih s carino, bo na\u0161a ekipa v va\u0161em imenu opravila postopek carinjenja in zagotovila nemoteno dostavo.<\/li>\n<p>Pomembne informacije o vra\u010dilih:<\/p>\n<li>\u010ce se odlo\u010dite vrniti naro\u010dilo ali zahtevate vra\u010dilo, se morate zavedati, da davkov in dajatev, pla\u010danih v va\u0161em imenu pod pogoji DDP, ni mogo\u010de vrniti.<\/li>\n<p>Podrobne informacije <a href=\"https:\/\/droix.net\/terms-and-conditions\/\" target=\"_blank\" rel=\"nofollow noopener\">so na voljo v na\u0161ih Pogojih in dolo\u010dilih<\/a>.\n<\/ul>\n<p>[\/cg_accordion]\n[cg_accordion title=\"PODPORA STRANKAM\"]<\/p>\n<p>Imate vpra\u0161anje? Samo kratko besedilo nas lo\u010di od re\u0161itve va\u0161ega vpra\u0161anja! <\/p>\n<p>Podrobne informacije <a href=\"https:\/\/gpdstore.net\/sl\/terms-of-service\/\" target=\"_blank\" rel=\"nofollow noopener\">so na voljo v na\u0161ih Pogojih in dolo\u010dilih<\/a>.\n<\/ul>\n<p>[\/cg_accordion]\n[cg_accordion title=\"KAJ JE VKLJU\u010cENO\"]<\/p>\n<ul>\n<li>1x vti\u010d za napajanje (EU\/USA)<\/li>\n<li>1x uporabni\u0161ki priro\u010dnik<\/li>\n<\/ul>\n<p>[\/cg_accordion]\n","protected":false},"featured_media":342002,"template":"","meta":{"_acf_changed":false},"product_brand":[],"product_cat":[5495],"product_tag":[5510,5497],"woo-feed-brand":[5498],"class_list":{"0":"post-341927","1":"product","2":"type-product","3":"status-publish","4":"has-post-thumbnail","6":"product_cat-prenosni-monitorji","7":"product_tag-30gpdsale-sl","8":"product_tag-droix-portable-monitor-sl","9":"product_shipping_class-standard","10":"pa_brand-droix","11":"woo-feed-brand-droix-sl","13":"first","14":"outofstock","15":"sale","16":"taxable","17":"shipping-taxable","18":"purchasable","19":"product-type-variable","20":"has-default-attributes"},"acf":[],"aioseo_notices":[],"_links":{"self":[{"href":"https:\/\/gpdstore.net\/sl\/wp-json\/wp\/v2\/product\/341927","targetHints":{"allow":["GET"]}}],"collection":[{"href":"https:\/\/gpdstore.net\/sl\/wp-json\/wp\/v2\/product"}],"about":[{"href":"https:\/\/gpdstore.net\/sl\/wp-json\/wp\/v2\/types\/product"}],"wp:featuredmedia":[{"embeddable":true,"href":"https:\/\/gpdstore.net\/sl\/wp-json\/wp\/v2\/media\/342002"}],"wp:attachment":[{"href":"https:\/\/gpdstore.net\/sl\/wp-json\/wp\/v2\/media?parent=341927"}],"wp:term":[{"taxonomy":"product_brand","embeddable":true,"href":"https:\/\/gpdstore.net\/sl\/wp-json\/wp\/v2\/product_brand?post=341927"},{"taxonomy":"product_cat","embeddable":true,"href":"https:\/\/gpdstore.net\/sl\/wp-json\/wp\/v2\/product_cat?post=341927"},{"taxonomy":"product_tag","embeddable":true,"href":"https:\/\/gpdstore.net\/sl\/wp-json\/wp\/v2\/product_tag?post=341927"},{"taxonomy":"woo-feed-brand","embeddable":true,"href":"https:\/\/gpdstore.net\/sl\/wp-json\/wp\/v2\/woo-feed-brand?post=341927"}],"curies":[{"name":"wp","href":"https:\/\/api.w.org\/{rel}","templated":true}]}}