{"id":278581,"date":"2024-01-24T17:32:18","date_gmt":"2024-01-24T17:32:18","guid":{"rendered":"https:\/\/gpdstore.net\/nekategorizirano\/prikljucna-postaja-sd1\/"},"modified":"2025-12-23T10:21:33","modified_gmt":"2025-12-23T10:21:33","slug":"sd1-docking-station","status":"publish","type":"product","link":"https:\/\/gpdstore.net\/sl\/product\/sd1-docking-station\/","title":{"rendered":"Priklju\u010dna postaja SD1"},"content":{"rendered":"\n<h1 class=\"wp-block-heading\"><strong>Sprostite celoten potencial ro\u010dnega igranja s priklopno postajo SD1!<\/strong><\/h1>\n\n<h3 class=\"wp-block-heading\">Brezhibna integracija iger na dosegu roke!<\/h3>\n\n<p>Dobrodo\u0161li na podro\u010dju dodatkov za prenosne igralne ra\u010dunalnike, ki spreminjajo pravila igre! Predstavljamo priklopno postajo SD1, ki je bila izdelana posebej za strastne igralce, ki si \u017eelijo neprekinjene in nemotene igralne izku\u0161nje. S to najsodobnej\u0161o priklopno postajo lahko igralci pove\u010dajo zmogljivosti svojih ro\u010dnih igralnih ra\u010dunalnikov kot \u0161e nikoli prej. SD1 je vsestransko uporaben, od priljubljenega Steam Deck do izvrstnega AYA NEO Geek 1S, in zagotavlja, da va\u0161a najljub\u0161a ro\u010dna naprava dobi potrebno spodbudo. Preprosto ga priklopite, pove\u017eite s kablom USB Type-C in opazujte, kako se razvija \u010darobnost.    <\/p>\n\n<h3 class=\"wp-block-heading\"><strong>Izjemno hitra in stabilna internetna povezava<\/strong><\/h3>\n\n<p>Ni\u010d ve\u010d zaostajanja. Ni\u010d ve\u010d prekinitev. Potopite se v igralno vesolje z gigabitnim ethernetom RJ45 v SD1. S hitrostjo do 1000M ta priklopna postaja zagotavlja prednost v igrah za ve\u010d igralcev in omogo\u010da izjemno odzivne igralne seje. Poslovite se od frustrirajo\u010de zakasnitve in pozdravite gladko interakcijo med igrami v realnem \u010dasu. Ko \u0161teje vsaka milisekunda, SD1 poskrbi, da ste vedno korak pred drugimi.     <\/p>\n\n<h3 class=\"wp-block-heading\"><strong>\u017divahen in jasen zaslon<\/strong><\/h3>\n\n<p>Izbolj\u0161ajte svojo vizualno igralno izku\u0161njo! Priklju\u010dna postaja SD1 je opremljena z izhodom HDMI 2.0, ki igralcem omogo\u010da, da se potopijo v bogate vizualne slike 4K pri svilnato gladki frekvenci 60 Hz. Z mo\u017enostjo lo\u010dljivosti do 4096&#215;2160 vsak piksel o\u017eivi in vas popelje v sredi\u0161\u010de dogajanja. Do\u017eivite igre v vsej njihovi veli\u010dini, z brezhibnimi podrobnostmi, \u017eivahnimi barvami in neprimerljivo jasnostjo.   <\/p>\n\n<h3 class=\"wp-block-heading\"><strong>Hitra in u\u010dinkovita dobava energije<\/strong><\/h3>\n\n<p>Mo\u017enost neskon\u010dne igre! Priklju\u010dna postaja SD1 ni namenjena le povezljivosti in vizualni podobi, temve\u010d tudi temu, da va\u0161a igralna naprava ostane napolnjena z energijo. Z neverjetno zmogljivostjo polnjenja 100 W PD hitro napolni va\u0161o napravo in poskrbi, da vam v \u017earu bitke nikoli ne zmanjka baterije. Igrajte naprej z zaupanjem, da va\u0161o napravo nenehno napaja zanesljiv in hiter sistem za polnjenje.   <\/p>\n\n<h3 class=\"wp-block-heading\"><strong>Dostopnost do ve\u010d vrat za bolj\u0161o uporabnost<\/strong><\/h3>\n\n<p>Najbolj\u0161a vsestranskost! SD1 je opremljen s tremi priklju\u010dki USB tipa A 3.0, ki igralcem omogo\u010dajo priklju\u010ditev ve\u010d perifernih naprav. Ne glede na to, ali gre za dodatni krmilnik, slu\u0161alke ali katero koli drugo dodatno opremo s priklju\u010dkom USB, priklopna postaja SD1 zagotavlja, da ste pripravljeni na vse igralne scenarije. Izkusite hitrej\u0161i prenos podatkov in u\u017eivajte v igralnem okolju brez nereda.   <\/p>\n\n<h3 class=\"wp-block-heading\"><strong>Zanesljiva in u\u010dinkovita povezljivost<\/strong><\/h3>\n\n<p>Z enim samim kablom odklenete svet igralnih mo\u017enosti. SD1 izkori\u0161\u010da mo\u010d USB tipa C in zagotavlja stabilno in u\u010dinkovito povezavo med priklopno postajo in va\u0161o prenosno igralno napravo. Ta inovativna re\u0161itev povezljivosti ne obljublja le hitrej\u0161ega prenosa podatkov, temve\u010d zagotavlja tudi univerzalno zdru\u017eljivost z najnovej\u0161imi igralnimi napravami.  <\/p>\n\n<h3 class=\"wp-block-heading\"><strong>Robustna izdelava z elegantno estetiko<\/strong><\/h3>\n\n<p>Poleg tehni\u010dne dovr\u0161enosti je SD1 tudi dokaz elegantnega oblikovanja in robustne konstrukcije. Izdelan je iz sivega aluminija, zato iz\u017eareva vrhunski ob\u010dutek in obljublja dolgo \u017eivljenjsko dobo. Da bodo va\u0161e dragocene igralne naprave vedno za\u0161\u010ditene, je opremljen s \u010drnimi silikonskimi blazinicami, ki zagotavljajo dodatno varnost pred praskami in nenamernimi zdrsi.  <\/p>\n\n<h3 class=\"wp-block-heading\"><strong>Univerzalna zdru\u017eljivost: Gamerski u\u017eitek!<\/strong><\/h3>\n\n<p>Odlika odli\u010dne dodatne opreme je njena prilagodljivost in SD1 je v tem pogledu zelo dober. Zasnovan je tako, da je primeren za \u0161irok nabor ro\u010dnih igralnih ra\u010dunalnikov in zagotavlja, da noben igralec ne bo ostal zadaj. Ne glede na to, ali imate najnovej\u0161i GPD WIN 4 2023 ali ONEXPLAYER 2, je ta priklopna postaja va\u0161a celovita re\u0161itev za izbolj\u0161ane igralne zmogljivosti. Testirano s Steam Deck, ROG Ally, GPD WIN 4, GPD WIN 4 2023, ONEXPLAYER 2, AYA NEO 2S, AYA NEO Geek in AYA NEO Geek 1S.   <\/p>\n\n<h3 class=\"wp-block-heading\"><strong>Zaklju\u010dek<\/strong><\/h3>\n\n<p>S priklopno postajo SD1 vstopite v prihodnost ro\u010dnega igranja. To ni le priklopna postaja, temve\u010d do\u017eivetje, potovanje, nov na\u010din igranja. S priklopno postajo SD1 izbolj\u0161ajte svoje igranje in se podajte v novo dobo ro\u010dnega igranja.  <\/p>\n\n<p><\/p>\n","protected":false},"excerpt":{"rendered":"<ul>\n<li>Priklju\u010dna postaja <strong>SD1 <\/strong><\/li>\n<li>Gigabitni ethernet<\/li>\n<li>100W PD USB-C<\/li>\n<li>Izhod HDMI<\/li>\n<li><strong>Zdru\u017eljivo s<\/strong> GPD WIN 4 2024 in \u0161tevilnimi drugimi<\/li>\n<\/ul>\n[cg_accordion title=\"INFORMACIJE O PLA\u010cILU\"]<\/p>\n<p>Uporabljamo najnovej\u0161o tehnologijo za obdelavo pla\u010dil, ki vam omogo\u010da, da se na blagajni naro\u010dite prek Apple Pay, Google Pay, debetne\/kreditne kartice, PayPal ali metod BNPL, kot so Klarna, Affirm ali AfterPay, kar zagotavlja hitro in varno izku\u0161njo.[\/cg_accordion]\n[cg_accordion title=\"GARANCIJA\"]<\/p>\n<p>2 leti garancije <a href=\"https:\/\/droix.net\/\" target=\"_blank\" rel=\"nofollow noopener\">DROIX Global<\/a> za va\u0161 mir[\/cg_accordion]\n[cg_accordion title=\"CENE, DAVKI IN PO\u0160ILJANJE\"]<\/p>\n<p><strong><u>Opomba:<\/u><\/strong><\/p>\n<ul>\n<li>Zdru\u017eene dr\u017eave Amerike Kupci: Prikazana cena NE vklju\u010duje davka in dajatev. Odgovornost za carinjenje in pla\u010dilo vseh povezanih davkov\/carin nosi kupec. <\/li>\n<li>Stranke iz EU: Prikazana cena vklju\u010duje veljavni davek, ki lahko zna\u0161a do 25 %, odvisno od va\u0161e dr\u017eave.<\/li>\n<li>Kanada Kupci: Prikazana cena vklju\u010duje veljavne davke, ki lahko vklju\u010dujejo 5 % davek na dodano vrednost (GST) in dodatne pokrajinske davke na prodajo (PST), harmonizirani davek na prodajo (HST) ali davek na prodajo v Quebecu (QST), odvisno od va\u0161e province.<\/li>\n<\/ul>\n<p><strong>Samo za stranke iz EU:<\/strong> Ekspresno DDP (dostavljeno s pla\u010dano dajatvijo). To pomeni: <\/p>\n<ul>\n<li>Vse carine in davki so vklju\u010deni v ceno, prikazano na strani izdelka.<\/li>\n<li>Ob dostavi vam ne bo treba pla\u010dati nobenih dodatnih stro\u0161kov.<\/li>\n<li>V redkih primerih te\u017eav, povezanih s carino, bo na\u0161a ekipa v va\u0161em imenu opravila postopek carinjenja in zagotovila nemoteno dostavo.<\/li>\n<p>Pomembne informacije o vra\u010dilih:<\/p>\n<li>\u010ce se odlo\u010dite vrniti naro\u010dilo ali zahtevate vra\u010dilo, se morate zavedati, da davkov in dajatev, pla\u010danih v va\u0161em imenu pod pogoji DDP, ni mogo\u010de vrniti.<\/li>\n<p>Podrobne informacije so na voljo v na\u0161ih Pogojih <a href=\"https:\/\/gpdstore.net\/sl\/pogoji-uporabe-storitev\/\" target=\"_blank\" rel=\"nofollow noopener\">in dolo\u010dilih<\/a>.\n<\/ul>\n<p>[\/cg_accordion]\n[cg_accordion title=\"PODPORA STRANKAM\"]<\/p>\n<p>Imate vpra\u0161anje? Od re\u0161itve va\u0161ega vpra\u0161anja nas lo\u010di le kratko besedilo!<br \/>\n[\/cg_accordion]\n[cg_accordion title=\"KAJ JE VKLJU\u010cENO\"]<\/p>\n<ul>\n<li>1x priklopna postaja SD1<\/li>\n<\/ul>\n<p>[\/cg_accordion]\n","protected":false},"featured_media":278637,"template":"","meta":{"_acf_changed":false},"product_brand":[],"product_cat":[5386],"product_tag":[14793,6000],"woo-feed-brand":[5498],"class_list":{"0":"post-278581","1":"product","2":"type-product","3":"status-publish","4":"has-post-thumbnail","6":"product_cat-dodatki","7":"product_tag-40xmsale-sl","8":"product_tag-droix-hub-sl","9":"product_shipping_class-standard","11":"pa_accessory-type-prikljucna-postaja","12":"pa_i-o-video-1x-hdmi-sl","13":"woo-feed-brand-droix-sl","15":"first","16":"outofstock","17":"sale","18":"taxable","19":"shipping-taxable","20":"purchasable","21":"product-type-simple"},"acf":[],"aioseo_notices":[],"_links":{"self":[{"href":"https:\/\/gpdstore.net\/sl\/wp-json\/wp\/v2\/product\/278581","targetHints":{"allow":["GET"]}}],"collection":[{"href":"https:\/\/gpdstore.net\/sl\/wp-json\/wp\/v2\/product"}],"about":[{"href":"https:\/\/gpdstore.net\/sl\/wp-json\/wp\/v2\/types\/product"}],"wp:featuredmedia":[{"embeddable":true,"href":"https:\/\/gpdstore.net\/sl\/wp-json\/wp\/v2\/media\/278637"}],"wp:attachment":[{"href":"https:\/\/gpdstore.net\/sl\/wp-json\/wp\/v2\/media?parent=278581"}],"wp:term":[{"taxonomy":"product_brand","embeddable":true,"href":"https:\/\/gpdstore.net\/sl\/wp-json\/wp\/v2\/product_brand?post=278581"},{"taxonomy":"product_cat","embeddable":true,"href":"https:\/\/gpdstore.net\/sl\/wp-json\/wp\/v2\/product_cat?post=278581"},{"taxonomy":"product_tag","embeddable":true,"href":"https:\/\/gpdstore.net\/sl\/wp-json\/wp\/v2\/product_tag?post=278581"},{"taxonomy":"woo-feed-brand","embeddable":true,"href":"https:\/\/gpdstore.net\/sl\/wp-json\/wp\/v2\/woo-feed-brand?post=278581"}],"curies":[{"name":"wp","href":"https:\/\/api.w.org\/{rel}","templated":true}]}}