{"id":263303,"date":"2024-01-23T12:16:16","date_gmt":"2024-01-23T12:16:16","guid":{"rendered":"https:\/\/gpdstore.net\/nekategorizirano\/gpd-micro-pc\/"},"modified":"2025-12-23T10:25:34","modified_gmt":"2025-12-23T10:25:34","slug":"gpd-micro-pc","status":"publish","type":"product","link":"https:\/\/gpdstore.net\/sl\/product\/gpd-micro-pc\/","title":{"rendered":"GPD Micro PC UMPC"},"content":{"rendered":"\n<figure class=\"wp-block-video\"><video controls=\"\" muted=\"\" poster=\"https:\/\/gpdstore.net\/wp-content\/uploads\/2024\/01\/gpd-hero.jpg\" src=\"https:\/\/gpdstore.net\/wp-content\/uploads\/2024\/01\/Video-Project-22.mp4\"><\/video><\/figure>\n\n<div class=\"wp-block-columns is-layout-flex wp-container-core-columns-is-layout-28f84493 wp-block-columns-is-layout-flex\">\n<div class=\"wp-block-column is-layout-flow wp-block-column-is-layout-flow\" style=\"flex-basis:33.33%\">\n<figure class=\"wp-block-image size-full\"><img fetchpriority=\"high\" decoding=\"async\" width=\"1200\" height=\"929\" src=\"https:\/\/gpdstore.net\/wp-content\/uploads\/2024\/05\/1271643.jpg\" alt=\"GPD Micro PC, kompakten in vsestranski mini osebni ra&#x10D;unalnik, zasnovan za ra&#x10D;unalni&#x161;tvo in produktivnost na poti.\" class=\"wp-image-1670\" srcset=\"https:\/\/gpdstore.net\/wp-content\/uploads\/2024\/05\/1271643.jpg 1200w, https:\/\/gpdstore.net\/wp-content\/uploads\/2024\/05\/1271643-150x116.jpg 150w, https:\/\/gpdstore.net\/wp-content\/uploads\/2024\/05\/1271643-600x465.jpg 600w, https:\/\/gpdstore.net\/wp-content\/uploads\/2024\/05\/1271643-768x595.jpg 768w, https:\/\/gpdstore.net\/wp-content\/uploads\/2024\/05\/1271643-990x766.jpg 990w, https:\/\/gpdstore.net\/wp-content\/uploads\/2024\/05\/1271643-441x341.jpg 441w\" sizes=\"(max-width: 1200px) 100vw, 1200px\" \/><\/figure>\n<\/div>\n\n\n\n<div class=\"wp-block-column is-layout-flow wp-block-column-is-layout-flow\" style=\"flex-basis:66.66%\">\n<h2 class=\"wp-block-heading\">Ve\u010dvmesni\u0161ko orodje za mobilno produktivnost: 6-pal\u010dni MicroPC!<\/h2>\n\n\n\n<p>Medtem ko je bil Microsoft Surface Go razgla\u0161en za kompakten, lahek in cenovno dostopen zmogljiv ra\u010dunalnik, ga 6-pal\u010dni MicroPC dviguje na vi\u0161jo raven. Ni le manj\u0161i od Surface Go, temve\u010d ima tudi ve\u010d vmesnikov, zato je izjemno vsestranska naprava. To \u010dudo v velikosti dlani, ki na najtanj\u0161i to\u010dki meri le 15 mm in tehta le 440 g, je zasnovano za izjemno prenosnost brez kompromisov pri zmogljivosti. S toplotno na\u010drtovano porabo energije le 10 W je MicroPC enako zmogljiv kot Surface Go, in to po cenovno ugodnej\u0161i ceni. MicroPC je idealen za strokovnjake v vseh panogah, saj je najpomembnej\u0161e orodje za mobilno produktivnost!<\/p>\n<\/div>\n<\/div>\n\n<h2 class=\"wp-block-heading has-text-align-center\">Izjemna prenosljivost in prakti\u010dno oblikovanje: Specifikacije in oblika ra\u010dunalnika GPD Micro PC<\/h2>\n\n<div class=\"wp-block-columns is-layout-flex wp-container-core-columns-is-layout-28f84493 wp-block-columns-is-layout-flex\">\n<div class=\"wp-block-column is-layout-flow wp-block-column-is-layout-flow\">\n<figure class=\"wp-block-image size-full is-resized\"><img decoding=\"async\" width=\"1000\" height=\"899\" src=\"https:\/\/gpdstore.net\/wp-content\/uploads\/2024\/05\/714PPtewL._AC_UF10001000_QL80_.jpg\" alt=\"GPD Micro PC s 6-pal&#x10D;nim zaslonom IPS, ki je idealen za prenosno ra&#x10D;unalni&#x161;tvo in ve&#x10D;predstavnostne naloge.\" class=\"wp-image-1675\" style=\"width:299px;height:auto\" srcset=\"https:\/\/gpdstore.net\/wp-content\/uploads\/2024\/05\/714PPtewL._AC_UF10001000_QL80_.jpg 1000w, https:\/\/gpdstore.net\/wp-content\/uploads\/2024\/05\/714PPtewL._AC_UF10001000_QL80_-150x135.jpg 150w, https:\/\/gpdstore.net\/wp-content\/uploads\/2024\/05\/714PPtewL._AC_UF10001000_QL80_-600x539.jpg 600w, https:\/\/gpdstore.net\/wp-content\/uploads\/2024\/05\/714PPtewL._AC_UF10001000_QL80_-768x690.jpg 768w, https:\/\/gpdstore.net\/wp-content\/uploads\/2024\/05\/714PPtewL._AC_UF10001000_QL80_-990x890.jpg 990w, https:\/\/gpdstore.net\/wp-content\/uploads\/2024\/05\/714PPtewL._AC_UF10001000_QL80_-441x396.jpg 441w\" sizes=\"(max-width: 1000px) 100vw, 1000px\" \/><\/figure>\n\n\n\n<h3 class=\"wp-block-heading\">Najbolj\u0161i \u017eepni ra\u010dunalnik: Zakaj je 6-pal\u010dna oblika kot nala\u0161\u010d za digitalne nomade?<\/h3>\n\n\n\n<p>Ta mini osebni ra\u010dunalnik, ki meri le 6 \u00d7 4 palce in tehta le 440 gramov, je idealen za strokovnjake, \u0161tudente in digitalne nomade, ki so vedno na poti. S \u0161tirijedrnim Intelovim procesorjem, 8 GB <a href=\"https:\/\/gpdstore.net\/sl\/product-attribute\/memory-ram-capacity\/8-gb-sl\/\" target=\"_blank\" rel=\"noreferrer noopener\">pomnilnika RAM<\/a> in 256 GB, <a href=\"https:\/\/gpdstore.net\/sl\/product-attribute\/storage-capacity\/256-gb-sl\/\" target=\"_blank\" data-type=\"link\" data-id=\"https:\/\/gpdstore.net\/product-attribute\/storage-capacity\/256gb\/\" rel=\"noreferrer noopener\">512 GB ali<\/a> 1 TB <a href=\"https:\/\/gpdstore.net\/sl\/product-attribute\/storage-capacity\/512-gb-sl\/\" target=\"_blank\" rel=\"noreferrer noopener\">shrambe<\/a> <a href=\"https:\/\/gpdstore.net\/sl\/product-attribute\/storage-capacity\/1-tb-sl\/\" target=\"_blank\" rel=\"noreferrer noopener\">zagotavlja<\/a> hitro delovanje za ve\u010dopravilnost in zabavo na zaslonu visoke lo\u010dljivosti.<\/p>\n<\/div>\n\n\n\n<div class=\"wp-block-column is-layout-flow wp-block-column-is-layout-flow\">\n<figure class=\"wp-block-image size-full\"><img decoding=\"async\" width=\"300\" height=\"300\" src=\"https:\/\/gpdstore.net\/wp-content\/uploads\/2024\/05\/078e6b89-8d78-4318-bf09-8caf8fecef63.__CR1800840840_PT0_SX300_V1___.jpg\" alt=\"GPD Micro PC, zasnovan tako, da je odporen na udarce in zagotavlja vzdr&#x17E;ljivost v razli&#x10D;nih okoljih.\" class=\"wp-image-1672\" srcset=\"https:\/\/gpdstore.net\/wp-content\/uploads\/2024\/05\/078e6b89-8d78-4318-bf09-8caf8fecef63.__CR1800840840_PT0_SX300_V1___.jpg 300w, https:\/\/gpdstore.net\/wp-content\/uploads\/2024\/05\/078e6b89-8d78-4318-bf09-8caf8fecef63.__CR1800840840_PT0_SX300_V1___-150x150.jpg 150w, https:\/\/gpdstore.net\/wp-content\/uploads\/2024\/05\/078e6b89-8d78-4318-bf09-8caf8fecef63.__CR1800840840_PT0_SX300_V1___-100x100.jpg 100w\" sizes=\"(max-width: 300px) 100vw, 300px\" \/><\/figure>\n\n\n\n<h3 class=\"wp-block-heading\"><strong>Letalska lupina ABS: Pregled vzdr\u017eljivosti in za\u0161\u010dite GPD Micro PC<\/strong><\/h3>\n\n\n\n<p>Ta material je izdelan iz vrhunske letalske sinteti\u010dne smole ABS LG-DOW 121H, uvo\u017eene iz Ju\u017ene Koreje, ki je odporna proti udarcem in zagotavlja izjemno vzdr\u017eljivost in za\u0161\u010dito. Z veliko debelino 1 mm se pona\u0161a z zaviranjem gorenja, odpornostjo na visoko temperaturo in certifikatom V-0 za ognjevarnost. Njegova impresivna trdota po Rockwellu do 109 R in upogibna trdnost 26 000 kg\/cm\u00b2<\/p>\n<\/div>\n\n\n\n<div class=\"wp-block-column is-layout-flow wp-block-column-is-layout-flow\">\n<figure class=\"wp-block-image size-full\"><img loading=\"lazy\" decoding=\"async\" width=\"300\" height=\"300\" src=\"https:\/\/gpdstore.net\/wp-content\/uploads\/2024\/05\/84908091-c530-4179-9369-d0a566b13ce8.__CR1260949949_PT0_SX300_V1___.jpg\" alt=\"GPD Micro PC s podporo za raz&#x161;irjene periferne naprave, ki omogo&#x10D;a vsestransko povezljivost in funkcionalnost v kompaktni obliki\" class=\"wp-image-1674\" srcset=\"https:\/\/gpdstore.net\/wp-content\/uploads\/2024\/05\/84908091-c530-4179-9369-d0a566b13ce8.__CR1260949949_PT0_SX300_V1___.jpg 300w, https:\/\/gpdstore.net\/wp-content\/uploads\/2024\/05\/84908091-c530-4179-9369-d0a566b13ce8.__CR1260949949_PT0_SX300_V1___-150x150.jpg 150w, https:\/\/gpdstore.net\/wp-content\/uploads\/2024\/05\/84908091-c530-4179-9369-d0a566b13ce8.__CR1260949949_PT0_SX300_V1___-100x100.jpg 100w\" sizes=\"(max-width: 300px) 100vw, 300px\" \/><\/figure>\n\n\n\n<h3 class=\"wp-block-heading\"><strong>Raz\u0161iritev shranjevanja in funkcionalnosti: Uporaba USB 3.0 in re\u017ee Micro SD<\/strong><\/h3>\n\n\n\n<p>Ta naprava je opremljena s tremi vmesniki USB 3.0 in re\u017eo Micro SD, zato lahko vanjo namestite do \u0161tiri zunanje naprave za shranjevanje podatkov, kar omogo\u010da prakti\u010dno neomejeno zmogljivost shranjevanja. Vsestranskost pa se s tem ne kon\u010da. Z mo\u017enostjo priklju\u010ditve dodatnih perifernih naprav prek vozli\u0161\u010da lahko nastavitev prilagodite svojim potrebam, ne glede na to, ali gre za pove\u010danje produktivnosti ali raz\u0161iritev funkcionalnosti.<\/p>\n<\/div>\n<\/div>\n\n<figure class=\"wp-block-image size-large\"><img loading=\"lazy\" decoding=\"async\" width=\"1200\" height=\"563\" src=\"https:\/\/gpdstore.net\/wp-content\/uploads\/2024\/05\/1068053-1200x563.jpg\" alt=\"GPD Micro PC, kompakten in zmogljiv mini ra&#x10D;unalnik, idealen za mobilno ra&#x10D;unalni&#x161;tvo in produktivnost na poti\" class=\"wp-image-1678\" srcset=\"https:\/\/gpdstore.net\/wp-content\/uploads\/2024\/05\/1068053-1200x563.jpg 1200w, https:\/\/gpdstore.net\/wp-content\/uploads\/2024\/05\/1068053-150x70.jpg 150w, https:\/\/gpdstore.net\/wp-content\/uploads\/2024\/05\/1068053-600x281.jpg 600w, https:\/\/gpdstore.net\/wp-content\/uploads\/2024\/05\/1068053-768x360.jpg 768w, https:\/\/gpdstore.net\/wp-content\/uploads\/2024\/05\/1068053-1536x720.jpg 1536w, https:\/\/gpdstore.net\/wp-content\/uploads\/2024\/05\/1068053-990x464.jpg 990w, https:\/\/gpdstore.net\/wp-content\/uploads\/2024\/05\/1068053-441x207.jpg 441w, https:\/\/gpdstore.net\/wp-content\/uploads\/2024\/05\/1068053.jpg 1920w\" sizes=\"(max-width: 1200px) 100vw, 1200px\" \/><\/figure>\n\n<p><br\/>Izkusite vrhunsko zmogljivost v kompaktnem ohi\u0161ju z ra\u010dunalnikom GPD Micro PC. Ta mini prenosni ra\u010dunalnik z operacijskim sistemom Windows 10 PRO je prilagojen vsem, ki i\u0161\u010dejo hiter in u\u010dinkovit industrijski ra\u010dunalnik z zanesljivimi komunikacijskimi priklju\u010dki.<\/p>\n\n<figure class=\"wp-block-image size-large\"><img loading=\"lazy\" decoding=\"async\" width=\"1200\" height=\"600\" src=\"https:\/\/gpdstore.net\/wp-content\/uploads\/2024\/05\/MicroPC-1200x600.jpg\" alt=\"GPD Micro PC, majhen, a zmogljiv prenosni ra&#x10D;unalnik, zasnovan za vsestranska ra&#x10D;unalni&#x161;ka opravila.\" class=\"wp-image-1677\" srcset=\"https:\/\/gpdstore.net\/wp-content\/uploads\/2024\/05\/MicroPC-1200x600.jpg 1200w, https:\/\/gpdstore.net\/wp-content\/uploads\/2024\/05\/MicroPC-150x75.jpg 150w, https:\/\/gpdstore.net\/wp-content\/uploads\/2024\/05\/MicroPC-600x300.jpg 600w, https:\/\/gpdstore.net\/wp-content\/uploads\/2024\/05\/MicroPC-768x384.jpg 768w, https:\/\/gpdstore.net\/wp-content\/uploads\/2024\/05\/MicroPC-1536x768.jpg 1536w, https:\/\/gpdstore.net\/wp-content\/uploads\/2024\/05\/MicroPC-990x495.jpg 990w, https:\/\/gpdstore.net\/wp-content\/uploads\/2024\/05\/MicroPC-441x221.jpg 441w, https:\/\/gpdstore.net\/wp-content\/uploads\/2024\/05\/MicroPC.jpg 1920w\" sizes=\"(max-width: 1200px) 100vw, 1200px\" \/><\/figure>\n\n<p>Mikro ra\u010dunalnik je opremljen s hitrim \u0161tirijedrnim procesorjem Intel\u00ae Celeron\u00ae N4120 s turbo frekvenco do 2,6 GHz in <a href=\"https:\/\/gpdstore.net\/sl\/product-attribute\/memory-ram-capacity\/8-gb-sl\/\" target=\"_blank\" rel=\"noreferrer noopener\">8 GB<\/a> hitrega pomnilnika <a href=\"https:\/\/gpdstore.net\/sl\/product-attribute\/memory-ram-technology\/lpddr4-sl-2\/\" target=\"_blank\" rel=\"noreferrer noopener\">LPDDR4<\/a>, zato zagotavlja impresivno zmogljivost. Izbirate lahko med tremi mo\u017enostmi shranjevanja: <a href=\"https:\/\/gpdstore.net\/sl\/product-attribute\/storage-capacity\/256-gb-sl\/\" target=\"_blank\" rel=\"noreferrer noopener\">256 GB<\/a>, <a href=\"https:\/\/gpdstore.net\/sl\/product-attribute\/storage-capacity\/512-gb-sl\/\" target=\"_blank\" rel=\"noreferrer noopener\">512 GB<\/a> ali <a href=\"https:\/\/gpdstore.net\/sl\/product-attribute\/storage-capacity\/1-tb-sl\/\" target=\"_blank\" rel=\"noreferrer noopener\">1 TB<\/a> NGFF M.2 SSD SATA, s prilagodljivostjo za poznej\u0161o nadgradnjo.<\/p>\n\n<p>Povezljivost je vrhunska, saj se lahko kosa celo s polnimi industrijskimi osebnimi ra\u010dunalniki: ima tri vrata USB 3.0 tipa A, eno vrata USB tipa C, serijska vrata RS232, vrata RJ45 1 GB\/s Ethernet, vrata HDMI in bralnik kartic MicroSD. Brez\u017ei\u010dne mo\u017enosti vklju\u010dujejo 802.11b\/g\/n\/ac, dvopasovni Wi-Fi 2,4G\/5G in Bluetooth 4.2.<\/p>\n\n<p>6-pal\u010dni zaslon ra\u010dunalnika Micro PC ima lo\u010dljivost 1280&#215;720 in je za\u0161\u010diten s steklom Gorilla Glass 4. Kljub zmogljivi strojni opremi je ta naprava kompaktna, saj v zaprtem stanju meri le 6 x 4,4 x 0,9 palca &#8211; dovolj majhna, da jo lahko pospravite v \u017eep ali manj\u0161o torbo.<\/p>\n\n<p>GPD Micro ponuja izjemno prenosljivost, obse\u017eno povezljivost in visokozmogljive zmogljivosti, zato je idealna izbira za navdu\u0161ence nad mikro ra\u010dunalniki z operacijskim sistemom Windows 10.<\/p>\n\n<figure class=\"wp-block-image size-large\"><img loading=\"lazy\" decoding=\"async\" width=\"1200\" height=\"500\" src=\"https:\/\/gpdstore.net\/wp-content\/uploads\/2024\/05\/1068559-1200x500.jpg\" alt=\"GPD Micro PC, kompakten in robusten mini ra&#x10D;unalnik, ki je idealen za mobilno ra&#x10D;unalni&#x161;tvo in produktivnost.\" class=\"wp-image-1676\" srcset=\"https:\/\/gpdstore.net\/wp-content\/uploads\/2024\/05\/1068559-1200x500.jpg 1200w, https:\/\/gpdstore.net\/wp-content\/uploads\/2024\/05\/1068559-150x63.jpg 150w, https:\/\/gpdstore.net\/wp-content\/uploads\/2024\/05\/1068559-600x250.jpg 600w, https:\/\/gpdstore.net\/wp-content\/uploads\/2024\/05\/1068559-768x320.jpg 768w, https:\/\/gpdstore.net\/wp-content\/uploads\/2024\/05\/1068559-1536x640.jpg 1536w, https:\/\/gpdstore.net\/wp-content\/uploads\/2024\/05\/1068559-990x413.jpg 990w, https:\/\/gpdstore.net\/wp-content\/uploads\/2024\/05\/1068559-441x184.jpg 441w, https:\/\/gpdstore.net\/wp-content\/uploads\/2024\/05\/1068559.jpg 1920w\" sizes=\"(max-width: 1200px) 100vw, 1200px\" \/><\/figure>\n","protected":false},"excerpt":{"rendered":"<ul>\n<li>Prilagojeno za strokovnjake IT<\/li>\n<li>Intelov \u010dipovski nabor N4120<\/li>\n<li>Windows 10 <strong>Pro<\/strong><\/li>\n<li>Serijska vrata RS-232<\/li>\n<li>Dvopasovni Wi-Fi in 1 gigabitna vrata RJ45<\/li>\n<\/ul>\n<p>[cg_accordion title=\"INFORMACIJE O PLA\u010cILU\"]  Uporabljamo najnovej\u0161o tehnologijo za obdelavo pla\u010dil, ki vam omogo\u010da, da se na blagajno prijavite s svojo debetno\/kreditno kartico ali storitvijo PayPal, kar zagotavlja hitro in varno izku\u0161njo.[\/cg_accordion] [cg_accordion title=\"GARANCIJA\"]  2 leti garancije <a href=\"https:\/\/droix.net\/\" target=\"_blank\" rel=\"nofollow noopener\">DROIX Global za<\/a> va\u0161 mir[\/cg_accordion] [cg_accordion title=\"ZAGOTAVLJANJE KAKOVOSTI IN TESTIRANJE PRED ODPREMO\"]  Zagotavljanje zadovoljstva strank na najvi\u0161ji ravni: Vsaka naprava je pred odpremo strogo preizku\u0161ena in preverjena v ve\u010d to\u010dkah za zagotavljanje kakovosti. Na\u0161a predana ekipa preveri delovanje, funkcionalnost in celovitost komponent, s \u010dimer zagotovimo, da bo va\u0161a naprava GPD ob prihodu v popolnem delovnem stanju, kar vam zagotavlja zaupanje in mir v du\u0161i. [\/cg_accordion] [cg_accordion title=\"PRICING, TAXES AND SHIPPING\"] <strong><u>Opomba:<\/u><\/strong><\/p>\n<ul>\n<li>Zdru\u017eene dr\u017eave Amerike Kupci: Prikazana cena NE vklju\u010duje davka in dajatev. Odgovornost za carinjenje in pla\u010dilo vseh povezanih davkov\/carin nosi kupec. <\/li>\n<li>Stranke iz EU: Prikazana cena vklju\u010duje veljavni davek, ki lahko zna\u0161a do 25 %, odvisno od va\u0161e dr\u017eave.<\/li>\n<li>Kanada Kupci: Prikazana cena vklju\u010duje veljavne davke, ki lahko vklju\u010dujejo 5 % davek na dodano vrednost (GST) in dodatne pokrajinske davke na prodajo (PST), harmonizirani davek na prodajo (HST) ali davek na prodajo v Quebecu (QST), odvisno od va\u0161e province.<\/li>\n<\/ul>\n<p><strong>Samo za stranke iz EU:<\/strong> Ekspresno DDP (dostavljeno s pla\u010dano dajatvijo). To pomeni: <\/p>\n<ul>\n<li style=\"list-style-type: none;\">\n<ul>\n<li>Vse carine in davki so vklju\u010deni v ceno, prikazano na strani izdelka.<\/li>\n<li>Ob dostavi vam ne bo treba pla\u010dati nobenih dodatnih stro\u0161kov.<\/li>\n<li>V redkih primerih te\u017eav, povezanih s carino, bo na\u0161a ekipa v va\u0161em imenu opravila postopek carinjenja in zagotovila nemoteno dostavo.<\/li>\n<p>Pomembne informacije o vra\u010dilih:<\/p>\n<li>\u010ce se odlo\u010dite vrniti naro\u010dilo ali zahtevate vra\u010dilo, se morate zavedati, da davkov in dajatev, pla\u010danih v va\u0161em imenu pod pogoji DDP, ni mogo\u010de vrniti.<\/li>\n<p>Oglejte si na\u0161e<\/ul>\n<\/li>\n<\/ul>\n<p><a href=\"https:\/\/droix.net\/terms-and-conditions\/\" target=\"_blank\" rel=\"nofollow noopener\">Pogoji in dolo\u010dila<\/a><\/p>\n<ul>za podrobne informacije.<\/ul>\n<p>[\/cg_accordion] [cg_accordion title=\"PODPORA STRANKAM\"]  Imate vpra\u0161anje? Samo kratko besedilo nas lo\u010di od re\u0161itve va\u0161ega vpra\u0161anja!  Podrobne informacije so na voljo v na\u0161ih Pogojih <a href=\"https:\/\/gpdstore.net\/sl\/terms-of-service\/\" target=\"_blank\" rel=\"nofollow noopener\">in dolo\u010dilih<\/a>.  [\/cg_accordion] [cg_accordion title=\"WHAT'S INCLUDED\"]<\/p>\n<ul>\n<li>1x GPD Micro PC<\/li>\n<li>1x napajalnik<\/li>\n<li>1x kabel USB tipa C<\/li>\n<li>1x uporabni\u0161ki priro\u010dnik<\/li>\n<\/ul>\n<p>[\/cg_accordion]<\/p>\n","protected":false},"featured_media":264951,"template":"","meta":{"_acf_changed":false},"product_brand":[],"product_cat":[6606],"product_tag":[16898,17936],"woo-feed-brand":[5638],"class_list":{"0":"post-263303","1":"product","2":"type-product","3":"status-publish","4":"has-post-thumbnail","6":"product_cat-prenosni-racunalniki-gpd-mini-sl","7":"product_tag-10xmsale-sl","8":"product_tag-gpd-micro-pc-sl","9":"product_shipping_class-standard","10":"pa_bluetooth-4-2-sl","11":"pa_brand-gpd","12":"pa_graphics-gpu-model-grafika-uhd-600-sl","13":"pa_i-o-video-1x-hdmi-2-0-tipa-a","14":"pa_memory-ram-capacity-8-gb-sl","15":"pa_memory-ram-technology-lpddr4-sl-2","16":"pa_processor-cpu-model-celeron-n4120-processor","17":"pa_storage-capacity-1-tb-sl","18":"pa_storage-capacity-1tb","19":"pa_storage-capacity-256-gb-sl","20":"pa_storage-capacity-256gb","21":"pa_storage-capacity-512-gb-sl","22":"pa_storage-capacity-512gb","23":"pa_storage-technology-ssd-m-2-2242-sl","24":"pa_wi-fi-2-4g-5g-dual-band-sl","25":"woo-feed-brand-gpd-sl","27":"first","28":"outofstock","29":"sale","30":"taxable","31":"shipping-taxable","32":"purchasable","33":"product-type-variable","34":"has-default-attributes"},"acf":[],"aioseo_notices":[],"_links":{"self":[{"href":"https:\/\/gpdstore.net\/sl\/wp-json\/wp\/v2\/product\/263303","targetHints":{"allow":["GET"]}}],"collection":[{"href":"https:\/\/gpdstore.net\/sl\/wp-json\/wp\/v2\/product"}],"about":[{"href":"https:\/\/gpdstore.net\/sl\/wp-json\/wp\/v2\/types\/product"}],"wp:featuredmedia":[{"embeddable":true,"href":"https:\/\/gpdstore.net\/sl\/wp-json\/wp\/v2\/media\/264951"}],"wp:attachment":[{"href":"https:\/\/gpdstore.net\/sl\/wp-json\/wp\/v2\/media?parent=263303"}],"wp:term":[{"taxonomy":"product_brand","embeddable":true,"href":"https:\/\/gpdstore.net\/sl\/wp-json\/wp\/v2\/product_brand?post=263303"},{"taxonomy":"product_cat","embeddable":true,"href":"https:\/\/gpdstore.net\/sl\/wp-json\/wp\/v2\/product_cat?post=263303"},{"taxonomy":"product_tag","embeddable":true,"href":"https:\/\/gpdstore.net\/sl\/wp-json\/wp\/v2\/product_tag?post=263303"},{"taxonomy":"woo-feed-brand","embeddable":true,"href":"https:\/\/gpdstore.net\/sl\/wp-json\/wp\/v2\/woo-feed-brand?post=263303"}],"curies":[{"name":"wp","href":"https:\/\/api.w.org\/{rel}","templated":true}]}}