{"id":232077,"date":"2023-11-29T11:23:37","date_gmt":"2023-11-29T11:23:37","guid":{"rendered":"https:\/\/gpdstore.net\/nekategorizirano\/prikljucna-postaja-gpd-g1-2024-egpu\/"},"modified":"2026-03-27T11:14:25","modified_gmt":"2026-03-27T11:14:25","slug":"gpd-g1","status":"publish","type":"product","link":"https:\/\/gpdstore.net\/sl\/product\/gpd-g1\/","title":{"rendered":"Priklju\u010dna postaja GPD G1 (2024) eGPU"},"content":{"rendered":"\n<figure class=\"wp-block-image aligncenter size-full\"><img decoding=\"async\" src=\"https:\/\/gpdstore.net\/wp-content\/uploads\/\" alt=\"Slika priklopne postaje GPD G1 2024 eGPU z grafi&#x10D;nim procesorjem AMD Radeon RX 7600M XT, preklopnim stikalom TGP in vsestransko povezljivostjo. Odli&#x10D;no za igralce in profesionalce. Prednaro&#x10D;ilo za revolucionarne zmogljivosti\" class=\"wp-image-1471\"\/><\/figure>\n\n<h2 class=\"wp-block-heading\"><strong>Priklju\u010dna postaja GPD G1 2024 eGPU: Revolucijski preskok<\/strong><\/h2>\n\n<p>Priklju\u010dna postaja GPD G1 2024 eGPU predstavlja pomemben korak naprej v svetu zunanjih grafi\u010dnih procesorjev. Ta priklopna postaja je zasnovana za uporabnike, ki potrebujejo mobilnost in visokozmogljivo ra\u010dunalni\u0161tvo, ter na novo dolo\u010da standarde v industriji eGPU. Z vrhunsko tehnologijo, vklju\u010dno z grafi\u010dno kartico AMD Radeon RX 7600M XT, in inovativnimi funkcijami, kot je preklopno stikalo TGP, je priklopna postaja GPD G1 eGPU namenjena tako igralcem kot profesionalcem. Njegova elegantna in prenosna zasnova ne izbolj\u0161a le va\u0161ega delovnega prostora, temve\u010d zagotavlja tudi zmogljivo delovanje, kjer koli ste. Z naprava GPD G1 se podajte v prihodnost zabave in produktivnosti brez kompromisov.<\/p>\n\n<figure class=\"wp-block-gallery has-nested-images columns-default is-cropped wp-block-gallery-1 is-layout-flex wp-block-gallery-is-layout-flex\">\n<figure class=\"wp-block-image size-large\"><img decoding=\"async\" data-id=\"1494\" src=\"https:\/\/gpdstore.net\/wp-content\/uploads\/\" alt=\"Slika prikazuje ro&#x10D;no napravo GPD G1, povezano s prenosnim ra&#x10D;unalnikom WIN Max 2, pri &#x10D;emer sta obe napravi povezani z zunanjima monitorjema za raz&#x161;irjeno nastavitev zaslona.\" class=\"wp-image-1494\"\/><\/figure>\n\n\n\n<figure class=\"wp-block-image size-large\"><img decoding=\"async\" data-id=\"1493\" src=\"https:\/\/gpdstore.net\/wp-content\/uploads\/\" alt=\"Slika prikazuje ro&#x10D;no napravo GPD G1, povezano s prenosnim ra&#x10D;unalnikom WIN 4, skupaj z zunanjimi monitorji, kar omogo&#x10D;a nastavitev z ve&#x10D; zasloni.\" class=\"wp-image-1493\"\/><\/figure>\n\n\n\n<figure class=\"wp-block-image size-large\"><img decoding=\"async\" data-id=\"1467\" src=\"https:\/\/gpdstore.net\/wp-content\/uploads\/\" alt=\"Slika prikazuje ro&#x10D;no napravo GPD G1, povezano z GPD Pocket 3, pri &#x10D;emer sta obe napravi povezani z zunanjima monitorjema za konfiguracijo z ve&#x10D; zasloni.\" class=\"wp-image-1467\"\/><\/figure>\n\n\n\n<figure class=\"wp-block-image size-large\"><img decoding=\"async\" data-id=\"1464\" src=\"https:\/\/gpdstore.net\/wp-content\/uploads\/\" alt=\"GPD G1 2024, elegantna ro&#x10D;na igralna naprava z &#x17E;ivahnim zaslonom, ergonomi&#x10D;nim upravljanjem in sodobnim dizajnom.\" class=\"wp-image-1464\"\/><\/figure>\n\n\n\n<figure class=\"wp-block-image size-large\"><img fetchpriority=\"high\" decoding=\"async\" width=\"1000\" height=\"1000\" data-id=\"1465\" src=\"https:\/\/gpdstore.net\/wp-content\/uploads\/2024\/05\/GPD-G1_2024-USAGE-IMAGE-5.jpg\" alt=\"Slika ro&#x10D;ne naprave GPD G1, povezane s prenosnim ra&#x10D;unalnikom.\" class=\"wp-image-1465\" srcset=\"https:\/\/gpdstore.net\/wp-content\/uploads\/2024\/05\/GPD-G1_2024-USAGE-IMAGE-5.jpg 1000w, https:\/\/gpdstore.net\/wp-content\/uploads\/2024\/05\/GPD-G1_2024-USAGE-IMAGE-5-600x600.jpg 600w, https:\/\/gpdstore.net\/wp-content\/uploads\/2024\/05\/GPD-G1_2024-USAGE-IMAGE-5-150x150.jpg 150w, https:\/\/gpdstore.net\/wp-content\/uploads\/2024\/05\/GPD-G1_2024-USAGE-IMAGE-5-768x768.jpg 768w, https:\/\/gpdstore.net\/wp-content\/uploads\/2024\/05\/GPD-G1_2024-USAGE-IMAGE-5-990x990.jpg 990w, https:\/\/gpdstore.net\/wp-content\/uploads\/2024\/05\/GPD-G1_2024-USAGE-IMAGE-5-441x441.jpg 441w, https:\/\/gpdstore.net\/wp-content\/uploads\/2024\/05\/GPD-G1_2024-USAGE-IMAGE-5-100x100.jpg 100w\" sizes=\"(max-width: 1000px) 100vw, 1000px\" \/><\/figure>\n\n\n\n<figure class=\"wp-block-image size-large\"><img decoding=\"async\" data-id=\"1466\" src=\"https:\/\/gpdstore.net\/wp-content\/uploads\/\" alt=\"Priklju&#x10D;na postaja GPD G1 2024 eGPU: AMD Radeon RX 7600M XT, preklopno stikalo TGP in vsestranska povezljivost. Idealno za igralce in profesionalce.\" class=\"wp-image-1466\"\/><\/figure>\n<\/figure>\n\n<div class=\"wp-block-columns is-layout-flex wp-container-core-columns-is-layout-28f84493 wp-block-columns-is-layout-flex\">\n<div class=\"wp-block-column is-layout-flow wp-block-column-is-layout-flow\" style=\"flex-basis:66.66%\">\n<figure class=\"wp-block-image size-full\"><img decoding=\"async\" src=\"https:\/\/gpdstore.net\/wp-content\/uploads\/\" alt=\"Slika prikazuje priklopno postajo GPD G1 2024 eGPU, ki poudarja grafi&#x10D;ni procesor AMD Radeon RX 7600M XT, preklopno stikalo TGP in vsestranske mo&#x17E;nosti povezljivosti. Kot nala&#x161;&#x10D; za igralce in profesionalce, ki i&#x161;&#x10D;ejo neprimerljivo zmogljivost in elegantno zasnovo.\" class=\"wp-image-995\"\/><\/figure>\n<\/div>\n\n\n\n<div class=\"wp-block-column is-layout-flow wp-block-column-is-layout-flow\" style=\"flex-basis:33.33%\">\n<h2 class=\"wp-block-heading has-text-align-left\"><strong>GPD G1 2024 &#8211;<\/strong> <strong><strong>Najmanj\u0161i raz\u0161iritveni dok za grafi\u010dne kartice <\/strong><\/strong> <\/h2>\n\n\n\n<p>Priklju\u010dna postaja eGPU postavlja nove tehnolo\u0161ke standarde, saj ponuja neprimerljivo zmogljivost, obliko in funkcionalnost. Z zmogljivim grafi\u010dnim procesorjem AMD Radeon RX 7600M XT, inovativnim preklopnim stikalom TGP in vsestranskimi mo\u017enostmi povezljivosti je to vrhunska re\u0161itev za igralce in profesionalce. Prednaro\u010dite priklopno postajo GPD G1 2024 eGPU \u0161e danes in bodite med prvimi, ki bodo izkusili njene revolucionarne funkcije. Z GPD G1 stopite v prihodnost &#8211; kjer se zmogljivost zdru\u017euje s prenosljivostjo. <\/p>\n<\/div>\n<\/div>\n\n<h2 class=\"wp-block-heading has-text-align-center\">Nadzor zmogljivosti naslednje generacije: TGP in povezljivost za zmogljive uporabnike<\/h2>\n\n<div class=\"wp-block-columns is-layout-flex wp-container-core-columns-is-layout-28f84493 wp-block-columns-is-layout-flex\">\n<div class=\"wp-block-column is-layout-flow wp-block-column-is-layout-flow\">\n<figure class=\"wp-block-image size-full is-resized\"><img decoding=\"async\" src=\"https:\/\/gpdstore.net\/wp-content\/uploads\/\" alt=\"Slika priklopne postaje GPD G1 2024 eGPU z grafi&#x10D;nim procesorjem AMD Radeon RX 7600M XT, preklopnim stikalom TGP za bolj&#x161;i nadzor zmogljivosti in vsestransko povezljivostjo. Odli&#x10D;no za igralce in profesionalce. Prednaro&#x10D;ite zdaj za revolucionarne zmogljivosti.\" class=\"wp-image-1510\" style=\"width:281px;height:auto\"\/><\/figure>\n\n\n\n<h3 class=\"wp-block-heading\"><strong>Tihi na\u010din proti izbolj\u0161ani zmogljivosti: Kako preklopno stikalo TGP (60W\/100W) optimizira va\u0161o izku\u0161njo<\/strong><\/h3>\n\n\n\n<p>Z ekskluzivno tipko \u201eTGP Toggle Key\u201c lahko med igranjem iger prosto preklapljate med tihim in zmogljivim na\u010dinom.<br\/>Stikalo TGP Toggle Switch uporabnikom omogo\u010da izbiro med tihim na\u010dinom (60W TGP) za manj hrupa in obi\u010dajnim na\u010dinom (100W TGP) za ve\u010djo zmogljivost, kar zagotavlja prilagodljivost glede na potrebe uporabnikov.<\/p>\n<\/div>\n\n\n\n<div class=\"wp-block-column is-layout-flow wp-block-column-is-layout-flow\">\n<figure class=\"wp-block-image size-full is-resized\"><img decoding=\"async\" src=\"https:\/\/gpdstore.net\/wp-content\/uploads\/\" alt=\"Slika GPD G1 2024 M.2 Vmesni&#x161;ka kartica s protokolom NVMe za vmesnik Oculink SFF-8612, ki ponuja kompaktno raz&#x161;iritev za grafi&#x10D;ne kartice\" class=\"wp-image-1507\" style=\"width:284px;height:auto\"\/><\/figure>\n\n\n\n<h3 class=\"wp-block-heading\"><strong>Prednost sistema Oculink: Zakaj vmesnik SFF-8612 zagotavlja vrhunsko pasovno \u0161irino za eGPU<\/strong><\/h3>\n\n\n\n<p>Mati\u010dne plo\u0161\u010de ITX, kot je Z690I, imajo obi\u010dajno tri vmesnike M.2, od katerih lahko enega uporabite za priklju\u010ditev kartice adapterja. S kablom Oculink SF-8611 z dvema vratoma lahko vmesnik Oculink SFF-8612 kartice adapterja pove\u017eete z vmesnikom Oculink SFF-8612 naprave GPD G1.<\/p>\n<\/div>\n\n\n\n<div class=\"wp-block-column is-layout-flow wp-block-column-is-layout-flow\">\n<figure class=\"wp-block-image size-full is-resized\"><img decoding=\"async\" src=\"https:\/\/gpdstore.net\/wp-content\/uploads\/\" alt=\"Slika vmesni&#x161;ke kartice GPD G1 2024 SFF-8612, najmanj&#x161;ega raz&#x161;iritvenega priklju&#x10D;ka za grafi&#x10D;ne kartice.\" class=\"wp-image-1508\" style=\"width:227px;height:auto\"\/><\/figure>\n\n\n\n<h3 class=\"wp-block-heading\"><strong>Re\u0161evanje problema polovi\u010dne vi\u0161ine: uporaba dolgega in kratkega nosilca za namestitev grafi\u010dne kartice<\/strong><\/h3>\n\n\n\n<p>Grafi\u010dne kartice polovi\u010dne vi\u0161ine, primerne za ohi\u0161ja ITX, so redke, zmogljivih grafi\u010dnih kartic polovi\u010dne vi\u0161ine pa skoraj ni. Zato lahko za povezavo z GPD G1 namestite vmesni\u0161ko kartico PCIe 3.0 x4 do vmesnika Oculink SFF-8612. Dolgi in kratki nosilec lahko preprosto zamenjate.<\/p>\n\n\n\n<h3 class=\"wp-block-heading\"><strong><br\/><\/strong><\/h3>\n<\/div>\n<\/div>\n\n<h2 class=\"wp-block-heading\"><strong>Pregled izdelka<\/strong><\/h2>\n\n<p>Priklju\u010dna postaja GPD G1 2024 eGPU utele\u0161a tehnolo\u0161ki napredek in ergonomsko obliko. Grafi\u010dni procesor AMD Radeon RX 7600M XT in arhitektura RDNA 3.0 zagotavljata neprimerljivo grafi\u010dno zmogljivost, primerno za igre AAA v lo\u010dljivosti do 4K. Ta naprava je namenjena razli\u010dnim uporabnikom, od igralnih navdu\u0161encev, ki i\u0161\u010dejo vrhunsko zmogljivost, do strokovnjakov, ki potrebujejo ra\u010dunalni\u0161ko mo\u010d na poti.<\/p>\n\n<figure class=\"wp-block-image size-full\"><img decoding=\"async\" src=\"https:\/\/gpdstore.net\/wp-content\/uploads\/\" alt=\"Slika priklopne postaje GPD G1 2024 eGPU z grafi&#x10D;nim procesorjem AMD Radeon RX 7600M XT, preklopnim stikalom TGP in  \" class=\"wp-image-1511\"\/><\/figure>\n\n<p>Priklju\u010dna postaja GPD G1 2024 eGPU ponuja izjemno vsestranskost z mo\u017enostmi povezav OcuLink in USB 4, ki podpira \u0161irok nabor ro\u010dnih igralnih ra\u010dunalnikov in naprav. Njegova kompaktna in lahka zasnova, ki meri le 22,5 \u00d7 11,1 \u00d7 3,0 cm in tehta 920 g, zagotavlja prenosljivost brez zmanj\u0161anja zmogljivosti. Ne glede na to, ali ste doma ali na poti, priklopna postaja GPD G1 eGPU z lahkoto izbolj\u0161a tako igranje iger kot tudi naloge produktivnosti. Poleg tega zdru\u017eljivost z ROG ALLY X raz\u0161irja njegovo uporabnost v ve\u010d igralnih sistemih.<\/p>\n\n<figure class=\"wp-block-image aligncenter size-full\"><img decoding=\"async\" width=\"900\" height=\"559\" src=\"https:\/\/gpdstore.net\/wp-content\/uploads\/2024\/05\/3-1.png\" alt=\"Dimenzije GPD G1 eGPU: Kompakten in prostorsko u&#x10D;inkovit za brezhibno integracijo.\" class=\"wp-image-1512\" srcset=\"https:\/\/gpdstore.net\/wp-content\/uploads\/2024\/05\/3-1.png 900w, https:\/\/gpdstore.net\/wp-content\/uploads\/2024\/05\/3-1-600x373.png 600w, https:\/\/gpdstore.net\/wp-content\/uploads\/2024\/05\/3-1-768x477.png 768w, https:\/\/gpdstore.net\/wp-content\/uploads\/2024\/05\/3-1-320x200.png 320w, https:\/\/gpdstore.net\/wp-content\/uploads\/2024\/05\/3-1-360x224.png 360w, https:\/\/gpdstore.net\/wp-content\/uploads\/2024\/05\/3-1-441x274.png 441w, https:\/\/gpdstore.net\/wp-content\/uploads\/2024\/05\/3-1-150x93.png 150w\" sizes=\"(max-width: 900px) 100vw, 900px\" \/><\/figure>\n\n<h2 class=\"wp-block-heading\"><strong>Podrobne zna\u010dilnosti<\/strong><\/h2>\n\n<p><strong>Izvedba:<\/strong> GPD G1 2024 ima grafi\u010dni procesor AMD Radeon RX 7600M XT z 32 ra\u010dunskimi enotami s taktom 2300 MHz in 8 GB pomnilnika GDDR6. V napravo vgrajen 240W polnilnik GaN zagotavlja dovolj energije za trajno zmogljivost. <\/p>\n\n<p><strong>Grafi\u010dna zmogljivost:<\/strong> Srce izjemne zmogljivosti GPD G1 je v grafi\u010dnem procesorju. Zmogljiv je za poganjanje iger in aplikacij v lo\u010dljivosti do 4K, zagotavlja \u017eivahne slike in teko\u010de igranje, kar je idealno za igre AAA. <\/p>\n\n<figure class=\"wp-block-image aligncenter size-full\"><img decoding=\"async\" src=\"https:\/\/gpdstore.net\/wp-content\/uploads\/\" alt=\"Slika priklopne postaje GPD G1 2024 eGPU z grafi&#x10D;nim procesorjem AMD Radeon RX 7600M XT, preklopnim stikalom TGP in vsestranskimi mo&#x17E;nostmi povezljivosti. Idealno za igralce in profesionalce. Prednaro&#x10D;ite zdaj za revolucionarne zmogljivosti.\" class=\"wp-image-1505\"\/><\/figure>\n\n<h2 class=\"wp-block-heading\"><strong>Posodobljeni priklju\u010dki HDMI in USB<\/strong><\/h2>\n\n<p>Model GPD G1 2024 eGPU ima posodobljen priklju\u010dek HDMI 2.1, ki podpira izhod 4K 120 Hz, in priklju\u010dek USB 4 z izhodno mo\u010djo 65 W, kar izbolj\u0161uje kakovost slike in zdru\u017eljivost naprav.<\/p>\n\n<h2 class=\"wp-block-heading\"><strong>Uporabni\u0161ka izku\u0161nja<\/strong><\/h2>\n\n<p>GPD G1 na novo opredeljuje uporabni\u0161ko izku\u0161njo, saj v prenosni obliki ponuja zmogljivost namiznih iger. S \u0161tevilnimi priklju\u010dki USB ter izhodi HDMI in dvojnim izhodom DisplayPort lahko uporabniki ustvarijo poglobljene igralne nastavitve ali produktivna okolja za ve\u010dopravilnost. Ergonomska zasnova naprave in enostaven postopek namestitve zagotavljata, da lahko uporabniki za\u010dnejo igrati ali delati v nekaj minutah.<\/p>\n\n<div class=\"wp-block-columns is-layout-flex wp-container-core-columns-is-layout-28f84493 wp-block-columns-is-layout-flex\">\n<div class=\"wp-block-column is-layout-flow wp-block-column-is-layout-flow\" style=\"flex-basis:100%\">\n<h2 class=\"wp-block-heading\"><strong>Zaklju\u010dek<\/strong><\/h2>\n<\/div>\n<\/div>\n\n<p>Priklju\u010dna postaja GPD G1 2024 eGPU je vodilna na podro\u010dju tehnolo\u0161kih inovacij, saj zdru\u017euje vrhunsko zmogljivost, elegantno obliko in izjemno funkcionalnost. Opremljena je z izjemnim grafi\u010dnim procesorjem AMD Radeon RX 7600M XT in pionirskim preklopnim stikalom TGP, zagotavlja vsestranske mo\u017enosti povezovanja in je zdru\u017eljiva z ROG Ally. Priklju\u010dna postaja GPD G1 eGPU je dokon\u010dna izbira za tiste, ki si prizadevajo za najvi\u0161jo raven igranja in produktivnosti.  Vstopite v prihodnost zabave z napravo, ki se osvobaja omejitev obi\u010dajnega ra\u010dunalni\u0161tva.<\/p>\n\n<h2 class=\"wp-block-heading has-text-align-center\">Najbolj\u0161i ro\u010dni ra\u010dunalniki za igranje ra\u010dunalni\u0161kih iger za GPD G1<\/h2>\n\n<p>GPD G1 2024 je najsodobnej\u0161i procesor eGPU, ki bistveno izbolj\u0161a igralno zmogljivost razli\u010dnih ro\u010dnih ra\u010dunalnikov, zato je idealna dodatna oprema za GPD Win Max 2 2024, Win 4 2024 in Win Mini 2024. GPD Win Max 2 2024 se pona\u0161a z velikim 10,1-pal\u010dnim zaslonom, zmogljivim procesorjem Intel 12. generacije in tipkovnico polne velikosti, kar ponuja vsestransko re\u0161itev tako za igranje iger kot za produktivnost. GPD Win 4 2024 ima kompaktno obliko z izvle\u010dno tipkovnico, poganja pa ga procesor AMD Ryzen 7 7840U, ki zagotavlja popolno ravnovesje med prenosnostjo in mo\u010djo. GPD Win Mini 2024, najnovej\u0161i in najmanj\u0161i v liniji, z u\u010dinkovito zasnovo in vrhunsko notranjostjo zagotavlja impresivno zmogljivost, zato je idealna izbira za igri\u010darje na poti. V kombinaciji s stre\u017enikom GPD G1 2024 se te naprave spremenijo v prenosne igralne elektrarne, ki z lahkoto upravljajo najnovej\u0161e naslove AAA in zagotavljajo brezhibno, poglobljeno igralno izku\u0161njo.    <\/p>\n","protected":false},"excerpt":{"rendered":"<ul>\n<li>GRAFI\u010cNI PROCESOR: AMD Radeon\u2122<strong> RX 7600M XT<\/strong> eGPU  <\/li>\n<li>KOMPATIBILNOST:<strong> OCuLink, USB 4, Thunderbolt 3 in 4<\/strong><\/li>\n<li>OCULINK:<strong> Povezljivost PCI Express<\/strong><\/li>\n<li>USB 4:<strong> do 40 Gb\/s<\/strong><\/li>\n<li>Zasnovan za: <strong>GPD WIN<\/strong> MAX 2, WIN 4, WIN Mini, ROG Ally X  <\/li>\n<\/ul>\n[cg_accordion title=\"INFORMACIJE O PLA\u010cILU\"]<\/p>\n<p>Uporabljamo najnovej\u0161o tehnologijo za obdelavo pla\u010dil, ki vam omogo\u010da, da se na blagajno prijavite s svojo debetno\/kreditno kartico ali storitvijo PayPal, kar zagotavlja hitro in varno izku\u0161njo.[\/cg_accordion]\n[cg_accordion title=\"GARANCIJA\"]<\/p>\n<p>2 leti garancije <a href=\"https:\/\/droix.net\/\" target=\"_blank\" rel=\"nofollow noopener\">DROIX Global za<\/a> va\u0161 mir[\/cg_accordion]\n[cg_accordion title=\"ZAGOTAVLJANJE KAKOVOSTI IN TESTIRANJE PRED ODPREMO\"]<\/p>\n<p>Zagotavljanje zadovoljstva strank na najvi\u0161ji ravni: Vsaka naprava je pred odpremo strogo preizku\u0161ena in preverjena v ve\u010d to\u010dkah za zagotavljanje kakovosti. Na\u0161a predana ekipa preveri delovanje, funkcionalnost in celovitost komponent, s \u010dimer zagotovimo, da bo va\u0161a naprava GPD ob prihodu v popolnem delovnem stanju, kar vam zagotavlja zaupanje in mir v du\u0161i. [\/cg_accordion]\n[cg_accordion title=\"CENE, DAVKI IN PO\u0160ILJANJE\"]<\/p>\n<p><strong><u>Opomba:<\/u><\/strong><\/p>\n<ul>\n<li>Zdru\u017eene dr\u017eave Amerike Kupci: Prikazana cena NE vklju\u010duje davka in dajatev. Odgovornost za carinjenje in pla\u010dilo vseh povezanih davkov\/carin nosi kupec. <\/li>\n<li>Stranke iz EU: Prikazana cena vklju\u010duje veljavni davek, ki lahko zna\u0161a do 25 %, odvisno od va\u0161e dr\u017eave.<\/li>\n<li>Kanada Kupci: Prikazana cena vklju\u010duje veljavne davke, ki lahko vklju\u010dujejo 5 % davek na dodano vrednost (GST) in dodatne pokrajinske davke na prodajo (PST), harmonizirani davek na prodajo (HST) ali davek na prodajo v Quebecu (QST), odvisno od va\u0161e province.<\/li>\n<\/ul>\n<p><strong>Samo za stranke iz EU:<\/strong> Ekspresno DDP (dostavljeno s pla\u010dano dajatvijo). To pomeni: <\/p>\n<ul>\n<li>Vse carine in davki so vklju\u010deni v ceno, prikazano na strani izdelka.<\/li>\n<li>Ob dostavi vam ne bo treba pla\u010dati nobenih dodatnih stro\u0161kov.<\/li>\n<li>V redkih primerih te\u017eav, povezanih s carino, bo na\u0161a ekipa v va\u0161em imenu opravila postopek carinjenja in zagotovila nemoteno dostavo.<\/li>\n<p>Pomembne informacije o vra\u010dilih:<\/p>\n<li>\u010ce se odlo\u010dite vrniti naro\u010dilo ali zahtevate vra\u010dilo, se morate zavedati, da davkov in dajatev, pla\u010danih v va\u0161em imenu pod pogoji DDP, ni mogo\u010de vrniti.<\/li>\n<p>Podrobne informacije <a href=\"https:\/\/droix.net\/terms-and-conditions\/\" target=\"_blank\" rel=\"nofollow noopener\">so na voljo v na\u0161ih Pogojih in dolo\u010dilih<\/a>.\n<\/ul>\n<p>[\/cg_accordion]\n[cg_accordion title=\"PODPORA STRANKAM\"]<\/p>\n<p>Imate vpra\u0161anje? Samo kratko besedilo nas lo\u010di od re\u0161itve va\u0161ega vpra\u0161anja! <\/p>\n<p>Podrobne informacije <a href=\"https:\/\/gpdstore.net\/sl\/terms-of-service\/\" target=\"_blank\" rel=\"nofollow noopener\">so na voljo v na\u0161ih Pogojih in dolo\u010dilih<\/a>.\n<\/ul>\n<p>[\/cg_accordion]\n[cg_accordion title=\"KAJ JE VKLJU\u010cENO\"]<\/p>\n<ul>\n<li>1x GPD G1 2024<\/li>\n<li>1x napajalnik<\/li>\n<li>1x kabel USB tipa C<\/li>\n<li>1x uporabni\u0161ki priro\u010dnik<\/li>\n<\/ul>\n<p>[\/cg_accordion]\n","protected":false},"featured_media":234031,"template":"","meta":{"_acf_changed":false},"product_brand":[],"product_cat":[5386],"product_tag":[16898,5911],"woo-feed-brand":[5638],"class_list":{"0":"post-232077","1":"product","2":"type-product","3":"status-publish","4":"has-post-thumbnail","6":"product_cat-dodatki","7":"product_tag-10xmsale-sl","8":"product_tag-gpd-g1-sl","9":"product_shipping_class-premium","10":"pa_brand-gpd","11":"pa_graphics-gpu-model-radeon-rx-7600m-xt-sl","12":"pa_i-o-video-1x-oculink-sl","13":"pa_i-o-video-prek-1x-usb-4-0-type-c-40gb-s","14":"woo-feed-brand-gpd-sl","16":"first","17":"outofstock","18":"taxable","19":"shipping-taxable","20":"purchasable","21":"product-type-variable","22":"has-default-attributes"},"acf":[],"aioseo_notices":[],"_links":{"self":[{"href":"https:\/\/gpdstore.net\/sl\/wp-json\/wp\/v2\/product\/232077","targetHints":{"allow":["GET"]}}],"collection":[{"href":"https:\/\/gpdstore.net\/sl\/wp-json\/wp\/v2\/product"}],"about":[{"href":"https:\/\/gpdstore.net\/sl\/wp-json\/wp\/v2\/types\/product"}],"wp:featuredmedia":[{"embeddable":true,"href":"https:\/\/gpdstore.net\/sl\/wp-json\/wp\/v2\/media\/234031"}],"wp:attachment":[{"href":"https:\/\/gpdstore.net\/sl\/wp-json\/wp\/v2\/media?parent=232077"}],"wp:term":[{"taxonomy":"product_brand","embeddable":true,"href":"https:\/\/gpdstore.net\/sl\/wp-json\/wp\/v2\/product_brand?post=232077"},{"taxonomy":"product_cat","embeddable":true,"href":"https:\/\/gpdstore.net\/sl\/wp-json\/wp\/v2\/product_cat?post=232077"},{"taxonomy":"product_tag","embeddable":true,"href":"https:\/\/gpdstore.net\/sl\/wp-json\/wp\/v2\/product_tag?post=232077"},{"taxonomy":"woo-feed-brand","embeddable":true,"href":"https:\/\/gpdstore.net\/sl\/wp-json\/wp\/v2\/woo-feed-brand?post=232077"}],"curies":[{"name":"wp","href":"https:\/\/api.w.org\/{rel}","templated":true}]}}