{"id":219795,"date":"2023-03-24T15:45:07","date_gmt":"2023-03-24T15:45:07","guid":{"rendered":"https:\/\/gpdstore.net\/nekategorizirano\/zascitno-ohisje-gpd-pocket-3\/"},"modified":"2026-01-06T02:04:50","modified_gmt":"2026-01-06T02:04:50","slug":"gpd-pocket-3-protective-case","status":"publish","type":"product","link":"https:\/\/gpdstore.net\/sl\/product\/gpd-pocket-3-protective-case\/","title":{"rendered":"GPD Pocket 3 Za\u0161\u010ditno ohi\u0161je"},"content":{"rendered":"\n<p>I\u0161\u010dete za\u0161\u010ditno ohi\u0161je za svoj ultrabook GPD Pocket 3? Na\u0161 za\u0161\u010ditni etui iz umetnega usnja GPD Pocket 3 je popolna re\u0161itev! Na\u0161 ovitek, izdelan iz visokokakovostnih materialov, zagotavlja vrhunsko za\u0161\u010dito pred praskami, padci in drugimi nevarnostmi, ki lahko po\u0161kodujejo va\u0161o napravo. Njegovi natan\u010dni izrezi in popolno prileganje zagotavljajo, da bo va\u0161 GPD Pocket 3 vedno varen in dostopen. Poleg tega ima priro\u010dno re\u017eo za uradno pisalo GPD Pocket 3. Naro\u010dite zdaj, da bo va\u0161 ultrabook varen in v brezhibnem stanju!     <\/p>\n","protected":false},"excerpt":{"rendered":"<ul>\n<li><strong>Uradni<\/strong> izdelek <strong>GPD<\/strong> <\/li>\n<li>Zasnovan za <strong>GPD Pocket 3<\/strong> Mini Laptop<\/li>\n<li>Tekstura <strong>umetnega usnja<\/strong> <\/li>\n<li><strong>Magnetni<\/strong> pokrov<\/li>\n<\/ul>\n[cg_accordion title=\"INFORMACIJE O PLA\u010cILU\"]<\/p>\n<p>Uporabljamo najnovej\u0161o tehnologijo za obdelavo pla\u010dil, ki vam omogo\u010da, da se na blagajni naro\u010dite prek Apple Pay, Google Pay, debetne\/kreditne kartice, PayPal ali metod BNPL, kot so Klarna, Affirm ali AfterPay, kar zagotavlja hitro in varno izku\u0161njo.[\/cg_accordion]\n[cg_accordion title=\"GARANCIJA\"]<\/p>\n<p>2 leti garancije <a href=\"https:\/\/droix.net\/\" target=\"_blank\" rel=\"nofollow noopener\">DROIX Global<\/a> za va\u0161 mir[\/cg_accordion]\n[cg_accordion title=\"CENE, DAVKI IN PO\u0160ILJANJE\"]<\/p>\n<p><strong><u>Opomba:<\/u><\/strong><\/p>\n<ul>\n<li>Zdru\u017eene dr\u017eave Amerike Kupci: Prikazana cena NE vklju\u010duje davka in dajatev. Odgovornost za carinjenje in pla\u010dilo vseh povezanih davkov\/carin nosi kupec. <\/li>\n<li>Stranke iz EU: Prikazana cena vklju\u010duje veljavni davek, ki lahko zna\u0161a do 25 %, odvisno od va\u0161e dr\u017eave.<\/li>\n<li>Kanada Kupci: Prikazana cena vklju\u010duje veljavne davke, ki lahko vklju\u010dujejo 5 % davek na dodano vrednost (GST) in dodatne pokrajinske davke na prodajo (PST), harmonizirani davek na prodajo (HST) ali davek na prodajo v Quebecu (QST), odvisno od va\u0161e province.<\/li>\n<\/ul>\n<p><strong>Samo za stranke iz EU:<\/strong> Ekspresno DDP (dostavljeno s pla\u010dano dajatvijo). To pomeni: <\/p>\n<ul>\n<li>Vse carine in davki so vklju\u010deni v ceno, prikazano na strani izdelka.<\/li>\n<li>Ob dostavi vam ne bo treba pla\u010dati nobenih dodatnih stro\u0161kov.<\/li>\n<li>V redkih primerih te\u017eav, povezanih s carino, bo na\u0161a ekipa v va\u0161em imenu opravila postopek carinjenja in zagotovila nemoteno dostavo.<\/li>\n<p>Pomembne informacije o vra\u010dilih:<\/p>\n<li>\u010ce se odlo\u010dite vrniti naro\u010dilo ali zahtevate vra\u010dilo, se morate zavedati, da davkov in dajatev, pla\u010danih v va\u0161em imenu pod pogoji DDP, ni mogo\u010de vrniti.<\/li>\n<p>Podrobne informacije so na voljo v na\u0161ih Pogojih <a href=\"https:\/\/gpdstore.net\/sl\/pogoji-uporabe-storitev\/\" target=\"_blank\" rel=\"nofollow noopener\">in dolo\u010dilih<\/a>.\n<\/ul>\n<p>[\/cg_accordion]\n[cg_accordion title=\"PODPORA STRANKAM\"]<\/p>\n<p>Imate vpra\u0161anje? Od re\u0161itve va\u0161ega vpra\u0161anja nas lo\u010di le kratko besedilo!<br \/>\n[\/cg_accordion]\n[cg_accordion title=\"KAJ JE VKLJU\u010cENO\"]<\/p>\n<ul>\n<li>1x GPD Pocket 3 ohi\u0161je<\/li>\n<\/ul>\n<p>[\/cg_accordion]\n","protected":false},"featured_media":188778,"template":"","meta":{"_acf_changed":false},"product_brand":[],"product_cat":[5386],"product_tag":[15930,18549],"woo-feed-brand":[5638],"class_list":{"0":"post-219795","1":"product","2":"type-product","3":"status-publish","4":"has-post-thumbnail","6":"product_cat-dodatki","7":"product_tag-15xmsale-sl","8":"product_tag-gpd-pocket-3-accessory-sl","9":"product_shipping_class-low-end","10":"pa_accessory-type-zascitno-ohisje","11":"woo-feed-brand-gpd-sl","13":"first","14":"instock","15":"taxable","16":"shipping-taxable","17":"purchasable","18":"product-type-simple"},"acf":[],"aioseo_notices":[],"_links":{"self":[{"href":"https:\/\/gpdstore.net\/sl\/wp-json\/wp\/v2\/product\/219795","targetHints":{"allow":["GET"]}}],"collection":[{"href":"https:\/\/gpdstore.net\/sl\/wp-json\/wp\/v2\/product"}],"about":[{"href":"https:\/\/gpdstore.net\/sl\/wp-json\/wp\/v2\/types\/product"}],"wp:featuredmedia":[{"embeddable":true,"href":"https:\/\/gpdstore.net\/sl\/wp-json\/wp\/v2\/media\/188778"}],"wp:attachment":[{"href":"https:\/\/gpdstore.net\/sl\/wp-json\/wp\/v2\/media?parent=219795"}],"wp:term":[{"taxonomy":"product_brand","embeddable":true,"href":"https:\/\/gpdstore.net\/sl\/wp-json\/wp\/v2\/product_brand?post=219795"},{"taxonomy":"product_cat","embeddable":true,"href":"https:\/\/gpdstore.net\/sl\/wp-json\/wp\/v2\/product_cat?post=219795"},{"taxonomy":"product_tag","embeddable":true,"href":"https:\/\/gpdstore.net\/sl\/wp-json\/wp\/v2\/product_tag?post=219795"},{"taxonomy":"woo-feed-brand","embeddable":true,"href":"https:\/\/gpdstore.net\/sl\/wp-json\/wp\/v2\/woo-feed-brand?post=219795"}],"curies":[{"name":"wp","href":"https:\/\/api.w.org\/{rel}","templated":true}]}}