{"id":206963,"date":"2023-03-26T17:56:24","date_gmt":"2023-03-26T17:56:24","guid":{"rendered":"https:\/\/gpdstore.net\/nekategorizirano\/gpd-win-max-2021-igralni-rocni-racunalnik\/"},"modified":"2025-12-23T10:34:23","modified_gmt":"2025-12-23T10:34:23","slug":"gpd-win-max-2021","status":"publish","type":"product","link":"https:\/\/gpdstore.net\/sl\/product\/gpd-win-max-2021\/","title":{"rendered":"GPD WIN MAX 2021 igralni ro\u010dni ra\u010dunalnik"},"content":{"rendered":"\n<p>GPD WIN MAX 2021 je igri\u010darski ultrabook, ki je bil zasnovan za igranje ra\u010dunalni\u0161kih iger na poti. Ta zmogljiva naprava je na voljo v dveh razli\u010dicah, ena s procesorjem Intel\u00ae Core\u2122 i7-1195G7 in druga s procesorjem AMD Ryzen\u2122 7 4800U. Razen razli\u010dnih mo\u017enosti procesorja sta obe razli\u010dici naprave popolnoma enaki.  <\/p>\n\n<p>V trgovini GPD Store ponosno ponujamo GPD WIN MAX 2021 igralcem, ki \u017eelijo visoko zmogljiv ro\u010dni ra\u010dunalnik za igranje ra\u010dunalni\u0161kih iger, ki ga lahko vzamejo s seboj kamor koli. Ta ultrabook je kot nala\u0161\u010d za igri\u010darje, ki \u017eelijo u\u017eivati v svojih najljub\u0161ih igrah na poti, ne da bi pri tem \u017ertvovali zmogljivost ali kakovost. <\/p>\n\n<p>GPD WIN MAX 2021 je zmogljiv igri\u010darski ultrabook z 8,0-pal\u010dnim zaslonom IPS na dotik z lo\u010dljivostjo 1280 x 800 pik. Naprava ima vgrajeno grafi\u010dno kartico Intel\u00ae Iris\u00ae Xe Graphics ali AMD Radeon\u2122 Graphics, zato je popolna za poganjanje zahtevnih iger in aplikacij. <\/p>\n\n<p>Kar zadeva procesorsko mo\u010d, je GPD WIN MAX 2021 na voljo s procesorjem Intel\u00ae Core\u2122 i7-1195G7 ali AMD Ryzen\u2122 7 4800U. Ti zmogljivi procesorji zagotavljajo, da naprava zlahka opravi tudi z najzahtevnej\u0161imi igrami in aplikacijami. <\/p>\n\n<p>GPD WIN MAX 2021 ima tudi 16 GB LPDDR4X 4266 MT\/s RAM-a in 1 TB M.2 NVMe SSD-ja, kar zagotavlja veliko prostora za shranjevanje iger in drugih podatkov.  Naprava ima tudi razli\u010dne vhode, vklju\u010dno z vhodom USB Type-C, vhodom USB 3.0, vhodom HDMI in 3,5-milimetrskim priklju\u010dkom za slu\u0161alke.<\/p>\n\n<p>Ena od glavnih zna\u010dilnosti naprave GPD WIN MAX 2021 je njena kompaktna velikost. Kljub temu da gre za zmogljiv ultrabook, naprava meri le 8,5 x 5,7 x 1,1 palca in tehta le 1,5 kilograma. Tako ga lahko preprosto vzamete s seboj, kamor koli greste, ne glede na to, ali potujete ali pa \u017eelite u\u017eivati v svojih najljub\u0161ih igrah na kav\u010du.  <\/p>\n\n<p>GPD WIN MAX 2021 ima vgrajen tudi igralni krmilnik z D-padom, analognima palicama in spro\u017eilnimi gumbi. Tako lahko preprosto igrate svoje najljub\u0161e igre, ne da bi morali priklju\u010diti zunanji krmilnik. Naprava ima tudi polno tipkovnico QWERTY, ki omogo\u010da enostavno pisanje in navigacijo po menijih.  <\/p>\n\n<p>V trgovini GPD Store menimo, da je GPD WIN MAX 2021 popoln ultrabook za igralce, ki \u017eelijo visokozmogljiv prenosni ra\u010dunalnik za igranje iger, ki ga lahko vzamejo s seboj kamor koli. Ta zmogljiva naprava je kot nala\u0161\u010d za igralce, ki \u017eelijo u\u017eivati v svojih najljub\u0161ih igrah na poti, ne da bi pri tem \u017ertvovali zmogljivost ali kakovost. <\/p>\n\n<p>GPD WIN MAX 2021 je popolna naprava za vas, ne glede na to, ali ste obi\u010dajni ali zagrizen igralec iger. Z zmogljivim procesorjem, visokokakovostno grafiko in kompaktno velikostjo je najbolj\u0161i ultrabook za igranje ra\u010dunalni\u0161kih iger na poti. Zakaj torej \u010dakati? \u0160e danes obi\u0161\u010dite trgovino GPD Store in si priskrbite GPD WIN MAX 2021.   <\/p>\n","protected":false},"excerpt":{"rendered":"<ul>\n<li>AMD <strong>Ryzen 7 6800U @2<\/strong>,7 GHz TDP 15-28 W<\/li>\n<li>AMD Radeon 680M <strong>12 enot @2200 MHz<\/strong><\/li>\n<li><strong>do 32 GB LPDDR5-6400 MT\/s<\/strong><\/li>\n<li><strong>do 2 TB hitrega<\/strong> PCI-E <strong>NVMe SSD<\/strong> <\/li>\n<li>Podpora za WiFi 6 in Bluetooth <strong>5.2<\/strong>  <\/li>\n<\/ul>\n<p> [cg_accordion title=\"INFORMACIJE O PLA\u010cILU\"] Uporabljamo najnovej\u0161o tehnologijo za obdelavo pla\u010dil, ki vam omogo\u010da, da se na blagajni naro\u010dite prek Apple Pay, Google Pay, debetne\/kreditne kartice, PayPal ali metod BNPL, kot so Klarna, Affirm ali AfterPay, kar zagotavlja hitro in varno izku\u0161njo.[\/cg_accordion] [cg_accordion title=\"GARANCIJA\"] 2-letna garancija podjetja <a href=\"https:\/\/droix.net\/\" target=\"_blank\" rel=\"nofollow noopener\">DROIX Global<\/a> za va\u0161 mir.[\/cg_accordion] [cg_accordion title=\"PRICING, TAXES AND SHIPPING\"] <strong><u>Opomba:<\/u><\/strong><\/p>\n<ul>\n<li>Zdru\u017eene dr\u017eave Amerike Kupci: Prikazana cena NE vklju\u010duje davka in dajatev. Odgovornost za carinjenje in pla\u010dilo vseh povezanih davkov\/carin nosi kupec. <\/li>\n<li>Stranke iz EU: Prikazana cena vklju\u010duje veljavni davek, ki lahko zna\u0161a do 25 %, odvisno od va\u0161e dr\u017eave.<\/li>\n<li>Kanada Kupci: Prikazana cena vklju\u010duje veljavne davke, ki lahko vklju\u010dujejo 5 % davek na dodano vrednost (GST) in dodatne pokrajinske davke na prodajo (PST), harmonizirani davek na prodajo (HST) ali davek na prodajo v Quebecu (QST), odvisno od va\u0161e province.<\/li>\n<\/ul>\n<p><strong>Samo za stranke iz EU:<\/strong> Ekspresno DDP (dostavljeno s pla\u010dano dajatvijo). To pomeni: <\/p>\n<ul>\n<li style=\"list-style-type: none;\">\n<ul>\n<li>Vse carine in davki so vklju\u010deni v ceno, prikazano na strani izdelka.<\/li>\n<li>Ob dostavi vam ne bo treba pla\u010dati nobenih dodatnih stro\u0161kov.<\/li>\n<li>V redkih primerih te\u017eav, povezanih s carino, bo na\u0161a ekipa v va\u0161em imenu opravila postopek carinjenja in zagotovila nemoteno dostavo.<\/li>\n<p>Pomembne informacije o vra\u010dilih:<\/p>\n<li>\u010ce se odlo\u010dite vrniti naro\u010dilo ali zahtevate vra\u010dilo, se morate zavedati, da davkov in dajatev, pla\u010danih v va\u0161em imenu pod pogoji DDP, ni mogo\u010de vrniti.<\/li>\n<p>Oglejte si na\u0161e<\/ul>\n<\/li>\n<\/ul>\n<p><a href=\"https:\/\/gpdstore.net\/terms-of-service\/\" target=\"_blank\" rel=\"nofollow noopener\">Pogoji in dolo\u010dila<\/a><\/p>\n<ul>za podrobne informacije.<\/ul>\n<p>[\/cg_accordion] [cg_accordion title=\"PODPORA STRANKAM\"]  Imate vpra\u0161anje? Samo kratko besedilo nas lo\u010di od re\u0161itve va\u0161ega vpra\u0161anja!   [\/cg_accordion] [cg_accordion title=\"WHAT'S INCLUDED\"]<\/p>\n<ul>\n<li>1x GPD WIN MAX 2021<\/li>\n<li>1x napajalnik<\/li>\n<li>1x kabel USB tipa C<\/li>\n<li>1x uporabni\u0161ki priro\u010dnik<\/li>\n<\/ul>\n<p>[\/cg_accordion]<\/p>\n","protected":false},"featured_media":207023,"template":"","meta":{"_acf_changed":false},"product_brand":[],"product_cat":[5635],"product_tag":[9129],"woo-feed-brand":[5638],"class_list":{"0":"post-206963","1":"product","2":"type-product","3":"status-publish","4":"has-post-thumbnail","6":"product_cat-rocni-racunalnik-gpd-za-igranje-iger","7":"product_tag-gpd-win-max-sl","8":"product_shipping_class-premium","9":"pa_bluetooth-5-sl","10":"pa_bluetooth-5-2-sl","11":"pa_display-type-h-ips-sl","12":"pa_graphics-gpu-model-graficna-kartica-intel-iris-xe","13":"pa_graphics-gpu-model-graficni-procesor-radeon","14":"pa_i-o-video-1x-hdmi-2-0b-sl","15":"pa_memory-ram-capacity-16-gb-sl","16":"pa_memory-ram-technology-lpddr4x-sl","17":"pa_processor-cpu-model-amd-ryzen-7-4800u","18":"pa_processor-cpu-model-intel-core-i7-1195g7","19":"pa_storage-capacity-1-tb-sl","20":"pa_wi-fi-wi-fi-6-sl","21":"woo-feed-brand-gpd-sl","23":"first","24":"outofstock","25":"sale","26":"taxable","27":"shipping-taxable","28":"purchasable","29":"product-type-variable","30":"has-default-attributes"},"acf":[],"aioseo_notices":[],"_links":{"self":[{"href":"https:\/\/gpdstore.net\/sl\/wp-json\/wp\/v2\/product\/206963","targetHints":{"allow":["GET"]}}],"collection":[{"href":"https:\/\/gpdstore.net\/sl\/wp-json\/wp\/v2\/product"}],"about":[{"href":"https:\/\/gpdstore.net\/sl\/wp-json\/wp\/v2\/types\/product"}],"wp:featuredmedia":[{"embeddable":true,"href":"https:\/\/gpdstore.net\/sl\/wp-json\/wp\/v2\/media\/207023"}],"wp:attachment":[{"href":"https:\/\/gpdstore.net\/sl\/wp-json\/wp\/v2\/media?parent=206963"}],"wp:term":[{"taxonomy":"product_brand","embeddable":true,"href":"https:\/\/gpdstore.net\/sl\/wp-json\/wp\/v2\/product_brand?post=206963"},{"taxonomy":"product_cat","embeddable":true,"href":"https:\/\/gpdstore.net\/sl\/wp-json\/wp\/v2\/product_cat?post=206963"},{"taxonomy":"product_tag","embeddable":true,"href":"https:\/\/gpdstore.net\/sl\/wp-json\/wp\/v2\/product_tag?post=206963"},{"taxonomy":"woo-feed-brand","embeddable":true,"href":"https:\/\/gpdstore.net\/sl\/wp-json\/wp\/v2\/woo-feed-brand?post=206963"}],"curies":[{"name":"wp","href":"https:\/\/api.w.org\/{rel}","templated":true}]}}