{"id":205254,"date":"2023-03-26T17:49:20","date_gmt":"2023-03-26T17:49:20","guid":{"rendered":"https:\/\/gpdstore.net\/nekategorizirano\/biwin-2230-nvme-storage\/"},"modified":"2025-12-23T10:31:17","modified_gmt":"2025-12-23T10:31:17","slug":"biwin-2230-nvme-storage","status":"publish","type":"product","link":"https:\/\/gpdstore.net\/sl\/product\/biwin-2230-nvme-storage\/","title":{"rendered":"BiWin 2230 NVMe Storage"},"content":{"rendered":"\n<p>I\u0161\u010dete nadgradnjo visoko zmogljivega pomnilnika za svoj GPD WIN MAX 2 ali Valve Steam Deck? Poi\u0161\u010dite SSD BiWin 22*30 PCI-e NVMe! Ta kompakten, a zmogljiv SSD je zasnovan tako, da zagotavlja bliskovite hitrosti branja in pisanja ter zagotavlja hitro nalaganje in nemoteno delovanje va\u0161ih najljub\u0161ih iger in aplikacij.  <\/p>\n\n<p>BiWin 22*30 je s svojimi dimenzijami le 22 mm x 30 mm eden najmanj\u0161ih SSDjev NVMe na trgu. A naj vas njegova kompaktna velikost ne zavede &#8211; ta SSD ima resen udarec! S hitrostmi branja do 3500 MB\/s in pisanja do 3000 MB\/s je ve\u010d kot sposoben slediti tudi najzahtevnej\u0161im igram in aplikacijam.  <\/p>\n\n<p>Ena najve\u010djih prednosti naprave BiWin<em>2230 je zdru\u017eljivost z napravo GPD WIN MAX 2 in Valvejevim sistemom Steam Deck. \u010ce \u017eelite nadgraditi pomnilnik v eni od teh naprav, je BiWin 2230 odli\u010dna<\/em>izbira. SSD preprosto namestite v re\u017eo NVMe v napravi in lahko za\u010dnete! <\/p>\n\n<p>\u0160e ena prednost naprave BiWin 22*30 je njena zdru\u017eljivost s \u0161tevilnimi operacijskimi sistemi, vklju\u010dno z operacijskimi sistemi Windows, Linux in macOS. Zaradi tega je vsestranska izbira za vse, ki \u017eelijo nadgraditi svoj pomnilnik, ne glede na sistem, ki ga uporabljajo. <\/p>\n\n<p>Seveda je eden najbolj\u0161ih krajev za nakup sistema BiWin 22*30 trgovina GPD. Trgovina GPD Store je vodilni prodajalec izdelkov GPD, zato v njej lahko najdete vso dodatno opremo in nadgradnje, ki jih potrebujete, da boste lahko kar najbolje izkoristili svoj GPD WIN MAX 2 ali Steam Deck. S hitro dostavo, ugodnimi cenami in vrhunsko storitvijo za stranke lahko nakupujete z zaupanjem, saj veste, da ste dobili najbolj\u0161o mo\u017eno ponudbo.  <\/p>\n\n<p>\u010ce torej i\u0161\u010dete visokozmogljivo nadgradnjo SSD NVMe za svoj ra\u010dunalnik GPD WIN MAX 2 ali Steam Deck, ne i\u0161\u010dite drugega kot BiWin 22*30. Zaradi svoje kompaktne velikosti, bliskovitih hitrosti in \u0161iroke zdru\u017eljivosti je popolna izbira za vse, ki \u017eelijo svoje igralne in ra\u010dunalni\u0161ke izku\u0161nje dvigniti na vi\u0161jo raven. In ker je trgovina GPD Store le en klik stran, \u0161e nikoli ni bilo tako enostavno priti do izdelkov, ki jih potrebujete za uspeh!  <\/p>\n","protected":false},"excerpt":{"rendered":"<ul>\n<li>Zdru\u017eljiv z napravami Valve Steam Deck, GPD WIN MAX 2, GPD WIN 4<\/li>\n<li>Do 3200 MB\/s za branje | 2600 MB\/s za pisanje<\/li>\n<li>0,107 ms zakasnitev branja | 0,109 ms zakasnitev pisanja<\/li>\n<li>Podprto zbiranje smeti, TRIM in sodobno stanje pripravljenosti<\/li>\n<\/ul>\n[cg_accordion title=\"INFORMACIJE O PLA\u010cILU\"]<\/p>\n<p>Uporabljamo najnovej\u0161o tehnologijo za obdelavo pla\u010dil, ki vam omogo\u010da, da se na blagajni naro\u010dite prek Apple Pay, Google Pay, debetne\/kreditne kartice, PayPal ali metod BNPL, kot so Klarna, Affirm ali AfterPay, kar zagotavlja hitro in varno izku\u0161njo.[\/cg_accordion]\n[cg_accordion title=\"GARANCIJA\"]<\/p>\n<p>2 leti garancije <a href=\"https:\/\/droix.net\/\" target=\"_blank\" rel=\"nofollow noopener\">DROIX Global za<\/a> va\u0161 mir[\/cg_accordion]\n[cg_accordion title=\"CENE, DAVKI IN PO\u0160ILJANJE\"]<\/p>\n<p><strong><u>Opomba:<\/u><\/strong><\/p>\n<ul>\n<li>Zdru\u017eene dr\u017eave Amerike Kupci: Prikazana cena NE vklju\u010duje davka in dajatev. Odgovornost za carinjenje in pla\u010dilo vseh povezanih davkov\/carin nosi kupec. <\/li>\n<li>Stranke iz EU: Prikazana cena vklju\u010duje veljavni davek, ki lahko zna\u0161a do 25 %, odvisno od va\u0161e dr\u017eave.<\/li>\n<li>Kanada Kupci: Prikazana cena vklju\u010duje veljavne davke, ki lahko vklju\u010dujejo 5 % davek na dodano vrednost (GST) in dodatne pokrajinske davke na prodajo (PST), harmonizirani davek na prodajo (HST) ali davek na prodajo v Quebecu (QST), odvisno od va\u0161e province.<\/li>\n<\/ul>\n<p><strong>Samo za stranke iz EU:<\/strong> Ekspresno DDP (dostavljeno s pla\u010dano dajatvijo). To pomeni: <\/p>\n<ul>\n<li>Vse carine in davki so vklju\u010deni v ceno, prikazano na strani izdelka.<\/li>\n<li>Ob dostavi vam ne bo treba pla\u010dati nobenih dodatnih stro\u0161kov.<\/li>\n<li>V redkih primerih te\u017eav, povezanih s carino, bo na\u0161a ekipa v va\u0161em imenu opravila postopek carinjenja in zagotovila nemoteno dostavo.<\/li>\n<p>Pomembne informacije o vra\u010dilih:<\/p>\n<li>\u010ce se odlo\u010dite vrniti naro\u010dilo ali zahtevate vra\u010dilo, se morate zavedati, da davkov in dajatev, pla\u010danih v va\u0161em imenu pod pogoji DDP, ni mogo\u010de vrniti.<\/li>\n<p>Podrobne informacije <a href=\"https:\/\/gpdstore.net\/sl\/terms-of-service\/\" target=\"_blank\" rel=\"nofollow noopener\">so na voljo v na\u0161ih Pogojih in dolo\u010dilih<\/a>.\n<\/ul>\n<p>[\/cg_accordion]\n[cg_accordion title=\"PODPORA STRANKAM\"]<\/p>\n<p>Imate vpra\u0161anje? Samo kratko besedilo nas lo\u010di od re\u0161itve va\u0161ega vpra\u0161anja!<br \/>\n[\/cg_accordion]\n[cg_accordion title=\"KAJ JE VKLJU\u010cENO\"]<\/p>\n<ul>\n<li>1x BiWIN 2230 NVMe<\/li>\n<\/ul>\n<p>[\/cg_accordion]\n","protected":false},"featured_media":205257,"template":"","meta":{"_acf_changed":false},"product_brand":[],"product_cat":[5386],"product_tag":[9044],"woo-feed-brand":[],"class_list":{"0":"post-205254","1":"product","2":"type-product","3":"status-publish","4":"has-post-thumbnail","6":"product_cat-dodatki","7":"product_tag-hardware-sl","8":"product_shipping_class-low-end","9":"pa_accessory-type-dodatki-sl","10":"pa_brand-biwin","12":"first","13":"outofstock","14":"sold-individually","15":"taxable","16":"shipping-taxable","17":"purchasable","18":"product-type-simple"},"acf":[],"aioseo_notices":[],"_links":{"self":[{"href":"https:\/\/gpdstore.net\/sl\/wp-json\/wp\/v2\/product\/205254","targetHints":{"allow":["GET"]}}],"collection":[{"href":"https:\/\/gpdstore.net\/sl\/wp-json\/wp\/v2\/product"}],"about":[{"href":"https:\/\/gpdstore.net\/sl\/wp-json\/wp\/v2\/types\/product"}],"wp:featuredmedia":[{"embeddable":true,"href":"https:\/\/gpdstore.net\/sl\/wp-json\/wp\/v2\/media\/205257"}],"wp:attachment":[{"href":"https:\/\/gpdstore.net\/sl\/wp-json\/wp\/v2\/media?parent=205254"}],"wp:term":[{"taxonomy":"product_brand","embeddable":true,"href":"https:\/\/gpdstore.net\/sl\/wp-json\/wp\/v2\/product_brand?post=205254"},{"taxonomy":"product_cat","embeddable":true,"href":"https:\/\/gpdstore.net\/sl\/wp-json\/wp\/v2\/product_cat?post=205254"},{"taxonomy":"product_tag","embeddable":true,"href":"https:\/\/gpdstore.net\/sl\/wp-json\/wp\/v2\/product_tag?post=205254"},{"taxonomy":"woo-feed-brand","embeddable":true,"href":"https:\/\/gpdstore.net\/sl\/wp-json\/wp\/v2\/woo-feed-brand?post=205254"}],"curies":[{"name":"wp","href":"https:\/\/api.w.org\/{rel}","templated":true}]}}