{"id":202078,"date":"2023-03-26T17:20:14","date_gmt":"2023-03-26T17:20:14","guid":{"rendered":"https:\/\/gpdstore.net\/nekategorizirano\/gpd-win-max-2-igralni-rocni-racunalnik\/"},"modified":"2026-04-02T03:47:02","modified_gmt":"2026-04-02T03:47:02","slug":"gpd-win-max-2","status":"publish","type":"product","link":"https:\/\/gpdstore.net\/sl\/product\/gpd-win-max-2\/","title":{"rendered":"GPD WIN MAX 2 igralni ro\u010dni ra\u010dunalnik"},"content":{"rendered":"\n<p>GPD WIN MAX 2, ki je na voljo v trgovini GPD Store, je impresiven ultrabook, ki v eni napravi zdru\u017euje delo in zabavo. Ta prenosni igri\u010darski ra\u010dunalnik se pona\u0161a z visoko zmogljivim procesorjem AMD Ryzen 7 6800U z osmimi jedri in \u0161estnajstimi nitmi, ki lahko dose\u017ee do 4,7 GHz med nastavljivo 15W-28W TDP. Procesor AMD Radeon 680M zagotavlja do 2,2 GHz mo\u010di, kar zagotavlja gladko prikazovanje na 10,1-pal\u010dnem zaslonu IPS na dotik.  <\/p>\n\n<p>GPD WIN MAX 2, ki meri 22,7 \u00d7 16,0 \u00d7 2,3 cm (8,9 \u00d7 6,2 \u00d7 0,9 cm) in tehta nekaj ve\u010d kot kilogram, je zelo prenosen in ga zlahka spravite v torbo ali kov\u010dek za prenosni ra\u010dunalnik. Ta prenosni igralni ra\u010dunalnik podpira do 32 GB RAM LPDDR5-6400 MT\/s in do 2 TB SSD, z dodatno re\u017eo na zadnji strani za do 2 TB m.2 PCIe 3.0 SSD.  <\/p>\n\n<p>GPD WIN MAX 2 je opremljen tudi s popolnimi igralnimi krmilniki, vklju\u010dno z dvema analognima pali\u010dicama s senzorjem s hallovim u\u010dinkom, igralnim D-Padom in spro\u017eilci s hallovim u\u010dinkom. Na zadnji strani sta celo dva dodatna gumba, ki ju lahko nastavite po svojih \u017eeljah. Ta ultrabook se pona\u0161a tudi s hitrim WiFi 6 in Bluetooth 5.2 ter opcijsko podporo 4G LTE za mobilne podatke.  <\/p>\n\n<p>GPD WIN MAX 2 poganja 67Wh litij-polimerna baterija, ki zagotavlja do 14 ur lahke uporabe, 6-8 ur zmerne uporabe in 3 ure te\u017eke uporabe. Poleg tega lahko s priklju\u010dkom Thunderbolt 4 priklju\u010dite zunanjo grafi\u010dno kartico (eGPU) za \u0161e hitrej\u0161e delovanje. Vgrajen je celo vmesnik HDMI 2.1 za prikaz dveh monitorjev.  <\/p>\n\n<p>Na splo\u0161no je GPD WIN MAX 2 izjemen ro\u010dni igralni ra\u010dunalnik, ki brez te\u017eav prehaja med delom in igranjem ter ima odli\u010dno \u017eivljenjsko dobo baterije. Ta ultrabook vam bo pomagal, ne glede na to, ali delate z zahtevnimi pisarni\u0161kimi dokumenti ali se predajate najljub\u0161im igram AAA. <\/p>\n\n<p><\/p>\n","protected":false},"excerpt":{"rendered":"<ul>\n<li>AMD <strong>Ryzen 7 6800U @2<\/strong>,7 GHz TDP 15-28 W<\/li>\n<li>AMD Radeon 680M <strong>12 enot @2200 MHz<\/strong><\/li>\n<li><strong>do 32 GB LPDDR5-6400 MT\/s<\/strong><\/li>\n<li><strong>do 2 TB hitrega<\/strong> PCI-E <strong>NVMe SSD<\/strong> <\/li>\n<li>Podpora za WiFi 6 in Bluetooth <strong>5.2<\/strong>  <\/li>\n<\/ul>\n[cg_accordion title=\"INFORMACIJE O PLA\u010cILU\"]<\/p>\n<p>Uporabljamo najnovej\u0161o tehnologijo za obdelavo pla\u010dil, ki vam omogo\u010da, da se na blagajno prijavite s svojo debetno\/kreditno kartico ali storitvijo PayPal, kar zagotavlja hitro in varno izku\u0161njo.[\/cg_accordion]\n[cg_accordion title=\"GARANCIJA\"]<\/p>\n<p>2 leti garancije <a href=\"https:\/\/droix.net\/\" target=\"_blank\" rel=\"nofollow noopener\">DROIX Global za<\/a> va\u0161 mir[\/cg_accordion]\n[cg_accordion title=\"CENE, DAVKI IN PO\u0160ILJANJE\"]<\/p>\n<p><strong><u>Opomba:<\/u><\/strong><\/p>\n<ul>\n<li>Zdru\u017eene dr\u017eave Amerike Kupci: Prikazana cena NE vklju\u010duje davka in dajatev. Odgovornost za carinjenje in pla\u010dilo vseh povezanih davkov\/carin nosi kupec. <\/li>\n<li>Stranke iz EU: Prikazana cena vklju\u010duje veljavni davek, ki lahko zna\u0161a do 25 %, odvisno od va\u0161e dr\u017eave.<\/li>\n<li>Kanada Kupci: Prikazana cena vklju\u010duje veljavne davke, ki lahko vklju\u010dujejo 5 % davek na dodano vrednost (GST) in dodatne pokrajinske davke na prodajo (PST), harmonizirani davek na prodajo (HST) ali davek na prodajo v Quebecu (QST), odvisno od va\u0161e province.<\/li>\n<\/ul>\n<p><strong>Samo za stranke iz EU:<\/strong> Ekspresno DDP (dostavljeno s pla\u010dano dajatvijo). To pomeni: <\/p>\n<ul>\n<li>Vse carine in davki so vklju\u010deni v ceno, prikazano na strani izdelka.<\/li>\n<li>Ob dostavi vam ne bo treba pla\u010dati nobenih dodatnih stro\u0161kov.<\/li>\n<li>V redkih primerih te\u017eav, povezanih s carino, bo na\u0161a ekipa v va\u0161em imenu opravila postopek carinjenja in zagotovila nemoteno dostavo.<\/li>\n<p>Pomembne informacije o vra\u010dilih:<\/p>\n<li>\u010ce se odlo\u010dite vrniti naro\u010dilo ali zahtevate vra\u010dilo, se morate zavedati, da davkov in dajatev, pla\u010danih v va\u0161em imenu pod pogoji DDP, ni mogo\u010de vrniti.<\/li>\n<p>Podrobne informacije <a href=\"https:\/\/droix.net\/terms-and-conditions\/\" target=\"_blank\" rel=\"nofollow noopener\">so na voljo v na\u0161ih Pogojih in dolo\u010dilih<\/a>.\n<\/ul>\n<p>[\/cg_accordion]\n[cg_accordion title=\"PODPORA STRANKAM\"]<\/p>\n<p>Imate vpra\u0161anje? Samo kratko besedilo nas lo\u010di od re\u0161itve va\u0161ega vpra\u0161anja! <\/p>\n<p>Podrobne informacije <a href=\"https:\/\/gpdstore.net\/sl\/terms-of-service\/\" target=\"_blank\" rel=\"nofollow noopener\">so na voljo v na\u0161ih Pogojih in dolo\u010dilih<\/a>.\n<\/ul>\n<p>[\/cg_accordion]\n[cg_accordion title=\"KAJ JE VKLJU\u010cENO\"]<\/p>\n<ul>\n<li>1x GPD WIN MAX 2<\/li>\n<li>1x napajalnik<\/li>\n<li>1x kabel USB tipa C<\/li>\n<li>1x uporabni\u0161ki priro\u010dnik<\/li>\n<\/ul>\n<p>[\/cg_accordion]\n","protected":false},"featured_media":202082,"template":"","meta":{"_acf_changed":false},"product_brand":[],"product_cat":[5635],"product_tag":[6609],"woo-feed-brand":[5638],"class_list":{"0":"post-202078","1":"product","2":"type-product","3":"status-publish","4":"has-post-thumbnail","6":"product_cat-rocni-racunalnik-gpd-za-igranje-iger","7":"product_tag-gpd-win-max-2-sl","8":"product_shipping_class-premium","9":"pa_bluetooth-5-2-sl","10":"pa_display-type-h-ips-sl","11":"pa_graphics-gpu-model-radeon-680m-sl","12":"pa_i-o-video-1x-hdmi-2-1-sl","13":"pa_i-o-video-prek-1x-usb-4-0-type-c-40gb-s","14":"pa_memory-ram-capacity-16-gb-sl","15":"pa_memory-ram-capacity-32-gb-sl","16":"pa_memory-ram-technology-lpddr5-sl","17":"pa_processor-cpu-model-ryzen-7-6800u","18":"pa_storage-capacity-1-tb-sl","19":"pa_storage-capacity-2tb-sl-2","20":"pa_wi-fi-wi-fi-6-sl","21":"woo-feed-brand-gpd-sl","23":"first","24":"outofstock","25":"taxable","26":"shipping-taxable","27":"purchasable","28":"product-type-variable","29":"has-default-attributes"},"acf":[],"aioseo_notices":[],"_links":{"self":[{"href":"https:\/\/gpdstore.net\/sl\/wp-json\/wp\/v2\/product\/202078","targetHints":{"allow":["GET"]}}],"collection":[{"href":"https:\/\/gpdstore.net\/sl\/wp-json\/wp\/v2\/product"}],"about":[{"href":"https:\/\/gpdstore.net\/sl\/wp-json\/wp\/v2\/types\/product"}],"wp:featuredmedia":[{"embeddable":true,"href":"https:\/\/gpdstore.net\/sl\/wp-json\/wp\/v2\/media\/202082"}],"wp:attachment":[{"href":"https:\/\/gpdstore.net\/sl\/wp-json\/wp\/v2\/media?parent=202078"}],"wp:term":[{"taxonomy":"product_brand","embeddable":true,"href":"https:\/\/gpdstore.net\/sl\/wp-json\/wp\/v2\/product_brand?post=202078"},{"taxonomy":"product_cat","embeddable":true,"href":"https:\/\/gpdstore.net\/sl\/wp-json\/wp\/v2\/product_cat?post=202078"},{"taxonomy":"product_tag","embeddable":true,"href":"https:\/\/gpdstore.net\/sl\/wp-json\/wp\/v2\/product_tag?post=202078"},{"taxonomy":"woo-feed-brand","embeddable":true,"href":"https:\/\/gpdstore.net\/sl\/wp-json\/wp\/v2\/woo-feed-brand?post=202078"}],"curies":[{"name":"wp","href":"https:\/\/api.w.org\/{rel}","templated":true}]}}