{"id":193561,"date":"2023-03-26T13:55:57","date_gmt":"2023-03-26T13:55:57","guid":{"rendered":"https:\/\/gpdstore.net\/nekategorizirano\/mini-prenosni-racunalnik-gpd-pocket-3\/"},"modified":"2026-01-07T00:10:53","modified_gmt":"2026-01-07T00:10:53","slug":"gpd-pocket-3","status":"publish","type":"product","link":"https:\/\/gpdstore.net\/sl\/product\/gpd-pocket-3\/","title":{"rendered":"Mini prenosni ra\u010dunalnik GPD Pocket 3"},"content":{"rendered":"\n<figure class=\"wp-block-video\"><video controls=\"\" poster=\"https:\/\/gpdstore.net\/wp-content\/uploads\/2023\/03\/s-l1600-2025-11-11T121147209.webp\" src=\"https:\/\/gpdstore.net\/wp-content\/uploads\/2023\/03\/kaezXFcAdRaf7bFG0dm_1100204901809_mp4_265_hd-1.mp4\"><\/video><\/figure>\n\n<div class=\"wp-block-columns is-layout-flex wp-container-core-columns-is-layout-28f84493 wp-block-columns-is-layout-flex\">\n<div class=\"wp-block-column is-layout-flow wp-block-column-is-layout-flow\" style=\"flex-basis:33.33%\">\n<figure class=\"wp-block-image size-full\"><a href=\"https:\/\/gpdstore.net\/wp-content\/uploads\/2023\/03\/Wholesale-Price-GPD-Pocket-3-Mini-Laptop-16GB-1TB-i7-GPD-Pocket-3jpg_.webp\"><img fetchpriority=\"high\" decoding=\"async\" width=\"800\" height=\"800\" src=\"https:\/\/gpdstore.net\/wp-content\/uploads\/2023\/03\/Wholesale-Price-GPD-Pocket-3-Mini-Laptop-16GB-1TB-i7-GPD-Pocket-3jpg_.webp\" alt=\"GPD Pocket 3, kompakten in zmogljiv mini prenosni ra&#x10D;unalnik, zasnovan za vsestransko ra&#x10D;unalni&#x161;tvo in prenosljivost.\" class=\"wp-image-1263941\" srcset=\"https:\/\/gpdstore.net\/wp-content\/uploads\/2023\/03\/Wholesale-Price-GPD-Pocket-3-Mini-Laptop-16GB-1TB-i7-GPD-Pocket-3jpg_.webp 800w, https:\/\/gpdstore.net\/wp-content\/uploads\/2023\/03\/Wholesale-Price-GPD-Pocket-3-Mini-Laptop-16GB-1TB-i7-GPD-Pocket-3jpg_-600x600.webp 600w, https:\/\/gpdstore.net\/wp-content\/uploads\/2023\/03\/Wholesale-Price-GPD-Pocket-3-Mini-Laptop-16GB-1TB-i7-GPD-Pocket-3jpg_-150x150.webp 150w, https:\/\/gpdstore.net\/wp-content\/uploads\/2023\/03\/Wholesale-Price-GPD-Pocket-3-Mini-Laptop-16GB-1TB-i7-GPD-Pocket-3jpg_-768x768.webp 768w, https:\/\/gpdstore.net\/wp-content\/uploads\/2023\/03\/Wholesale-Price-GPD-Pocket-3-Mini-Laptop-16GB-1TB-i7-GPD-Pocket-3jpg_-65x65.webp 65w, https:\/\/gpdstore.net\/wp-content\/uploads\/2023\/03\/Wholesale-Price-GPD-Pocket-3-Mini-Laptop-16GB-1TB-i7-GPD-Pocket-3jpg_-360x360.webp 360w, https:\/\/gpdstore.net\/wp-content\/uploads\/2023\/03\/Wholesale-Price-GPD-Pocket-3-Mini-Laptop-16GB-1TB-i7-GPD-Pocket-3jpg_-441x441.webp 441w, https:\/\/gpdstore.net\/wp-content\/uploads\/2023\/03\/Wholesale-Price-GPD-Pocket-3-Mini-Laptop-16GB-1TB-i7-GPD-Pocket-3jpg_-100x100.webp 100w\" sizes=\"(max-width: 800px) 100vw, 800px\" \/><\/a><\/figure>\n<\/div>\n\n\n\n<div class=\"wp-block-column is-layout-flow wp-block-column-is-layout-flow\" style=\"flex-basis:66.66%\">\n<h2 class=\"wp-block-heading\"><strong><br\/><\/strong><strong>GPD Pocket 3: Kompaktna naprava s<br\/>Intel Pentium Gold 7505 Performance<\/strong><\/h2>\n\n\n\n<p><strong>GPD Pocket 3<\/strong> je zdaj na voljo v poenostavljeni konfiguraciji s <a href=\"https:\/\/www.intel.com\/content\/www\/us\/en\/products\/sku\/208667\/intel-pentium-gold-7505-processor-4m-cache-up-to-3-50-ghz-with-ipu\/specifications.html\" target=\"_blank\" rel=\"noopener nofollow\" title=\"\">procesorjem Intel Pentium Gold 7505<\/a>. S \u0161tirimi jedri in osmimi nitmi ter hitrostjo do 3,5 GHz ta procesor zagotavlja solidno zmogljivost za vsakodnevno produktivnost in ve\u010dopravilnost. <\/p>\n\n\n\n<p>V kombinaciji s 16 GB pomnilnika LPDDR4x s frekvenco 3733 MHz in hitrim diskom SSD M.2 <a href=\"https:\/\/droix.net\/product\/ayn-odin-2-super-dock\/\" target=\"_blank\" rel=\"noopener nofollow\" title=\"\">NVMe<\/a> zagotavlja \u017eepni ra\u010dunalnik Pocket 3 nemoteno delovanje pri opravilih, kot so urejanje dokumentov, brskanje po spletu, pretakanje videoposnetkov in la\u017eje ustvarjalno delo. Zaradi svoje kompaktne zasnove in modularnega sistema vrat je idealen za profesionalce in navdu\u0161ence, ki potrebujejo zmogljivo, a prenosno napravo Windows. <\/p>\n\n\n\n<p>Ne glede na to, ali delate na daljavo, potujete ali potrebujete vsestranski ultraprenosni ra\u010dunalnik, je GPD Pocket 3 z Intelovim procesorjem Pentium Gold popolno ravnovesje med zmogljivostjo in prenosnostjo.<\/p>\n<\/div>\n<\/div>\n\n<h2 class=\"wp-block-heading has-text-align-center\">Zasnovan za profesionalce: Vsestranskost, nadzor in odli\u010dnost oblikovanja<\/h2>\n\n<div class=\"wp-block-columns is-layout-flex wp-container-core-columns-is-layout-28f84493 wp-block-columns-is-layout-flex\">\n<div class=\"wp-block-column is-layout-flow wp-block-column-is-layout-flow\">\n<figure class=\"wp-block-image size-full\"><img decoding=\"async\" width=\"300\" height=\"300\" src=\"https:\/\/gpdstore.net\/wp-content\/uploads\/2023\/03\/87affa8a-19ce-4c6d-891b-43840ae1d1f6__CR00300300_PT0_SX300_V1___.jpg\" alt=\"Mini prenosni ra&#x10D;unalnik GPD Pocket 3 s 180-stopinjskim vrtljivim zaslonom in 180-stopinjsko mo&#x17E;nostjo obra&#x10D;anja omogo&#x10D;a prilagodljive mo&#x17E;nosti gledanja in uporabe\" class=\"wp-image-1263942\" srcset=\"https:\/\/gpdstore.net\/wp-content\/uploads\/2023\/03\/87affa8a-19ce-4c6d-891b-43840ae1d1f6__CR00300300_PT0_SX300_V1___.jpg 300w, https:\/\/gpdstore.net\/wp-content\/uploads\/2023\/03\/87affa8a-19ce-4c6d-891b-43840ae1d1f6__CR00300300_PT0_SX300_V1___-150x150.jpg 150w, https:\/\/gpdstore.net\/wp-content\/uploads\/2023\/03\/87affa8a-19ce-4c6d-891b-43840ae1d1f6__CR00300300_PT0_SX300_V1___-65x65.jpg 65w, https:\/\/gpdstore.net\/wp-content\/uploads\/2023\/03\/87affa8a-19ce-4c6d-891b-43840ae1d1f6__CR00300300_PT0_SX300_V1___-100x100.jpg 100w\" sizes=\"(max-width: 300px) 100vw, 300px\" \/><\/figure>\n\n\n\n<h3 class=\"wp-block-heading\"><strong><strong>Prilagodljiv zaslon:<\/strong> Zaslon, vrtljiv za 180\u00b0, z vzdr\u017eljivostjo iz pra\u0161ne metalurgije.<\/strong><\/h3>\n\n\n\n<p>Na\u0161 inovativno zasnovani vrtljivi zaslon, izdelan z uporabo napredne tehnologije metalurgije prahu, omogo\u010da nemoteno 180-stopinjsko vrtenje z eno roko okoli osi Y. Uspe\u0161no je prestala stroge preizkuse vzdr\u017eljivosti in zdr\u017eala 100 000 neprekinjenih robotskih operacij (vklju\u010dno z vrtenjem, odpiranjem in zapiranjem) z impresivno 99,3-odstotno stopnjo uporabnosti. <\/p>\n<\/div>\n\n\n\n<div class=\"wp-block-column is-layout-flow wp-block-column-is-layout-flow\">\n<figure class=\"wp-block-image size-full\"><img decoding=\"async\" width=\"300\" height=\"300\" src=\"https:\/\/gpdstore.net\/wp-content\/uploads\/2023\/03\/9728f488-7c9a-4702-8194-6d4228a0fa83__CR00300300_PT0_SX300_V1___.jpg\" alt=\"Mini prenosni ra&#x10D;unalnik GPD Pocket 3 s podporo za pisalo, ki omogo&#x10D;a natan&#x10D;en vnos in ve&#x10D;jo produktivnost.\" class=\"wp-image-1263943\" srcset=\"https:\/\/gpdstore.net\/wp-content\/uploads\/2023\/03\/9728f488-7c9a-4702-8194-6d4228a0fa83__CR00300300_PT0_SX300_V1___.jpg 300w, https:\/\/gpdstore.net\/wp-content\/uploads\/2023\/03\/9728f488-7c9a-4702-8194-6d4228a0fa83__CR00300300_PT0_SX300_V1___-150x150.jpg 150w, https:\/\/gpdstore.net\/wp-content\/uploads\/2023\/03\/9728f488-7c9a-4702-8194-6d4228a0fa83__CR00300300_PT0_SX300_V1___-65x65.jpg 65w, https:\/\/gpdstore.net\/wp-content\/uploads\/2023\/03\/9728f488-7c9a-4702-8194-6d4228a0fa83__CR00300300_PT0_SX300_V1___-100x100.jpg 100w\" sizes=\"(max-width: 300px) 100vw, 300px\" \/><\/figure>\n\n\n\n<h3 class=\"wp-block-heading\"><strong><strong><strong>Natan\u010den vhod:<\/strong> QWERTY tipkovnica in pisalo s 4096 stopnjami natan\u010dnosti: uporaba tipkovnice QWERTY, nagrajene z nagrado Red Dot.<\/strong><\/strong><\/h3>\n\n\n\n<p>Naprava Pocket 3 ima aktivno podporo za pisalo s 4096 stopnjami ob\u010dutljivosti pritiska, kar zagotavlja izvirno natan\u010dnost pisanja z roko. Zdru\u017eljiv je s pisalom Surface Pen prek Microsoftovega protokola MPP 2.0 in omogo\u010da nemoteno pisanje zapiskov, opomb in podpisov, kar omogo\u010da natan\u010dno in ustvarjalno ustvarjanje vsebine kadar koli. <\/p>\n<\/div>\n\n\n\n<div class=\"wp-block-column is-layout-flow wp-block-column-is-layout-flow\">\n<figure class=\"wp-block-image size-full\"><img loading=\"lazy\" decoding=\"async\" width=\"300\" height=\"300\" src=\"https:\/\/gpdstore.net\/wp-content\/uploads\/2023\/03\/a2d68f01-c1f4-4886-afb1-90dae8b01b16__CR00300300_PT0_SX300_V1___.jpg\" alt=\"Mini prenosni ra&#x10D;unalnik GPD Pocket 3 z izjemno tanko kamero 1080P, ki zagotavlja kakovost videa visoke lo&#x10D;ljivosti za jasne in ostre video klice\" class=\"wp-image-1263944\" srcset=\"https:\/\/gpdstore.net\/wp-content\/uploads\/2023\/03\/a2d68f01-c1f4-4886-afb1-90dae8b01b16__CR00300300_PT0_SX300_V1___.jpg 300w, https:\/\/gpdstore.net\/wp-content\/uploads\/2023\/03\/a2d68f01-c1f4-4886-afb1-90dae8b01b16__CR00300300_PT0_SX300_V1___-150x150.jpg 150w, https:\/\/gpdstore.net\/wp-content\/uploads\/2023\/03\/a2d68f01-c1f4-4886-afb1-90dae8b01b16__CR00300300_PT0_SX300_V1___-65x65.jpg 65w, https:\/\/gpdstore.net\/wp-content\/uploads\/2023\/03\/a2d68f01-c1f4-4886-afb1-90dae8b01b16__CR00300300_PT0_SX300_V1___-100x100.jpg 100w\" sizes=\"(max-width: 300px) 100vw, 300px\" \/><\/figure>\n\n\n\n<h3 class=\"wp-block-heading\"><strong><strong><strong>Jasna komunikacija:<\/strong> 1080P z izjemno tanko kamero s \u0161irokim kotom.<\/strong><\/strong><\/h3>\n\n\n\n<p>Ultra tanka mini kamera visoke lo\u010dljivosti 1080P z 2 milijonoma slikovnih pik in \u0161irokim 77-stopinjskim vidnim poljem. Tako lahko kadar koli in kjer koli komunicirate z dru\u017eino prek spletnega prenosa v \u017eivo ali organizirate videokonference s sodelavci. <\/p>\n<\/div>\n<\/div>\n\n<div class=\"wp-block-columns is-layout-flex wp-container-core-columns-is-layout-28f84493 wp-block-columns-is-layout-flex\">\n<div class=\"wp-block-column is-layout-flow wp-block-column-is-layout-flow\">\n<figure class=\"wp-block-image size-full\"><img loading=\"lazy\" decoding=\"async\" width=\"300\" height=\"400\" src=\"https:\/\/gpdstore.net\/wp-content\/uploads\/2023\/03\/dfaad9ca-c981-4178-9f69-19a4a5cf5f38__CR00300400_PT0_SX300_V1___.jpg\" alt=\"Mini prenosni ra&#x10D;unalnik GPD Pocket 3 z nadzorom KVM, ki omogo&#x10D;a brezhibno integracijo in upravljanje ve&#x10D; naprav z enega vmesnika.\" class=\"wp-image-1263945\" srcset=\"https:\/\/gpdstore.net\/wp-content\/uploads\/2023\/03\/dfaad9ca-c981-4178-9f69-19a4a5cf5f38__CR00300400_PT0_SX300_V1___.jpg 300w, https:\/\/gpdstore.net\/wp-content\/uploads\/2023\/03\/dfaad9ca-c981-4178-9f69-19a4a5cf5f38__CR00300400_PT0_SX300_V1___-150x200.jpg 150w\" sizes=\"(max-width: 300px) 100vw, 300px\" \/><\/figure>\n<\/div>\n\n\n\n<div class=\"wp-block-column is-layout-flow wp-block-column-is-layout-flow\">\n<h3 class=\"wp-block-heading\"><strong>Mo\u010d IT-administracije:<\/strong> dostop do stre\u017enika na ravni strojne opreme prek modula KVM, ki ga je mogo\u010de zamenjati med delovanjem.<\/h3>\n\n\n\n<p>Za razliko od oddaljenega namizja se nadzorni modul KVM uporablja za nadzor dostopa na ravni strojne opreme, ki zajema celoten postopek uporabe ciljnega stre\u017enika, od zagona, nastavitev BIOS-a do operacij v operacijskem sistemu.<\/p>\n\n\n\n<p>Je zamenljiv, vendar nima protokola IP KVM, zato ne podpira oddaljenega upravljanja in je primeren za upravljanje lokalne omre\u017ene opreme, ki nima tipkovnice, mi\u0161ke in zaslona.<\/p>\n\n\n\n<p>*Modul KVM\/RS-232 Modul\/Stylus so naprodaj lo\u010deno<\/p>\n<\/div>\n\n\n\n<div class=\"wp-block-column is-layout-flow wp-block-column-is-layout-flow\">\n<figure class=\"wp-block-image size-full\"><img loading=\"lazy\" decoding=\"async\" width=\"350\" height=\"175\" src=\"https:\/\/gpdstore.net\/wp-content\/uploads\/2023\/03\/c011901a-1c49-4ed6-b6e2-a74a6089bf57__CR00350175_PT0_SX350_V1___-1.jpg\" alt=\"Mini prenosni ra&#x10D;unalnik GPD Pocket 3 s tipkovnico QWERTY, zasnovan za udobno in u&#x10D;inkovito tipkanje v kompaktni obliki\" class=\"wp-image-1263946\" srcset=\"https:\/\/gpdstore.net\/wp-content\/uploads\/2023\/03\/c011901a-1c49-4ed6-b6e2-a74a6089bf57__CR00350175_PT0_SX350_V1___-1.jpg 350w, https:\/\/gpdstore.net\/wp-content\/uploads\/2023\/03\/c011901a-1c49-4ed6-b6e2-a74a6089bf57__CR00350175_PT0_SX350_V1___-1-150x75.jpg 150w\" sizes=\"(max-width: 350px) 100vw, 350px\" \/><\/figure>\n\n\n\n<h3 class=\"wp-block-heading\"><strong>Tipkovnica &#8220;QWERTY&#8221;<\/strong><\/h3>\n\n\n\n<p>Na\u0161a \u0161iroko priznana tipkovnica &#8220;QWERTY&#8221; v slogu \u010dokolade chiclet, ki je prejela nem\u0161ko nagrado Red Dot, je optimizirana za tipkanje z obema rokama, saj so najpomembnej\u0161e tipke osredoto\u010dene na sredino, zato je igranje iger s tipkovnico in mi\u0161ko na tej napravi zelo udobno!<\/p>\n<\/div>\n<\/div>\n\n<h2 class=\"wp-block-heading has-text-align-center\">Vhodi profesionalnega razreda: Nadzor strojne opreme in ergonomsko tipkanje<\/h2>\n\n<figure class=\"wp-block-image aligncenter size-full\"><img loading=\"lazy\" decoding=\"async\" width=\"1024\" height=\"678\" src=\"https:\/\/gpdstore.net\/wp-content\/uploads\/2023\/03\/GPD-POCKET-3-MARKETING-IMAGE-2-1024x678-1.jpg\" alt=\"Mini prenosni ra&#x10D;unalnik GPD Pocket 3 z mo&#x17E;nostjo priklju&#x10D;itve ve&#x10D; zaslonov za ve&#x10D;jo produktivnost in ve&#x10D;opravilnost\" class=\"wp-image-1263947\" srcset=\"https:\/\/gpdstore.net\/wp-content\/uploads\/2023\/03\/GPD-POCKET-3-MARKETING-IMAGE-2-1024x678-1.jpg 1024w, https:\/\/gpdstore.net\/wp-content\/uploads\/2023\/03\/GPD-POCKET-3-MARKETING-IMAGE-2-1024x678-1-600x397.jpg 600w, https:\/\/gpdstore.net\/wp-content\/uploads\/2023\/03\/GPD-POCKET-3-MARKETING-IMAGE-2-1024x678-1-768x509.jpg 768w, https:\/\/gpdstore.net\/wp-content\/uploads\/2023\/03\/GPD-POCKET-3-MARKETING-IMAGE-2-1024x678-1-360x238.jpg 360w, https:\/\/gpdstore.net\/wp-content\/uploads\/2023\/03\/GPD-POCKET-3-MARKETING-IMAGE-2-1024x678-1-990x655.jpg 990w, https:\/\/gpdstore.net\/wp-content\/uploads\/2023\/03\/GPD-POCKET-3-MARKETING-IMAGE-2-1024x678-1-441x292.jpg 441w, https:\/\/gpdstore.net\/wp-content\/uploads\/2023\/03\/GPD-POCKET-3-MARKETING-IMAGE-2-1024x678-1-150x99.jpg 150w\" sizes=\"(max-width: 1024px) 100vw, 1024px\" \/><\/figure>\n\n<p>GPD se vra\u010da s tretjo iteracijo priljubljene linije mini prenosnih ra\u010dunalnikov, in sicer s primernim imenom <strong>GPD Pocket 3<\/strong>! Ta opremljeni prenosnik majhnih dimenzij je v celoti opremljen in dovolj prilagodljiv, da z lahkoto izpolni vse va\u0161e vsakodnevne ra\u010dunalni\u0161ke potrebe.<\/p>\n\n<p>Poleg \u0161tevilnih vmesnikov, ki jih naprava \u017ee ima (USB, Thunderbolt, RJ45 itd.), ima GPD Pocket 3 tudi &#8220;modularni priklju\u010dni vmesnik&#8221;. Tako lahko poljubno prilagajate vrata na napravi <strong>GPD Pocket 3<\/strong> svojim potrebam. \u017delite dodaten priklju\u010dek USB za drugo napravo? Ni problema. Potrebujete vmesnik s stre\u017enikom? Z namenskim modulom KVM je to enostavno!*     <\/p>\n\n<p>Konec koncev je <strong>GPD Pocket 3<\/strong> poln uporabnih lastnosti in funkcij. Vgrajen mikrofon? Imate ga. Zaslon z mo\u017enostjo vrtenja za 360 stopinj? Jasno! Vhod HDMI? \u017de je tu!      <\/p>\n\n<p>Ne glede na to, ali vas zanima vrhunski ali osnovni model, boste dobili prenosni ra\u010dunalnik, ki je zelo prenosen in prilagodljiv, da vam popolnoma ustreza.<\/p>\n\n<figure class=\"wp-block-image aligncenter size-full\"><img loading=\"lazy\" decoding=\"async\" width=\"970\" height=\"600\" src=\"https:\/\/gpdstore.net\/wp-content\/uploads\/2023\/03\/28ee65cf-aa50-4535-b107-c1d20069d506__CR00970600_PT0_SX970_V1___.jpg\" alt=\"Sistemski parametri mini prenosnega ra&#x10D;unalnika GPD Pocket 3, vklju&#x10D;no s specifikacijami procesorja, pomnilnika, shrambe in zaslona, za optimalno delovanje.\" class=\"wp-image-1263948\" srcset=\"https:\/\/gpdstore.net\/wp-content\/uploads\/2023\/03\/28ee65cf-aa50-4535-b107-c1d20069d506__CR00970600_PT0_SX970_V1___.jpg 970w, https:\/\/gpdstore.net\/wp-content\/uploads\/2023\/03\/28ee65cf-aa50-4535-b107-c1d20069d506__CR00970600_PT0_SX970_V1___-600x371.jpg 600w, https:\/\/gpdstore.net\/wp-content\/uploads\/2023\/03\/28ee65cf-aa50-4535-b107-c1d20069d506__CR00970600_PT0_SX970_V1___-768x475.jpg 768w, https:\/\/gpdstore.net\/wp-content\/uploads\/2023\/03\/28ee65cf-aa50-4535-b107-c1d20069d506__CR00970600_PT0_SX970_V1___-360x223.jpg 360w, https:\/\/gpdstore.net\/wp-content\/uploads\/2023\/03\/28ee65cf-aa50-4535-b107-c1d20069d506__CR00970600_PT0_SX970_V1___-441x273.jpg 441w, https:\/\/gpdstore.net\/wp-content\/uploads\/2023\/03\/28ee65cf-aa50-4535-b107-c1d20069d506__CR00970600_PT0_SX970_V1___-150x93.jpg 150w\" sizes=\"(max-width: 970px) 100vw, 970px\" \/><\/figure>\n","protected":false},"excerpt":{"rendered":"<ul>\n<li>Intel\u00ae Pentium\u00ae Gold 7505 do 3,50 GHz ; 4 jedra\/8 niti<\/li>\n<li><strong>16 GB LPDDR4x RAM<\/strong> @3733Mhz<\/li>\n<li><strong>Thunderbolt 4 \/ 8-pal\u010dni zaslon na dotik \/ \u010ditalnik prstnih odtisov<\/strong><\/li>\n<li><strong>Do 4 TB<\/strong> SSD PCI-E NVMe<\/li>\n<li>Modularni s <strong>priklju\u010dki KVM\/RS-232 <\/strong>(naprodaj lo\u010deno)<\/li>\n<\/ul>\n<p><img loading=\"lazy\" decoding=\"async\" src=\"https:\/\/gpdstore.net\/wp-content\/uploads\/2024\/08\/POCKET-4-FREEBIE-LONG.jpg\" alt=\"Promocijska pasica za GPD Pocket 4, ki ponuja brezpla\u010den za\u0161\u010ditni etui. Besedilo se glasi: \"BREZPLA\u010cNA DARILA - ZA\u0160\u010cITNI OBLIK - AVTOMATI\u010cNO DODANO V KO\u0160ARICO\", spremlja pa ga slika elegantnega \u010drnega za\u0161\u010ditnega ovitka.\" width=\"1000\" height=\"140\" class=\"alignnone size-full wp-image-973719\" srcset=\"https:\/\/gpdstore.net\/wp-content\/uploads\/2024\/08\/POCKET-4-FREEBIE-LONG.jpg 1000w, https:\/\/gpdstore.net\/wp-content\/uploads\/2024\/08\/POCKET-4-FREEBIE-LONG-600x84.jpg 600w, https:\/\/gpdstore.net\/wp-content\/uploads\/2024\/08\/POCKET-4-FREEBIE-LONG-768x108.jpg 768w, https:\/\/gpdstore.net\/wp-content\/uploads\/2024\/08\/POCKET-4-FREEBIE-LONG-360x50.jpg 360w, https:\/\/gpdstore.net\/wp-content\/uploads\/2024\/08\/POCKET-4-FREEBIE-LONG-990x139.jpg 990w, https:\/\/gpdstore.net\/wp-content\/uploads\/2024\/08\/POCKET-4-FREEBIE-LONG-441x62.jpg 441w, https:\/\/gpdstore.net\/wp-content\/uploads\/2024\/08\/POCKET-4-FREEBIE-LONG-150x21.jpg 150w\" sizes=\"(max-width: 1000px) 100vw, 1000px\" \/><\/p>\n<p> [cg_accordion title=\"INFORMACIJE O PLA\u010cILU\"] Uporabljamo najnovej\u0161o tehnologijo za obdelavo pla\u010dil, ki vam omogo\u010da, da se na blagajno prijavite s svojo debetno\/kreditno kartico ali storitvijo PayPal, kar zagotavlja hitro in varno izku\u0161njo.[\/cg_accordion] [cg_accordion title=\"GARANCIJA\"] Dveletna garancija <a href=\"https:\/\/droix.net\/\" target=\"_blank\" rel=\"nofollow noopener\">DROIX Global<\/a> za va\u0161 mir.[\/cg_accordion] [cg_accordion title=\"ZAGOTAVLJANJE KAKOVOSTI IN TESTIRANJE PRED ODPREMO\"] Zagotavljanje zadovoljstva strank na najvi\u0161ji ravni: Vsaka naprava je pred odpremo podvr\u017eena strogemu testiranju in ve\u010dto\u010dkovnemu preverjanju kakovosti. Na\u0161a predana ekipa preveri delovanje, funkcionalnost in celovitost komponent, s \u010dimer zagotovimo, da je va\u0161a naprava GPD ob prihodu v popolnem delovnem stanju, kar vam zagotavlja zaupanje in mir v du\u0161i.[\/cg_accordion] [cg_accordion title=\"CENE, DAVKI IN PO\u0160ILJANJE\"] <strong><u>Opomba:<\/u><\/strong><\/p>\n<ul>\n<li>Zdru\u017eene dr\u017eave Amerike Kupci: Prikazana cena NE vklju\u010duje davka in dajatev. Odgovornost za carinjenje in pla\u010dilo vseh povezanih davkov\/carin nosi kupec. <\/li>\n<li>Stranke iz EU: Prikazana cena vklju\u010duje veljavni davek, ki lahko zna\u0161a do 25 %, odvisno od va\u0161e dr\u017eave.<\/li>\n<li>Kanada Kupci: Prikazana cena vklju\u010duje veljavne davke, ki lahko vklju\u010dujejo 5 % davek na dodano vrednost (GST) in dodatne pokrajinske davke na prodajo (PST), harmonizirani davek na prodajo (HST) ali davek na prodajo v Quebecu (QST), odvisno od va\u0161e province.<\/li>\n<\/ul>\n<p><strong>Samo za stranke iz EU:<\/strong> Ekspresno DDP (dostavljeno s pla\u010dano dajatvijo). To pomeni: <\/p>\n<ul>\n<li style=\"list-style-type: none;\">\n<ul>\n<li>Vse carine in davki so vklju\u010deni v ceno, prikazano na strani izdelka.<\/li>\n<li>Ob dostavi vam ne bo treba pla\u010dati nobenih dodatnih stro\u0161kov.<\/li>\n<li>V redkih primerih te\u017eav, povezanih s carino, bo na\u0161a ekipa v va\u0161em imenu opravila postopek carinjenja in zagotovila nemoteno dostavo.<\/li>\n<p>Pomembne informacije o vra\u010dilih:<\/p>\n<li>\u010ce se odlo\u010dite vrniti naro\u010dilo ali zahtevate vra\u010dilo, se morate zavedati, da davkov in dajatev, pla\u010danih v va\u0161em imenu pod pogoji DDP, ni mogo\u010de vrniti.<\/li>\n<p>Oglejte si na\u0161e<\/ul>\n<\/li>\n<\/ul>\n<p><a href=\"https:\/\/droix.net\/terms-and-conditions\/\" target=\"_blank\" rel=\"nofollow noopener\">Pogoji in dolo\u010dila<\/a><\/p>\n<ul>za podrobne informacije.<\/ul>\n<p>[\/cg_accordion] [cg_accordion title=\"PODPORA STRANKAM\"]  Imate vpra\u0161anje? Samo kratko besedilo nas lo\u010di od re\u0161itve va\u0161ega vpra\u0161anja!  Podrobne informacije so na voljo v na\u0161ih <a href=\"https:\/\/gpdstore.net\/en-gb\/terms-of-service\/\" target=\"_blank\" rel=\"nofollow noopener\">pogojih in dolo\u010dilih<\/a>.  [\/cg_accordion] [cg_accordion title=\"KAJ JE VKLJU\u010cENO\"]<\/p>\n<ul>\n<li>1x GPD Pocket 3<\/li>\n<li>1x napajalnik<\/li>\n<li>1x kabel USB tipa C<\/li>\n<li>1x uporabni\u0161ki priro\u010dnik<\/li>\n<li>1x pisalo GPD<\/li>\n<\/ul>\n<p>[\/cg_accordion]<\/p>\n","protected":false},"featured_media":30791,"template":"","meta":{"_acf_changed":false},"product_brand":[],"product_cat":[6606,8666,8667],"product_tag":[14463,8668],"woo-feed-brand":[5638],"class_list":{"0":"post-193561","1":"product","2":"type-product","3":"status-publish","4":"has-post-thumbnail","6":"product_cat-prenosni-racunalniki-gpd-mini-sl","7":"product_cat-prenosni-racunalniki","8":"product_cat-tablicni-racunalnik-laptop","9":"product_tag-8xmsale-sl","10":"product_tag-gpd-pocket-3-sl","11":"product_shipping_class-premium","12":"pa_bluetooth-5-sl","13":"pa_brand-gpd","14":"pa_display-type-h-ips-sl","15":"pa_graphics-gpu-model-core-i3-1125g4-grafika-uhd-sl","16":"pa_graphics-gpu-model-core-i7-1195g7-iris-xe-graphics-sl","17":"pa_graphics-gpu-model-pentium-gold-7505-grafika-uhd-sl","18":"pa_i-o-video-1x-hdmi-2-0b-sl","19":"pa_i-o-video-prek-1x-usb-4-0-type-c-40gb-s","20":"pa_memory-ram-capacity-16-gb-sl","21":"pa_memory-ram-capacity-8-gb-sl","22":"pa_memory-ram-technology-lpddr4x-sl","23":"pa_processor-cpu-model-intel-core-i3-1125g4","24":"pa_processor-cpu-model-intel-core-i7-1195g7","25":"pa_processor-cpu-model-intel-pentium-gold-7505","26":"pa_processor-cpu-model-pentium-silver-n6000","27":"pa_storage-capacity-1-tb-sl","28":"pa_storage-capacity-512-gb-sl","29":"pa_wi-fi-wi-fi-6-sl","30":"woo-feed-brand-gpd-sl","32":"first","33":"instock","34":"sale","35":"taxable","36":"shipping-taxable","37":"purchasable","38":"product-type-variable","39":"has-default-attributes"},"acf":[],"aioseo_notices":[],"_links":{"self":[{"href":"https:\/\/gpdstore.net\/sl\/wp-json\/wp\/v2\/product\/193561","targetHints":{"allow":["GET"]}}],"collection":[{"href":"https:\/\/gpdstore.net\/sl\/wp-json\/wp\/v2\/product"}],"about":[{"href":"https:\/\/gpdstore.net\/sl\/wp-json\/wp\/v2\/types\/product"}],"wp:featuredmedia":[{"embeddable":true,"href":"https:\/\/gpdstore.net\/sl\/wp-json\/wp\/v2\/media\/30791"}],"wp:attachment":[{"href":"https:\/\/gpdstore.net\/sl\/wp-json\/wp\/v2\/media?parent=193561"}],"wp:term":[{"taxonomy":"product_brand","embeddable":true,"href":"https:\/\/gpdstore.net\/sl\/wp-json\/wp\/v2\/product_brand?post=193561"},{"taxonomy":"product_cat","embeddable":true,"href":"https:\/\/gpdstore.net\/sl\/wp-json\/wp\/v2\/product_cat?post=193561"},{"taxonomy":"product_tag","embeddable":true,"href":"https:\/\/gpdstore.net\/sl\/wp-json\/wp\/v2\/product_tag?post=193561"},{"taxonomy":"woo-feed-brand","embeddable":true,"href":"https:\/\/gpdstore.net\/sl\/wp-json\/wp\/v2\/woo-feed-brand?post=193561"}],"curies":[{"name":"wp","href":"https:\/\/api.w.org\/{rel}","templated":true}]}}