{"id":190602,"date":"2023-03-24T18:47:23","date_gmt":"2023-03-24T18:47:23","guid":{"rendered":"https:\/\/gpdstore.net\/nekategorizirano\/gpd-win-4-igralni-rocni-racunalnik\/"},"modified":"2025-12-23T10:37:10","modified_gmt":"2025-12-23T10:37:10","slug":"gpd-win-4","status":"publish","type":"product","link":"https:\/\/gpdstore.net\/sl\/product\/gpd-win-4\/","title":{"rendered":"GPD WIN 4 igralni ro\u010dni ra\u010dunalnik"},"content":{"rendered":"\n<p>\u010ce ste navdu\u0161eni igri\u010dar, ki rad igra igre na poti, boste z veseljem izvedeli za najnovej\u0161i ro\u010dni igralni ra\u010dunalnik podjetja GPD, GPD WIN 4. Ta naprava bo s svojo kompaktno velikostjo in zmogljivimi specifikacijami zagotovo navdu\u0161ila tudi najzahtevnej\u0161e igralce. <\/p>\n\n<p>Z dimenzijami le 8,6 \u00d7 3,6 \u00d7 1,10 palca (22,0 \u00d7 9,2 \u00d7 2,8 cm) in te\u017eo le pribli\u017eno 570 g je GPD WIN 4 neverjetno prenosen. \u0160e manj\u0161i je od predhodnika GPD WIN 3, zato ga zlahka pospravite v manj\u0161o torbo ali \u017eep jakne in ga vzemite s seboj, kamor koli greste. <\/p>\n\n<p>Ena od izstopajo\u010dih zna\u010dilnosti GPD WIN 4 je procesor AMD Ryzen 7 6800U z osmimi jedri in \u0161estnajstimi nitmi, ki deluje do 4,7 GHz @ 28 W TDP. Ta skupaj s procesorjem Radeon 680M s frekvenco do 2,2 GHz omogo\u010da nemoteno igranje najnovej\u0161ih iger AAA za Windows na tem prenosnem igri\u010darskem ra\u010dunalniku pri igralnih nastavitvah. Ne glede na to, ali vas zanimajo prvoosebne strelske igre, igre igranja vlog ali \u0161portne simulacije, vam je GPD WIN 4 na voljo.  <\/p>\n\n<p>Glede pomnilnika in shrambe GPD WIN 4 ponuja izbiro med 16 GB ali 32 GB RAM LPDDR5-6400 MT in do 2 TB hitrega SSD s podporo do M.2 PCIe 4.0 NVMe 2280 SSD. To pomeni, da boste imeli na voljo veliko prostora za shranjevanje iger in drugih datotek, zaradi bliskovite hitrosti branja in pisanja SSD pa vam ne bo treba dolgo \u010dakati na nalaganje iger.  <\/p>\n\n<p>GPD WIN 4 se pona\u0161a tudi s hitrim brez\u017ei\u010dnim povezovanjem s standardoma 802.11 a\/b\/g\/n\/ac\/ax WiFi 6 in Bluetooth 5.2. \u010ce ste na poti in potrebujete dostop do interneta, lahko kupite lo\u010deno prodajani priklju\u010dni modul, ki podpira kartice nano-sim 4G LTE za mobilne podatke. <\/p>\n\n<p>Naprava ima 6-pal\u010dni zaslon na dotik H-IPS z izvirno lo\u010dljivostjo 1920&#215;1080, ki podpira 40 Hz in 60 Hz za nastavljivo hitrost sli\u010dic. To zagotavlja, da bodo starej\u0161e igre na napravi GPD WIN 4 tekle nemoteno, brez te\u017eav z vrtenjem zaslona, ki se lahko pojavijo pri drugih ro\u010dnih ra\u010dunalnikih. <\/p>\n\n<p>Spletna stran GPD WIN 4 ponuja tudi impresivno krmiljenje in oblikovno shemo, ki spominja na Sonyjev PSP, z dvojnim senzorjem Hall, klasi\u010dnim D-padom in linearnimi analognimi spro\u017eilnimi gumbi z osvetlitvijo LED. Poleg tega sta na hrbtni strani naprave dva gumba za prilagajanje, s katerima lahko nastavite upravljanje, kot vam je v\u0161e\u010d. <\/p>\n\n<p>\u010ce \u017eelite zmogljivost ra\u010dunalnika GPD WIN 4 \u0161e pove\u010dati, lahko zunanjo grafi\u010dno kartico (eGPU) priklju\u010dite prek hitrih vrat USB 4, ki podpira hitrost do 40 Gb\/s. Naprava ima tudi vrata USB 3.2 Gen 2 za prenos podatkov in polnjenje ter vrata USB Type-A za dodatne periferne naprave. <\/p>\n\n<p>S 45,62Wh li-polimerno baterijo lahko GPD WIN 4 zdr\u017ei do 10 ur pri lahki uporabi, 3-6 ur pri zmerni uporabi in pribli\u017eno 2 uri pri intenzivni uporabi. To pomeni, da lahko svoje najljub\u0161e igre igrate na poti, ne da bi vas skrbelo, da vam bo zmanjkalo energije. <\/p>\n\n<p>GPD WIN 4 je zelo prenosna igralna naprava, ki je kot nala\u0161\u010d za igranje iger na poti. Ne glede na to, ali se vozite v slu\u017ebo, potujete ali se samo spro\u0161\u010date doma, vam bo ta prenosni igralni ra\u010dunalnik zagotovo zagotovil ure zabave. Zakaj ga ne bi izbrali \u0161e danes in izkusili vrhunske igre AAA  <\/p>\n","protected":false},"excerpt":{"rendered":"<ul>\n<li><strong>AMD Ryzen 7 6800U<\/strong> \/ AMD Radeon 680M<\/li>\n<li><strong>do 32 GB<\/strong> LPDDR5 @ 6400 MT\/s<\/li>\n<li><strong>do 2 TB hitrega<\/strong> PCI-E M <strong>.2 2280 SSD<\/strong> <\/li>\n<li><strong>6-pal\u010dni<\/strong> zaslon <strong>na dotik s tehnologijo H-IPS<\/strong> <\/li>\n<li>Podpora za <strong>WiFi 6<\/strong> in <strong>Bluetooth 5.2<\/strong>  <\/li>\n<\/ul>\n<p><img fetchpriority=\"high\" decoding=\"async\" src=\"https:\/\/gpdstore.net\/wp-content\/uploads\/2024\/03\/WIN-4-FREE-GIFTS.jpg\" alt=\"\" width=\"2000\" height=\"500\" class=\"alignnone size-full wp-image-4175\" srcset=\"https:\/\/gpdstore.net\/wp-content\/uploads\/2024\/03\/WIN-4-FREE-GIFTS.jpg 2000w, https:\/\/gpdstore.net\/wp-content\/uploads\/2024\/03\/WIN-4-FREE-GIFTS-600x150.jpg 600w, https:\/\/gpdstore.net\/wp-content\/uploads\/2024\/03\/WIN-4-FREE-GIFTS-1200x300.jpg 1200w, https:\/\/gpdstore.net\/wp-content\/uploads\/2024\/03\/WIN-4-FREE-GIFTS-768x192.jpg 768w, https:\/\/gpdstore.net\/wp-content\/uploads\/2024\/03\/WIN-4-FREE-GIFTS-1536x384.jpg 1536w, https:\/\/gpdstore.net\/wp-content\/uploads\/2024\/03\/WIN-4-FREE-GIFTS-360x90.jpg 360w, https:\/\/gpdstore.net\/wp-content\/uploads\/2024\/03\/WIN-4-FREE-GIFTS-990x248.jpg 990w, https:\/\/gpdstore.net\/wp-content\/uploads\/2024\/03\/WIN-4-FREE-GIFTS-441x110.jpg 441w, https:\/\/gpdstore.net\/wp-content\/uploads\/2024\/03\/WIN-4-FREE-GIFTS-150x38.jpg 150w\" sizes=\"(max-width: 2000px) 100vw, 2000px\" \/><\/p>\n[cg_accordion title=\"INFORMACIJE O PLA\u010cILU\"]<\/p>\n<p>Uporabljamo najnovej\u0161o tehnologijo za obdelavo pla\u010dil, ki vam omogo\u010da, da se na blagajno prijavite s svojo debetno\/kreditno kartico ali storitvijo PayPal, kar zagotavlja hitro in varno izku\u0161njo.[\/cg_accordion]\n[cg_accordion title=\"GARANCIJA\"]<\/p>\n<p>2 leti garancije <a href=\"https:\/\/droix.net\/\" target=\"_blank\" rel=\"nofollow noopener\">DROIX Global za<\/a> va\u0161 mir[\/cg_accordion]\n[cg_accordion title=\"ZAGOTAVLJANJE KAKOVOSTI IN TESTIRANJE PRED ODPREMO\"]<\/p>\n<p>Zagotavljanje zadovoljstva strank na najvi\u0161ji ravni: Vsaka naprava je pred odpremo strogo preizku\u0161ena in preverjena v ve\u010d to\u010dkah za zagotavljanje kakovosti. Na\u0161a predana ekipa preveri delovanje, funkcionalnost in celovitost komponent, s \u010dimer zagotovimo, da bo va\u0161a naprava GPD ob prihodu v popolnem delovnem stanju, kar vam zagotavlja zaupanje in mir v du\u0161i. [\/cg_accordion]\n[cg_accordion title=\"CENE, DAVKI IN PO\u0160ILJANJE\"]<\/p>\n<p><strong><u>Opomba:<\/u><\/strong><\/p>\n<ul>\n<li>Zdru\u017eene dr\u017eave Amerike Kupci: Prikazana cena NE vklju\u010duje davka in dajatev. Odgovornost za carinjenje in pla\u010dilo vseh povezanih davkov\/carin nosi kupec. <\/li>\n<li>Stranke iz EU: Prikazana cena vklju\u010duje veljavni davek, ki lahko zna\u0161a do 25 %, odvisno od va\u0161e dr\u017eave.<\/li>\n<li>Kanada Kupci: Prikazana cena vklju\u010duje veljavne davke, ki lahko vklju\u010dujejo 5 % davek na dodano vrednost (GST) in dodatne pokrajinske davke na prodajo (PST), harmonizirani davek na prodajo (HST) ali davek na prodajo v Quebecu (QST), odvisno od va\u0161e province.<\/li>\n<\/ul>\n<p><strong>Samo za stranke iz EU:<\/strong> Ekspresno DDP (dostavljeno s pla\u010dano dajatvijo). To pomeni: <\/p>\n<ul>\n<li>Vse carine in davki so vklju\u010deni v ceno, prikazano na strani izdelka.<\/li>\n<li>Ob dostavi vam ne bo treba pla\u010dati nobenih dodatnih stro\u0161kov.<\/li>\n<li>V redkih primerih te\u017eav, povezanih s carino, bo na\u0161a ekipa v va\u0161em imenu opravila postopek carinjenja in zagotovila nemoteno dostavo.<\/li>\n<p>Pomembne informacije o vra\u010dilih:<\/p>\n<li>\u010ce se odlo\u010dite vrniti naro\u010dilo ali zahtevate vra\u010dilo, se morate zavedati, da davkov in dajatev, pla\u010danih v va\u0161em imenu pod pogoji DDP, ni mogo\u010de vrniti.<\/li>\n<p>Podrobne informacije <a href=\"https:\/\/droix.net\/terms-and-conditions\/\" target=\"_blank\" rel=\"nofollow noopener\">so na voljo v na\u0161ih Pogojih in dolo\u010dilih<\/a>.\n<\/ul>\n<p>[\/cg_accordion]\n[cg_accordion title=\"PODPORA STRANKAM\"]<\/p>\n<p>Imate vpra\u0161anje? Samo kratko besedilo nas lo\u010di od re\u0161itve va\u0161ega vpra\u0161anja! <\/p>\n<p>Podrobne informacije <a href=\"https:\/\/gpdstore.net\/sl\/terms-of-service\/\" target=\"_blank\" rel=\"nofollow noopener\">so na voljo v na\u0161ih Pogojih in dolo\u010dilih<\/a>.\n<\/ul>\n<p>[\/cg_accordion]\n[cg_accordion title=\"KAJ JE VKLJU\u010cENO\"]<\/p>\n<ul>\n<li>1x GPD WIN 4<\/li>\n<li>1x napajalnik<\/li>\n<li>1x kabel USB tipa C<\/li>\n<li>1x uporabni\u0161ki priro\u010dnik<\/li>\n<\/ul>\n<p>[\/cg_accordion]\n","protected":false},"featured_media":190639,"template":"","meta":{"_acf_changed":false},"product_brand":[],"product_cat":[5635],"product_tag":[7835,6702],"woo-feed-brand":[5638],"class_list":{"0":"post-190602","1":"product","2":"type-product","3":"status-publish","4":"has-post-thumbnail","6":"product_cat-rocni-racunalnik-gpd-za-igranje-iger","7":"product_tag-10gpdsale-sl","8":"product_tag-gpd-win-4-sl","9":"product_shipping_class-premium","10":"pa_bluetooth-5-2-sl","11":"pa_display-type-h-ips-sl","12":"pa_graphics-gpu-model-radeon-680m-sl","13":"pa_i-o-video-prek-1x-usb-4-0-type-c-40gb-s","14":"pa_memory-ram-capacity-16-gb-sl","15":"pa_memory-ram-capacity-32-gb-sl","16":"pa_memory-ram-technology-lpddr5-sl","17":"pa_processor-cpu-model-ryzen-7-6800u","18":"pa_storage-capacity-512-gb-sl","19":"pa_storage-capacity-1-tb-sl","20":"pa_storage-capacity-2tb-sl-2","21":"pa_wi-fi-wi-fi-6-sl","22":"woo-feed-brand-gpd-sl","24":"first","25":"outofstock","26":"sale","27":"taxable","28":"shipping-taxable","29":"purchasable","30":"product-type-variable","31":"has-default-attributes"},"acf":[],"aioseo_notices":[],"_links":{"self":[{"href":"https:\/\/gpdstore.net\/sl\/wp-json\/wp\/v2\/product\/190602","targetHints":{"allow":["GET"]}}],"collection":[{"href":"https:\/\/gpdstore.net\/sl\/wp-json\/wp\/v2\/product"}],"about":[{"href":"https:\/\/gpdstore.net\/sl\/wp-json\/wp\/v2\/types\/product"}],"wp:featuredmedia":[{"embeddable":true,"href":"https:\/\/gpdstore.net\/sl\/wp-json\/wp\/v2\/media\/190639"}],"wp:attachment":[{"href":"https:\/\/gpdstore.net\/sl\/wp-json\/wp\/v2\/media?parent=190602"}],"wp:term":[{"taxonomy":"product_brand","embeddable":true,"href":"https:\/\/gpdstore.net\/sl\/wp-json\/wp\/v2\/product_brand?post=190602"},{"taxonomy":"product_cat","embeddable":true,"href":"https:\/\/gpdstore.net\/sl\/wp-json\/wp\/v2\/product_cat?post=190602"},{"taxonomy":"product_tag","embeddable":true,"href":"https:\/\/gpdstore.net\/sl\/wp-json\/wp\/v2\/product_tag?post=190602"},{"taxonomy":"woo-feed-brand","embeddable":true,"href":"https:\/\/gpdstore.net\/sl\/wp-json\/wp\/v2\/woo-feed-brand?post=190602"}],"curies":[{"name":"wp","href":"https:\/\/api.w.org\/{rel}","templated":true}]}}